{"id":1063,"date":"2016-06-21T21:41:34","date_gmt":"2016-06-21T19:41:34","guid":{"rendered":"http:\/\/www.lohschule-datteln.de\/?page_id=1063"},"modified":"2016-06-26T12:10:52","modified_gmt":"2016-06-26T10:10:52","slug":"von-klein-auf","status":"publish","type":"page","link":"https:\/\/www.lohschule-datteln.de\/index.php\/von-klein-auf\/","title":{"rendered":"Projekt &#8222;von klein auf&#8220;"},"content":{"rendered":"<h2>Die Gelsenwasser-Stiftung f\u00f6rdert ausgew\u00e4hlte Projekte<\/h2>\n<h5><span style=\"color: #000000;\">Die Lohschule beteiligt sich am diesj\u00e4hrigen Projekt \u201evon klein auf\u201c der Gelsenwasser-Stiftung.<\/span><\/h5>\n<p>&nbsp;<\/p>\n<p>Mit unserem Projektvorschlag \u201eLohschule bewegt sich \u2013 spielend \u00dcberg\u00e4nge gestalten\u201c hoffen wir, die Jury im August 2016 zu \u00fcberzeugen und F\u00f6rdergelder f\u00fcr das Projekt und die damit verbundene Aufstockung unseres Spielzeugbestandes zu erhalten.<\/p>\n<p>&nbsp;<\/p>\n<p><img loading=\"lazy\" decoding=\"async\" class=\"aligncenter size-full wp-image-1067\" src=\"https:\/\/www.lohschule-datteln.de\/wp-content\/uploads\/2016\/06\/Gelsenwasser.jpg\" alt=\"\" width=\"448\" height=\"244\" \/><\/p>\n<p>&nbsp;<\/p>\n<p>Auf dem Bild sieht man stellvertretend f\u00fcr das ganze 4. Schuljahr, das traditionell unsere Spielzeuggarage betreut und verwaltet, die Klasse 4a mit der ausgewerteten Spielzeug-Hitliste.<\/p>\n<p>Im Rahmen des Projektantrages haben n\u00e4mlich schon einmal alle Kinder der Lohschule dar\u00fcber abgestimmt, was sie sich an Spielzeugen f\u00fcr das Projekt und unsere Spielzeuggarage w\u00fcnschen w\u00fcrden. Hier sei schon einmal so viel verraten, dass Roller, Rollbretter und \u201ePferde-Geschirre\u201c ganz oben auf der Hitliste stehen&#8230;.<\/p>\n<p>Also bitte unbedingt die Daumen dr\u00fccken, damit die W\u00fcnsche vielleicht schon im n\u00e4chsten Schuljahr wahr werden k\u00f6nnen.<\/p>\n<p>&nbsp;<\/p>\n<p><a href=\"https:\/\/www.lohschule-datteln.de\/wp-content\/uploads\/2016\/06\/spiele.jpg\"><img loading=\"lazy\" decoding=\"async\" class=\"aligncenter size-full wp-image-1074\" src=\"https:\/\/www.lohschule-datteln.de\/wp-content\/uploads\/2016\/06\/spiele.jpg\" alt=\"\" width=\"114\" height=\"448\" \/><\/a><\/p>\n<p>&nbsp;<\/p>\n<p>&nbsp;<\/p>\n<p>Ab Ende Juni h\u00e4ngt die Hitliste im Haupteingangsbereich aus.<\/p>\n<p>&nbsp;<\/p>\n<p>&nbsp;<\/p>\n<p>&nbsp;<\/p>\n","protected":false},"excerpt":{"rendered":"<p>Die Gelsenwasser-Stiftung f\u00f6rdert ausgew\u00e4hlte Projekte Die Lohschule beteiligt sich am diesj\u00e4hrigen Projekt \u201evon klein auf\u201c der Gelsenwasser-Stiftung. &nbsp; Mit unserem Projektvorschlag \u201eLohschule bewegt sich \u2013 spielend \u00dcberg\u00e4nge gestalten\u201c hoffen wir, die Jury im August 2016 zu \u00fcberzeugen und F\u00f6rdergelder f\u00fcr das Projekt und die damit verbundene Aufstockung unseres Spielzeugbestandes zu erhalten. &nbsp; &nbsp; Auf dem [&hellip;]<\/p>\n","protected":false},"author":3,"featured_media":0,"parent":0,"menu_order":0,"comment_status":"closed","ping_status":"closed","template":"","meta":{"footnotes":""},"class_list":["post-1063","page","type-page","status-publish","hentry"],"yoast_head":"<!-- This site is optimized with the Yoast SEO plugin v27.3 - https:\/\/yoast.com\/product\/yoast-seo-wordpress\/ -->\n<title>Projekt &quot;von klein auf&quot; - Lohschule Datteln<\/title>\n<meta name=\"robots\" content=\"index, follow, max-snippet:-1, max-image-preview:large, max-video-preview:-1\" \/>\n<link rel=\"canonical\" href=\"https:\/\/www.lohschule-datteln.de\/index.php\/von-klein-auf\/\" \/>\n<meta property=\"og:locale\" content=\"de_DE\" \/>\n<meta property=\"og:type\" content=\"article\" \/>\n<meta property=\"og:title\" content=\"Projekt &quot;von klein auf&quot; - Lohschule Datteln\" \/>\n<meta property=\"og:description\" content=\"Die Gelsenwasser-Stiftung f\u00f6rdert ausgew\u00e4hlte Projekte Die Lohschule beteiligt sich am diesj\u00e4hrigen Projekt \u201evon klein auf\u201c der Gelsenwasser-Stiftung. &nbsp; Mit unserem Projektvorschlag \u201eLohschule bewegt sich \u2013 spielend \u00dcberg\u00e4nge gestalten\u201c hoffen wir, die Jury im August 2016 zu \u00fcberzeugen und F\u00f6rdergelder f\u00fcr das Projekt und die damit verbundene Aufstockung unseres Spielzeugbestandes zu erhalten. &nbsp; &nbsp; Auf dem [&hellip;]\" \/>\n<meta property=\"og:url\" content=\"https:\/\/www.lohschule-datteln.de\/index.php\/von-klein-auf\/\" \/>\n<meta property=\"og:site_name\" content=\"Lohschule Datteln\" \/>\n<meta property=\"article:modified_time\" content=\"2016-06-26T10:10:52+00:00\" \/>\n<meta property=\"og:image\" content=\"http:\/\/www.lohschule-datteln.de\/wp-content\/uploads\/2016\/06\/Gelsenwasser.jpg\" \/>\n<meta name=\"twitter:card\" content=\"summary_large_image\" \/>\n<meta name=\"twitter:label1\" content=\"Gesch\u00e4tzte Lesezeit\" \/>\n\t<meta name=\"twitter:data1\" content=\"1\u00a0Minute\" \/>\n<script type=\"application\/ld+json\" class=\"yoast-schema-graph\">{\"@context\":\"https:\\\/\\\/schema.org\",\"@graph\":[{\"@type\":\"WebPage\",\"@id\":\"https:\\\/\\\/www.lohschule-datteln.de\\\/index.php\\\/von-klein-auf\\\/\",\"url\":\"https:\\\/\\\/www.lohschule-datteln.de\\\/index.php\\\/von-klein-auf\\\/\",\"name\":\"Projekt \\\"von klein auf\\\" - Lohschule Datteln\",\"isPartOf\":{\"@id\":\"https:\\\/\\\/www.lohschule-datteln.de\\\/#website\"},\"primaryImageOfPage\":{\"@id\":\"https:\\\/\\\/www.lohschule-datteln.de\\\/index.php\\\/von-klein-auf\\\/#primaryimage\"},\"image\":{\"@id\":\"https:\\\/\\\/www.lohschule-datteln.de\\\/index.php\\\/von-klein-auf\\\/#primaryimage\"},\"thumbnailUrl\":\"http:\\\/\\\/www.lohschule-datteln.de\\\/wp-content\\\/uploads\\\/2016\\\/06\\\/Gelsenwasser.jpg\",\"datePublished\":\"2016-06-21T19:41:34+00:00\",\"dateModified\":\"2016-06-26T10:10:52+00:00\",\"breadcrumb\":{\"@id\":\"https:\\\/\\\/www.lohschule-datteln.de\\\/index.php\\\/von-klein-auf\\\/#breadcrumb\"},\"inLanguage\":\"de\",\"potentialAction\":[{\"@type\":\"ReadAction\",\"target\":[\"https:\\\/\\\/www.lohschule-datteln.de\\\/index.php\\\/von-klein-auf\\\/\"]}]},{\"@type\":\"ImageObject\",\"inLanguage\":\"de\",\"@id\":\"https:\\\/\\\/www.lohschule-datteln.de\\\/index.php\\\/von-klein-auf\\\/#primaryimage\",\"url\":\"http:\\\/\\\/www.lohschule-datteln.de\\\/wp-content\\\/uploads\\\/2016\\\/06\\\/Gelsenwasser.jpg\",\"contentUrl\":\"http:\\\/\\\/www.lohschule-datteln.de\\\/wp-content\\\/uploads\\\/2016\\\/06\\\/Gelsenwasser.jpg\"},{\"@type\":\"BreadcrumbList\",\"@id\":\"https:\\\/\\\/www.lohschule-datteln.de\\\/index.php\\\/von-klein-auf\\\/#breadcrumb\",\"itemListElement\":[{\"@type\":\"ListItem\",\"position\":1,\"name\":\"Startseite\",\"item\":\"https:\\\/\\\/www.lohschule-datteln.de\\\/\"},{\"@type\":\"ListItem\",\"position\":2,\"name\":\"Projekt &#8222;von klein auf&#8220;\"}]},{\"@type\":\"WebSite\",\"@id\":\"https:\\\/\\\/www.lohschule-datteln.de\\\/#website\",\"url\":\"https:\\\/\\\/www.lohschule-datteln.de\\\/\",\"name\":\"Lohschule Datteln\",\"description\":\"kath. Grundschule\",\"publisher\":{\"@id\":\"https:\\\/\\\/www.lohschule-datteln.de\\\/#organization\"},\"potentialAction\":[{\"@type\":\"SearchAction\",\"target\":{\"@type\":\"EntryPoint\",\"urlTemplate\":\"https:\\\/\\\/www.lohschule-datteln.de\\\/?s={search_term_string}\"},\"query-input\":{\"@type\":\"PropertyValueSpecification\",\"valueRequired\":true,\"valueName\":\"search_term_string\"}}],\"inLanguage\":\"de\"},{\"@type\":\"Organization\",\"@id\":\"https:\\\/\\\/www.lohschule-datteln.de\\\/#organization\",\"name\":\"Lohschule -katholische Grundschule Datteln\",\"url\":\"https:\\\/\\\/www.lohschule-datteln.de\\\/\",\"logo\":{\"@type\":\"ImageObject\",\"inLanguage\":\"de\",\"@id\":\"https:\\\/\\\/www.lohschule-datteln.de\\\/#\\\/schema\\\/logo\\\/image\\\/\",\"url\":\"http:\\\/\\\/www.lohschule-datteln.de\\\/wp-content\\\/uploads\\\/2016\\\/02\\\/Loh-neu-2016.jpg\",\"contentUrl\":\"http:\\\/\\\/www.lohschule-datteln.de\\\/wp-content\\\/uploads\\\/2016\\\/02\\\/Loh-neu-2016.jpg\",\"width\":448,\"height\":252,\"caption\":\"Lohschule -katholische Grundschule Datteln\"},\"image\":{\"@id\":\"https:\\\/\\\/www.lohschule-datteln.de\\\/#\\\/schema\\\/logo\\\/image\\\/\"}}]}<\/script>\n<!-- \/ Yoast SEO plugin. -->","yoast_head_json":{"title":"Projekt \"von klein auf\" - Lohschule Datteln","robots":{"index":"index","follow":"follow","max-snippet":"max-snippet:-1","max-image-preview":"max-image-preview:large","max-video-preview":"max-video-preview:-1"},"canonical":"https:\/\/www.lohschule-datteln.de\/index.php\/von-klein-auf\/","og_locale":"de_DE","og_type":"article","og_title":"Projekt \"von klein auf\" - Lohschule Datteln","og_description":"Die Gelsenwasser-Stiftung f\u00f6rdert ausgew\u00e4hlte Projekte Die Lohschule beteiligt sich am diesj\u00e4hrigen Projekt \u201evon klein auf\u201c der Gelsenwasser-Stiftung. &nbsp; Mit unserem Projektvorschlag \u201eLohschule bewegt sich \u2013 spielend \u00dcberg\u00e4nge gestalten\u201c hoffen wir, die Jury im August 2016 zu \u00fcberzeugen und F\u00f6rdergelder f\u00fcr das Projekt und die damit verbundene Aufstockung unseres Spielzeugbestandes zu erhalten. &nbsp; &nbsp; Auf dem [&hellip;]","og_url":"https:\/\/www.lohschule-datteln.de\/index.php\/von-klein-auf\/","og_site_name":"Lohschule Datteln","article_modified_time":"2016-06-26T10:10:52+00:00","og_image":[{"url":"http:\/\/www.lohschule-datteln.de\/wp-content\/uploads\/2016\/06\/Gelsenwasser.jpg","type":"","width":"","height":""}],"twitter_card":"summary_large_image","twitter_misc":{"Gesch\u00e4tzte Lesezeit":"1\u00a0Minute"},"schema":{"@context":"https:\/\/schema.org","@graph":[{"@type":"WebPage","@id":"https:\/\/www.lohschule-datteln.de\/index.php\/von-klein-auf\/","url":"https:\/\/www.lohschule-datteln.de\/index.php\/von-klein-auf\/","name":"Projekt \"von klein auf\" - Lohschule Datteln","isPartOf":{"@id":"https:\/\/www.lohschule-datteln.de\/#website"},"primaryImageOfPage":{"@id":"https:\/\/www.lohschule-datteln.de\/index.php\/von-klein-auf\/#primaryimage"},"image":{"@id":"https:\/\/www.lohschule-datteln.de\/index.php\/von-klein-auf\/#primaryimage"},"thumbnailUrl":"http:\/\/www.lohschule-datteln.de\/wp-content\/uploads\/2016\/06\/Gelsenwasser.jpg","datePublished":"2016-06-21T19:41:34+00:00","dateModified":"2016-06-26T10:10:52+00:00","breadcrumb":{"@id":"https:\/\/www.lohschule-datteln.de\/index.php\/von-klein-auf\/#breadcrumb"},"inLanguage":"de","potentialAction":[{"@type":"ReadAction","target":["https:\/\/www.lohschule-datteln.de\/index.php\/von-klein-auf\/"]}]},{"@type":"ImageObject","inLanguage":"de","@id":"https:\/\/www.lohschule-datteln.de\/index.php\/von-klein-auf\/#primaryimage","url":"http:\/\/www.lohschule-datteln.de\/wp-content\/uploads\/2016\/06\/Gelsenwasser.jpg","contentUrl":"http:\/\/www.lohschule-datteln.de\/wp-content\/uploads\/2016\/06\/Gelsenwasser.jpg"},{"@type":"BreadcrumbList","@id":"https:\/\/www.lohschule-datteln.de\/index.php\/von-klein-auf\/#breadcrumb","itemListElement":[{"@type":"ListItem","position":1,"name":"Startseite","item":"https:\/\/www.lohschule-datteln.de\/"},{"@type":"ListItem","position":2,"name":"Projekt &#8222;von klein auf&#8220;"}]},{"@type":"WebSite","@id":"https:\/\/www.lohschule-datteln.de\/#website","url":"https:\/\/www.lohschule-datteln.de\/","name":"Lohschule Datteln","description":"kath. Grundschule","publisher":{"@id":"https:\/\/www.lohschule-datteln.de\/#organization"},"potentialAction":[{"@type":"SearchAction","target":{"@type":"EntryPoint","urlTemplate":"https:\/\/www.lohschule-datteln.de\/?s={search_term_string}"},"query-input":{"@type":"PropertyValueSpecification","valueRequired":true,"valueName":"search_term_string"}}],"inLanguage":"de"},{"@type":"Organization","@id":"https:\/\/www.lohschule-datteln.de\/#organization","name":"Lohschule -katholische Grundschule Datteln","url":"https:\/\/www.lohschule-datteln.de\/","logo":{"@type":"ImageObject","inLanguage":"de","@id":"https:\/\/www.lohschule-datteln.de\/#\/schema\/logo\/image\/","url":"http:\/\/www.lohschule-datteln.de\/wp-content\/uploads\/2016\/02\/Loh-neu-2016.jpg","contentUrl":"http:\/\/www.lohschule-datteln.de\/wp-content\/uploads\/2016\/02\/Loh-neu-2016.jpg","width":448,"height":252,"caption":"Lohschule -katholische Grundschule Datteln"},"image":{"@id":"https:\/\/www.lohschule-datteln.de\/#\/schema\/logo\/image\/"}}]}},"_links":{"self":[{"href":"https:\/\/www.lohschule-datteln.de\/index.php\/wp-json\/wp\/v2\/pages\/1063","targetHints":{"allow":["GET"]}}],"collection":[{"href":"https:\/\/www.lohschule-datteln.de\/index.php\/wp-json\/wp\/v2\/pages"}],"about":[{"href":"https:\/\/www.lohschule-datteln.de\/index.php\/wp-json\/wp\/v2\/types\/page"}],"author":[{"embeddable":true,"href":"https:\/\/www.lohschule-datteln.de\/index.php\/wp-json\/wp\/v2\/users\/3"}],"replies":[{"embeddable":true,"href":"https:\/\/www.lohschule-datteln.de\/index.php\/wp-json\/wp\/v2\/comments?post=1063"}],"version-history":[{"count":14,"href":"https:\/\/www.lohschule-datteln.de\/index.php\/wp-json\/wp\/v2\/pages\/1063\/revisions"}],"predecessor-version":[{"id":1145,"href":"https:\/\/www.lohschule-datteln.de\/index.php\/wp-json\/wp\/v2\/pages\/1063\/revisions\/1145"}],"wp:attachment":[{"href":"https:\/\/www.lohschule-datteln.de\/index.php\/wp-json\/wp\/v2\/media?parent=1063"}],"curies":[{"name":"wp","href":"https:\/\/api.w.org\/{rel}","templated":true}]}}