{"id":11657,"date":"2021-11-08T20:15:52","date_gmt":"2021-11-08T19:15:52","guid":{"rendered":"http:\/\/www.lohschule-datteln.de\/?page_id=11657"},"modified":"2021-11-09T21:53:25","modified_gmt":"2021-11-09T20:53:25","slug":"butterbrot-projekt","status":"publish","type":"page","link":"https:\/\/www.lohschule-datteln.de\/index.php\/butterbrot-projekt\/","title":{"rendered":"Butterbrot-Projekt"},"content":{"rendered":"\n<h2 class=\"wp-block-heading\">Start unseres &#8222;ButterBrot f\u00fcr ALLE Kinder&#8220;-Projektes<\/h2>\n\n\n\n<p><span class=\"has-inline-color has-cyan-bluish-gray-color\">Am 08. November 2021 startete an der Lohschule in Zusammenarbeit mit dem SkF Ostvest e.V. das Projekt &#8222;ButterBrot f\u00fcr ALLE Kinder&#8220;. Schon um 7.00 Uhr trafen sich einige helfende H\u00e4nde aus der Elternschaft und der St. Amandus Gemeinde in der K\u00fcche der OGS der Lohschule. Nun wurden flei\u00dfig Butterbrote mit K\u00e4se, Gefl\u00fcgelsalami und Gefl\u00fcgelmortadella zubereitet und diese gemeinsam mit \u00c4pfeln und Mandarinen am Fenster der OGS aufgebaut. Schon um 7.30 Uhr kam das 1. Kind der Lohschule, um sich eine Brott\u00fcte zusammenzustellen. Zu dem Brot und dem Obst, das die Kinder sich aussuchen konnten, gab es noch einen Fruchtriegel und einen kleinen Saft. Nach und nach trudelten immer mehr Kinder auf dem Schulgel\u00e4nde ein und freuten sich ebenfalls \u00fcber dieses tolle Angebot. Schon nach dem 1. Starttag konnten die flei\u00dfigen Helferinnen und Helfer auf rund 50 ausgegebene T\u00fcten zur\u00fcckblicken. Toll, das versuchen wir erst einmal f\u00fcr die Kinder der Lohschule fortzuf\u00fchren !!!<\/span><\/p>\n\n\n\n<figure class=\"wp-block-gallery columns-2 is-cropped wp-block-gallery-1 is-layout-flex wp-block-gallery-is-layout-flex\"><ul class=\"blocks-gallery-grid\"><li class=\"blocks-gallery-item\"><figure><img loading=\"lazy\" decoding=\"async\" width=\"600\" height=\"450\" src=\"https:\/\/www.lohschule-datteln.de\/wp-content\/uploads\/2021\/11\/1.jpg\" alt=\"\" data-id=\"11662\" class=\"wp-image-11662\" srcset=\"https:\/\/www.lohschule-datteln.de\/wp-content\/uploads\/2021\/11\/1.jpg 600w, https:\/\/www.lohschule-datteln.de\/wp-content\/uploads\/2021\/11\/1-300x225.jpg 300w\" sizes=\"auto, (max-width: 600px) 100vw, 600px\" \/><\/figure><\/li><li class=\"blocks-gallery-item\"><figure><img loading=\"lazy\" decoding=\"async\" width=\"600\" height=\"450\" src=\"https:\/\/www.lohschule-datteln.de\/wp-content\/uploads\/2021\/11\/2.jpg\" alt=\"\" data-id=\"11663\" data-link=\"https:\/\/www.lohschule-datteln.de\/index.php\/butterbrot-projekt\/attachment\/2\/\" class=\"wp-image-11663\" srcset=\"https:\/\/www.lohschule-datteln.de\/wp-content\/uploads\/2021\/11\/2.jpg 600w, https:\/\/www.lohschule-datteln.de\/wp-content\/uploads\/2021\/11\/2-300x225.jpg 300w\" sizes=\"auto, (max-width: 600px) 100vw, 600px\" \/><\/figure><\/li><li class=\"blocks-gallery-item\"><figure><img loading=\"lazy\" decoding=\"async\" width=\"600\" height=\"800\" src=\"https:\/\/www.lohschule-datteln.de\/wp-content\/uploads\/2021\/11\/3.jpg\" alt=\"\" data-id=\"11664\" data-link=\"https:\/\/www.lohschule-datteln.de\/index.php\/butterbrot-projekt\/attachment\/3\/\" class=\"wp-image-11664\" srcset=\"https:\/\/www.lohschule-datteln.de\/wp-content\/uploads\/2021\/11\/3.jpg 600w, https:\/\/www.lohschule-datteln.de\/wp-content\/uploads\/2021\/11\/3-225x300.jpg 225w\" sizes=\"auto, (max-width: 600px) 100vw, 600px\" \/><\/figure><\/li><li class=\"blocks-gallery-item\"><figure><img loading=\"lazy\" decoding=\"async\" width=\"600\" height=\"450\" src=\"https:\/\/www.lohschule-datteln.de\/wp-content\/uploads\/2021\/11\/4.jpg\" alt=\"\" data-id=\"11665\" data-full-url=\"https:\/\/www.lohschule-datteln.de\/wp-content\/uploads\/2021\/11\/4.jpg\" data-link=\"https:\/\/www.lohschule-datteln.de\/index.php\/butterbrot-projekt\/attachment\/4\/\" class=\"wp-image-11665\" srcset=\"https:\/\/www.lohschule-datteln.de\/wp-content\/uploads\/2021\/11\/4.jpg 600w, https:\/\/www.lohschule-datteln.de\/wp-content\/uploads\/2021\/11\/4-300x225.jpg 300w\" sizes=\"auto, (max-width: 600px) 100vw, 600px\" \/><\/figure><\/li><\/ul><\/figure>\n","protected":false},"excerpt":{"rendered":"<p>Start unseres &#8222;ButterBrot f\u00fcr ALLE Kinder&#8220;-Projektes Am 08. November 2021 startete an der Lohschule in Zusammenarbeit mit dem SkF Ostvest e.V. das Projekt &#8222;ButterBrot f\u00fcr ALLE Kinder&#8220;. Schon um 7.00 Uhr trafen sich einige helfende H\u00e4nde aus der Elternschaft und der St. Amandus Gemeinde in der K\u00fcche der OGS der Lohschule. Nun wurden flei\u00dfig Butterbrote [&hellip;]<\/p>\n","protected":false},"author":3,"featured_media":0,"parent":0,"menu_order":0,"comment_status":"closed","ping_status":"closed","template":"","meta":{"footnotes":""},"class_list":["post-11657","page","type-page","status-publish","hentry"],"yoast_head":"<!-- This site is optimized with the Yoast SEO plugin v27.5 - https:\/\/yoast.com\/product\/yoast-seo-wordpress\/ -->\n<title>Butterbrot-Projekt - Lohschule Datteln<\/title>\n<meta name=\"robots\" content=\"index, follow, max-snippet:-1, max-image-preview:large, max-video-preview:-1\" \/>\n<link rel=\"canonical\" href=\"https:\/\/www.lohschule-datteln.de\/index.php\/butterbrot-projekt\/\" \/>\n<meta property=\"og:locale\" content=\"de_DE\" \/>\n<meta property=\"og:type\" content=\"article\" \/>\n<meta property=\"og:title\" content=\"Butterbrot-Projekt - Lohschule Datteln\" \/>\n<meta property=\"og:description\" content=\"Start unseres &#8222;ButterBrot f\u00fcr ALLE Kinder&#8220;-Projektes Am 08. November 2021 startete an der Lohschule in Zusammenarbeit mit dem SkF Ostvest e.V. das Projekt &#8222;ButterBrot f\u00fcr ALLE Kinder&#8220;. Schon um 7.00 Uhr trafen sich einige helfende H\u00e4nde aus der Elternschaft und der St. Amandus Gemeinde in der K\u00fcche der OGS der Lohschule. Nun wurden flei\u00dfig Butterbrote [&hellip;]\" \/>\n<meta property=\"og:url\" content=\"https:\/\/www.lohschule-datteln.de\/index.php\/butterbrot-projekt\/\" \/>\n<meta property=\"og:site_name\" content=\"Lohschule Datteln\" \/>\n<meta property=\"article:modified_time\" content=\"2021-11-09T20:53:25+00:00\" \/>\n<meta property=\"og:image\" content=\"http:\/\/www.lohschule-datteln.de\/wp-content\/uploads\/2021\/11\/1.jpg\" \/>\n<meta name=\"twitter:card\" content=\"summary_large_image\" \/>\n<meta name=\"twitter:label1\" content=\"Gesch\u00e4tzte Lesezeit\" \/>\n\t<meta name=\"twitter:data1\" content=\"2\u00a0Minuten\" \/>\n<script type=\"application\/ld+json\" class=\"yoast-schema-graph\">{\"@context\":\"https:\\\/\\\/schema.org\",\"@graph\":[{\"@type\":\"WebPage\",\"@id\":\"https:\\\/\\\/www.lohschule-datteln.de\\\/index.php\\\/butterbrot-projekt\\\/\",\"url\":\"https:\\\/\\\/www.lohschule-datteln.de\\\/index.php\\\/butterbrot-projekt\\\/\",\"name\":\"Butterbrot-Projekt - Lohschule Datteln\",\"isPartOf\":{\"@id\":\"https:\\\/\\\/www.lohschule-datteln.de\\\/#website\"},\"primaryImageOfPage\":{\"@id\":\"https:\\\/\\\/www.lohschule-datteln.de\\\/index.php\\\/butterbrot-projekt\\\/#primaryimage\"},\"image\":{\"@id\":\"https:\\\/\\\/www.lohschule-datteln.de\\\/index.php\\\/butterbrot-projekt\\\/#primaryimage\"},\"thumbnailUrl\":\"http:\\\/\\\/www.lohschule-datteln.de\\\/wp-content\\\/uploads\\\/2021\\\/11\\\/1.jpg\",\"datePublished\":\"2021-11-08T19:15:52+00:00\",\"dateModified\":\"2021-11-09T20:53:25+00:00\",\"breadcrumb\":{\"@id\":\"https:\\\/\\\/www.lohschule-datteln.de\\\/index.php\\\/butterbrot-projekt\\\/#breadcrumb\"},\"inLanguage\":\"de\",\"potentialAction\":[{\"@type\":\"ReadAction\",\"target\":[\"https:\\\/\\\/www.lohschule-datteln.de\\\/index.php\\\/butterbrot-projekt\\\/\"]}]},{\"@type\":\"ImageObject\",\"inLanguage\":\"de\",\"@id\":\"https:\\\/\\\/www.lohschule-datteln.de\\\/index.php\\\/butterbrot-projekt\\\/#primaryimage\",\"url\":\"http:\\\/\\\/www.lohschule-datteln.de\\\/wp-content\\\/uploads\\\/2021\\\/11\\\/1.jpg\",\"contentUrl\":\"http:\\\/\\\/www.lohschule-datteln.de\\\/wp-content\\\/uploads\\\/2021\\\/11\\\/1.jpg\"},{\"@type\":\"BreadcrumbList\",\"@id\":\"https:\\\/\\\/www.lohschule-datteln.de\\\/index.php\\\/butterbrot-projekt\\\/#breadcrumb\",\"itemListElement\":[{\"@type\":\"ListItem\",\"position\":1,\"name\":\"Startseite\",\"item\":\"https:\\\/\\\/www.lohschule-datteln.de\\\/\"},{\"@type\":\"ListItem\",\"position\":2,\"name\":\"Butterbrot-Projekt\"}]},{\"@type\":\"WebSite\",\"@id\":\"https:\\\/\\\/www.lohschule-datteln.de\\\/#website\",\"url\":\"https:\\\/\\\/www.lohschule-datteln.de\\\/\",\"name\":\"Lohschule Datteln\",\"description\":\"kath. Grundschule\",\"publisher\":{\"@id\":\"https:\\\/\\\/www.lohschule-datteln.de\\\/#organization\"},\"potentialAction\":[{\"@type\":\"SearchAction\",\"target\":{\"@type\":\"EntryPoint\",\"urlTemplate\":\"https:\\\/\\\/www.lohschule-datteln.de\\\/?s={search_term_string}\"},\"query-input\":{\"@type\":\"PropertyValueSpecification\",\"valueRequired\":true,\"valueName\":\"search_term_string\"}}],\"inLanguage\":\"de\"},{\"@type\":\"Organization\",\"@id\":\"https:\\\/\\\/www.lohschule-datteln.de\\\/#organization\",\"name\":\"Lohschule -katholische Grundschule Datteln\",\"url\":\"https:\\\/\\\/www.lohschule-datteln.de\\\/\",\"logo\":{\"@type\":\"ImageObject\",\"inLanguage\":\"de\",\"@id\":\"https:\\\/\\\/www.lohschule-datteln.de\\\/#\\\/schema\\\/logo\\\/image\\\/\",\"url\":\"http:\\\/\\\/www.lohschule-datteln.de\\\/wp-content\\\/uploads\\\/2016\\\/02\\\/Loh-neu-2016.jpg\",\"contentUrl\":\"http:\\\/\\\/www.lohschule-datteln.de\\\/wp-content\\\/uploads\\\/2016\\\/02\\\/Loh-neu-2016.jpg\",\"width\":448,\"height\":252,\"caption\":\"Lohschule -katholische Grundschule Datteln\"},\"image\":{\"@id\":\"https:\\\/\\\/www.lohschule-datteln.de\\\/#\\\/schema\\\/logo\\\/image\\\/\"}}]}<\/script>\n<!-- \/ Yoast SEO plugin. -->","yoast_head_json":{"title":"Butterbrot-Projekt - Lohschule Datteln","robots":{"index":"index","follow":"follow","max-snippet":"max-snippet:-1","max-image-preview":"max-image-preview:large","max-video-preview":"max-video-preview:-1"},"canonical":"https:\/\/www.lohschule-datteln.de\/index.php\/butterbrot-projekt\/","og_locale":"de_DE","og_type":"article","og_title":"Butterbrot-Projekt - Lohschule Datteln","og_description":"Start unseres &#8222;ButterBrot f\u00fcr ALLE Kinder&#8220;-Projektes Am 08. November 2021 startete an der Lohschule in Zusammenarbeit mit dem SkF Ostvest e.V. das Projekt &#8222;ButterBrot f\u00fcr ALLE Kinder&#8220;. Schon um 7.00 Uhr trafen sich einige helfende H\u00e4nde aus der Elternschaft und der St. Amandus Gemeinde in der K\u00fcche der OGS der Lohschule. Nun wurden flei\u00dfig Butterbrote [&hellip;]","og_url":"https:\/\/www.lohschule-datteln.de\/index.php\/butterbrot-projekt\/","og_site_name":"Lohschule Datteln","article_modified_time":"2021-11-09T20:53:25+00:00","og_image":[{"url":"http:\/\/www.lohschule-datteln.de\/wp-content\/uploads\/2021\/11\/1.jpg","type":"","width":"","height":""}],"twitter_card":"summary_large_image","twitter_misc":{"Gesch\u00e4tzte Lesezeit":"2\u00a0Minuten"},"schema":{"@context":"https:\/\/schema.org","@graph":[{"@type":"WebPage","@id":"https:\/\/www.lohschule-datteln.de\/index.php\/butterbrot-projekt\/","url":"https:\/\/www.lohschule-datteln.de\/index.php\/butterbrot-projekt\/","name":"Butterbrot-Projekt - Lohschule Datteln","isPartOf":{"@id":"https:\/\/www.lohschule-datteln.de\/#website"},"primaryImageOfPage":{"@id":"https:\/\/www.lohschule-datteln.de\/index.php\/butterbrot-projekt\/#primaryimage"},"image":{"@id":"https:\/\/www.lohschule-datteln.de\/index.php\/butterbrot-projekt\/#primaryimage"},"thumbnailUrl":"http:\/\/www.lohschule-datteln.de\/wp-content\/uploads\/2021\/11\/1.jpg","datePublished":"2021-11-08T19:15:52+00:00","dateModified":"2021-11-09T20:53:25+00:00","breadcrumb":{"@id":"https:\/\/www.lohschule-datteln.de\/index.php\/butterbrot-projekt\/#breadcrumb"},"inLanguage":"de","potentialAction":[{"@type":"ReadAction","target":["https:\/\/www.lohschule-datteln.de\/index.php\/butterbrot-projekt\/"]}]},{"@type":"ImageObject","inLanguage":"de","@id":"https:\/\/www.lohschule-datteln.de\/index.php\/butterbrot-projekt\/#primaryimage","url":"http:\/\/www.lohschule-datteln.de\/wp-content\/uploads\/2021\/11\/1.jpg","contentUrl":"http:\/\/www.lohschule-datteln.de\/wp-content\/uploads\/2021\/11\/1.jpg"},{"@type":"BreadcrumbList","@id":"https:\/\/www.lohschule-datteln.de\/index.php\/butterbrot-projekt\/#breadcrumb","itemListElement":[{"@type":"ListItem","position":1,"name":"Startseite","item":"https:\/\/www.lohschule-datteln.de\/"},{"@type":"ListItem","position":2,"name":"Butterbrot-Projekt"}]},{"@type":"WebSite","@id":"https:\/\/www.lohschule-datteln.de\/#website","url":"https:\/\/www.lohschule-datteln.de\/","name":"Lohschule Datteln","description":"kath. Grundschule","publisher":{"@id":"https:\/\/www.lohschule-datteln.de\/#organization"},"potentialAction":[{"@type":"SearchAction","target":{"@type":"EntryPoint","urlTemplate":"https:\/\/www.lohschule-datteln.de\/?s={search_term_string}"},"query-input":{"@type":"PropertyValueSpecification","valueRequired":true,"valueName":"search_term_string"}}],"inLanguage":"de"},{"@type":"Organization","@id":"https:\/\/www.lohschule-datteln.de\/#organization","name":"Lohschule -katholische Grundschule Datteln","url":"https:\/\/www.lohschule-datteln.de\/","logo":{"@type":"ImageObject","inLanguage":"de","@id":"https:\/\/www.lohschule-datteln.de\/#\/schema\/logo\/image\/","url":"http:\/\/www.lohschule-datteln.de\/wp-content\/uploads\/2016\/02\/Loh-neu-2016.jpg","contentUrl":"http:\/\/www.lohschule-datteln.de\/wp-content\/uploads\/2016\/02\/Loh-neu-2016.jpg","width":448,"height":252,"caption":"Lohschule -katholische Grundschule Datteln"},"image":{"@id":"https:\/\/www.lohschule-datteln.de\/#\/schema\/logo\/image\/"}}]}},"_links":{"self":[{"href":"https:\/\/www.lohschule-datteln.de\/index.php\/wp-json\/wp\/v2\/pages\/11657","targetHints":{"allow":["GET"]}}],"collection":[{"href":"https:\/\/www.lohschule-datteln.de\/index.php\/wp-json\/wp\/v2\/pages"}],"about":[{"href":"https:\/\/www.lohschule-datteln.de\/index.php\/wp-json\/wp\/v2\/types\/page"}],"author":[{"embeddable":true,"href":"https:\/\/www.lohschule-datteln.de\/index.php\/wp-json\/wp\/v2\/users\/3"}],"replies":[{"embeddable":true,"href":"https:\/\/www.lohschule-datteln.de\/index.php\/wp-json\/wp\/v2\/comments?post=11657"}],"version-history":[{"count":4,"href":"https:\/\/www.lohschule-datteln.de\/index.php\/wp-json\/wp\/v2\/pages\/11657\/revisions"}],"predecessor-version":[{"id":11669,"href":"https:\/\/www.lohschule-datteln.de\/index.php\/wp-json\/wp\/v2\/pages\/11657\/revisions\/11669"}],"wp:attachment":[{"href":"https:\/\/www.lohschule-datteln.de\/index.php\/wp-json\/wp\/v2\/media?parent=11657"}],"curies":[{"name":"wp","href":"https:\/\/api.w.org\/{rel}","templated":true}]}}