{"id":11909,"date":"2022-03-01T20:29:48","date_gmt":"2022-03-01T19:29:48","guid":{"rendered":"https:\/\/www.lohschule-datteln.de\/?page_id=11909"},"modified":"2022-03-01T21:10:05","modified_gmt":"2022-03-01T20:10:05","slug":"karneval-2022","status":"publish","type":"page","link":"https:\/\/www.lohschule-datteln.de\/index.php\/karneval-2022\/","title":{"rendered":"Karneval 2022"},"content":{"rendered":"<h2>Eine kleine Ablenkung im Klassenraum: Lohschulkinder verkleiden sich&#8230;<\/h2>\n<p><span style=\"color: #008000;\">Am 25. Februar zeigten sich die Kinder und das Personal der Lohschule ganz verr\u00fcckt und bunt. P\u00fcnktlich zum Karnevalsfest in diesem Jahr durfte jeder und jede ein eigenes Kost\u00fcm pr\u00e4sentieren und f\u00fcr einen Schultag in eine andere Rolle schl\u00fcpfen. Man begegnete vielen Prinzessinnen, Piraten und Piratinnen, den verschiedensten Tieren, Polizisten und M\u00e4rchenfiguren. In den einzelnen Klassen wurde neben dem Unterricht gefeiert, gespielt und viel gelacht. Trotz des Wechsels von Sonne und Regen hatten alle viel Freude und konnten sich gut gelaunt in das lange Karnevalswochenende verabschieden.<\/span><\/p>\n<p><span style=\"color: #008000;\">Ein kleiner Eindruck aus den Klassen:<\/span><\/p>\n\n\n<figure class=\"wp-block-gallery columns-3 is-cropped wp-block-gallery-1 is-layout-flex wp-block-gallery-is-layout-flex\"><ul class=\"blocks-gallery-grid\"><li class=\"blocks-gallery-item\"><figure><img loading=\"lazy\" decoding=\"async\" width=\"600\" height=\"450\" src=\"https:\/\/www.lohschule-datteln.de\/wp-content\/uploads\/2022\/03\/1.jpg\" alt=\"\" data-id=\"11916\" data-link=\"https:\/\/www.lohschule-datteln.de\/index.php\/karneval-2022\/1-3\/\" class=\"wp-image-11916\" srcset=\"https:\/\/www.lohschule-datteln.de\/wp-content\/uploads\/2022\/03\/1.jpg 600w, https:\/\/www.lohschule-datteln.de\/wp-content\/uploads\/2022\/03\/1-300x225.jpg 300w\" sizes=\"auto, (max-width: 600px) 100vw, 600px\" \/><\/figure><\/li><li class=\"blocks-gallery-item\"><figure><img loading=\"lazy\" decoding=\"async\" width=\"600\" height=\"450\" src=\"https:\/\/www.lohschule-datteln.de\/wp-content\/uploads\/2022\/03\/2.jpg\" alt=\"\" data-id=\"11918\" data-link=\"https:\/\/www.lohschule-datteln.de\/index.php\/karneval-2022\/2-3\/\" class=\"wp-image-11918\" srcset=\"https:\/\/www.lohschule-datteln.de\/wp-content\/uploads\/2022\/03\/2.jpg 600w, https:\/\/www.lohschule-datteln.de\/wp-content\/uploads\/2022\/03\/2-300x225.jpg 300w\" sizes=\"auto, (max-width: 600px) 100vw, 600px\" \/><\/figure><\/li><li class=\"blocks-gallery-item\"><figure><img loading=\"lazy\" decoding=\"async\" width=\"600\" height=\"343\" src=\"https:\/\/www.lohschule-datteln.de\/wp-content\/uploads\/2022\/03\/3.jpeg\" alt=\"\" data-id=\"11930\" data-full-url=\"https:\/\/www.lohschule-datteln.de\/wp-content\/uploads\/2022\/03\/3.jpeg\" data-link=\"https:\/\/www.lohschule-datteln.de\/index.php\/karneval-2022\/3-4\/\" class=\"wp-image-11930\" srcset=\"https:\/\/www.lohschule-datteln.de\/wp-content\/uploads\/2022\/03\/3.jpeg 600w, https:\/\/www.lohschule-datteln.de\/wp-content\/uploads\/2022\/03\/3-300x172.jpeg 300w\" sizes=\"auto, (max-width: 600px) 100vw, 600px\" \/><\/figure><\/li><li class=\"blocks-gallery-item\"><figure><img loading=\"lazy\" decoding=\"async\" width=\"600\" height=\"450\" src=\"https:\/\/www.lohschule-datteln.de\/wp-content\/uploads\/2022\/03\/4.jpg\" alt=\"\" data-id=\"11920\" data-link=\"https:\/\/www.lohschule-datteln.de\/index.php\/karneval-2022\/4-3\/\" class=\"wp-image-11920\" srcset=\"https:\/\/www.lohschule-datteln.de\/wp-content\/uploads\/2022\/03\/4.jpg 600w, https:\/\/www.lohschule-datteln.de\/wp-content\/uploads\/2022\/03\/4-300x225.jpg 300w\" sizes=\"auto, (max-width: 600px) 100vw, 600px\" \/><\/figure><\/li><li class=\"blocks-gallery-item\"><figure><img loading=\"lazy\" decoding=\"async\" width=\"600\" height=\"450\" src=\"https:\/\/www.lohschule-datteln.de\/wp-content\/uploads\/2022\/03\/5.jpg\" alt=\"\" data-id=\"11921\" data-link=\"https:\/\/www.lohschule-datteln.de\/index.php\/karneval-2022\/5-2\/\" class=\"wp-image-11921\" srcset=\"https:\/\/www.lohschule-datteln.de\/wp-content\/uploads\/2022\/03\/5.jpg 600w, https:\/\/www.lohschule-datteln.de\/wp-content\/uploads\/2022\/03\/5-300x225.jpg 300w\" sizes=\"auto, (max-width: 600px) 100vw, 600px\" \/><\/figure><\/li><li class=\"blocks-gallery-item\"><figure><img loading=\"lazy\" decoding=\"async\" width=\"600\" height=\"450\" src=\"https:\/\/www.lohschule-datteln.de\/wp-content\/uploads\/2022\/03\/6.jpg\" alt=\"\" data-id=\"11922\" data-link=\"https:\/\/www.lohschule-datteln.de\/index.php\/karneval-2022\/6-2\/\" class=\"wp-image-11922\" srcset=\"https:\/\/www.lohschule-datteln.de\/wp-content\/uploads\/2022\/03\/6.jpg 600w, https:\/\/www.lohschule-datteln.de\/wp-content\/uploads\/2022\/03\/6-300x225.jpg 300w\" sizes=\"auto, (max-width: 600px) 100vw, 600px\" \/><\/figure><\/li><li class=\"blocks-gallery-item\"><figure><img loading=\"lazy\" decoding=\"async\" width=\"600\" height=\"450\" src=\"https:\/\/www.lohschule-datteln.de\/wp-content\/uploads\/2022\/03\/7.jpg\" alt=\"\" data-id=\"11923\" data-link=\"https:\/\/www.lohschule-datteln.de\/index.php\/karneval-2022\/7-3\/\" class=\"wp-image-11923\" srcset=\"https:\/\/www.lohschule-datteln.de\/wp-content\/uploads\/2022\/03\/7.jpg 600w, https:\/\/www.lohschule-datteln.de\/wp-content\/uploads\/2022\/03\/7-300x225.jpg 300w\" sizes=\"auto, (max-width: 600px) 100vw, 600px\" \/><\/figure><\/li><li class=\"blocks-gallery-item\"><figure><img loading=\"lazy\" decoding=\"async\" width=\"600\" height=\"450\" src=\"https:\/\/www.lohschule-datteln.de\/wp-content\/uploads\/2022\/03\/8.jpg\" alt=\"\" data-id=\"11924\" data-link=\"https:\/\/www.lohschule-datteln.de\/index.php\/karneval-2022\/8-2\/\" class=\"wp-image-11924\" srcset=\"https:\/\/www.lohschule-datteln.de\/wp-content\/uploads\/2022\/03\/8.jpg 600w, https:\/\/www.lohschule-datteln.de\/wp-content\/uploads\/2022\/03\/8-300x225.jpg 300w\" sizes=\"auto, (max-width: 600px) 100vw, 600px\" \/><\/figure><\/li><li class=\"blocks-gallery-item\"><figure><img loading=\"lazy\" decoding=\"async\" width=\"600\" height=\"450\" src=\"https:\/\/www.lohschule-datteln.de\/wp-content\/uploads\/2022\/03\/9.jpg\" alt=\"\" data-id=\"11925\" data-link=\"https:\/\/www.lohschule-datteln.de\/index.php\/karneval-2022\/attachment\/9\/\" class=\"wp-image-11925\" srcset=\"https:\/\/www.lohschule-datteln.de\/wp-content\/uploads\/2022\/03\/9.jpg 600w, https:\/\/www.lohschule-datteln.de\/wp-content\/uploads\/2022\/03\/9-300x225.jpg 300w\" sizes=\"auto, (max-width: 600px) 100vw, 600px\" \/><\/figure><\/li><li class=\"blocks-gallery-item\"><figure><img loading=\"lazy\" decoding=\"async\" width=\"600\" height=\"450\" src=\"https:\/\/www.lohschule-datteln.de\/wp-content\/uploads\/2022\/03\/11.jpg\" alt=\"\" data-id=\"11927\" data-link=\"https:\/\/www.lohschule-datteln.de\/index.php\/karneval-2022\/attachment\/11\/\" class=\"wp-image-11927\" srcset=\"https:\/\/www.lohschule-datteln.de\/wp-content\/uploads\/2022\/03\/11.jpg 600w, https:\/\/www.lohschule-datteln.de\/wp-content\/uploads\/2022\/03\/11-300x225.jpg 300w\" sizes=\"auto, (max-width: 600px) 100vw, 600px\" \/><\/figure><\/li><li class=\"blocks-gallery-item\"><figure><img loading=\"lazy\" decoding=\"async\" width=\"600\" height=\"450\" src=\"https:\/\/www.lohschule-datteln.de\/wp-content\/uploads\/2022\/03\/12.jpg\" alt=\"\" data-id=\"11928\" data-link=\"https:\/\/www.lohschule-datteln.de\/index.php\/karneval-2022\/attachment\/12\/\" class=\"wp-image-11928\" srcset=\"https:\/\/www.lohschule-datteln.de\/wp-content\/uploads\/2022\/03\/12.jpg 600w, https:\/\/www.lohschule-datteln.de\/wp-content\/uploads\/2022\/03\/12-300x225.jpg 300w\" sizes=\"auto, (max-width: 600px) 100vw, 600px\" \/><\/figure><\/li><\/ul><\/figure>\n\n\n\n<div class=\"wp-block-image is-style-rounded\"><figure class=\"aligncenter size-full is-resized\"><img loading=\"lazy\" decoding=\"async\" src=\"https:\/\/www.lohschule-datteln.de\/wp-content\/uploads\/2022\/03\/10.jpg\" alt=\"\" class=\"wp-image-11926\" width=\"286\" height=\"381\" srcset=\"https:\/\/www.lohschule-datteln.de\/wp-content\/uploads\/2022\/03\/10.jpg 600w, https:\/\/www.lohschule-datteln.de\/wp-content\/uploads\/2022\/03\/10-225x300.jpg 225w\" sizes=\"auto, (max-width: 286px) 100vw, 286px\" \/><\/figure><\/div>\n","protected":false},"excerpt":{"rendered":"<p>Eine kleine Ablenkung im Klassenraum: Lohschulkinder verkleiden sich&#8230; Am 25. Februar zeigten sich die Kinder und das Personal der Lohschule ganz verr\u00fcckt und bunt. P\u00fcnktlich zum Karnevalsfest in diesem Jahr durfte jeder und jede ein eigenes Kost\u00fcm pr\u00e4sentieren und f\u00fcr einen Schultag in eine andere Rolle schl\u00fcpfen. Man begegnete vielen Prinzessinnen, Piraten und Piratinnen, den [&hellip;]<\/p>\n","protected":false},"author":3,"featured_media":0,"parent":0,"menu_order":0,"comment_status":"closed","ping_status":"closed","template":"","meta":{"footnotes":""},"class_list":["post-11909","page","type-page","status-publish","hentry"],"yoast_head":"<!-- This site is optimized with the Yoast SEO plugin v27.3 - https:\/\/yoast.com\/product\/yoast-seo-wordpress\/ -->\n<title>Karneval 2022 - Lohschule Datteln<\/title>\n<meta name=\"robots\" content=\"index, follow, max-snippet:-1, max-image-preview:large, max-video-preview:-1\" \/>\n<link rel=\"canonical\" href=\"https:\/\/www.lohschule-datteln.de\/index.php\/karneval-2022\/\" \/>\n<meta property=\"og:locale\" content=\"de_DE\" \/>\n<meta property=\"og:type\" content=\"article\" \/>\n<meta property=\"og:title\" content=\"Karneval 2022 - Lohschule Datteln\" \/>\n<meta property=\"og:description\" content=\"Eine kleine Ablenkung im Klassenraum: Lohschulkinder verkleiden sich&#8230; Am 25. Februar zeigten sich die Kinder und das Personal der Lohschule ganz verr\u00fcckt und bunt. P\u00fcnktlich zum Karnevalsfest in diesem Jahr durfte jeder und jede ein eigenes Kost\u00fcm pr\u00e4sentieren und f\u00fcr einen Schultag in eine andere Rolle schl\u00fcpfen. Man begegnete vielen Prinzessinnen, Piraten und Piratinnen, den [&hellip;]\" \/>\n<meta property=\"og:url\" content=\"https:\/\/www.lohschule-datteln.de\/index.php\/karneval-2022\/\" \/>\n<meta property=\"og:site_name\" content=\"Lohschule Datteln\" \/>\n<meta property=\"article:modified_time\" content=\"2022-03-01T20:10:05+00:00\" \/>\n<meta property=\"og:image\" content=\"https:\/\/www.lohschule-datteln.de\/wp-content\/uploads\/2022\/03\/1.jpg\" \/>\n<meta name=\"twitter:card\" content=\"summary_large_image\" \/>\n<meta name=\"twitter:label1\" content=\"Gesch\u00e4tzte Lesezeit\" \/>\n\t<meta name=\"twitter:data1\" content=\"3\u00a0Minuten\" \/>\n<script type=\"application\/ld+json\" class=\"yoast-schema-graph\">{\"@context\":\"https:\\\/\\\/schema.org\",\"@graph\":[{\"@type\":\"WebPage\",\"@id\":\"https:\\\/\\\/www.lohschule-datteln.de\\\/index.php\\\/karneval-2022\\\/\",\"url\":\"https:\\\/\\\/www.lohschule-datteln.de\\\/index.php\\\/karneval-2022\\\/\",\"name\":\"Karneval 2022 - Lohschule Datteln\",\"isPartOf\":{\"@id\":\"https:\\\/\\\/www.lohschule-datteln.de\\\/#website\"},\"primaryImageOfPage\":{\"@id\":\"https:\\\/\\\/www.lohschule-datteln.de\\\/index.php\\\/karneval-2022\\\/#primaryimage\"},\"image\":{\"@id\":\"https:\\\/\\\/www.lohschule-datteln.de\\\/index.php\\\/karneval-2022\\\/#primaryimage\"},\"thumbnailUrl\":\"https:\\\/\\\/www.lohschule-datteln.de\\\/wp-content\\\/uploads\\\/2022\\\/03\\\/1.jpg\",\"datePublished\":\"2022-03-01T19:29:48+00:00\",\"dateModified\":\"2022-03-01T20:10:05+00:00\",\"breadcrumb\":{\"@id\":\"https:\\\/\\\/www.lohschule-datteln.de\\\/index.php\\\/karneval-2022\\\/#breadcrumb\"},\"inLanguage\":\"de\",\"potentialAction\":[{\"@type\":\"ReadAction\",\"target\":[\"https:\\\/\\\/www.lohschule-datteln.de\\\/index.php\\\/karneval-2022\\\/\"]}]},{\"@type\":\"ImageObject\",\"inLanguage\":\"de\",\"@id\":\"https:\\\/\\\/www.lohschule-datteln.de\\\/index.php\\\/karneval-2022\\\/#primaryimage\",\"url\":\"https:\\\/\\\/www.lohschule-datteln.de\\\/wp-content\\\/uploads\\\/2022\\\/03\\\/1.jpg\",\"contentUrl\":\"https:\\\/\\\/www.lohschule-datteln.de\\\/wp-content\\\/uploads\\\/2022\\\/03\\\/1.jpg\",\"width\":600,\"height\":450},{\"@type\":\"BreadcrumbList\",\"@id\":\"https:\\\/\\\/www.lohschule-datteln.de\\\/index.php\\\/karneval-2022\\\/#breadcrumb\",\"itemListElement\":[{\"@type\":\"ListItem\",\"position\":1,\"name\":\"Startseite\",\"item\":\"https:\\\/\\\/www.lohschule-datteln.de\\\/\"},{\"@type\":\"ListItem\",\"position\":2,\"name\":\"Karneval 2022\"}]},{\"@type\":\"WebSite\",\"@id\":\"https:\\\/\\\/www.lohschule-datteln.de\\\/#website\",\"url\":\"https:\\\/\\\/www.lohschule-datteln.de\\\/\",\"name\":\"Lohschule Datteln\",\"description\":\"kath. Grundschule\",\"publisher\":{\"@id\":\"https:\\\/\\\/www.lohschule-datteln.de\\\/#organization\"},\"potentialAction\":[{\"@type\":\"SearchAction\",\"target\":{\"@type\":\"EntryPoint\",\"urlTemplate\":\"https:\\\/\\\/www.lohschule-datteln.de\\\/?s={search_term_string}\"},\"query-input\":{\"@type\":\"PropertyValueSpecification\",\"valueRequired\":true,\"valueName\":\"search_term_string\"}}],\"inLanguage\":\"de\"},{\"@type\":\"Organization\",\"@id\":\"https:\\\/\\\/www.lohschule-datteln.de\\\/#organization\",\"name\":\"Lohschule -katholische Grundschule Datteln\",\"url\":\"https:\\\/\\\/www.lohschule-datteln.de\\\/\",\"logo\":{\"@type\":\"ImageObject\",\"inLanguage\":\"de\",\"@id\":\"https:\\\/\\\/www.lohschule-datteln.de\\\/#\\\/schema\\\/logo\\\/image\\\/\",\"url\":\"http:\\\/\\\/www.lohschule-datteln.de\\\/wp-content\\\/uploads\\\/2016\\\/02\\\/Loh-neu-2016.jpg\",\"contentUrl\":\"http:\\\/\\\/www.lohschule-datteln.de\\\/wp-content\\\/uploads\\\/2016\\\/02\\\/Loh-neu-2016.jpg\",\"width\":448,\"height\":252,\"caption\":\"Lohschule -katholische Grundschule Datteln\"},\"image\":{\"@id\":\"https:\\\/\\\/www.lohschule-datteln.de\\\/#\\\/schema\\\/logo\\\/image\\\/\"}}]}<\/script>\n<!-- \/ Yoast SEO plugin. -->","yoast_head_json":{"title":"Karneval 2022 - Lohschule Datteln","robots":{"index":"index","follow":"follow","max-snippet":"max-snippet:-1","max-image-preview":"max-image-preview:large","max-video-preview":"max-video-preview:-1"},"canonical":"https:\/\/www.lohschule-datteln.de\/index.php\/karneval-2022\/","og_locale":"de_DE","og_type":"article","og_title":"Karneval 2022 - Lohschule Datteln","og_description":"Eine kleine Ablenkung im Klassenraum: Lohschulkinder verkleiden sich&#8230; Am 25. Februar zeigten sich die Kinder und das Personal der Lohschule ganz verr\u00fcckt und bunt. P\u00fcnktlich zum Karnevalsfest in diesem Jahr durfte jeder und jede ein eigenes Kost\u00fcm pr\u00e4sentieren und f\u00fcr einen Schultag in eine andere Rolle schl\u00fcpfen. Man begegnete vielen Prinzessinnen, Piraten und Piratinnen, den [&hellip;]","og_url":"https:\/\/www.lohschule-datteln.de\/index.php\/karneval-2022\/","og_site_name":"Lohschule Datteln","article_modified_time":"2022-03-01T20:10:05+00:00","og_image":[{"url":"https:\/\/www.lohschule-datteln.de\/wp-content\/uploads\/2022\/03\/1.jpg","type":"","width":"","height":""}],"twitter_card":"summary_large_image","twitter_misc":{"Gesch\u00e4tzte Lesezeit":"3\u00a0Minuten"},"schema":{"@context":"https:\/\/schema.org","@graph":[{"@type":"WebPage","@id":"https:\/\/www.lohschule-datteln.de\/index.php\/karneval-2022\/","url":"https:\/\/www.lohschule-datteln.de\/index.php\/karneval-2022\/","name":"Karneval 2022 - Lohschule Datteln","isPartOf":{"@id":"https:\/\/www.lohschule-datteln.de\/#website"},"primaryImageOfPage":{"@id":"https:\/\/www.lohschule-datteln.de\/index.php\/karneval-2022\/#primaryimage"},"image":{"@id":"https:\/\/www.lohschule-datteln.de\/index.php\/karneval-2022\/#primaryimage"},"thumbnailUrl":"https:\/\/www.lohschule-datteln.de\/wp-content\/uploads\/2022\/03\/1.jpg","datePublished":"2022-03-01T19:29:48+00:00","dateModified":"2022-03-01T20:10:05+00:00","breadcrumb":{"@id":"https:\/\/www.lohschule-datteln.de\/index.php\/karneval-2022\/#breadcrumb"},"inLanguage":"de","potentialAction":[{"@type":"ReadAction","target":["https:\/\/www.lohschule-datteln.de\/index.php\/karneval-2022\/"]}]},{"@type":"ImageObject","inLanguage":"de","@id":"https:\/\/www.lohschule-datteln.de\/index.php\/karneval-2022\/#primaryimage","url":"https:\/\/www.lohschule-datteln.de\/wp-content\/uploads\/2022\/03\/1.jpg","contentUrl":"https:\/\/www.lohschule-datteln.de\/wp-content\/uploads\/2022\/03\/1.jpg","width":600,"height":450},{"@type":"BreadcrumbList","@id":"https:\/\/www.lohschule-datteln.de\/index.php\/karneval-2022\/#breadcrumb","itemListElement":[{"@type":"ListItem","position":1,"name":"Startseite","item":"https:\/\/www.lohschule-datteln.de\/"},{"@type":"ListItem","position":2,"name":"Karneval 2022"}]},{"@type":"WebSite","@id":"https:\/\/www.lohschule-datteln.de\/#website","url":"https:\/\/www.lohschule-datteln.de\/","name":"Lohschule Datteln","description":"kath. Grundschule","publisher":{"@id":"https:\/\/www.lohschule-datteln.de\/#organization"},"potentialAction":[{"@type":"SearchAction","target":{"@type":"EntryPoint","urlTemplate":"https:\/\/www.lohschule-datteln.de\/?s={search_term_string}"},"query-input":{"@type":"PropertyValueSpecification","valueRequired":true,"valueName":"search_term_string"}}],"inLanguage":"de"},{"@type":"Organization","@id":"https:\/\/www.lohschule-datteln.de\/#organization","name":"Lohschule -katholische Grundschule Datteln","url":"https:\/\/www.lohschule-datteln.de\/","logo":{"@type":"ImageObject","inLanguage":"de","@id":"https:\/\/www.lohschule-datteln.de\/#\/schema\/logo\/image\/","url":"http:\/\/www.lohschule-datteln.de\/wp-content\/uploads\/2016\/02\/Loh-neu-2016.jpg","contentUrl":"http:\/\/www.lohschule-datteln.de\/wp-content\/uploads\/2016\/02\/Loh-neu-2016.jpg","width":448,"height":252,"caption":"Lohschule -katholische Grundschule Datteln"},"image":{"@id":"https:\/\/www.lohschule-datteln.de\/#\/schema\/logo\/image\/"}}]}},"_links":{"self":[{"href":"https:\/\/www.lohschule-datteln.de\/index.php\/wp-json\/wp\/v2\/pages\/11909","targetHints":{"allow":["GET"]}}],"collection":[{"href":"https:\/\/www.lohschule-datteln.de\/index.php\/wp-json\/wp\/v2\/pages"}],"about":[{"href":"https:\/\/www.lohschule-datteln.de\/index.php\/wp-json\/wp\/v2\/types\/page"}],"author":[{"embeddable":true,"href":"https:\/\/www.lohschule-datteln.de\/index.php\/wp-json\/wp\/v2\/users\/3"}],"replies":[{"embeddable":true,"href":"https:\/\/www.lohschule-datteln.de\/index.php\/wp-json\/wp\/v2\/comments?post=11909"}],"version-history":[{"count":8,"href":"https:\/\/www.lohschule-datteln.de\/index.php\/wp-json\/wp\/v2\/pages\/11909\/revisions"}],"predecessor-version":[{"id":11934,"href":"https:\/\/www.lohschule-datteln.de\/index.php\/wp-json\/wp\/v2\/pages\/11909\/revisions\/11934"}],"wp:attachment":[{"href":"https:\/\/www.lohschule-datteln.de\/index.php\/wp-json\/wp\/v2\/media?parent=11909"}],"curies":[{"name":"wp","href":"https:\/\/api.w.org\/{rel}","templated":true}]}}