{"id":11948,"date":"2022-03-07T20:28:06","date_gmt":"2022-03-07T19:28:06","guid":{"rendered":"https:\/\/www.lohschule-datteln.de\/?page_id=11948"},"modified":"2022-03-07T21:23:18","modified_gmt":"2022-03-07T20:23:18","slug":"aktion-fuer-den-frieden","status":"publish","type":"page","link":"https:\/\/www.lohschule-datteln.de\/index.php\/aktion-fuer-den-frieden\/","title":{"rendered":"Aktion f\u00fcr den Frieden"},"content":{"rendered":"<h2>Friedensaktion an der Lohschule<\/h2>\n<p><span style=\"color: #008000;\">Am 07. M\u00e4rz 2022 haben alle Sch\u00fclerinnen und Sch\u00fcler und das Kollegium gemeinsam auf dem Schulhof der Lohschule ein gro\u00dfes Herz ausgestellt. Die Kinder und das Team der Lohschule wollten so ein Friedenszeichen f\u00fcr den laufenden Krieg in der Ukraine setzen. Nach einigen begr\u00fc\u00dfenden Worten durch die Schulleiterin Frau Schneider haben die Kinder in vielen verschiedenen Sprachen (z.B. polnisch, russisch, arabisch, t\u00fcrkisch, italienisch, englisch, rum\u00e4nisch) Friedensw\u00fcnsche ausgesprochen. Im Anschluss daran haben alle gemeinsam von Udo Lindenberg &#8222;Komm wir ziehen in den Frieden&#8220; gesungen. Dieser Moment, indem dann auch noch eine Friedenstaube in den Himmel stieg, hat sowohl Gro\u00df als auch Klein eine G\u00e4nsehaut beschert. Was f\u00fcr eine sch\u00f6ne Aktion f\u00fcr den hoffentlich baldigen Frieden auf der ganzen Welt !<\/span><\/p>\n<div id='gallery-1' class='gallery galleryid-11948 gallery-columns-1 gallery-size-large'><figure class='gallery-item'>\n\t\t\t<div class='gallery-icon landscape'>\n\t\t\t\t<a href='https:\/\/www.lohschule-datteln.de\/index.php\/aktion-fuer-den-frieden\/1-4\/'><img loading=\"lazy\" decoding=\"async\" width=\"600\" height=\"400\" src=\"https:\/\/www.lohschule-datteln.de\/wp-content\/uploads\/2022\/03\/1-1.jpg\" class=\"attachment-large size-large\" alt=\"\" srcset=\"https:\/\/www.lohschule-datteln.de\/wp-content\/uploads\/2022\/03\/1-1.jpg 600w, https:\/\/www.lohschule-datteln.de\/wp-content\/uploads\/2022\/03\/1-1-300x200.jpg 300w\" sizes=\"auto, (max-width: 600px) 100vw, 600px\" \/><\/a>\n\t\t\t<\/div><\/figure><figure class='gallery-item'>\n\t\t\t<div class='gallery-icon landscape'>\n\t\t\t\t<a href='https:\/\/www.lohschule-datteln.de\/index.php\/aktion-fuer-den-frieden\/2-4\/'><img loading=\"lazy\" decoding=\"async\" width=\"600\" height=\"400\" src=\"https:\/\/www.lohschule-datteln.de\/wp-content\/uploads\/2022\/03\/2-1.jpg\" class=\"attachment-large size-large\" alt=\"\" srcset=\"https:\/\/www.lohschule-datteln.de\/wp-content\/uploads\/2022\/03\/2-1.jpg 600w, https:\/\/www.lohschule-datteln.de\/wp-content\/uploads\/2022\/03\/2-1-300x200.jpg 300w\" sizes=\"auto, (max-width: 600px) 100vw, 600px\" \/><\/a>\n\t\t\t<\/div><\/figure><figure class='gallery-item'>\n\t\t\t<div class='gallery-icon landscape'>\n\t\t\t\t<a href='https:\/\/www.lohschule-datteln.de\/index.php\/aktion-fuer-den-frieden\/3-5\/'><img loading=\"lazy\" decoding=\"async\" width=\"600\" height=\"400\" src=\"https:\/\/www.lohschule-datteln.de\/wp-content\/uploads\/2022\/03\/3-1.jpg\" class=\"attachment-large size-large\" alt=\"\" srcset=\"https:\/\/www.lohschule-datteln.de\/wp-content\/uploads\/2022\/03\/3-1.jpg 600w, https:\/\/www.lohschule-datteln.de\/wp-content\/uploads\/2022\/03\/3-1-300x200.jpg 300w\" sizes=\"auto, (max-width: 600px) 100vw, 600px\" \/><\/a>\n\t\t\t<\/div><\/figure><figure class='gallery-item'>\n\t\t\t<div class='gallery-icon landscape'>\n\t\t\t\t<a href='https:\/\/www.lohschule-datteln.de\/index.php\/aktion-fuer-den-frieden\/6-3\/'><img loading=\"lazy\" decoding=\"async\" width=\"600\" height=\"400\" src=\"https:\/\/www.lohschule-datteln.de\/wp-content\/uploads\/2022\/03\/6-1.jpg\" class=\"attachment-large size-large\" alt=\"\" srcset=\"https:\/\/www.lohschule-datteln.de\/wp-content\/uploads\/2022\/03\/6-1.jpg 600w, https:\/\/www.lohschule-datteln.de\/wp-content\/uploads\/2022\/03\/6-1-300x200.jpg 300w\" sizes=\"auto, (max-width: 600px) 100vw, 600px\" \/><\/a>\n\t\t\t<\/div><\/figure><figure class='gallery-item'>\n\t\t\t<div class='gallery-icon landscape'>\n\t\t\t\t<a href='https:\/\/www.lohschule-datteln.de\/index.php\/aktion-fuer-den-frieden\/4-4\/'><img loading=\"lazy\" decoding=\"async\" width=\"600\" height=\"400\" src=\"https:\/\/www.lohschule-datteln.de\/wp-content\/uploads\/2022\/03\/4-1.jpg\" class=\"attachment-large size-large\" alt=\"\" srcset=\"https:\/\/www.lohschule-datteln.de\/wp-content\/uploads\/2022\/03\/4-1.jpg 600w, https:\/\/www.lohschule-datteln.de\/wp-content\/uploads\/2022\/03\/4-1-300x200.jpg 300w\" sizes=\"auto, (max-width: 600px) 100vw, 600px\" \/><\/a>\n\t\t\t<\/div><\/figure><figure class='gallery-item'>\n\t\t\t<div class='gallery-icon landscape'>\n\t\t\t\t<a href='https:\/\/www.lohschule-datteln.de\/index.php\/aktion-fuer-den-frieden\/7-4\/'><img loading=\"lazy\" decoding=\"async\" width=\"600\" height=\"400\" src=\"https:\/\/www.lohschule-datteln.de\/wp-content\/uploads\/2022\/03\/7-1.jpg\" class=\"attachment-large size-large\" alt=\"\" srcset=\"https:\/\/www.lohschule-datteln.de\/wp-content\/uploads\/2022\/03\/7-1.jpg 600w, https:\/\/www.lohschule-datteln.de\/wp-content\/uploads\/2022\/03\/7-1-300x200.jpg 300w\" sizes=\"auto, (max-width: 600px) 100vw, 600px\" \/><\/a>\n\t\t\t<\/div><\/figure><figure class='gallery-item'>\n\t\t\t<div class='gallery-icon portrait'>\n\t\t\t\t<a href='https:\/\/www.lohschule-datteln.de\/index.php\/aktion-fuer-den-frieden\/9-2\/'><img loading=\"lazy\" decoding=\"async\" width=\"600\" height=\"900\" src=\"https:\/\/www.lohschule-datteln.de\/wp-content\/uploads\/2022\/03\/9-1.jpg\" class=\"attachment-large size-large\" alt=\"\" srcset=\"https:\/\/www.lohschule-datteln.de\/wp-content\/uploads\/2022\/03\/9-1.jpg 600w, https:\/\/www.lohschule-datteln.de\/wp-content\/uploads\/2022\/03\/9-1-200x300.jpg 200w\" sizes=\"auto, (max-width: 600px) 100vw, 600px\" \/><\/a>\n\t\t\t<\/div><\/figure>\n\t\t<\/div>\n\n","protected":false},"excerpt":{"rendered":"<p>Friedensaktion an der Lohschule Am 07. M\u00e4rz 2022 haben alle Sch\u00fclerinnen und Sch\u00fcler und das Kollegium gemeinsam auf dem Schulhof der Lohschule ein gro\u00dfes Herz ausgestellt. Die Kinder und das Team der Lohschule wollten so ein Friedenszeichen f\u00fcr den laufenden Krieg in der Ukraine setzen. Nach einigen begr\u00fc\u00dfenden Worten durch die Schulleiterin Frau Schneider haben [&hellip;]<\/p>\n","protected":false},"author":3,"featured_media":0,"parent":0,"menu_order":0,"comment_status":"closed","ping_status":"closed","template":"","meta":{"footnotes":""},"class_list":["post-11948","page","type-page","status-publish","hentry"],"yoast_head":"<!-- This site is optimized with the Yoast SEO plugin v27.6 - https:\/\/yoast.com\/product\/yoast-seo-wordpress\/ -->\n<title>Aktion f\u00fcr den Frieden - Lohschule Datteln<\/title>\n<meta name=\"robots\" content=\"index, follow, max-snippet:-1, max-image-preview:large, max-video-preview:-1\" \/>\n<link rel=\"canonical\" href=\"https:\/\/www.lohschule-datteln.de\/index.php\/aktion-fuer-den-frieden\/\" \/>\n<meta property=\"og:locale\" content=\"de_DE\" \/>\n<meta property=\"og:type\" content=\"article\" \/>\n<meta property=\"og:title\" content=\"Aktion f\u00fcr den Frieden - Lohschule Datteln\" \/>\n<meta property=\"og:description\" content=\"Friedensaktion an der Lohschule Am 07. M\u00e4rz 2022 haben alle Sch\u00fclerinnen und Sch\u00fcler und das Kollegium gemeinsam auf dem Schulhof der Lohschule ein gro\u00dfes Herz ausgestellt. Die Kinder und das Team der Lohschule wollten so ein Friedenszeichen f\u00fcr den laufenden Krieg in der Ukraine setzen. Nach einigen begr\u00fc\u00dfenden Worten durch die Schulleiterin Frau Schneider haben [&hellip;]\" \/>\n<meta property=\"og:url\" content=\"https:\/\/www.lohschule-datteln.de\/index.php\/aktion-fuer-den-frieden\/\" \/>\n<meta property=\"og:site_name\" content=\"Lohschule Datteln\" \/>\n<meta property=\"article:modified_time\" content=\"2022-03-07T20:23:18+00:00\" \/>\n<meta property=\"og:image\" content=\"https:\/\/www.lohschule-datteln.de\/wp-content\/uploads\/2022\/03\/1-1.jpg\" \/>\n<meta name=\"twitter:card\" content=\"summary_large_image\" \/>\n<meta name=\"twitter:label1\" content=\"Gesch\u00e4tzte Lesezeit\" \/>\n\t<meta name=\"twitter:data1\" content=\"1\u00a0Minute\" \/>\n<script type=\"application\/ld+json\" class=\"yoast-schema-graph\">{\"@context\":\"https:\\\/\\\/schema.org\",\"@graph\":[{\"@type\":\"WebPage\",\"@id\":\"https:\\\/\\\/www.lohschule-datteln.de\\\/index.php\\\/aktion-fuer-den-frieden\\\/\",\"url\":\"https:\\\/\\\/www.lohschule-datteln.de\\\/index.php\\\/aktion-fuer-den-frieden\\\/\",\"name\":\"Aktion f\u00fcr den Frieden - Lohschule Datteln\",\"isPartOf\":{\"@id\":\"https:\\\/\\\/www.lohschule-datteln.de\\\/#website\"},\"datePublished\":\"2022-03-07T19:28:06+00:00\",\"dateModified\":\"2022-03-07T20:23:18+00:00\",\"breadcrumb\":{\"@id\":\"https:\\\/\\\/www.lohschule-datteln.de\\\/index.php\\\/aktion-fuer-den-frieden\\\/#breadcrumb\"},\"inLanguage\":\"de\",\"potentialAction\":[{\"@type\":\"ReadAction\",\"target\":[\"https:\\\/\\\/www.lohschule-datteln.de\\\/index.php\\\/aktion-fuer-den-frieden\\\/\"]}]},{\"@type\":\"BreadcrumbList\",\"@id\":\"https:\\\/\\\/www.lohschule-datteln.de\\\/index.php\\\/aktion-fuer-den-frieden\\\/#breadcrumb\",\"itemListElement\":[{\"@type\":\"ListItem\",\"position\":1,\"name\":\"Startseite\",\"item\":\"https:\\\/\\\/www.lohschule-datteln.de\\\/\"},{\"@type\":\"ListItem\",\"position\":2,\"name\":\"Aktion f\u00fcr den Frieden\"}]},{\"@type\":\"WebSite\",\"@id\":\"https:\\\/\\\/www.lohschule-datteln.de\\\/#website\",\"url\":\"https:\\\/\\\/www.lohschule-datteln.de\\\/\",\"name\":\"Lohschule Datteln\",\"description\":\"kath. Grundschule\",\"publisher\":{\"@id\":\"https:\\\/\\\/www.lohschule-datteln.de\\\/#organization\"},\"potentialAction\":[{\"@type\":\"SearchAction\",\"target\":{\"@type\":\"EntryPoint\",\"urlTemplate\":\"https:\\\/\\\/www.lohschule-datteln.de\\\/?s={search_term_string}\"},\"query-input\":{\"@type\":\"PropertyValueSpecification\",\"valueRequired\":true,\"valueName\":\"search_term_string\"}}],\"inLanguage\":\"de\"},{\"@type\":\"Organization\",\"@id\":\"https:\\\/\\\/www.lohschule-datteln.de\\\/#organization\",\"name\":\"Lohschule -katholische Grundschule Datteln\",\"url\":\"https:\\\/\\\/www.lohschule-datteln.de\\\/\",\"logo\":{\"@type\":\"ImageObject\",\"inLanguage\":\"de\",\"@id\":\"https:\\\/\\\/www.lohschule-datteln.de\\\/#\\\/schema\\\/logo\\\/image\\\/\",\"url\":\"http:\\\/\\\/www.lohschule-datteln.de\\\/wp-content\\\/uploads\\\/2016\\\/02\\\/Loh-neu-2016.jpg\",\"contentUrl\":\"http:\\\/\\\/www.lohschule-datteln.de\\\/wp-content\\\/uploads\\\/2016\\\/02\\\/Loh-neu-2016.jpg\",\"width\":448,\"height\":252,\"caption\":\"Lohschule -katholische Grundschule Datteln\"},\"image\":{\"@id\":\"https:\\\/\\\/www.lohschule-datteln.de\\\/#\\\/schema\\\/logo\\\/image\\\/\"}}]}<\/script>\n<!-- \/ Yoast SEO plugin. -->","yoast_head_json":{"title":"Aktion f\u00fcr den Frieden - Lohschule Datteln","robots":{"index":"index","follow":"follow","max-snippet":"max-snippet:-1","max-image-preview":"max-image-preview:large","max-video-preview":"max-video-preview:-1"},"canonical":"https:\/\/www.lohschule-datteln.de\/index.php\/aktion-fuer-den-frieden\/","og_locale":"de_DE","og_type":"article","og_title":"Aktion f\u00fcr den Frieden - Lohschule Datteln","og_description":"Friedensaktion an der Lohschule Am 07. M\u00e4rz 2022 haben alle Sch\u00fclerinnen und Sch\u00fcler und das Kollegium gemeinsam auf dem Schulhof der Lohschule ein gro\u00dfes Herz ausgestellt. Die Kinder und das Team der Lohschule wollten so ein Friedenszeichen f\u00fcr den laufenden Krieg in der Ukraine setzen. Nach einigen begr\u00fc\u00dfenden Worten durch die Schulleiterin Frau Schneider haben [&hellip;]","og_url":"https:\/\/www.lohschule-datteln.de\/index.php\/aktion-fuer-den-frieden\/","og_site_name":"Lohschule Datteln","article_modified_time":"2022-03-07T20:23:18+00:00","og_image":[{"url":"https:\/\/www.lohschule-datteln.de\/wp-content\/uploads\/2022\/03\/1-1.jpg","type":"","width":"","height":""}],"twitter_card":"summary_large_image","twitter_misc":{"Gesch\u00e4tzte Lesezeit":"1\u00a0Minute"},"schema":{"@context":"https:\/\/schema.org","@graph":[{"@type":"WebPage","@id":"https:\/\/www.lohschule-datteln.de\/index.php\/aktion-fuer-den-frieden\/","url":"https:\/\/www.lohschule-datteln.de\/index.php\/aktion-fuer-den-frieden\/","name":"Aktion f\u00fcr den Frieden - Lohschule Datteln","isPartOf":{"@id":"https:\/\/www.lohschule-datteln.de\/#website"},"datePublished":"2022-03-07T19:28:06+00:00","dateModified":"2022-03-07T20:23:18+00:00","breadcrumb":{"@id":"https:\/\/www.lohschule-datteln.de\/index.php\/aktion-fuer-den-frieden\/#breadcrumb"},"inLanguage":"de","potentialAction":[{"@type":"ReadAction","target":["https:\/\/www.lohschule-datteln.de\/index.php\/aktion-fuer-den-frieden\/"]}]},{"@type":"BreadcrumbList","@id":"https:\/\/www.lohschule-datteln.de\/index.php\/aktion-fuer-den-frieden\/#breadcrumb","itemListElement":[{"@type":"ListItem","position":1,"name":"Startseite","item":"https:\/\/www.lohschule-datteln.de\/"},{"@type":"ListItem","position":2,"name":"Aktion f\u00fcr den Frieden"}]},{"@type":"WebSite","@id":"https:\/\/www.lohschule-datteln.de\/#website","url":"https:\/\/www.lohschule-datteln.de\/","name":"Lohschule Datteln","description":"kath. Grundschule","publisher":{"@id":"https:\/\/www.lohschule-datteln.de\/#organization"},"potentialAction":[{"@type":"SearchAction","target":{"@type":"EntryPoint","urlTemplate":"https:\/\/www.lohschule-datteln.de\/?s={search_term_string}"},"query-input":{"@type":"PropertyValueSpecification","valueRequired":true,"valueName":"search_term_string"}}],"inLanguage":"de"},{"@type":"Organization","@id":"https:\/\/www.lohschule-datteln.de\/#organization","name":"Lohschule -katholische Grundschule Datteln","url":"https:\/\/www.lohschule-datteln.de\/","logo":{"@type":"ImageObject","inLanguage":"de","@id":"https:\/\/www.lohschule-datteln.de\/#\/schema\/logo\/image\/","url":"http:\/\/www.lohschule-datteln.de\/wp-content\/uploads\/2016\/02\/Loh-neu-2016.jpg","contentUrl":"http:\/\/www.lohschule-datteln.de\/wp-content\/uploads\/2016\/02\/Loh-neu-2016.jpg","width":448,"height":252,"caption":"Lohschule -katholische Grundschule Datteln"},"image":{"@id":"https:\/\/www.lohschule-datteln.de\/#\/schema\/logo\/image\/"}}]}},"_links":{"self":[{"href":"https:\/\/www.lohschule-datteln.de\/index.php\/wp-json\/wp\/v2\/pages\/11948","targetHints":{"allow":["GET"]}}],"collection":[{"href":"https:\/\/www.lohschule-datteln.de\/index.php\/wp-json\/wp\/v2\/pages"}],"about":[{"href":"https:\/\/www.lohschule-datteln.de\/index.php\/wp-json\/wp\/v2\/types\/page"}],"author":[{"embeddable":true,"href":"https:\/\/www.lohschule-datteln.de\/index.php\/wp-json\/wp\/v2\/users\/3"}],"replies":[{"embeddable":true,"href":"https:\/\/www.lohschule-datteln.de\/index.php\/wp-json\/wp\/v2\/comments?post=11948"}],"version-history":[{"count":9,"href":"https:\/\/www.lohschule-datteln.de\/index.php\/wp-json\/wp\/v2\/pages\/11948\/revisions"}],"predecessor-version":[{"id":11978,"href":"https:\/\/www.lohschule-datteln.de\/index.php\/wp-json\/wp\/v2\/pages\/11948\/revisions\/11978"}],"wp:attachment":[{"href":"https:\/\/www.lohschule-datteln.de\/index.php\/wp-json\/wp\/v2\/media?parent=11948"}],"curies":[{"name":"wp","href":"https:\/\/api.w.org\/{rel}","templated":true}]}}