{"id":12068,"date":"2022-05-03T17:44:37","date_gmt":"2022-05-03T15:44:37","guid":{"rendered":"https:\/\/www.lohschule-datteln.de\/?page_id=12068"},"modified":"2022-05-08T21:24:56","modified_gmt":"2022-05-08T19:24:56","slug":"sportevent-mit-trixitt","status":"publish","type":"page","link":"https:\/\/www.lohschule-datteln.de\/index.php\/sportevent-mit-trixitt\/","title":{"rendered":"Sportevent mit Trixitt"},"content":{"rendered":"\n<h2 class=\"wp-block-heading\">Trixitt &#8211; Sportfest<\/h2>\n\n\n<p>\u00a0<\/p>\n<p><span style=\"color: #808080;\">Am Dienstag, den 03.05.2022, fand auf dem Schulhof nach langer Pause durch die Pandemie endlich wieder eine gro\u00dfe Aktion statt. Die Firma TRIXITT reiste mit vielen Stationen und Materialien an, um den Kindern der Lohschule ein sch\u00f6nes Sportfest zu erm\u00f6glichen. Nach einer raschen Aufbauphase durch die Firma hatte sich der gesamte Schulhof in ein einladendes Spiel- und Sportzentrum verwandelt, welches den Kindern einen Schulvormittag voller Spiele, Spa\u00df und Bewegung bot. Zur \u00fcblichen Zeit zwischen 7.45 Uhr und 8.00 Uhr kamen die Kinder nach und nach in der Schule an und bestaunten den Aufbau und die Stationen mit gro\u00dfer Vorfreude und Neugier.<\/span><\/p>\n<p><span style=\"color: #808080;\">Nach einem kurzen Treffen in den Klassenr\u00e4umen und der Besprechung von Regeln und wichtigen Informationen f\u00fcr den Tag traf sich die ganze Schule um 8.30 Uhr auf dem hinteren Schulhof und wurde herzlich von der Firma TRIXITT begr\u00fc\u00dft.<\/span><\/p>\n<p>\u00a0<\/p>\n<p><img loading=\"lazy\" decoding=\"async\" class=\"aligncenter size-full wp-image-12079\" src=\"https:\/\/www.lohschule-datteln.de\/wp-content\/uploads\/2022\/05\/1.jpeg\" alt=\"\" width=\"600\" height=\"282\" srcset=\"https:\/\/www.lohschule-datteln.de\/wp-content\/uploads\/2022\/05\/1.jpeg 600w, https:\/\/www.lohschule-datteln.de\/wp-content\/uploads\/2022\/05\/1-300x141.jpeg 300w\" sizes=\"auto, (max-width: 600px) 100vw, 600px\" \/><\/p>\n<p>\u00a0<\/p>\n<p><img loading=\"lazy\" decoding=\"async\" class=\"aligncenter size-full wp-image-12080\" src=\"https:\/\/www.lohschule-datteln.de\/wp-content\/uploads\/2022\/05\/2.jpeg\" alt=\"\" width=\"600\" height=\"450\" srcset=\"https:\/\/www.lohschule-datteln.de\/wp-content\/uploads\/2022\/05\/2.jpeg 600w, https:\/\/www.lohschule-datteln.de\/wp-content\/uploads\/2022\/05\/2-300x225.jpeg 300w\" sizes=\"auto, (max-width: 600px) 100vw, 600px\" \/><\/p>\n<p><img loading=\"lazy\" decoding=\"async\" class=\"aligncenter size-full wp-image-12081\" src=\"https:\/\/www.lohschule-datteln.de\/wp-content\/uploads\/2022\/05\/3.jpeg\" alt=\"\" width=\"600\" height=\"450\" srcset=\"https:\/\/www.lohschule-datteln.de\/wp-content\/uploads\/2022\/05\/3.jpeg 600w, https:\/\/www.lohschule-datteln.de\/wp-content\/uploads\/2022\/05\/3-300x225.jpeg 300w\" sizes=\"auto, (max-width: 600px) 100vw, 600px\" \/><\/p>\n<p><span style=\"color: #808080;\"> Nach einem gemeinsamen Aufw\u00e4rmtraining und ersten Instruktionen wurden die Klassen von den Mitarbeiterinnen und Mitarbeitern der Firma TRIXITT auf die Stationen verteilt. Nach der Erkl\u00e4rung der Spiele und der entsprechenden Regeln ging die Aktion endlich los und die Kinder tobten und powerten sich an neun verschiedenen Stationen so richtig aus. Dabei hatten nicht nur sie sichtlich Spa\u00df, auch das Kollegium der Lohschule freute sich und feuerte die Klassen eifrig an.<\/span><\/p>\n<p><span style=\"color: #808080;\">Am Ende der Aktion verteilte die Firma TRIXITT Teilnehmerurkunden an alle Klassen und bedankte sich f\u00fcr den sch\u00f6nen Vormittag, der allen viel Freude gemacht hatte. Eine besondere Auszeichnung ging zudem an die Klasse 4b, die den Fairness-Preis f\u00fcr besonders vorbildliches Verhalten w\u00e4hrend der Spiele gewann. Au\u00dferdem bekam die Schule ein TRIXITT-Trikot und einen Lederfu\u00dfball als Erinnerung an ein sch\u00f6nes Sportfest geschenkt, welche die Schulleiterin Frau Schneider im Namen der Schule freudig entgegen nahm.<\/span><\/p>\n<p>\u00a0<\/p>\n<p><span style=\"color: #808080;\"><strong>Die Stationen<\/strong><\/span><\/p>\n<p><span style=\"color: #808080;\"><u>Zweifelderball:<\/u><\/span><\/p>\n<p><span style=\"color: #808080;\">Beim Zweifelderball handelte es sich, wie der Name schon vermuten l\u00e4sst, um ein Spiel mit zwei Feldern. Zwei Klassen traten gegeneinander an und hatten die Aufgabe, die gef\u00fchlt 100 B\u00e4lle in das gegnerische Feld zu werfen und somit die B\u00e4lle aus dem eigenen Feld fernzuhalten. Die Klasse, die am Ende des Spiels die wenigsten B\u00e4lle im Feld hatte, gewann.<\/span><\/p>\n<p><span style=\"color: #808080;\"><u>Speedmaster<\/u>:<\/span><\/p>\n<p><span style=\"color: #808080;\">Das Spiel Speedmaster stellte den klassischen Staffellauf dar, bei dem nacheinander m\u00f6glichst viele Kinder in einer vorgegebenen Zeit zu einem Punkt und wieder zur\u00fcckrennen mussten. Das n\u00e4chste Kind durfte erst loslaufen, wenn es von dem vorherigen Kind abgeklatscht wurde. Auch hier wurde kr\u00e4ftig angefeuert und unter motivierenden Zurufen gejubelt, w\u00e4hrend die Mitarbeiterin der Firma TRIXITT die Kinder z\u00e4hlte, die der Reihe nach rannten. Die Klasse, die am Ende mehr L\u00e4ufer gehabt hatte, gewann das Spiel.<\/span><\/p>\n<p><span style=\"color: #808080;\"><u>Hindernisparcours<\/u>:<\/span><\/p>\n<p><span style=\"color: #808080;\">Das vermutlich beliebteste Spiel des Tages war der Hindernisparcours. Die Kinder zweier Klassen mussten sich nacheinander durch eine Art H\u00fcpfburg-Tunnel k\u00e4mpfen und darin \u00fcber und unter Hindernissen durchklettern. Gez\u00e4hlt wurden zehn Minuten lang die Kinder, die am Ende des Tunnels die gro\u00dfe Rutsche herunterrutschten, um sich erneut hinten anzustellen und den Parcours erneut zu durchlaufen. Die Klasse mit den meisten Durchl\u00e4ufen gewann.<\/span><\/p>\n<p><span style=\"color: #808080;\"><u>Basketball<\/u>:<\/span><\/p>\n<p><span style=\"color: #808080;\">Beim Basketball hatten zwei Klassen gegeneinander die Aufgabe, nacheinander B\u00e4lle in die oben an der Station angebrachten K\u00f6rbe zu werfen. Wie beim klassischen Basketball ging es auch hier nach Punkten, denn die Klasse mit den meisten K\u00f6rben gewann das Spiel.<\/span><\/p>\n<p><span style=\"color: #808080;\"><u>Schie\u00dfbude<\/u>:<\/span><\/p>\n<p><span style=\"color: #808080;\">Bei der Schie\u00dfbude handelte es sich um eine Art Tischkicker in Lebensgr\u00f6\u00dfe. Die Kinder traten in zwei Mannschaften gegeneinander an und mussten versuchen, m\u00f6glichst viele Tore zu schie\u00dfen. \u00c4hnlich wie beim Tischkicker mussten die Kinder sich an Seilen festhalten und konnten sich nur gemeinsam von rechts nach links bewegen, um die B\u00e4lle der gegnerischen Mannschaft aufzuhalten. F\u00fcr unsere Fu\u00dfballfreunde war dieses Spiel ein besonderer Spa\u00df, doch auch alle anderen Kinder hatten sichtlich ihre Freude daran.<\/span><\/p>\n<p><span style=\"color: #808080;\"><u>Volltreffer<\/u>:<\/span><\/p>\n<p><span style=\"color: #808080;\">Beim Spiel Volltreffer mussten die Kinder erneut gegen eine andere Klasse antreten und nacheinander versuchen, Tennisb\u00e4lle in etwa drei Meter entfernte Tonnen zu werfen. Die Klasse, die nach zehn Minuten die meisten Treffer gelandet hatte, gewann das Spiel.<\/span><\/p>\n<p><span style=\"color: #808080;\"><u>Floorball<\/u>:<\/span><\/p>\n<p><span style=\"color: #808080;\">Beim Floorball spielten zwei Klassen gegeneinander auf dem Fu\u00dfballplatz der Schule Hockey und mussten versuchen, wie bei dem klassischen Sport den Ball m\u00f6glichst oft ins Tor zu bringen. Die Klasse mit den meisten Toren gewann das Spiel.<\/span><\/p>\n<p><span style=\"color: #808080;\"><u>K\u00e4ngurusprung<\/u>:<\/span><\/p>\n<p><span style=\"color: #808080;\">F\u00fcr das Spiel K\u00e4ngurusprung hatte die Firma TRIXITT Teppiche mitgebracht, auf denen Markierungen und zu z\u00e4hlende Punkte zu sehen waren. Die Kinder hatten die Aufgabe, aus dem Stand m\u00f6glichst weit zu springen und in einem Feld mit vielen Punkten zu landen. Gez\u00e4hlt wurden die Punkte des Feldes, auf dem die Kinder nach dem Sprung gelandet waren. Es gewann die Klasse mit den meisten Punkten.<\/span><\/p>\n<h2>\u00a0<\/h2>\n\n\n<p><\/p>\n","protected":false},"excerpt":{"rendered":"<p>Trixitt &#8211; Sportfest \u00a0 Am Dienstag, den 03.05.2022, fand auf dem Schulhof nach langer Pause durch die Pandemie endlich wieder eine gro\u00dfe Aktion statt. Die Firma TRIXITT reiste mit vielen Stationen und Materialien an, um den Kindern der Lohschule ein sch\u00f6nes Sportfest zu erm\u00f6glichen. Nach einer raschen Aufbauphase durch die Firma hatte sich der gesamte [&hellip;]<\/p>\n","protected":false},"author":3,"featured_media":0,"parent":0,"menu_order":0,"comment_status":"closed","ping_status":"closed","template":"","meta":{"footnotes":""},"class_list":["post-12068","page","type-page","status-publish","hentry"],"yoast_head":"<!-- This site is optimized with the Yoast SEO plugin v27.5 - https:\/\/yoast.com\/product\/yoast-seo-wordpress\/ -->\n<title>Sportevent mit Trixitt - Lohschule Datteln<\/title>\n<meta name=\"robots\" content=\"index, follow, max-snippet:-1, max-image-preview:large, max-video-preview:-1\" \/>\n<link rel=\"canonical\" href=\"https:\/\/www.lohschule-datteln.de\/index.php\/sportevent-mit-trixitt\/\" \/>\n<meta property=\"og:locale\" content=\"de_DE\" \/>\n<meta property=\"og:type\" content=\"article\" \/>\n<meta property=\"og:title\" content=\"Sportevent mit Trixitt - Lohschule Datteln\" \/>\n<meta property=\"og:description\" content=\"Trixitt &#8211; Sportfest \u00a0 Am Dienstag, den 03.05.2022, fand auf dem Schulhof nach langer Pause durch die Pandemie endlich wieder eine gro\u00dfe Aktion statt. Die Firma TRIXITT reiste mit vielen Stationen und Materialien an, um den Kindern der Lohschule ein sch\u00f6nes Sportfest zu erm\u00f6glichen. Nach einer raschen Aufbauphase durch die Firma hatte sich der gesamte [&hellip;]\" \/>\n<meta property=\"og:url\" content=\"https:\/\/www.lohschule-datteln.de\/index.php\/sportevent-mit-trixitt\/\" \/>\n<meta property=\"og:site_name\" content=\"Lohschule Datteln\" \/>\n<meta property=\"article:modified_time\" content=\"2022-05-08T19:24:56+00:00\" \/>\n<meta property=\"og:image\" content=\"https:\/\/www.lohschule-datteln.de\/wp-content\/uploads\/2022\/05\/1.jpeg\" \/>\n<meta name=\"twitter:card\" content=\"summary_large_image\" \/>\n<meta name=\"twitter:label1\" content=\"Gesch\u00e4tzte Lesezeit\" \/>\n\t<meta name=\"twitter:data1\" content=\"4\u00a0Minuten\" \/>\n<script type=\"application\/ld+json\" class=\"yoast-schema-graph\">{\"@context\":\"https:\\\/\\\/schema.org\",\"@graph\":[{\"@type\":\"WebPage\",\"@id\":\"https:\\\/\\\/www.lohschule-datteln.de\\\/index.php\\\/sportevent-mit-trixitt\\\/\",\"url\":\"https:\\\/\\\/www.lohschule-datteln.de\\\/index.php\\\/sportevent-mit-trixitt\\\/\",\"name\":\"Sportevent mit Trixitt - Lohschule Datteln\",\"isPartOf\":{\"@id\":\"https:\\\/\\\/www.lohschule-datteln.de\\\/#website\"},\"primaryImageOfPage\":{\"@id\":\"https:\\\/\\\/www.lohschule-datteln.de\\\/index.php\\\/sportevent-mit-trixitt\\\/#primaryimage\"},\"image\":{\"@id\":\"https:\\\/\\\/www.lohschule-datteln.de\\\/index.php\\\/sportevent-mit-trixitt\\\/#primaryimage\"},\"thumbnailUrl\":\"https:\\\/\\\/www.lohschule-datteln.de\\\/wp-content\\\/uploads\\\/2022\\\/05\\\/1.jpeg\",\"datePublished\":\"2022-05-03T15:44:37+00:00\",\"dateModified\":\"2022-05-08T19:24:56+00:00\",\"breadcrumb\":{\"@id\":\"https:\\\/\\\/www.lohschule-datteln.de\\\/index.php\\\/sportevent-mit-trixitt\\\/#breadcrumb\"},\"inLanguage\":\"de\",\"potentialAction\":[{\"@type\":\"ReadAction\",\"target\":[\"https:\\\/\\\/www.lohschule-datteln.de\\\/index.php\\\/sportevent-mit-trixitt\\\/\"]}]},{\"@type\":\"ImageObject\",\"inLanguage\":\"de\",\"@id\":\"https:\\\/\\\/www.lohschule-datteln.de\\\/index.php\\\/sportevent-mit-trixitt\\\/#primaryimage\",\"url\":\"https:\\\/\\\/www.lohschule-datteln.de\\\/wp-content\\\/uploads\\\/2022\\\/05\\\/1.jpeg\",\"contentUrl\":\"https:\\\/\\\/www.lohschule-datteln.de\\\/wp-content\\\/uploads\\\/2022\\\/05\\\/1.jpeg\",\"width\":600,\"height\":282},{\"@type\":\"BreadcrumbList\",\"@id\":\"https:\\\/\\\/www.lohschule-datteln.de\\\/index.php\\\/sportevent-mit-trixitt\\\/#breadcrumb\",\"itemListElement\":[{\"@type\":\"ListItem\",\"position\":1,\"name\":\"Startseite\",\"item\":\"https:\\\/\\\/www.lohschule-datteln.de\\\/\"},{\"@type\":\"ListItem\",\"position\":2,\"name\":\"Sportevent mit Trixitt\"}]},{\"@type\":\"WebSite\",\"@id\":\"https:\\\/\\\/www.lohschule-datteln.de\\\/#website\",\"url\":\"https:\\\/\\\/www.lohschule-datteln.de\\\/\",\"name\":\"Lohschule Datteln\",\"description\":\"kath. Grundschule\",\"publisher\":{\"@id\":\"https:\\\/\\\/www.lohschule-datteln.de\\\/#organization\"},\"potentialAction\":[{\"@type\":\"SearchAction\",\"target\":{\"@type\":\"EntryPoint\",\"urlTemplate\":\"https:\\\/\\\/www.lohschule-datteln.de\\\/?s={search_term_string}\"},\"query-input\":{\"@type\":\"PropertyValueSpecification\",\"valueRequired\":true,\"valueName\":\"search_term_string\"}}],\"inLanguage\":\"de\"},{\"@type\":\"Organization\",\"@id\":\"https:\\\/\\\/www.lohschule-datteln.de\\\/#organization\",\"name\":\"Lohschule -katholische Grundschule Datteln\",\"url\":\"https:\\\/\\\/www.lohschule-datteln.de\\\/\",\"logo\":{\"@type\":\"ImageObject\",\"inLanguage\":\"de\",\"@id\":\"https:\\\/\\\/www.lohschule-datteln.de\\\/#\\\/schema\\\/logo\\\/image\\\/\",\"url\":\"http:\\\/\\\/www.lohschule-datteln.de\\\/wp-content\\\/uploads\\\/2016\\\/02\\\/Loh-neu-2016.jpg\",\"contentUrl\":\"http:\\\/\\\/www.lohschule-datteln.de\\\/wp-content\\\/uploads\\\/2016\\\/02\\\/Loh-neu-2016.jpg\",\"width\":448,\"height\":252,\"caption\":\"Lohschule -katholische Grundschule Datteln\"},\"image\":{\"@id\":\"https:\\\/\\\/www.lohschule-datteln.de\\\/#\\\/schema\\\/logo\\\/image\\\/\"}}]}<\/script>\n<!-- \/ Yoast SEO plugin. -->","yoast_head_json":{"title":"Sportevent mit Trixitt - Lohschule Datteln","robots":{"index":"index","follow":"follow","max-snippet":"max-snippet:-1","max-image-preview":"max-image-preview:large","max-video-preview":"max-video-preview:-1"},"canonical":"https:\/\/www.lohschule-datteln.de\/index.php\/sportevent-mit-trixitt\/","og_locale":"de_DE","og_type":"article","og_title":"Sportevent mit Trixitt - Lohschule Datteln","og_description":"Trixitt &#8211; Sportfest \u00a0 Am Dienstag, den 03.05.2022, fand auf dem Schulhof nach langer Pause durch die Pandemie endlich wieder eine gro\u00dfe Aktion statt. Die Firma TRIXITT reiste mit vielen Stationen und Materialien an, um den Kindern der Lohschule ein sch\u00f6nes Sportfest zu erm\u00f6glichen. Nach einer raschen Aufbauphase durch die Firma hatte sich der gesamte [&hellip;]","og_url":"https:\/\/www.lohschule-datteln.de\/index.php\/sportevent-mit-trixitt\/","og_site_name":"Lohschule Datteln","article_modified_time":"2022-05-08T19:24:56+00:00","og_image":[{"url":"https:\/\/www.lohschule-datteln.de\/wp-content\/uploads\/2022\/05\/1.jpeg","type":"","width":"","height":""}],"twitter_card":"summary_large_image","twitter_misc":{"Gesch\u00e4tzte Lesezeit":"4\u00a0Minuten"},"schema":{"@context":"https:\/\/schema.org","@graph":[{"@type":"WebPage","@id":"https:\/\/www.lohschule-datteln.de\/index.php\/sportevent-mit-trixitt\/","url":"https:\/\/www.lohschule-datteln.de\/index.php\/sportevent-mit-trixitt\/","name":"Sportevent mit Trixitt - Lohschule Datteln","isPartOf":{"@id":"https:\/\/www.lohschule-datteln.de\/#website"},"primaryImageOfPage":{"@id":"https:\/\/www.lohschule-datteln.de\/index.php\/sportevent-mit-trixitt\/#primaryimage"},"image":{"@id":"https:\/\/www.lohschule-datteln.de\/index.php\/sportevent-mit-trixitt\/#primaryimage"},"thumbnailUrl":"https:\/\/www.lohschule-datteln.de\/wp-content\/uploads\/2022\/05\/1.jpeg","datePublished":"2022-05-03T15:44:37+00:00","dateModified":"2022-05-08T19:24:56+00:00","breadcrumb":{"@id":"https:\/\/www.lohschule-datteln.de\/index.php\/sportevent-mit-trixitt\/#breadcrumb"},"inLanguage":"de","potentialAction":[{"@type":"ReadAction","target":["https:\/\/www.lohschule-datteln.de\/index.php\/sportevent-mit-trixitt\/"]}]},{"@type":"ImageObject","inLanguage":"de","@id":"https:\/\/www.lohschule-datteln.de\/index.php\/sportevent-mit-trixitt\/#primaryimage","url":"https:\/\/www.lohschule-datteln.de\/wp-content\/uploads\/2022\/05\/1.jpeg","contentUrl":"https:\/\/www.lohschule-datteln.de\/wp-content\/uploads\/2022\/05\/1.jpeg","width":600,"height":282},{"@type":"BreadcrumbList","@id":"https:\/\/www.lohschule-datteln.de\/index.php\/sportevent-mit-trixitt\/#breadcrumb","itemListElement":[{"@type":"ListItem","position":1,"name":"Startseite","item":"https:\/\/www.lohschule-datteln.de\/"},{"@type":"ListItem","position":2,"name":"Sportevent mit Trixitt"}]},{"@type":"WebSite","@id":"https:\/\/www.lohschule-datteln.de\/#website","url":"https:\/\/www.lohschule-datteln.de\/","name":"Lohschule Datteln","description":"kath. Grundschule","publisher":{"@id":"https:\/\/www.lohschule-datteln.de\/#organization"},"potentialAction":[{"@type":"SearchAction","target":{"@type":"EntryPoint","urlTemplate":"https:\/\/www.lohschule-datteln.de\/?s={search_term_string}"},"query-input":{"@type":"PropertyValueSpecification","valueRequired":true,"valueName":"search_term_string"}}],"inLanguage":"de"},{"@type":"Organization","@id":"https:\/\/www.lohschule-datteln.de\/#organization","name":"Lohschule -katholische Grundschule Datteln","url":"https:\/\/www.lohschule-datteln.de\/","logo":{"@type":"ImageObject","inLanguage":"de","@id":"https:\/\/www.lohschule-datteln.de\/#\/schema\/logo\/image\/","url":"http:\/\/www.lohschule-datteln.de\/wp-content\/uploads\/2016\/02\/Loh-neu-2016.jpg","contentUrl":"http:\/\/www.lohschule-datteln.de\/wp-content\/uploads\/2016\/02\/Loh-neu-2016.jpg","width":448,"height":252,"caption":"Lohschule -katholische Grundschule Datteln"},"image":{"@id":"https:\/\/www.lohschule-datteln.de\/#\/schema\/logo\/image\/"}}]}},"_links":{"self":[{"href":"https:\/\/www.lohschule-datteln.de\/index.php\/wp-json\/wp\/v2\/pages\/12068","targetHints":{"allow":["GET"]}}],"collection":[{"href":"https:\/\/www.lohschule-datteln.de\/index.php\/wp-json\/wp\/v2\/pages"}],"about":[{"href":"https:\/\/www.lohschule-datteln.de\/index.php\/wp-json\/wp\/v2\/types\/page"}],"author":[{"embeddable":true,"href":"https:\/\/www.lohschule-datteln.de\/index.php\/wp-json\/wp\/v2\/users\/3"}],"replies":[{"embeddable":true,"href":"https:\/\/www.lohschule-datteln.de\/index.php\/wp-json\/wp\/v2\/comments?post=12068"}],"version-history":[{"count":4,"href":"https:\/\/www.lohschule-datteln.de\/index.php\/wp-json\/wp\/v2\/pages\/12068\/revisions"}],"predecessor-version":[{"id":12082,"href":"https:\/\/www.lohschule-datteln.de\/index.php\/wp-json\/wp\/v2\/pages\/12068\/revisions\/12082"}],"wp:attachment":[{"href":"https:\/\/www.lohschule-datteln.de\/index.php\/wp-json\/wp\/v2\/media?parent=12068"}],"curies":[{"name":"wp","href":"https:\/\/api.w.org\/{rel}","templated":true}]}}