{"id":12431,"date":"2022-11-20T17:59:07","date_gmt":"2022-11-20T16:59:07","guid":{"rendered":"https:\/\/www.lohschule-datteln.de\/?page_id=12431"},"modified":"2022-11-21T21:12:54","modified_gmt":"2022-11-21T20:12:54","slug":"vorlesetag-2022","status":"publish","type":"page","link":"https:\/\/www.lohschule-datteln.de\/index.php\/vorlesetag-2022\/","title":{"rendered":"Vorlesetag 2022"},"content":{"rendered":"<h3>Wir waren wieder dabei: Vorlesetag 2022<\/h3>\n<p><span style=\"color: #808080;\">Am Freitag, den 18. November, hie\u00df es wieder: Heute ist Vorlesetag. Alle Lehrerinnen und Lehrer hatten f\u00fcr ihre Klassen B\u00fccher ausgew\u00e4hlt. Im Jahrgang 4 standen den fast 90 Kindern vier B\u00fccher zur Auswahl: Jedoch setzten sich unter den Kindern zwei Favoriten klar ab: <em>Gangsta-Oma<\/em> und <em>Geisterj\u00e4ger<\/em>. So wurde dem Wunsch der Kinder entsprochen und eben diese beiden B\u00fccher auch vorgetragen.<\/span><\/p>\n<p><span style=\"color: #808080;\">Es gab auch einige Gastvorleser und -Vorleserinnen. So konnten u.a. Frau D\u00f6ring, eine ehemalige Lehrerin unserer Schule und auch unser fr\u00fcherer Konrektor, Herr Reineke, f\u00fcrs Vorlesen gewonnen werden.<\/span><\/p>\n<p><span style=\"color: #808080;\">Herr Dora folgte der Anfrage von Frau Schneider und nahm sich am Morgen ebenfalls Zeit, um im <em>Leseparadies,<\/em> der Lohschulb\u00fccherei, in gem\u00fctlicher Runde den Kindern etwas vorzulesen.<\/span><\/p>\n<p><span style=\"color: #808080;\">Ein kleiner Einblick in Bildern:<\/span><\/p>\n<div id='gallery-1' class='gallery galleryid-12431 gallery-columns-2 gallery-size-medium'><figure class='gallery-item'>\n\t\t\t<div class='gallery-icon portrait'>\n\t\t\t\t<img loading=\"lazy\" decoding=\"async\" width=\"225\" height=\"300\" src=\"https:\/\/www.lohschule-datteln.de\/wp-content\/uploads\/2022\/11\/IMG_3378-225x300.jpg\" class=\"attachment-medium size-medium\" alt=\"\" srcset=\"https:\/\/www.lohschule-datteln.de\/wp-content\/uploads\/2022\/11\/IMG_3378-225x300.jpg 225w, https:\/\/www.lohschule-datteln.de\/wp-content\/uploads\/2022\/11\/IMG_3378-768x1024.jpg 768w, https:\/\/www.lohschule-datteln.de\/wp-content\/uploads\/2022\/11\/IMG_3378.jpg 800w\" sizes=\"auto, (max-width: 225px) 100vw, 225px\" \/>\n\t\t\t<\/div><\/figure><figure class='gallery-item'>\n\t\t\t<div class='gallery-icon landscape'>\n\t\t\t\t<img loading=\"lazy\" decoding=\"async\" width=\"300\" height=\"225\" src=\"https:\/\/www.lohschule-datteln.de\/wp-content\/uploads\/2022\/11\/IMG_3379-300x225.jpg\" class=\"attachment-medium size-medium\" alt=\"\" srcset=\"https:\/\/www.lohschule-datteln.de\/wp-content\/uploads\/2022\/11\/IMG_3379-300x225.jpg 300w, https:\/\/www.lohschule-datteln.de\/wp-content\/uploads\/2022\/11\/IMG_3379-768x576.jpg 768w, https:\/\/www.lohschule-datteln.de\/wp-content\/uploads\/2022\/11\/IMG_3379.jpg 800w\" sizes=\"auto, (max-width: 300px) 100vw, 300px\" \/>\n\t\t\t<\/div><\/figure>\n\t\t<\/div>\n\n<div id='gallery-2' class='gallery galleryid-12431 gallery-columns-2 gallery-size-medium'><figure class='gallery-item'>\n\t\t\t<div class='gallery-icon landscape'>\n\t\t\t\t<img loading=\"lazy\" decoding=\"async\" width=\"300\" height=\"225\" src=\"https:\/\/www.lohschule-datteln.de\/wp-content\/uploads\/2022\/11\/IMG_3381-300x225.jpg\" class=\"attachment-medium size-medium\" alt=\"\" srcset=\"https:\/\/www.lohschule-datteln.de\/wp-content\/uploads\/2022\/11\/IMG_3381-300x225.jpg 300w, https:\/\/www.lohschule-datteln.de\/wp-content\/uploads\/2022\/11\/IMG_3381-768x576.jpg 768w, https:\/\/www.lohschule-datteln.de\/wp-content\/uploads\/2022\/11\/IMG_3381.jpg 800w\" sizes=\"auto, (max-width: 300px) 100vw, 300px\" \/>\n\t\t\t<\/div><\/figure><figure class='gallery-item'>\n\t\t\t<div class='gallery-icon landscape'>\n\t\t\t\t<img loading=\"lazy\" decoding=\"async\" width=\"300\" height=\"225\" src=\"https:\/\/www.lohschule-datteln.de\/wp-content\/uploads\/2022\/11\/IMG_3380-300x225.jpg\" class=\"attachment-medium size-medium\" alt=\"\" srcset=\"https:\/\/www.lohschule-datteln.de\/wp-content\/uploads\/2022\/11\/IMG_3380-300x225.jpg 300w, https:\/\/www.lohschule-datteln.de\/wp-content\/uploads\/2022\/11\/IMG_3380-768x576.jpg 768w, https:\/\/www.lohschule-datteln.de\/wp-content\/uploads\/2022\/11\/IMG_3380.jpg 800w\" sizes=\"auto, (max-width: 300px) 100vw, 300px\" \/>\n\t\t\t<\/div><\/figure>\n\t\t<\/div>\n\n\n\n<p><\/p>\n","protected":false},"excerpt":{"rendered":"<p>Wir waren wieder dabei: Vorlesetag 2022 Am Freitag, den 18. November, hie\u00df es wieder: Heute ist Vorlesetag. Alle Lehrerinnen und Lehrer hatten f\u00fcr ihre Klassen B\u00fccher ausgew\u00e4hlt. Im Jahrgang 4 standen den fast 90 Kindern vier B\u00fccher zur Auswahl: Jedoch setzten sich unter den Kindern zwei Favoriten klar ab: Gangsta-Oma und Geisterj\u00e4ger. So wurde dem [&hellip;]<\/p>\n","protected":false},"author":3,"featured_media":0,"parent":0,"menu_order":0,"comment_status":"closed","ping_status":"closed","template":"","meta":{"footnotes":""},"class_list":["post-12431","page","type-page","status-publish","hentry"],"yoast_head":"<!-- This site is optimized with the Yoast SEO plugin v27.4 - https:\/\/yoast.com\/product\/yoast-seo-wordpress\/ -->\n<title>Vorlesetag 2022 - Lohschule Datteln<\/title>\n<meta name=\"robots\" content=\"index, follow, max-snippet:-1, max-image-preview:large, max-video-preview:-1\" \/>\n<link rel=\"canonical\" href=\"https:\/\/www.lohschule-datteln.de\/index.php\/vorlesetag-2022\/\" \/>\n<meta property=\"og:locale\" content=\"de_DE\" \/>\n<meta property=\"og:type\" content=\"article\" \/>\n<meta property=\"og:title\" content=\"Vorlesetag 2022 - Lohschule Datteln\" \/>\n<meta property=\"og:description\" content=\"Wir waren wieder dabei: Vorlesetag 2022 Am Freitag, den 18. November, hie\u00df es wieder: Heute ist Vorlesetag. Alle Lehrerinnen und Lehrer hatten f\u00fcr ihre Klassen B\u00fccher ausgew\u00e4hlt. Im Jahrgang 4 standen den fast 90 Kindern vier B\u00fccher zur Auswahl: Jedoch setzten sich unter den Kindern zwei Favoriten klar ab: Gangsta-Oma und Geisterj\u00e4ger. So wurde dem [&hellip;]\" \/>\n<meta property=\"og:url\" content=\"https:\/\/www.lohschule-datteln.de\/index.php\/vorlesetag-2022\/\" \/>\n<meta property=\"og:site_name\" content=\"Lohschule Datteln\" \/>\n<meta property=\"article:modified_time\" content=\"2022-11-21T20:12:54+00:00\" \/>\n<meta property=\"og:image\" content=\"https:\/\/www.lohschule-datteln.de\/wp-content\/uploads\/2022\/11\/IMG_3378-225x300.jpg\" \/>\n<meta name=\"twitter:card\" content=\"summary_large_image\" \/>\n<meta name=\"twitter:label1\" content=\"Gesch\u00e4tzte Lesezeit\" \/>\n\t<meta name=\"twitter:data1\" content=\"1\u00a0Minute\" \/>\n<script type=\"application\/ld+json\" class=\"yoast-schema-graph\">{\"@context\":\"https:\\\/\\\/schema.org\",\"@graph\":[{\"@type\":\"WebPage\",\"@id\":\"https:\\\/\\\/www.lohschule-datteln.de\\\/index.php\\\/vorlesetag-2022\\\/\",\"url\":\"https:\\\/\\\/www.lohschule-datteln.de\\\/index.php\\\/vorlesetag-2022\\\/\",\"name\":\"Vorlesetag 2022 - Lohschule Datteln\",\"isPartOf\":{\"@id\":\"https:\\\/\\\/www.lohschule-datteln.de\\\/#website\"},\"datePublished\":\"2022-11-20T16:59:07+00:00\",\"dateModified\":\"2022-11-21T20:12:54+00:00\",\"breadcrumb\":{\"@id\":\"https:\\\/\\\/www.lohschule-datteln.de\\\/index.php\\\/vorlesetag-2022\\\/#breadcrumb\"},\"inLanguage\":\"de\",\"potentialAction\":[{\"@type\":\"ReadAction\",\"target\":[\"https:\\\/\\\/www.lohschule-datteln.de\\\/index.php\\\/vorlesetag-2022\\\/\"]}]},{\"@type\":\"BreadcrumbList\",\"@id\":\"https:\\\/\\\/www.lohschule-datteln.de\\\/index.php\\\/vorlesetag-2022\\\/#breadcrumb\",\"itemListElement\":[{\"@type\":\"ListItem\",\"position\":1,\"name\":\"Startseite\",\"item\":\"https:\\\/\\\/www.lohschule-datteln.de\\\/\"},{\"@type\":\"ListItem\",\"position\":2,\"name\":\"Vorlesetag 2022\"}]},{\"@type\":\"WebSite\",\"@id\":\"https:\\\/\\\/www.lohschule-datteln.de\\\/#website\",\"url\":\"https:\\\/\\\/www.lohschule-datteln.de\\\/\",\"name\":\"Lohschule Datteln\",\"description\":\"kath. Grundschule\",\"publisher\":{\"@id\":\"https:\\\/\\\/www.lohschule-datteln.de\\\/#organization\"},\"potentialAction\":[{\"@type\":\"SearchAction\",\"target\":{\"@type\":\"EntryPoint\",\"urlTemplate\":\"https:\\\/\\\/www.lohschule-datteln.de\\\/?s={search_term_string}\"},\"query-input\":{\"@type\":\"PropertyValueSpecification\",\"valueRequired\":true,\"valueName\":\"search_term_string\"}}],\"inLanguage\":\"de\"},{\"@type\":\"Organization\",\"@id\":\"https:\\\/\\\/www.lohschule-datteln.de\\\/#organization\",\"name\":\"Lohschule -katholische Grundschule Datteln\",\"url\":\"https:\\\/\\\/www.lohschule-datteln.de\\\/\",\"logo\":{\"@type\":\"ImageObject\",\"inLanguage\":\"de\",\"@id\":\"https:\\\/\\\/www.lohschule-datteln.de\\\/#\\\/schema\\\/logo\\\/image\\\/\",\"url\":\"http:\\\/\\\/www.lohschule-datteln.de\\\/wp-content\\\/uploads\\\/2016\\\/02\\\/Loh-neu-2016.jpg\",\"contentUrl\":\"http:\\\/\\\/www.lohschule-datteln.de\\\/wp-content\\\/uploads\\\/2016\\\/02\\\/Loh-neu-2016.jpg\",\"width\":448,\"height\":252,\"caption\":\"Lohschule -katholische Grundschule Datteln\"},\"image\":{\"@id\":\"https:\\\/\\\/www.lohschule-datteln.de\\\/#\\\/schema\\\/logo\\\/image\\\/\"}}]}<\/script>\n<!-- \/ Yoast SEO plugin. -->","yoast_head_json":{"title":"Vorlesetag 2022 - Lohschule Datteln","robots":{"index":"index","follow":"follow","max-snippet":"max-snippet:-1","max-image-preview":"max-image-preview:large","max-video-preview":"max-video-preview:-1"},"canonical":"https:\/\/www.lohschule-datteln.de\/index.php\/vorlesetag-2022\/","og_locale":"de_DE","og_type":"article","og_title":"Vorlesetag 2022 - Lohschule Datteln","og_description":"Wir waren wieder dabei: Vorlesetag 2022 Am Freitag, den 18. November, hie\u00df es wieder: Heute ist Vorlesetag. Alle Lehrerinnen und Lehrer hatten f\u00fcr ihre Klassen B\u00fccher ausgew\u00e4hlt. Im Jahrgang 4 standen den fast 90 Kindern vier B\u00fccher zur Auswahl: Jedoch setzten sich unter den Kindern zwei Favoriten klar ab: Gangsta-Oma und Geisterj\u00e4ger. So wurde dem [&hellip;]","og_url":"https:\/\/www.lohschule-datteln.de\/index.php\/vorlesetag-2022\/","og_site_name":"Lohschule Datteln","article_modified_time":"2022-11-21T20:12:54+00:00","og_image":[{"url":"https:\/\/www.lohschule-datteln.de\/wp-content\/uploads\/2022\/11\/IMG_3378-225x300.jpg","type":"","width":"","height":""}],"twitter_card":"summary_large_image","twitter_misc":{"Gesch\u00e4tzte Lesezeit":"1\u00a0Minute"},"schema":{"@context":"https:\/\/schema.org","@graph":[{"@type":"WebPage","@id":"https:\/\/www.lohschule-datteln.de\/index.php\/vorlesetag-2022\/","url":"https:\/\/www.lohschule-datteln.de\/index.php\/vorlesetag-2022\/","name":"Vorlesetag 2022 - Lohschule Datteln","isPartOf":{"@id":"https:\/\/www.lohschule-datteln.de\/#website"},"datePublished":"2022-11-20T16:59:07+00:00","dateModified":"2022-11-21T20:12:54+00:00","breadcrumb":{"@id":"https:\/\/www.lohschule-datteln.de\/index.php\/vorlesetag-2022\/#breadcrumb"},"inLanguage":"de","potentialAction":[{"@type":"ReadAction","target":["https:\/\/www.lohschule-datteln.de\/index.php\/vorlesetag-2022\/"]}]},{"@type":"BreadcrumbList","@id":"https:\/\/www.lohschule-datteln.de\/index.php\/vorlesetag-2022\/#breadcrumb","itemListElement":[{"@type":"ListItem","position":1,"name":"Startseite","item":"https:\/\/www.lohschule-datteln.de\/"},{"@type":"ListItem","position":2,"name":"Vorlesetag 2022"}]},{"@type":"WebSite","@id":"https:\/\/www.lohschule-datteln.de\/#website","url":"https:\/\/www.lohschule-datteln.de\/","name":"Lohschule Datteln","description":"kath. Grundschule","publisher":{"@id":"https:\/\/www.lohschule-datteln.de\/#organization"},"potentialAction":[{"@type":"SearchAction","target":{"@type":"EntryPoint","urlTemplate":"https:\/\/www.lohschule-datteln.de\/?s={search_term_string}"},"query-input":{"@type":"PropertyValueSpecification","valueRequired":true,"valueName":"search_term_string"}}],"inLanguage":"de"},{"@type":"Organization","@id":"https:\/\/www.lohschule-datteln.de\/#organization","name":"Lohschule -katholische Grundschule Datteln","url":"https:\/\/www.lohschule-datteln.de\/","logo":{"@type":"ImageObject","inLanguage":"de","@id":"https:\/\/www.lohschule-datteln.de\/#\/schema\/logo\/image\/","url":"http:\/\/www.lohschule-datteln.de\/wp-content\/uploads\/2016\/02\/Loh-neu-2016.jpg","contentUrl":"http:\/\/www.lohschule-datteln.de\/wp-content\/uploads\/2016\/02\/Loh-neu-2016.jpg","width":448,"height":252,"caption":"Lohschule -katholische Grundschule Datteln"},"image":{"@id":"https:\/\/www.lohschule-datteln.de\/#\/schema\/logo\/image\/"}}]}},"_links":{"self":[{"href":"https:\/\/www.lohschule-datteln.de\/index.php\/wp-json\/wp\/v2\/pages\/12431","targetHints":{"allow":["GET"]}}],"collection":[{"href":"https:\/\/www.lohschule-datteln.de\/index.php\/wp-json\/wp\/v2\/pages"}],"about":[{"href":"https:\/\/www.lohschule-datteln.de\/index.php\/wp-json\/wp\/v2\/types\/page"}],"author":[{"embeddable":true,"href":"https:\/\/www.lohschule-datteln.de\/index.php\/wp-json\/wp\/v2\/users\/3"}],"replies":[{"embeddable":true,"href":"https:\/\/www.lohschule-datteln.de\/index.php\/wp-json\/wp\/v2\/comments?post=12431"}],"version-history":[{"count":5,"href":"https:\/\/www.lohschule-datteln.de\/index.php\/wp-json\/wp\/v2\/pages\/12431\/revisions"}],"predecessor-version":[{"id":12446,"href":"https:\/\/www.lohschule-datteln.de\/index.php\/wp-json\/wp\/v2\/pages\/12431\/revisions\/12446"}],"wp:attachment":[{"href":"https:\/\/www.lohschule-datteln.de\/index.php\/wp-json\/wp\/v2\/media?parent=12431"}],"curies":[{"name":"wp","href":"https:\/\/api.w.org\/{rel}","templated":true}]}}