{"id":12580,"date":"2023-02-11T17:59:00","date_gmt":"2023-02-11T16:59:00","guid":{"rendered":"https:\/\/www.lohschule-datteln.de\/?page_id=12580"},"modified":"2023-02-11T18:03:52","modified_gmt":"2023-02-11T17:03:52","slug":"lohschule-beim-volleyball","status":"publish","type":"page","link":"https:\/\/www.lohschule-datteln.de\/index.php\/lohschule-beim-volleyball\/","title":{"rendered":"Lohschulteam beim Volleyball"},"content":{"rendered":"<h2 style=\"font-weight: 400;\"><strong>Lohschule als Kreismeister Volley erfolgreich!<\/strong><\/h2>\n<p style=\"font-weight: 400;\"><span style=\"color: #808080;\">Einen v\u00f6llig unerwarteten, aber verdienten Sieg beim Volleyballturnier der Grundschulen im Kreis Recklinghausen feierte die Mannschaft<\/span><span>\u00a0<\/span><span style=\"color: #808080;\">der Lohschule Datteln am Mittwoch, 08.02.2023 in Marl.<\/span><\/p>\n<p style=\"font-weight: 400;\"><span style=\"color: #808080;\">Die drei in letzter Sekunde zusammengew\u00fcrfelten Sch\u00fclerinnen Neele Benthaus, Paula Elles und Frieda Schneidau traten unter der Leitung<\/span><span>\u00a0<\/span><span style=\"color: #808080;\">von Steffi Abraham vom Westdeutschen Volleyballverband gegen Teams von der Albert Schweitzer Schule aus Datteln sowie aus Marl und Gladbeck an. Trotz vereinfachter WVV-Regeln musste der erste und dritte Ball grunds\u00e4tzlich volley gespielt werden.<\/span><\/p>\n<p style=\"font-weight: 400;\"><span style=\"color: #808080;\">Das von Katrin Schneidau im Crashkurs vorbereitete und von Friederike Elles souver\u00e4n gecoachte Team wuchs \u00fcber sich hinaus und machte<\/span><span>\u00a0<\/span><span style=\"color: #808080;\">die zum Teil fehlende Volleyballerfahrung mit Cleverness und Kampgeist wett. Im Finale des Turniers mit neun gemischten Mannschaften aus M\u00e4dchen und Jungen setzten sich die drei M\u00e4dels gegen das Team der August D\u00f6hr Schule in Marl durch. Schulleiterin Birgit Schneider nahm den mitgebrachten Siegerpokal stolz entgegen und ehrte das Team f\u00fcr die hervorragenden Leistungen.<\/span><\/p>\n<div id='gallery-1' class='gallery galleryid-12580 gallery-columns-2 gallery-size-medium'><figure class='gallery-item'>\n\t\t\t<div class='gallery-icon landscape'>\n\t\t\t\t<img loading=\"lazy\" decoding=\"async\" width=\"300\" height=\"169\" src=\"https:\/\/www.lohschule-datteln.de\/wp-content\/uploads\/2023\/02\/Volley1-300x169.jpg\" class=\"attachment-medium size-medium\" alt=\"\" srcset=\"https:\/\/www.lohschule-datteln.de\/wp-content\/uploads\/2023\/02\/Volley1-300x169.jpg 300w, https:\/\/www.lohschule-datteln.de\/wp-content\/uploads\/2023\/02\/Volley1.jpg 600w\" sizes=\"auto, (max-width: 300px) 100vw, 300px\" \/>\n\t\t\t<\/div><\/figure><figure class='gallery-item'>\n\t\t\t<div class='gallery-icon landscape'>\n\t\t\t\t<img loading=\"lazy\" decoding=\"async\" width=\"300\" height=\"169\" src=\"https:\/\/www.lohschule-datteln.de\/wp-content\/uploads\/2023\/02\/Volley2-300x169.jpg\" class=\"attachment-medium size-medium\" alt=\"\" srcset=\"https:\/\/www.lohschule-datteln.de\/wp-content\/uploads\/2023\/02\/Volley2-300x169.jpg 300w, https:\/\/www.lohschule-datteln.de\/wp-content\/uploads\/2023\/02\/Volley2.jpg 600w\" sizes=\"auto, (max-width: 300px) 100vw, 300px\" \/>\n\t\t\t<\/div><\/figure>\n\t\t<\/div>\n\n<p><span style=\"font-weight: 400; color: #808080;\">Das gute Abschneiden von insgesamt drei Dattelner Teams bei dieser Kreismeisterschaft ist auch ein Verdienst der engagierten Nachwuchsarbeit\u00a0bei den Volleyballern der DJK Sportfreunde. Hier sind sportliche Jungs und M\u00e4dchen zwischen 8 und 12 Jahren zum Schnuppern, Trainieren und Spielen immer herzlich willkommen.<\/span><\/p>\n","protected":false},"excerpt":{"rendered":"<p>Lohschule als Kreismeister Volley erfolgreich! Einen v\u00f6llig unerwarteten, aber verdienten Sieg beim Volleyballturnier der Grundschulen im Kreis Recklinghausen feierte die Mannschaft\u00a0der Lohschule Datteln am Mittwoch, 08.02.2023 in Marl. Die drei in letzter Sekunde zusammengew\u00fcrfelten Sch\u00fclerinnen Neele Benthaus, Paula Elles und Frieda Schneidau traten unter der Leitung\u00a0von Steffi Abraham vom Westdeutschen Volleyballverband gegen Teams von der [&hellip;]<\/p>\n","protected":false},"author":3,"featured_media":0,"parent":0,"menu_order":0,"comment_status":"closed","ping_status":"closed","template":"","meta":{"footnotes":""},"class_list":["post-12580","page","type-page","status-publish","hentry"],"yoast_head":"<!-- This site is optimized with the Yoast SEO plugin v27.5 - https:\/\/yoast.com\/product\/yoast-seo-wordpress\/ -->\n<title>Lohschulteam beim Volleyball - Lohschule Datteln<\/title>\n<meta name=\"robots\" content=\"index, follow, max-snippet:-1, max-image-preview:large, max-video-preview:-1\" \/>\n<link rel=\"canonical\" href=\"https:\/\/www.lohschule-datteln.de\/index.php\/lohschule-beim-volleyball\/\" \/>\n<meta property=\"og:locale\" content=\"de_DE\" \/>\n<meta property=\"og:type\" content=\"article\" \/>\n<meta property=\"og:title\" content=\"Lohschulteam beim Volleyball - Lohschule Datteln\" \/>\n<meta property=\"og:description\" content=\"Lohschule als Kreismeister Volley erfolgreich! Einen v\u00f6llig unerwarteten, aber verdienten Sieg beim Volleyballturnier der Grundschulen im Kreis Recklinghausen feierte die Mannschaft\u00a0der Lohschule Datteln am Mittwoch, 08.02.2023 in Marl. Die drei in letzter Sekunde zusammengew\u00fcrfelten Sch\u00fclerinnen Neele Benthaus, Paula Elles und Frieda Schneidau traten unter der Leitung\u00a0von Steffi Abraham vom Westdeutschen Volleyballverband gegen Teams von der [&hellip;]\" \/>\n<meta property=\"og:url\" content=\"https:\/\/www.lohschule-datteln.de\/index.php\/lohschule-beim-volleyball\/\" \/>\n<meta property=\"og:site_name\" content=\"Lohschule Datteln\" \/>\n<meta property=\"article:modified_time\" content=\"2023-02-11T17:03:52+00:00\" \/>\n<meta property=\"og:image\" content=\"https:\/\/www.lohschule-datteln.de\/wp-content\/uploads\/2023\/02\/Volley1-300x169.jpg\" \/>\n<meta name=\"twitter:card\" content=\"summary_large_image\" \/>\n<meta name=\"twitter:label1\" content=\"Gesch\u00e4tzte Lesezeit\" \/>\n\t<meta name=\"twitter:data1\" content=\"2\u00a0Minuten\" \/>\n<script type=\"application\/ld+json\" class=\"yoast-schema-graph\">{\"@context\":\"https:\\\/\\\/schema.org\",\"@graph\":[{\"@type\":\"WebPage\",\"@id\":\"https:\\\/\\\/www.lohschule-datteln.de\\\/index.php\\\/lohschule-beim-volleyball\\\/\",\"url\":\"https:\\\/\\\/www.lohschule-datteln.de\\\/index.php\\\/lohschule-beim-volleyball\\\/\",\"name\":\"Lohschulteam beim Volleyball - Lohschule Datteln\",\"isPartOf\":{\"@id\":\"https:\\\/\\\/www.lohschule-datteln.de\\\/#website\"},\"datePublished\":\"2023-02-11T16:59:00+00:00\",\"dateModified\":\"2023-02-11T17:03:52+00:00\",\"breadcrumb\":{\"@id\":\"https:\\\/\\\/www.lohschule-datteln.de\\\/index.php\\\/lohschule-beim-volleyball\\\/#breadcrumb\"},\"inLanguage\":\"de\",\"potentialAction\":[{\"@type\":\"ReadAction\",\"target\":[\"https:\\\/\\\/www.lohschule-datteln.de\\\/index.php\\\/lohschule-beim-volleyball\\\/\"]}]},{\"@type\":\"BreadcrumbList\",\"@id\":\"https:\\\/\\\/www.lohschule-datteln.de\\\/index.php\\\/lohschule-beim-volleyball\\\/#breadcrumb\",\"itemListElement\":[{\"@type\":\"ListItem\",\"position\":1,\"name\":\"Startseite\",\"item\":\"https:\\\/\\\/www.lohschule-datteln.de\\\/\"},{\"@type\":\"ListItem\",\"position\":2,\"name\":\"Lohschulteam beim Volleyball\"}]},{\"@type\":\"WebSite\",\"@id\":\"https:\\\/\\\/www.lohschule-datteln.de\\\/#website\",\"url\":\"https:\\\/\\\/www.lohschule-datteln.de\\\/\",\"name\":\"Lohschule Datteln\",\"description\":\"kath. Grundschule\",\"publisher\":{\"@id\":\"https:\\\/\\\/www.lohschule-datteln.de\\\/#organization\"},\"potentialAction\":[{\"@type\":\"SearchAction\",\"target\":{\"@type\":\"EntryPoint\",\"urlTemplate\":\"https:\\\/\\\/www.lohschule-datteln.de\\\/?s={search_term_string}\"},\"query-input\":{\"@type\":\"PropertyValueSpecification\",\"valueRequired\":true,\"valueName\":\"search_term_string\"}}],\"inLanguage\":\"de\"},{\"@type\":\"Organization\",\"@id\":\"https:\\\/\\\/www.lohschule-datteln.de\\\/#organization\",\"name\":\"Lohschule -katholische Grundschule Datteln\",\"url\":\"https:\\\/\\\/www.lohschule-datteln.de\\\/\",\"logo\":{\"@type\":\"ImageObject\",\"inLanguage\":\"de\",\"@id\":\"https:\\\/\\\/www.lohschule-datteln.de\\\/#\\\/schema\\\/logo\\\/image\\\/\",\"url\":\"http:\\\/\\\/www.lohschule-datteln.de\\\/wp-content\\\/uploads\\\/2016\\\/02\\\/Loh-neu-2016.jpg\",\"contentUrl\":\"http:\\\/\\\/www.lohschule-datteln.de\\\/wp-content\\\/uploads\\\/2016\\\/02\\\/Loh-neu-2016.jpg\",\"width\":448,\"height\":252,\"caption\":\"Lohschule -katholische Grundschule Datteln\"},\"image\":{\"@id\":\"https:\\\/\\\/www.lohschule-datteln.de\\\/#\\\/schema\\\/logo\\\/image\\\/\"}}]}<\/script>\n<!-- \/ Yoast SEO plugin. -->","yoast_head_json":{"title":"Lohschulteam beim Volleyball - Lohschule Datteln","robots":{"index":"index","follow":"follow","max-snippet":"max-snippet:-1","max-image-preview":"max-image-preview:large","max-video-preview":"max-video-preview:-1"},"canonical":"https:\/\/www.lohschule-datteln.de\/index.php\/lohschule-beim-volleyball\/","og_locale":"de_DE","og_type":"article","og_title":"Lohschulteam beim Volleyball - Lohschule Datteln","og_description":"Lohschule als Kreismeister Volley erfolgreich! Einen v\u00f6llig unerwarteten, aber verdienten Sieg beim Volleyballturnier der Grundschulen im Kreis Recklinghausen feierte die Mannschaft\u00a0der Lohschule Datteln am Mittwoch, 08.02.2023 in Marl. Die drei in letzter Sekunde zusammengew\u00fcrfelten Sch\u00fclerinnen Neele Benthaus, Paula Elles und Frieda Schneidau traten unter der Leitung\u00a0von Steffi Abraham vom Westdeutschen Volleyballverband gegen Teams von der [&hellip;]","og_url":"https:\/\/www.lohschule-datteln.de\/index.php\/lohschule-beim-volleyball\/","og_site_name":"Lohschule Datteln","article_modified_time":"2023-02-11T17:03:52+00:00","og_image":[{"url":"https:\/\/www.lohschule-datteln.de\/wp-content\/uploads\/2023\/02\/Volley1-300x169.jpg","type":"","width":"","height":""}],"twitter_card":"summary_large_image","twitter_misc":{"Gesch\u00e4tzte Lesezeit":"2\u00a0Minuten"},"schema":{"@context":"https:\/\/schema.org","@graph":[{"@type":"WebPage","@id":"https:\/\/www.lohschule-datteln.de\/index.php\/lohschule-beim-volleyball\/","url":"https:\/\/www.lohschule-datteln.de\/index.php\/lohschule-beim-volleyball\/","name":"Lohschulteam beim Volleyball - Lohschule Datteln","isPartOf":{"@id":"https:\/\/www.lohschule-datteln.de\/#website"},"datePublished":"2023-02-11T16:59:00+00:00","dateModified":"2023-02-11T17:03:52+00:00","breadcrumb":{"@id":"https:\/\/www.lohschule-datteln.de\/index.php\/lohschule-beim-volleyball\/#breadcrumb"},"inLanguage":"de","potentialAction":[{"@type":"ReadAction","target":["https:\/\/www.lohschule-datteln.de\/index.php\/lohschule-beim-volleyball\/"]}]},{"@type":"BreadcrumbList","@id":"https:\/\/www.lohschule-datteln.de\/index.php\/lohschule-beim-volleyball\/#breadcrumb","itemListElement":[{"@type":"ListItem","position":1,"name":"Startseite","item":"https:\/\/www.lohschule-datteln.de\/"},{"@type":"ListItem","position":2,"name":"Lohschulteam beim Volleyball"}]},{"@type":"WebSite","@id":"https:\/\/www.lohschule-datteln.de\/#website","url":"https:\/\/www.lohschule-datteln.de\/","name":"Lohschule Datteln","description":"kath. Grundschule","publisher":{"@id":"https:\/\/www.lohschule-datteln.de\/#organization"},"potentialAction":[{"@type":"SearchAction","target":{"@type":"EntryPoint","urlTemplate":"https:\/\/www.lohschule-datteln.de\/?s={search_term_string}"},"query-input":{"@type":"PropertyValueSpecification","valueRequired":true,"valueName":"search_term_string"}}],"inLanguage":"de"},{"@type":"Organization","@id":"https:\/\/www.lohschule-datteln.de\/#organization","name":"Lohschule -katholische Grundschule Datteln","url":"https:\/\/www.lohschule-datteln.de\/","logo":{"@type":"ImageObject","inLanguage":"de","@id":"https:\/\/www.lohschule-datteln.de\/#\/schema\/logo\/image\/","url":"http:\/\/www.lohschule-datteln.de\/wp-content\/uploads\/2016\/02\/Loh-neu-2016.jpg","contentUrl":"http:\/\/www.lohschule-datteln.de\/wp-content\/uploads\/2016\/02\/Loh-neu-2016.jpg","width":448,"height":252,"caption":"Lohschule -katholische Grundschule Datteln"},"image":{"@id":"https:\/\/www.lohschule-datteln.de\/#\/schema\/logo\/image\/"}}]}},"_links":{"self":[{"href":"https:\/\/www.lohschule-datteln.de\/index.php\/wp-json\/wp\/v2\/pages\/12580","targetHints":{"allow":["GET"]}}],"collection":[{"href":"https:\/\/www.lohschule-datteln.de\/index.php\/wp-json\/wp\/v2\/pages"}],"about":[{"href":"https:\/\/www.lohschule-datteln.de\/index.php\/wp-json\/wp\/v2\/types\/page"}],"author":[{"embeddable":true,"href":"https:\/\/www.lohschule-datteln.de\/index.php\/wp-json\/wp\/v2\/users\/3"}],"replies":[{"embeddable":true,"href":"https:\/\/www.lohschule-datteln.de\/index.php\/wp-json\/wp\/v2\/comments?post=12580"}],"version-history":[{"count":3,"href":"https:\/\/www.lohschule-datteln.de\/index.php\/wp-json\/wp\/v2\/pages\/12580\/revisions"}],"predecessor-version":[{"id":12585,"href":"https:\/\/www.lohschule-datteln.de\/index.php\/wp-json\/wp\/v2\/pages\/12580\/revisions\/12585"}],"wp:attachment":[{"href":"https:\/\/www.lohschule-datteln.de\/index.php\/wp-json\/wp\/v2\/media?parent=12580"}],"curies":[{"name":"wp","href":"https:\/\/api.w.org\/{rel}","templated":true}]}}