{"id":12983,"date":"2023-08-10T19:24:45","date_gmt":"2023-08-10T17:24:45","guid":{"rendered":"https:\/\/www.lohschule-datteln.de\/?page_id=12983"},"modified":"2023-08-12T12:54:56","modified_gmt":"2023-08-12T10:54:56","slug":"einschulung-2023-24","status":"publish","type":"page","link":"https:\/\/www.lohschule-datteln.de\/index.php\/einschulung-2023-24\/","title":{"rendered":"Einschulung 2023"},"content":{"rendered":"<p><span style=\"color: #808080;\"><img loading=\"lazy\" decoding=\"async\" class=\"wp-image-12830 alignleft\" src=\"https:\/\/www.lohschule-datteln.de\/wp-content\/uploads\/2023\/06\/137dbaf5-1dbc-4359-9aba-2b379ef9e51d.jpg\" alt=\"\" width=\"153\" height=\"204\" srcset=\"https:\/\/www.lohschule-datteln.de\/wp-content\/uploads\/2023\/06\/137dbaf5-1dbc-4359-9aba-2b379ef9e51d.jpg 600w, https:\/\/www.lohschule-datteln.de\/wp-content\/uploads\/2023\/06\/137dbaf5-1dbc-4359-9aba-2b379ef9e51d-225x300.jpg 225w\" sizes=\"auto, (max-width: 153px) 100vw, 153px\" \/>Am Dienstag, den 8. August 2023, war es endlich soweit und die &#8222;Raben&#8220;, &#8222;Waschb\u00e4ren&#8220; und &#8222;Fische&#8220; hatten ihren ersten Schultag. <\/span><\/p>\n<p><span style=\"color: #808080;\">Um 8.45 Uhr kamen die Kinder der Fischklasse mit ihren Eltern und Einschulungsg\u00e4sten auf dem vorderen Schulhof zusammen. Frau Schneider begr\u00fc\u00dfte die Schulkinder, ihre Eltern und Einschulungsg\u00e4ste. Dann traten die Kinder der Eisb\u00e4renklasse (3a) unter Leitung von Frau J\u00fcrgens-Wember auf und sangen f\u00fcr ihre Patenklasse das Lohschullied. <\/span><\/p>\n<p><span style=\"color: #808080;\">Pfarrer Pla\u00dfmann trat nun an die neuen Schulkinder heran und erz\u00e4hlte ihnen eine kleine Geschichte und gab ihnen mit auf den Weg: Gott beh\u00fctet dich.<\/span><\/p>\n<p><span style=\"color: #808080;\">Nachdem Pfarrer Pla\u00dfmann die Klasse gesegnet hatte, rief Frau Schneider die &#8222;Fische&#8220; der Reihe nach auf, und sie stellten sich an ein Seil zu ihrer Klassenlehrerin Frau Berges. Dann verschwanden die Fischklassenkinder in langer Schlange langsam im Schulgeb\u00e4ude und begaben sich auf den Weg zu ihrer ersten Schulstunde. \u00a0<\/span><\/p>\n<p><span style=\"color: #808080;\">So war es dann auch um 9.15 Uhr bei der Waschb\u00e4renklasse (1b) und ihrer Klassenlehrerin Frau Kinberger und um 9.45 Uhr bei der Rabenklasse (1c) und der Klassenlehrerin Frau Hormann. <\/span><\/p>\n<p><span style=\"color: #808080;\">Die Waschb\u00e4renklasse wurde von den &#8222;Schmetterlingen&#8220; (3b) unter der Leitung von Herrn L\u00f6ffler mit dem Lohschullied begr\u00fc\u00dft und die &#8222;Rabenklassenkinder&#8220; bekamen ihr St\u00e4ndchen von der L\u00f6wenklasse unter der Leitung von Frau D\u00f6ring und Herrn Hillmeister. <\/span><\/p>\n<p><span style=\"color: #808080;\">Nachdem sich die Kinder zu ihrer ersten Schulstunde in die Klasse begeben hatten, bat Frau Schneider die Eltern und G\u00e4ste auf den hinteren Schulhof, denn dort wartete der F\u00f6rderverein mit Getr\u00e4nken, Waffeln und Kuchen auf, um die Wartezeit f\u00fcr die Eltern und Angeh\u00f6rigen ein wenig angenehmer zu gestalten. <\/span><\/p>\n<p><span style=\"color: #808080;\">Nach der ersten Schulstunde kamen die &#8222;Fische&#8220;, &#8222;Waschb\u00e4ren&#8220; und &#8222;Raben&#8220; \u00a0mit ihren Klassenlehrerinnen auch auf den hinteren Schulhof, wo die Kinder von ihren Eltern freudig empfangen wurden. Nun gab es f\u00fcr alle die Gelegenheit, sich im Klassenzimmer umzusehen, Fotos zu machen und ein erstes Gespr\u00e4ch mit der Klassenlehrerin zu f\u00fchren. <\/span><\/p>\n<p><span style=\"color: #808080;\">Ein kleiner Einblick in Bildern:<\/span><\/p>\n<div id='gallery-1' class='gallery galleryid-12983 gallery-columns-3 gallery-size-medium'><figure class='gallery-item'>\n\t\t\t<div class='gallery-icon landscape'>\n\t\t\t\t<img loading=\"lazy\" decoding=\"async\" width=\"300\" height=\"225\" src=\"https:\/\/www.lohschule-datteln.de\/wp-content\/uploads\/2023\/08\/IMG_6233-300x225.jpg\" class=\"attachment-medium size-medium\" alt=\"\" srcset=\"https:\/\/www.lohschule-datteln.de\/wp-content\/uploads\/2023\/08\/IMG_6233-300x225.jpg 300w, https:\/\/www.lohschule-datteln.de\/wp-content\/uploads\/2023\/08\/IMG_6233-768x576.jpg 768w, https:\/\/www.lohschule-datteln.de\/wp-content\/uploads\/2023\/08\/IMG_6233.jpg 800w\" sizes=\"auto, (max-width: 300px) 100vw, 300px\" \/>\n\t\t\t<\/div><\/figure><figure class='gallery-item'>\n\t\t\t<div class='gallery-icon landscape'>\n\t\t\t\t<img loading=\"lazy\" decoding=\"async\" width=\"300\" height=\"225\" src=\"https:\/\/www.lohschule-datteln.de\/wp-content\/uploads\/2023\/08\/IMG_6234-300x225.jpg\" class=\"attachment-medium size-medium\" alt=\"\" srcset=\"https:\/\/www.lohschule-datteln.de\/wp-content\/uploads\/2023\/08\/IMG_6234-300x225.jpg 300w, https:\/\/www.lohschule-datteln.de\/wp-content\/uploads\/2023\/08\/IMG_6234-768x576.jpg 768w, https:\/\/www.lohschule-datteln.de\/wp-content\/uploads\/2023\/08\/IMG_6234.jpg 800w\" sizes=\"auto, (max-width: 300px) 100vw, 300px\" \/>\n\t\t\t<\/div><\/figure><figure class='gallery-item'>\n\t\t\t<div class='gallery-icon landscape'>\n\t\t\t\t<img loading=\"lazy\" decoding=\"async\" width=\"300\" height=\"225\" src=\"https:\/\/www.lohschule-datteln.de\/wp-content\/uploads\/2023\/08\/IMG_6236-300x225.jpg\" class=\"attachment-medium size-medium\" alt=\"\" srcset=\"https:\/\/www.lohschule-datteln.de\/wp-content\/uploads\/2023\/08\/IMG_6236-300x225.jpg 300w, https:\/\/www.lohschule-datteln.de\/wp-content\/uploads\/2023\/08\/IMG_6236-768x576.jpg 768w, https:\/\/www.lohschule-datteln.de\/wp-content\/uploads\/2023\/08\/IMG_6236.jpg 800w\" sizes=\"auto, (max-width: 300px) 100vw, 300px\" \/>\n\t\t\t<\/div><\/figure>\n\t\t<\/div>\n\n<div id='gallery-2' class='gallery galleryid-12983 gallery-columns-3 gallery-size-medium'><figure class='gallery-item'>\n\t\t\t<div class='gallery-icon landscape'>\n\t\t\t\t<img loading=\"lazy\" decoding=\"async\" width=\"300\" height=\"225\" src=\"https:\/\/www.lohschule-datteln.de\/wp-content\/uploads\/2023\/08\/IMG_6235-300x225.jpg\" class=\"attachment-medium size-medium\" alt=\"\" srcset=\"https:\/\/www.lohschule-datteln.de\/wp-content\/uploads\/2023\/08\/IMG_6235-300x225.jpg 300w, https:\/\/www.lohschule-datteln.de\/wp-content\/uploads\/2023\/08\/IMG_6235-768x576.jpg 768w, https:\/\/www.lohschule-datteln.de\/wp-content\/uploads\/2023\/08\/IMG_6235.jpg 800w\" sizes=\"auto, (max-width: 300px) 100vw, 300px\" \/>\n\t\t\t<\/div><\/figure><figure class='gallery-item'>\n\t\t\t<div class='gallery-icon landscape'>\n\t\t\t\t<img loading=\"lazy\" decoding=\"async\" width=\"300\" height=\"225\" src=\"https:\/\/www.lohschule-datteln.de\/wp-content\/uploads\/2023\/08\/IMG_6239-300x225.jpg\" class=\"attachment-medium size-medium\" alt=\"\" srcset=\"https:\/\/www.lohschule-datteln.de\/wp-content\/uploads\/2023\/08\/IMG_6239-300x225.jpg 300w, https:\/\/www.lohschule-datteln.de\/wp-content\/uploads\/2023\/08\/IMG_6239-768x576.jpg 768w, https:\/\/www.lohschule-datteln.de\/wp-content\/uploads\/2023\/08\/IMG_6239.jpg 800w\" sizes=\"auto, (max-width: 300px) 100vw, 300px\" \/>\n\t\t\t<\/div><\/figure><figure class='gallery-item'>\n\t\t\t<div class='gallery-icon portrait'>\n\t\t\t\t<img loading=\"lazy\" decoding=\"async\" width=\"225\" height=\"300\" src=\"https:\/\/www.lohschule-datteln.de\/wp-content\/uploads\/2023\/08\/IMG_6237-225x300.jpg\" class=\"attachment-medium size-medium\" alt=\"\" srcset=\"https:\/\/www.lohschule-datteln.de\/wp-content\/uploads\/2023\/08\/IMG_6237-225x300.jpg 225w, https:\/\/www.lohschule-datteln.de\/wp-content\/uploads\/2023\/08\/IMG_6237-768x1024.jpg 768w, https:\/\/www.lohschule-datteln.de\/wp-content\/uploads\/2023\/08\/IMG_6237.jpg 800w\" sizes=\"auto, (max-width: 225px) 100vw, 225px\" \/>\n\t\t\t<\/div><\/figure>\n\t\t<\/div>\n\n<div id='gallery-3' class='gallery galleryid-12983 gallery-columns-3 gallery-size-medium'><figure class='gallery-item'>\n\t\t\t<div class='gallery-icon landscape'>\n\t\t\t\t<img loading=\"lazy\" decoding=\"async\" width=\"300\" height=\"225\" src=\"https:\/\/www.lohschule-datteln.de\/wp-content\/uploads\/2023\/08\/IMG_6240-300x225.jpg\" class=\"attachment-medium size-medium\" alt=\"\" srcset=\"https:\/\/www.lohschule-datteln.de\/wp-content\/uploads\/2023\/08\/IMG_6240-300x225.jpg 300w, https:\/\/www.lohschule-datteln.de\/wp-content\/uploads\/2023\/08\/IMG_6240-768x576.jpg 768w, https:\/\/www.lohschule-datteln.de\/wp-content\/uploads\/2023\/08\/IMG_6240.jpg 800w\" sizes=\"auto, (max-width: 300px) 100vw, 300px\" \/>\n\t\t\t<\/div><\/figure><figure class='gallery-item'>\n\t\t\t<div class='gallery-icon landscape'>\n\t\t\t\t<img loading=\"lazy\" decoding=\"async\" width=\"300\" height=\"225\" src=\"https:\/\/www.lohschule-datteln.de\/wp-content\/uploads\/2023\/08\/IMG_6241-300x225.jpg\" class=\"attachment-medium size-medium\" alt=\"\" srcset=\"https:\/\/www.lohschule-datteln.de\/wp-content\/uploads\/2023\/08\/IMG_6241-300x225.jpg 300w, https:\/\/www.lohschule-datteln.de\/wp-content\/uploads\/2023\/08\/IMG_6241-768x576.jpg 768w, https:\/\/www.lohschule-datteln.de\/wp-content\/uploads\/2023\/08\/IMG_6241.jpg 800w\" sizes=\"auto, (max-width: 300px) 100vw, 300px\" \/>\n\t\t\t<\/div><\/figure><figure class='gallery-item'>\n\t\t\t<div class='gallery-icon landscape'>\n\t\t\t\t<img loading=\"lazy\" decoding=\"async\" width=\"300\" height=\"225\" src=\"https:\/\/www.lohschule-datteln.de\/wp-content\/uploads\/2023\/08\/IMG_6242-300x225.jpg\" class=\"attachment-medium size-medium\" alt=\"\" srcset=\"https:\/\/www.lohschule-datteln.de\/wp-content\/uploads\/2023\/08\/IMG_6242-300x225.jpg 300w, https:\/\/www.lohschule-datteln.de\/wp-content\/uploads\/2023\/08\/IMG_6242-768x576.jpg 768w, https:\/\/www.lohschule-datteln.de\/wp-content\/uploads\/2023\/08\/IMG_6242.jpg 800w\" sizes=\"auto, (max-width: 300px) 100vw, 300px\" \/>\n\t\t\t<\/div><\/figure>\n\t\t<\/div>\n\n<div id='gallery-4' class='gallery galleryid-12983 gallery-columns-3 gallery-size-medium'><figure class='gallery-item'>\n\t\t\t<div class='gallery-icon landscape'>\n\t\t\t\t<img loading=\"lazy\" decoding=\"async\" width=\"300\" height=\"225\" src=\"https:\/\/www.lohschule-datteln.de\/wp-content\/uploads\/2023\/08\/IMG_6245-300x225.jpg\" class=\"attachment-medium size-medium\" alt=\"\" srcset=\"https:\/\/www.lohschule-datteln.de\/wp-content\/uploads\/2023\/08\/IMG_6245-300x225.jpg 300w, https:\/\/www.lohschule-datteln.de\/wp-content\/uploads\/2023\/08\/IMG_6245-768x576.jpg 768w, https:\/\/www.lohschule-datteln.de\/wp-content\/uploads\/2023\/08\/IMG_6245.jpg 800w\" sizes=\"auto, (max-width: 300px) 100vw, 300px\" \/>\n\t\t\t<\/div><\/figure><figure class='gallery-item'>\n\t\t\t<div class='gallery-icon landscape'>\n\t\t\t\t<img loading=\"lazy\" decoding=\"async\" width=\"300\" height=\"225\" src=\"https:\/\/www.lohschule-datteln.de\/wp-content\/uploads\/2023\/08\/IMG_6244-300x225.jpg\" class=\"attachment-medium size-medium\" alt=\"\" srcset=\"https:\/\/www.lohschule-datteln.de\/wp-content\/uploads\/2023\/08\/IMG_6244-300x225.jpg 300w, https:\/\/www.lohschule-datteln.de\/wp-content\/uploads\/2023\/08\/IMG_6244-768x576.jpg 768w, https:\/\/www.lohschule-datteln.de\/wp-content\/uploads\/2023\/08\/IMG_6244.jpg 800w\" sizes=\"auto, (max-width: 300px) 100vw, 300px\" \/>\n\t\t\t<\/div><\/figure><figure class='gallery-item'>\n\t\t\t<div class='gallery-icon landscape'>\n\t\t\t\t<img loading=\"lazy\" decoding=\"async\" width=\"300\" height=\"225\" src=\"https:\/\/www.lohschule-datteln.de\/wp-content\/uploads\/2023\/08\/IMG_6243-300x225.jpg\" class=\"attachment-medium size-medium\" alt=\"\" srcset=\"https:\/\/www.lohschule-datteln.de\/wp-content\/uploads\/2023\/08\/IMG_6243-300x225.jpg 300w, https:\/\/www.lohschule-datteln.de\/wp-content\/uploads\/2023\/08\/IMG_6243-768x576.jpg 768w, https:\/\/www.lohschule-datteln.de\/wp-content\/uploads\/2023\/08\/IMG_6243.jpg 800w\" sizes=\"auto, (max-width: 300px) 100vw, 300px\" \/>\n\t\t\t<\/div><\/figure>\n\t\t<\/div>\n\n<div id='gallery-5' class='gallery galleryid-12983 gallery-columns-3 gallery-size-medium'><figure class='gallery-item'>\n\t\t\t<div class='gallery-icon landscape'>\n\t\t\t\t<img loading=\"lazy\" decoding=\"async\" width=\"300\" height=\"225\" src=\"https:\/\/www.lohschule-datteln.de\/wp-content\/uploads\/2023\/08\/IMG_6248-300x225.jpg\" class=\"attachment-medium size-medium\" alt=\"\" srcset=\"https:\/\/www.lohschule-datteln.de\/wp-content\/uploads\/2023\/08\/IMG_6248-300x225.jpg 300w, https:\/\/www.lohschule-datteln.de\/wp-content\/uploads\/2023\/08\/IMG_6248-768x576.jpg 768w, https:\/\/www.lohschule-datteln.de\/wp-content\/uploads\/2023\/08\/IMG_6248.jpg 800w\" sizes=\"auto, (max-width: 300px) 100vw, 300px\" \/>\n\t\t\t<\/div><\/figure><figure class='gallery-item'>\n\t\t\t<div class='gallery-icon landscape'>\n\t\t\t\t<img loading=\"lazy\" decoding=\"async\" width=\"300\" height=\"225\" src=\"https:\/\/www.lohschule-datteln.de\/wp-content\/uploads\/2023\/08\/IMG_6247-300x225.jpg\" class=\"attachment-medium size-medium\" alt=\"\" srcset=\"https:\/\/www.lohschule-datteln.de\/wp-content\/uploads\/2023\/08\/IMG_6247-300x225.jpg 300w, https:\/\/www.lohschule-datteln.de\/wp-content\/uploads\/2023\/08\/IMG_6247-768x576.jpg 768w, https:\/\/www.lohschule-datteln.de\/wp-content\/uploads\/2023\/08\/IMG_6247.jpg 800w\" sizes=\"auto, (max-width: 300px) 100vw, 300px\" \/>\n\t\t\t<\/div><\/figure><figure class='gallery-item'>\n\t\t\t<div class='gallery-icon landscape'>\n\t\t\t\t<img loading=\"lazy\" decoding=\"async\" width=\"300\" height=\"225\" src=\"https:\/\/www.lohschule-datteln.de\/wp-content\/uploads\/2023\/08\/IMG_6246-300x225.jpg\" class=\"attachment-medium size-medium\" alt=\"\" srcset=\"https:\/\/www.lohschule-datteln.de\/wp-content\/uploads\/2023\/08\/IMG_6246-300x225.jpg 300w, https:\/\/www.lohschule-datteln.de\/wp-content\/uploads\/2023\/08\/IMG_6246-768x576.jpg 768w, https:\/\/www.lohschule-datteln.de\/wp-content\/uploads\/2023\/08\/IMG_6246.jpg 800w\" sizes=\"auto, (max-width: 300px) 100vw, 300px\" \/>\n\t\t\t<\/div><\/figure>\n\t\t<\/div>\n\n<div id='gallery-6' class='gallery galleryid-12983 gallery-columns-3 gallery-size-medium'><figure class='gallery-item'>\n\t\t\t<div class='gallery-icon landscape'>\n\t\t\t\t<img loading=\"lazy\" decoding=\"async\" width=\"300\" height=\"225\" src=\"https:\/\/www.lohschule-datteln.de\/wp-content\/uploads\/2023\/08\/IMG_6249-300x225.jpg\" class=\"attachment-medium size-medium\" alt=\"\" srcset=\"https:\/\/www.lohschule-datteln.de\/wp-content\/uploads\/2023\/08\/IMG_6249-300x225.jpg 300w, https:\/\/www.lohschule-datteln.de\/wp-content\/uploads\/2023\/08\/IMG_6249-768x576.jpg 768w, https:\/\/www.lohschule-datteln.de\/wp-content\/uploads\/2023\/08\/IMG_6249.jpg 800w\" sizes=\"auto, (max-width: 300px) 100vw, 300px\" \/>\n\t\t\t<\/div><\/figure><figure class='gallery-item'>\n\t\t\t<div class='gallery-icon landscape'>\n\t\t\t\t<img loading=\"lazy\" decoding=\"async\" width=\"300\" height=\"225\" src=\"https:\/\/www.lohschule-datteln.de\/wp-content\/uploads\/2023\/08\/IMG_6250-300x225.jpg\" class=\"attachment-medium size-medium\" alt=\"\" srcset=\"https:\/\/www.lohschule-datteln.de\/wp-content\/uploads\/2023\/08\/IMG_6250-300x225.jpg 300w, https:\/\/www.lohschule-datteln.de\/wp-content\/uploads\/2023\/08\/IMG_6250-768x576.jpg 768w, https:\/\/www.lohschule-datteln.de\/wp-content\/uploads\/2023\/08\/IMG_6250.jpg 800w\" sizes=\"auto, (max-width: 300px) 100vw, 300px\" \/>\n\t\t\t<\/div><\/figure><figure class='gallery-item'>\n\t\t\t<div class='gallery-icon landscape'>\n\t\t\t\t<img loading=\"lazy\" decoding=\"async\" width=\"300\" height=\"225\" src=\"https:\/\/www.lohschule-datteln.de\/wp-content\/uploads\/2023\/08\/IMG_6251-300x225.jpg\" class=\"attachment-medium size-medium\" alt=\"\" srcset=\"https:\/\/www.lohschule-datteln.de\/wp-content\/uploads\/2023\/08\/IMG_6251-300x225.jpg 300w, https:\/\/www.lohschule-datteln.de\/wp-content\/uploads\/2023\/08\/IMG_6251-768x576.jpg 768w, https:\/\/www.lohschule-datteln.de\/wp-content\/uploads\/2023\/08\/IMG_6251.jpg 800w\" sizes=\"auto, (max-width: 300px) 100vw, 300px\" \/>\n\t\t\t<\/div><\/figure>\n\t\t<\/div>\n\n<p><span style=\"color: #008000;\">Das Team der Lohschule w\u00fcnscht allen neuen Schulkindern einen tollen Start im neuen Lebensabschnitt.<\/span><\/p>\n","protected":false},"excerpt":{"rendered":"<p>Am Dienstag, den 8. August 2023, war es endlich soweit und die &#8222;Raben&#8220;, &#8222;Waschb\u00e4ren&#8220; und &#8222;Fische&#8220; hatten ihren ersten Schultag. Um 8.45 Uhr kamen die Kinder der Fischklasse mit ihren Eltern und Einschulungsg\u00e4sten auf dem vorderen Schulhof zusammen. Frau Schneider begr\u00fc\u00dfte die Schulkinder, ihre Eltern und Einschulungsg\u00e4ste. Dann traten die Kinder der Eisb\u00e4renklasse (3a) unter [&hellip;]<\/p>\n","protected":false},"author":3,"featured_media":0,"parent":0,"menu_order":0,"comment_status":"closed","ping_status":"closed","template":"","meta":{"footnotes":""},"class_list":["post-12983","page","type-page","status-publish","hentry"],"yoast_head":"<!-- This site is optimized with the Yoast SEO plugin v27.5 - https:\/\/yoast.com\/product\/yoast-seo-wordpress\/ -->\n<title>Einschulung 2023 - Lohschule Datteln<\/title>\n<meta name=\"robots\" content=\"index, follow, max-snippet:-1, max-image-preview:large, max-video-preview:-1\" \/>\n<link rel=\"canonical\" href=\"https:\/\/www.lohschule-datteln.de\/index.php\/einschulung-2023-24\/\" \/>\n<meta property=\"og:locale\" content=\"de_DE\" \/>\n<meta property=\"og:type\" content=\"article\" \/>\n<meta property=\"og:title\" content=\"Einschulung 2023 - Lohschule Datteln\" \/>\n<meta property=\"og:description\" content=\"Am Dienstag, den 8. August 2023, war es endlich soweit und die &#8222;Raben&#8220;, &#8222;Waschb\u00e4ren&#8220; und &#8222;Fische&#8220; hatten ihren ersten Schultag. Um 8.45 Uhr kamen die Kinder der Fischklasse mit ihren Eltern und Einschulungsg\u00e4sten auf dem vorderen Schulhof zusammen. Frau Schneider begr\u00fc\u00dfte die Schulkinder, ihre Eltern und Einschulungsg\u00e4ste. Dann traten die Kinder der Eisb\u00e4renklasse (3a) unter [&hellip;]\" \/>\n<meta property=\"og:url\" content=\"https:\/\/www.lohschule-datteln.de\/index.php\/einschulung-2023-24\/\" \/>\n<meta property=\"og:site_name\" content=\"Lohschule Datteln\" \/>\n<meta property=\"article:modified_time\" content=\"2023-08-12T10:54:56+00:00\" \/>\n<meta property=\"og:image\" content=\"https:\/\/www.lohschule-datteln.de\/wp-content\/uploads\/2023\/08\/IMG_6233-300x225.jpg\" \/>\n<meta name=\"twitter:card\" content=\"summary_large_image\" \/>\n<meta name=\"twitter:label1\" content=\"Gesch\u00e4tzte Lesezeit\" \/>\n\t<meta name=\"twitter:data1\" content=\"3\u00a0Minuten\" \/>\n<script type=\"application\/ld+json\" class=\"yoast-schema-graph\">{\"@context\":\"https:\\\/\\\/schema.org\",\"@graph\":[{\"@type\":\"WebPage\",\"@id\":\"https:\\\/\\\/www.lohschule-datteln.de\\\/index.php\\\/einschulung-2023-24\\\/\",\"url\":\"https:\\\/\\\/www.lohschule-datteln.de\\\/index.php\\\/einschulung-2023-24\\\/\",\"name\":\"Einschulung 2023 - Lohschule Datteln\",\"isPartOf\":{\"@id\":\"https:\\\/\\\/www.lohschule-datteln.de\\\/#website\"},\"primaryImageOfPage\":{\"@id\":\"https:\\\/\\\/www.lohschule-datteln.de\\\/index.php\\\/einschulung-2023-24\\\/#primaryimage\"},\"image\":{\"@id\":\"https:\\\/\\\/www.lohschule-datteln.de\\\/index.php\\\/einschulung-2023-24\\\/#primaryimage\"},\"thumbnailUrl\":\"https:\\\/\\\/www.lohschule-datteln.de\\\/wp-content\\\/uploads\\\/2023\\\/06\\\/137dbaf5-1dbc-4359-9aba-2b379ef9e51d.jpg\",\"datePublished\":\"2023-08-10T17:24:45+00:00\",\"dateModified\":\"2023-08-12T10:54:56+00:00\",\"breadcrumb\":{\"@id\":\"https:\\\/\\\/www.lohschule-datteln.de\\\/index.php\\\/einschulung-2023-24\\\/#breadcrumb\"},\"inLanguage\":\"de\",\"potentialAction\":[{\"@type\":\"ReadAction\",\"target\":[\"https:\\\/\\\/www.lohschule-datteln.de\\\/index.php\\\/einschulung-2023-24\\\/\"]}]},{\"@type\":\"ImageObject\",\"inLanguage\":\"de\",\"@id\":\"https:\\\/\\\/www.lohschule-datteln.de\\\/index.php\\\/einschulung-2023-24\\\/#primaryimage\",\"url\":\"https:\\\/\\\/www.lohschule-datteln.de\\\/wp-content\\\/uploads\\\/2023\\\/06\\\/137dbaf5-1dbc-4359-9aba-2b379ef9e51d.jpg\",\"contentUrl\":\"https:\\\/\\\/www.lohschule-datteln.de\\\/wp-content\\\/uploads\\\/2023\\\/06\\\/137dbaf5-1dbc-4359-9aba-2b379ef9e51d.jpg\",\"width\":600,\"height\":800},{\"@type\":\"BreadcrumbList\",\"@id\":\"https:\\\/\\\/www.lohschule-datteln.de\\\/index.php\\\/einschulung-2023-24\\\/#breadcrumb\",\"itemListElement\":[{\"@type\":\"ListItem\",\"position\":1,\"name\":\"Startseite\",\"item\":\"https:\\\/\\\/www.lohschule-datteln.de\\\/\"},{\"@type\":\"ListItem\",\"position\":2,\"name\":\"Einschulung 2023\"}]},{\"@type\":\"WebSite\",\"@id\":\"https:\\\/\\\/www.lohschule-datteln.de\\\/#website\",\"url\":\"https:\\\/\\\/www.lohschule-datteln.de\\\/\",\"name\":\"Lohschule Datteln\",\"description\":\"kath. Grundschule\",\"publisher\":{\"@id\":\"https:\\\/\\\/www.lohschule-datteln.de\\\/#organization\"},\"potentialAction\":[{\"@type\":\"SearchAction\",\"target\":{\"@type\":\"EntryPoint\",\"urlTemplate\":\"https:\\\/\\\/www.lohschule-datteln.de\\\/?s={search_term_string}\"},\"query-input\":{\"@type\":\"PropertyValueSpecification\",\"valueRequired\":true,\"valueName\":\"search_term_string\"}}],\"inLanguage\":\"de\"},{\"@type\":\"Organization\",\"@id\":\"https:\\\/\\\/www.lohschule-datteln.de\\\/#organization\",\"name\":\"Lohschule -katholische Grundschule Datteln\",\"url\":\"https:\\\/\\\/www.lohschule-datteln.de\\\/\",\"logo\":{\"@type\":\"ImageObject\",\"inLanguage\":\"de\",\"@id\":\"https:\\\/\\\/www.lohschule-datteln.de\\\/#\\\/schema\\\/logo\\\/image\\\/\",\"url\":\"http:\\\/\\\/www.lohschule-datteln.de\\\/wp-content\\\/uploads\\\/2016\\\/02\\\/Loh-neu-2016.jpg\",\"contentUrl\":\"http:\\\/\\\/www.lohschule-datteln.de\\\/wp-content\\\/uploads\\\/2016\\\/02\\\/Loh-neu-2016.jpg\",\"width\":448,\"height\":252,\"caption\":\"Lohschule -katholische Grundschule Datteln\"},\"image\":{\"@id\":\"https:\\\/\\\/www.lohschule-datteln.de\\\/#\\\/schema\\\/logo\\\/image\\\/\"}}]}<\/script>\n<!-- \/ Yoast SEO plugin. -->","yoast_head_json":{"title":"Einschulung 2023 - Lohschule Datteln","robots":{"index":"index","follow":"follow","max-snippet":"max-snippet:-1","max-image-preview":"max-image-preview:large","max-video-preview":"max-video-preview:-1"},"canonical":"https:\/\/www.lohschule-datteln.de\/index.php\/einschulung-2023-24\/","og_locale":"de_DE","og_type":"article","og_title":"Einschulung 2023 - Lohschule Datteln","og_description":"Am Dienstag, den 8. August 2023, war es endlich soweit und die &#8222;Raben&#8220;, &#8222;Waschb\u00e4ren&#8220; und &#8222;Fische&#8220; hatten ihren ersten Schultag. Um 8.45 Uhr kamen die Kinder der Fischklasse mit ihren Eltern und Einschulungsg\u00e4sten auf dem vorderen Schulhof zusammen. Frau Schneider begr\u00fc\u00dfte die Schulkinder, ihre Eltern und Einschulungsg\u00e4ste. Dann traten die Kinder der Eisb\u00e4renklasse (3a) unter [&hellip;]","og_url":"https:\/\/www.lohschule-datteln.de\/index.php\/einschulung-2023-24\/","og_site_name":"Lohschule Datteln","article_modified_time":"2023-08-12T10:54:56+00:00","og_image":[{"url":"https:\/\/www.lohschule-datteln.de\/wp-content\/uploads\/2023\/08\/IMG_6233-300x225.jpg","type":"","width":"","height":""}],"twitter_card":"summary_large_image","twitter_misc":{"Gesch\u00e4tzte Lesezeit":"3\u00a0Minuten"},"schema":{"@context":"https:\/\/schema.org","@graph":[{"@type":"WebPage","@id":"https:\/\/www.lohschule-datteln.de\/index.php\/einschulung-2023-24\/","url":"https:\/\/www.lohschule-datteln.de\/index.php\/einschulung-2023-24\/","name":"Einschulung 2023 - Lohschule Datteln","isPartOf":{"@id":"https:\/\/www.lohschule-datteln.de\/#website"},"primaryImageOfPage":{"@id":"https:\/\/www.lohschule-datteln.de\/index.php\/einschulung-2023-24\/#primaryimage"},"image":{"@id":"https:\/\/www.lohschule-datteln.de\/index.php\/einschulung-2023-24\/#primaryimage"},"thumbnailUrl":"https:\/\/www.lohschule-datteln.de\/wp-content\/uploads\/2023\/06\/137dbaf5-1dbc-4359-9aba-2b379ef9e51d.jpg","datePublished":"2023-08-10T17:24:45+00:00","dateModified":"2023-08-12T10:54:56+00:00","breadcrumb":{"@id":"https:\/\/www.lohschule-datteln.de\/index.php\/einschulung-2023-24\/#breadcrumb"},"inLanguage":"de","potentialAction":[{"@type":"ReadAction","target":["https:\/\/www.lohschule-datteln.de\/index.php\/einschulung-2023-24\/"]}]},{"@type":"ImageObject","inLanguage":"de","@id":"https:\/\/www.lohschule-datteln.de\/index.php\/einschulung-2023-24\/#primaryimage","url":"https:\/\/www.lohschule-datteln.de\/wp-content\/uploads\/2023\/06\/137dbaf5-1dbc-4359-9aba-2b379ef9e51d.jpg","contentUrl":"https:\/\/www.lohschule-datteln.de\/wp-content\/uploads\/2023\/06\/137dbaf5-1dbc-4359-9aba-2b379ef9e51d.jpg","width":600,"height":800},{"@type":"BreadcrumbList","@id":"https:\/\/www.lohschule-datteln.de\/index.php\/einschulung-2023-24\/#breadcrumb","itemListElement":[{"@type":"ListItem","position":1,"name":"Startseite","item":"https:\/\/www.lohschule-datteln.de\/"},{"@type":"ListItem","position":2,"name":"Einschulung 2023"}]},{"@type":"WebSite","@id":"https:\/\/www.lohschule-datteln.de\/#website","url":"https:\/\/www.lohschule-datteln.de\/","name":"Lohschule Datteln","description":"kath. Grundschule","publisher":{"@id":"https:\/\/www.lohschule-datteln.de\/#organization"},"potentialAction":[{"@type":"SearchAction","target":{"@type":"EntryPoint","urlTemplate":"https:\/\/www.lohschule-datteln.de\/?s={search_term_string}"},"query-input":{"@type":"PropertyValueSpecification","valueRequired":true,"valueName":"search_term_string"}}],"inLanguage":"de"},{"@type":"Organization","@id":"https:\/\/www.lohschule-datteln.de\/#organization","name":"Lohschule -katholische Grundschule Datteln","url":"https:\/\/www.lohschule-datteln.de\/","logo":{"@type":"ImageObject","inLanguage":"de","@id":"https:\/\/www.lohschule-datteln.de\/#\/schema\/logo\/image\/","url":"http:\/\/www.lohschule-datteln.de\/wp-content\/uploads\/2016\/02\/Loh-neu-2016.jpg","contentUrl":"http:\/\/www.lohschule-datteln.de\/wp-content\/uploads\/2016\/02\/Loh-neu-2016.jpg","width":448,"height":252,"caption":"Lohschule -katholische Grundschule Datteln"},"image":{"@id":"https:\/\/www.lohschule-datteln.de\/#\/schema\/logo\/image\/"}}]}},"_links":{"self":[{"href":"https:\/\/www.lohschule-datteln.de\/index.php\/wp-json\/wp\/v2\/pages\/12983","targetHints":{"allow":["GET"]}}],"collection":[{"href":"https:\/\/www.lohschule-datteln.de\/index.php\/wp-json\/wp\/v2\/pages"}],"about":[{"href":"https:\/\/www.lohschule-datteln.de\/index.php\/wp-json\/wp\/v2\/types\/page"}],"author":[{"embeddable":true,"href":"https:\/\/www.lohschule-datteln.de\/index.php\/wp-json\/wp\/v2\/users\/3"}],"replies":[{"embeddable":true,"href":"https:\/\/www.lohschule-datteln.de\/index.php\/wp-json\/wp\/v2\/comments?post=12983"}],"version-history":[{"count":7,"href":"https:\/\/www.lohschule-datteln.de\/index.php\/wp-json\/wp\/v2\/pages\/12983\/revisions"}],"predecessor-version":[{"id":13021,"href":"https:\/\/www.lohschule-datteln.de\/index.php\/wp-json\/wp\/v2\/pages\/12983\/revisions\/13021"}],"wp:attachment":[{"href":"https:\/\/www.lohschule-datteln.de\/index.php\/wp-json\/wp\/v2\/media?parent=12983"}],"curies":[{"name":"wp","href":"https:\/\/api.w.org\/{rel}","templated":true}]}}