{"id":13147,"date":"2023-09-18T20:30:54","date_gmt":"2023-09-18T18:30:54","guid":{"rendered":"https:\/\/www.lohschule-datteln.de\/?page_id=13147"},"modified":"2023-10-23T15:22:42","modified_gmt":"2023-10-23T13:22:42","slug":"projekt-zu-fuss-zur-schule","status":"publish","type":"page","link":"https:\/\/www.lohschule-datteln.de\/index.php\/projekt-zu-fuss-zur-schule\/","title":{"rendered":"Projekt &#8222;Zu Fu\u00df zur Schule&#8220;"},"content":{"rendered":"<h3>Zwei besonders aktive Wochen: Die Mobilit\u00e4tsz\u00e4hlung und das Stempel sammeln\u00a0<\/h3>\n<p><span style=\"color: #808080;\">Am Montag, den 18. September 2023, fand an unserer Schule die Europ\u00e4ische Mobilit\u00e4tsz\u00e4hlung statt. Alle Kinder, die an diesem Tag zu Fu\u00df, mit dem Roller oder mit dem Fahrrad zur Schule kamen, wurden gez\u00e4hlt und erhielten eine fruchtige \u00dcberraschung. <\/span><\/p>\n<p><span style=\"color: #808080;\">Von 339 Schulkindern waren heute in der Tat 282 nicht mit dem Auto zur Schule unterwegs. Das ist ein tolles Ergebnis.<\/span><\/p>\n<p><span style=\"color: #808080;\"> Ein kleiner Einblick in Bildern:<\/span><\/p>\n<div id='gallery-1' class='gallery galleryid-13147 gallery-columns-3 gallery-size-medium'><figure class='gallery-item'>\n\t\t\t<div class='gallery-icon portrait'>\n\t\t\t\t<img loading=\"lazy\" decoding=\"async\" width=\"225\" height=\"300\" src=\"https:\/\/www.lohschule-datteln.de\/wp-content\/uploads\/2023\/09\/IMG_6792-225x300.jpg\" class=\"attachment-medium size-medium\" alt=\"\" srcset=\"https:\/\/www.lohschule-datteln.de\/wp-content\/uploads\/2023\/09\/IMG_6792-225x300.jpg 225w, https:\/\/www.lohschule-datteln.de\/wp-content\/uploads\/2023\/09\/IMG_6792-768x1024.jpg 768w, https:\/\/www.lohschule-datteln.de\/wp-content\/uploads\/2023\/09\/IMG_6792.jpg 800w\" sizes=\"auto, (max-width: 225px) 100vw, 225px\" \/>\n\t\t\t<\/div><\/figure><figure class='gallery-item'>\n\t\t\t<div class='gallery-icon portrait'>\n\t\t\t\t<img loading=\"lazy\" decoding=\"async\" width=\"225\" height=\"300\" src=\"https:\/\/www.lohschule-datteln.de\/wp-content\/uploads\/2023\/09\/IMG_6794-225x300.jpg\" class=\"attachment-medium size-medium\" alt=\"\" srcset=\"https:\/\/www.lohschule-datteln.de\/wp-content\/uploads\/2023\/09\/IMG_6794-225x300.jpg 225w, https:\/\/www.lohschule-datteln.de\/wp-content\/uploads\/2023\/09\/IMG_6794-768x1024.jpg 768w, https:\/\/www.lohschule-datteln.de\/wp-content\/uploads\/2023\/09\/IMG_6794.jpg 800w\" sizes=\"auto, (max-width: 225px) 100vw, 225px\" \/>\n\t\t\t<\/div><\/figure><figure class='gallery-item'>\n\t\t\t<div class='gallery-icon portrait'>\n\t\t\t\t<img loading=\"lazy\" decoding=\"async\" width=\"225\" height=\"300\" src=\"https:\/\/www.lohschule-datteln.de\/wp-content\/uploads\/2023\/09\/IMG_6796-225x300.jpg\" class=\"attachment-medium size-medium\" alt=\"\" srcset=\"https:\/\/www.lohschule-datteln.de\/wp-content\/uploads\/2023\/09\/IMG_6796-225x300.jpg 225w, https:\/\/www.lohschule-datteln.de\/wp-content\/uploads\/2023\/09\/IMG_6796-768x1024.jpg 768w, https:\/\/www.lohschule-datteln.de\/wp-content\/uploads\/2023\/09\/IMG_6796.jpg 800w\" sizes=\"auto, (max-width: 225px) 100vw, 225px\" \/>\n\t\t\t<\/div><\/figure>\n\t\t<\/div>\n\n<p><span style=\"color: #808080;\">Vom 18. bis 29.9.23 kommen die Kinder der Lohschule m\u00f6glichst jeden Tag zu Fu\u00df, mit Roller oder Rad. Sie erhalten daf\u00fcr t\u00e4glich einen Stempel auf den eigens daf\u00fcr ausgegebenen Stempelkarten. Nach zwei Wochen wird die aktivste Klasse, d.h. die Klasse, die die meisten Stempel sammeln konnte, gek\u00fcrt.<\/span><\/p>\n<p><span style=\"color: #808080;\">Am heutigen Montag, 23.10.23, trafen alle Kinder und Lehrkr\u00e4fte sich nach der gro\u00dfen Pause auf dem. Schulhof, um zu erfahren, welche Klasse denn nun die meisten Stempel sammeln konnte.<\/span><\/p>\n<p><span style=\"color: #808080;\">Frau Schneider \u00fcberbrachte im Vorfeld die freudige Botschaft, dass der F\u00f6rderverein f\u00fcr die ersten drei Klassen ein Preisgeld von jeweils 50\u20ac stiftet.<\/span><\/p>\n<p>Frau Schneider teilte der Schulgemeinde nacheinander die Gewinnerklassen mit. Aus jeder Klasse kamen die Klassersprecher zu Frau Schneider und erhielten stellvertretend f\u00fcr das Geld einen Gutschein. F\u00fcr die Klasse 1c, deren Jahrgang ja noch keine Klassensprecher gew\u00e4hlt hat, beauftragte die Klassenlehrerin Frau Hormann zwei Kinder, die stellvertretend f\u00fcr alle Raben den Gutschein entgegennahmen.<\/p>\n<p><span style=\"color: #808080;\">Den 3. Platz belegte die Klasse 1c. Den 2. Platz belegte die Klasse 3c. Den 1. Platz erliefen und erfuhren sich die Kinder der 2a. <\/span><\/p>\n<p><span style=\"color: #808080;\">Herzlichen Gl\u00fcckwunsch und viel Spa\u00df beim gemeinschaftlichen Ausw\u00e4hlen dessen, was von dem Preisgeld angeschafft wird! Dies werden die Klassenlehrerinnen mit den Kindern gemeinsam \u00fcberlegen.<\/span><\/p>\n<p><span style=\"color: #808080;\">Ein kleiner Einblick in Bildern:<\/span><\/p>\n<div id='gallery-2' class='gallery galleryid-13147 gallery-columns-3 gallery-size-medium'><figure class='gallery-item'>\n\t\t\t<div class='gallery-icon landscape'>\n\t\t\t\t<img loading=\"lazy\" decoding=\"async\" width=\"300\" height=\"225\" src=\"https:\/\/www.lohschule-datteln.de\/wp-content\/uploads\/2023\/10\/Herbst-3-300x225.jpg\" class=\"attachment-medium size-medium\" alt=\"\" srcset=\"https:\/\/www.lohschule-datteln.de\/wp-content\/uploads\/2023\/10\/Herbst-3-300x225.jpg 300w, https:\/\/www.lohschule-datteln.de\/wp-content\/uploads\/2023\/10\/Herbst-3.jpg 600w\" sizes=\"auto, (max-width: 300px) 100vw, 300px\" \/>\n\t\t\t<\/div><\/figure><figure class='gallery-item'>\n\t\t\t<div class='gallery-icon portrait'>\n\t\t\t\t<img loading=\"lazy\" decoding=\"async\" width=\"225\" height=\"300\" src=\"https:\/\/www.lohschule-datteln.de\/wp-content\/uploads\/2023\/10\/Herbst-2-225x300.jpg\" class=\"attachment-medium size-medium\" alt=\"\" srcset=\"https:\/\/www.lohschule-datteln.de\/wp-content\/uploads\/2023\/10\/Herbst-2-225x300.jpg 225w, https:\/\/www.lohschule-datteln.de\/wp-content\/uploads\/2023\/10\/Herbst-2.jpg 600w\" sizes=\"auto, (max-width: 225px) 100vw, 225px\" \/>\n\t\t\t<\/div><\/figure><figure class='gallery-item'>\n\t\t\t<div class='gallery-icon landscape'>\n\t\t\t\t<img loading=\"lazy\" decoding=\"async\" width=\"300\" height=\"225\" src=\"https:\/\/www.lohschule-datteln.de\/wp-content\/uploads\/2023\/10\/1-300x225.jpg\" class=\"attachment-medium size-medium\" alt=\"\" srcset=\"https:\/\/www.lohschule-datteln.de\/wp-content\/uploads\/2023\/10\/1-300x225.jpg 300w, https:\/\/www.lohschule-datteln.de\/wp-content\/uploads\/2023\/10\/1.jpg 600w\" sizes=\"auto, (max-width: 300px) 100vw, 300px\" \/>\n\t\t\t<\/div><\/figure>\n\t\t<\/div>\n\n<p>\u00a0<\/p>\n<p>\u00a0<\/p>\n\n\n<p><\/p>\n\n\n\n<p><\/p>\n","protected":false},"excerpt":{"rendered":"<p>Zwei besonders aktive Wochen: Die Mobilit\u00e4tsz\u00e4hlung und das Stempel sammeln\u00a0 Am Montag, den 18. September 2023, fand an unserer Schule die Europ\u00e4ische Mobilit\u00e4tsz\u00e4hlung statt. Alle Kinder, die an diesem Tag zu Fu\u00df, mit dem Roller oder mit dem Fahrrad zur Schule kamen, wurden gez\u00e4hlt und erhielten eine fruchtige \u00dcberraschung. Von 339 Schulkindern waren heute in [&hellip;]<\/p>\n","protected":false},"author":3,"featured_media":0,"parent":0,"menu_order":0,"comment_status":"closed","ping_status":"closed","template":"","meta":{"footnotes":""},"class_list":["post-13147","page","type-page","status-publish","hentry"],"yoast_head":"<!-- This site is optimized with the Yoast SEO plugin v27.5 - https:\/\/yoast.com\/product\/yoast-seo-wordpress\/ -->\n<title>Projekt &quot;Zu Fu\u00df zur Schule&quot; - Lohschule Datteln<\/title>\n<meta name=\"robots\" content=\"index, follow, max-snippet:-1, max-image-preview:large, max-video-preview:-1\" \/>\n<link rel=\"canonical\" href=\"https:\/\/www.lohschule-datteln.de\/index.php\/projekt-zu-fuss-zur-schule\/\" \/>\n<meta property=\"og:locale\" content=\"de_DE\" \/>\n<meta property=\"og:type\" content=\"article\" \/>\n<meta property=\"og:title\" content=\"Projekt &quot;Zu Fu\u00df zur Schule&quot; - Lohschule Datteln\" \/>\n<meta property=\"og:description\" content=\"Zwei besonders aktive Wochen: Die Mobilit\u00e4tsz\u00e4hlung und das Stempel sammeln\u00a0 Am Montag, den 18. September 2023, fand an unserer Schule die Europ\u00e4ische Mobilit\u00e4tsz\u00e4hlung statt. Alle Kinder, die an diesem Tag zu Fu\u00df, mit dem Roller oder mit dem Fahrrad zur Schule kamen, wurden gez\u00e4hlt und erhielten eine fruchtige \u00dcberraschung. Von 339 Schulkindern waren heute in [&hellip;]\" \/>\n<meta property=\"og:url\" content=\"https:\/\/www.lohschule-datteln.de\/index.php\/projekt-zu-fuss-zur-schule\/\" \/>\n<meta property=\"og:site_name\" content=\"Lohschule Datteln\" \/>\n<meta property=\"article:modified_time\" content=\"2023-10-23T13:22:42+00:00\" \/>\n<meta property=\"og:image\" content=\"https:\/\/www.lohschule-datteln.de\/wp-content\/uploads\/2023\/09\/IMG_6792-225x300.jpg\" \/>\n<meta name=\"twitter:card\" content=\"summary_large_image\" \/>\n<meta name=\"twitter:label1\" content=\"Gesch\u00e4tzte Lesezeit\" \/>\n\t<meta name=\"twitter:data1\" content=\"2\u00a0Minuten\" \/>\n<script type=\"application\/ld+json\" class=\"yoast-schema-graph\">{\"@context\":\"https:\\\/\\\/schema.org\",\"@graph\":[{\"@type\":\"WebPage\",\"@id\":\"https:\\\/\\\/www.lohschule-datteln.de\\\/index.php\\\/projekt-zu-fuss-zur-schule\\\/\",\"url\":\"https:\\\/\\\/www.lohschule-datteln.de\\\/index.php\\\/projekt-zu-fuss-zur-schule\\\/\",\"name\":\"Projekt \\\"Zu Fu\u00df zur Schule\\\" - Lohschule Datteln\",\"isPartOf\":{\"@id\":\"https:\\\/\\\/www.lohschule-datteln.de\\\/#website\"},\"datePublished\":\"2023-09-18T18:30:54+00:00\",\"dateModified\":\"2023-10-23T13:22:42+00:00\",\"breadcrumb\":{\"@id\":\"https:\\\/\\\/www.lohschule-datteln.de\\\/index.php\\\/projekt-zu-fuss-zur-schule\\\/#breadcrumb\"},\"inLanguage\":\"de\",\"potentialAction\":[{\"@type\":\"ReadAction\",\"target\":[\"https:\\\/\\\/www.lohschule-datteln.de\\\/index.php\\\/projekt-zu-fuss-zur-schule\\\/\"]}]},{\"@type\":\"BreadcrumbList\",\"@id\":\"https:\\\/\\\/www.lohschule-datteln.de\\\/index.php\\\/projekt-zu-fuss-zur-schule\\\/#breadcrumb\",\"itemListElement\":[{\"@type\":\"ListItem\",\"position\":1,\"name\":\"Startseite\",\"item\":\"https:\\\/\\\/www.lohschule-datteln.de\\\/\"},{\"@type\":\"ListItem\",\"position\":2,\"name\":\"Projekt &#8222;Zu Fu\u00df zur Schule&#8220;\"}]},{\"@type\":\"WebSite\",\"@id\":\"https:\\\/\\\/www.lohschule-datteln.de\\\/#website\",\"url\":\"https:\\\/\\\/www.lohschule-datteln.de\\\/\",\"name\":\"Lohschule Datteln\",\"description\":\"kath. Grundschule\",\"publisher\":{\"@id\":\"https:\\\/\\\/www.lohschule-datteln.de\\\/#organization\"},\"potentialAction\":[{\"@type\":\"SearchAction\",\"target\":{\"@type\":\"EntryPoint\",\"urlTemplate\":\"https:\\\/\\\/www.lohschule-datteln.de\\\/?s={search_term_string}\"},\"query-input\":{\"@type\":\"PropertyValueSpecification\",\"valueRequired\":true,\"valueName\":\"search_term_string\"}}],\"inLanguage\":\"de\"},{\"@type\":\"Organization\",\"@id\":\"https:\\\/\\\/www.lohschule-datteln.de\\\/#organization\",\"name\":\"Lohschule -katholische Grundschule Datteln\",\"url\":\"https:\\\/\\\/www.lohschule-datteln.de\\\/\",\"logo\":{\"@type\":\"ImageObject\",\"inLanguage\":\"de\",\"@id\":\"https:\\\/\\\/www.lohschule-datteln.de\\\/#\\\/schema\\\/logo\\\/image\\\/\",\"url\":\"http:\\\/\\\/www.lohschule-datteln.de\\\/wp-content\\\/uploads\\\/2016\\\/02\\\/Loh-neu-2016.jpg\",\"contentUrl\":\"http:\\\/\\\/www.lohschule-datteln.de\\\/wp-content\\\/uploads\\\/2016\\\/02\\\/Loh-neu-2016.jpg\",\"width\":448,\"height\":252,\"caption\":\"Lohschule -katholische Grundschule Datteln\"},\"image\":{\"@id\":\"https:\\\/\\\/www.lohschule-datteln.de\\\/#\\\/schema\\\/logo\\\/image\\\/\"}}]}<\/script>\n<!-- \/ Yoast SEO plugin. -->","yoast_head_json":{"title":"Projekt \"Zu Fu\u00df zur Schule\" - Lohschule Datteln","robots":{"index":"index","follow":"follow","max-snippet":"max-snippet:-1","max-image-preview":"max-image-preview:large","max-video-preview":"max-video-preview:-1"},"canonical":"https:\/\/www.lohschule-datteln.de\/index.php\/projekt-zu-fuss-zur-schule\/","og_locale":"de_DE","og_type":"article","og_title":"Projekt \"Zu Fu\u00df zur Schule\" - Lohschule Datteln","og_description":"Zwei besonders aktive Wochen: Die Mobilit\u00e4tsz\u00e4hlung und das Stempel sammeln\u00a0 Am Montag, den 18. September 2023, fand an unserer Schule die Europ\u00e4ische Mobilit\u00e4tsz\u00e4hlung statt. Alle Kinder, die an diesem Tag zu Fu\u00df, mit dem Roller oder mit dem Fahrrad zur Schule kamen, wurden gez\u00e4hlt und erhielten eine fruchtige \u00dcberraschung. Von 339 Schulkindern waren heute in [&hellip;]","og_url":"https:\/\/www.lohschule-datteln.de\/index.php\/projekt-zu-fuss-zur-schule\/","og_site_name":"Lohschule Datteln","article_modified_time":"2023-10-23T13:22:42+00:00","og_image":[{"url":"https:\/\/www.lohschule-datteln.de\/wp-content\/uploads\/2023\/09\/IMG_6792-225x300.jpg","type":"","width":"","height":""}],"twitter_card":"summary_large_image","twitter_misc":{"Gesch\u00e4tzte Lesezeit":"2\u00a0Minuten"},"schema":{"@context":"https:\/\/schema.org","@graph":[{"@type":"WebPage","@id":"https:\/\/www.lohschule-datteln.de\/index.php\/projekt-zu-fuss-zur-schule\/","url":"https:\/\/www.lohschule-datteln.de\/index.php\/projekt-zu-fuss-zur-schule\/","name":"Projekt \"Zu Fu\u00df zur Schule\" - Lohschule Datteln","isPartOf":{"@id":"https:\/\/www.lohschule-datteln.de\/#website"},"datePublished":"2023-09-18T18:30:54+00:00","dateModified":"2023-10-23T13:22:42+00:00","breadcrumb":{"@id":"https:\/\/www.lohschule-datteln.de\/index.php\/projekt-zu-fuss-zur-schule\/#breadcrumb"},"inLanguage":"de","potentialAction":[{"@type":"ReadAction","target":["https:\/\/www.lohschule-datteln.de\/index.php\/projekt-zu-fuss-zur-schule\/"]}]},{"@type":"BreadcrumbList","@id":"https:\/\/www.lohschule-datteln.de\/index.php\/projekt-zu-fuss-zur-schule\/#breadcrumb","itemListElement":[{"@type":"ListItem","position":1,"name":"Startseite","item":"https:\/\/www.lohschule-datteln.de\/"},{"@type":"ListItem","position":2,"name":"Projekt &#8222;Zu Fu\u00df zur Schule&#8220;"}]},{"@type":"WebSite","@id":"https:\/\/www.lohschule-datteln.de\/#website","url":"https:\/\/www.lohschule-datteln.de\/","name":"Lohschule Datteln","description":"kath. Grundschule","publisher":{"@id":"https:\/\/www.lohschule-datteln.de\/#organization"},"potentialAction":[{"@type":"SearchAction","target":{"@type":"EntryPoint","urlTemplate":"https:\/\/www.lohschule-datteln.de\/?s={search_term_string}"},"query-input":{"@type":"PropertyValueSpecification","valueRequired":true,"valueName":"search_term_string"}}],"inLanguage":"de"},{"@type":"Organization","@id":"https:\/\/www.lohschule-datteln.de\/#organization","name":"Lohschule -katholische Grundschule Datteln","url":"https:\/\/www.lohschule-datteln.de\/","logo":{"@type":"ImageObject","inLanguage":"de","@id":"https:\/\/www.lohschule-datteln.de\/#\/schema\/logo\/image\/","url":"http:\/\/www.lohschule-datteln.de\/wp-content\/uploads\/2016\/02\/Loh-neu-2016.jpg","contentUrl":"http:\/\/www.lohschule-datteln.de\/wp-content\/uploads\/2016\/02\/Loh-neu-2016.jpg","width":448,"height":252,"caption":"Lohschule -katholische Grundschule Datteln"},"image":{"@id":"https:\/\/www.lohschule-datteln.de\/#\/schema\/logo\/image\/"}}]}},"_links":{"self":[{"href":"https:\/\/www.lohschule-datteln.de\/index.php\/wp-json\/wp\/v2\/pages\/13147","targetHints":{"allow":["GET"]}}],"collection":[{"href":"https:\/\/www.lohschule-datteln.de\/index.php\/wp-json\/wp\/v2\/pages"}],"about":[{"href":"https:\/\/www.lohschule-datteln.de\/index.php\/wp-json\/wp\/v2\/types\/page"}],"author":[{"embeddable":true,"href":"https:\/\/www.lohschule-datteln.de\/index.php\/wp-json\/wp\/v2\/users\/3"}],"replies":[{"embeddable":true,"href":"https:\/\/www.lohschule-datteln.de\/index.php\/wp-json\/wp\/v2\/comments?post=13147"}],"version-history":[{"count":9,"href":"https:\/\/www.lohschule-datteln.de\/index.php\/wp-json\/wp\/v2\/pages\/13147\/revisions"}],"predecessor-version":[{"id":13247,"href":"https:\/\/www.lohschule-datteln.de\/index.php\/wp-json\/wp\/v2\/pages\/13147\/revisions\/13247"}],"wp:attachment":[{"href":"https:\/\/www.lohschule-datteln.de\/index.php\/wp-json\/wp\/v2\/media?parent=13147"}],"curies":[{"name":"wp","href":"https:\/\/api.w.org\/{rel}","templated":true}]}}