{"id":13360,"date":"2023-12-06T15:06:27","date_gmt":"2023-12-06T14:06:27","guid":{"rendered":"https:\/\/www.lohschule-datteln.de\/?page_id=13360"},"modified":"2023-12-06T15:39:19","modified_gmt":"2023-12-06T14:39:19","slug":"nikolaustag-2023","status":"publish","type":"page","link":"https:\/\/www.lohschule-datteln.de\/index.php\/nikolaustag-2023\/","title":{"rendered":"Nikolaustag 2023"},"content":{"rendered":"<h2>Nikolaus besucht die Lohschule<\/h2>\n<p><span style=\"color: #008000;\">Am Mittwoch, den 6. Dezember 2023, entdeckten die Kinder der Lohschule auf dem Tagesplan in der 2. Stunde nicht Mathe, nicht Deutsch, nicht Kunst oder Englisch: <strong><em>Nikolaus<\/em><\/strong> stand da auf dem Plan.\u00a0<\/span><\/p>\n<p><span style=\"color: #008000;\">In der Tat trafen sich alle Klassen mit ihren Lehrern um kurz vor 9 Uhr in der Turnhalle, denn der Nikolaus hatte sich angesagt und wollte den jungen und \u00e4lteren Lohschulkindern einen Besuch abstatten.<\/span><\/p>\n<p><span style=\"color: #008000;\">Ihm zu Ehren sangen \u00fcber 300 Kinder u.a. das Nikolauslied. Nikolaus kam nicht mit leeren H\u00e4nden: Einen Schokololli gab es f\u00fcr Kinder, die z.B. ein Gedicht aufsagen konnten. Und: Es gab auch die Anerkennung von allen Kindern und Lehrern, die herzlich Beifall klatschten. Ist es doch eine tolle Leistung, vor der Schulgemeinde ein langes Gedicht freiwillig aufzusagen. Einfach klasse!<\/span><\/p>\n<p><span style=\"color: #008000;\">Bevor der Nikolaus weiterzog, durften die Klassensprecher aus jeder Klasse zu ihm kommen und sich f\u00fcr ihre Klassenkameraden und sich einen Korb voller Stutenkerle abholen.<\/span><\/p>\n<p><span style=\"color: #008000;\">Im Namen aller so Beschenkter ein herzliches DANKESCH\u00d6N f\u00fcr die schokof\u00fc\u00dfigen s\u00fc\u00dfen Kerle!<\/span><\/p>\n<p><span style=\"color: #008000;\">Ein kleiner Einblick in Bildern:<\/span><\/p>\n<p><img loading=\"lazy\" decoding=\"async\" class=\"aligncenter  wp-image-13366\" src=\"https:\/\/www.lohschule-datteln.de\/wp-content\/uploads\/2023\/12\/Niko1.jpeg\" alt=\"\" width=\"554\" height=\"416\" srcset=\"https:\/\/www.lohschule-datteln.de\/wp-content\/uploads\/2023\/12\/Niko1.jpeg 800w, https:\/\/www.lohschule-datteln.de\/wp-content\/uploads\/2023\/12\/Niko1-300x225.jpeg 300w, https:\/\/www.lohschule-datteln.de\/wp-content\/uploads\/2023\/12\/Niko1-768x576.jpeg 768w\" sizes=\"auto, (max-width: 554px) 100vw, 554px\" \/><\/p>\n<p><img loading=\"lazy\" decoding=\"async\" class=\"aligncenter  wp-image-13367\" src=\"https:\/\/www.lohschule-datteln.de\/wp-content\/uploads\/2023\/12\/Niko2.jpeg\" alt=\"\" width=\"423\" height=\"564\" srcset=\"https:\/\/www.lohschule-datteln.de\/wp-content\/uploads\/2023\/12\/Niko2.jpeg 800w, https:\/\/www.lohschule-datteln.de\/wp-content\/uploads\/2023\/12\/Niko2-225x300.jpeg 225w, https:\/\/www.lohschule-datteln.de\/wp-content\/uploads\/2023\/12\/Niko2-768x1024.jpeg 768w\" sizes=\"auto, (max-width: 423px) 100vw, 423px\" \/><\/p>\n<p><img loading=\"lazy\" decoding=\"async\" class=\"aligncenter  wp-image-13368\" src=\"https:\/\/www.lohschule-datteln.de\/wp-content\/uploads\/2023\/12\/Niko3.jpeg\" alt=\"\" width=\"550\" height=\"412\" srcset=\"https:\/\/www.lohschule-datteln.de\/wp-content\/uploads\/2023\/12\/Niko3.jpeg 800w, https:\/\/www.lohschule-datteln.de\/wp-content\/uploads\/2023\/12\/Niko3-300x225.jpeg 300w, https:\/\/www.lohschule-datteln.de\/wp-content\/uploads\/2023\/12\/Niko3-768x576.jpeg 768w\" sizes=\"auto, (max-width: 550px) 100vw, 550px\" \/><\/p>\n<p><img loading=\"lazy\" decoding=\"async\" class=\"aligncenter  wp-image-13369\" src=\"https:\/\/www.lohschule-datteln.de\/wp-content\/uploads\/2023\/12\/Niko4.jpeg\" alt=\"\" width=\"553\" height=\"315\" srcset=\"https:\/\/www.lohschule-datteln.de\/wp-content\/uploads\/2023\/12\/Niko4.jpeg 800w, https:\/\/www.lohschule-datteln.de\/wp-content\/uploads\/2023\/12\/Niko4-300x171.jpeg 300w, https:\/\/www.lohschule-datteln.de\/wp-content\/uploads\/2023\/12\/Niko4-768x438.jpeg 768w\" sizes=\"auto, (max-width: 553px) 100vw, 553px\" \/><\/p>\n\n\n<p><\/p>\n\n\n\n<p><\/p>\n","protected":false},"excerpt":{"rendered":"<p>Nikolaus besucht die Lohschule Am Mittwoch, den 6. Dezember 2023, entdeckten die Kinder der Lohschule auf dem Tagesplan in der 2. Stunde nicht Mathe, nicht Deutsch, nicht Kunst oder Englisch: Nikolaus stand da auf dem Plan.\u00a0 In der Tat trafen sich alle Klassen mit ihren Lehrern um kurz vor 9 Uhr in der Turnhalle, denn [&hellip;]<\/p>\n","protected":false},"author":3,"featured_media":0,"parent":0,"menu_order":0,"comment_status":"closed","ping_status":"closed","template":"","meta":{"footnotes":""},"class_list":["post-13360","page","type-page","status-publish","hentry"],"yoast_head":"<!-- This site is optimized with the Yoast SEO plugin v27.5 - https:\/\/yoast.com\/product\/yoast-seo-wordpress\/ -->\n<title>Nikolaustag 2023 - Lohschule Datteln<\/title>\n<meta name=\"robots\" content=\"index, follow, max-snippet:-1, max-image-preview:large, max-video-preview:-1\" \/>\n<link rel=\"canonical\" href=\"https:\/\/www.lohschule-datteln.de\/index.php\/nikolaustag-2023\/\" \/>\n<meta property=\"og:locale\" content=\"de_DE\" \/>\n<meta property=\"og:type\" content=\"article\" \/>\n<meta property=\"og:title\" content=\"Nikolaustag 2023 - Lohschule Datteln\" \/>\n<meta property=\"og:description\" content=\"Nikolaus besucht die Lohschule Am Mittwoch, den 6. Dezember 2023, entdeckten die Kinder der Lohschule auf dem Tagesplan in der 2. Stunde nicht Mathe, nicht Deutsch, nicht Kunst oder Englisch: Nikolaus stand da auf dem Plan.\u00a0 In der Tat trafen sich alle Klassen mit ihren Lehrern um kurz vor 9 Uhr in der Turnhalle, denn [&hellip;]\" \/>\n<meta property=\"og:url\" content=\"https:\/\/www.lohschule-datteln.de\/index.php\/nikolaustag-2023\/\" \/>\n<meta property=\"og:site_name\" content=\"Lohschule Datteln\" \/>\n<meta property=\"article:modified_time\" content=\"2023-12-06T14:39:19+00:00\" \/>\n<meta property=\"og:image\" content=\"https:\/\/www.lohschule-datteln.de\/wp-content\/uploads\/2023\/12\/Niko1.jpeg\" \/>\n<meta name=\"twitter:card\" content=\"summary_large_image\" \/>\n<meta name=\"twitter:label1\" content=\"Gesch\u00e4tzte Lesezeit\" \/>\n\t<meta name=\"twitter:data1\" content=\"2\u00a0Minuten\" \/>\n<script type=\"application\/ld+json\" class=\"yoast-schema-graph\">{\"@context\":\"https:\\\/\\\/schema.org\",\"@graph\":[{\"@type\":\"WebPage\",\"@id\":\"https:\\\/\\\/www.lohschule-datteln.de\\\/index.php\\\/nikolaustag-2023\\\/\",\"url\":\"https:\\\/\\\/www.lohschule-datteln.de\\\/index.php\\\/nikolaustag-2023\\\/\",\"name\":\"Nikolaustag 2023 - Lohschule Datteln\",\"isPartOf\":{\"@id\":\"https:\\\/\\\/www.lohschule-datteln.de\\\/#website\"},\"primaryImageOfPage\":{\"@id\":\"https:\\\/\\\/www.lohschule-datteln.de\\\/index.php\\\/nikolaustag-2023\\\/#primaryimage\"},\"image\":{\"@id\":\"https:\\\/\\\/www.lohschule-datteln.de\\\/index.php\\\/nikolaustag-2023\\\/#primaryimage\"},\"thumbnailUrl\":\"https:\\\/\\\/www.lohschule-datteln.de\\\/wp-content\\\/uploads\\\/2023\\\/12\\\/Niko1.jpeg\",\"datePublished\":\"2023-12-06T14:06:27+00:00\",\"dateModified\":\"2023-12-06T14:39:19+00:00\",\"breadcrumb\":{\"@id\":\"https:\\\/\\\/www.lohschule-datteln.de\\\/index.php\\\/nikolaustag-2023\\\/#breadcrumb\"},\"inLanguage\":\"de\",\"potentialAction\":[{\"@type\":\"ReadAction\",\"target\":[\"https:\\\/\\\/www.lohschule-datteln.de\\\/index.php\\\/nikolaustag-2023\\\/\"]}]},{\"@type\":\"ImageObject\",\"inLanguage\":\"de\",\"@id\":\"https:\\\/\\\/www.lohschule-datteln.de\\\/index.php\\\/nikolaustag-2023\\\/#primaryimage\",\"url\":\"https:\\\/\\\/www.lohschule-datteln.de\\\/wp-content\\\/uploads\\\/2023\\\/12\\\/Niko1.jpeg\",\"contentUrl\":\"https:\\\/\\\/www.lohschule-datteln.de\\\/wp-content\\\/uploads\\\/2023\\\/12\\\/Niko1.jpeg\",\"width\":800,\"height\":600},{\"@type\":\"BreadcrumbList\",\"@id\":\"https:\\\/\\\/www.lohschule-datteln.de\\\/index.php\\\/nikolaustag-2023\\\/#breadcrumb\",\"itemListElement\":[{\"@type\":\"ListItem\",\"position\":1,\"name\":\"Startseite\",\"item\":\"https:\\\/\\\/www.lohschule-datteln.de\\\/\"},{\"@type\":\"ListItem\",\"position\":2,\"name\":\"Nikolaustag 2023\"}]},{\"@type\":\"WebSite\",\"@id\":\"https:\\\/\\\/www.lohschule-datteln.de\\\/#website\",\"url\":\"https:\\\/\\\/www.lohschule-datteln.de\\\/\",\"name\":\"Lohschule Datteln\",\"description\":\"kath. Grundschule\",\"publisher\":{\"@id\":\"https:\\\/\\\/www.lohschule-datteln.de\\\/#organization\"},\"potentialAction\":[{\"@type\":\"SearchAction\",\"target\":{\"@type\":\"EntryPoint\",\"urlTemplate\":\"https:\\\/\\\/www.lohschule-datteln.de\\\/?s={search_term_string}\"},\"query-input\":{\"@type\":\"PropertyValueSpecification\",\"valueRequired\":true,\"valueName\":\"search_term_string\"}}],\"inLanguage\":\"de\"},{\"@type\":\"Organization\",\"@id\":\"https:\\\/\\\/www.lohschule-datteln.de\\\/#organization\",\"name\":\"Lohschule -katholische Grundschule Datteln\",\"url\":\"https:\\\/\\\/www.lohschule-datteln.de\\\/\",\"logo\":{\"@type\":\"ImageObject\",\"inLanguage\":\"de\",\"@id\":\"https:\\\/\\\/www.lohschule-datteln.de\\\/#\\\/schema\\\/logo\\\/image\\\/\",\"url\":\"http:\\\/\\\/www.lohschule-datteln.de\\\/wp-content\\\/uploads\\\/2016\\\/02\\\/Loh-neu-2016.jpg\",\"contentUrl\":\"http:\\\/\\\/www.lohschule-datteln.de\\\/wp-content\\\/uploads\\\/2016\\\/02\\\/Loh-neu-2016.jpg\",\"width\":448,\"height\":252,\"caption\":\"Lohschule -katholische Grundschule Datteln\"},\"image\":{\"@id\":\"https:\\\/\\\/www.lohschule-datteln.de\\\/#\\\/schema\\\/logo\\\/image\\\/\"}}]}<\/script>\n<!-- \/ Yoast SEO plugin. -->","yoast_head_json":{"title":"Nikolaustag 2023 - Lohschule Datteln","robots":{"index":"index","follow":"follow","max-snippet":"max-snippet:-1","max-image-preview":"max-image-preview:large","max-video-preview":"max-video-preview:-1"},"canonical":"https:\/\/www.lohschule-datteln.de\/index.php\/nikolaustag-2023\/","og_locale":"de_DE","og_type":"article","og_title":"Nikolaustag 2023 - Lohschule Datteln","og_description":"Nikolaus besucht die Lohschule Am Mittwoch, den 6. Dezember 2023, entdeckten die Kinder der Lohschule auf dem Tagesplan in der 2. Stunde nicht Mathe, nicht Deutsch, nicht Kunst oder Englisch: Nikolaus stand da auf dem Plan.\u00a0 In der Tat trafen sich alle Klassen mit ihren Lehrern um kurz vor 9 Uhr in der Turnhalle, denn [&hellip;]","og_url":"https:\/\/www.lohschule-datteln.de\/index.php\/nikolaustag-2023\/","og_site_name":"Lohschule Datteln","article_modified_time":"2023-12-06T14:39:19+00:00","og_image":[{"url":"https:\/\/www.lohschule-datteln.de\/wp-content\/uploads\/2023\/12\/Niko1.jpeg","type":"","width":"","height":""}],"twitter_card":"summary_large_image","twitter_misc":{"Gesch\u00e4tzte Lesezeit":"2\u00a0Minuten"},"schema":{"@context":"https:\/\/schema.org","@graph":[{"@type":"WebPage","@id":"https:\/\/www.lohschule-datteln.de\/index.php\/nikolaustag-2023\/","url":"https:\/\/www.lohschule-datteln.de\/index.php\/nikolaustag-2023\/","name":"Nikolaustag 2023 - Lohschule Datteln","isPartOf":{"@id":"https:\/\/www.lohschule-datteln.de\/#website"},"primaryImageOfPage":{"@id":"https:\/\/www.lohschule-datteln.de\/index.php\/nikolaustag-2023\/#primaryimage"},"image":{"@id":"https:\/\/www.lohschule-datteln.de\/index.php\/nikolaustag-2023\/#primaryimage"},"thumbnailUrl":"https:\/\/www.lohschule-datteln.de\/wp-content\/uploads\/2023\/12\/Niko1.jpeg","datePublished":"2023-12-06T14:06:27+00:00","dateModified":"2023-12-06T14:39:19+00:00","breadcrumb":{"@id":"https:\/\/www.lohschule-datteln.de\/index.php\/nikolaustag-2023\/#breadcrumb"},"inLanguage":"de","potentialAction":[{"@type":"ReadAction","target":["https:\/\/www.lohschule-datteln.de\/index.php\/nikolaustag-2023\/"]}]},{"@type":"ImageObject","inLanguage":"de","@id":"https:\/\/www.lohschule-datteln.de\/index.php\/nikolaustag-2023\/#primaryimage","url":"https:\/\/www.lohschule-datteln.de\/wp-content\/uploads\/2023\/12\/Niko1.jpeg","contentUrl":"https:\/\/www.lohschule-datteln.de\/wp-content\/uploads\/2023\/12\/Niko1.jpeg","width":800,"height":600},{"@type":"BreadcrumbList","@id":"https:\/\/www.lohschule-datteln.de\/index.php\/nikolaustag-2023\/#breadcrumb","itemListElement":[{"@type":"ListItem","position":1,"name":"Startseite","item":"https:\/\/www.lohschule-datteln.de\/"},{"@type":"ListItem","position":2,"name":"Nikolaustag 2023"}]},{"@type":"WebSite","@id":"https:\/\/www.lohschule-datteln.de\/#website","url":"https:\/\/www.lohschule-datteln.de\/","name":"Lohschule Datteln","description":"kath. Grundschule","publisher":{"@id":"https:\/\/www.lohschule-datteln.de\/#organization"},"potentialAction":[{"@type":"SearchAction","target":{"@type":"EntryPoint","urlTemplate":"https:\/\/www.lohschule-datteln.de\/?s={search_term_string}"},"query-input":{"@type":"PropertyValueSpecification","valueRequired":true,"valueName":"search_term_string"}}],"inLanguage":"de"},{"@type":"Organization","@id":"https:\/\/www.lohschule-datteln.de\/#organization","name":"Lohschule -katholische Grundschule Datteln","url":"https:\/\/www.lohschule-datteln.de\/","logo":{"@type":"ImageObject","inLanguage":"de","@id":"https:\/\/www.lohschule-datteln.de\/#\/schema\/logo\/image\/","url":"http:\/\/www.lohschule-datteln.de\/wp-content\/uploads\/2016\/02\/Loh-neu-2016.jpg","contentUrl":"http:\/\/www.lohschule-datteln.de\/wp-content\/uploads\/2016\/02\/Loh-neu-2016.jpg","width":448,"height":252,"caption":"Lohschule -katholische Grundschule Datteln"},"image":{"@id":"https:\/\/www.lohschule-datteln.de\/#\/schema\/logo\/image\/"}}]}},"_links":{"self":[{"href":"https:\/\/www.lohschule-datteln.de\/index.php\/wp-json\/wp\/v2\/pages\/13360","targetHints":{"allow":["GET"]}}],"collection":[{"href":"https:\/\/www.lohschule-datteln.de\/index.php\/wp-json\/wp\/v2\/pages"}],"about":[{"href":"https:\/\/www.lohschule-datteln.de\/index.php\/wp-json\/wp\/v2\/types\/page"}],"author":[{"embeddable":true,"href":"https:\/\/www.lohschule-datteln.de\/index.php\/wp-json\/wp\/v2\/users\/3"}],"replies":[{"embeddable":true,"href":"https:\/\/www.lohschule-datteln.de\/index.php\/wp-json\/wp\/v2\/comments?post=13360"}],"version-history":[{"count":5,"href":"https:\/\/www.lohschule-datteln.de\/index.php\/wp-json\/wp\/v2\/pages\/13360\/revisions"}],"predecessor-version":[{"id":13374,"href":"https:\/\/www.lohschule-datteln.de\/index.php\/wp-json\/wp\/v2\/pages\/13360\/revisions\/13374"}],"wp:attachment":[{"href":"https:\/\/www.lohschule-datteln.de\/index.php\/wp-json\/wp\/v2\/media?parent=13360"}],"curies":[{"name":"wp","href":"https:\/\/api.w.org\/{rel}","templated":true}]}}