{"id":13503,"date":"2024-04-02T19:21:42","date_gmt":"2024-04-02T17:21:42","guid":{"rendered":"https:\/\/www.lohschule-datteln.de\/?page_id=13503"},"modified":"2024-04-02T19:49:55","modified_gmt":"2024-04-02T17:49:55","slug":"fruehlingssingen-2024","status":"publish","type":"page","link":"https:\/\/www.lohschule-datteln.de\/index.php\/fruehlingssingen-2024\/","title":{"rendered":"Fr\u00fchlingssingen 2024"},"content":{"rendered":"<h3>Fr\u00fchlingssingen in der Lohschule<\/h3>\n<p><span style=\"color: #808080;\">Am heutigen letzten Schultag vor den Osterferien 2024 fand unser gemeinsames Fr\u00fchlingssingen in der Turnhalle der Lohschule statt. Zu Beginn begr\u00fc\u00dfte Frau Schneider alle Kinder, Lehrkr\u00e4fte und Eltern. Alle Klassen und auch der Lohschulchor hatten zuvor flei\u00dfig die Lieder ge\u00fcbt. Um 9.15 Uhr startete dann die ganze Schulgemeinde mit dem ersten Lied \u201eIch lieb den Fr\u00fchling\u201c. Dem folgten dann zwei Lieder von unserem Lohschulchor unter der Leitung von Frau Wilmes, Frau Ha\u00dffeld und Herrn Rogalla. Besonders das zweite Lied unseres Lohschulchors \u201eKlimawandel\u201c brachte tosenden Applaus f\u00fcr den Schulchor der Lohschule. Zum Schluss sangen dann alle Kinder wieder gemeinsam \u201eImmer wieder kommt ein neuer Fr\u00fchling\u201c. Mit lieben Feriengr\u00fc\u00dfen verabschiedete die Schulleiterin Frau Schneider die Kinder zun\u00e4chst in ihre Spielpause auf den Schulhof und sp\u00e4ter in die wohlverdienten Osterferien.<\/span><\/p>\n<p><span style=\"color: #808080;\">Das Team der Lohschule w\u00fcnscht allen Kindern und Eltern tolle Ferien und ein sch\u00f6nes Osterfest.<\/span><\/p>\n<p><span style=\"color: #808080;\">Ein kleiner Einblick in Bildern:<\/span><\/p>\n<div id='gallery-1' class='gallery galleryid-13503 gallery-columns-3 gallery-size-full'><figure class='gallery-item'>\n\t\t\t<div class='gallery-icon landscape'>\n\t\t\t\t<img loading=\"lazy\" decoding=\"async\" width=\"800\" height=\"600\" src=\"https:\/\/www.lohschule-datteln.de\/wp-content\/uploads\/2024\/04\/Frue7.jpg\" class=\"attachment-full size-full\" alt=\"\" srcset=\"https:\/\/www.lohschule-datteln.de\/wp-content\/uploads\/2024\/04\/Frue7.jpg 800w, https:\/\/www.lohschule-datteln.de\/wp-content\/uploads\/2024\/04\/Frue7-300x225.jpg 300w, https:\/\/www.lohschule-datteln.de\/wp-content\/uploads\/2024\/04\/Frue7-768x576.jpg 768w\" sizes=\"auto, (max-width: 800px) 100vw, 800px\" \/>\n\t\t\t<\/div><\/figure><figure class='gallery-item'>\n\t\t\t<div class='gallery-icon landscape'>\n\t\t\t\t<img loading=\"lazy\" decoding=\"async\" width=\"800\" height=\"600\" src=\"https:\/\/www.lohschule-datteln.de\/wp-content\/uploads\/2024\/04\/Frue10.jpg\" class=\"attachment-full size-full\" alt=\"\" srcset=\"https:\/\/www.lohschule-datteln.de\/wp-content\/uploads\/2024\/04\/Frue10.jpg 800w, https:\/\/www.lohschule-datteln.de\/wp-content\/uploads\/2024\/04\/Frue10-300x225.jpg 300w, https:\/\/www.lohschule-datteln.de\/wp-content\/uploads\/2024\/04\/Frue10-768x576.jpg 768w\" sizes=\"auto, (max-width: 800px) 100vw, 800px\" \/>\n\t\t\t<\/div><\/figure><figure class='gallery-item'>\n\t\t\t<div class='gallery-icon landscape'>\n\t\t\t\t<img loading=\"lazy\" decoding=\"async\" width=\"800\" height=\"600\" src=\"https:\/\/www.lohschule-datteln.de\/wp-content\/uploads\/2024\/04\/Frue1.jpg\" class=\"attachment-full size-full\" alt=\"\" srcset=\"https:\/\/www.lohschule-datteln.de\/wp-content\/uploads\/2024\/04\/Frue1.jpg 800w, https:\/\/www.lohschule-datteln.de\/wp-content\/uploads\/2024\/04\/Frue1-300x225.jpg 300w, https:\/\/www.lohschule-datteln.de\/wp-content\/uploads\/2024\/04\/Frue1-768x576.jpg 768w\" sizes=\"auto, (max-width: 800px) 100vw, 800px\" \/>\n\t\t\t<\/div><\/figure>\n\t\t<\/div>\n\n<div id='gallery-2' class='gallery galleryid-13503 gallery-columns-3 gallery-size-full'><figure class='gallery-item'>\n\t\t\t<div class='gallery-icon portrait'>\n\t\t\t\t<img loading=\"lazy\" decoding=\"async\" width=\"800\" height=\"1067\" src=\"https:\/\/www.lohschule-datteln.de\/wp-content\/uploads\/2024\/04\/Frue6.jpg\" class=\"attachment-full size-full\" alt=\"\" srcset=\"https:\/\/www.lohschule-datteln.de\/wp-content\/uploads\/2024\/04\/Frue6.jpg 800w, https:\/\/www.lohschule-datteln.de\/wp-content\/uploads\/2024\/04\/Frue6-225x300.jpg 225w, https:\/\/www.lohschule-datteln.de\/wp-content\/uploads\/2024\/04\/Frue6-768x1024.jpg 768w\" sizes=\"auto, (max-width: 800px) 100vw, 800px\" \/>\n\t\t\t<\/div><\/figure><figure class='gallery-item'>\n\t\t\t<div class='gallery-icon portrait'>\n\t\t\t\t<img loading=\"lazy\" decoding=\"async\" width=\"800\" height=\"1067\" src=\"https:\/\/www.lohschule-datteln.de\/wp-content\/uploads\/2024\/04\/Frue5.jpg\" class=\"attachment-full size-full\" alt=\"\" srcset=\"https:\/\/www.lohschule-datteln.de\/wp-content\/uploads\/2024\/04\/Frue5.jpg 800w, https:\/\/www.lohschule-datteln.de\/wp-content\/uploads\/2024\/04\/Frue5-225x300.jpg 225w, https:\/\/www.lohschule-datteln.de\/wp-content\/uploads\/2024\/04\/Frue5-768x1024.jpg 768w\" sizes=\"auto, (max-width: 800px) 100vw, 800px\" \/>\n\t\t\t<\/div><\/figure><figure class='gallery-item'>\n\t\t\t<div class='gallery-icon portrait'>\n\t\t\t\t<img loading=\"lazy\" decoding=\"async\" width=\"800\" height=\"1067\" src=\"https:\/\/www.lohschule-datteln.de\/wp-content\/uploads\/2024\/04\/Frue9.jpg\" class=\"attachment-full size-full\" alt=\"\" srcset=\"https:\/\/www.lohschule-datteln.de\/wp-content\/uploads\/2024\/04\/Frue9.jpg 800w, https:\/\/www.lohschule-datteln.de\/wp-content\/uploads\/2024\/04\/Frue9-225x300.jpg 225w, https:\/\/www.lohschule-datteln.de\/wp-content\/uploads\/2024\/04\/Frue9-768x1024.jpg 768w\" sizes=\"auto, (max-width: 800px) 100vw, 800px\" \/>\n\t\t\t<\/div><\/figure>\n\t\t<\/div>\n\n<div id='gallery-3' class='gallery galleryid-13503 gallery-columns-2 gallery-size-full'><figure class='gallery-item'>\n\t\t\t<div class='gallery-icon landscape'>\n\t\t\t\t<img loading=\"lazy\" decoding=\"async\" width=\"800\" height=\"600\" src=\"https:\/\/www.lohschule-datteln.de\/wp-content\/uploads\/2024\/04\/Frue4.jpg\" class=\"attachment-full size-full\" alt=\"\" srcset=\"https:\/\/www.lohschule-datteln.de\/wp-content\/uploads\/2024\/04\/Frue4.jpg 800w, https:\/\/www.lohschule-datteln.de\/wp-content\/uploads\/2024\/04\/Frue4-300x225.jpg 300w, https:\/\/www.lohschule-datteln.de\/wp-content\/uploads\/2024\/04\/Frue4-768x576.jpg 768w\" sizes=\"auto, (max-width: 800px) 100vw, 800px\" \/>\n\t\t\t<\/div><\/figure><figure class='gallery-item'>\n\t\t\t<div class='gallery-icon landscape'>\n\t\t\t\t<img loading=\"lazy\" decoding=\"async\" width=\"800\" height=\"600\" src=\"https:\/\/www.lohschule-datteln.de\/wp-content\/uploads\/2024\/04\/Frue3.jpg\" class=\"attachment-full size-full\" alt=\"\" srcset=\"https:\/\/www.lohschule-datteln.de\/wp-content\/uploads\/2024\/04\/Frue3.jpg 800w, https:\/\/www.lohschule-datteln.de\/wp-content\/uploads\/2024\/04\/Frue3-300x225.jpg 300w, https:\/\/www.lohschule-datteln.de\/wp-content\/uploads\/2024\/04\/Frue3-768x576.jpg 768w\" sizes=\"auto, (max-width: 800px) 100vw, 800px\" \/>\n\t\t\t<\/div><\/figure>\n\t\t<\/div>\n\n<div id='gallery-4' class='gallery galleryid-13503 gallery-columns-2 gallery-size-full'><figure class='gallery-item'>\n\t\t\t<div class='gallery-icon landscape'>\n\t\t\t\t<img loading=\"lazy\" decoding=\"async\" width=\"800\" height=\"600\" src=\"https:\/\/www.lohschule-datteln.de\/wp-content\/uploads\/2024\/04\/Frue2.jpg\" class=\"attachment-full size-full\" alt=\"\" srcset=\"https:\/\/www.lohschule-datteln.de\/wp-content\/uploads\/2024\/04\/Frue2.jpg 800w, https:\/\/www.lohschule-datteln.de\/wp-content\/uploads\/2024\/04\/Frue2-300x225.jpg 300w, https:\/\/www.lohschule-datteln.de\/wp-content\/uploads\/2024\/04\/Frue2-768x576.jpg 768w\" sizes=\"auto, (max-width: 800px) 100vw, 800px\" \/>\n\t\t\t<\/div><\/figure><figure class='gallery-item'>\n\t\t\t<div class='gallery-icon landscape'>\n\t\t\t\t<img loading=\"lazy\" decoding=\"async\" width=\"800\" height=\"600\" src=\"https:\/\/www.lohschule-datteln.de\/wp-content\/uploads\/2024\/04\/Frue11.jpg\" class=\"attachment-full size-full\" alt=\"\" srcset=\"https:\/\/www.lohschule-datteln.de\/wp-content\/uploads\/2024\/04\/Frue11.jpg 800w, https:\/\/www.lohschule-datteln.de\/wp-content\/uploads\/2024\/04\/Frue11-300x225.jpg 300w, https:\/\/www.lohschule-datteln.de\/wp-content\/uploads\/2024\/04\/Frue11-768x576.jpg 768w\" sizes=\"auto, (max-width: 800px) 100vw, 800px\" \/>\n\t\t\t<\/div><\/figure>\n\t\t<\/div>\n\n\n\n<p><\/p>\n","protected":false},"excerpt":{"rendered":"<p>Fr\u00fchlingssingen in der Lohschule Am heutigen letzten Schultag vor den Osterferien 2024 fand unser gemeinsames Fr\u00fchlingssingen in der Turnhalle der Lohschule statt. Zu Beginn begr\u00fc\u00dfte Frau Schneider alle Kinder, Lehrkr\u00e4fte und Eltern. Alle Klassen und auch der Lohschulchor hatten zuvor flei\u00dfig die Lieder ge\u00fcbt. Um 9.15 Uhr startete dann die ganze Schulgemeinde mit dem ersten [&hellip;]<\/p>\n","protected":false},"author":3,"featured_media":0,"parent":0,"menu_order":0,"comment_status":"closed","ping_status":"closed","template":"","meta":{"footnotes":""},"class_list":["post-13503","page","type-page","status-publish","hentry"],"yoast_head":"<!-- This site is optimized with the Yoast SEO plugin v27.5 - https:\/\/yoast.com\/product\/yoast-seo-wordpress\/ -->\n<title>Fr\u00fchlingssingen 2024 - Lohschule Datteln<\/title>\n<meta name=\"robots\" content=\"index, follow, max-snippet:-1, max-image-preview:large, max-video-preview:-1\" \/>\n<link rel=\"canonical\" href=\"https:\/\/www.lohschule-datteln.de\/index.php\/fruehlingssingen-2024\/\" \/>\n<meta property=\"og:locale\" content=\"de_DE\" \/>\n<meta property=\"og:type\" content=\"article\" \/>\n<meta property=\"og:title\" content=\"Fr\u00fchlingssingen 2024 - Lohschule Datteln\" \/>\n<meta property=\"og:description\" content=\"Fr\u00fchlingssingen in der Lohschule Am heutigen letzten Schultag vor den Osterferien 2024 fand unser gemeinsames Fr\u00fchlingssingen in der Turnhalle der Lohschule statt. Zu Beginn begr\u00fc\u00dfte Frau Schneider alle Kinder, Lehrkr\u00e4fte und Eltern. Alle Klassen und auch der Lohschulchor hatten zuvor flei\u00dfig die Lieder ge\u00fcbt. Um 9.15 Uhr startete dann die ganze Schulgemeinde mit dem ersten [&hellip;]\" \/>\n<meta property=\"og:url\" content=\"https:\/\/www.lohschule-datteln.de\/index.php\/fruehlingssingen-2024\/\" \/>\n<meta property=\"og:site_name\" content=\"Lohschule Datteln\" \/>\n<meta property=\"article:modified_time\" content=\"2024-04-02T17:49:55+00:00\" \/>\n<meta property=\"og:image\" content=\"https:\/\/www.lohschule-datteln.de\/wp-content\/uploads\/2024\/04\/Frue7.jpg\" \/>\n<meta name=\"twitter:card\" content=\"summary_large_image\" \/>\n<meta name=\"twitter:label1\" content=\"Gesch\u00e4tzte Lesezeit\" \/>\n\t<meta name=\"twitter:data1\" content=\"1\u00a0Minute\" \/>\n<script type=\"application\/ld+json\" class=\"yoast-schema-graph\">{\"@context\":\"https:\\\/\\\/schema.org\",\"@graph\":[{\"@type\":\"WebPage\",\"@id\":\"https:\\\/\\\/www.lohschule-datteln.de\\\/index.php\\\/fruehlingssingen-2024\\\/\",\"url\":\"https:\\\/\\\/www.lohschule-datteln.de\\\/index.php\\\/fruehlingssingen-2024\\\/\",\"name\":\"Fr\u00fchlingssingen 2024 - Lohschule Datteln\",\"isPartOf\":{\"@id\":\"https:\\\/\\\/www.lohschule-datteln.de\\\/#website\"},\"datePublished\":\"2024-04-02T17:21:42+00:00\",\"dateModified\":\"2024-04-02T17:49:55+00:00\",\"breadcrumb\":{\"@id\":\"https:\\\/\\\/www.lohschule-datteln.de\\\/index.php\\\/fruehlingssingen-2024\\\/#breadcrumb\"},\"inLanguage\":\"de\",\"potentialAction\":[{\"@type\":\"ReadAction\",\"target\":[\"https:\\\/\\\/www.lohschule-datteln.de\\\/index.php\\\/fruehlingssingen-2024\\\/\"]}]},{\"@type\":\"BreadcrumbList\",\"@id\":\"https:\\\/\\\/www.lohschule-datteln.de\\\/index.php\\\/fruehlingssingen-2024\\\/#breadcrumb\",\"itemListElement\":[{\"@type\":\"ListItem\",\"position\":1,\"name\":\"Startseite\",\"item\":\"https:\\\/\\\/www.lohschule-datteln.de\\\/\"},{\"@type\":\"ListItem\",\"position\":2,\"name\":\"Fr\u00fchlingssingen 2024\"}]},{\"@type\":\"WebSite\",\"@id\":\"https:\\\/\\\/www.lohschule-datteln.de\\\/#website\",\"url\":\"https:\\\/\\\/www.lohschule-datteln.de\\\/\",\"name\":\"Lohschule Datteln\",\"description\":\"kath. Grundschule\",\"publisher\":{\"@id\":\"https:\\\/\\\/www.lohschule-datteln.de\\\/#organization\"},\"potentialAction\":[{\"@type\":\"SearchAction\",\"target\":{\"@type\":\"EntryPoint\",\"urlTemplate\":\"https:\\\/\\\/www.lohschule-datteln.de\\\/?s={search_term_string}\"},\"query-input\":{\"@type\":\"PropertyValueSpecification\",\"valueRequired\":true,\"valueName\":\"search_term_string\"}}],\"inLanguage\":\"de\"},{\"@type\":\"Organization\",\"@id\":\"https:\\\/\\\/www.lohschule-datteln.de\\\/#organization\",\"name\":\"Lohschule -katholische Grundschule Datteln\",\"url\":\"https:\\\/\\\/www.lohschule-datteln.de\\\/\",\"logo\":{\"@type\":\"ImageObject\",\"inLanguage\":\"de\",\"@id\":\"https:\\\/\\\/www.lohschule-datteln.de\\\/#\\\/schema\\\/logo\\\/image\\\/\",\"url\":\"http:\\\/\\\/www.lohschule-datteln.de\\\/wp-content\\\/uploads\\\/2016\\\/02\\\/Loh-neu-2016.jpg\",\"contentUrl\":\"http:\\\/\\\/www.lohschule-datteln.de\\\/wp-content\\\/uploads\\\/2016\\\/02\\\/Loh-neu-2016.jpg\",\"width\":448,\"height\":252,\"caption\":\"Lohschule -katholische Grundschule Datteln\"},\"image\":{\"@id\":\"https:\\\/\\\/www.lohschule-datteln.de\\\/#\\\/schema\\\/logo\\\/image\\\/\"}}]}<\/script>\n<!-- \/ Yoast SEO plugin. -->","yoast_head_json":{"title":"Fr\u00fchlingssingen 2024 - Lohschule Datteln","robots":{"index":"index","follow":"follow","max-snippet":"max-snippet:-1","max-image-preview":"max-image-preview:large","max-video-preview":"max-video-preview:-1"},"canonical":"https:\/\/www.lohschule-datteln.de\/index.php\/fruehlingssingen-2024\/","og_locale":"de_DE","og_type":"article","og_title":"Fr\u00fchlingssingen 2024 - Lohschule Datteln","og_description":"Fr\u00fchlingssingen in der Lohschule Am heutigen letzten Schultag vor den Osterferien 2024 fand unser gemeinsames Fr\u00fchlingssingen in der Turnhalle der Lohschule statt. Zu Beginn begr\u00fc\u00dfte Frau Schneider alle Kinder, Lehrkr\u00e4fte und Eltern. Alle Klassen und auch der Lohschulchor hatten zuvor flei\u00dfig die Lieder ge\u00fcbt. Um 9.15 Uhr startete dann die ganze Schulgemeinde mit dem ersten [&hellip;]","og_url":"https:\/\/www.lohschule-datteln.de\/index.php\/fruehlingssingen-2024\/","og_site_name":"Lohschule Datteln","article_modified_time":"2024-04-02T17:49:55+00:00","og_image":[{"url":"https:\/\/www.lohschule-datteln.de\/wp-content\/uploads\/2024\/04\/Frue7.jpg","type":"","width":"","height":""}],"twitter_card":"summary_large_image","twitter_misc":{"Gesch\u00e4tzte Lesezeit":"1\u00a0Minute"},"schema":{"@context":"https:\/\/schema.org","@graph":[{"@type":"WebPage","@id":"https:\/\/www.lohschule-datteln.de\/index.php\/fruehlingssingen-2024\/","url":"https:\/\/www.lohschule-datteln.de\/index.php\/fruehlingssingen-2024\/","name":"Fr\u00fchlingssingen 2024 - Lohschule Datteln","isPartOf":{"@id":"https:\/\/www.lohschule-datteln.de\/#website"},"datePublished":"2024-04-02T17:21:42+00:00","dateModified":"2024-04-02T17:49:55+00:00","breadcrumb":{"@id":"https:\/\/www.lohschule-datteln.de\/index.php\/fruehlingssingen-2024\/#breadcrumb"},"inLanguage":"de","potentialAction":[{"@type":"ReadAction","target":["https:\/\/www.lohschule-datteln.de\/index.php\/fruehlingssingen-2024\/"]}]},{"@type":"BreadcrumbList","@id":"https:\/\/www.lohschule-datteln.de\/index.php\/fruehlingssingen-2024\/#breadcrumb","itemListElement":[{"@type":"ListItem","position":1,"name":"Startseite","item":"https:\/\/www.lohschule-datteln.de\/"},{"@type":"ListItem","position":2,"name":"Fr\u00fchlingssingen 2024"}]},{"@type":"WebSite","@id":"https:\/\/www.lohschule-datteln.de\/#website","url":"https:\/\/www.lohschule-datteln.de\/","name":"Lohschule Datteln","description":"kath. Grundschule","publisher":{"@id":"https:\/\/www.lohschule-datteln.de\/#organization"},"potentialAction":[{"@type":"SearchAction","target":{"@type":"EntryPoint","urlTemplate":"https:\/\/www.lohschule-datteln.de\/?s={search_term_string}"},"query-input":{"@type":"PropertyValueSpecification","valueRequired":true,"valueName":"search_term_string"}}],"inLanguage":"de"},{"@type":"Organization","@id":"https:\/\/www.lohschule-datteln.de\/#organization","name":"Lohschule -katholische Grundschule Datteln","url":"https:\/\/www.lohschule-datteln.de\/","logo":{"@type":"ImageObject","inLanguage":"de","@id":"https:\/\/www.lohschule-datteln.de\/#\/schema\/logo\/image\/","url":"http:\/\/www.lohschule-datteln.de\/wp-content\/uploads\/2016\/02\/Loh-neu-2016.jpg","contentUrl":"http:\/\/www.lohschule-datteln.de\/wp-content\/uploads\/2016\/02\/Loh-neu-2016.jpg","width":448,"height":252,"caption":"Lohschule -katholische Grundschule Datteln"},"image":{"@id":"https:\/\/www.lohschule-datteln.de\/#\/schema\/logo\/image\/"}}]}},"_links":{"self":[{"href":"https:\/\/www.lohschule-datteln.de\/index.php\/wp-json\/wp\/v2\/pages\/13503","targetHints":{"allow":["GET"]}}],"collection":[{"href":"https:\/\/www.lohschule-datteln.de\/index.php\/wp-json\/wp\/v2\/pages"}],"about":[{"href":"https:\/\/www.lohschule-datteln.de\/index.php\/wp-json\/wp\/v2\/types\/page"}],"author":[{"embeddable":true,"href":"https:\/\/www.lohschule-datteln.de\/index.php\/wp-json\/wp\/v2\/users\/3"}],"replies":[{"embeddable":true,"href":"https:\/\/www.lohschule-datteln.de\/index.php\/wp-json\/wp\/v2\/comments?post=13503"}],"version-history":[{"count":6,"href":"https:\/\/www.lohschule-datteln.de\/index.php\/wp-json\/wp\/v2\/pages\/13503\/revisions"}],"predecessor-version":[{"id":13522,"href":"https:\/\/www.lohschule-datteln.de\/index.php\/wp-json\/wp\/v2\/pages\/13503\/revisions\/13522"}],"wp:attachment":[{"href":"https:\/\/www.lohschule-datteln.de\/index.php\/wp-json\/wp\/v2\/media?parent=13503"}],"curies":[{"name":"wp","href":"https:\/\/api.w.org\/{rel}","templated":true}]}}