{"id":13580,"date":"2024-05-27T21:24:39","date_gmt":"2024-05-27T19:24:39","guid":{"rendered":"https:\/\/www.lohschule-datteln.de\/?page_id=13580"},"modified":"2024-05-30T22:27:46","modified_gmt":"2024-05-30T20:27:46","slug":"kaenguruwettbewerb-2024","status":"publish","type":"page","link":"https:\/\/www.lohschule-datteln.de\/index.php\/kaenguruwettbewerb-2024\/","title":{"rendered":"K\u00e4nguruwettbewerb 2024"},"content":{"rendered":"<h2>Die Gro\u00dfen der Lohschule knobeln mit<\/h2>\n<p><img loading=\"lazy\" decoding=\"async\" class=\"wp-image-13545 alignleft\" src=\"https:\/\/www.lohschule-datteln.de\/wp-content\/uploads\/2024\/04\/IMG_9656.jpeg\" alt=\"\" width=\"170\" height=\"245\" srcset=\"https:\/\/www.lohschule-datteln.de\/wp-content\/uploads\/2024\/04\/IMG_9656.jpeg 600w, https:\/\/www.lohschule-datteln.de\/wp-content\/uploads\/2024\/04\/IMG_9656-208x300.jpeg 208w\" sizes=\"auto, (max-width: 170px) 100vw, 170px\" \/><span style=\"color: #808080;\">Interessierte Kinder des dritten und vierten Schuljahres nahmen auch in diesem Jahr wieder am landesweiten K\u00e4nguruwettbewerb teil. Die Teilnahme wurde dankenswerter Weise von unserem F\u00f6rderverein gesponsert.<\/span><\/p>\n<p><span style=\"color: #808080;\">Am Montag, dem 27. Mai 2024, war dann die ersehnte Preisverleihung.<\/span><\/p>\n<p><span style=\"color: #808080;\">Wie in den Vorg\u00e4ngerjahren erwarteten die beiden Jahrg\u00e4nge &#8211; im Halbkreis um den hinteren Eingang aufgestellt &#8211; Frau Schneider mit dem Preisk\u00f6rbchen.<\/span><\/p>\n<p><img loading=\"lazy\" decoding=\"async\" class=\"aligncenter  wp-image-13591\" src=\"https:\/\/www.lohschule-datteln.de\/wp-content\/uploads\/2024\/05\/PHOTO-2024-05-27-16-22-01.jpg\" alt=\"\" width=\"365\" height=\"336\" srcset=\"https:\/\/www.lohschule-datteln.de\/wp-content\/uploads\/2024\/05\/PHOTO-2024-05-27-16-22-01.jpg 600w, https:\/\/www.lohschule-datteln.de\/wp-content\/uploads\/2024\/05\/PHOTO-2024-05-27-16-22-01-300x276.jpg 300w\" sizes=\"auto, (max-width: 365px) 100vw, 365px\" \/><\/p>\n<p><span style=\"color: #808080;\">F\u00fcr den weitesten K\u00e4nguru-Sprung (viele richtig gel\u00f6ste aufeinander folgende Aufgaben) ging ein T-Shirt an Gabriel aus der 4b.<\/span><\/p>\n<p><span style=\"color: #808080;\">F\u00fcr die h\u00f6chste Punktzahl ging ein Preis an Jakob aus der 3a, f\u00fcr die zweith\u00f6chste Punktzahl an Timo aus der 3b und f\u00fcr die dritth\u00f6chste Punktzahl an Matti aus der 3c. Alle drei Sch\u00fcler erhielten jeweils ein K\u00e4nguru-Akrobaten Holzpuzzle und ein weiteres Puzzle.<\/span><\/p>\n<p><span style=\"color: #808080;\">Im vierten Jahrgang ging f\u00fcr die h\u00f6chste Punktzahl ein Origami Papier Holzpuzzle und ein weiteres Puzzle an Lara (4a). F\u00fcr die zweith\u00f6chste Punktzahl ging ein K\u00e4nguru-Akrobaten Holzpuzzle und ebenfalls noch ein weiteres Puzzle an Lukas (4b).<\/span><\/p>\n<p><span style=\"color: #808080;\">F\u00fcr alle teilnehmenden Kinder gab es Urkunden mit der jeweils erreichten Punktzahl, Aufgabenhefte mit den L\u00f6sungen und je ein K\u00e4nguru-Knoten-Puzzle.<\/span><\/p>\n<p><span style=\"color: #808080;\">Hauptgewinne konnten in diesem Jahr nicht vergeben werden.\u00a0<\/span><\/p>\n<p><span style=\"color: #808080;\">Toll w\u00e4re es, wenn im n\u00e4chsten Jahr noch mehr Kinder unserer Schule f\u00fcrs Knobeln beim K\u00e4nguru-Wettbewerb zu begeistern w\u00e4ren!<\/span><\/p>\n<p><span style=\"color: #808080;\">Eine herzlichen Dank an alle Unterst\u00fctzenden, die diesen Wettbewerb und seine Durchf\u00fchrung \u00fcberhaupt m\u00f6glich gemacht haben!<\/span><\/p>\n","protected":false},"excerpt":{"rendered":"<p>Die Gro\u00dfen der Lohschule knobeln mit Interessierte Kinder des dritten und vierten Schuljahres nahmen auch in diesem Jahr wieder am landesweiten K\u00e4nguruwettbewerb teil. Die Teilnahme wurde dankenswerter Weise von unserem F\u00f6rderverein gesponsert. Am Montag, dem 27. Mai 2024, war dann die ersehnte Preisverleihung. Wie in den Vorg\u00e4ngerjahren erwarteten die beiden Jahrg\u00e4nge &#8211; im Halbkreis um [&hellip;]<\/p>\n","protected":false},"author":3,"featured_media":0,"parent":0,"menu_order":0,"comment_status":"closed","ping_status":"closed","template":"","meta":{"footnotes":""},"class_list":["post-13580","page","type-page","status-publish","hentry"],"yoast_head":"<!-- This site is optimized with the Yoast SEO plugin v27.5 - https:\/\/yoast.com\/product\/yoast-seo-wordpress\/ -->\n<title>K\u00e4nguruwettbewerb 2024 - Lohschule Datteln<\/title>\n<meta name=\"robots\" content=\"index, follow, max-snippet:-1, max-image-preview:large, max-video-preview:-1\" \/>\n<link rel=\"canonical\" href=\"https:\/\/www.lohschule-datteln.de\/index.php\/kaenguruwettbewerb-2024\/\" \/>\n<meta property=\"og:locale\" content=\"de_DE\" \/>\n<meta property=\"og:type\" content=\"article\" \/>\n<meta property=\"og:title\" content=\"K\u00e4nguruwettbewerb 2024 - Lohschule Datteln\" \/>\n<meta property=\"og:description\" content=\"Die Gro\u00dfen der Lohschule knobeln mit Interessierte Kinder des dritten und vierten Schuljahres nahmen auch in diesem Jahr wieder am landesweiten K\u00e4nguruwettbewerb teil. Die Teilnahme wurde dankenswerter Weise von unserem F\u00f6rderverein gesponsert. Am Montag, dem 27. Mai 2024, war dann die ersehnte Preisverleihung. Wie in den Vorg\u00e4ngerjahren erwarteten die beiden Jahrg\u00e4nge &#8211; im Halbkreis um [&hellip;]\" \/>\n<meta property=\"og:url\" content=\"https:\/\/www.lohschule-datteln.de\/index.php\/kaenguruwettbewerb-2024\/\" \/>\n<meta property=\"og:site_name\" content=\"Lohschule Datteln\" \/>\n<meta property=\"article:modified_time\" content=\"2024-05-30T20:27:46+00:00\" \/>\n<meta property=\"og:image\" content=\"https:\/\/www.lohschule-datteln.de\/wp-content\/uploads\/2024\/04\/IMG_9656.jpeg\" \/>\n<meta name=\"twitter:card\" content=\"summary_large_image\" \/>\n<meta name=\"twitter:label1\" content=\"Gesch\u00e4tzte Lesezeit\" \/>\n\t<meta name=\"twitter:data1\" content=\"2\u00a0Minuten\" \/>\n<script type=\"application\/ld+json\" class=\"yoast-schema-graph\">{\"@context\":\"https:\\\/\\\/schema.org\",\"@graph\":[{\"@type\":\"WebPage\",\"@id\":\"https:\\\/\\\/www.lohschule-datteln.de\\\/index.php\\\/kaenguruwettbewerb-2024\\\/\",\"url\":\"https:\\\/\\\/www.lohschule-datteln.de\\\/index.php\\\/kaenguruwettbewerb-2024\\\/\",\"name\":\"K\u00e4nguruwettbewerb 2024 - Lohschule Datteln\",\"isPartOf\":{\"@id\":\"https:\\\/\\\/www.lohschule-datteln.de\\\/#website\"},\"primaryImageOfPage\":{\"@id\":\"https:\\\/\\\/www.lohschule-datteln.de\\\/index.php\\\/kaenguruwettbewerb-2024\\\/#primaryimage\"},\"image\":{\"@id\":\"https:\\\/\\\/www.lohschule-datteln.de\\\/index.php\\\/kaenguruwettbewerb-2024\\\/#primaryimage\"},\"thumbnailUrl\":\"https:\\\/\\\/www.lohschule-datteln.de\\\/wp-content\\\/uploads\\\/2024\\\/04\\\/IMG_9656.jpeg\",\"datePublished\":\"2024-05-27T19:24:39+00:00\",\"dateModified\":\"2024-05-30T20:27:46+00:00\",\"breadcrumb\":{\"@id\":\"https:\\\/\\\/www.lohschule-datteln.de\\\/index.php\\\/kaenguruwettbewerb-2024\\\/#breadcrumb\"},\"inLanguage\":\"de\",\"potentialAction\":[{\"@type\":\"ReadAction\",\"target\":[\"https:\\\/\\\/www.lohschule-datteln.de\\\/index.php\\\/kaenguruwettbewerb-2024\\\/\"]}]},{\"@type\":\"ImageObject\",\"inLanguage\":\"de\",\"@id\":\"https:\\\/\\\/www.lohschule-datteln.de\\\/index.php\\\/kaenguruwettbewerb-2024\\\/#primaryimage\",\"url\":\"https:\\\/\\\/www.lohschule-datteln.de\\\/wp-content\\\/uploads\\\/2024\\\/04\\\/IMG_9656.jpeg\",\"contentUrl\":\"https:\\\/\\\/www.lohschule-datteln.de\\\/wp-content\\\/uploads\\\/2024\\\/04\\\/IMG_9656.jpeg\",\"width\":600,\"height\":864},{\"@type\":\"BreadcrumbList\",\"@id\":\"https:\\\/\\\/www.lohschule-datteln.de\\\/index.php\\\/kaenguruwettbewerb-2024\\\/#breadcrumb\",\"itemListElement\":[{\"@type\":\"ListItem\",\"position\":1,\"name\":\"Startseite\",\"item\":\"https:\\\/\\\/www.lohschule-datteln.de\\\/\"},{\"@type\":\"ListItem\",\"position\":2,\"name\":\"K\u00e4nguruwettbewerb 2024\"}]},{\"@type\":\"WebSite\",\"@id\":\"https:\\\/\\\/www.lohschule-datteln.de\\\/#website\",\"url\":\"https:\\\/\\\/www.lohschule-datteln.de\\\/\",\"name\":\"Lohschule Datteln\",\"description\":\"kath. Grundschule\",\"publisher\":{\"@id\":\"https:\\\/\\\/www.lohschule-datteln.de\\\/#organization\"},\"potentialAction\":[{\"@type\":\"SearchAction\",\"target\":{\"@type\":\"EntryPoint\",\"urlTemplate\":\"https:\\\/\\\/www.lohschule-datteln.de\\\/?s={search_term_string}\"},\"query-input\":{\"@type\":\"PropertyValueSpecification\",\"valueRequired\":true,\"valueName\":\"search_term_string\"}}],\"inLanguage\":\"de\"},{\"@type\":\"Organization\",\"@id\":\"https:\\\/\\\/www.lohschule-datteln.de\\\/#organization\",\"name\":\"Lohschule -katholische Grundschule Datteln\",\"url\":\"https:\\\/\\\/www.lohschule-datteln.de\\\/\",\"logo\":{\"@type\":\"ImageObject\",\"inLanguage\":\"de\",\"@id\":\"https:\\\/\\\/www.lohschule-datteln.de\\\/#\\\/schema\\\/logo\\\/image\\\/\",\"url\":\"http:\\\/\\\/www.lohschule-datteln.de\\\/wp-content\\\/uploads\\\/2016\\\/02\\\/Loh-neu-2016.jpg\",\"contentUrl\":\"http:\\\/\\\/www.lohschule-datteln.de\\\/wp-content\\\/uploads\\\/2016\\\/02\\\/Loh-neu-2016.jpg\",\"width\":448,\"height\":252,\"caption\":\"Lohschule -katholische Grundschule Datteln\"},\"image\":{\"@id\":\"https:\\\/\\\/www.lohschule-datteln.de\\\/#\\\/schema\\\/logo\\\/image\\\/\"}}]}<\/script>\n<!-- \/ Yoast SEO plugin. -->","yoast_head_json":{"title":"K\u00e4nguruwettbewerb 2024 - Lohschule Datteln","robots":{"index":"index","follow":"follow","max-snippet":"max-snippet:-1","max-image-preview":"max-image-preview:large","max-video-preview":"max-video-preview:-1"},"canonical":"https:\/\/www.lohschule-datteln.de\/index.php\/kaenguruwettbewerb-2024\/","og_locale":"de_DE","og_type":"article","og_title":"K\u00e4nguruwettbewerb 2024 - Lohschule Datteln","og_description":"Die Gro\u00dfen der Lohschule knobeln mit Interessierte Kinder des dritten und vierten Schuljahres nahmen auch in diesem Jahr wieder am landesweiten K\u00e4nguruwettbewerb teil. Die Teilnahme wurde dankenswerter Weise von unserem F\u00f6rderverein gesponsert. Am Montag, dem 27. Mai 2024, war dann die ersehnte Preisverleihung. Wie in den Vorg\u00e4ngerjahren erwarteten die beiden Jahrg\u00e4nge &#8211; im Halbkreis um [&hellip;]","og_url":"https:\/\/www.lohschule-datteln.de\/index.php\/kaenguruwettbewerb-2024\/","og_site_name":"Lohschule Datteln","article_modified_time":"2024-05-30T20:27:46+00:00","og_image":[{"url":"https:\/\/www.lohschule-datteln.de\/wp-content\/uploads\/2024\/04\/IMG_9656.jpeg","type":"","width":"","height":""}],"twitter_card":"summary_large_image","twitter_misc":{"Gesch\u00e4tzte Lesezeit":"2\u00a0Minuten"},"schema":{"@context":"https:\/\/schema.org","@graph":[{"@type":"WebPage","@id":"https:\/\/www.lohschule-datteln.de\/index.php\/kaenguruwettbewerb-2024\/","url":"https:\/\/www.lohschule-datteln.de\/index.php\/kaenguruwettbewerb-2024\/","name":"K\u00e4nguruwettbewerb 2024 - Lohschule Datteln","isPartOf":{"@id":"https:\/\/www.lohschule-datteln.de\/#website"},"primaryImageOfPage":{"@id":"https:\/\/www.lohschule-datteln.de\/index.php\/kaenguruwettbewerb-2024\/#primaryimage"},"image":{"@id":"https:\/\/www.lohschule-datteln.de\/index.php\/kaenguruwettbewerb-2024\/#primaryimage"},"thumbnailUrl":"https:\/\/www.lohschule-datteln.de\/wp-content\/uploads\/2024\/04\/IMG_9656.jpeg","datePublished":"2024-05-27T19:24:39+00:00","dateModified":"2024-05-30T20:27:46+00:00","breadcrumb":{"@id":"https:\/\/www.lohschule-datteln.de\/index.php\/kaenguruwettbewerb-2024\/#breadcrumb"},"inLanguage":"de","potentialAction":[{"@type":"ReadAction","target":["https:\/\/www.lohschule-datteln.de\/index.php\/kaenguruwettbewerb-2024\/"]}]},{"@type":"ImageObject","inLanguage":"de","@id":"https:\/\/www.lohschule-datteln.de\/index.php\/kaenguruwettbewerb-2024\/#primaryimage","url":"https:\/\/www.lohschule-datteln.de\/wp-content\/uploads\/2024\/04\/IMG_9656.jpeg","contentUrl":"https:\/\/www.lohschule-datteln.de\/wp-content\/uploads\/2024\/04\/IMG_9656.jpeg","width":600,"height":864},{"@type":"BreadcrumbList","@id":"https:\/\/www.lohschule-datteln.de\/index.php\/kaenguruwettbewerb-2024\/#breadcrumb","itemListElement":[{"@type":"ListItem","position":1,"name":"Startseite","item":"https:\/\/www.lohschule-datteln.de\/"},{"@type":"ListItem","position":2,"name":"K\u00e4nguruwettbewerb 2024"}]},{"@type":"WebSite","@id":"https:\/\/www.lohschule-datteln.de\/#website","url":"https:\/\/www.lohschule-datteln.de\/","name":"Lohschule Datteln","description":"kath. Grundschule","publisher":{"@id":"https:\/\/www.lohschule-datteln.de\/#organization"},"potentialAction":[{"@type":"SearchAction","target":{"@type":"EntryPoint","urlTemplate":"https:\/\/www.lohschule-datteln.de\/?s={search_term_string}"},"query-input":{"@type":"PropertyValueSpecification","valueRequired":true,"valueName":"search_term_string"}}],"inLanguage":"de"},{"@type":"Organization","@id":"https:\/\/www.lohschule-datteln.de\/#organization","name":"Lohschule -katholische Grundschule Datteln","url":"https:\/\/www.lohschule-datteln.de\/","logo":{"@type":"ImageObject","inLanguage":"de","@id":"https:\/\/www.lohschule-datteln.de\/#\/schema\/logo\/image\/","url":"http:\/\/www.lohschule-datteln.de\/wp-content\/uploads\/2016\/02\/Loh-neu-2016.jpg","contentUrl":"http:\/\/www.lohschule-datteln.de\/wp-content\/uploads\/2016\/02\/Loh-neu-2016.jpg","width":448,"height":252,"caption":"Lohschule -katholische Grundschule Datteln"},"image":{"@id":"https:\/\/www.lohschule-datteln.de\/#\/schema\/logo\/image\/"}}]}},"_links":{"self":[{"href":"https:\/\/www.lohschule-datteln.de\/index.php\/wp-json\/wp\/v2\/pages\/13580","targetHints":{"allow":["GET"]}}],"collection":[{"href":"https:\/\/www.lohschule-datteln.de\/index.php\/wp-json\/wp\/v2\/pages"}],"about":[{"href":"https:\/\/www.lohschule-datteln.de\/index.php\/wp-json\/wp\/v2\/types\/page"}],"author":[{"embeddable":true,"href":"https:\/\/www.lohschule-datteln.de\/index.php\/wp-json\/wp\/v2\/users\/3"}],"replies":[{"embeddable":true,"href":"https:\/\/www.lohschule-datteln.de\/index.php\/wp-json\/wp\/v2\/comments?post=13580"}],"version-history":[{"count":9,"href":"https:\/\/www.lohschule-datteln.de\/index.php\/wp-json\/wp\/v2\/pages\/13580\/revisions"}],"predecessor-version":[{"id":13599,"href":"https:\/\/www.lohschule-datteln.de\/index.php\/wp-json\/wp\/v2\/pages\/13580\/revisions\/13599"}],"wp:attachment":[{"href":"https:\/\/www.lohschule-datteln.de\/index.php\/wp-json\/wp\/v2\/media?parent=13580"}],"curies":[{"name":"wp","href":"https:\/\/api.w.org\/{rel}","templated":true}]}}