{"id":13628,"date":"2024-05-30T23:51:14","date_gmt":"2024-05-30T21:51:14","guid":{"rendered":"https:\/\/www.lohschule-datteln.de\/?page_id=13628"},"modified":"2024-07-06T05:55:03","modified_gmt":"2024-07-06T03:55:03","slug":"jahrgang-4-2023-24","status":"publish","type":"page","link":"https:\/\/www.lohschule-datteln.de\/index.php\/jahrgang-4-2023-24\/","title":{"rendered":"Jahrgang 4 &#8211; 2023\/24"},"content":{"rendered":"<h3>Das deutsche Sportabzeichen spielerisch an der Lohschule<\/h3>\n<p><span style=\"color: #808080;\">Am Mittwoch, 03.07.2024, wurde mit Unterst\u00fctzung von Frau Bethmann, Frau Hof, Herrn Pilip und Herrn V\u00f6lkert in der Klasse 4c das deutsche Sportzeichen abgenommen. Alle Disziplinen des deutschen Sportabzeichens werden durch die qualifizierten TrainerInnen und Pr\u00fcferInnen in Sportspielen eingebunden, sodass m\u00f6glichst viele Sch\u00fclerinnen und Sch\u00fcler der Lohschule am Ende des Tages mit dem deutschen Sportabzeichen nach Hause gehen durften.<\/span><\/p>\n<p><span style=\"color: #808080;\">Der Sporttag wurde in Kooperation mit der Sportjugend des Kreisbundes Recklinghausen (KSB Recklinghausen) und dem StadtSportVerband Datteln Frau Hof (SSV Datteln) an der Lohschule durchgef\u00fchrt und die Sportabzeichen abgenommen. Insgesamt waren 7 Kinder der Klasse 4c erfolgreich und sind mit einem Sportabzeichen nach Hause gegangen. Herzlichen Gl\u00fcckwunsch an alle Kinder !!!<\/span><\/p>\n<div id='gallery-1' class='gallery galleryid-13628 gallery-columns-2 gallery-size-medium'><figure class='gallery-item'>\n\t\t\t<div class='gallery-icon portrait'>\n\t\t\t\t<img loading=\"lazy\" decoding=\"async\" width=\"185\" height=\"300\" src=\"https:\/\/www.lohschule-datteln.de\/wp-content\/uploads\/2024\/07\/sp7-185x300.jpg\" class=\"attachment-medium size-medium\" alt=\"\" srcset=\"https:\/\/www.lohschule-datteln.de\/wp-content\/uploads\/2024\/07\/sp7-185x300.jpg 185w, https:\/\/www.lohschule-datteln.de\/wp-content\/uploads\/2024\/07\/sp7-631x1024.jpg 631w, https:\/\/www.lohschule-datteln.de\/wp-content\/uploads\/2024\/07\/sp7-768x1246.jpg 768w, https:\/\/www.lohschule-datteln.de\/wp-content\/uploads\/2024\/07\/sp7.jpg 800w\" sizes=\"auto, (max-width: 185px) 100vw, 185px\" \/>\n\t\t\t<\/div><\/figure><figure class='gallery-item'>\n\t\t\t<div class='gallery-icon landscape'>\n\t\t\t\t<img loading=\"lazy\" decoding=\"async\" width=\"300\" height=\"225\" src=\"https:\/\/www.lohschule-datteln.de\/wp-content\/uploads\/2024\/07\/sp5-300x225.jpeg\" class=\"attachment-medium size-medium\" alt=\"\" srcset=\"https:\/\/www.lohschule-datteln.de\/wp-content\/uploads\/2024\/07\/sp5-300x225.jpeg 300w, https:\/\/www.lohschule-datteln.de\/wp-content\/uploads\/2024\/07\/sp5-768x576.jpeg 768w, https:\/\/www.lohschule-datteln.de\/wp-content\/uploads\/2024\/07\/sp5.jpeg 800w\" sizes=\"auto, (max-width: 300px) 100vw, 300px\" \/>\n\t\t\t<\/div><\/figure>\n\t\t<\/div>\n\n<div id='gallery-2' class='gallery galleryid-13628 gallery-columns-2 gallery-size-medium'><figure class='gallery-item'>\n\t\t\t<div class='gallery-icon landscape'>\n\t\t\t\t<img loading=\"lazy\" decoding=\"async\" width=\"300\" height=\"225\" src=\"https:\/\/www.lohschule-datteln.de\/wp-content\/uploads\/2024\/07\/sp4-300x225.jpeg\" class=\"attachment-medium size-medium\" alt=\"\" srcset=\"https:\/\/www.lohschule-datteln.de\/wp-content\/uploads\/2024\/07\/sp4-300x225.jpeg 300w, https:\/\/www.lohschule-datteln.de\/wp-content\/uploads\/2024\/07\/sp4-768x576.jpeg 768w, https:\/\/www.lohschule-datteln.de\/wp-content\/uploads\/2024\/07\/sp4.jpeg 800w\" sizes=\"auto, (max-width: 300px) 100vw, 300px\" \/>\n\t\t\t<\/div><\/figure><figure class='gallery-item'>\n\t\t\t<div class='gallery-icon landscape'>\n\t\t\t\t<img loading=\"lazy\" decoding=\"async\" width=\"300\" height=\"225\" src=\"https:\/\/www.lohschule-datteln.de\/wp-content\/uploads\/2024\/07\/sp3-300x225.jpeg\" class=\"attachment-medium size-medium\" alt=\"\" srcset=\"https:\/\/www.lohschule-datteln.de\/wp-content\/uploads\/2024\/07\/sp3-300x225.jpeg 300w, https:\/\/www.lohschule-datteln.de\/wp-content\/uploads\/2024\/07\/sp3-768x576.jpeg 768w, https:\/\/www.lohschule-datteln.de\/wp-content\/uploads\/2024\/07\/sp3.jpeg 800w\" sizes=\"auto, (max-width: 300px) 100vw, 300px\" \/>\n\t\t\t<\/div><\/figure>\n\t\t<\/div>\n\n<div id='gallery-3' class='gallery galleryid-13628 gallery-columns-2 gallery-size-medium'><figure class='gallery-item'>\n\t\t\t<div class='gallery-icon landscape'>\n\t\t\t\t<img loading=\"lazy\" decoding=\"async\" width=\"300\" height=\"225\" src=\"https:\/\/www.lohschule-datteln.de\/wp-content\/uploads\/2024\/07\/sp2-300x225.jpeg\" class=\"attachment-medium size-medium\" alt=\"\" srcset=\"https:\/\/www.lohschule-datteln.de\/wp-content\/uploads\/2024\/07\/sp2-300x225.jpeg 300w, https:\/\/www.lohschule-datteln.de\/wp-content\/uploads\/2024\/07\/sp2-768x576.jpeg 768w, https:\/\/www.lohschule-datteln.de\/wp-content\/uploads\/2024\/07\/sp2.jpeg 800w\" sizes=\"auto, (max-width: 300px) 100vw, 300px\" \/>\n\t\t\t<\/div><\/figure><figure class='gallery-item'>\n\t\t\t<div class='gallery-icon landscape'>\n\t\t\t\t<img loading=\"lazy\" decoding=\"async\" width=\"300\" height=\"225\" src=\"https:\/\/www.lohschule-datteln.de\/wp-content\/uploads\/2024\/07\/sp1-300x225.jpeg\" class=\"attachment-medium size-medium\" alt=\"\" srcset=\"https:\/\/www.lohschule-datteln.de\/wp-content\/uploads\/2024\/07\/sp1-300x225.jpeg 300w, https:\/\/www.lohschule-datteln.de\/wp-content\/uploads\/2024\/07\/sp1-768x576.jpeg 768w, https:\/\/www.lohschule-datteln.de\/wp-content\/uploads\/2024\/07\/sp1.jpeg 800w\" sizes=\"auto, (max-width: 300px) 100vw, 300px\" \/>\n\t\t\t<\/div><\/figure>\n\t\t<\/div>\n\n<h3><\/h3>\n<h3><\/h3>\n<h3>4. Klasse verkauft Waffeln f\u00fcr das Abschlussfest<\/h3>\n<p><span style=\"color: #808080;\">Nur noch wenige Wochen bis zu den Sommerferien und den damit verbundenen Abschlussfeiern der Klassen 4. <\/span><\/p>\n<p><span style=\"color: #808080;\">Um Geld f\u00fcr die Abschlussfeier zu sammeln, hat die Klasse 4a am Samstag, den 25.05.2024, zum zweiten Mal in Datteln mit viel Spa\u00df und Freude Waffeln verkauft.<\/span><\/p>\n<p><span style=\"color: #808080;\">Ein kleiner Eindruck in Bildern:<\/span><\/p>\n<div id='gallery-4' class='gallery galleryid-13628 gallery-columns-2 gallery-size-medium'><figure class='gallery-item'>\n\t\t\t<div class='gallery-icon portrait'>\n\t\t\t\t<img loading=\"lazy\" decoding=\"async\" width=\"225\" height=\"300\" src=\"https:\/\/www.lohschule-datteln.de\/wp-content\/uploads\/2024\/05\/IMG_7960-225x300.jpeg\" class=\"attachment-medium size-medium\" alt=\"\" srcset=\"https:\/\/www.lohschule-datteln.de\/wp-content\/uploads\/2024\/05\/IMG_7960-225x300.jpeg 225w, https:\/\/www.lohschule-datteln.de\/wp-content\/uploads\/2024\/05\/IMG_7960.jpeg 600w\" sizes=\"auto, (max-width: 225px) 100vw, 225px\" \/>\n\t\t\t<\/div><\/figure><figure class='gallery-item'>\n\t\t\t<div class='gallery-icon landscape'>\n\t\t\t\t<img loading=\"lazy\" decoding=\"async\" width=\"300\" height=\"225\" src=\"https:\/\/www.lohschule-datteln.de\/wp-content\/uploads\/2024\/05\/IMG_7959-300x225.jpeg\" class=\"attachment-medium size-medium\" alt=\"\" srcset=\"https:\/\/www.lohschule-datteln.de\/wp-content\/uploads\/2024\/05\/IMG_7959-300x225.jpeg 300w, https:\/\/www.lohschule-datteln.de\/wp-content\/uploads\/2024\/05\/IMG_7959.jpeg 600w\" sizes=\"auto, (max-width: 300px) 100vw, 300px\" \/>\n\t\t\t<\/div><\/figure>\n\t\t<\/div>\n\n","protected":false},"excerpt":{"rendered":"<p>Das deutsche Sportabzeichen spielerisch an der Lohschule Am Mittwoch, 03.07.2024, wurde mit Unterst\u00fctzung von Frau Bethmann, Frau Hof, Herrn Pilip und Herrn V\u00f6lkert in der Klasse 4c das deutsche Sportzeichen abgenommen. Alle Disziplinen des deutschen Sportabzeichens werden durch die qualifizierten TrainerInnen und Pr\u00fcferInnen in Sportspielen eingebunden, sodass m\u00f6glichst viele Sch\u00fclerinnen und Sch\u00fcler der Lohschule am [&hellip;]<\/p>\n","protected":false},"author":3,"featured_media":0,"parent":0,"menu_order":0,"comment_status":"closed","ping_status":"closed","template":"","meta":{"footnotes":""},"class_list":["post-13628","page","type-page","status-publish","hentry"],"yoast_head":"<!-- This site is optimized with the Yoast SEO plugin v27.5 - https:\/\/yoast.com\/product\/yoast-seo-wordpress\/ -->\n<title>Jahrgang 4 - 2023\/24 - Lohschule Datteln<\/title>\n<meta name=\"robots\" content=\"index, follow, max-snippet:-1, max-image-preview:large, max-video-preview:-1\" \/>\n<link rel=\"canonical\" href=\"https:\/\/www.lohschule-datteln.de\/index.php\/jahrgang-4-2023-24\/\" \/>\n<meta property=\"og:locale\" content=\"de_DE\" \/>\n<meta property=\"og:type\" content=\"article\" \/>\n<meta property=\"og:title\" content=\"Jahrgang 4 - 2023\/24 - Lohschule Datteln\" \/>\n<meta property=\"og:description\" content=\"Das deutsche Sportabzeichen spielerisch an der Lohschule Am Mittwoch, 03.07.2024, wurde mit Unterst\u00fctzung von Frau Bethmann, Frau Hof, Herrn Pilip und Herrn V\u00f6lkert in der Klasse 4c das deutsche Sportzeichen abgenommen. Alle Disziplinen des deutschen Sportabzeichens werden durch die qualifizierten TrainerInnen und Pr\u00fcferInnen in Sportspielen eingebunden, sodass m\u00f6glichst viele Sch\u00fclerinnen und Sch\u00fcler der Lohschule am [&hellip;]\" \/>\n<meta property=\"og:url\" content=\"https:\/\/www.lohschule-datteln.de\/index.php\/jahrgang-4-2023-24\/\" \/>\n<meta property=\"og:site_name\" content=\"Lohschule Datteln\" \/>\n<meta property=\"article:modified_time\" content=\"2024-07-06T03:55:03+00:00\" \/>\n<meta property=\"og:image\" content=\"https:\/\/www.lohschule-datteln.de\/wp-content\/uploads\/2024\/07\/sp7-185x300.jpg\" \/>\n<meta name=\"twitter:card\" content=\"summary_large_image\" \/>\n<meta name=\"twitter:label1\" content=\"Gesch\u00e4tzte Lesezeit\" \/>\n\t<meta name=\"twitter:data1\" content=\"2\u00a0Minuten\" \/>\n<script type=\"application\/ld+json\" class=\"yoast-schema-graph\">{\"@context\":\"https:\\\/\\\/schema.org\",\"@graph\":[{\"@type\":\"WebPage\",\"@id\":\"https:\\\/\\\/www.lohschule-datteln.de\\\/index.php\\\/jahrgang-4-2023-24\\\/\",\"url\":\"https:\\\/\\\/www.lohschule-datteln.de\\\/index.php\\\/jahrgang-4-2023-24\\\/\",\"name\":\"Jahrgang 4 - 2023\\\/24 - Lohschule Datteln\",\"isPartOf\":{\"@id\":\"https:\\\/\\\/www.lohschule-datteln.de\\\/#website\"},\"datePublished\":\"2024-05-30T21:51:14+00:00\",\"dateModified\":\"2024-07-06T03:55:03+00:00\",\"breadcrumb\":{\"@id\":\"https:\\\/\\\/www.lohschule-datteln.de\\\/index.php\\\/jahrgang-4-2023-24\\\/#breadcrumb\"},\"inLanguage\":\"de\",\"potentialAction\":[{\"@type\":\"ReadAction\",\"target\":[\"https:\\\/\\\/www.lohschule-datteln.de\\\/index.php\\\/jahrgang-4-2023-24\\\/\"]}]},{\"@type\":\"BreadcrumbList\",\"@id\":\"https:\\\/\\\/www.lohschule-datteln.de\\\/index.php\\\/jahrgang-4-2023-24\\\/#breadcrumb\",\"itemListElement\":[{\"@type\":\"ListItem\",\"position\":1,\"name\":\"Startseite\",\"item\":\"https:\\\/\\\/www.lohschule-datteln.de\\\/\"},{\"@type\":\"ListItem\",\"position\":2,\"name\":\"Jahrgang 4 &#8211; 2023\\\/24\"}]},{\"@type\":\"WebSite\",\"@id\":\"https:\\\/\\\/www.lohschule-datteln.de\\\/#website\",\"url\":\"https:\\\/\\\/www.lohschule-datteln.de\\\/\",\"name\":\"Lohschule Datteln\",\"description\":\"kath. Grundschule\",\"publisher\":{\"@id\":\"https:\\\/\\\/www.lohschule-datteln.de\\\/#organization\"},\"potentialAction\":[{\"@type\":\"SearchAction\",\"target\":{\"@type\":\"EntryPoint\",\"urlTemplate\":\"https:\\\/\\\/www.lohschule-datteln.de\\\/?s={search_term_string}\"},\"query-input\":{\"@type\":\"PropertyValueSpecification\",\"valueRequired\":true,\"valueName\":\"search_term_string\"}}],\"inLanguage\":\"de\"},{\"@type\":\"Organization\",\"@id\":\"https:\\\/\\\/www.lohschule-datteln.de\\\/#organization\",\"name\":\"Lohschule -katholische Grundschule Datteln\",\"url\":\"https:\\\/\\\/www.lohschule-datteln.de\\\/\",\"logo\":{\"@type\":\"ImageObject\",\"inLanguage\":\"de\",\"@id\":\"https:\\\/\\\/www.lohschule-datteln.de\\\/#\\\/schema\\\/logo\\\/image\\\/\",\"url\":\"http:\\\/\\\/www.lohschule-datteln.de\\\/wp-content\\\/uploads\\\/2016\\\/02\\\/Loh-neu-2016.jpg\",\"contentUrl\":\"http:\\\/\\\/www.lohschule-datteln.de\\\/wp-content\\\/uploads\\\/2016\\\/02\\\/Loh-neu-2016.jpg\",\"width\":448,\"height\":252,\"caption\":\"Lohschule -katholische Grundschule Datteln\"},\"image\":{\"@id\":\"https:\\\/\\\/www.lohschule-datteln.de\\\/#\\\/schema\\\/logo\\\/image\\\/\"}}]}<\/script>\n<!-- \/ Yoast SEO plugin. -->","yoast_head_json":{"title":"Jahrgang 4 - 2023\/24 - Lohschule Datteln","robots":{"index":"index","follow":"follow","max-snippet":"max-snippet:-1","max-image-preview":"max-image-preview:large","max-video-preview":"max-video-preview:-1"},"canonical":"https:\/\/www.lohschule-datteln.de\/index.php\/jahrgang-4-2023-24\/","og_locale":"de_DE","og_type":"article","og_title":"Jahrgang 4 - 2023\/24 - Lohschule Datteln","og_description":"Das deutsche Sportabzeichen spielerisch an der Lohschule Am Mittwoch, 03.07.2024, wurde mit Unterst\u00fctzung von Frau Bethmann, Frau Hof, Herrn Pilip und Herrn V\u00f6lkert in der Klasse 4c das deutsche Sportzeichen abgenommen. Alle Disziplinen des deutschen Sportabzeichens werden durch die qualifizierten TrainerInnen und Pr\u00fcferInnen in Sportspielen eingebunden, sodass m\u00f6glichst viele Sch\u00fclerinnen und Sch\u00fcler der Lohschule am [&hellip;]","og_url":"https:\/\/www.lohschule-datteln.de\/index.php\/jahrgang-4-2023-24\/","og_site_name":"Lohschule Datteln","article_modified_time":"2024-07-06T03:55:03+00:00","og_image":[{"url":"https:\/\/www.lohschule-datteln.de\/wp-content\/uploads\/2024\/07\/sp7-185x300.jpg","type":"","width":"","height":""}],"twitter_card":"summary_large_image","twitter_misc":{"Gesch\u00e4tzte Lesezeit":"2\u00a0Minuten"},"schema":{"@context":"https:\/\/schema.org","@graph":[{"@type":"WebPage","@id":"https:\/\/www.lohschule-datteln.de\/index.php\/jahrgang-4-2023-24\/","url":"https:\/\/www.lohschule-datteln.de\/index.php\/jahrgang-4-2023-24\/","name":"Jahrgang 4 - 2023\/24 - Lohschule Datteln","isPartOf":{"@id":"https:\/\/www.lohschule-datteln.de\/#website"},"datePublished":"2024-05-30T21:51:14+00:00","dateModified":"2024-07-06T03:55:03+00:00","breadcrumb":{"@id":"https:\/\/www.lohschule-datteln.de\/index.php\/jahrgang-4-2023-24\/#breadcrumb"},"inLanguage":"de","potentialAction":[{"@type":"ReadAction","target":["https:\/\/www.lohschule-datteln.de\/index.php\/jahrgang-4-2023-24\/"]}]},{"@type":"BreadcrumbList","@id":"https:\/\/www.lohschule-datteln.de\/index.php\/jahrgang-4-2023-24\/#breadcrumb","itemListElement":[{"@type":"ListItem","position":1,"name":"Startseite","item":"https:\/\/www.lohschule-datteln.de\/"},{"@type":"ListItem","position":2,"name":"Jahrgang 4 &#8211; 2023\/24"}]},{"@type":"WebSite","@id":"https:\/\/www.lohschule-datteln.de\/#website","url":"https:\/\/www.lohschule-datteln.de\/","name":"Lohschule Datteln","description":"kath. Grundschule","publisher":{"@id":"https:\/\/www.lohschule-datteln.de\/#organization"},"potentialAction":[{"@type":"SearchAction","target":{"@type":"EntryPoint","urlTemplate":"https:\/\/www.lohschule-datteln.de\/?s={search_term_string}"},"query-input":{"@type":"PropertyValueSpecification","valueRequired":true,"valueName":"search_term_string"}}],"inLanguage":"de"},{"@type":"Organization","@id":"https:\/\/www.lohschule-datteln.de\/#organization","name":"Lohschule -katholische Grundschule Datteln","url":"https:\/\/www.lohschule-datteln.de\/","logo":{"@type":"ImageObject","inLanguage":"de","@id":"https:\/\/www.lohschule-datteln.de\/#\/schema\/logo\/image\/","url":"http:\/\/www.lohschule-datteln.de\/wp-content\/uploads\/2016\/02\/Loh-neu-2016.jpg","contentUrl":"http:\/\/www.lohschule-datteln.de\/wp-content\/uploads\/2016\/02\/Loh-neu-2016.jpg","width":448,"height":252,"caption":"Lohschule -katholische Grundschule Datteln"},"image":{"@id":"https:\/\/www.lohschule-datteln.de\/#\/schema\/logo\/image\/"}}]}},"_links":{"self":[{"href":"https:\/\/www.lohschule-datteln.de\/index.php\/wp-json\/wp\/v2\/pages\/13628","targetHints":{"allow":["GET"]}}],"collection":[{"href":"https:\/\/www.lohschule-datteln.de\/index.php\/wp-json\/wp\/v2\/pages"}],"about":[{"href":"https:\/\/www.lohschule-datteln.de\/index.php\/wp-json\/wp\/v2\/types\/page"}],"author":[{"embeddable":true,"href":"https:\/\/www.lohschule-datteln.de\/index.php\/wp-json\/wp\/v2\/users\/3"}],"replies":[{"embeddable":true,"href":"https:\/\/www.lohschule-datteln.de\/index.php\/wp-json\/wp\/v2\/comments?post=13628"}],"version-history":[{"count":8,"href":"https:\/\/www.lohschule-datteln.de\/index.php\/wp-json\/wp\/v2\/pages\/13628\/revisions"}],"predecessor-version":[{"id":13760,"href":"https:\/\/www.lohschule-datteln.de\/index.php\/wp-json\/wp\/v2\/pages\/13628\/revisions\/13760"}],"wp:attachment":[{"href":"https:\/\/www.lohschule-datteln.de\/index.php\/wp-json\/wp\/v2\/media?parent=13628"}],"curies":[{"name":"wp","href":"https:\/\/api.w.org\/{rel}","templated":true}]}}