{"id":13685,"date":"2024-06-04T23:09:25","date_gmt":"2024-06-04T21:09:25","guid":{"rendered":"https:\/\/www.lohschule-datteln.de\/?page_id=13685"},"modified":"2024-06-04T23:54:14","modified_gmt":"2024-06-04T21:54:14","slug":"sportfest-2024","status":"publish","type":"page","link":"https:\/\/www.lohschule-datteln.de\/index.php\/sportfest-2024\/","title":{"rendered":"Sportfest 2024"},"content":{"rendered":"<h2>Lohschule in Bewegung<\/h2>\n<p>Am Dienstag, den 4. Juni 2024, trafen alle Lohschulkinder auf dem Sportplatz an der Realschule ein, um von 8 Uhr bis kurz nach halb 12 bei verschiedenen Wettbewerben einen sportlichen Vormittag zu verleben. Unterst\u00fctzt wurden sie dabei nat\u00fcrlich von ihren Lehrern und Lehrerinnen, aber auch von zahlreichen Sporthelfern der weiterf\u00fchrenden Schulen.<\/p>\n<p>Bevor es so richtig losging, gab es nach der Begr\u00fc\u00dfung durch Frau Schneider ein gemeinsames Aufw\u00e4rmen unter der Leitung von Frau Phan und Frau Schenk.<\/p>\n<p>Dann ging es f\u00fcr die einzelnen Stufen an die sportlichen Herausforderungen. Zwischen den einzelnen Stationen machte jede Klasse f\u00fcr sich ihre Pausen. Unser F\u00f6rderverein versorgte uns auch bei diesem Sportfest wieder mit Obst- und Gem\u00fcsest\u00fcckchen. Nachschub f\u00fcr die Getr\u00e4nkeflaschen der Sportler und Sportlerinnen in Form von Mineralwasser stellte er auch bereit.\u00a0<\/p>\n<p>Wie es anfing, so endete es dann auch mit einer Verabschiedung durch Frau Schneider.<\/p>\n<p>Nach einem entspannt-sportlichen Vormittag freuen wir uns auf ein ebenso sch\u00f6nes Sportfest im n\u00e4chsten Jahr.\u00a0<\/p>\n<p>An dieser Stelle geht ein herzliches Dankesch\u00f6n an die Sporthelfer, ohne deren Unterst\u00fctzung unser Sportfest so nicht h\u00e4tte stattfinden k\u00f6nnen.<\/p>\n<p>Ein herzliches Dankesch\u00f6n geht an den F\u00f6rderverein, der Obst-Gem\u00fcse-Kisten und Mineralwasser f\u00fcr die 12 Klassen bereitgestellt hat.<\/p>\n<p>Ein kleiner Einblick in Bildern:<\/p>\n<p><img loading=\"lazy\" decoding=\"async\" class=\"aligncenter size-full wp-image-13692\" src=\"https:\/\/www.lohschule-datteln.de\/wp-content\/uploads\/2024\/06\/s8.jpeg\" alt=\"\" width=\"600\" height=\"450\" srcset=\"https:\/\/www.lohschule-datteln.de\/wp-content\/uploads\/2024\/06\/s8.jpeg 600w, https:\/\/www.lohschule-datteln.de\/wp-content\/uploads\/2024\/06\/s8-300x225.jpeg 300w\" sizes=\"auto, (max-width: 600px) 100vw, 600px\" \/><\/p>\n<p><img loading=\"lazy\" decoding=\"async\" class=\"aligncenter size-full wp-image-13694\" src=\"https:\/\/www.lohschule-datteln.de\/wp-content\/uploads\/2024\/06\/s1.jpeg\" alt=\"\" width=\"600\" height=\"450\" srcset=\"https:\/\/www.lohschule-datteln.de\/wp-content\/uploads\/2024\/06\/s1.jpeg 600w, https:\/\/www.lohschule-datteln.de\/wp-content\/uploads\/2024\/06\/s1-300x225.jpeg 300w\" sizes=\"auto, (max-width: 600px) 100vw, 600px\" \/><\/p>\n<p><img loading=\"lazy\" decoding=\"async\" class=\"aligncenter size-full wp-image-13695\" src=\"https:\/\/www.lohschule-datteln.de\/wp-content\/uploads\/2024\/06\/s2.jpeg\" alt=\"\" width=\"600\" height=\"450\" srcset=\"https:\/\/www.lohschule-datteln.de\/wp-content\/uploads\/2024\/06\/s2.jpeg 600w, https:\/\/www.lohschule-datteln.de\/wp-content\/uploads\/2024\/06\/s2-300x225.jpeg 300w\" sizes=\"auto, (max-width: 600px) 100vw, 600px\" \/><\/p>\n<p><img loading=\"lazy\" decoding=\"async\" class=\"aligncenter size-full wp-image-13697\" src=\"https:\/\/www.lohschule-datteln.de\/wp-content\/uploads\/2024\/06\/s4.jpeg\" alt=\"\" width=\"600\" height=\"450\" srcset=\"https:\/\/www.lohschule-datteln.de\/wp-content\/uploads\/2024\/06\/s4.jpeg 600w, https:\/\/www.lohschule-datteln.de\/wp-content\/uploads\/2024\/06\/s4-300x225.jpeg 300w\" sizes=\"auto, (max-width: 600px) 100vw, 600px\" \/><\/p>\n<p><img loading=\"lazy\" decoding=\"async\" class=\"aligncenter size-full wp-image-13698\" src=\"https:\/\/www.lohschule-datteln.de\/wp-content\/uploads\/2024\/06\/s5.jpeg\" alt=\"\" width=\"600\" height=\"450\" srcset=\"https:\/\/www.lohschule-datteln.de\/wp-content\/uploads\/2024\/06\/s5.jpeg 600w, https:\/\/www.lohschule-datteln.de\/wp-content\/uploads\/2024\/06\/s5-300x225.jpeg 300w\" sizes=\"auto, (max-width: 600px) 100vw, 600px\" \/><\/p>\n<p><img loading=\"lazy\" decoding=\"async\" class=\"aligncenter size-full wp-image-13691\" src=\"https:\/\/www.lohschule-datteln.de\/wp-content\/uploads\/2024\/06\/s6.jpeg\" alt=\"\" width=\"600\" height=\"450\" srcset=\"https:\/\/www.lohschule-datteln.de\/wp-content\/uploads\/2024\/06\/s6.jpeg 600w, https:\/\/www.lohschule-datteln.de\/wp-content\/uploads\/2024\/06\/s6-300x225.jpeg 300w\" sizes=\"auto, (max-width: 600px) 100vw, 600px\" \/><\/p>\n<p>\u00a0<\/p>\n","protected":false},"excerpt":{"rendered":"<p>Lohschule in Bewegung Am Dienstag, den 4. Juni 2024, trafen alle Lohschulkinder auf dem Sportplatz an der Realschule ein, um von 8 Uhr bis kurz nach halb 12 bei verschiedenen Wettbewerben einen sportlichen Vormittag zu verleben. Unterst\u00fctzt wurden sie dabei nat\u00fcrlich von ihren Lehrern und Lehrerinnen, aber auch von zahlreichen Sporthelfern der weiterf\u00fchrenden Schulen. Bevor [&hellip;]<\/p>\n","protected":false},"author":3,"featured_media":0,"parent":0,"menu_order":0,"comment_status":"closed","ping_status":"closed","template":"","meta":{"footnotes":""},"class_list":["post-13685","page","type-page","status-publish","hentry"],"yoast_head":"<!-- This site is optimized with the Yoast SEO plugin v27.5 - https:\/\/yoast.com\/product\/yoast-seo-wordpress\/ -->\n<title>Sportfest 2024 - Lohschule Datteln<\/title>\n<meta name=\"robots\" content=\"index, follow, max-snippet:-1, max-image-preview:large, max-video-preview:-1\" \/>\n<link rel=\"canonical\" href=\"https:\/\/www.lohschule-datteln.de\/index.php\/sportfest-2024\/\" \/>\n<meta property=\"og:locale\" content=\"de_DE\" \/>\n<meta property=\"og:type\" content=\"article\" \/>\n<meta property=\"og:title\" content=\"Sportfest 2024 - Lohschule Datteln\" \/>\n<meta property=\"og:description\" content=\"Lohschule in Bewegung Am Dienstag, den 4. Juni 2024, trafen alle Lohschulkinder auf dem Sportplatz an der Realschule ein, um von 8 Uhr bis kurz nach halb 12 bei verschiedenen Wettbewerben einen sportlichen Vormittag zu verleben. Unterst\u00fctzt wurden sie dabei nat\u00fcrlich von ihren Lehrern und Lehrerinnen, aber auch von zahlreichen Sporthelfern der weiterf\u00fchrenden Schulen. Bevor [&hellip;]\" \/>\n<meta property=\"og:url\" content=\"https:\/\/www.lohschule-datteln.de\/index.php\/sportfest-2024\/\" \/>\n<meta property=\"og:site_name\" content=\"Lohschule Datteln\" \/>\n<meta property=\"article:modified_time\" content=\"2024-06-04T21:54:14+00:00\" \/>\n<meta property=\"og:image\" content=\"https:\/\/www.lohschule-datteln.de\/wp-content\/uploads\/2024\/06\/s8.jpeg\" \/>\n<meta name=\"twitter:card\" content=\"summary_large_image\" \/>\n<meta name=\"twitter:label1\" content=\"Gesch\u00e4tzte Lesezeit\" \/>\n\t<meta name=\"twitter:data1\" content=\"3\u00a0Minuten\" \/>\n<script type=\"application\/ld+json\" class=\"yoast-schema-graph\">{\"@context\":\"https:\\\/\\\/schema.org\",\"@graph\":[{\"@type\":\"WebPage\",\"@id\":\"https:\\\/\\\/www.lohschule-datteln.de\\\/index.php\\\/sportfest-2024\\\/\",\"url\":\"https:\\\/\\\/www.lohschule-datteln.de\\\/index.php\\\/sportfest-2024\\\/\",\"name\":\"Sportfest 2024 - Lohschule Datteln\",\"isPartOf\":{\"@id\":\"https:\\\/\\\/www.lohschule-datteln.de\\\/#website\"},\"primaryImageOfPage\":{\"@id\":\"https:\\\/\\\/www.lohschule-datteln.de\\\/index.php\\\/sportfest-2024\\\/#primaryimage\"},\"image\":{\"@id\":\"https:\\\/\\\/www.lohschule-datteln.de\\\/index.php\\\/sportfest-2024\\\/#primaryimage\"},\"thumbnailUrl\":\"https:\\\/\\\/www.lohschule-datteln.de\\\/wp-content\\\/uploads\\\/2024\\\/06\\\/s8.jpeg\",\"datePublished\":\"2024-06-04T21:09:25+00:00\",\"dateModified\":\"2024-06-04T21:54:14+00:00\",\"breadcrumb\":{\"@id\":\"https:\\\/\\\/www.lohschule-datteln.de\\\/index.php\\\/sportfest-2024\\\/#breadcrumb\"},\"inLanguage\":\"de\",\"potentialAction\":[{\"@type\":\"ReadAction\",\"target\":[\"https:\\\/\\\/www.lohschule-datteln.de\\\/index.php\\\/sportfest-2024\\\/\"]}]},{\"@type\":\"ImageObject\",\"inLanguage\":\"de\",\"@id\":\"https:\\\/\\\/www.lohschule-datteln.de\\\/index.php\\\/sportfest-2024\\\/#primaryimage\",\"url\":\"https:\\\/\\\/www.lohschule-datteln.de\\\/wp-content\\\/uploads\\\/2024\\\/06\\\/s8.jpeg\",\"contentUrl\":\"https:\\\/\\\/www.lohschule-datteln.de\\\/wp-content\\\/uploads\\\/2024\\\/06\\\/s8.jpeg\",\"width\":600,\"height\":450},{\"@type\":\"BreadcrumbList\",\"@id\":\"https:\\\/\\\/www.lohschule-datteln.de\\\/index.php\\\/sportfest-2024\\\/#breadcrumb\",\"itemListElement\":[{\"@type\":\"ListItem\",\"position\":1,\"name\":\"Startseite\",\"item\":\"https:\\\/\\\/www.lohschule-datteln.de\\\/\"},{\"@type\":\"ListItem\",\"position\":2,\"name\":\"Sportfest 2024\"}]},{\"@type\":\"WebSite\",\"@id\":\"https:\\\/\\\/www.lohschule-datteln.de\\\/#website\",\"url\":\"https:\\\/\\\/www.lohschule-datteln.de\\\/\",\"name\":\"Lohschule Datteln\",\"description\":\"kath. Grundschule\",\"publisher\":{\"@id\":\"https:\\\/\\\/www.lohschule-datteln.de\\\/#organization\"},\"potentialAction\":[{\"@type\":\"SearchAction\",\"target\":{\"@type\":\"EntryPoint\",\"urlTemplate\":\"https:\\\/\\\/www.lohschule-datteln.de\\\/?s={search_term_string}\"},\"query-input\":{\"@type\":\"PropertyValueSpecification\",\"valueRequired\":true,\"valueName\":\"search_term_string\"}}],\"inLanguage\":\"de\"},{\"@type\":\"Organization\",\"@id\":\"https:\\\/\\\/www.lohschule-datteln.de\\\/#organization\",\"name\":\"Lohschule -katholische Grundschule Datteln\",\"url\":\"https:\\\/\\\/www.lohschule-datteln.de\\\/\",\"logo\":{\"@type\":\"ImageObject\",\"inLanguage\":\"de\",\"@id\":\"https:\\\/\\\/www.lohschule-datteln.de\\\/#\\\/schema\\\/logo\\\/image\\\/\",\"url\":\"http:\\\/\\\/www.lohschule-datteln.de\\\/wp-content\\\/uploads\\\/2016\\\/02\\\/Loh-neu-2016.jpg\",\"contentUrl\":\"http:\\\/\\\/www.lohschule-datteln.de\\\/wp-content\\\/uploads\\\/2016\\\/02\\\/Loh-neu-2016.jpg\",\"width\":448,\"height\":252,\"caption\":\"Lohschule -katholische Grundschule Datteln\"},\"image\":{\"@id\":\"https:\\\/\\\/www.lohschule-datteln.de\\\/#\\\/schema\\\/logo\\\/image\\\/\"}}]}<\/script>\n<!-- \/ Yoast SEO plugin. -->","yoast_head_json":{"title":"Sportfest 2024 - Lohschule Datteln","robots":{"index":"index","follow":"follow","max-snippet":"max-snippet:-1","max-image-preview":"max-image-preview:large","max-video-preview":"max-video-preview:-1"},"canonical":"https:\/\/www.lohschule-datteln.de\/index.php\/sportfest-2024\/","og_locale":"de_DE","og_type":"article","og_title":"Sportfest 2024 - Lohschule Datteln","og_description":"Lohschule in Bewegung Am Dienstag, den 4. Juni 2024, trafen alle Lohschulkinder auf dem Sportplatz an der Realschule ein, um von 8 Uhr bis kurz nach halb 12 bei verschiedenen Wettbewerben einen sportlichen Vormittag zu verleben. Unterst\u00fctzt wurden sie dabei nat\u00fcrlich von ihren Lehrern und Lehrerinnen, aber auch von zahlreichen Sporthelfern der weiterf\u00fchrenden Schulen. Bevor [&hellip;]","og_url":"https:\/\/www.lohschule-datteln.de\/index.php\/sportfest-2024\/","og_site_name":"Lohschule Datteln","article_modified_time":"2024-06-04T21:54:14+00:00","og_image":[{"url":"https:\/\/www.lohschule-datteln.de\/wp-content\/uploads\/2024\/06\/s8.jpeg","type":"","width":"","height":""}],"twitter_card":"summary_large_image","twitter_misc":{"Gesch\u00e4tzte Lesezeit":"3\u00a0Minuten"},"schema":{"@context":"https:\/\/schema.org","@graph":[{"@type":"WebPage","@id":"https:\/\/www.lohschule-datteln.de\/index.php\/sportfest-2024\/","url":"https:\/\/www.lohschule-datteln.de\/index.php\/sportfest-2024\/","name":"Sportfest 2024 - Lohschule Datteln","isPartOf":{"@id":"https:\/\/www.lohschule-datteln.de\/#website"},"primaryImageOfPage":{"@id":"https:\/\/www.lohschule-datteln.de\/index.php\/sportfest-2024\/#primaryimage"},"image":{"@id":"https:\/\/www.lohschule-datteln.de\/index.php\/sportfest-2024\/#primaryimage"},"thumbnailUrl":"https:\/\/www.lohschule-datteln.de\/wp-content\/uploads\/2024\/06\/s8.jpeg","datePublished":"2024-06-04T21:09:25+00:00","dateModified":"2024-06-04T21:54:14+00:00","breadcrumb":{"@id":"https:\/\/www.lohschule-datteln.de\/index.php\/sportfest-2024\/#breadcrumb"},"inLanguage":"de","potentialAction":[{"@type":"ReadAction","target":["https:\/\/www.lohschule-datteln.de\/index.php\/sportfest-2024\/"]}]},{"@type":"ImageObject","inLanguage":"de","@id":"https:\/\/www.lohschule-datteln.de\/index.php\/sportfest-2024\/#primaryimage","url":"https:\/\/www.lohschule-datteln.de\/wp-content\/uploads\/2024\/06\/s8.jpeg","contentUrl":"https:\/\/www.lohschule-datteln.de\/wp-content\/uploads\/2024\/06\/s8.jpeg","width":600,"height":450},{"@type":"BreadcrumbList","@id":"https:\/\/www.lohschule-datteln.de\/index.php\/sportfest-2024\/#breadcrumb","itemListElement":[{"@type":"ListItem","position":1,"name":"Startseite","item":"https:\/\/www.lohschule-datteln.de\/"},{"@type":"ListItem","position":2,"name":"Sportfest 2024"}]},{"@type":"WebSite","@id":"https:\/\/www.lohschule-datteln.de\/#website","url":"https:\/\/www.lohschule-datteln.de\/","name":"Lohschule Datteln","description":"kath. Grundschule","publisher":{"@id":"https:\/\/www.lohschule-datteln.de\/#organization"},"potentialAction":[{"@type":"SearchAction","target":{"@type":"EntryPoint","urlTemplate":"https:\/\/www.lohschule-datteln.de\/?s={search_term_string}"},"query-input":{"@type":"PropertyValueSpecification","valueRequired":true,"valueName":"search_term_string"}}],"inLanguage":"de"},{"@type":"Organization","@id":"https:\/\/www.lohschule-datteln.de\/#organization","name":"Lohschule -katholische Grundschule Datteln","url":"https:\/\/www.lohschule-datteln.de\/","logo":{"@type":"ImageObject","inLanguage":"de","@id":"https:\/\/www.lohschule-datteln.de\/#\/schema\/logo\/image\/","url":"http:\/\/www.lohschule-datteln.de\/wp-content\/uploads\/2016\/02\/Loh-neu-2016.jpg","contentUrl":"http:\/\/www.lohschule-datteln.de\/wp-content\/uploads\/2016\/02\/Loh-neu-2016.jpg","width":448,"height":252,"caption":"Lohschule -katholische Grundschule Datteln"},"image":{"@id":"https:\/\/www.lohschule-datteln.de\/#\/schema\/logo\/image\/"}}]}},"_links":{"self":[{"href":"https:\/\/www.lohschule-datteln.de\/index.php\/wp-json\/wp\/v2\/pages\/13685","targetHints":{"allow":["GET"]}}],"collection":[{"href":"https:\/\/www.lohschule-datteln.de\/index.php\/wp-json\/wp\/v2\/pages"}],"about":[{"href":"https:\/\/www.lohschule-datteln.de\/index.php\/wp-json\/wp\/v2\/types\/page"}],"author":[{"embeddable":true,"href":"https:\/\/www.lohschule-datteln.de\/index.php\/wp-json\/wp\/v2\/users\/3"}],"replies":[{"embeddable":true,"href":"https:\/\/www.lohschule-datteln.de\/index.php\/wp-json\/wp\/v2\/comments?post=13685"}],"version-history":[{"count":4,"href":"https:\/\/www.lohschule-datteln.de\/index.php\/wp-json\/wp\/v2\/pages\/13685\/revisions"}],"predecessor-version":[{"id":13701,"href":"https:\/\/www.lohschule-datteln.de\/index.php\/wp-json\/wp\/v2\/pages\/13685\/revisions\/13701"}],"wp:attachment":[{"href":"https:\/\/www.lohschule-datteln.de\/index.php\/wp-json\/wp\/v2\/media?parent=13685"}],"curies":[{"name":"wp","href":"https:\/\/api.w.org\/{rel}","templated":true}]}}