{"id":13718,"date":"2024-06-18T20:54:42","date_gmt":"2024-06-18T18:54:42","guid":{"rendered":"https:\/\/www.lohschule-datteln.de\/?page_id=13718"},"modified":"2024-06-18T21:24:33","modified_gmt":"2024-06-18T19:24:33","slug":"preisverleihung-sportfest","status":"publish","type":"page","link":"https:\/\/www.lohschule-datteln.de\/index.php\/preisverleihung-sportfest\/","title":{"rendered":"Preisverleihung Sportfest 2024"},"content":{"rendered":"<h3>Wanderpokale und Urkunden f\u00fcr die Lohschule<\/h3>\n<p>Am Dienstag, den 18. Juni 2024, war es endlich soweit und Frau Schneider rief die Schulgemeinde zur Preisverleihung auf den hinteren Schulhof:<\/p>\n<p><img loading=\"lazy\" decoding=\"async\" class=\"aligncenter  wp-image-13722\" src=\"https:\/\/www.lohschule-datteln.de\/wp-content\/uploads\/2024\/06\/spo3.jpeg\" alt=\"\" width=\"507\" height=\"380\" srcset=\"https:\/\/www.lohschule-datteln.de\/wp-content\/uploads\/2024\/06\/spo3.jpeg 800w, https:\/\/www.lohschule-datteln.de\/wp-content\/uploads\/2024\/06\/spo3-300x225.jpeg 300w, https:\/\/www.lohschule-datteln.de\/wp-content\/uploads\/2024\/06\/spo3-768x576.jpeg 768w\" sizes=\"auto, (max-width: 507px) 100vw, 507px\" \/><\/p>\n<p>F\u00fcr die Jahrg\u00e4nge 1 und 2 gab es je einen Pokal f\u00fcr die Klasse, die die meisten Punkte sammeln konnte.<\/p>\n<p>Im Jahrgang 1 ging der Pokal unter gro\u00dfem Applaus an die Raben (1c). Im Jahrgang 2 ging der Pokal mit gro\u00dfem Beifall an die Eulen (2b). Die KlassensprecherInnen der beiden Klassen nahmen die Pokale stellvertretend f\u00fcr ihre Klasse entgegen:<\/p>\n<p><img loading=\"lazy\" decoding=\"async\" class=\"aligncenter  wp-image-13723\" src=\"https:\/\/www.lohschule-datteln.de\/wp-content\/uploads\/2024\/06\/spo2.jpeg\" alt=\"\" width=\"348\" height=\"464\" srcset=\"https:\/\/www.lohschule-datteln.de\/wp-content\/uploads\/2024\/06\/spo2.jpeg 800w, https:\/\/www.lohschule-datteln.de\/wp-content\/uploads\/2024\/06\/spo2-225x300.jpeg 225w, https:\/\/www.lohschule-datteln.de\/wp-content\/uploads\/2024\/06\/spo2-768x1024.jpeg 768w\" sizes=\"auto, (max-width: 348px) 100vw, 348px\" \/><\/p>\n\n\n<p>Aus den Jahrg\u00e4ngen 3 und 4 rief Frau Schneider die jeweils besten SportlerInnen aufs Treppchen und \u00fcberreichte ihnen ihre Ehrenurkunden:<\/p>\n\n\n<p><img loading=\"lazy\" decoding=\"async\" class=\"aligncenter  wp-image-13724\" src=\"https:\/\/www.lohschule-datteln.de\/wp-content\/uploads\/2024\/06\/spo1.jpeg\" alt=\"\" width=\"625\" height=\"469\" srcset=\"https:\/\/www.lohschule-datteln.de\/wp-content\/uploads\/2024\/06\/spo1.jpeg 800w, https:\/\/www.lohschule-datteln.de\/wp-content\/uploads\/2024\/06\/spo1-300x225.jpeg 300w, https:\/\/www.lohschule-datteln.de\/wp-content\/uploads\/2024\/06\/spo1-768x576.jpeg 768w\" sizes=\"auto, (max-width: 625px) 100vw, 625px\" \/><\/p>\n<p>Im Anschluss an die Verleihung ging es f\u00fcr die Kinder in die Pause. In den Klassen gab es dann im Laufe des Schulmorgens f\u00fcr jedes Kind des 1. und 2. Jahrgangs eine Teilnehmerurkunde.<\/p>\n<p>Nat\u00fcrlich gab es f\u00fcr die Sportlerinnen und Sportler des 3. und 4. Jahrgangs auch noch die Siegerurkunden, die sie sp\u00e4ter \u00fcber ihre KlassenlehrerInnen erhielten.<\/p>","protected":false},"excerpt":{"rendered":"<p>Wanderpokale und Urkunden f\u00fcr die Lohschule Am Dienstag, den 18. Juni 2024, war es endlich soweit und Frau Schneider rief die Schulgemeinde zur Preisverleihung auf den hinteren Schulhof: F\u00fcr die Jahrg\u00e4nge 1 und 2 gab es je einen Pokal f\u00fcr die Klasse, die die meisten Punkte sammeln konnte. Im Jahrgang 1 ging der Pokal unter [&hellip;]<\/p>\n","protected":false},"author":3,"featured_media":0,"parent":0,"menu_order":0,"comment_status":"closed","ping_status":"closed","template":"","meta":{"footnotes":""},"class_list":["post-13718","page","type-page","status-publish","hentry"],"yoast_head":"<!-- This site is optimized with the Yoast SEO plugin v27.4 - https:\/\/yoast.com\/product\/yoast-seo-wordpress\/ -->\n<title>Preisverleihung Sportfest 2024 - Lohschule Datteln<\/title>\n<meta name=\"robots\" content=\"index, follow, max-snippet:-1, max-image-preview:large, max-video-preview:-1\" \/>\n<link rel=\"canonical\" href=\"https:\/\/www.lohschule-datteln.de\/index.php\/preisverleihung-sportfest\/\" \/>\n<meta property=\"og:locale\" content=\"de_DE\" \/>\n<meta property=\"og:type\" content=\"article\" \/>\n<meta property=\"og:title\" content=\"Preisverleihung Sportfest 2024 - Lohschule Datteln\" \/>\n<meta property=\"og:description\" content=\"Wanderpokale und Urkunden f\u00fcr die Lohschule Am Dienstag, den 18. Juni 2024, war es endlich soweit und Frau Schneider rief die Schulgemeinde zur Preisverleihung auf den hinteren Schulhof: F\u00fcr die Jahrg\u00e4nge 1 und 2 gab es je einen Pokal f\u00fcr die Klasse, die die meisten Punkte sammeln konnte. Im Jahrgang 1 ging der Pokal unter [&hellip;]\" \/>\n<meta property=\"og:url\" content=\"https:\/\/www.lohschule-datteln.de\/index.php\/preisverleihung-sportfest\/\" \/>\n<meta property=\"og:site_name\" content=\"Lohschule Datteln\" \/>\n<meta property=\"article:modified_time\" content=\"2024-06-18T19:24:33+00:00\" \/>\n<meta property=\"og:image\" content=\"https:\/\/www.lohschule-datteln.de\/wp-content\/uploads\/2024\/06\/spo3.jpeg\" \/>\n<meta name=\"twitter:card\" content=\"summary_large_image\" \/>\n<meta name=\"twitter:label1\" content=\"Gesch\u00e4tzte Lesezeit\" \/>\n\t<meta name=\"twitter:data1\" content=\"2\u00a0Minuten\" \/>\n<script type=\"application\/ld+json\" class=\"yoast-schema-graph\">{\"@context\":\"https:\\\/\\\/schema.org\",\"@graph\":[{\"@type\":\"WebPage\",\"@id\":\"https:\\\/\\\/www.lohschule-datteln.de\\\/index.php\\\/preisverleihung-sportfest\\\/\",\"url\":\"https:\\\/\\\/www.lohschule-datteln.de\\\/index.php\\\/preisverleihung-sportfest\\\/\",\"name\":\"Preisverleihung Sportfest 2024 - Lohschule Datteln\",\"isPartOf\":{\"@id\":\"https:\\\/\\\/www.lohschule-datteln.de\\\/#website\"},\"primaryImageOfPage\":{\"@id\":\"https:\\\/\\\/www.lohschule-datteln.de\\\/index.php\\\/preisverleihung-sportfest\\\/#primaryimage\"},\"image\":{\"@id\":\"https:\\\/\\\/www.lohschule-datteln.de\\\/index.php\\\/preisverleihung-sportfest\\\/#primaryimage\"},\"thumbnailUrl\":\"https:\\\/\\\/www.lohschule-datteln.de\\\/wp-content\\\/uploads\\\/2024\\\/06\\\/spo3.jpeg\",\"datePublished\":\"2024-06-18T18:54:42+00:00\",\"dateModified\":\"2024-06-18T19:24:33+00:00\",\"breadcrumb\":{\"@id\":\"https:\\\/\\\/www.lohschule-datteln.de\\\/index.php\\\/preisverleihung-sportfest\\\/#breadcrumb\"},\"inLanguage\":\"de\",\"potentialAction\":[{\"@type\":\"ReadAction\",\"target\":[\"https:\\\/\\\/www.lohschule-datteln.de\\\/index.php\\\/preisverleihung-sportfest\\\/\"]}]},{\"@type\":\"ImageObject\",\"inLanguage\":\"de\",\"@id\":\"https:\\\/\\\/www.lohschule-datteln.de\\\/index.php\\\/preisverleihung-sportfest\\\/#primaryimage\",\"url\":\"https:\\\/\\\/www.lohschule-datteln.de\\\/wp-content\\\/uploads\\\/2024\\\/06\\\/spo3.jpeg\",\"contentUrl\":\"https:\\\/\\\/www.lohschule-datteln.de\\\/wp-content\\\/uploads\\\/2024\\\/06\\\/spo3.jpeg\",\"width\":800,\"height\":600},{\"@type\":\"BreadcrumbList\",\"@id\":\"https:\\\/\\\/www.lohschule-datteln.de\\\/index.php\\\/preisverleihung-sportfest\\\/#breadcrumb\",\"itemListElement\":[{\"@type\":\"ListItem\",\"position\":1,\"name\":\"Startseite\",\"item\":\"https:\\\/\\\/www.lohschule-datteln.de\\\/\"},{\"@type\":\"ListItem\",\"position\":2,\"name\":\"Preisverleihung Sportfest 2024\"}]},{\"@type\":\"WebSite\",\"@id\":\"https:\\\/\\\/www.lohschule-datteln.de\\\/#website\",\"url\":\"https:\\\/\\\/www.lohschule-datteln.de\\\/\",\"name\":\"Lohschule Datteln\",\"description\":\"kath. Grundschule\",\"publisher\":{\"@id\":\"https:\\\/\\\/www.lohschule-datteln.de\\\/#organization\"},\"potentialAction\":[{\"@type\":\"SearchAction\",\"target\":{\"@type\":\"EntryPoint\",\"urlTemplate\":\"https:\\\/\\\/www.lohschule-datteln.de\\\/?s={search_term_string}\"},\"query-input\":{\"@type\":\"PropertyValueSpecification\",\"valueRequired\":true,\"valueName\":\"search_term_string\"}}],\"inLanguage\":\"de\"},{\"@type\":\"Organization\",\"@id\":\"https:\\\/\\\/www.lohschule-datteln.de\\\/#organization\",\"name\":\"Lohschule -katholische Grundschule Datteln\",\"url\":\"https:\\\/\\\/www.lohschule-datteln.de\\\/\",\"logo\":{\"@type\":\"ImageObject\",\"inLanguage\":\"de\",\"@id\":\"https:\\\/\\\/www.lohschule-datteln.de\\\/#\\\/schema\\\/logo\\\/image\\\/\",\"url\":\"http:\\\/\\\/www.lohschule-datteln.de\\\/wp-content\\\/uploads\\\/2016\\\/02\\\/Loh-neu-2016.jpg\",\"contentUrl\":\"http:\\\/\\\/www.lohschule-datteln.de\\\/wp-content\\\/uploads\\\/2016\\\/02\\\/Loh-neu-2016.jpg\",\"width\":448,\"height\":252,\"caption\":\"Lohschule -katholische Grundschule Datteln\"},\"image\":{\"@id\":\"https:\\\/\\\/www.lohschule-datteln.de\\\/#\\\/schema\\\/logo\\\/image\\\/\"}}]}<\/script>\n<!-- \/ Yoast SEO plugin. -->","yoast_head_json":{"title":"Preisverleihung Sportfest 2024 - Lohschule Datteln","robots":{"index":"index","follow":"follow","max-snippet":"max-snippet:-1","max-image-preview":"max-image-preview:large","max-video-preview":"max-video-preview:-1"},"canonical":"https:\/\/www.lohschule-datteln.de\/index.php\/preisverleihung-sportfest\/","og_locale":"de_DE","og_type":"article","og_title":"Preisverleihung Sportfest 2024 - Lohschule Datteln","og_description":"Wanderpokale und Urkunden f\u00fcr die Lohschule Am Dienstag, den 18. Juni 2024, war es endlich soweit und Frau Schneider rief die Schulgemeinde zur Preisverleihung auf den hinteren Schulhof: F\u00fcr die Jahrg\u00e4nge 1 und 2 gab es je einen Pokal f\u00fcr die Klasse, die die meisten Punkte sammeln konnte. Im Jahrgang 1 ging der Pokal unter [&hellip;]","og_url":"https:\/\/www.lohschule-datteln.de\/index.php\/preisverleihung-sportfest\/","og_site_name":"Lohschule Datteln","article_modified_time":"2024-06-18T19:24:33+00:00","og_image":[{"url":"https:\/\/www.lohschule-datteln.de\/wp-content\/uploads\/2024\/06\/spo3.jpeg","type":"","width":"","height":""}],"twitter_card":"summary_large_image","twitter_misc":{"Gesch\u00e4tzte Lesezeit":"2\u00a0Minuten"},"schema":{"@context":"https:\/\/schema.org","@graph":[{"@type":"WebPage","@id":"https:\/\/www.lohschule-datteln.de\/index.php\/preisverleihung-sportfest\/","url":"https:\/\/www.lohschule-datteln.de\/index.php\/preisverleihung-sportfest\/","name":"Preisverleihung Sportfest 2024 - Lohschule Datteln","isPartOf":{"@id":"https:\/\/www.lohschule-datteln.de\/#website"},"primaryImageOfPage":{"@id":"https:\/\/www.lohschule-datteln.de\/index.php\/preisverleihung-sportfest\/#primaryimage"},"image":{"@id":"https:\/\/www.lohschule-datteln.de\/index.php\/preisverleihung-sportfest\/#primaryimage"},"thumbnailUrl":"https:\/\/www.lohschule-datteln.de\/wp-content\/uploads\/2024\/06\/spo3.jpeg","datePublished":"2024-06-18T18:54:42+00:00","dateModified":"2024-06-18T19:24:33+00:00","breadcrumb":{"@id":"https:\/\/www.lohschule-datteln.de\/index.php\/preisverleihung-sportfest\/#breadcrumb"},"inLanguage":"de","potentialAction":[{"@type":"ReadAction","target":["https:\/\/www.lohschule-datteln.de\/index.php\/preisverleihung-sportfest\/"]}]},{"@type":"ImageObject","inLanguage":"de","@id":"https:\/\/www.lohschule-datteln.de\/index.php\/preisverleihung-sportfest\/#primaryimage","url":"https:\/\/www.lohschule-datteln.de\/wp-content\/uploads\/2024\/06\/spo3.jpeg","contentUrl":"https:\/\/www.lohschule-datteln.de\/wp-content\/uploads\/2024\/06\/spo3.jpeg","width":800,"height":600},{"@type":"BreadcrumbList","@id":"https:\/\/www.lohschule-datteln.de\/index.php\/preisverleihung-sportfest\/#breadcrumb","itemListElement":[{"@type":"ListItem","position":1,"name":"Startseite","item":"https:\/\/www.lohschule-datteln.de\/"},{"@type":"ListItem","position":2,"name":"Preisverleihung Sportfest 2024"}]},{"@type":"WebSite","@id":"https:\/\/www.lohschule-datteln.de\/#website","url":"https:\/\/www.lohschule-datteln.de\/","name":"Lohschule Datteln","description":"kath. Grundschule","publisher":{"@id":"https:\/\/www.lohschule-datteln.de\/#organization"},"potentialAction":[{"@type":"SearchAction","target":{"@type":"EntryPoint","urlTemplate":"https:\/\/www.lohschule-datteln.de\/?s={search_term_string}"},"query-input":{"@type":"PropertyValueSpecification","valueRequired":true,"valueName":"search_term_string"}}],"inLanguage":"de"},{"@type":"Organization","@id":"https:\/\/www.lohschule-datteln.de\/#organization","name":"Lohschule -katholische Grundschule Datteln","url":"https:\/\/www.lohschule-datteln.de\/","logo":{"@type":"ImageObject","inLanguage":"de","@id":"https:\/\/www.lohschule-datteln.de\/#\/schema\/logo\/image\/","url":"http:\/\/www.lohschule-datteln.de\/wp-content\/uploads\/2016\/02\/Loh-neu-2016.jpg","contentUrl":"http:\/\/www.lohschule-datteln.de\/wp-content\/uploads\/2016\/02\/Loh-neu-2016.jpg","width":448,"height":252,"caption":"Lohschule -katholische Grundschule Datteln"},"image":{"@id":"https:\/\/www.lohschule-datteln.de\/#\/schema\/logo\/image\/"}}]}},"_links":{"self":[{"href":"https:\/\/www.lohschule-datteln.de\/index.php\/wp-json\/wp\/v2\/pages\/13718","targetHints":{"allow":["GET"]}}],"collection":[{"href":"https:\/\/www.lohschule-datteln.de\/index.php\/wp-json\/wp\/v2\/pages"}],"about":[{"href":"https:\/\/www.lohschule-datteln.de\/index.php\/wp-json\/wp\/v2\/types\/page"}],"author":[{"embeddable":true,"href":"https:\/\/www.lohschule-datteln.de\/index.php\/wp-json\/wp\/v2\/users\/3"}],"replies":[{"embeddable":true,"href":"https:\/\/www.lohschule-datteln.de\/index.php\/wp-json\/wp\/v2\/comments?post=13718"}],"version-history":[{"count":8,"href":"https:\/\/www.lohschule-datteln.de\/index.php\/wp-json\/wp\/v2\/pages\/13718\/revisions"}],"predecessor-version":[{"id":13736,"href":"https:\/\/www.lohschule-datteln.de\/index.php\/wp-json\/wp\/v2\/pages\/13718\/revisions\/13736"}],"wp:attachment":[{"href":"https:\/\/www.lohschule-datteln.de\/index.php\/wp-json\/wp\/v2\/media?parent=13718"}],"curies":[{"name":"wp","href":"https:\/\/api.w.org\/{rel}","templated":true}]}}