{"id":1402,"date":"2016-08-31T16:16:11","date_gmt":"2016-08-31T14:16:11","guid":{"rendered":"http:\/\/www.lohschule-datteln.de\/?page_id=1402"},"modified":"2025-12-07T17:13:58","modified_gmt":"2025-12-07T16:13:58","slug":"berichte","status":"publish","type":"page","link":"https:\/\/www.lohschule-datteln.de\/index.php\/berichte\/","title":{"rendered":"Anschaffungen"},"content":{"rendered":"\n<p><br>Ende 2025 konnten durch den F\u00f6rderverein viele neue Sachen f\u00fcr die Lohschule angeschafft werden. Wir freuen uns \u00fcber die Unterst\u00fctzung!<\/p>\n\n\n\n<figure class=\"wp-block-gallery has-nested-images columns-default is-cropped wp-block-gallery-1 is-layout-flex wp-block-gallery-is-layout-flex\">\n<figure class=\"wp-block-image size-large\"><img loading=\"lazy\" decoding=\"async\" width=\"1024\" height=\"768\" data-id=\"15325\" src=\"https:\/\/www.lohschule-datteln.de\/wp-content\/uploads\/2025\/12\/IMG_5917-1024x768.jpg\" alt=\"\" class=\"wp-image-15325\" srcset=\"https:\/\/www.lohschule-datteln.de\/wp-content\/uploads\/2025\/12\/IMG_5917-1024x768.jpg 1024w, https:\/\/www.lohschule-datteln.de\/wp-content\/uploads\/2025\/12\/IMG_5917-300x225.jpg 300w, https:\/\/www.lohschule-datteln.de\/wp-content\/uploads\/2025\/12\/IMG_5917-768x576.jpg 768w, https:\/\/www.lohschule-datteln.de\/wp-content\/uploads\/2025\/12\/IMG_5917-1536x1152.jpg 1536w, https:\/\/www.lohschule-datteln.de\/wp-content\/uploads\/2025\/12\/IMG_5917-2048x1536.jpg 2048w\" sizes=\"auto, (max-width: 1024px) 100vw, 1024px\" \/><\/figure>\n\n\n\n<figure class=\"wp-block-image size-large\"><img loading=\"lazy\" decoding=\"async\" width=\"768\" height=\"1024\" data-id=\"15322\" src=\"https:\/\/www.lohschule-datteln.de\/wp-content\/uploads\/2025\/12\/IMG_5918-768x1024.jpg\" alt=\"\" class=\"wp-image-15322\" srcset=\"https:\/\/www.lohschule-datteln.de\/wp-content\/uploads\/2025\/12\/IMG_5918-768x1024.jpg 768w, https:\/\/www.lohschule-datteln.de\/wp-content\/uploads\/2025\/12\/IMG_5918-225x300.jpg 225w, https:\/\/www.lohschule-datteln.de\/wp-content\/uploads\/2025\/12\/IMG_5918-1152x1536.jpg 1152w, https:\/\/www.lohschule-datteln.de\/wp-content\/uploads\/2025\/12\/IMG_5918-1536x2048.jpg 1536w, https:\/\/www.lohschule-datteln.de\/wp-content\/uploads\/2025\/12\/IMG_5918-scaled.jpg 1920w\" sizes=\"auto, (max-width: 768px) 100vw, 768px\" \/><\/figure>\n\n\n<div class=\"wp-block-image\">\n<figure class=\"aligncenter size-large\"><img loading=\"lazy\" decoding=\"async\" width=\"1024\" height=\"768\" data-id=\"15323\" src=\"https:\/\/www.lohschule-datteln.de\/wp-content\/uploads\/2025\/12\/IMG_5914-1024x768.jpg\" alt=\"\" class=\"wp-image-15323\" srcset=\"https:\/\/www.lohschule-datteln.de\/wp-content\/uploads\/2025\/12\/IMG_5914-1024x768.jpg 1024w, https:\/\/www.lohschule-datteln.de\/wp-content\/uploads\/2025\/12\/IMG_5914-300x225.jpg 300w, https:\/\/www.lohschule-datteln.de\/wp-content\/uploads\/2025\/12\/IMG_5914-768x576.jpg 768w, https:\/\/www.lohschule-datteln.de\/wp-content\/uploads\/2025\/12\/IMG_5914-1536x1152.jpg 1536w, https:\/\/www.lohschule-datteln.de\/wp-content\/uploads\/2025\/12\/IMG_5914-2048x1536.jpg 2048w\" sizes=\"auto, (max-width: 1024px) 100vw, 1024px\" \/><\/figure>\n<\/div>\n\n<div class=\"wp-block-image\">\n<figure class=\"aligncenter size-large\"><img loading=\"lazy\" decoding=\"async\" width=\"768\" height=\"1024\" data-id=\"15324\" src=\"https:\/\/www.lohschule-datteln.de\/wp-content\/uploads\/2025\/12\/IMG_5915-768x1024.jpg\" alt=\"\" class=\"wp-image-15324\" srcset=\"https:\/\/www.lohschule-datteln.de\/wp-content\/uploads\/2025\/12\/IMG_5915-768x1024.jpg 768w, https:\/\/www.lohschule-datteln.de\/wp-content\/uploads\/2025\/12\/IMG_5915-225x300.jpg 225w, https:\/\/www.lohschule-datteln.de\/wp-content\/uploads\/2025\/12\/IMG_5915-1152x1536.jpg 1152w, https:\/\/www.lohschule-datteln.de\/wp-content\/uploads\/2025\/12\/IMG_5915-1536x2048.jpg 1536w, https:\/\/www.lohschule-datteln.de\/wp-content\/uploads\/2025\/12\/IMG_5915-scaled.jpg 1920w\" sizes=\"auto, (max-width: 768px) 100vw, 768px\" \/><\/figure>\n<\/div><\/figure>\n\n\n\n<hr class=\"wp-block-separator has-alpha-channel-opacity\"\/>\n\n\n\n<p><\/p>\n\n\n\n<p>Im Februar 2025 sponserte der F\u00f6rderverein nicht nur die tollen Einladungsplakate f\u00fcr das Schulfest, sondern auch die Lekt\u00fcre \u201eDie Sockensuchmaschine\u201c f\u00fcr den kompletten 2. Jahrgang.<\/p>\n\n\n\n<figure class=\"wp-block-gallery has-nested-images columns-default is-cropped wp-block-gallery-2 is-layout-flex wp-block-gallery-is-layout-flex\">\n<figure class=\"wp-block-image size-large\"><img loading=\"lazy\" decoding=\"async\" width=\"1024\" height=\"768\" data-id=\"14546\" src=\"https:\/\/www.lohschule-datteln.de\/wp-content\/uploads\/2025\/03\/IMG_4201-1-1024x768.jpeg\" alt=\"\" class=\"wp-image-14546\" srcset=\"https:\/\/www.lohschule-datteln.de\/wp-content\/uploads\/2025\/03\/IMG_4201-1-1024x768.jpeg 1024w, https:\/\/www.lohschule-datteln.de\/wp-content\/uploads\/2025\/03\/IMG_4201-1-300x225.jpeg 300w, https:\/\/www.lohschule-datteln.de\/wp-content\/uploads\/2025\/03\/IMG_4201-1-768x576.jpeg 768w, https:\/\/www.lohschule-datteln.de\/wp-content\/uploads\/2025\/03\/IMG_4201-1-1536x1152.jpeg 1536w, https:\/\/www.lohschule-datteln.de\/wp-content\/uploads\/2025\/03\/IMG_4201-1-2048x1536.jpeg 2048w\" sizes=\"auto, (max-width: 1024px) 100vw, 1024px\" \/><\/figure>\n\n\n\n<figure class=\"wp-block-image size-large\"><img loading=\"lazy\" decoding=\"async\" width=\"1024\" height=\"768\" data-id=\"14547\" src=\"https:\/\/www.lohschule-datteln.de\/wp-content\/uploads\/2025\/03\/IMG_4200-1-1024x768.jpeg\" alt=\"\" class=\"wp-image-14547\" srcset=\"https:\/\/www.lohschule-datteln.de\/wp-content\/uploads\/2025\/03\/IMG_4200-1-1024x768.jpeg 1024w, https:\/\/www.lohschule-datteln.de\/wp-content\/uploads\/2025\/03\/IMG_4200-1-300x225.jpeg 300w, https:\/\/www.lohschule-datteln.de\/wp-content\/uploads\/2025\/03\/IMG_4200-1-768x576.jpeg 768w, https:\/\/www.lohschule-datteln.de\/wp-content\/uploads\/2025\/03\/IMG_4200-1-1536x1152.jpeg 1536w, https:\/\/www.lohschule-datteln.de\/wp-content\/uploads\/2025\/03\/IMG_4200-1-2048x1536.jpeg 2048w\" sizes=\"auto, (max-width: 1024px) 100vw, 1024px\" \/><\/figure>\n<\/figure>\n\n\n<hr \/>\n<p>&nbsp;<\/p>\n\n\n<p>Im September 2024 f\u00fchrte neuangeschafftes Spielzeug zu Begeisterung bei den Kindern. Die Spielsachen wurden von Frau Schneider am 19.9.24 w\u00e4hrend des Lohschulrates an die Klassensprecherinnen und Klassensprecher aller Klassen der Lohschule \u00fcbergeben.<\/p>\n\n\n\n<figure class=\"wp-block-image size-large\"><img loading=\"lazy\" decoding=\"async\" width=\"1024\" height=\"768\" src=\"https:\/\/www.lohschule-datteln.de\/wp-content\/uploads\/2024\/09\/IMG_3434-1024x768.jpeg\" alt=\"\" class=\"wp-image-14164\" srcset=\"https:\/\/www.lohschule-datteln.de\/wp-content\/uploads\/2024\/09\/IMG_3434-1024x768.jpeg 1024w, https:\/\/www.lohschule-datteln.de\/wp-content\/uploads\/2024\/09\/IMG_3434-300x225.jpeg 300w, https:\/\/www.lohschule-datteln.de\/wp-content\/uploads\/2024\/09\/IMG_3434-768x576.jpeg 768w, https:\/\/www.lohschule-datteln.de\/wp-content\/uploads\/2024\/09\/IMG_3434-1536x1152.jpeg 1536w, https:\/\/www.lohschule-datteln.de\/wp-content\/uploads\/2024\/09\/IMG_3434-2048x1536.jpeg 2048w\" sizes=\"auto, (max-width: 1024px) 100vw, 1024px\" \/><\/figure>\n\n\n<hr \/>\n<p><img loading=\"lazy\" decoding=\"async\" class=\"wp-image-13589 alignleft\" src=\"https:\/\/www.lohschule-datteln.de\/wp-content\/uploads\/2024\/05\/IMG_8857.jpg\" alt=\"\" width=\"224\" height=\"299\" srcset=\"https:\/\/www.lohschule-datteln.de\/wp-content\/uploads\/2024\/05\/IMG_8857.jpg 600w, https:\/\/www.lohschule-datteln.de\/wp-content\/uploads\/2024\/05\/IMG_8857-225x300.jpg 225w\" sizes=\"auto, (max-width: 224px) 100vw, 224px\" \/><span style=\"color: #808080; font-size: revert;\">In 2024 sorgt die Anschaffung eines Klassensatzes (30 St\u00fcck) des neubearbeiteten Sally 4 Pupil\u00b4s Books f\u00fcr den Englischunterricht f\u00fcr Freude bei den Englischlehrerinnen und den Kindern. Nun passt das Activity Book wieder zum Pupil`s Book.<\/span><\/p>\n<hr \/>\n<h2><span style=\"color: #339966;\"><br \/>Hier finden Sie eine Auflistung der angeschafften Dinge bzw. finanzierter Veranstaltungen des aktuellen Schuljahres<br \/><\/span><\/h2>\n<h3><span style=\"color: #339966;\">Schuljahr 2024\/25<\/span><\/h3>\n<ul>\n<li>Lernzeitmaterial f\u00fcr verschiedene Jahrgangsstufen<\/li>\n<li>Pausen- und Bewegungsspielzeug f\u00fcr alle Klasse<\/li>\n<li>Einladungsplakate Schulfest<\/li>\n<li>Lekt\u00fcre f\u00fcr die 2. Jahrgangsstufe\u00a0<\/li>\n<\/ul>","protected":false},"excerpt":{"rendered":"<p>Ende 2025 konnten durch den F\u00f6rderverein viele neue Sachen f\u00fcr die Lohschule angeschafft werden. Wir freuen uns \u00fcber die Unterst\u00fctzung! Im Februar 2025 sponserte der F\u00f6rderverein nicht nur die tollen Einladungsplakate f\u00fcr das Schulfest, sondern auch die Lekt\u00fcre \u201eDie Sockensuchmaschine\u201c f\u00fcr den kompletten 2. Jahrgang. &nbsp; Im September 2024 f\u00fchrte neuangeschafftes Spielzeug zu Begeisterung bei [&hellip;]<\/p>\n","protected":false},"author":3,"featured_media":0,"parent":0,"menu_order":0,"comment_status":"closed","ping_status":"closed","template":"","meta":{"footnotes":""},"class_list":["post-1402","page","type-page","status-publish","hentry"],"yoast_head":"<!-- This site is optimized with the Yoast SEO plugin v27.4 - https:\/\/yoast.com\/product\/yoast-seo-wordpress\/ -->\n<title>Anschaffungen - Lohschule Datteln<\/title>\n<meta name=\"robots\" content=\"index, follow, max-snippet:-1, max-image-preview:large, max-video-preview:-1\" \/>\n<link rel=\"canonical\" href=\"https:\/\/www.lohschule-datteln.de\/index.php\/berichte\/\" \/>\n<meta property=\"og:locale\" content=\"de_DE\" \/>\n<meta property=\"og:type\" content=\"article\" \/>\n<meta property=\"og:title\" content=\"Anschaffungen - Lohschule Datteln\" \/>\n<meta property=\"og:description\" content=\"Ende 2025 konnten durch den F\u00f6rderverein viele neue Sachen f\u00fcr die Lohschule angeschafft werden. Wir freuen uns \u00fcber die Unterst\u00fctzung! Im Februar 2025 sponserte der F\u00f6rderverein nicht nur die tollen Einladungsplakate f\u00fcr das Schulfest, sondern auch die Lekt\u00fcre \u201eDie Sockensuchmaschine\u201c f\u00fcr den kompletten 2. Jahrgang. &nbsp; Im September 2024 f\u00fchrte neuangeschafftes Spielzeug zu Begeisterung bei [&hellip;]\" \/>\n<meta property=\"og:url\" content=\"https:\/\/www.lohschule-datteln.de\/index.php\/berichte\/\" \/>\n<meta property=\"og:site_name\" content=\"Lohschule Datteln\" \/>\n<meta property=\"article:modified_time\" content=\"2025-12-07T16:13:58+00:00\" \/>\n<meta property=\"og:image\" content=\"https:\/\/www.lohschule-datteln.de\/wp-content\/uploads\/2025\/12\/IMG_5917-scaled.jpg\" \/>\n\t<meta property=\"og:image:width\" content=\"2560\" \/>\n\t<meta property=\"og:image:height\" content=\"1920\" \/>\n\t<meta property=\"og:image:type\" content=\"image\/jpeg\" \/>\n<meta name=\"twitter:card\" content=\"summary_large_image\" \/>\n<meta name=\"twitter:label1\" content=\"Gesch\u00e4tzte Lesezeit\" \/>\n\t<meta name=\"twitter:data1\" content=\"3\u00a0Minuten\" \/>\n<script type=\"application\/ld+json\" class=\"yoast-schema-graph\">{\"@context\":\"https:\\\/\\\/schema.org\",\"@graph\":[{\"@type\":\"WebPage\",\"@id\":\"https:\\\/\\\/www.lohschule-datteln.de\\\/index.php\\\/berichte\\\/\",\"url\":\"https:\\\/\\\/www.lohschule-datteln.de\\\/index.php\\\/berichte\\\/\",\"name\":\"Anschaffungen - Lohschule Datteln\",\"isPartOf\":{\"@id\":\"https:\\\/\\\/www.lohschule-datteln.de\\\/#website\"},\"primaryImageOfPage\":{\"@id\":\"https:\\\/\\\/www.lohschule-datteln.de\\\/index.php\\\/berichte\\\/#primaryimage\"},\"image\":{\"@id\":\"https:\\\/\\\/www.lohschule-datteln.de\\\/index.php\\\/berichte\\\/#primaryimage\"},\"thumbnailUrl\":\"https:\\\/\\\/www.lohschule-datteln.de\\\/wp-content\\\/uploads\\\/2025\\\/12\\\/IMG_5917-1024x768.jpg\",\"datePublished\":\"2016-08-31T14:16:11+00:00\",\"dateModified\":\"2025-12-07T16:13:58+00:00\",\"breadcrumb\":{\"@id\":\"https:\\\/\\\/www.lohschule-datteln.de\\\/index.php\\\/berichte\\\/#breadcrumb\"},\"inLanguage\":\"de\",\"potentialAction\":[{\"@type\":\"ReadAction\",\"target\":[\"https:\\\/\\\/www.lohschule-datteln.de\\\/index.php\\\/berichte\\\/\"]}]},{\"@type\":\"ImageObject\",\"inLanguage\":\"de\",\"@id\":\"https:\\\/\\\/www.lohschule-datteln.de\\\/index.php\\\/berichte\\\/#primaryimage\",\"url\":\"https:\\\/\\\/www.lohschule-datteln.de\\\/wp-content\\\/uploads\\\/2025\\\/12\\\/IMG_5917-scaled.jpg\",\"contentUrl\":\"https:\\\/\\\/www.lohschule-datteln.de\\\/wp-content\\\/uploads\\\/2025\\\/12\\\/IMG_5917-scaled.jpg\",\"width\":2560,\"height\":1920},{\"@type\":\"BreadcrumbList\",\"@id\":\"https:\\\/\\\/www.lohschule-datteln.de\\\/index.php\\\/berichte\\\/#breadcrumb\",\"itemListElement\":[{\"@type\":\"ListItem\",\"position\":1,\"name\":\"Startseite\",\"item\":\"https:\\\/\\\/www.lohschule-datteln.de\\\/\"},{\"@type\":\"ListItem\",\"position\":2,\"name\":\"Anschaffungen\"}]},{\"@type\":\"WebSite\",\"@id\":\"https:\\\/\\\/www.lohschule-datteln.de\\\/#website\",\"url\":\"https:\\\/\\\/www.lohschule-datteln.de\\\/\",\"name\":\"Lohschule Datteln\",\"description\":\"kath. Grundschule\",\"publisher\":{\"@id\":\"https:\\\/\\\/www.lohschule-datteln.de\\\/#organization\"},\"potentialAction\":[{\"@type\":\"SearchAction\",\"target\":{\"@type\":\"EntryPoint\",\"urlTemplate\":\"https:\\\/\\\/www.lohschule-datteln.de\\\/?s={search_term_string}\"},\"query-input\":{\"@type\":\"PropertyValueSpecification\",\"valueRequired\":true,\"valueName\":\"search_term_string\"}}],\"inLanguage\":\"de\"},{\"@type\":\"Organization\",\"@id\":\"https:\\\/\\\/www.lohschule-datteln.de\\\/#organization\",\"name\":\"Lohschule -katholische Grundschule Datteln\",\"url\":\"https:\\\/\\\/www.lohschule-datteln.de\\\/\",\"logo\":{\"@type\":\"ImageObject\",\"inLanguage\":\"de\",\"@id\":\"https:\\\/\\\/www.lohschule-datteln.de\\\/#\\\/schema\\\/logo\\\/image\\\/\",\"url\":\"http:\\\/\\\/www.lohschule-datteln.de\\\/wp-content\\\/uploads\\\/2016\\\/02\\\/Loh-neu-2016.jpg\",\"contentUrl\":\"http:\\\/\\\/www.lohschule-datteln.de\\\/wp-content\\\/uploads\\\/2016\\\/02\\\/Loh-neu-2016.jpg\",\"width\":448,\"height\":252,\"caption\":\"Lohschule -katholische Grundschule Datteln\"},\"image\":{\"@id\":\"https:\\\/\\\/www.lohschule-datteln.de\\\/#\\\/schema\\\/logo\\\/image\\\/\"}}]}<\/script>\n<!-- \/ Yoast SEO plugin. -->","yoast_head_json":{"title":"Anschaffungen - Lohschule Datteln","robots":{"index":"index","follow":"follow","max-snippet":"max-snippet:-1","max-image-preview":"max-image-preview:large","max-video-preview":"max-video-preview:-1"},"canonical":"https:\/\/www.lohschule-datteln.de\/index.php\/berichte\/","og_locale":"de_DE","og_type":"article","og_title":"Anschaffungen - Lohschule Datteln","og_description":"Ende 2025 konnten durch den F\u00f6rderverein viele neue Sachen f\u00fcr die Lohschule angeschafft werden. Wir freuen uns \u00fcber die Unterst\u00fctzung! Im Februar 2025 sponserte der F\u00f6rderverein nicht nur die tollen Einladungsplakate f\u00fcr das Schulfest, sondern auch die Lekt\u00fcre \u201eDie Sockensuchmaschine\u201c f\u00fcr den kompletten 2. Jahrgang. &nbsp; Im September 2024 f\u00fchrte neuangeschafftes Spielzeug zu Begeisterung bei [&hellip;]","og_url":"https:\/\/www.lohschule-datteln.de\/index.php\/berichte\/","og_site_name":"Lohschule Datteln","article_modified_time":"2025-12-07T16:13:58+00:00","og_image":[{"width":2560,"height":1920,"url":"https:\/\/www.lohschule-datteln.de\/wp-content\/uploads\/2025\/12\/IMG_5917-scaled.jpg","type":"image\/jpeg"}],"twitter_card":"summary_large_image","twitter_misc":{"Gesch\u00e4tzte Lesezeit":"3\u00a0Minuten"},"schema":{"@context":"https:\/\/schema.org","@graph":[{"@type":"WebPage","@id":"https:\/\/www.lohschule-datteln.de\/index.php\/berichte\/","url":"https:\/\/www.lohschule-datteln.de\/index.php\/berichte\/","name":"Anschaffungen - Lohschule Datteln","isPartOf":{"@id":"https:\/\/www.lohschule-datteln.de\/#website"},"primaryImageOfPage":{"@id":"https:\/\/www.lohschule-datteln.de\/index.php\/berichte\/#primaryimage"},"image":{"@id":"https:\/\/www.lohschule-datteln.de\/index.php\/berichte\/#primaryimage"},"thumbnailUrl":"https:\/\/www.lohschule-datteln.de\/wp-content\/uploads\/2025\/12\/IMG_5917-1024x768.jpg","datePublished":"2016-08-31T14:16:11+00:00","dateModified":"2025-12-07T16:13:58+00:00","breadcrumb":{"@id":"https:\/\/www.lohschule-datteln.de\/index.php\/berichte\/#breadcrumb"},"inLanguage":"de","potentialAction":[{"@type":"ReadAction","target":["https:\/\/www.lohschule-datteln.de\/index.php\/berichte\/"]}]},{"@type":"ImageObject","inLanguage":"de","@id":"https:\/\/www.lohschule-datteln.de\/index.php\/berichte\/#primaryimage","url":"https:\/\/www.lohschule-datteln.de\/wp-content\/uploads\/2025\/12\/IMG_5917-scaled.jpg","contentUrl":"https:\/\/www.lohschule-datteln.de\/wp-content\/uploads\/2025\/12\/IMG_5917-scaled.jpg","width":2560,"height":1920},{"@type":"BreadcrumbList","@id":"https:\/\/www.lohschule-datteln.de\/index.php\/berichte\/#breadcrumb","itemListElement":[{"@type":"ListItem","position":1,"name":"Startseite","item":"https:\/\/www.lohschule-datteln.de\/"},{"@type":"ListItem","position":2,"name":"Anschaffungen"}]},{"@type":"WebSite","@id":"https:\/\/www.lohschule-datteln.de\/#website","url":"https:\/\/www.lohschule-datteln.de\/","name":"Lohschule Datteln","description":"kath. Grundschule","publisher":{"@id":"https:\/\/www.lohschule-datteln.de\/#organization"},"potentialAction":[{"@type":"SearchAction","target":{"@type":"EntryPoint","urlTemplate":"https:\/\/www.lohschule-datteln.de\/?s={search_term_string}"},"query-input":{"@type":"PropertyValueSpecification","valueRequired":true,"valueName":"search_term_string"}}],"inLanguage":"de"},{"@type":"Organization","@id":"https:\/\/www.lohschule-datteln.de\/#organization","name":"Lohschule -katholische Grundschule Datteln","url":"https:\/\/www.lohschule-datteln.de\/","logo":{"@type":"ImageObject","inLanguage":"de","@id":"https:\/\/www.lohschule-datteln.de\/#\/schema\/logo\/image\/","url":"http:\/\/www.lohschule-datteln.de\/wp-content\/uploads\/2016\/02\/Loh-neu-2016.jpg","contentUrl":"http:\/\/www.lohschule-datteln.de\/wp-content\/uploads\/2016\/02\/Loh-neu-2016.jpg","width":448,"height":252,"caption":"Lohschule -katholische Grundschule Datteln"},"image":{"@id":"https:\/\/www.lohschule-datteln.de\/#\/schema\/logo\/image\/"}}]}},"_links":{"self":[{"href":"https:\/\/www.lohschule-datteln.de\/index.php\/wp-json\/wp\/v2\/pages\/1402","targetHints":{"allow":["GET"]}}],"collection":[{"href":"https:\/\/www.lohschule-datteln.de\/index.php\/wp-json\/wp\/v2\/pages"}],"about":[{"href":"https:\/\/www.lohschule-datteln.de\/index.php\/wp-json\/wp\/v2\/types\/page"}],"author":[{"embeddable":true,"href":"https:\/\/www.lohschule-datteln.de\/index.php\/wp-json\/wp\/v2\/users\/3"}],"replies":[{"embeddable":true,"href":"https:\/\/www.lohschule-datteln.de\/index.php\/wp-json\/wp\/v2\/comments?post=1402"}],"version-history":[{"count":54,"href":"https:\/\/www.lohschule-datteln.de\/index.php\/wp-json\/wp\/v2\/pages\/1402\/revisions"}],"predecessor-version":[{"id":15329,"href":"https:\/\/www.lohschule-datteln.de\/index.php\/wp-json\/wp\/v2\/pages\/1402\/revisions\/15329"}],"wp:attachment":[{"href":"https:\/\/www.lohschule-datteln.de\/index.php\/wp-json\/wp\/v2\/media?parent=1402"}],"curies":[{"name":"wp","href":"https:\/\/api.w.org\/{rel}","templated":true}]}}