{"id":14132,"date":"2024-09-15T11:05:15","date_gmt":"2024-09-15T09:05:15","guid":{"rendered":"https:\/\/www.lohschule-datteln.de\/?page_id=14132"},"modified":"2024-09-15T11:15:27","modified_gmt":"2024-09-15T09:15:27","slug":"deckenflohmarkt","status":"publish","type":"page","link":"https:\/\/www.lohschule-datteln.de\/index.php\/deckenflohmarkt\/","title":{"rendered":"Deckenflohmarkt 2024"},"content":{"rendered":"<p>Deckflohmarkt an der Lohschule<\/p>\n<p>Am Samstag, 14.09.2024, war es wieder soweit: Alle Kinder, die Lust und Laune hatten, kamen p\u00fcnktlich um 10 Uhr auf den Schulhof der Lohschule und haben dort ihre kleinen und gro\u00dfen Sch\u00e4tze auf vielen Decken angeboten. Bei strahlendem Sonnenschein standen rund 30 Kinder der Lohschule bereit, um ihre Sch\u00e4tze auf ihren Decken bestm\u00f6glich zu pr\u00e4sentieren und zu verkaufen. So wechselten viele Spielsachen ihre Besitzer und die Kinder gingen mit lachenden Augen wieder vom Schulhof der Schule.<br \/>Der F\u00f6rderverein bek\u00f6stigte die G\u00e4ste, Kinder und Eltern mit leckeren Waffeln, hei\u00dfem Kaffee oder Kaltgetr\u00e4nken.<\/p>\n<p>Das Lohschulteam sagt DANKE an alle helfende H\u00e4nde rund um diesen tollen Deckenflohmarkt!<\/p>\n\n\n<p><\/p>\n\n\n\n<figure class=\"wp-block-gallery has-nested-images columns-default is-cropped wp-block-gallery-1 is-layout-flex wp-block-gallery-is-layout-flex\">\n<figure class=\"wp-block-image size-large\"><img loading=\"lazy\" decoding=\"async\" width=\"1024\" height=\"768\" data-id=\"14146\" src=\"https:\/\/www.lohschule-datteln.de\/wp-content\/uploads\/2024\/09\/IMG_0113-1024x768.jpg\" alt=\"\" class=\"wp-image-14146\" srcset=\"https:\/\/www.lohschule-datteln.de\/wp-content\/uploads\/2024\/09\/IMG_0113-1024x768.jpg 1024w, https:\/\/www.lohschule-datteln.de\/wp-content\/uploads\/2024\/09\/IMG_0113-300x225.jpg 300w, https:\/\/www.lohschule-datteln.de\/wp-content\/uploads\/2024\/09\/IMG_0113-768x576.jpg 768w, https:\/\/www.lohschule-datteln.de\/wp-content\/uploads\/2024\/09\/IMG_0113-1536x1152.jpg 1536w, https:\/\/www.lohschule-datteln.de\/wp-content\/uploads\/2024\/09\/IMG_0113-2048x1536.jpg 2048w\" sizes=\"auto, (max-width: 1024px) 100vw, 1024px\" \/><\/figure>\n\n\n\n<figure class=\"wp-block-image size-large\"><img loading=\"lazy\" decoding=\"async\" width=\"1024\" height=\"768\" data-id=\"14145\" src=\"https:\/\/www.lohschule-datteln.de\/wp-content\/uploads\/2024\/09\/IMG_0112-1024x768.jpg\" alt=\"\" class=\"wp-image-14145\" srcset=\"https:\/\/www.lohschule-datteln.de\/wp-content\/uploads\/2024\/09\/IMG_0112-1024x768.jpg 1024w, https:\/\/www.lohschule-datteln.de\/wp-content\/uploads\/2024\/09\/IMG_0112-300x225.jpg 300w, https:\/\/www.lohschule-datteln.de\/wp-content\/uploads\/2024\/09\/IMG_0112-768x576.jpg 768w, https:\/\/www.lohschule-datteln.de\/wp-content\/uploads\/2024\/09\/IMG_0112-1536x1152.jpg 1536w, https:\/\/www.lohschule-datteln.de\/wp-content\/uploads\/2024\/09\/IMG_0112-2048x1536.jpg 2048w\" sizes=\"auto, (max-width: 1024px) 100vw, 1024px\" \/><\/figure>\n\n\n\n<figure class=\"wp-block-image size-large\"><img loading=\"lazy\" decoding=\"async\" width=\"768\" height=\"1024\" data-id=\"14144\" src=\"https:\/\/www.lohschule-datteln.de\/wp-content\/uploads\/2024\/09\/IMG_0111-768x1024.jpg\" alt=\"\" class=\"wp-image-14144\" srcset=\"https:\/\/www.lohschule-datteln.de\/wp-content\/uploads\/2024\/09\/IMG_0111-768x1024.jpg 768w, https:\/\/www.lohschule-datteln.de\/wp-content\/uploads\/2024\/09\/IMG_0111-225x300.jpg 225w, https:\/\/www.lohschule-datteln.de\/wp-content\/uploads\/2024\/09\/IMG_0111-1152x1536.jpg 1152w, https:\/\/www.lohschule-datteln.de\/wp-content\/uploads\/2024\/09\/IMG_0111-1536x2048.jpg 1536w, https:\/\/www.lohschule-datteln.de\/wp-content\/uploads\/2024\/09\/IMG_0111-scaled.jpg 1920w\" sizes=\"auto, (max-width: 768px) 100vw, 768px\" \/><\/figure>\n\n\n\n<figure class=\"wp-block-image size-large\"><img loading=\"lazy\" decoding=\"async\" width=\"1024\" height=\"768\" data-id=\"14143\" src=\"https:\/\/www.lohschule-datteln.de\/wp-content\/uploads\/2024\/09\/IMG_0110-1024x768.jpg\" alt=\"\" class=\"wp-image-14143\" srcset=\"https:\/\/www.lohschule-datteln.de\/wp-content\/uploads\/2024\/09\/IMG_0110-1024x768.jpg 1024w, https:\/\/www.lohschule-datteln.de\/wp-content\/uploads\/2024\/09\/IMG_0110-300x225.jpg 300w, https:\/\/www.lohschule-datteln.de\/wp-content\/uploads\/2024\/09\/IMG_0110-768x576.jpg 768w, https:\/\/www.lohschule-datteln.de\/wp-content\/uploads\/2024\/09\/IMG_0110-1536x1152.jpg 1536w, https:\/\/www.lohschule-datteln.de\/wp-content\/uploads\/2024\/09\/IMG_0110-2048x1536.jpg 2048w\" sizes=\"auto, (max-width: 1024px) 100vw, 1024px\" \/><\/figure>\n\n\n\n<figure class=\"wp-block-image size-large\"><img loading=\"lazy\" decoding=\"async\" width=\"1024\" height=\"768\" data-id=\"14142\" src=\"https:\/\/www.lohschule-datteln.de\/wp-content\/uploads\/2024\/09\/IMG_0109-1024x768.jpg\" alt=\"\" class=\"wp-image-14142\" srcset=\"https:\/\/www.lohschule-datteln.de\/wp-content\/uploads\/2024\/09\/IMG_0109-1024x768.jpg 1024w, https:\/\/www.lohschule-datteln.de\/wp-content\/uploads\/2024\/09\/IMG_0109-300x225.jpg 300w, https:\/\/www.lohschule-datteln.de\/wp-content\/uploads\/2024\/09\/IMG_0109-768x576.jpg 768w, https:\/\/www.lohschule-datteln.de\/wp-content\/uploads\/2024\/09\/IMG_0109-1536x1152.jpg 1536w, https:\/\/www.lohschule-datteln.de\/wp-content\/uploads\/2024\/09\/IMG_0109-2048x1536.jpg 2048w\" sizes=\"auto, (max-width: 1024px) 100vw, 1024px\" \/><\/figure>\n\n\n\n<figure class=\"wp-block-image size-large\"><img loading=\"lazy\" decoding=\"async\" width=\"1024\" height=\"768\" data-id=\"14141\" src=\"https:\/\/www.lohschule-datteln.de\/wp-content\/uploads\/2024\/09\/IMG_0106-1024x768.jpg\" alt=\"\" class=\"wp-image-14141\" srcset=\"https:\/\/www.lohschule-datteln.de\/wp-content\/uploads\/2024\/09\/IMG_0106-1024x768.jpg 1024w, https:\/\/www.lohschule-datteln.de\/wp-content\/uploads\/2024\/09\/IMG_0106-300x225.jpg 300w, https:\/\/www.lohschule-datteln.de\/wp-content\/uploads\/2024\/09\/IMG_0106-768x576.jpg 768w, https:\/\/www.lohschule-datteln.de\/wp-content\/uploads\/2024\/09\/IMG_0106-1536x1152.jpg 1536w, https:\/\/www.lohschule-datteln.de\/wp-content\/uploads\/2024\/09\/IMG_0106-2048x1536.jpg 2048w\" sizes=\"auto, (max-width: 1024px) 100vw, 1024px\" \/><\/figure>\n\n\n\n<figure class=\"wp-block-image size-large\"><img loading=\"lazy\" decoding=\"async\" width=\"1024\" height=\"768\" data-id=\"14140\" src=\"https:\/\/www.lohschule-datteln.de\/wp-content\/uploads\/2024\/09\/IMG_0105-1024x768.jpg\" alt=\"\" class=\"wp-image-14140\" srcset=\"https:\/\/www.lohschule-datteln.de\/wp-content\/uploads\/2024\/09\/IMG_0105-1024x768.jpg 1024w, https:\/\/www.lohschule-datteln.de\/wp-content\/uploads\/2024\/09\/IMG_0105-300x225.jpg 300w, https:\/\/www.lohschule-datteln.de\/wp-content\/uploads\/2024\/09\/IMG_0105-768x576.jpg 768w, https:\/\/www.lohschule-datteln.de\/wp-content\/uploads\/2024\/09\/IMG_0105-1536x1152.jpg 1536w, https:\/\/www.lohschule-datteln.de\/wp-content\/uploads\/2024\/09\/IMG_0105-2048x1536.jpg 2048w\" sizes=\"auto, (max-width: 1024px) 100vw, 1024px\" \/><\/figure>\n\n\n\n<figure class=\"wp-block-image size-large\"><img loading=\"lazy\" decoding=\"async\" width=\"1024\" height=\"768\" data-id=\"14139\" src=\"https:\/\/www.lohschule-datteln.de\/wp-content\/uploads\/2024\/09\/IMG_0104-1024x768.jpg\" alt=\"\" class=\"wp-image-14139\" srcset=\"https:\/\/www.lohschule-datteln.de\/wp-content\/uploads\/2024\/09\/IMG_0104-1024x768.jpg 1024w, https:\/\/www.lohschule-datteln.de\/wp-content\/uploads\/2024\/09\/IMG_0104-300x225.jpg 300w, https:\/\/www.lohschule-datteln.de\/wp-content\/uploads\/2024\/09\/IMG_0104-768x576.jpg 768w, https:\/\/www.lohschule-datteln.de\/wp-content\/uploads\/2024\/09\/IMG_0104-1536x1152.jpg 1536w, https:\/\/www.lohschule-datteln.de\/wp-content\/uploads\/2024\/09\/IMG_0104-2048x1536.jpg 2048w\" sizes=\"auto, (max-width: 1024px) 100vw, 1024px\" \/><\/figure>\n<\/figure>\n","protected":false},"excerpt":{"rendered":"<p>Deckflohmarkt an der Lohschule Am Samstag, 14.09.2024, war es wieder soweit: Alle Kinder, die Lust und Laune hatten, kamen p\u00fcnktlich um 10 Uhr auf den Schulhof der Lohschule und haben dort ihre kleinen und gro\u00dfen Sch\u00e4tze auf vielen Decken angeboten. Bei strahlendem Sonnenschein standen rund 30 Kinder der Lohschule bereit, um ihre Sch\u00e4tze auf ihren [&hellip;]<\/p>\n","protected":false},"author":3,"featured_media":0,"parent":0,"menu_order":0,"comment_status":"closed","ping_status":"closed","template":"","meta":{"footnotes":""},"class_list":["post-14132","page","type-page","status-publish","hentry"],"yoast_head":"<!-- This site is optimized with the Yoast SEO plugin v27.5 - https:\/\/yoast.com\/product\/yoast-seo-wordpress\/ -->\n<title>Deckenflohmarkt 2024 - Lohschule Datteln<\/title>\n<meta name=\"robots\" content=\"index, follow, max-snippet:-1, max-image-preview:large, max-video-preview:-1\" \/>\n<link rel=\"canonical\" href=\"https:\/\/www.lohschule-datteln.de\/index.php\/deckenflohmarkt\/\" \/>\n<meta property=\"og:locale\" content=\"de_DE\" \/>\n<meta property=\"og:type\" content=\"article\" \/>\n<meta property=\"og:title\" content=\"Deckenflohmarkt 2024 - Lohschule Datteln\" \/>\n<meta property=\"og:description\" content=\"Deckflohmarkt an der Lohschule Am Samstag, 14.09.2024, war es wieder soweit: Alle Kinder, die Lust und Laune hatten, kamen p\u00fcnktlich um 10 Uhr auf den Schulhof der Lohschule und haben dort ihre kleinen und gro\u00dfen Sch\u00e4tze auf vielen Decken angeboten. Bei strahlendem Sonnenschein standen rund 30 Kinder der Lohschule bereit, um ihre Sch\u00e4tze auf ihren [&hellip;]\" \/>\n<meta property=\"og:url\" content=\"https:\/\/www.lohschule-datteln.de\/index.php\/deckenflohmarkt\/\" \/>\n<meta property=\"og:site_name\" content=\"Lohschule Datteln\" \/>\n<meta property=\"article:modified_time\" content=\"2024-09-15T09:15:27+00:00\" \/>\n<meta property=\"og:image\" content=\"https:\/\/www.lohschule-datteln.de\/wp-content\/uploads\/2024\/09\/IMG_0113-1024x768.jpg\" \/>\n<meta name=\"twitter:card\" content=\"summary_large_image\" \/>\n<meta name=\"twitter:label1\" content=\"Gesch\u00e4tzte Lesezeit\" \/>\n\t<meta name=\"twitter:data1\" content=\"3\u00a0Minuten\" \/>\n<script type=\"application\/ld+json\" class=\"yoast-schema-graph\">{\"@context\":\"https:\\\/\\\/schema.org\",\"@graph\":[{\"@type\":\"WebPage\",\"@id\":\"https:\\\/\\\/www.lohschule-datteln.de\\\/index.php\\\/deckenflohmarkt\\\/\",\"url\":\"https:\\\/\\\/www.lohschule-datteln.de\\\/index.php\\\/deckenflohmarkt\\\/\",\"name\":\"Deckenflohmarkt 2024 - Lohschule Datteln\",\"isPartOf\":{\"@id\":\"https:\\\/\\\/www.lohschule-datteln.de\\\/#website\"},\"primaryImageOfPage\":{\"@id\":\"https:\\\/\\\/www.lohschule-datteln.de\\\/index.php\\\/deckenflohmarkt\\\/#primaryimage\"},\"image\":{\"@id\":\"https:\\\/\\\/www.lohschule-datteln.de\\\/index.php\\\/deckenflohmarkt\\\/#primaryimage\"},\"thumbnailUrl\":\"https:\\\/\\\/www.lohschule-datteln.de\\\/wp-content\\\/uploads\\\/2024\\\/09\\\/IMG_0113-1024x768.jpg\",\"datePublished\":\"2024-09-15T09:05:15+00:00\",\"dateModified\":\"2024-09-15T09:15:27+00:00\",\"breadcrumb\":{\"@id\":\"https:\\\/\\\/www.lohschule-datteln.de\\\/index.php\\\/deckenflohmarkt\\\/#breadcrumb\"},\"inLanguage\":\"de\",\"potentialAction\":[{\"@type\":\"ReadAction\",\"target\":[\"https:\\\/\\\/www.lohschule-datteln.de\\\/index.php\\\/deckenflohmarkt\\\/\"]}]},{\"@type\":\"ImageObject\",\"inLanguage\":\"de\",\"@id\":\"https:\\\/\\\/www.lohschule-datteln.de\\\/index.php\\\/deckenflohmarkt\\\/#primaryimage\",\"url\":\"https:\\\/\\\/www.lohschule-datteln.de\\\/wp-content\\\/uploads\\\/2024\\\/09\\\/IMG_0113-scaled.jpg\",\"contentUrl\":\"https:\\\/\\\/www.lohschule-datteln.de\\\/wp-content\\\/uploads\\\/2024\\\/09\\\/IMG_0113-scaled.jpg\",\"width\":2560,\"height\":1920},{\"@type\":\"BreadcrumbList\",\"@id\":\"https:\\\/\\\/www.lohschule-datteln.de\\\/index.php\\\/deckenflohmarkt\\\/#breadcrumb\",\"itemListElement\":[{\"@type\":\"ListItem\",\"position\":1,\"name\":\"Startseite\",\"item\":\"https:\\\/\\\/www.lohschule-datteln.de\\\/\"},{\"@type\":\"ListItem\",\"position\":2,\"name\":\"Deckenflohmarkt 2024\"}]},{\"@type\":\"WebSite\",\"@id\":\"https:\\\/\\\/www.lohschule-datteln.de\\\/#website\",\"url\":\"https:\\\/\\\/www.lohschule-datteln.de\\\/\",\"name\":\"Lohschule Datteln\",\"description\":\"kath. Grundschule\",\"publisher\":{\"@id\":\"https:\\\/\\\/www.lohschule-datteln.de\\\/#organization\"},\"potentialAction\":[{\"@type\":\"SearchAction\",\"target\":{\"@type\":\"EntryPoint\",\"urlTemplate\":\"https:\\\/\\\/www.lohschule-datteln.de\\\/?s={search_term_string}\"},\"query-input\":{\"@type\":\"PropertyValueSpecification\",\"valueRequired\":true,\"valueName\":\"search_term_string\"}}],\"inLanguage\":\"de\"},{\"@type\":\"Organization\",\"@id\":\"https:\\\/\\\/www.lohschule-datteln.de\\\/#organization\",\"name\":\"Lohschule -katholische Grundschule Datteln\",\"url\":\"https:\\\/\\\/www.lohschule-datteln.de\\\/\",\"logo\":{\"@type\":\"ImageObject\",\"inLanguage\":\"de\",\"@id\":\"https:\\\/\\\/www.lohschule-datteln.de\\\/#\\\/schema\\\/logo\\\/image\\\/\",\"url\":\"http:\\\/\\\/www.lohschule-datteln.de\\\/wp-content\\\/uploads\\\/2016\\\/02\\\/Loh-neu-2016.jpg\",\"contentUrl\":\"http:\\\/\\\/www.lohschule-datteln.de\\\/wp-content\\\/uploads\\\/2016\\\/02\\\/Loh-neu-2016.jpg\",\"width\":448,\"height\":252,\"caption\":\"Lohschule -katholische Grundschule Datteln\"},\"image\":{\"@id\":\"https:\\\/\\\/www.lohschule-datteln.de\\\/#\\\/schema\\\/logo\\\/image\\\/\"}}]}<\/script>\n<!-- \/ Yoast SEO plugin. -->","yoast_head_json":{"title":"Deckenflohmarkt 2024 - Lohschule Datteln","robots":{"index":"index","follow":"follow","max-snippet":"max-snippet:-1","max-image-preview":"max-image-preview:large","max-video-preview":"max-video-preview:-1"},"canonical":"https:\/\/www.lohschule-datteln.de\/index.php\/deckenflohmarkt\/","og_locale":"de_DE","og_type":"article","og_title":"Deckenflohmarkt 2024 - Lohschule Datteln","og_description":"Deckflohmarkt an der Lohschule Am Samstag, 14.09.2024, war es wieder soweit: Alle Kinder, die Lust und Laune hatten, kamen p\u00fcnktlich um 10 Uhr auf den Schulhof der Lohschule und haben dort ihre kleinen und gro\u00dfen Sch\u00e4tze auf vielen Decken angeboten. Bei strahlendem Sonnenschein standen rund 30 Kinder der Lohschule bereit, um ihre Sch\u00e4tze auf ihren [&hellip;]","og_url":"https:\/\/www.lohschule-datteln.de\/index.php\/deckenflohmarkt\/","og_site_name":"Lohschule Datteln","article_modified_time":"2024-09-15T09:15:27+00:00","og_image":[{"url":"https:\/\/www.lohschule-datteln.de\/wp-content\/uploads\/2024\/09\/IMG_0113-1024x768.jpg","type":"","width":"","height":""}],"twitter_card":"summary_large_image","twitter_misc":{"Gesch\u00e4tzte Lesezeit":"3\u00a0Minuten"},"schema":{"@context":"https:\/\/schema.org","@graph":[{"@type":"WebPage","@id":"https:\/\/www.lohschule-datteln.de\/index.php\/deckenflohmarkt\/","url":"https:\/\/www.lohschule-datteln.de\/index.php\/deckenflohmarkt\/","name":"Deckenflohmarkt 2024 - Lohschule Datteln","isPartOf":{"@id":"https:\/\/www.lohschule-datteln.de\/#website"},"primaryImageOfPage":{"@id":"https:\/\/www.lohschule-datteln.de\/index.php\/deckenflohmarkt\/#primaryimage"},"image":{"@id":"https:\/\/www.lohschule-datteln.de\/index.php\/deckenflohmarkt\/#primaryimage"},"thumbnailUrl":"https:\/\/www.lohschule-datteln.de\/wp-content\/uploads\/2024\/09\/IMG_0113-1024x768.jpg","datePublished":"2024-09-15T09:05:15+00:00","dateModified":"2024-09-15T09:15:27+00:00","breadcrumb":{"@id":"https:\/\/www.lohschule-datteln.de\/index.php\/deckenflohmarkt\/#breadcrumb"},"inLanguage":"de","potentialAction":[{"@type":"ReadAction","target":["https:\/\/www.lohschule-datteln.de\/index.php\/deckenflohmarkt\/"]}]},{"@type":"ImageObject","inLanguage":"de","@id":"https:\/\/www.lohschule-datteln.de\/index.php\/deckenflohmarkt\/#primaryimage","url":"https:\/\/www.lohschule-datteln.de\/wp-content\/uploads\/2024\/09\/IMG_0113-scaled.jpg","contentUrl":"https:\/\/www.lohschule-datteln.de\/wp-content\/uploads\/2024\/09\/IMG_0113-scaled.jpg","width":2560,"height":1920},{"@type":"BreadcrumbList","@id":"https:\/\/www.lohschule-datteln.de\/index.php\/deckenflohmarkt\/#breadcrumb","itemListElement":[{"@type":"ListItem","position":1,"name":"Startseite","item":"https:\/\/www.lohschule-datteln.de\/"},{"@type":"ListItem","position":2,"name":"Deckenflohmarkt 2024"}]},{"@type":"WebSite","@id":"https:\/\/www.lohschule-datteln.de\/#website","url":"https:\/\/www.lohschule-datteln.de\/","name":"Lohschule Datteln","description":"kath. Grundschule","publisher":{"@id":"https:\/\/www.lohschule-datteln.de\/#organization"},"potentialAction":[{"@type":"SearchAction","target":{"@type":"EntryPoint","urlTemplate":"https:\/\/www.lohschule-datteln.de\/?s={search_term_string}"},"query-input":{"@type":"PropertyValueSpecification","valueRequired":true,"valueName":"search_term_string"}}],"inLanguage":"de"},{"@type":"Organization","@id":"https:\/\/www.lohschule-datteln.de\/#organization","name":"Lohschule -katholische Grundschule Datteln","url":"https:\/\/www.lohschule-datteln.de\/","logo":{"@type":"ImageObject","inLanguage":"de","@id":"https:\/\/www.lohschule-datteln.de\/#\/schema\/logo\/image\/","url":"http:\/\/www.lohschule-datteln.de\/wp-content\/uploads\/2016\/02\/Loh-neu-2016.jpg","contentUrl":"http:\/\/www.lohschule-datteln.de\/wp-content\/uploads\/2016\/02\/Loh-neu-2016.jpg","width":448,"height":252,"caption":"Lohschule -katholische Grundschule Datteln"},"image":{"@id":"https:\/\/www.lohschule-datteln.de\/#\/schema\/logo\/image\/"}}]}},"_links":{"self":[{"href":"https:\/\/www.lohschule-datteln.de\/index.php\/wp-json\/wp\/v2\/pages\/14132","targetHints":{"allow":["GET"]}}],"collection":[{"href":"https:\/\/www.lohschule-datteln.de\/index.php\/wp-json\/wp\/v2\/pages"}],"about":[{"href":"https:\/\/www.lohschule-datteln.de\/index.php\/wp-json\/wp\/v2\/types\/page"}],"author":[{"embeddable":true,"href":"https:\/\/www.lohschule-datteln.de\/index.php\/wp-json\/wp\/v2\/users\/3"}],"replies":[{"embeddable":true,"href":"https:\/\/www.lohschule-datteln.de\/index.php\/wp-json\/wp\/v2\/comments?post=14132"}],"version-history":[{"count":3,"href":"https:\/\/www.lohschule-datteln.de\/index.php\/wp-json\/wp\/v2\/pages\/14132\/revisions"}],"predecessor-version":[{"id":14147,"href":"https:\/\/www.lohschule-datteln.de\/index.php\/wp-json\/wp\/v2\/pages\/14132\/revisions\/14147"}],"wp:attachment":[{"href":"https:\/\/www.lohschule-datteln.de\/index.php\/wp-json\/wp\/v2\/media?parent=14132"}],"curies":[{"name":"wp","href":"https:\/\/api.w.org\/{rel}","templated":true}]}}