{"id":14207,"date":"2024-10-12T11:51:50","date_gmt":"2024-10-12T09:51:50","guid":{"rendered":"https:\/\/www.lohschule-datteln.de\/?page_id=14207"},"modified":"2024-10-12T12:15:23","modified_gmt":"2024-10-12T10:15:23","slug":"herbstsingen-2024","status":"publish","type":"page","link":"https:\/\/www.lohschule-datteln.de\/index.php\/herbstsingen-2024\/","title":{"rendered":"Herbstsingen 2024"},"content":{"rendered":"<p>Am Freitag, 11.10.2024, fand unser Herbstsingen der Lohschul-Schulgemeinde in der Turnhalle der Lohschule statt. Nach einer kurzen Begr\u00fc\u00dfung durch die Schulleiterin Frau Schneider sangen alle 368 Kinder der Lohschule gemeinsam das Lied &#8222;Bunt sind schon die W\u00e4lder&#8220;. Dann kam unser toller Lohschulchor zum Einsatz und pr\u00e4sentierte sich in neuer Formation unter Leitung von Frau Wilmes mit 2 sch\u00f6nen Liedern. Alle knapp 70 Kinder des Chors sangen voller Stolz vor der Schulgemeinde und den vielen Eltern, die zum Zuschauen gekommen waren. Zu guter Letzt sangen dann wieder aller Kinder gemeinsam &#8222;Herr Bst&#8220;.<br \/>Nach dem Singen wurden dann noch die ersten drei Klassen pr\u00e4miert, die an den Projekttagen &#8222;Zu Fu\u00df zur Schule&#8220; im September 2024 die meisten Stempel mit ihrer Klasse gesammelt hatten, weil sie zu Fu\u00df, mit dem Fahrrad oder dem Roller in die Lohschule gekommen waren. Den 1. Platz holte sich die Klasse 2c, den 2. Platz sicherte sich die Klasse 1a und den 3. Platz ergatterte die Klasse 2b. Unser F\u00f6rderverein sponserte f\u00fcr alle 3 Klassen jeweils einen Gutschein von \u20ac 50,00, f\u00fcr den die Kinder mit ihren Klassenlehrerinnen etwas Sch\u00f6nes kaufen k\u00f6nnen. Herzlichen Gl\u00fcckwunsch an all die flei\u00dfigen Sammlerinnen und Sammler der Stempelaktion.<br \/>Mit vielen lieben W\u00fcnschen f\u00fcr die anstehenden Herbstferien wurden die Kinder dann in die Hofpause entlassen.<\/p>\n<hr \/>\n<p>\u00a0<\/p>\n\n\n<figure class=\"wp-block-gallery has-nested-images columns-default is-cropped wp-block-gallery-1 is-layout-flex wp-block-gallery-is-layout-flex\">\n<figure class=\"wp-block-image size-large\"><img loading=\"lazy\" decoding=\"async\" width=\"1024\" height=\"768\" data-id=\"14210\" src=\"https:\/\/www.lohschule-datteln.de\/wp-content\/uploads\/2024\/10\/IMG_0516-1024x768.jpg\" alt=\"\" class=\"wp-image-14210\" srcset=\"https:\/\/www.lohschule-datteln.de\/wp-content\/uploads\/2024\/10\/IMG_0516-1024x768.jpg 1024w, https:\/\/www.lohschule-datteln.de\/wp-content\/uploads\/2024\/10\/IMG_0516-300x225.jpg 300w, https:\/\/www.lohschule-datteln.de\/wp-content\/uploads\/2024\/10\/IMG_0516-768x576.jpg 768w, https:\/\/www.lohschule-datteln.de\/wp-content\/uploads\/2024\/10\/IMG_0516-1536x1152.jpg 1536w, https:\/\/www.lohschule-datteln.de\/wp-content\/uploads\/2024\/10\/IMG_0516-2048x1536.jpg 2048w\" sizes=\"auto, (max-width: 1024px) 100vw, 1024px\" \/><\/figure>\n\n\n\n<figure class=\"wp-block-image size-large\"><img loading=\"lazy\" decoding=\"async\" width=\"1024\" height=\"768\" data-id=\"14215\" src=\"https:\/\/www.lohschule-datteln.de\/wp-content\/uploads\/2024\/10\/IMG_0524-1024x768.jpg\" alt=\"\" class=\"wp-image-14215\" srcset=\"https:\/\/www.lohschule-datteln.de\/wp-content\/uploads\/2024\/10\/IMG_0524-1024x768.jpg 1024w, https:\/\/www.lohschule-datteln.de\/wp-content\/uploads\/2024\/10\/IMG_0524-300x225.jpg 300w, https:\/\/www.lohschule-datteln.de\/wp-content\/uploads\/2024\/10\/IMG_0524-768x576.jpg 768w, https:\/\/www.lohschule-datteln.de\/wp-content\/uploads\/2024\/10\/IMG_0524-1536x1152.jpg 1536w, https:\/\/www.lohschule-datteln.de\/wp-content\/uploads\/2024\/10\/IMG_0524-2048x1536.jpg 2048w\" sizes=\"auto, (max-width: 1024px) 100vw, 1024px\" \/><\/figure>\n\n\n\n<figure class=\"wp-block-image size-large\"><img loading=\"lazy\" decoding=\"async\" width=\"1024\" height=\"768\" data-id=\"14214\" src=\"https:\/\/www.lohschule-datteln.de\/wp-content\/uploads\/2024\/10\/IMG_0522-1024x768.jpg\" alt=\"\" class=\"wp-image-14214\" srcset=\"https:\/\/www.lohschule-datteln.de\/wp-content\/uploads\/2024\/10\/IMG_0522-1024x768.jpg 1024w, https:\/\/www.lohschule-datteln.de\/wp-content\/uploads\/2024\/10\/IMG_0522-300x225.jpg 300w, https:\/\/www.lohschule-datteln.de\/wp-content\/uploads\/2024\/10\/IMG_0522-768x576.jpg 768w, https:\/\/www.lohschule-datteln.de\/wp-content\/uploads\/2024\/10\/IMG_0522-1536x1152.jpg 1536w, https:\/\/www.lohschule-datteln.de\/wp-content\/uploads\/2024\/10\/IMG_0522-2048x1536.jpg 2048w\" sizes=\"auto, (max-width: 1024px) 100vw, 1024px\" \/><\/figure>\n\n\n\n<figure class=\"wp-block-image size-large\"><img loading=\"lazy\" decoding=\"async\" width=\"1024\" height=\"768\" data-id=\"14213\" src=\"https:\/\/www.lohschule-datteln.de\/wp-content\/uploads\/2024\/10\/IMG_0519-1024x768.jpg\" alt=\"\" class=\"wp-image-14213\" srcset=\"https:\/\/www.lohschule-datteln.de\/wp-content\/uploads\/2024\/10\/IMG_0519-1024x768.jpg 1024w, https:\/\/www.lohschule-datteln.de\/wp-content\/uploads\/2024\/10\/IMG_0519-300x225.jpg 300w, https:\/\/www.lohschule-datteln.de\/wp-content\/uploads\/2024\/10\/IMG_0519-768x576.jpg 768w, https:\/\/www.lohschule-datteln.de\/wp-content\/uploads\/2024\/10\/IMG_0519-1536x1152.jpg 1536w, https:\/\/www.lohschule-datteln.de\/wp-content\/uploads\/2024\/10\/IMG_0519-2048x1536.jpg 2048w\" sizes=\"auto, (max-width: 1024px) 100vw, 1024px\" \/><\/figure>\n\n\n\n<figure class=\"wp-block-image size-large\"><img loading=\"lazy\" decoding=\"async\" width=\"1024\" height=\"768\" data-id=\"14212\" src=\"https:\/\/www.lohschule-datteln.de\/wp-content\/uploads\/2024\/10\/IMG_0518-1024x768.jpg\" alt=\"\" class=\"wp-image-14212\" srcset=\"https:\/\/www.lohschule-datteln.de\/wp-content\/uploads\/2024\/10\/IMG_0518-1024x768.jpg 1024w, https:\/\/www.lohschule-datteln.de\/wp-content\/uploads\/2024\/10\/IMG_0518-300x225.jpg 300w, https:\/\/www.lohschule-datteln.de\/wp-content\/uploads\/2024\/10\/IMG_0518-768x576.jpg 768w, https:\/\/www.lohschule-datteln.de\/wp-content\/uploads\/2024\/10\/IMG_0518-1536x1152.jpg 1536w, https:\/\/www.lohschule-datteln.de\/wp-content\/uploads\/2024\/10\/IMG_0518-2048x1536.jpg 2048w\" sizes=\"auto, (max-width: 1024px) 100vw, 1024px\" \/><\/figure>\n\n\n\n<figure class=\"wp-block-image size-large\"><img loading=\"lazy\" decoding=\"async\" width=\"1024\" height=\"768\" data-id=\"14211\" src=\"https:\/\/www.lohschule-datteln.de\/wp-content\/uploads\/2024\/10\/IMG_0517-1024x768.jpg\" alt=\"\" class=\"wp-image-14211\" srcset=\"https:\/\/www.lohschule-datteln.de\/wp-content\/uploads\/2024\/10\/IMG_0517-1024x768.jpg 1024w, https:\/\/www.lohschule-datteln.de\/wp-content\/uploads\/2024\/10\/IMG_0517-300x225.jpg 300w, https:\/\/www.lohschule-datteln.de\/wp-content\/uploads\/2024\/10\/IMG_0517-768x576.jpg 768w, https:\/\/www.lohschule-datteln.de\/wp-content\/uploads\/2024\/10\/IMG_0517-1536x1152.jpg 1536w, https:\/\/www.lohschule-datteln.de\/wp-content\/uploads\/2024\/10\/IMG_0517-2048x1536.jpg 2048w\" sizes=\"auto, (max-width: 1024px) 100vw, 1024px\" \/><\/figure>\n<\/figure>\n","protected":false},"excerpt":{"rendered":"<p>Am Freitag, 11.10.2024, fand unser Herbstsingen der Lohschul-Schulgemeinde in der Turnhalle der Lohschule statt. Nach einer kurzen Begr\u00fc\u00dfung durch die Schulleiterin Frau Schneider sangen alle 368 Kinder der Lohschule gemeinsam das Lied &#8222;Bunt sind schon die W\u00e4lder&#8220;. Dann kam unser toller Lohschulchor zum Einsatz und pr\u00e4sentierte sich in neuer Formation unter Leitung von Frau Wilmes [&hellip;]<\/p>\n","protected":false},"author":3,"featured_media":0,"parent":0,"menu_order":0,"comment_status":"closed","ping_status":"closed","template":"","meta":{"footnotes":""},"class_list":["post-14207","page","type-page","status-publish","hentry"],"yoast_head":"<!-- This site is optimized with the Yoast SEO plugin v27.6 - https:\/\/yoast.com\/product\/yoast-seo-wordpress\/ -->\n<title>Herbstsingen 2024 - Lohschule Datteln<\/title>\n<meta name=\"robots\" content=\"index, follow, max-snippet:-1, max-image-preview:large, max-video-preview:-1\" \/>\n<link rel=\"canonical\" href=\"https:\/\/www.lohschule-datteln.de\/index.php\/herbstsingen-2024\/\" \/>\n<meta property=\"og:locale\" content=\"de_DE\" \/>\n<meta property=\"og:type\" content=\"article\" \/>\n<meta property=\"og:title\" content=\"Herbstsingen 2024 - Lohschule Datteln\" \/>\n<meta property=\"og:description\" content=\"Am Freitag, 11.10.2024, fand unser Herbstsingen der Lohschul-Schulgemeinde in der Turnhalle der Lohschule statt. Nach einer kurzen Begr\u00fc\u00dfung durch die Schulleiterin Frau Schneider sangen alle 368 Kinder der Lohschule gemeinsam das Lied &#8222;Bunt sind schon die W\u00e4lder&#8220;. Dann kam unser toller Lohschulchor zum Einsatz und pr\u00e4sentierte sich in neuer Formation unter Leitung von Frau Wilmes [&hellip;]\" \/>\n<meta property=\"og:url\" content=\"https:\/\/www.lohschule-datteln.de\/index.php\/herbstsingen-2024\/\" \/>\n<meta property=\"og:site_name\" content=\"Lohschule Datteln\" \/>\n<meta property=\"article:modified_time\" content=\"2024-10-12T10:15:23+00:00\" \/>\n<meta property=\"og:image\" content=\"https:\/\/www.lohschule-datteln.de\/wp-content\/uploads\/2024\/10\/IMG_0516-scaled.jpg\" \/>\n\t<meta property=\"og:image:width\" content=\"2560\" \/>\n\t<meta property=\"og:image:height\" content=\"1920\" \/>\n\t<meta property=\"og:image:type\" content=\"image\/jpeg\" \/>\n<meta name=\"twitter:card\" content=\"summary_large_image\" \/>\n<meta name=\"twitter:label1\" content=\"Gesch\u00e4tzte Lesezeit\" \/>\n\t<meta name=\"twitter:data1\" content=\"3\u00a0Minuten\" \/>\n<script type=\"application\/ld+json\" class=\"yoast-schema-graph\">{\"@context\":\"https:\\\/\\\/schema.org\",\"@graph\":[{\"@type\":\"WebPage\",\"@id\":\"https:\\\/\\\/www.lohschule-datteln.de\\\/index.php\\\/herbstsingen-2024\\\/\",\"url\":\"https:\\\/\\\/www.lohschule-datteln.de\\\/index.php\\\/herbstsingen-2024\\\/\",\"name\":\"Herbstsingen 2024 - Lohschule Datteln\",\"isPartOf\":{\"@id\":\"https:\\\/\\\/www.lohschule-datteln.de\\\/#website\"},\"primaryImageOfPage\":{\"@id\":\"https:\\\/\\\/www.lohschule-datteln.de\\\/index.php\\\/herbstsingen-2024\\\/#primaryimage\"},\"image\":{\"@id\":\"https:\\\/\\\/www.lohschule-datteln.de\\\/index.php\\\/herbstsingen-2024\\\/#primaryimage\"},\"thumbnailUrl\":\"https:\\\/\\\/www.lohschule-datteln.de\\\/wp-content\\\/uploads\\\/2024\\\/10\\\/IMG_0516-1024x768.jpg\",\"datePublished\":\"2024-10-12T09:51:50+00:00\",\"dateModified\":\"2024-10-12T10:15:23+00:00\",\"breadcrumb\":{\"@id\":\"https:\\\/\\\/www.lohschule-datteln.de\\\/index.php\\\/herbstsingen-2024\\\/#breadcrumb\"},\"inLanguage\":\"de\",\"potentialAction\":[{\"@type\":\"ReadAction\",\"target\":[\"https:\\\/\\\/www.lohschule-datteln.de\\\/index.php\\\/herbstsingen-2024\\\/\"]}]},{\"@type\":\"ImageObject\",\"inLanguage\":\"de\",\"@id\":\"https:\\\/\\\/www.lohschule-datteln.de\\\/index.php\\\/herbstsingen-2024\\\/#primaryimage\",\"url\":\"https:\\\/\\\/www.lohschule-datteln.de\\\/wp-content\\\/uploads\\\/2024\\\/10\\\/IMG_0516-scaled.jpg\",\"contentUrl\":\"https:\\\/\\\/www.lohschule-datteln.de\\\/wp-content\\\/uploads\\\/2024\\\/10\\\/IMG_0516-scaled.jpg\",\"width\":2560,\"height\":1920},{\"@type\":\"BreadcrumbList\",\"@id\":\"https:\\\/\\\/www.lohschule-datteln.de\\\/index.php\\\/herbstsingen-2024\\\/#breadcrumb\",\"itemListElement\":[{\"@type\":\"ListItem\",\"position\":1,\"name\":\"Startseite\",\"item\":\"https:\\\/\\\/www.lohschule-datteln.de\\\/\"},{\"@type\":\"ListItem\",\"position\":2,\"name\":\"Herbstsingen 2024\"}]},{\"@type\":\"WebSite\",\"@id\":\"https:\\\/\\\/www.lohschule-datteln.de\\\/#website\",\"url\":\"https:\\\/\\\/www.lohschule-datteln.de\\\/\",\"name\":\"Lohschule Datteln\",\"description\":\"kath. Grundschule\",\"publisher\":{\"@id\":\"https:\\\/\\\/www.lohschule-datteln.de\\\/#organization\"},\"potentialAction\":[{\"@type\":\"SearchAction\",\"target\":{\"@type\":\"EntryPoint\",\"urlTemplate\":\"https:\\\/\\\/www.lohschule-datteln.de\\\/?s={search_term_string}\"},\"query-input\":{\"@type\":\"PropertyValueSpecification\",\"valueRequired\":true,\"valueName\":\"search_term_string\"}}],\"inLanguage\":\"de\"},{\"@type\":\"Organization\",\"@id\":\"https:\\\/\\\/www.lohschule-datteln.de\\\/#organization\",\"name\":\"Lohschule -katholische Grundschule Datteln\",\"url\":\"https:\\\/\\\/www.lohschule-datteln.de\\\/\",\"logo\":{\"@type\":\"ImageObject\",\"inLanguage\":\"de\",\"@id\":\"https:\\\/\\\/www.lohschule-datteln.de\\\/#\\\/schema\\\/logo\\\/image\\\/\",\"url\":\"http:\\\/\\\/www.lohschule-datteln.de\\\/wp-content\\\/uploads\\\/2016\\\/02\\\/Loh-neu-2016.jpg\",\"contentUrl\":\"http:\\\/\\\/www.lohschule-datteln.de\\\/wp-content\\\/uploads\\\/2016\\\/02\\\/Loh-neu-2016.jpg\",\"width\":448,\"height\":252,\"caption\":\"Lohschule -katholische Grundschule Datteln\"},\"image\":{\"@id\":\"https:\\\/\\\/www.lohschule-datteln.de\\\/#\\\/schema\\\/logo\\\/image\\\/\"}}]}<\/script>\n<!-- \/ Yoast SEO plugin. -->","yoast_head_json":{"title":"Herbstsingen 2024 - Lohschule Datteln","robots":{"index":"index","follow":"follow","max-snippet":"max-snippet:-1","max-image-preview":"max-image-preview:large","max-video-preview":"max-video-preview:-1"},"canonical":"https:\/\/www.lohschule-datteln.de\/index.php\/herbstsingen-2024\/","og_locale":"de_DE","og_type":"article","og_title":"Herbstsingen 2024 - Lohschule Datteln","og_description":"Am Freitag, 11.10.2024, fand unser Herbstsingen der Lohschul-Schulgemeinde in der Turnhalle der Lohschule statt. Nach einer kurzen Begr\u00fc\u00dfung durch die Schulleiterin Frau Schneider sangen alle 368 Kinder der Lohschule gemeinsam das Lied &#8222;Bunt sind schon die W\u00e4lder&#8220;. Dann kam unser toller Lohschulchor zum Einsatz und pr\u00e4sentierte sich in neuer Formation unter Leitung von Frau Wilmes [&hellip;]","og_url":"https:\/\/www.lohschule-datteln.de\/index.php\/herbstsingen-2024\/","og_site_name":"Lohschule Datteln","article_modified_time":"2024-10-12T10:15:23+00:00","og_image":[{"width":2560,"height":1920,"url":"https:\/\/www.lohschule-datteln.de\/wp-content\/uploads\/2024\/10\/IMG_0516-scaled.jpg","type":"image\/jpeg"}],"twitter_card":"summary_large_image","twitter_misc":{"Gesch\u00e4tzte Lesezeit":"3\u00a0Minuten"},"schema":{"@context":"https:\/\/schema.org","@graph":[{"@type":"WebPage","@id":"https:\/\/www.lohschule-datteln.de\/index.php\/herbstsingen-2024\/","url":"https:\/\/www.lohschule-datteln.de\/index.php\/herbstsingen-2024\/","name":"Herbstsingen 2024 - Lohschule Datteln","isPartOf":{"@id":"https:\/\/www.lohschule-datteln.de\/#website"},"primaryImageOfPage":{"@id":"https:\/\/www.lohschule-datteln.de\/index.php\/herbstsingen-2024\/#primaryimage"},"image":{"@id":"https:\/\/www.lohschule-datteln.de\/index.php\/herbstsingen-2024\/#primaryimage"},"thumbnailUrl":"https:\/\/www.lohschule-datteln.de\/wp-content\/uploads\/2024\/10\/IMG_0516-1024x768.jpg","datePublished":"2024-10-12T09:51:50+00:00","dateModified":"2024-10-12T10:15:23+00:00","breadcrumb":{"@id":"https:\/\/www.lohschule-datteln.de\/index.php\/herbstsingen-2024\/#breadcrumb"},"inLanguage":"de","potentialAction":[{"@type":"ReadAction","target":["https:\/\/www.lohschule-datteln.de\/index.php\/herbstsingen-2024\/"]}]},{"@type":"ImageObject","inLanguage":"de","@id":"https:\/\/www.lohschule-datteln.de\/index.php\/herbstsingen-2024\/#primaryimage","url":"https:\/\/www.lohschule-datteln.de\/wp-content\/uploads\/2024\/10\/IMG_0516-scaled.jpg","contentUrl":"https:\/\/www.lohschule-datteln.de\/wp-content\/uploads\/2024\/10\/IMG_0516-scaled.jpg","width":2560,"height":1920},{"@type":"BreadcrumbList","@id":"https:\/\/www.lohschule-datteln.de\/index.php\/herbstsingen-2024\/#breadcrumb","itemListElement":[{"@type":"ListItem","position":1,"name":"Startseite","item":"https:\/\/www.lohschule-datteln.de\/"},{"@type":"ListItem","position":2,"name":"Herbstsingen 2024"}]},{"@type":"WebSite","@id":"https:\/\/www.lohschule-datteln.de\/#website","url":"https:\/\/www.lohschule-datteln.de\/","name":"Lohschule Datteln","description":"kath. Grundschule","publisher":{"@id":"https:\/\/www.lohschule-datteln.de\/#organization"},"potentialAction":[{"@type":"SearchAction","target":{"@type":"EntryPoint","urlTemplate":"https:\/\/www.lohschule-datteln.de\/?s={search_term_string}"},"query-input":{"@type":"PropertyValueSpecification","valueRequired":true,"valueName":"search_term_string"}}],"inLanguage":"de"},{"@type":"Organization","@id":"https:\/\/www.lohschule-datteln.de\/#organization","name":"Lohschule -katholische Grundschule Datteln","url":"https:\/\/www.lohschule-datteln.de\/","logo":{"@type":"ImageObject","inLanguage":"de","@id":"https:\/\/www.lohschule-datteln.de\/#\/schema\/logo\/image\/","url":"http:\/\/www.lohschule-datteln.de\/wp-content\/uploads\/2016\/02\/Loh-neu-2016.jpg","contentUrl":"http:\/\/www.lohschule-datteln.de\/wp-content\/uploads\/2016\/02\/Loh-neu-2016.jpg","width":448,"height":252,"caption":"Lohschule -katholische Grundschule Datteln"},"image":{"@id":"https:\/\/www.lohschule-datteln.de\/#\/schema\/logo\/image\/"}}]}},"_links":{"self":[{"href":"https:\/\/www.lohschule-datteln.de\/index.php\/wp-json\/wp\/v2\/pages\/14207","targetHints":{"allow":["GET"]}}],"collection":[{"href":"https:\/\/www.lohschule-datteln.de\/index.php\/wp-json\/wp\/v2\/pages"}],"about":[{"href":"https:\/\/www.lohschule-datteln.de\/index.php\/wp-json\/wp\/v2\/types\/page"}],"author":[{"embeddable":true,"href":"https:\/\/www.lohschule-datteln.de\/index.php\/wp-json\/wp\/v2\/users\/3"}],"replies":[{"embeddable":true,"href":"https:\/\/www.lohschule-datteln.de\/index.php\/wp-json\/wp\/v2\/comments?post=14207"}],"version-history":[{"count":2,"href":"https:\/\/www.lohschule-datteln.de\/index.php\/wp-json\/wp\/v2\/pages\/14207\/revisions"}],"predecessor-version":[{"id":14218,"href":"https:\/\/www.lohschule-datteln.de\/index.php\/wp-json\/wp\/v2\/pages\/14207\/revisions\/14218"}],"wp:attachment":[{"href":"https:\/\/www.lohschule-datteln.de\/index.php\/wp-json\/wp\/v2\/media?parent=14207"}],"curies":[{"name":"wp","href":"https:\/\/api.w.org\/{rel}","templated":true}]}}