{"id":14227,"date":"2024-11-04T17:18:03","date_gmt":"2024-11-04T16:18:03","guid":{"rendered":"https:\/\/www.lohschule-datteln.de\/?page_id=14227"},"modified":"2025-04-09T15:15:09","modified_gmt":"2025-04-09T13:15:09","slug":"2-jahrgang-2024-25","status":"publish","type":"page","link":"https:\/\/www.lohschule-datteln.de\/index.php\/2-jahrgang-2024-25\/","title":{"rendered":"2. Jahrgang  2024\/25"},"content":{"rendered":"\n<h2 class=\"wp-block-heading\">Ausflug ins Biologische Zentrum L\u00fcdinghausen<\/h2>\n\n\n\n<p>Am Donnerstag (31.10.24) haben alle Fische, Waschb\u00e4ren und Raben gemeinsam einen Ausflug nach L\u00fcdinghausen gemacht. Wir sind mit fast 90 Kindern mit der Linie S91 in unserem eigenen Einsatzbus gefahren und wurden direkt vor das Tor des Biologischen Zentrums gebracht.<\/p>\n\n\n<p>Unsere F\u00fchrerinnen hie\u00dfen uns dort willkommen und begleiteten uns zu unseren Aufenthaltsr\u00e4umen, wo wir unsere Sachen ablegten und uns erst einmal vorstellten. Jeder durfte sogar ein Tier nennen, als das man morgens gerne aufgestanden w\u00e4re. Es gab F\u00fcchse, B\u00e4ren, einen Luchs, einige Eulen und noch viele andere Tiere. Besonders beliebt war auch der Maulwurf, der h\u00e4tte n\u00e4mlich noch einfach unter der Erde ein bisschen schlafen k\u00f6nnen.<\/p>\n<p>Dann ging es los mit unserem Programm &#8222;Ausflug in die Natur&#8220;. Wir haben an diesem Morgen wirklich viel erlebt, so mussten wir unter einem schwingenden Seil durchlaufen, um \u00fcberhaupt mit dem Programm beginnen zu d\u00fcrfen. Wir durften durch das Netz einer riesigen Spinne klettern und als Mutprobe r\u00fcckw\u00e4rts mit geschlossenen Augen ein St\u00fcck durch den Wald laufen.<\/p>\n<p>Nach einer ausgiebigen Fr\u00fchst\u00fcckspause konnten wir auf eigene Faust das Gel\u00e4nde erkunden, um anschlie\u00dfend selbst ein wenig Gem\u00fcse zu ernten und im Komposthaufen nach kleinen Lebewesen zu suchen.<\/p>\n<p>Zum Abschluss gab es noch den &#8222;Wettkampf der Grashalme&#8220; sowie ein tolles Farben-Suchspiel und wir haben uns sogar in lebendige Fotoapparate verwandelt. Als unser &#8222;Ausflug in die Natur&#8220; schlie\u00dflich beendet war, waren wir alle ziemlich schmutzig und etwas kaputt, aber auch wirklich gl\u00fccklich.<\/p>\n<p>Leider war unsere Zeit im Biologischen Zentrum viel zu schnell vorbei und wir mussten mit unserem Bus wieder zur\u00fcck nach Datteln fahren.<\/p>\n<hr \/>\n<p>Hier ein paar Fotoeinblicke in den Vormittag der Raben:<\/p>\n\n\n<figure class=\"wp-block-gallery has-nested-images columns-default is-cropped wp-block-gallery-1 is-layout-flex wp-block-gallery-is-layout-flex\">\n<figure class=\"wp-block-image size-large\"><img loading=\"lazy\" decoding=\"async\" width=\"768\" height=\"1024\" data-id=\"14233\" src=\"https:\/\/www.lohschule-datteln.de\/wp-content\/uploads\/2024\/11\/IMG_3514-768x1024.jpeg\" alt=\"\" class=\"wp-image-14233\" srcset=\"https:\/\/www.lohschule-datteln.de\/wp-content\/uploads\/2024\/11\/IMG_3514-768x1024.jpeg 768w, https:\/\/www.lohschule-datteln.de\/wp-content\/uploads\/2024\/11\/IMG_3514-225x300.jpeg 225w, https:\/\/www.lohschule-datteln.de\/wp-content\/uploads\/2024\/11\/IMG_3514-1152x1536.jpeg 1152w, https:\/\/www.lohschule-datteln.de\/wp-content\/uploads\/2024\/11\/IMG_3514-1536x2048.jpeg 1536w, https:\/\/www.lohschule-datteln.de\/wp-content\/uploads\/2024\/11\/IMG_3514-scaled.jpeg 1920w\" sizes=\"auto, (max-width: 768px) 100vw, 768px\" \/><\/figure>\n\n\n\n<figure class=\"wp-block-image size-large\"><img loading=\"lazy\" decoding=\"async\" width=\"768\" height=\"1024\" data-id=\"14235\" src=\"https:\/\/www.lohschule-datteln.de\/wp-content\/uploads\/2024\/11\/IMG_3521-768x1024.jpeg\" alt=\"\" class=\"wp-image-14235\" srcset=\"https:\/\/www.lohschule-datteln.de\/wp-content\/uploads\/2024\/11\/IMG_3521-768x1024.jpeg 768w, https:\/\/www.lohschule-datteln.de\/wp-content\/uploads\/2024\/11\/IMG_3521-225x300.jpeg 225w, https:\/\/www.lohschule-datteln.de\/wp-content\/uploads\/2024\/11\/IMG_3521-1152x1536.jpeg 1152w, https:\/\/www.lohschule-datteln.de\/wp-content\/uploads\/2024\/11\/IMG_3521-1536x2048.jpeg 1536w, https:\/\/www.lohschule-datteln.de\/wp-content\/uploads\/2024\/11\/IMG_3521-scaled.jpeg 1920w\" sizes=\"auto, (max-width: 768px) 100vw, 768px\" \/><\/figure>\n\n\n\n<figure class=\"wp-block-image size-large\"><img loading=\"lazy\" decoding=\"async\" width=\"768\" height=\"1024\" data-id=\"14238\" src=\"https:\/\/www.lohschule-datteln.de\/wp-content\/uploads\/2024\/11\/IMG_3524-768x1024.jpeg\" alt=\"\" class=\"wp-image-14238\" srcset=\"https:\/\/www.lohschule-datteln.de\/wp-content\/uploads\/2024\/11\/IMG_3524-768x1024.jpeg 768w, https:\/\/www.lohschule-datteln.de\/wp-content\/uploads\/2024\/11\/IMG_3524-225x300.jpeg 225w, https:\/\/www.lohschule-datteln.de\/wp-content\/uploads\/2024\/11\/IMG_3524-1152x1536.jpeg 1152w, https:\/\/www.lohschule-datteln.de\/wp-content\/uploads\/2024\/11\/IMG_3524-1536x2048.jpeg 1536w, https:\/\/www.lohschule-datteln.de\/wp-content\/uploads\/2024\/11\/IMG_3524-scaled.jpeg 1920w\" sizes=\"auto, (max-width: 768px) 100vw, 768px\" \/><\/figure>\n\n\n\n<figure class=\"wp-block-image size-large\"><img loading=\"lazy\" decoding=\"async\" width=\"1024\" height=\"768\" data-id=\"14236\" src=\"https:\/\/www.lohschule-datteln.de\/wp-content\/uploads\/2024\/11\/IMG_3525-1024x768.jpeg\" alt=\"\" class=\"wp-image-14236\" srcset=\"https:\/\/www.lohschule-datteln.de\/wp-content\/uploads\/2024\/11\/IMG_3525-1024x768.jpeg 1024w, https:\/\/www.lohschule-datteln.de\/wp-content\/uploads\/2024\/11\/IMG_3525-300x225.jpeg 300w, https:\/\/www.lohschule-datteln.de\/wp-content\/uploads\/2024\/11\/IMG_3525-768x576.jpeg 768w, https:\/\/www.lohschule-datteln.de\/wp-content\/uploads\/2024\/11\/IMG_3525-1536x1152.jpeg 1536w, https:\/\/www.lohschule-datteln.de\/wp-content\/uploads\/2024\/11\/IMG_3525-2048x1536.jpeg 2048w\" sizes=\"auto, (max-width: 1024px) 100vw, 1024px\" \/><\/figure>\n\n\n\n<figure class=\"wp-block-image size-large\"><img loading=\"lazy\" decoding=\"async\" width=\"1024\" height=\"768\" data-id=\"14234\" src=\"https:\/\/www.lohschule-datteln.de\/wp-content\/uploads\/2024\/11\/IMG_3527-1024x768.jpeg\" alt=\"\" class=\"wp-image-14234\" srcset=\"https:\/\/www.lohschule-datteln.de\/wp-content\/uploads\/2024\/11\/IMG_3527-1024x768.jpeg 1024w, https:\/\/www.lohschule-datteln.de\/wp-content\/uploads\/2024\/11\/IMG_3527-300x225.jpeg 300w, https:\/\/www.lohschule-datteln.de\/wp-content\/uploads\/2024\/11\/IMG_3527-768x576.jpeg 768w, https:\/\/www.lohschule-datteln.de\/wp-content\/uploads\/2024\/11\/IMG_3527-1536x1152.jpeg 1536w, https:\/\/www.lohschule-datteln.de\/wp-content\/uploads\/2024\/11\/IMG_3527-2048x1536.jpeg 2048w\" sizes=\"auto, (max-width: 1024px) 100vw, 1024px\" \/><\/figure>\n\n\n\n<figure class=\"wp-block-image size-large\"><img loading=\"lazy\" decoding=\"async\" width=\"768\" height=\"1024\" data-id=\"14237\" src=\"https:\/\/www.lohschule-datteln.de\/wp-content\/uploads\/2024\/11\/IMG_3529-768x1024.jpeg\" alt=\"\" class=\"wp-image-14237\" srcset=\"https:\/\/www.lohschule-datteln.de\/wp-content\/uploads\/2024\/11\/IMG_3529-768x1024.jpeg 768w, https:\/\/www.lohschule-datteln.de\/wp-content\/uploads\/2024\/11\/IMG_3529-225x300.jpeg 225w, https:\/\/www.lohschule-datteln.de\/wp-content\/uploads\/2024\/11\/IMG_3529-1152x1536.jpeg 1152w, https:\/\/www.lohschule-datteln.de\/wp-content\/uploads\/2024\/11\/IMG_3529-1536x2048.jpeg 1536w, https:\/\/www.lohschule-datteln.de\/wp-content\/uploads\/2024\/11\/IMG_3529-scaled.jpeg 1920w\" sizes=\"auto, (max-width: 768px) 100vw, 768px\" \/><\/figure>\n\n\n\n<figure class=\"wp-block-image size-large\"><img loading=\"lazy\" decoding=\"async\" width=\"768\" height=\"1024\" data-id=\"14240\" src=\"https:\/\/www.lohschule-datteln.de\/wp-content\/uploads\/2024\/11\/IMG_3530-768x1024.jpeg\" alt=\"\" class=\"wp-image-14240\" srcset=\"https:\/\/www.lohschule-datteln.de\/wp-content\/uploads\/2024\/11\/IMG_3530-768x1024.jpeg 768w, https:\/\/www.lohschule-datteln.de\/wp-content\/uploads\/2024\/11\/IMG_3530-225x300.jpeg 225w, https:\/\/www.lohschule-datteln.de\/wp-content\/uploads\/2024\/11\/IMG_3530-1152x1536.jpeg 1152w, https:\/\/www.lohschule-datteln.de\/wp-content\/uploads\/2024\/11\/IMG_3530-1536x2048.jpeg 1536w, https:\/\/www.lohschule-datteln.de\/wp-content\/uploads\/2024\/11\/IMG_3530-scaled.jpeg 1920w\" sizes=\"auto, (max-width: 768px) 100vw, 768px\" \/><\/figure>\n\n\n\n<figure class=\"wp-block-image size-large\"><img loading=\"lazy\" decoding=\"async\" width=\"768\" height=\"1024\" data-id=\"14241\" src=\"https:\/\/www.lohschule-datteln.de\/wp-content\/uploads\/2024\/11\/IMG_3531-768x1024.jpeg\" alt=\"\" class=\"wp-image-14241\" srcset=\"https:\/\/www.lohschule-datteln.de\/wp-content\/uploads\/2024\/11\/IMG_3531-768x1024.jpeg 768w, https:\/\/www.lohschule-datteln.de\/wp-content\/uploads\/2024\/11\/IMG_3531-225x300.jpeg 225w, https:\/\/www.lohschule-datteln.de\/wp-content\/uploads\/2024\/11\/IMG_3531-1152x1536.jpeg 1152w, https:\/\/www.lohschule-datteln.de\/wp-content\/uploads\/2024\/11\/IMG_3531-1536x2048.jpeg 1536w, https:\/\/www.lohschule-datteln.de\/wp-content\/uploads\/2024\/11\/IMG_3531-scaled.jpeg 1920w\" sizes=\"auto, (max-width: 768px) 100vw, 768px\" \/><\/figure>\n\n\n\n<figure class=\"wp-block-image size-large\"><img loading=\"lazy\" decoding=\"async\" width=\"768\" height=\"1024\" data-id=\"14239\" src=\"https:\/\/www.lohschule-datteln.de\/wp-content\/uploads\/2024\/11\/IMG_3532-768x1024.jpeg\" alt=\"\" class=\"wp-image-14239\" srcset=\"https:\/\/www.lohschule-datteln.de\/wp-content\/uploads\/2024\/11\/IMG_3532-768x1024.jpeg 768w, https:\/\/www.lohschule-datteln.de\/wp-content\/uploads\/2024\/11\/IMG_3532-225x300.jpeg 225w, https:\/\/www.lohschule-datteln.de\/wp-content\/uploads\/2024\/11\/IMG_3532-1152x1536.jpeg 1152w, https:\/\/www.lohschule-datteln.de\/wp-content\/uploads\/2024\/11\/IMG_3532-1536x2048.jpeg 1536w, https:\/\/www.lohschule-datteln.de\/wp-content\/uploads\/2024\/11\/IMG_3532-scaled.jpeg 1920w\" sizes=\"auto, (max-width: 768px) 100vw, 768px\" \/><\/figure>\n\n\n\n<figure class=\"wp-block-image size-large\"><img loading=\"lazy\" decoding=\"async\" width=\"768\" height=\"1024\" data-id=\"14242\" src=\"https:\/\/www.lohschule-datteln.de\/wp-content\/uploads\/2024\/11\/IMG_3536-768x1024.jpeg\" alt=\"\" class=\"wp-image-14242\" srcset=\"https:\/\/www.lohschule-datteln.de\/wp-content\/uploads\/2024\/11\/IMG_3536-768x1024.jpeg 768w, https:\/\/www.lohschule-datteln.de\/wp-content\/uploads\/2024\/11\/IMG_3536-225x300.jpeg 225w, https:\/\/www.lohschule-datteln.de\/wp-content\/uploads\/2024\/11\/IMG_3536-1152x1536.jpeg 1152w, https:\/\/www.lohschule-datteln.de\/wp-content\/uploads\/2024\/11\/IMG_3536-1536x2048.jpeg 1536w, https:\/\/www.lohschule-datteln.de\/wp-content\/uploads\/2024\/11\/IMG_3536-scaled.jpeg 1920w\" sizes=\"auto, (max-width: 768px) 100vw, 768px\" \/><\/figure>\n\n\n\n<figure class=\"wp-block-image size-large\"><img loading=\"lazy\" decoding=\"async\" width=\"768\" height=\"1024\" data-id=\"14244\" src=\"https:\/\/www.lohschule-datteln.de\/wp-content\/uploads\/2024\/11\/IMG_3537-768x1024.jpeg\" alt=\"\" class=\"wp-image-14244\" srcset=\"https:\/\/www.lohschule-datteln.de\/wp-content\/uploads\/2024\/11\/IMG_3537-768x1024.jpeg 768w, https:\/\/www.lohschule-datteln.de\/wp-content\/uploads\/2024\/11\/IMG_3537-225x300.jpeg 225w, https:\/\/www.lohschule-datteln.de\/wp-content\/uploads\/2024\/11\/IMG_3537-1152x1536.jpeg 1152w, https:\/\/www.lohschule-datteln.de\/wp-content\/uploads\/2024\/11\/IMG_3537-1536x2048.jpeg 1536w, https:\/\/www.lohschule-datteln.de\/wp-content\/uploads\/2024\/11\/IMG_3537-scaled.jpeg 1920w\" sizes=\"auto, (max-width: 768px) 100vw, 768px\" \/><\/figure>\n\n\n\n<figure class=\"wp-block-image size-large\"><img loading=\"lazy\" decoding=\"async\" width=\"768\" height=\"1024\" data-id=\"14243\" src=\"https:\/\/www.lohschule-datteln.de\/wp-content\/uploads\/2024\/11\/IMG_3538-768x1024.jpeg\" alt=\"\" class=\"wp-image-14243\" srcset=\"https:\/\/www.lohschule-datteln.de\/wp-content\/uploads\/2024\/11\/IMG_3538-768x1024.jpeg 768w, https:\/\/www.lohschule-datteln.de\/wp-content\/uploads\/2024\/11\/IMG_3538-225x300.jpeg 225w, https:\/\/www.lohschule-datteln.de\/wp-content\/uploads\/2024\/11\/IMG_3538-1152x1536.jpeg 1152w, https:\/\/www.lohschule-datteln.de\/wp-content\/uploads\/2024\/11\/IMG_3538-1536x2048.jpeg 1536w, https:\/\/www.lohschule-datteln.de\/wp-content\/uploads\/2024\/11\/IMG_3538-scaled.jpeg 1920w\" sizes=\"auto, (max-width: 768px) 100vw, 768px\" \/><\/figure>\n\n\n\n<figure class=\"wp-block-image size-large\"><img loading=\"lazy\" decoding=\"async\" width=\"1024\" height=\"768\" data-id=\"14245\" src=\"https:\/\/www.lohschule-datteln.de\/wp-content\/uploads\/2024\/11\/IMG_3539-1024x768.jpeg\" alt=\"\" class=\"wp-image-14245\" srcset=\"https:\/\/www.lohschule-datteln.de\/wp-content\/uploads\/2024\/11\/IMG_3539-1024x768.jpeg 1024w, https:\/\/www.lohschule-datteln.de\/wp-content\/uploads\/2024\/11\/IMG_3539-300x225.jpeg 300w, https:\/\/www.lohschule-datteln.de\/wp-content\/uploads\/2024\/11\/IMG_3539-768x576.jpeg 768w, https:\/\/www.lohschule-datteln.de\/wp-content\/uploads\/2024\/11\/IMG_3539-1536x1152.jpeg 1536w, https:\/\/www.lohschule-datteln.de\/wp-content\/uploads\/2024\/11\/IMG_3539-2048x1536.jpeg 2048w\" sizes=\"auto, (max-width: 1024px) 100vw, 1024px\" \/><\/figure>\n<\/figure>\n","protected":false},"excerpt":{"rendered":"<p>Ausflug ins Biologische Zentrum L\u00fcdinghausen Am Donnerstag (31.10.24) haben alle Fische, Waschb\u00e4ren und Raben gemeinsam einen Ausflug nach L\u00fcdinghausen gemacht. Wir sind mit fast 90 Kindern mit der Linie S91 in unserem eigenen Einsatzbus gefahren und wurden direkt vor das Tor des Biologischen Zentrums gebracht. Unsere F\u00fchrerinnen hie\u00dfen uns dort willkommen und begleiteten uns zu [&hellip;]<\/p>\n","protected":false},"author":3,"featured_media":0,"parent":0,"menu_order":0,"comment_status":"closed","ping_status":"closed","template":"","meta":{"footnotes":""},"class_list":["post-14227","page","type-page","status-publish","hentry"],"yoast_head":"<!-- This site is optimized with the Yoast SEO plugin v27.4 - https:\/\/yoast.com\/product\/yoast-seo-wordpress\/ -->\n<title>2. Jahrgang 2024\/25 - Lohschule Datteln<\/title>\n<meta name=\"robots\" content=\"index, follow, max-snippet:-1, max-image-preview:large, max-video-preview:-1\" \/>\n<link rel=\"canonical\" href=\"https:\/\/www.lohschule-datteln.de\/index.php\/2-jahrgang-2024-25\/\" \/>\n<meta property=\"og:locale\" content=\"de_DE\" \/>\n<meta property=\"og:type\" content=\"article\" \/>\n<meta property=\"og:title\" content=\"2. Jahrgang 2024\/25 - Lohschule Datteln\" \/>\n<meta property=\"og:description\" content=\"Ausflug ins Biologische Zentrum L\u00fcdinghausen Am Donnerstag (31.10.24) haben alle Fische, Waschb\u00e4ren und Raben gemeinsam einen Ausflug nach L\u00fcdinghausen gemacht. Wir sind mit fast 90 Kindern mit der Linie S91 in unserem eigenen Einsatzbus gefahren und wurden direkt vor das Tor des Biologischen Zentrums gebracht. Unsere F\u00fchrerinnen hie\u00dfen uns dort willkommen und begleiteten uns zu [&hellip;]\" \/>\n<meta property=\"og:url\" content=\"https:\/\/www.lohschule-datteln.de\/index.php\/2-jahrgang-2024-25\/\" \/>\n<meta property=\"og:site_name\" content=\"Lohschule Datteln\" \/>\n<meta property=\"article:modified_time\" content=\"2025-04-09T13:15:09+00:00\" \/>\n<meta property=\"og:image\" content=\"https:\/\/www.lohschule-datteln.de\/wp-content\/uploads\/2024\/11\/IMG_3514-scaled.jpeg\" \/>\n\t<meta property=\"og:image:width\" content=\"1920\" \/>\n\t<meta property=\"og:image:height\" content=\"2560\" \/>\n\t<meta property=\"og:image:type\" content=\"image\/jpeg\" \/>\n<meta name=\"twitter:card\" content=\"summary_large_image\" \/>\n<meta name=\"twitter:label1\" content=\"Gesch\u00e4tzte Lesezeit\" \/>\n\t<meta name=\"twitter:data1\" content=\"5\u00a0Minuten\" \/>\n<script type=\"application\/ld+json\" class=\"yoast-schema-graph\">{\"@context\":\"https:\\\/\\\/schema.org\",\"@graph\":[{\"@type\":\"WebPage\",\"@id\":\"https:\\\/\\\/www.lohschule-datteln.de\\\/index.php\\\/2-jahrgang-2024-25\\\/\",\"url\":\"https:\\\/\\\/www.lohschule-datteln.de\\\/index.php\\\/2-jahrgang-2024-25\\\/\",\"name\":\"2. Jahrgang 2024\\\/25 - Lohschule Datteln\",\"isPartOf\":{\"@id\":\"https:\\\/\\\/www.lohschule-datteln.de\\\/#website\"},\"primaryImageOfPage\":{\"@id\":\"https:\\\/\\\/www.lohschule-datteln.de\\\/index.php\\\/2-jahrgang-2024-25\\\/#primaryimage\"},\"image\":{\"@id\":\"https:\\\/\\\/www.lohschule-datteln.de\\\/index.php\\\/2-jahrgang-2024-25\\\/#primaryimage\"},\"thumbnailUrl\":\"https:\\\/\\\/www.lohschule-datteln.de\\\/wp-content\\\/uploads\\\/2024\\\/11\\\/IMG_3514-768x1024.jpeg\",\"datePublished\":\"2024-11-04T16:18:03+00:00\",\"dateModified\":\"2025-04-09T13:15:09+00:00\",\"breadcrumb\":{\"@id\":\"https:\\\/\\\/www.lohschule-datteln.de\\\/index.php\\\/2-jahrgang-2024-25\\\/#breadcrumb\"},\"inLanguage\":\"de\",\"potentialAction\":[{\"@type\":\"ReadAction\",\"target\":[\"https:\\\/\\\/www.lohschule-datteln.de\\\/index.php\\\/2-jahrgang-2024-25\\\/\"]}]},{\"@type\":\"ImageObject\",\"inLanguage\":\"de\",\"@id\":\"https:\\\/\\\/www.lohschule-datteln.de\\\/index.php\\\/2-jahrgang-2024-25\\\/#primaryimage\",\"url\":\"https:\\\/\\\/www.lohschule-datteln.de\\\/wp-content\\\/uploads\\\/2024\\\/11\\\/IMG_3514-scaled.jpeg\",\"contentUrl\":\"https:\\\/\\\/www.lohschule-datteln.de\\\/wp-content\\\/uploads\\\/2024\\\/11\\\/IMG_3514-scaled.jpeg\",\"width\":1920,\"height\":2560},{\"@type\":\"BreadcrumbList\",\"@id\":\"https:\\\/\\\/www.lohschule-datteln.de\\\/index.php\\\/2-jahrgang-2024-25\\\/#breadcrumb\",\"itemListElement\":[{\"@type\":\"ListItem\",\"position\":1,\"name\":\"Startseite\",\"item\":\"https:\\\/\\\/www.lohschule-datteln.de\\\/\"},{\"@type\":\"ListItem\",\"position\":2,\"name\":\"2. Jahrgang 2024\\\/25\"}]},{\"@type\":\"WebSite\",\"@id\":\"https:\\\/\\\/www.lohschule-datteln.de\\\/#website\",\"url\":\"https:\\\/\\\/www.lohschule-datteln.de\\\/\",\"name\":\"Lohschule Datteln\",\"description\":\"kath. Grundschule\",\"publisher\":{\"@id\":\"https:\\\/\\\/www.lohschule-datteln.de\\\/#organization\"},\"potentialAction\":[{\"@type\":\"SearchAction\",\"target\":{\"@type\":\"EntryPoint\",\"urlTemplate\":\"https:\\\/\\\/www.lohschule-datteln.de\\\/?s={search_term_string}\"},\"query-input\":{\"@type\":\"PropertyValueSpecification\",\"valueRequired\":true,\"valueName\":\"search_term_string\"}}],\"inLanguage\":\"de\"},{\"@type\":\"Organization\",\"@id\":\"https:\\\/\\\/www.lohschule-datteln.de\\\/#organization\",\"name\":\"Lohschule -katholische Grundschule Datteln\",\"url\":\"https:\\\/\\\/www.lohschule-datteln.de\\\/\",\"logo\":{\"@type\":\"ImageObject\",\"inLanguage\":\"de\",\"@id\":\"https:\\\/\\\/www.lohschule-datteln.de\\\/#\\\/schema\\\/logo\\\/image\\\/\",\"url\":\"http:\\\/\\\/www.lohschule-datteln.de\\\/wp-content\\\/uploads\\\/2016\\\/02\\\/Loh-neu-2016.jpg\",\"contentUrl\":\"http:\\\/\\\/www.lohschule-datteln.de\\\/wp-content\\\/uploads\\\/2016\\\/02\\\/Loh-neu-2016.jpg\",\"width\":448,\"height\":252,\"caption\":\"Lohschule -katholische Grundschule Datteln\"},\"image\":{\"@id\":\"https:\\\/\\\/www.lohschule-datteln.de\\\/#\\\/schema\\\/logo\\\/image\\\/\"}}]}<\/script>\n<!-- \/ Yoast SEO plugin. -->","yoast_head_json":{"title":"2. Jahrgang 2024\/25 - Lohschule Datteln","robots":{"index":"index","follow":"follow","max-snippet":"max-snippet:-1","max-image-preview":"max-image-preview:large","max-video-preview":"max-video-preview:-1"},"canonical":"https:\/\/www.lohschule-datteln.de\/index.php\/2-jahrgang-2024-25\/","og_locale":"de_DE","og_type":"article","og_title":"2. Jahrgang 2024\/25 - Lohschule Datteln","og_description":"Ausflug ins Biologische Zentrum L\u00fcdinghausen Am Donnerstag (31.10.24) haben alle Fische, Waschb\u00e4ren und Raben gemeinsam einen Ausflug nach L\u00fcdinghausen gemacht. Wir sind mit fast 90 Kindern mit der Linie S91 in unserem eigenen Einsatzbus gefahren und wurden direkt vor das Tor des Biologischen Zentrums gebracht. Unsere F\u00fchrerinnen hie\u00dfen uns dort willkommen und begleiteten uns zu [&hellip;]","og_url":"https:\/\/www.lohschule-datteln.de\/index.php\/2-jahrgang-2024-25\/","og_site_name":"Lohschule Datteln","article_modified_time":"2025-04-09T13:15:09+00:00","og_image":[{"width":1920,"height":2560,"url":"https:\/\/www.lohschule-datteln.de\/wp-content\/uploads\/2024\/11\/IMG_3514-scaled.jpeg","type":"image\/jpeg"}],"twitter_card":"summary_large_image","twitter_misc":{"Gesch\u00e4tzte Lesezeit":"5\u00a0Minuten"},"schema":{"@context":"https:\/\/schema.org","@graph":[{"@type":"WebPage","@id":"https:\/\/www.lohschule-datteln.de\/index.php\/2-jahrgang-2024-25\/","url":"https:\/\/www.lohschule-datteln.de\/index.php\/2-jahrgang-2024-25\/","name":"2. Jahrgang 2024\/25 - Lohschule Datteln","isPartOf":{"@id":"https:\/\/www.lohschule-datteln.de\/#website"},"primaryImageOfPage":{"@id":"https:\/\/www.lohschule-datteln.de\/index.php\/2-jahrgang-2024-25\/#primaryimage"},"image":{"@id":"https:\/\/www.lohschule-datteln.de\/index.php\/2-jahrgang-2024-25\/#primaryimage"},"thumbnailUrl":"https:\/\/www.lohschule-datteln.de\/wp-content\/uploads\/2024\/11\/IMG_3514-768x1024.jpeg","datePublished":"2024-11-04T16:18:03+00:00","dateModified":"2025-04-09T13:15:09+00:00","breadcrumb":{"@id":"https:\/\/www.lohschule-datteln.de\/index.php\/2-jahrgang-2024-25\/#breadcrumb"},"inLanguage":"de","potentialAction":[{"@type":"ReadAction","target":["https:\/\/www.lohschule-datteln.de\/index.php\/2-jahrgang-2024-25\/"]}]},{"@type":"ImageObject","inLanguage":"de","@id":"https:\/\/www.lohschule-datteln.de\/index.php\/2-jahrgang-2024-25\/#primaryimage","url":"https:\/\/www.lohschule-datteln.de\/wp-content\/uploads\/2024\/11\/IMG_3514-scaled.jpeg","contentUrl":"https:\/\/www.lohschule-datteln.de\/wp-content\/uploads\/2024\/11\/IMG_3514-scaled.jpeg","width":1920,"height":2560},{"@type":"BreadcrumbList","@id":"https:\/\/www.lohschule-datteln.de\/index.php\/2-jahrgang-2024-25\/#breadcrumb","itemListElement":[{"@type":"ListItem","position":1,"name":"Startseite","item":"https:\/\/www.lohschule-datteln.de\/"},{"@type":"ListItem","position":2,"name":"2. Jahrgang 2024\/25"}]},{"@type":"WebSite","@id":"https:\/\/www.lohschule-datteln.de\/#website","url":"https:\/\/www.lohschule-datteln.de\/","name":"Lohschule Datteln","description":"kath. Grundschule","publisher":{"@id":"https:\/\/www.lohschule-datteln.de\/#organization"},"potentialAction":[{"@type":"SearchAction","target":{"@type":"EntryPoint","urlTemplate":"https:\/\/www.lohschule-datteln.de\/?s={search_term_string}"},"query-input":{"@type":"PropertyValueSpecification","valueRequired":true,"valueName":"search_term_string"}}],"inLanguage":"de"},{"@type":"Organization","@id":"https:\/\/www.lohschule-datteln.de\/#organization","name":"Lohschule -katholische Grundschule Datteln","url":"https:\/\/www.lohschule-datteln.de\/","logo":{"@type":"ImageObject","inLanguage":"de","@id":"https:\/\/www.lohschule-datteln.de\/#\/schema\/logo\/image\/","url":"http:\/\/www.lohschule-datteln.de\/wp-content\/uploads\/2016\/02\/Loh-neu-2016.jpg","contentUrl":"http:\/\/www.lohschule-datteln.de\/wp-content\/uploads\/2016\/02\/Loh-neu-2016.jpg","width":448,"height":252,"caption":"Lohschule -katholische Grundschule Datteln"},"image":{"@id":"https:\/\/www.lohschule-datteln.de\/#\/schema\/logo\/image\/"}}]}},"_links":{"self":[{"href":"https:\/\/www.lohschule-datteln.de\/index.php\/wp-json\/wp\/v2\/pages\/14227","targetHints":{"allow":["GET"]}}],"collection":[{"href":"https:\/\/www.lohschule-datteln.de\/index.php\/wp-json\/wp\/v2\/pages"}],"about":[{"href":"https:\/\/www.lohschule-datteln.de\/index.php\/wp-json\/wp\/v2\/types\/page"}],"author":[{"embeddable":true,"href":"https:\/\/www.lohschule-datteln.de\/index.php\/wp-json\/wp\/v2\/users\/3"}],"replies":[{"embeddable":true,"href":"https:\/\/www.lohschule-datteln.de\/index.php\/wp-json\/wp\/v2\/comments?post=14227"}],"version-history":[{"count":8,"href":"https:\/\/www.lohschule-datteln.de\/index.php\/wp-json\/wp\/v2\/pages\/14227\/revisions"}],"predecessor-version":[{"id":14591,"href":"https:\/\/www.lohschule-datteln.de\/index.php\/wp-json\/wp\/v2\/pages\/14227\/revisions\/14591"}],"wp:attachment":[{"href":"https:\/\/www.lohschule-datteln.de\/index.php\/wp-json\/wp\/v2\/media?parent=14227"}],"curies":[{"name":"wp","href":"https:\/\/api.w.org\/{rel}","templated":true}]}}