{"id":14276,"date":"2024-11-15T14:35:12","date_gmt":"2024-11-15T13:35:12","guid":{"rendered":"https:\/\/www.lohschule-datteln.de\/?page_id=14276"},"modified":"2024-11-26T15:24:00","modified_gmt":"2024-11-26T14:24:00","slug":"vorlesetag-2024","status":"publish","type":"page","link":"https:\/\/www.lohschule-datteln.de\/index.php\/vorlesetag-2024\/","title":{"rendered":"Vorlesetag 2024"},"content":{"rendered":"\n<p>In der ganzen Schule wurde an diesem Freitag von 8.30 &#8211; 9.30 Uhr vorgelesen. Dank unserer tollen externen &#8222;Vorlesepaten&#8220; konnten viele verschiedene B\u00fccher angeboten werden, aus denen die Kinder w\u00e4hlen durften. Hier ein paar Fotoeindr\u00fccke von unserem tollen Vorlesetag.<\/p>\n\n\n\n<figure class=\"wp-block-gallery has-nested-images columns-default is-cropped wp-block-gallery-1 is-layout-flex wp-block-gallery-is-layout-flex\">\n<figure class=\"wp-block-image size-large\"><img loading=\"lazy\" decoding=\"async\" width=\"1024\" height=\"576\" data-id=\"14277\" src=\"https:\/\/www.lohschule-datteln.de\/wp-content\/uploads\/2024\/11\/51513aa1-3754-4f15-9a47-7bf61be1dda7-1024x576.jpeg\" alt=\"\" class=\"wp-image-14277\" srcset=\"https:\/\/www.lohschule-datteln.de\/wp-content\/uploads\/2024\/11\/51513aa1-3754-4f15-9a47-7bf61be1dda7-1024x576.jpeg 1024w, https:\/\/www.lohschule-datteln.de\/wp-content\/uploads\/2024\/11\/51513aa1-3754-4f15-9a47-7bf61be1dda7-300x169.jpeg 300w, https:\/\/www.lohschule-datteln.de\/wp-content\/uploads\/2024\/11\/51513aa1-3754-4f15-9a47-7bf61be1dda7-768x432.jpeg 768w, https:\/\/www.lohschule-datteln.de\/wp-content\/uploads\/2024\/11\/51513aa1-3754-4f15-9a47-7bf61be1dda7-1536x864.jpeg 1536w, https:\/\/www.lohschule-datteln.de\/wp-content\/uploads\/2024\/11\/51513aa1-3754-4f15-9a47-7bf61be1dda7.jpeg 2016w\" sizes=\"auto, (max-width: 1024px) 100vw, 1024px\" \/><\/figure>\n\n\n<div class=\"wp-block-image\">\n<figure class=\"aligncenter size-large\"><img loading=\"lazy\" decoding=\"async\" width=\"1024\" height=\"482\" data-id=\"14286\" src=\"https:\/\/www.lohschule-datteln.de\/wp-content\/uploads\/2024\/11\/IMG_3651-1024x482.jpeg\" alt=\"\" class=\"wp-image-14286\" srcset=\"https:\/\/www.lohschule-datteln.de\/wp-content\/uploads\/2024\/11\/IMG_3651-1024x482.jpeg 1024w, https:\/\/www.lohschule-datteln.de\/wp-content\/uploads\/2024\/11\/IMG_3651-300x141.jpeg 300w, https:\/\/www.lohschule-datteln.de\/wp-content\/uploads\/2024\/11\/IMG_3651-768x362.jpeg 768w, https:\/\/www.lohschule-datteln.de\/wp-content\/uploads\/2024\/11\/IMG_3651-1536x724.jpeg 1536w, https:\/\/www.lohschule-datteln.de\/wp-content\/uploads\/2024\/11\/IMG_3651-2048x965.jpeg 2048w\" sizes=\"auto, (max-width: 1024px) 100vw, 1024px\" \/><\/figure>\n<\/div>\n\n<div class=\"wp-block-image\">\n<figure class=\"aligncenter size-large\"><img loading=\"lazy\" decoding=\"async\" width=\"1024\" height=\"768\" data-id=\"14281\" src=\"https:\/\/www.lohschule-datteln.de\/wp-content\/uploads\/2024\/11\/IMG_3644-1024x768.jpeg\" alt=\"\" class=\"wp-image-14281\" srcset=\"https:\/\/www.lohschule-datteln.de\/wp-content\/uploads\/2024\/11\/IMG_3644-1024x768.jpeg 1024w, https:\/\/www.lohschule-datteln.de\/wp-content\/uploads\/2024\/11\/IMG_3644-300x225.jpeg 300w, https:\/\/www.lohschule-datteln.de\/wp-content\/uploads\/2024\/11\/IMG_3644-768x576.jpeg 768w, https:\/\/www.lohschule-datteln.de\/wp-content\/uploads\/2024\/11\/IMG_3644-1536x1152.jpeg 1536w, https:\/\/www.lohschule-datteln.de\/wp-content\/uploads\/2024\/11\/IMG_3644-2048x1536.jpeg 2048w\" sizes=\"auto, (max-width: 1024px) 100vw, 1024px\" \/><\/figure>\n<\/div>\n\n\n<figure class=\"wp-block-image size-large\"><img loading=\"lazy\" decoding=\"async\" width=\"1024\" height=\"576\" data-id=\"14279\" src=\"https:\/\/www.lohschule-datteln.de\/wp-content\/uploads\/2024\/11\/ad0ef5a2-1194-4069-802a-63f1421b4c6d-1024x576.jpeg\" alt=\"\" class=\"wp-image-14279\" srcset=\"https:\/\/www.lohschule-datteln.de\/wp-content\/uploads\/2024\/11\/ad0ef5a2-1194-4069-802a-63f1421b4c6d-1024x576.jpeg 1024w, https:\/\/www.lohschule-datteln.de\/wp-content\/uploads\/2024\/11\/ad0ef5a2-1194-4069-802a-63f1421b4c6d-300x169.jpeg 300w, https:\/\/www.lohschule-datteln.de\/wp-content\/uploads\/2024\/11\/ad0ef5a2-1194-4069-802a-63f1421b4c6d-768x432.jpeg 768w, https:\/\/www.lohschule-datteln.de\/wp-content\/uploads\/2024\/11\/ad0ef5a2-1194-4069-802a-63f1421b4c6d-1536x864.jpeg 1536w, https:\/\/www.lohschule-datteln.de\/wp-content\/uploads\/2024\/11\/ad0ef5a2-1194-4069-802a-63f1421b4c6d.jpeg 2016w\" sizes=\"auto, (max-width: 1024px) 100vw, 1024px\" \/><\/figure>\n\n\n\n<figure class=\"wp-block-image size-large\"><img loading=\"lazy\" decoding=\"async\" width=\"576\" height=\"1024\" data-id=\"14278\" src=\"https:\/\/www.lohschule-datteln.de\/wp-content\/uploads\/2024\/11\/9ccd08ab-8512-47f3-a13a-b80dda347c9f-576x1024.jpeg\" alt=\"\" class=\"wp-image-14278\" srcset=\"https:\/\/www.lohschule-datteln.de\/wp-content\/uploads\/2024\/11\/9ccd08ab-8512-47f3-a13a-b80dda347c9f-576x1024.jpeg 576w, https:\/\/www.lohschule-datteln.de\/wp-content\/uploads\/2024\/11\/9ccd08ab-8512-47f3-a13a-b80dda347c9f-169x300.jpeg 169w, https:\/\/www.lohschule-datteln.de\/wp-content\/uploads\/2024\/11\/9ccd08ab-8512-47f3-a13a-b80dda347c9f-768x1365.jpeg 768w, https:\/\/www.lohschule-datteln.de\/wp-content\/uploads\/2024\/11\/9ccd08ab-8512-47f3-a13a-b80dda347c9f-864x1536.jpeg 864w, https:\/\/www.lohschule-datteln.de\/wp-content\/uploads\/2024\/11\/9ccd08ab-8512-47f3-a13a-b80dda347c9f.jpeg 1134w\" sizes=\"auto, (max-width: 576px) 100vw, 576px\" \/><\/figure>\n\n\n<div class=\"wp-block-image\">\n<figure class=\"aligncenter size-large\"><img loading=\"lazy\" decoding=\"async\" width=\"1024\" height=\"576\" data-id=\"14280\" src=\"https:\/\/www.lohschule-datteln.de\/wp-content\/uploads\/2024\/11\/0aa33497-ccd2-4cab-8727-6b16428b272d-1024x576.jpeg\" alt=\"\" class=\"wp-image-14280\" srcset=\"https:\/\/www.lohschule-datteln.de\/wp-content\/uploads\/2024\/11\/0aa33497-ccd2-4cab-8727-6b16428b272d-1024x576.jpeg 1024w, https:\/\/www.lohschule-datteln.de\/wp-content\/uploads\/2024\/11\/0aa33497-ccd2-4cab-8727-6b16428b272d-300x169.jpeg 300w, https:\/\/www.lohschule-datteln.de\/wp-content\/uploads\/2024\/11\/0aa33497-ccd2-4cab-8727-6b16428b272d-768x432.jpeg 768w, https:\/\/www.lohschule-datteln.de\/wp-content\/uploads\/2024\/11\/0aa33497-ccd2-4cab-8727-6b16428b272d-1536x864.jpeg 1536w, https:\/\/www.lohschule-datteln.de\/wp-content\/uploads\/2024\/11\/0aa33497-ccd2-4cab-8727-6b16428b272d.jpeg 2016w\" sizes=\"auto, (max-width: 1024px) 100vw, 1024px\" \/><\/figure>\n<\/div>\n\n\n<figure class=\"wp-block-image size-large\"><img loading=\"lazy\" decoding=\"async\" width=\"1024\" height=\"768\" data-id=\"14282\" src=\"https:\/\/www.lohschule-datteln.de\/wp-content\/uploads\/2024\/11\/IMG_3642-1024x768.jpeg\" alt=\"\" class=\"wp-image-14282\" srcset=\"https:\/\/www.lohschule-datteln.de\/wp-content\/uploads\/2024\/11\/IMG_3642-1024x768.jpeg 1024w, https:\/\/www.lohschule-datteln.de\/wp-content\/uploads\/2024\/11\/IMG_3642-300x225.jpeg 300w, https:\/\/www.lohschule-datteln.de\/wp-content\/uploads\/2024\/11\/IMG_3642-768x576.jpeg 768w, https:\/\/www.lohschule-datteln.de\/wp-content\/uploads\/2024\/11\/IMG_3642-1536x1152.jpeg 1536w, https:\/\/www.lohschule-datteln.de\/wp-content\/uploads\/2024\/11\/IMG_3642-2048x1536.jpeg 2048w\" sizes=\"auto, (max-width: 1024px) 100vw, 1024px\" \/><\/figure>\n<\/figure>\n\n\n\n<p><\/p>\n","protected":false},"excerpt":{"rendered":"<p>In der ganzen Schule wurde an diesem Freitag von 8.30 &#8211; 9.30 Uhr vorgelesen. Dank unserer tollen externen &#8222;Vorlesepaten&#8220; konnten viele verschiedene B\u00fccher angeboten werden, aus denen die Kinder w\u00e4hlen durften. Hier ein paar Fotoeindr\u00fccke von unserem tollen Vorlesetag.<\/p>\n","protected":false},"author":3,"featured_media":0,"parent":0,"menu_order":0,"comment_status":"closed","ping_status":"closed","template":"","meta":{"footnotes":""},"class_list":["post-14276","page","type-page","status-publish","hentry"],"yoast_head":"<!-- This site is optimized with the Yoast SEO plugin v27.4 - https:\/\/yoast.com\/product\/yoast-seo-wordpress\/ -->\n<title>Vorlesetag 2024 - Lohschule Datteln<\/title>\n<meta name=\"robots\" content=\"index, follow, max-snippet:-1, max-image-preview:large, max-video-preview:-1\" \/>\n<link rel=\"canonical\" href=\"https:\/\/www.lohschule-datteln.de\/index.php\/vorlesetag-2024\/\" \/>\n<meta property=\"og:locale\" content=\"de_DE\" \/>\n<meta property=\"og:type\" content=\"article\" \/>\n<meta property=\"og:title\" content=\"Vorlesetag 2024 - Lohschule Datteln\" \/>\n<meta property=\"og:description\" content=\"In der ganzen Schule wurde an diesem Freitag von 8.30 &#8211; 9.30 Uhr vorgelesen. Dank unserer tollen externen &#8222;Vorlesepaten&#8220; konnten viele verschiedene B\u00fccher angeboten werden, aus denen die Kinder w\u00e4hlen durften. Hier ein paar Fotoeindr\u00fccke von unserem tollen Vorlesetag.\" \/>\n<meta property=\"og:url\" content=\"https:\/\/www.lohschule-datteln.de\/index.php\/vorlesetag-2024\/\" \/>\n<meta property=\"og:site_name\" content=\"Lohschule Datteln\" \/>\n<meta property=\"article:modified_time\" content=\"2024-11-26T14:24:00+00:00\" \/>\n<meta property=\"og:image\" content=\"https:\/\/www.lohschule-datteln.de\/wp-content\/uploads\/2024\/11\/51513aa1-3754-4f15-9a47-7bf61be1dda7.jpeg\" \/>\n\t<meta property=\"og:image:width\" content=\"2016\" \/>\n\t<meta property=\"og:image:height\" content=\"1134\" \/>\n\t<meta property=\"og:image:type\" content=\"image\/jpeg\" \/>\n<meta name=\"twitter:card\" content=\"summary_large_image\" \/>\n<meta name=\"twitter:label1\" content=\"Gesch\u00e4tzte Lesezeit\" \/>\n\t<meta name=\"twitter:data1\" content=\"2\u00a0Minuten\" \/>\n<script type=\"application\/ld+json\" class=\"yoast-schema-graph\">{\"@context\":\"https:\\\/\\\/schema.org\",\"@graph\":[{\"@type\":\"WebPage\",\"@id\":\"https:\\\/\\\/www.lohschule-datteln.de\\\/index.php\\\/vorlesetag-2024\\\/\",\"url\":\"https:\\\/\\\/www.lohschule-datteln.de\\\/index.php\\\/vorlesetag-2024\\\/\",\"name\":\"Vorlesetag 2024 - Lohschule Datteln\",\"isPartOf\":{\"@id\":\"https:\\\/\\\/www.lohschule-datteln.de\\\/#website\"},\"primaryImageOfPage\":{\"@id\":\"https:\\\/\\\/www.lohschule-datteln.de\\\/index.php\\\/vorlesetag-2024\\\/#primaryimage\"},\"image\":{\"@id\":\"https:\\\/\\\/www.lohschule-datteln.de\\\/index.php\\\/vorlesetag-2024\\\/#primaryimage\"},\"thumbnailUrl\":\"https:\\\/\\\/www.lohschule-datteln.de\\\/wp-content\\\/uploads\\\/2024\\\/11\\\/51513aa1-3754-4f15-9a47-7bf61be1dda7-1024x576.jpeg\",\"datePublished\":\"2024-11-15T13:35:12+00:00\",\"dateModified\":\"2024-11-26T14:24:00+00:00\",\"breadcrumb\":{\"@id\":\"https:\\\/\\\/www.lohschule-datteln.de\\\/index.php\\\/vorlesetag-2024\\\/#breadcrumb\"},\"inLanguage\":\"de\",\"potentialAction\":[{\"@type\":\"ReadAction\",\"target\":[\"https:\\\/\\\/www.lohschule-datteln.de\\\/index.php\\\/vorlesetag-2024\\\/\"]}]},{\"@type\":\"ImageObject\",\"inLanguage\":\"de\",\"@id\":\"https:\\\/\\\/www.lohschule-datteln.de\\\/index.php\\\/vorlesetag-2024\\\/#primaryimage\",\"url\":\"https:\\\/\\\/www.lohschule-datteln.de\\\/wp-content\\\/uploads\\\/2024\\\/11\\\/51513aa1-3754-4f15-9a47-7bf61be1dda7.jpeg\",\"contentUrl\":\"https:\\\/\\\/www.lohschule-datteln.de\\\/wp-content\\\/uploads\\\/2024\\\/11\\\/51513aa1-3754-4f15-9a47-7bf61be1dda7.jpeg\",\"width\":2016,\"height\":1134},{\"@type\":\"BreadcrumbList\",\"@id\":\"https:\\\/\\\/www.lohschule-datteln.de\\\/index.php\\\/vorlesetag-2024\\\/#breadcrumb\",\"itemListElement\":[{\"@type\":\"ListItem\",\"position\":1,\"name\":\"Startseite\",\"item\":\"https:\\\/\\\/www.lohschule-datteln.de\\\/\"},{\"@type\":\"ListItem\",\"position\":2,\"name\":\"Vorlesetag 2024\"}]},{\"@type\":\"WebSite\",\"@id\":\"https:\\\/\\\/www.lohschule-datteln.de\\\/#website\",\"url\":\"https:\\\/\\\/www.lohschule-datteln.de\\\/\",\"name\":\"Lohschule Datteln\",\"description\":\"kath. Grundschule\",\"publisher\":{\"@id\":\"https:\\\/\\\/www.lohschule-datteln.de\\\/#organization\"},\"potentialAction\":[{\"@type\":\"SearchAction\",\"target\":{\"@type\":\"EntryPoint\",\"urlTemplate\":\"https:\\\/\\\/www.lohschule-datteln.de\\\/?s={search_term_string}\"},\"query-input\":{\"@type\":\"PropertyValueSpecification\",\"valueRequired\":true,\"valueName\":\"search_term_string\"}}],\"inLanguage\":\"de\"},{\"@type\":\"Organization\",\"@id\":\"https:\\\/\\\/www.lohschule-datteln.de\\\/#organization\",\"name\":\"Lohschule -katholische Grundschule Datteln\",\"url\":\"https:\\\/\\\/www.lohschule-datteln.de\\\/\",\"logo\":{\"@type\":\"ImageObject\",\"inLanguage\":\"de\",\"@id\":\"https:\\\/\\\/www.lohschule-datteln.de\\\/#\\\/schema\\\/logo\\\/image\\\/\",\"url\":\"http:\\\/\\\/www.lohschule-datteln.de\\\/wp-content\\\/uploads\\\/2016\\\/02\\\/Loh-neu-2016.jpg\",\"contentUrl\":\"http:\\\/\\\/www.lohschule-datteln.de\\\/wp-content\\\/uploads\\\/2016\\\/02\\\/Loh-neu-2016.jpg\",\"width\":448,\"height\":252,\"caption\":\"Lohschule -katholische Grundschule Datteln\"},\"image\":{\"@id\":\"https:\\\/\\\/www.lohschule-datteln.de\\\/#\\\/schema\\\/logo\\\/image\\\/\"}}]}<\/script>\n<!-- \/ Yoast SEO plugin. -->","yoast_head_json":{"title":"Vorlesetag 2024 - Lohschule Datteln","robots":{"index":"index","follow":"follow","max-snippet":"max-snippet:-1","max-image-preview":"max-image-preview:large","max-video-preview":"max-video-preview:-1"},"canonical":"https:\/\/www.lohschule-datteln.de\/index.php\/vorlesetag-2024\/","og_locale":"de_DE","og_type":"article","og_title":"Vorlesetag 2024 - Lohschule Datteln","og_description":"In der ganzen Schule wurde an diesem Freitag von 8.30 &#8211; 9.30 Uhr vorgelesen. Dank unserer tollen externen &#8222;Vorlesepaten&#8220; konnten viele verschiedene B\u00fccher angeboten werden, aus denen die Kinder w\u00e4hlen durften. Hier ein paar Fotoeindr\u00fccke von unserem tollen Vorlesetag.","og_url":"https:\/\/www.lohschule-datteln.de\/index.php\/vorlesetag-2024\/","og_site_name":"Lohschule Datteln","article_modified_time":"2024-11-26T14:24:00+00:00","og_image":[{"width":2016,"height":1134,"url":"https:\/\/www.lohschule-datteln.de\/wp-content\/uploads\/2024\/11\/51513aa1-3754-4f15-9a47-7bf61be1dda7.jpeg","type":"image\/jpeg"}],"twitter_card":"summary_large_image","twitter_misc":{"Gesch\u00e4tzte Lesezeit":"2\u00a0Minuten"},"schema":{"@context":"https:\/\/schema.org","@graph":[{"@type":"WebPage","@id":"https:\/\/www.lohschule-datteln.de\/index.php\/vorlesetag-2024\/","url":"https:\/\/www.lohschule-datteln.de\/index.php\/vorlesetag-2024\/","name":"Vorlesetag 2024 - Lohschule Datteln","isPartOf":{"@id":"https:\/\/www.lohschule-datteln.de\/#website"},"primaryImageOfPage":{"@id":"https:\/\/www.lohschule-datteln.de\/index.php\/vorlesetag-2024\/#primaryimage"},"image":{"@id":"https:\/\/www.lohschule-datteln.de\/index.php\/vorlesetag-2024\/#primaryimage"},"thumbnailUrl":"https:\/\/www.lohschule-datteln.de\/wp-content\/uploads\/2024\/11\/51513aa1-3754-4f15-9a47-7bf61be1dda7-1024x576.jpeg","datePublished":"2024-11-15T13:35:12+00:00","dateModified":"2024-11-26T14:24:00+00:00","breadcrumb":{"@id":"https:\/\/www.lohschule-datteln.de\/index.php\/vorlesetag-2024\/#breadcrumb"},"inLanguage":"de","potentialAction":[{"@type":"ReadAction","target":["https:\/\/www.lohschule-datteln.de\/index.php\/vorlesetag-2024\/"]}]},{"@type":"ImageObject","inLanguage":"de","@id":"https:\/\/www.lohschule-datteln.de\/index.php\/vorlesetag-2024\/#primaryimage","url":"https:\/\/www.lohschule-datteln.de\/wp-content\/uploads\/2024\/11\/51513aa1-3754-4f15-9a47-7bf61be1dda7.jpeg","contentUrl":"https:\/\/www.lohschule-datteln.de\/wp-content\/uploads\/2024\/11\/51513aa1-3754-4f15-9a47-7bf61be1dda7.jpeg","width":2016,"height":1134},{"@type":"BreadcrumbList","@id":"https:\/\/www.lohschule-datteln.de\/index.php\/vorlesetag-2024\/#breadcrumb","itemListElement":[{"@type":"ListItem","position":1,"name":"Startseite","item":"https:\/\/www.lohschule-datteln.de\/"},{"@type":"ListItem","position":2,"name":"Vorlesetag 2024"}]},{"@type":"WebSite","@id":"https:\/\/www.lohschule-datteln.de\/#website","url":"https:\/\/www.lohschule-datteln.de\/","name":"Lohschule Datteln","description":"kath. Grundschule","publisher":{"@id":"https:\/\/www.lohschule-datteln.de\/#organization"},"potentialAction":[{"@type":"SearchAction","target":{"@type":"EntryPoint","urlTemplate":"https:\/\/www.lohschule-datteln.de\/?s={search_term_string}"},"query-input":{"@type":"PropertyValueSpecification","valueRequired":true,"valueName":"search_term_string"}}],"inLanguage":"de"},{"@type":"Organization","@id":"https:\/\/www.lohschule-datteln.de\/#organization","name":"Lohschule -katholische Grundschule Datteln","url":"https:\/\/www.lohschule-datteln.de\/","logo":{"@type":"ImageObject","inLanguage":"de","@id":"https:\/\/www.lohschule-datteln.de\/#\/schema\/logo\/image\/","url":"http:\/\/www.lohschule-datteln.de\/wp-content\/uploads\/2016\/02\/Loh-neu-2016.jpg","contentUrl":"http:\/\/www.lohschule-datteln.de\/wp-content\/uploads\/2016\/02\/Loh-neu-2016.jpg","width":448,"height":252,"caption":"Lohschule -katholische Grundschule Datteln"},"image":{"@id":"https:\/\/www.lohschule-datteln.de\/#\/schema\/logo\/image\/"}}]}},"_links":{"self":[{"href":"https:\/\/www.lohschule-datteln.de\/index.php\/wp-json\/wp\/v2\/pages\/14276","targetHints":{"allow":["GET"]}}],"collection":[{"href":"https:\/\/www.lohschule-datteln.de\/index.php\/wp-json\/wp\/v2\/pages"}],"about":[{"href":"https:\/\/www.lohschule-datteln.de\/index.php\/wp-json\/wp\/v2\/types\/page"}],"author":[{"embeddable":true,"href":"https:\/\/www.lohschule-datteln.de\/index.php\/wp-json\/wp\/v2\/users\/3"}],"replies":[{"embeddable":true,"href":"https:\/\/www.lohschule-datteln.de\/index.php\/wp-json\/wp\/v2\/comments?post=14276"}],"version-history":[{"count":3,"href":"https:\/\/www.lohschule-datteln.de\/index.php\/wp-json\/wp\/v2\/pages\/14276\/revisions"}],"predecessor-version":[{"id":14295,"href":"https:\/\/www.lohschule-datteln.de\/index.php\/wp-json\/wp\/v2\/pages\/14276\/revisions\/14295"}],"wp:attachment":[{"href":"https:\/\/www.lohschule-datteln.de\/index.php\/wp-json\/wp\/v2\/media?parent=14276"}],"curies":[{"name":"wp","href":"https:\/\/api.w.org\/{rel}","templated":true}]}}