{"id":14360,"date":"2024-12-07T16:38:54","date_gmt":"2024-12-07T15:38:54","guid":{"rendered":"https:\/\/www.lohschule-datteln.de\/?page_id=14360"},"modified":"2024-12-07T16:48:23","modified_gmt":"2024-12-07T15:48:23","slug":"nikolaus-2024","status":"publish","type":"page","link":"https:\/\/www.lohschule-datteln.de\/index.php\/nikolaus-2024\/","title":{"rendered":"Nikolaus 2024"},"content":{"rendered":"<p>Der Nikolaus in der Lohschule<\/p>\n<p>Am Freitag, 06.12.2024, gab es gro\u00dfen Besuch in der Lohschule am Gr\u00fcnen Weg: der Nikolaus stand vor der T\u00fcr. Gemeinsam mit Frau Schneider machte sich der Nikolaus zun\u00e4chst auf den Weg zu unseren 1. Klassen. Mit ganz gro\u00dfen Augen und ein wenig ehrf\u00fcrchtig begr\u00fc\u00dften die Elefanten, Erdm\u00e4nnchen, Koalas und Pandas den Nikolaus in ihren weihnachtlich geschm\u00fcckten Klassenr\u00e4umen. Ganz mutig trugen die Kinder dem Nikolaus ein Nikolausgedicht vor. Die Engelchen hatten dem Nikolaus viele sch\u00f6ne Sachen in das goldene Sternchenbuch geschrieben: Sie seien ganz flei\u00dfige Klassen, die Kinder helfen sich gerne gegenseitig und spielen und lernen mit Freude miteinander. Auch Buchstaben und Zahlen haben die Erstkl\u00e4ssler bereits gelernt und kommen mittlerweile ohne Mama und Papa in die Lohschule. F\u00fcr so viele tolle Sachen, die die Kinder in der kurzen Schulzeit bereits gelernt hatten, hatte der Nikolaus auch etwas im Gep\u00e4ck dabei. Jedes Lohschulkind bekam vom Nikolaus einen Stutenkerl. <br \/>Dann musste der Nikolaus auch schon wieder weiter zu den Zweitkl\u00e4sslern. Hier freuten sich die Fische, Waschb\u00e4ren und Raben auch sehr \u00fcber den Besuch vom Nikolaus. Gemeinsam trugen die Klnder dem Nikolaus in jeder Klasse ein Gedicht vor. Auch hier konnte der Nikolaus von vielen Sachen berichten: Die Kinder k\u00f6nnen schon bis 100 rechnen, sie sind zu tollen Klassenteams zusammengewachsen und kommen gerne zum Lernen und Spielen in die Schule. Weil dem Nikolaus das so gut gefiel, hatte er auch f\u00fcr die 2er einen Stutenkerl im Gep\u00e4ck. <br \/>F\u00fcr die 3er und 4er hatte der Nikolaus dann nur noch kurz Zeit und brachte auch ihnen einen Stutenkerl.<br \/>Mit ganz vielen strahlenden Gesichtern im R\u00fccken machte sich der Nikolaus danach wieder auf den Weg zu den wartenden Kindern und Familien in Datteln.<\/p>\n<p>Vielen lieben Dank, lieber Nikolaus, f\u00fcr deinen Besuch heute in der Lohschule. Wir freuen uns sehr, wenn du im n\u00e4chsten Jahr wieder an uns Kinder denkst und zu uns kommst.<\/p>\n<p>&nbsp;<\/p>\n\n\n<figure class=\"wp-block-gallery has-nested-images columns-default is-cropped wp-block-gallery-1 is-layout-flex wp-block-gallery-is-layout-flex\">\n<figure class=\"wp-block-image size-large\"><img loading=\"lazy\" decoding=\"async\" width=\"1024\" height=\"768\" data-id=\"14368\" src=\"https:\/\/www.lohschule-datteln.de\/wp-content\/uploads\/2024\/12\/IMG_1710-1024x768.jpg\" alt=\"\" class=\"wp-image-14368\" srcset=\"https:\/\/www.lohschule-datteln.de\/wp-content\/uploads\/2024\/12\/IMG_1710-1024x768.jpg 1024w, https:\/\/www.lohschule-datteln.de\/wp-content\/uploads\/2024\/12\/IMG_1710-300x225.jpg 300w, https:\/\/www.lohschule-datteln.de\/wp-content\/uploads\/2024\/12\/IMG_1710-768x576.jpg 768w, https:\/\/www.lohschule-datteln.de\/wp-content\/uploads\/2024\/12\/IMG_1710-1536x1152.jpg 1536w, https:\/\/www.lohschule-datteln.de\/wp-content\/uploads\/2024\/12\/IMG_1710-2048x1536.jpg 2048w\" sizes=\"auto, (max-width: 1024px) 100vw, 1024px\" \/><\/figure>\n\n\n\n<figure class=\"wp-block-image size-large\"><img loading=\"lazy\" decoding=\"async\" width=\"1024\" height=\"768\" data-id=\"14370\" src=\"https:\/\/www.lohschule-datteln.de\/wp-content\/uploads\/2024\/12\/IMG_1714-1024x768.jpg\" alt=\"\" class=\"wp-image-14370\" srcset=\"https:\/\/www.lohschule-datteln.de\/wp-content\/uploads\/2024\/12\/IMG_1714-1024x768.jpg 1024w, https:\/\/www.lohschule-datteln.de\/wp-content\/uploads\/2024\/12\/IMG_1714-300x225.jpg 300w, https:\/\/www.lohschule-datteln.de\/wp-content\/uploads\/2024\/12\/IMG_1714-768x576.jpg 768w, https:\/\/www.lohschule-datteln.de\/wp-content\/uploads\/2024\/12\/IMG_1714-1536x1152.jpg 1536w, https:\/\/www.lohschule-datteln.de\/wp-content\/uploads\/2024\/12\/IMG_1714-2048x1536.jpg 2048w\" sizes=\"auto, (max-width: 1024px) 100vw, 1024px\" \/><\/figure>\n\n\n\n<figure class=\"wp-block-image size-large\"><img loading=\"lazy\" decoding=\"async\" width=\"1024\" height=\"768\" data-id=\"14366\" src=\"https:\/\/www.lohschule-datteln.de\/wp-content\/uploads\/2024\/12\/IMG_1715-1024x768.jpg\" alt=\"\" class=\"wp-image-14366\" srcset=\"https:\/\/www.lohschule-datteln.de\/wp-content\/uploads\/2024\/12\/IMG_1715-1024x768.jpg 1024w, https:\/\/www.lohschule-datteln.de\/wp-content\/uploads\/2024\/12\/IMG_1715-300x225.jpg 300w, https:\/\/www.lohschule-datteln.de\/wp-content\/uploads\/2024\/12\/IMG_1715-768x576.jpg 768w, https:\/\/www.lohschule-datteln.de\/wp-content\/uploads\/2024\/12\/IMG_1715-1536x1152.jpg 1536w, https:\/\/www.lohschule-datteln.de\/wp-content\/uploads\/2024\/12\/IMG_1715-2048x1536.jpg 2048w\" sizes=\"auto, (max-width: 1024px) 100vw, 1024px\" \/><\/figure>\n\n\n\n<figure class=\"wp-block-image size-large\"><img loading=\"lazy\" decoding=\"async\" width=\"768\" height=\"1024\" data-id=\"14367\" src=\"https:\/\/www.lohschule-datteln.de\/wp-content\/uploads\/2024\/12\/IMG_1717-768x1024.jpg\" alt=\"\" class=\"wp-image-14367\" srcset=\"https:\/\/www.lohschule-datteln.de\/wp-content\/uploads\/2024\/12\/IMG_1717-768x1024.jpg 768w, https:\/\/www.lohschule-datteln.de\/wp-content\/uploads\/2024\/12\/IMG_1717-225x300.jpg 225w, https:\/\/www.lohschule-datteln.de\/wp-content\/uploads\/2024\/12\/IMG_1717-1152x1536.jpg 1152w, https:\/\/www.lohschule-datteln.de\/wp-content\/uploads\/2024\/12\/IMG_1717-1536x2048.jpg 1536w, https:\/\/www.lohschule-datteln.de\/wp-content\/uploads\/2024\/12\/IMG_1717-scaled.jpg 1920w\" sizes=\"auto, (max-width: 768px) 100vw, 768px\" \/><\/figure>\n\n\n\n<figure class=\"wp-block-image size-large\"><img loading=\"lazy\" decoding=\"async\" width=\"1024\" height=\"768\" data-id=\"14365\" src=\"https:\/\/www.lohschule-datteln.de\/wp-content\/uploads\/2024\/12\/IMG_1718-1024x768.jpg\" alt=\"\" class=\"wp-image-14365\" srcset=\"https:\/\/www.lohschule-datteln.de\/wp-content\/uploads\/2024\/12\/IMG_1718-1024x768.jpg 1024w, https:\/\/www.lohschule-datteln.de\/wp-content\/uploads\/2024\/12\/IMG_1718-300x225.jpg 300w, https:\/\/www.lohschule-datteln.de\/wp-content\/uploads\/2024\/12\/IMG_1718-768x576.jpg 768w, https:\/\/www.lohschule-datteln.de\/wp-content\/uploads\/2024\/12\/IMG_1718-1536x1152.jpg 1536w, https:\/\/www.lohschule-datteln.de\/wp-content\/uploads\/2024\/12\/IMG_1718-2048x1536.jpg 2048w\" sizes=\"auto, (max-width: 1024px) 100vw, 1024px\" \/><\/figure>\n\n\n\n<figure class=\"wp-block-image size-large\"><img loading=\"lazy\" decoding=\"async\" width=\"1024\" height=\"768\" data-id=\"14369\" src=\"https:\/\/www.lohschule-datteln.de\/wp-content\/uploads\/2024\/12\/IMG_1720-1024x768.jpg\" alt=\"\" class=\"wp-image-14369\" srcset=\"https:\/\/www.lohschule-datteln.de\/wp-content\/uploads\/2024\/12\/IMG_1720-1024x768.jpg 1024w, https:\/\/www.lohschule-datteln.de\/wp-content\/uploads\/2024\/12\/IMG_1720-300x225.jpg 300w, https:\/\/www.lohschule-datteln.de\/wp-content\/uploads\/2024\/12\/IMG_1720-768x576.jpg 768w, https:\/\/www.lohschule-datteln.de\/wp-content\/uploads\/2024\/12\/IMG_1720-1536x1152.jpg 1536w, https:\/\/www.lohschule-datteln.de\/wp-content\/uploads\/2024\/12\/IMG_1720-2048x1536.jpg 2048w\" sizes=\"auto, (max-width: 1024px) 100vw, 1024px\" \/><\/figure>\n\n\n\n<figure class=\"wp-block-image size-large\"><img loading=\"lazy\" decoding=\"async\" width=\"768\" height=\"1024\" data-id=\"14372\" src=\"https:\/\/www.lohschule-datteln.de\/wp-content\/uploads\/2024\/12\/IMG_1725-768x1024.jpg\" alt=\"\" class=\"wp-image-14372\" srcset=\"https:\/\/www.lohschule-datteln.de\/wp-content\/uploads\/2024\/12\/IMG_1725-768x1024.jpg 768w, https:\/\/www.lohschule-datteln.de\/wp-content\/uploads\/2024\/12\/IMG_1725-225x300.jpg 225w, https:\/\/www.lohschule-datteln.de\/wp-content\/uploads\/2024\/12\/IMG_1725-1152x1536.jpg 1152w, https:\/\/www.lohschule-datteln.de\/wp-content\/uploads\/2024\/12\/IMG_1725-1536x2048.jpg 1536w, https:\/\/www.lohschule-datteln.de\/wp-content\/uploads\/2024\/12\/IMG_1725-scaled.jpg 1920w\" sizes=\"auto, (max-width: 768px) 100vw, 768px\" \/><\/figure>\n\n\n\n<figure class=\"wp-block-image size-large\"><img loading=\"lazy\" decoding=\"async\" width=\"1024\" height=\"768\" data-id=\"14371\" src=\"https:\/\/www.lohschule-datteln.de\/wp-content\/uploads\/2024\/12\/IMG_1727-1024x768.jpg\" alt=\"\" class=\"wp-image-14371\" srcset=\"https:\/\/www.lohschule-datteln.de\/wp-content\/uploads\/2024\/12\/IMG_1727-1024x768.jpg 1024w, https:\/\/www.lohschule-datteln.de\/wp-content\/uploads\/2024\/12\/IMG_1727-300x225.jpg 300w, https:\/\/www.lohschule-datteln.de\/wp-content\/uploads\/2024\/12\/IMG_1727-768x576.jpg 768w, https:\/\/www.lohschule-datteln.de\/wp-content\/uploads\/2024\/12\/IMG_1727-1536x1152.jpg 1536w, https:\/\/www.lohschule-datteln.de\/wp-content\/uploads\/2024\/12\/IMG_1727-2048x1536.jpg 2048w\" sizes=\"auto, (max-width: 1024px) 100vw, 1024px\" \/><\/figure>\n\n\n\n<figure class=\"wp-block-image size-large\"><img loading=\"lazy\" decoding=\"async\" width=\"1024\" height=\"768\" data-id=\"14373\" src=\"https:\/\/www.lohschule-datteln.de\/wp-content\/uploads\/2024\/12\/IMG_1728-1024x768.jpg\" alt=\"\" class=\"wp-image-14373\" srcset=\"https:\/\/www.lohschule-datteln.de\/wp-content\/uploads\/2024\/12\/IMG_1728-1024x768.jpg 1024w, https:\/\/www.lohschule-datteln.de\/wp-content\/uploads\/2024\/12\/IMG_1728-300x225.jpg 300w, https:\/\/www.lohschule-datteln.de\/wp-content\/uploads\/2024\/12\/IMG_1728-768x576.jpg 768w, https:\/\/www.lohschule-datteln.de\/wp-content\/uploads\/2024\/12\/IMG_1728-1536x1152.jpg 1536w, https:\/\/www.lohschule-datteln.de\/wp-content\/uploads\/2024\/12\/IMG_1728-2048x1536.jpg 2048w\" sizes=\"auto, (max-width: 1024px) 100vw, 1024px\" \/><\/figure>\n\n\n\n<figure class=\"wp-block-image size-large\"><img loading=\"lazy\" decoding=\"async\" width=\"768\" height=\"1024\" data-id=\"14375\" src=\"https:\/\/www.lohschule-datteln.de\/wp-content\/uploads\/2024\/12\/IMG_1730-768x1024.jpg\" alt=\"\" class=\"wp-image-14375\" srcset=\"https:\/\/www.lohschule-datteln.de\/wp-content\/uploads\/2024\/12\/IMG_1730-768x1024.jpg 768w, https:\/\/www.lohschule-datteln.de\/wp-content\/uploads\/2024\/12\/IMG_1730-225x300.jpg 225w, https:\/\/www.lohschule-datteln.de\/wp-content\/uploads\/2024\/12\/IMG_1730-1152x1536.jpg 1152w, https:\/\/www.lohschule-datteln.de\/wp-content\/uploads\/2024\/12\/IMG_1730-1536x2048.jpg 1536w, https:\/\/www.lohschule-datteln.de\/wp-content\/uploads\/2024\/12\/IMG_1730-scaled.jpg 1920w\" sizes=\"auto, (max-width: 768px) 100vw, 768px\" \/><\/figure>\n\n\n\n<figure class=\"wp-block-image size-large\"><img loading=\"lazy\" decoding=\"async\" width=\"1024\" height=\"768\" data-id=\"14376\" src=\"https:\/\/www.lohschule-datteln.de\/wp-content\/uploads\/2024\/12\/IMG_1731-1024x768.jpg\" alt=\"\" class=\"wp-image-14376\" srcset=\"https:\/\/www.lohschule-datteln.de\/wp-content\/uploads\/2024\/12\/IMG_1731-1024x768.jpg 1024w, https:\/\/www.lohschule-datteln.de\/wp-content\/uploads\/2024\/12\/IMG_1731-300x225.jpg 300w, https:\/\/www.lohschule-datteln.de\/wp-content\/uploads\/2024\/12\/IMG_1731-768x576.jpg 768w, https:\/\/www.lohschule-datteln.de\/wp-content\/uploads\/2024\/12\/IMG_1731-1536x1152.jpg 1536w, https:\/\/www.lohschule-datteln.de\/wp-content\/uploads\/2024\/12\/IMG_1731-2048x1536.jpg 2048w\" sizes=\"auto, (max-width: 1024px) 100vw, 1024px\" \/><\/figure>\n\n\n\n<figure class=\"wp-block-image size-large\"><img loading=\"lazy\" decoding=\"async\" width=\"768\" height=\"1024\" data-id=\"14374\" src=\"https:\/\/www.lohschule-datteln.de\/wp-content\/uploads\/2024\/12\/IMG_1732-768x1024.jpg\" alt=\"\" class=\"wp-image-14374\" srcset=\"https:\/\/www.lohschule-datteln.de\/wp-content\/uploads\/2024\/12\/IMG_1732-768x1024.jpg 768w, https:\/\/www.lohschule-datteln.de\/wp-content\/uploads\/2024\/12\/IMG_1732-225x300.jpg 225w, https:\/\/www.lohschule-datteln.de\/wp-content\/uploads\/2024\/12\/IMG_1732-1152x1536.jpg 1152w, https:\/\/www.lohschule-datteln.de\/wp-content\/uploads\/2024\/12\/IMG_1732-1536x2048.jpg 1536w, https:\/\/www.lohschule-datteln.de\/wp-content\/uploads\/2024\/12\/IMG_1732-scaled.jpg 1920w\" sizes=\"auto, (max-width: 768px) 100vw, 768px\" \/><\/figure>\n\n\n\n<figure class=\"wp-block-image size-large\"><img loading=\"lazy\" decoding=\"async\" width=\"1024\" height=\"768\" data-id=\"14378\" src=\"https:\/\/www.lohschule-datteln.de\/wp-content\/uploads\/2024\/12\/IMG_1735-1024x768.jpg\" alt=\"\" class=\"wp-image-14378\" srcset=\"https:\/\/www.lohschule-datteln.de\/wp-content\/uploads\/2024\/12\/IMG_1735-1024x768.jpg 1024w, https:\/\/www.lohschule-datteln.de\/wp-content\/uploads\/2024\/12\/IMG_1735-300x225.jpg 300w, https:\/\/www.lohschule-datteln.de\/wp-content\/uploads\/2024\/12\/IMG_1735-768x576.jpg 768w, https:\/\/www.lohschule-datteln.de\/wp-content\/uploads\/2024\/12\/IMG_1735-1536x1152.jpg 1536w, https:\/\/www.lohschule-datteln.de\/wp-content\/uploads\/2024\/12\/IMG_1735-2048x1536.jpg 2048w\" sizes=\"auto, (max-width: 1024px) 100vw, 1024px\" \/><\/figure>\n\n\n\n<figure class=\"wp-block-image size-large\"><img loading=\"lazy\" decoding=\"async\" width=\"1024\" height=\"768\" data-id=\"14379\" src=\"https:\/\/www.lohschule-datteln.de\/wp-content\/uploads\/2024\/12\/IMG_1736-1024x768.jpg\" alt=\"\" class=\"wp-image-14379\" srcset=\"https:\/\/www.lohschule-datteln.de\/wp-content\/uploads\/2024\/12\/IMG_1736-1024x768.jpg 1024w, https:\/\/www.lohschule-datteln.de\/wp-content\/uploads\/2024\/12\/IMG_1736-300x225.jpg 300w, https:\/\/www.lohschule-datteln.de\/wp-content\/uploads\/2024\/12\/IMG_1736-768x576.jpg 768w, https:\/\/www.lohschule-datteln.de\/wp-content\/uploads\/2024\/12\/IMG_1736-1536x1152.jpg 1536w, https:\/\/www.lohschule-datteln.de\/wp-content\/uploads\/2024\/12\/IMG_1736-2048x1536.jpg 2048w\" sizes=\"auto, (max-width: 1024px) 100vw, 1024px\" \/><\/figure>\n\n\n\n<figure class=\"wp-block-image size-large\"><img loading=\"lazy\" decoding=\"async\" width=\"768\" height=\"1024\" data-id=\"14377\" src=\"https:\/\/www.lohschule-datteln.de\/wp-content\/uploads\/2024\/12\/IMG_1737-768x1024.jpg\" alt=\"\" class=\"wp-image-14377\" srcset=\"https:\/\/www.lohschule-datteln.de\/wp-content\/uploads\/2024\/12\/IMG_1737-768x1024.jpg 768w, https:\/\/www.lohschule-datteln.de\/wp-content\/uploads\/2024\/12\/IMG_1737-225x300.jpg 225w, https:\/\/www.lohschule-datteln.de\/wp-content\/uploads\/2024\/12\/IMG_1737-1152x1536.jpg 1152w, https:\/\/www.lohschule-datteln.de\/wp-content\/uploads\/2024\/12\/IMG_1737-1536x2048.jpg 1536w, https:\/\/www.lohschule-datteln.de\/wp-content\/uploads\/2024\/12\/IMG_1737-scaled.jpg 1920w\" sizes=\"auto, (max-width: 768px) 100vw, 768px\" \/><\/figure>\n<\/figure>\n","protected":false},"excerpt":{"rendered":"<p>Der Nikolaus in der Lohschule Am Freitag, 06.12.2024, gab es gro\u00dfen Besuch in der Lohschule am Gr\u00fcnen Weg: der Nikolaus stand vor der T\u00fcr. Gemeinsam mit Frau Schneider machte sich der Nikolaus zun\u00e4chst auf den Weg zu unseren 1. Klassen. Mit ganz gro\u00dfen Augen und ein wenig ehrf\u00fcrchtig begr\u00fc\u00dften die Elefanten, Erdm\u00e4nnchen, Koalas und Pandas [&hellip;]<\/p>\n","protected":false},"author":3,"featured_media":0,"parent":0,"menu_order":0,"comment_status":"closed","ping_status":"closed","template":"","meta":{"footnotes":""},"class_list":["post-14360","page","type-page","status-publish","hentry"],"yoast_head":"<!-- This site is optimized with the Yoast SEO plugin v27.4 - https:\/\/yoast.com\/product\/yoast-seo-wordpress\/ -->\n<title>Nikolaus 2024 - Lohschule Datteln<\/title>\n<meta name=\"robots\" content=\"index, follow, max-snippet:-1, max-image-preview:large, max-video-preview:-1\" \/>\n<link rel=\"canonical\" href=\"https:\/\/www.lohschule-datteln.de\/index.php\/nikolaus-2024\/\" \/>\n<meta property=\"og:locale\" content=\"de_DE\" \/>\n<meta property=\"og:type\" content=\"article\" \/>\n<meta property=\"og:title\" content=\"Nikolaus 2024 - Lohschule Datteln\" \/>\n<meta property=\"og:description\" content=\"Der Nikolaus in der Lohschule Am Freitag, 06.12.2024, gab es gro\u00dfen Besuch in der Lohschule am Gr\u00fcnen Weg: der Nikolaus stand vor der T\u00fcr. Gemeinsam mit Frau Schneider machte sich der Nikolaus zun\u00e4chst auf den Weg zu unseren 1. Klassen. Mit ganz gro\u00dfen Augen und ein wenig ehrf\u00fcrchtig begr\u00fc\u00dften die Elefanten, Erdm\u00e4nnchen, Koalas und Pandas [&hellip;]\" \/>\n<meta property=\"og:url\" content=\"https:\/\/www.lohschule-datteln.de\/index.php\/nikolaus-2024\/\" \/>\n<meta property=\"og:site_name\" content=\"Lohschule Datteln\" \/>\n<meta property=\"article:modified_time\" content=\"2024-12-07T15:48:23+00:00\" \/>\n<meta property=\"og:image\" content=\"https:\/\/www.lohschule-datteln.de\/wp-content\/uploads\/2024\/12\/IMG_1710-scaled.jpg\" \/>\n\t<meta property=\"og:image:width\" content=\"2560\" \/>\n\t<meta property=\"og:image:height\" content=\"1920\" \/>\n\t<meta property=\"og:image:type\" content=\"image\/jpeg\" \/>\n<meta name=\"twitter:card\" content=\"summary_large_image\" \/>\n<meta name=\"twitter:label1\" content=\"Gesch\u00e4tzte Lesezeit\" \/>\n\t<meta name=\"twitter:data1\" content=\"5\u00a0Minuten\" \/>\n<script type=\"application\/ld+json\" class=\"yoast-schema-graph\">{\"@context\":\"https:\\\/\\\/schema.org\",\"@graph\":[{\"@type\":\"WebPage\",\"@id\":\"https:\\\/\\\/www.lohschule-datteln.de\\\/index.php\\\/nikolaus-2024\\\/\",\"url\":\"https:\\\/\\\/www.lohschule-datteln.de\\\/index.php\\\/nikolaus-2024\\\/\",\"name\":\"Nikolaus 2024 - Lohschule Datteln\",\"isPartOf\":{\"@id\":\"https:\\\/\\\/www.lohschule-datteln.de\\\/#website\"},\"primaryImageOfPage\":{\"@id\":\"https:\\\/\\\/www.lohschule-datteln.de\\\/index.php\\\/nikolaus-2024\\\/#primaryimage\"},\"image\":{\"@id\":\"https:\\\/\\\/www.lohschule-datteln.de\\\/index.php\\\/nikolaus-2024\\\/#primaryimage\"},\"thumbnailUrl\":\"https:\\\/\\\/www.lohschule-datteln.de\\\/wp-content\\\/uploads\\\/2024\\\/12\\\/IMG_1710-1024x768.jpg\",\"datePublished\":\"2024-12-07T15:38:54+00:00\",\"dateModified\":\"2024-12-07T15:48:23+00:00\",\"breadcrumb\":{\"@id\":\"https:\\\/\\\/www.lohschule-datteln.de\\\/index.php\\\/nikolaus-2024\\\/#breadcrumb\"},\"inLanguage\":\"de\",\"potentialAction\":[{\"@type\":\"ReadAction\",\"target\":[\"https:\\\/\\\/www.lohschule-datteln.de\\\/index.php\\\/nikolaus-2024\\\/\"]}]},{\"@type\":\"ImageObject\",\"inLanguage\":\"de\",\"@id\":\"https:\\\/\\\/www.lohschule-datteln.de\\\/index.php\\\/nikolaus-2024\\\/#primaryimage\",\"url\":\"https:\\\/\\\/www.lohschule-datteln.de\\\/wp-content\\\/uploads\\\/2024\\\/12\\\/IMG_1710-scaled.jpg\",\"contentUrl\":\"https:\\\/\\\/www.lohschule-datteln.de\\\/wp-content\\\/uploads\\\/2024\\\/12\\\/IMG_1710-scaled.jpg\",\"width\":2560,\"height\":1920},{\"@type\":\"BreadcrumbList\",\"@id\":\"https:\\\/\\\/www.lohschule-datteln.de\\\/index.php\\\/nikolaus-2024\\\/#breadcrumb\",\"itemListElement\":[{\"@type\":\"ListItem\",\"position\":1,\"name\":\"Startseite\",\"item\":\"https:\\\/\\\/www.lohschule-datteln.de\\\/\"},{\"@type\":\"ListItem\",\"position\":2,\"name\":\"Nikolaus 2024\"}]},{\"@type\":\"WebSite\",\"@id\":\"https:\\\/\\\/www.lohschule-datteln.de\\\/#website\",\"url\":\"https:\\\/\\\/www.lohschule-datteln.de\\\/\",\"name\":\"Lohschule Datteln\",\"description\":\"kath. Grundschule\",\"publisher\":{\"@id\":\"https:\\\/\\\/www.lohschule-datteln.de\\\/#organization\"},\"potentialAction\":[{\"@type\":\"SearchAction\",\"target\":{\"@type\":\"EntryPoint\",\"urlTemplate\":\"https:\\\/\\\/www.lohschule-datteln.de\\\/?s={search_term_string}\"},\"query-input\":{\"@type\":\"PropertyValueSpecification\",\"valueRequired\":true,\"valueName\":\"search_term_string\"}}],\"inLanguage\":\"de\"},{\"@type\":\"Organization\",\"@id\":\"https:\\\/\\\/www.lohschule-datteln.de\\\/#organization\",\"name\":\"Lohschule -katholische Grundschule Datteln\",\"url\":\"https:\\\/\\\/www.lohschule-datteln.de\\\/\",\"logo\":{\"@type\":\"ImageObject\",\"inLanguage\":\"de\",\"@id\":\"https:\\\/\\\/www.lohschule-datteln.de\\\/#\\\/schema\\\/logo\\\/image\\\/\",\"url\":\"http:\\\/\\\/www.lohschule-datteln.de\\\/wp-content\\\/uploads\\\/2016\\\/02\\\/Loh-neu-2016.jpg\",\"contentUrl\":\"http:\\\/\\\/www.lohschule-datteln.de\\\/wp-content\\\/uploads\\\/2016\\\/02\\\/Loh-neu-2016.jpg\",\"width\":448,\"height\":252,\"caption\":\"Lohschule -katholische Grundschule Datteln\"},\"image\":{\"@id\":\"https:\\\/\\\/www.lohschule-datteln.de\\\/#\\\/schema\\\/logo\\\/image\\\/\"}}]}<\/script>\n<!-- \/ Yoast SEO plugin. -->","yoast_head_json":{"title":"Nikolaus 2024 - Lohschule Datteln","robots":{"index":"index","follow":"follow","max-snippet":"max-snippet:-1","max-image-preview":"max-image-preview:large","max-video-preview":"max-video-preview:-1"},"canonical":"https:\/\/www.lohschule-datteln.de\/index.php\/nikolaus-2024\/","og_locale":"de_DE","og_type":"article","og_title":"Nikolaus 2024 - Lohschule Datteln","og_description":"Der Nikolaus in der Lohschule Am Freitag, 06.12.2024, gab es gro\u00dfen Besuch in der Lohschule am Gr\u00fcnen Weg: der Nikolaus stand vor der T\u00fcr. Gemeinsam mit Frau Schneider machte sich der Nikolaus zun\u00e4chst auf den Weg zu unseren 1. Klassen. Mit ganz gro\u00dfen Augen und ein wenig ehrf\u00fcrchtig begr\u00fc\u00dften die Elefanten, Erdm\u00e4nnchen, Koalas und Pandas [&hellip;]","og_url":"https:\/\/www.lohschule-datteln.de\/index.php\/nikolaus-2024\/","og_site_name":"Lohschule Datteln","article_modified_time":"2024-12-07T15:48:23+00:00","og_image":[{"width":2560,"height":1920,"url":"https:\/\/www.lohschule-datteln.de\/wp-content\/uploads\/2024\/12\/IMG_1710-scaled.jpg","type":"image\/jpeg"}],"twitter_card":"summary_large_image","twitter_misc":{"Gesch\u00e4tzte Lesezeit":"5\u00a0Minuten"},"schema":{"@context":"https:\/\/schema.org","@graph":[{"@type":"WebPage","@id":"https:\/\/www.lohschule-datteln.de\/index.php\/nikolaus-2024\/","url":"https:\/\/www.lohschule-datteln.de\/index.php\/nikolaus-2024\/","name":"Nikolaus 2024 - Lohschule Datteln","isPartOf":{"@id":"https:\/\/www.lohschule-datteln.de\/#website"},"primaryImageOfPage":{"@id":"https:\/\/www.lohschule-datteln.de\/index.php\/nikolaus-2024\/#primaryimage"},"image":{"@id":"https:\/\/www.lohschule-datteln.de\/index.php\/nikolaus-2024\/#primaryimage"},"thumbnailUrl":"https:\/\/www.lohschule-datteln.de\/wp-content\/uploads\/2024\/12\/IMG_1710-1024x768.jpg","datePublished":"2024-12-07T15:38:54+00:00","dateModified":"2024-12-07T15:48:23+00:00","breadcrumb":{"@id":"https:\/\/www.lohschule-datteln.de\/index.php\/nikolaus-2024\/#breadcrumb"},"inLanguage":"de","potentialAction":[{"@type":"ReadAction","target":["https:\/\/www.lohschule-datteln.de\/index.php\/nikolaus-2024\/"]}]},{"@type":"ImageObject","inLanguage":"de","@id":"https:\/\/www.lohschule-datteln.de\/index.php\/nikolaus-2024\/#primaryimage","url":"https:\/\/www.lohschule-datteln.de\/wp-content\/uploads\/2024\/12\/IMG_1710-scaled.jpg","contentUrl":"https:\/\/www.lohschule-datteln.de\/wp-content\/uploads\/2024\/12\/IMG_1710-scaled.jpg","width":2560,"height":1920},{"@type":"BreadcrumbList","@id":"https:\/\/www.lohschule-datteln.de\/index.php\/nikolaus-2024\/#breadcrumb","itemListElement":[{"@type":"ListItem","position":1,"name":"Startseite","item":"https:\/\/www.lohschule-datteln.de\/"},{"@type":"ListItem","position":2,"name":"Nikolaus 2024"}]},{"@type":"WebSite","@id":"https:\/\/www.lohschule-datteln.de\/#website","url":"https:\/\/www.lohschule-datteln.de\/","name":"Lohschule Datteln","description":"kath. Grundschule","publisher":{"@id":"https:\/\/www.lohschule-datteln.de\/#organization"},"potentialAction":[{"@type":"SearchAction","target":{"@type":"EntryPoint","urlTemplate":"https:\/\/www.lohschule-datteln.de\/?s={search_term_string}"},"query-input":{"@type":"PropertyValueSpecification","valueRequired":true,"valueName":"search_term_string"}}],"inLanguage":"de"},{"@type":"Organization","@id":"https:\/\/www.lohschule-datteln.de\/#organization","name":"Lohschule -katholische Grundschule Datteln","url":"https:\/\/www.lohschule-datteln.de\/","logo":{"@type":"ImageObject","inLanguage":"de","@id":"https:\/\/www.lohschule-datteln.de\/#\/schema\/logo\/image\/","url":"http:\/\/www.lohschule-datteln.de\/wp-content\/uploads\/2016\/02\/Loh-neu-2016.jpg","contentUrl":"http:\/\/www.lohschule-datteln.de\/wp-content\/uploads\/2016\/02\/Loh-neu-2016.jpg","width":448,"height":252,"caption":"Lohschule -katholische Grundschule Datteln"},"image":{"@id":"https:\/\/www.lohschule-datteln.de\/#\/schema\/logo\/image\/"}}]}},"_links":{"self":[{"href":"https:\/\/www.lohschule-datteln.de\/index.php\/wp-json\/wp\/v2\/pages\/14360","targetHints":{"allow":["GET"]}}],"collection":[{"href":"https:\/\/www.lohschule-datteln.de\/index.php\/wp-json\/wp\/v2\/pages"}],"about":[{"href":"https:\/\/www.lohschule-datteln.de\/index.php\/wp-json\/wp\/v2\/types\/page"}],"author":[{"embeddable":true,"href":"https:\/\/www.lohschule-datteln.de\/index.php\/wp-json\/wp\/v2\/users\/3"}],"replies":[{"embeddable":true,"href":"https:\/\/www.lohschule-datteln.de\/index.php\/wp-json\/wp\/v2\/comments?post=14360"}],"version-history":[{"count":3,"href":"https:\/\/www.lohschule-datteln.de\/index.php\/wp-json\/wp\/v2\/pages\/14360\/revisions"}],"predecessor-version":[{"id":14381,"href":"https:\/\/www.lohschule-datteln.de\/index.php\/wp-json\/wp\/v2\/pages\/14360\/revisions\/14381"}],"wp:attachment":[{"href":"https:\/\/www.lohschule-datteln.de\/index.php\/wp-json\/wp\/v2\/media?parent=14360"}],"curies":[{"name":"wp","href":"https:\/\/api.w.org\/{rel}","templated":true}]}}