{"id":14597,"date":"2025-04-09T15:25:39","date_gmt":"2025-04-09T13:25:39","guid":{"rendered":"https:\/\/www.lohschule-datteln.de\/?page_id=14597"},"modified":"2025-04-11T16:02:36","modified_gmt":"2025-04-11T14:02:36","slug":"sponsorenlauf-2025","status":"publish","type":"page","link":"https:\/\/www.lohschule-datteln.de\/index.php\/sponsorenlauf-2025\/","title":{"rendered":"Sponsorenlauf 2025"},"content":{"rendered":"\n<p>Am letzten Schultag vor den Osterferien fand der Sponsorenlauf f\u00fcr das diesj\u00e4hrige Schulfest im Juni statt. Um 9.00 Uhr machten sich die Kinder aus dem Jahrgang 1 auf den Weg der Laufstrecke rund um die Lohschule. Die Patenklassen, unserer Drittkl\u00e4ssler, standen auf dem Schulhof verteilt und feuerten unsere j\u00fcngsten L\u00e4uferinnen und L\u00e4ufer kr\u00e4ftig an. Um 10.00 Uhr hatten dann die Zweitkl\u00e4ssler ihre Laufzeit, die von den Patenklassen, unsere Vierkl\u00e4ssler, angefeuert wurden. Dann starteten um 10.30 Uhr die Drittkl\u00e4ssler und um 11.00 Uhr die letzte Laufgruppe, unsere Viertkl\u00e4ssler. Viele anfeuernde Eltern begleiteten die Kinder mit Applaus auf dem Weg rund um die Lohschule. Auch die Klassen 1 und 2 kamen nach einer kurzen Pause zum Anfeuern der Gro\u00dfen wieder zur\u00fcck auf den Schulhof. Mit Hilfe der Sponsorengelder, die die Kinder nun mit ihren Laufkarten \u00fcber die Osterferien bei den Sponsoren einsammeln m\u00fcssen, werden wir dann einen tollen \u201eLOHSCHULJAHRMARKT\u201c am 13. Juni 2025 auf die Beine stellen. Unser F\u00f6rderverein hat schon vor dem Lauf f\u00fcr die einzelnen Klassen Snackboxen mit frischem Ost und Gem\u00fcse vorbereitet, an denen sich die Kinder vor und nach dem Lauf st\u00e4rken konnten. Mit Hilfe vieler Eltern, die an 3 Stationen einer Laufrunde die Kinder mit einem Stempel erfreuten, konnte das Team der Lohschule dieses Event auf die Beine stellen. Ein ganz dickes Dankesch\u00f6n an alle helfenden H\u00e4nde unseres Sponsorenlaufs. Das Team der Lohschule w\u00fcnscht allen Familien nun eine tolle Ferienzeit und ein sch\u00f6nes Osterfest.<\/p>\n\n\n\n<figure class=\"wp-block-gallery has-nested-images columns-default is-cropped wp-block-gallery-1 is-layout-flex wp-block-gallery-is-layout-flex\">\n<figure class=\"wp-block-image size-large\"><img loading=\"lazy\" decoding=\"async\" width=\"1024\" height=\"768\" data-id=\"14619\" src=\"https:\/\/www.lohschule-datteln.de\/wp-content\/uploads\/2025\/04\/IMG_2581-1024x768.jpg\" alt=\"\" class=\"wp-image-14619\" srcset=\"https:\/\/www.lohschule-datteln.de\/wp-content\/uploads\/2025\/04\/IMG_2581-1024x768.jpg 1024w, https:\/\/www.lohschule-datteln.de\/wp-content\/uploads\/2025\/04\/IMG_2581-300x225.jpg 300w, https:\/\/www.lohschule-datteln.de\/wp-content\/uploads\/2025\/04\/IMG_2581-768x576.jpg 768w, https:\/\/www.lohschule-datteln.de\/wp-content\/uploads\/2025\/04\/IMG_2581-1536x1152.jpg 1536w, https:\/\/www.lohschule-datteln.de\/wp-content\/uploads\/2025\/04\/IMG_2581-2048x1536.jpg 2048w\" sizes=\"auto, (max-width: 1024px) 100vw, 1024px\" \/><\/figure>\n\n\n\n<figure class=\"wp-block-image size-large\"><img loading=\"lazy\" decoding=\"async\" width=\"768\" height=\"1024\" data-id=\"14624\" src=\"https:\/\/www.lohschule-datteln.de\/wp-content\/uploads\/2025\/04\/IMG_2582-768x1024.jpg\" alt=\"\" class=\"wp-image-14624\" srcset=\"https:\/\/www.lohschule-datteln.de\/wp-content\/uploads\/2025\/04\/IMG_2582-768x1024.jpg 768w, https:\/\/www.lohschule-datteln.de\/wp-content\/uploads\/2025\/04\/IMG_2582-225x300.jpg 225w, https:\/\/www.lohschule-datteln.de\/wp-content\/uploads\/2025\/04\/IMG_2582-1152x1536.jpg 1152w, https:\/\/www.lohschule-datteln.de\/wp-content\/uploads\/2025\/04\/IMG_2582-1536x2048.jpg 1536w, https:\/\/www.lohschule-datteln.de\/wp-content\/uploads\/2025\/04\/IMG_2582-scaled.jpg 1920w\" sizes=\"auto, (max-width: 768px) 100vw, 768px\" \/><\/figure>\n\n\n\n<figure class=\"wp-block-image size-large\"><img loading=\"lazy\" decoding=\"async\" width=\"768\" height=\"1024\" data-id=\"14621\" src=\"https:\/\/www.lohschule-datteln.de\/wp-content\/uploads\/2025\/04\/IMG_2577-768x1024.jpg\" alt=\"\" class=\"wp-image-14621\" srcset=\"https:\/\/www.lohschule-datteln.de\/wp-content\/uploads\/2025\/04\/IMG_2577-768x1024.jpg 768w, https:\/\/www.lohschule-datteln.de\/wp-content\/uploads\/2025\/04\/IMG_2577-225x300.jpg 225w, https:\/\/www.lohschule-datteln.de\/wp-content\/uploads\/2025\/04\/IMG_2577-1152x1536.jpg 1152w, https:\/\/www.lohschule-datteln.de\/wp-content\/uploads\/2025\/04\/IMG_2577-1536x2048.jpg 1536w, https:\/\/www.lohschule-datteln.de\/wp-content\/uploads\/2025\/04\/IMG_2577-scaled.jpg 1920w\" sizes=\"auto, (max-width: 768px) 100vw, 768px\" \/><\/figure>\n\n\n\n<figure class=\"wp-block-image size-large\"><img loading=\"lazy\" decoding=\"async\" width=\"1024\" height=\"768\" data-id=\"14623\" src=\"https:\/\/www.lohschule-datteln.de\/wp-content\/uploads\/2025\/04\/IMG_2580-1024x768.jpg\" alt=\"\" class=\"wp-image-14623\" srcset=\"https:\/\/www.lohschule-datteln.de\/wp-content\/uploads\/2025\/04\/IMG_2580-1024x768.jpg 1024w, https:\/\/www.lohschule-datteln.de\/wp-content\/uploads\/2025\/04\/IMG_2580-300x225.jpg 300w, https:\/\/www.lohschule-datteln.de\/wp-content\/uploads\/2025\/04\/IMG_2580-768x576.jpg 768w, https:\/\/www.lohschule-datteln.de\/wp-content\/uploads\/2025\/04\/IMG_2580-1536x1152.jpg 1536w, https:\/\/www.lohschule-datteln.de\/wp-content\/uploads\/2025\/04\/IMG_2580-2048x1536.jpg 2048w\" sizes=\"auto, (max-width: 1024px) 100vw, 1024px\" \/><\/figure>\n\n\n\n<figure class=\"wp-block-image size-large\"><img loading=\"lazy\" decoding=\"async\" width=\"1024\" height=\"768\" data-id=\"14620\" src=\"https:\/\/www.lohschule-datteln.de\/wp-content\/uploads\/2025\/04\/IMG_2575-1024x768.jpg\" alt=\"\" class=\"wp-image-14620\" srcset=\"https:\/\/www.lohschule-datteln.de\/wp-content\/uploads\/2025\/04\/IMG_2575-1024x768.jpg 1024w, https:\/\/www.lohschule-datteln.de\/wp-content\/uploads\/2025\/04\/IMG_2575-300x225.jpg 300w, https:\/\/www.lohschule-datteln.de\/wp-content\/uploads\/2025\/04\/IMG_2575-768x576.jpg 768w, https:\/\/www.lohschule-datteln.de\/wp-content\/uploads\/2025\/04\/IMG_2575-1536x1152.jpg 1536w, https:\/\/www.lohschule-datteln.de\/wp-content\/uploads\/2025\/04\/IMG_2575-2048x1536.jpg 2048w\" sizes=\"auto, (max-width: 1024px) 100vw, 1024px\" \/><\/figure>\n\n\n\n<figure class=\"wp-block-image size-large\"><img loading=\"lazy\" decoding=\"async\" width=\"1024\" height=\"768\" data-id=\"14622\" src=\"https:\/\/www.lohschule-datteln.de\/wp-content\/uploads\/2025\/04\/IMG_2585-1024x768.jpg\" alt=\"\" class=\"wp-image-14622\" srcset=\"https:\/\/www.lohschule-datteln.de\/wp-content\/uploads\/2025\/04\/IMG_2585-1024x768.jpg 1024w, https:\/\/www.lohschule-datteln.de\/wp-content\/uploads\/2025\/04\/IMG_2585-300x225.jpg 300w, https:\/\/www.lohschule-datteln.de\/wp-content\/uploads\/2025\/04\/IMG_2585-768x576.jpg 768w, https:\/\/www.lohschule-datteln.de\/wp-content\/uploads\/2025\/04\/IMG_2585-1536x1152.jpg 1536w, https:\/\/www.lohschule-datteln.de\/wp-content\/uploads\/2025\/04\/IMG_2585-2048x1536.jpg 2048w\" sizes=\"auto, (max-width: 1024px) 100vw, 1024px\" \/><\/figure>\n\n\n\n<figure class=\"wp-block-image size-large\"><img loading=\"lazy\" decoding=\"async\" width=\"1024\" height=\"768\" data-id=\"14625\" src=\"https:\/\/www.lohschule-datteln.de\/wp-content\/uploads\/2025\/04\/IMG_2586-1024x768.jpg\" alt=\"\" class=\"wp-image-14625\" srcset=\"https:\/\/www.lohschule-datteln.de\/wp-content\/uploads\/2025\/04\/IMG_2586-1024x768.jpg 1024w, https:\/\/www.lohschule-datteln.de\/wp-content\/uploads\/2025\/04\/IMG_2586-300x225.jpg 300w, https:\/\/www.lohschule-datteln.de\/wp-content\/uploads\/2025\/04\/IMG_2586-768x576.jpg 768w, https:\/\/www.lohschule-datteln.de\/wp-content\/uploads\/2025\/04\/IMG_2586-1536x1152.jpg 1536w, https:\/\/www.lohschule-datteln.de\/wp-content\/uploads\/2025\/04\/IMG_2586-2048x1536.jpg 2048w\" sizes=\"auto, (max-width: 1024px) 100vw, 1024px\" \/><\/figure>\n\n\n\n<figure class=\"wp-block-image size-large\"><img loading=\"lazy\" decoding=\"async\" width=\"1024\" height=\"768\" data-id=\"14626\" src=\"https:\/\/www.lohschule-datteln.de\/wp-content\/uploads\/2025\/04\/IMG_2572-1024x768.jpg\" alt=\"\" class=\"wp-image-14626\" srcset=\"https:\/\/www.lohschule-datteln.de\/wp-content\/uploads\/2025\/04\/IMG_2572-1024x768.jpg 1024w, https:\/\/www.lohschule-datteln.de\/wp-content\/uploads\/2025\/04\/IMG_2572-300x225.jpg 300w, https:\/\/www.lohschule-datteln.de\/wp-content\/uploads\/2025\/04\/IMG_2572-768x576.jpg 768w, https:\/\/www.lohschule-datteln.de\/wp-content\/uploads\/2025\/04\/IMG_2572-1536x1152.jpg 1536w, https:\/\/www.lohschule-datteln.de\/wp-content\/uploads\/2025\/04\/IMG_2572-2048x1536.jpg 2048w\" sizes=\"auto, (max-width: 1024px) 100vw, 1024px\" \/><\/figure>\n<\/figure>\n\n\n\n<figure class=\"wp-block-gallery has-nested-images columns-default is-cropped wp-block-gallery-2 is-layout-flex wp-block-gallery-is-layout-flex\">\n<figure class=\"wp-block-image size-large\"><img loading=\"lazy\" decoding=\"async\" width=\"768\" height=\"1024\" data-id=\"14627\" src=\"https:\/\/www.lohschule-datteln.de\/wp-content\/uploads\/2025\/04\/IMG_2596-768x1024.jpg\" alt=\"\" class=\"wp-image-14627\" srcset=\"https:\/\/www.lohschule-datteln.de\/wp-content\/uploads\/2025\/04\/IMG_2596-768x1024.jpg 768w, https:\/\/www.lohschule-datteln.de\/wp-content\/uploads\/2025\/04\/IMG_2596-225x300.jpg 225w, https:\/\/www.lohschule-datteln.de\/wp-content\/uploads\/2025\/04\/IMG_2596-1152x1536.jpg 1152w, https:\/\/www.lohschule-datteln.de\/wp-content\/uploads\/2025\/04\/IMG_2596-1536x2048.jpg 1536w, https:\/\/www.lohschule-datteln.de\/wp-content\/uploads\/2025\/04\/IMG_2596-scaled.jpg 1920w\" sizes=\"auto, (max-width: 768px) 100vw, 768px\" \/><\/figure>\n\n\n\n<figure class=\"wp-block-image size-large\"><img loading=\"lazy\" decoding=\"async\" width=\"768\" height=\"1024\" data-id=\"14628\" src=\"https:\/\/www.lohschule-datteln.de\/wp-content\/uploads\/2025\/04\/IMG_2590-768x1024.jpg\" alt=\"\" class=\"wp-image-14628\" srcset=\"https:\/\/www.lohschule-datteln.de\/wp-content\/uploads\/2025\/04\/IMG_2590-768x1024.jpg 768w, https:\/\/www.lohschule-datteln.de\/wp-content\/uploads\/2025\/04\/IMG_2590-225x300.jpg 225w, https:\/\/www.lohschule-datteln.de\/wp-content\/uploads\/2025\/04\/IMG_2590-1152x1536.jpg 1152w, https:\/\/www.lohschule-datteln.de\/wp-content\/uploads\/2025\/04\/IMG_2590-1536x2048.jpg 1536w, https:\/\/www.lohschule-datteln.de\/wp-content\/uploads\/2025\/04\/IMG_2590-scaled.jpg 1920w\" sizes=\"auto, (max-width: 768px) 100vw, 768px\" \/><\/figure>\n\n\n\n<figure class=\"wp-block-image size-large\"><img loading=\"lazy\" decoding=\"async\" width=\"768\" height=\"1024\" data-id=\"14630\" src=\"https:\/\/www.lohschule-datteln.de\/wp-content\/uploads\/2025\/04\/IMG_2601-768x1024.jpg\" alt=\"\" class=\"wp-image-14630\" srcset=\"https:\/\/www.lohschule-datteln.de\/wp-content\/uploads\/2025\/04\/IMG_2601-768x1024.jpg 768w, https:\/\/www.lohschule-datteln.de\/wp-content\/uploads\/2025\/04\/IMG_2601-225x300.jpg 225w, https:\/\/www.lohschule-datteln.de\/wp-content\/uploads\/2025\/04\/IMG_2601-1152x1536.jpg 1152w, https:\/\/www.lohschule-datteln.de\/wp-content\/uploads\/2025\/04\/IMG_2601-1536x2048.jpg 1536w, https:\/\/www.lohschule-datteln.de\/wp-content\/uploads\/2025\/04\/IMG_2601-scaled.jpg 1920w\" sizes=\"auto, (max-width: 768px) 100vw, 768px\" \/><\/figure>\n\n\n\n<figure class=\"wp-block-image size-large\"><img loading=\"lazy\" decoding=\"async\" width=\"768\" height=\"1024\" data-id=\"14629\" src=\"https:\/\/www.lohschule-datteln.de\/wp-content\/uploads\/2025\/04\/IMG_2588-768x1024.jpg\" alt=\"\" class=\"wp-image-14629\" srcset=\"https:\/\/www.lohschule-datteln.de\/wp-content\/uploads\/2025\/04\/IMG_2588-768x1024.jpg 768w, https:\/\/www.lohschule-datteln.de\/wp-content\/uploads\/2025\/04\/IMG_2588-225x300.jpg 225w, https:\/\/www.lohschule-datteln.de\/wp-content\/uploads\/2025\/04\/IMG_2588-1152x1536.jpg 1152w, https:\/\/www.lohschule-datteln.de\/wp-content\/uploads\/2025\/04\/IMG_2588-1536x2048.jpg 1536w, https:\/\/www.lohschule-datteln.de\/wp-content\/uploads\/2025\/04\/IMG_2588-scaled.jpg 1920w\" sizes=\"auto, (max-width: 768px) 100vw, 768px\" \/><\/figure>\n\n\n\n<figure class=\"wp-block-image size-large\"><img loading=\"lazy\" decoding=\"async\" width=\"1024\" height=\"768\" data-id=\"14631\" src=\"https:\/\/www.lohschule-datteln.de\/wp-content\/uploads\/2025\/04\/IMG_2592-1024x768.jpg\" alt=\"\" class=\"wp-image-14631\" srcset=\"https:\/\/www.lohschule-datteln.de\/wp-content\/uploads\/2025\/04\/IMG_2592-1024x768.jpg 1024w, https:\/\/www.lohschule-datteln.de\/wp-content\/uploads\/2025\/04\/IMG_2592-300x225.jpg 300w, https:\/\/www.lohschule-datteln.de\/wp-content\/uploads\/2025\/04\/IMG_2592-768x576.jpg 768w, https:\/\/www.lohschule-datteln.de\/wp-content\/uploads\/2025\/04\/IMG_2592-1536x1152.jpg 1536w, https:\/\/www.lohschule-datteln.de\/wp-content\/uploads\/2025\/04\/IMG_2592-2048x1536.jpg 2048w\" sizes=\"auto, (max-width: 1024px) 100vw, 1024px\" \/><\/figure>\n\n\n\n<figure class=\"wp-block-image size-large\"><img loading=\"lazy\" decoding=\"async\" width=\"768\" height=\"1024\" data-id=\"14632\" src=\"https:\/\/www.lohschule-datteln.de\/wp-content\/uploads\/2025\/04\/IMG_2600-768x1024.jpg\" alt=\"\" class=\"wp-image-14632\" srcset=\"https:\/\/www.lohschule-datteln.de\/wp-content\/uploads\/2025\/04\/IMG_2600-768x1024.jpg 768w, https:\/\/www.lohschule-datteln.de\/wp-content\/uploads\/2025\/04\/IMG_2600-225x300.jpg 225w, https:\/\/www.lohschule-datteln.de\/wp-content\/uploads\/2025\/04\/IMG_2600-1152x1536.jpg 1152w, https:\/\/www.lohschule-datteln.de\/wp-content\/uploads\/2025\/04\/IMG_2600-1536x2048.jpg 1536w, https:\/\/www.lohschule-datteln.de\/wp-content\/uploads\/2025\/04\/IMG_2600-scaled.jpg 1920w\" sizes=\"auto, (max-width: 768px) 100vw, 768px\" \/><\/figure>\n\n\n\n<figure class=\"wp-block-image size-large\"><img loading=\"lazy\" decoding=\"async\" width=\"768\" height=\"1024\" data-id=\"14633\" src=\"https:\/\/www.lohschule-datteln.de\/wp-content\/uploads\/2025\/04\/IMG_2599-768x1024.jpg\" alt=\"\" class=\"wp-image-14633\" srcset=\"https:\/\/www.lohschule-datteln.de\/wp-content\/uploads\/2025\/04\/IMG_2599-768x1024.jpg 768w, https:\/\/www.lohschule-datteln.de\/wp-content\/uploads\/2025\/04\/IMG_2599-225x300.jpg 225w, https:\/\/www.lohschule-datteln.de\/wp-content\/uploads\/2025\/04\/IMG_2599-1152x1536.jpg 1152w, https:\/\/www.lohschule-datteln.de\/wp-content\/uploads\/2025\/04\/IMG_2599-1536x2048.jpg 1536w, https:\/\/www.lohschule-datteln.de\/wp-content\/uploads\/2025\/04\/IMG_2599-scaled.jpg 1920w\" sizes=\"auto, (max-width: 768px) 100vw, 768px\" \/><\/figure>\n<\/figure>\n","protected":false},"excerpt":{"rendered":"<p>Am letzten Schultag vor den Osterferien fand der Sponsorenlauf f\u00fcr das diesj\u00e4hrige Schulfest im Juni statt. Um 9.00 Uhr machten sich die Kinder aus dem Jahrgang 1 auf den Weg der Laufstrecke rund um die Lohschule. Die Patenklassen, unserer Drittkl\u00e4ssler, standen auf dem Schulhof verteilt und feuerten unsere j\u00fcngsten L\u00e4uferinnen und L\u00e4ufer kr\u00e4ftig an. Um [&hellip;]<\/p>\n","protected":false},"author":3,"featured_media":0,"parent":0,"menu_order":0,"comment_status":"closed","ping_status":"closed","template":"","meta":{"footnotes":""},"class_list":["post-14597","page","type-page","status-publish","hentry"],"yoast_head":"<!-- This site is optimized with the Yoast SEO plugin v27.6 - https:\/\/yoast.com\/product\/yoast-seo-wordpress\/ -->\n<title>Sponsorenlauf 2025 - Lohschule Datteln<\/title>\n<meta name=\"robots\" content=\"index, follow, max-snippet:-1, max-image-preview:large, max-video-preview:-1\" \/>\n<link rel=\"canonical\" href=\"https:\/\/www.lohschule-datteln.de\/index.php\/sponsorenlauf-2025\/\" \/>\n<meta property=\"og:locale\" content=\"de_DE\" \/>\n<meta property=\"og:type\" content=\"article\" \/>\n<meta property=\"og:title\" content=\"Sponsorenlauf 2025 - Lohschule Datteln\" \/>\n<meta property=\"og:description\" content=\"Am letzten Schultag vor den Osterferien fand der Sponsorenlauf f\u00fcr das diesj\u00e4hrige Schulfest im Juni statt. Um 9.00 Uhr machten sich die Kinder aus dem Jahrgang 1 auf den Weg der Laufstrecke rund um die Lohschule. Die Patenklassen, unserer Drittkl\u00e4ssler, standen auf dem Schulhof verteilt und feuerten unsere j\u00fcngsten L\u00e4uferinnen und L\u00e4ufer kr\u00e4ftig an. Um [&hellip;]\" \/>\n<meta property=\"og:url\" content=\"https:\/\/www.lohschule-datteln.de\/index.php\/sponsorenlauf-2025\/\" \/>\n<meta property=\"og:site_name\" content=\"Lohschule Datteln\" \/>\n<meta property=\"article:modified_time\" content=\"2025-04-11T14:02:36+00:00\" \/>\n<meta property=\"og:image\" content=\"https:\/\/www.lohschule-datteln.de\/wp-content\/uploads\/2025\/04\/IMG_2581-scaled.jpg\" \/>\n\t<meta property=\"og:image:width\" content=\"2560\" \/>\n\t<meta property=\"og:image:height\" content=\"1920\" \/>\n\t<meta property=\"og:image:type\" content=\"image\/jpeg\" \/>\n<meta name=\"twitter:card\" content=\"summary_large_image\" \/>\n<meta name=\"twitter:label1\" content=\"Gesch\u00e4tzte Lesezeit\" \/>\n\t<meta name=\"twitter:data1\" content=\"5\u00a0Minuten\" \/>\n<script type=\"application\/ld+json\" class=\"yoast-schema-graph\">{\"@context\":\"https:\\\/\\\/schema.org\",\"@graph\":[{\"@type\":\"WebPage\",\"@id\":\"https:\\\/\\\/www.lohschule-datteln.de\\\/index.php\\\/sponsorenlauf-2025\\\/\",\"url\":\"https:\\\/\\\/www.lohschule-datteln.de\\\/index.php\\\/sponsorenlauf-2025\\\/\",\"name\":\"Sponsorenlauf 2025 - Lohschule Datteln\",\"isPartOf\":{\"@id\":\"https:\\\/\\\/www.lohschule-datteln.de\\\/#website\"},\"primaryImageOfPage\":{\"@id\":\"https:\\\/\\\/www.lohschule-datteln.de\\\/index.php\\\/sponsorenlauf-2025\\\/#primaryimage\"},\"image\":{\"@id\":\"https:\\\/\\\/www.lohschule-datteln.de\\\/index.php\\\/sponsorenlauf-2025\\\/#primaryimage\"},\"thumbnailUrl\":\"https:\\\/\\\/www.lohschule-datteln.de\\\/wp-content\\\/uploads\\\/2025\\\/04\\\/IMG_2581-1024x768.jpg\",\"datePublished\":\"2025-04-09T13:25:39+00:00\",\"dateModified\":\"2025-04-11T14:02:36+00:00\",\"breadcrumb\":{\"@id\":\"https:\\\/\\\/www.lohschule-datteln.de\\\/index.php\\\/sponsorenlauf-2025\\\/#breadcrumb\"},\"inLanguage\":\"de\",\"potentialAction\":[{\"@type\":\"ReadAction\",\"target\":[\"https:\\\/\\\/www.lohschule-datteln.de\\\/index.php\\\/sponsorenlauf-2025\\\/\"]}]},{\"@type\":\"ImageObject\",\"inLanguage\":\"de\",\"@id\":\"https:\\\/\\\/www.lohschule-datteln.de\\\/index.php\\\/sponsorenlauf-2025\\\/#primaryimage\",\"url\":\"https:\\\/\\\/www.lohschule-datteln.de\\\/wp-content\\\/uploads\\\/2025\\\/04\\\/IMG_2581-scaled.jpg\",\"contentUrl\":\"https:\\\/\\\/www.lohschule-datteln.de\\\/wp-content\\\/uploads\\\/2025\\\/04\\\/IMG_2581-scaled.jpg\",\"width\":2560,\"height\":1920},{\"@type\":\"BreadcrumbList\",\"@id\":\"https:\\\/\\\/www.lohschule-datteln.de\\\/index.php\\\/sponsorenlauf-2025\\\/#breadcrumb\",\"itemListElement\":[{\"@type\":\"ListItem\",\"position\":1,\"name\":\"Startseite\",\"item\":\"https:\\\/\\\/www.lohschule-datteln.de\\\/\"},{\"@type\":\"ListItem\",\"position\":2,\"name\":\"Sponsorenlauf 2025\"}]},{\"@type\":\"WebSite\",\"@id\":\"https:\\\/\\\/www.lohschule-datteln.de\\\/#website\",\"url\":\"https:\\\/\\\/www.lohschule-datteln.de\\\/\",\"name\":\"Lohschule Datteln\",\"description\":\"kath. Grundschule\",\"publisher\":{\"@id\":\"https:\\\/\\\/www.lohschule-datteln.de\\\/#organization\"},\"potentialAction\":[{\"@type\":\"SearchAction\",\"target\":{\"@type\":\"EntryPoint\",\"urlTemplate\":\"https:\\\/\\\/www.lohschule-datteln.de\\\/?s={search_term_string}\"},\"query-input\":{\"@type\":\"PropertyValueSpecification\",\"valueRequired\":true,\"valueName\":\"search_term_string\"}}],\"inLanguage\":\"de\"},{\"@type\":\"Organization\",\"@id\":\"https:\\\/\\\/www.lohschule-datteln.de\\\/#organization\",\"name\":\"Lohschule -katholische Grundschule Datteln\",\"url\":\"https:\\\/\\\/www.lohschule-datteln.de\\\/\",\"logo\":{\"@type\":\"ImageObject\",\"inLanguage\":\"de\",\"@id\":\"https:\\\/\\\/www.lohschule-datteln.de\\\/#\\\/schema\\\/logo\\\/image\\\/\",\"url\":\"http:\\\/\\\/www.lohschule-datteln.de\\\/wp-content\\\/uploads\\\/2016\\\/02\\\/Loh-neu-2016.jpg\",\"contentUrl\":\"http:\\\/\\\/www.lohschule-datteln.de\\\/wp-content\\\/uploads\\\/2016\\\/02\\\/Loh-neu-2016.jpg\",\"width\":448,\"height\":252,\"caption\":\"Lohschule -katholische Grundschule Datteln\"},\"image\":{\"@id\":\"https:\\\/\\\/www.lohschule-datteln.de\\\/#\\\/schema\\\/logo\\\/image\\\/\"}}]}<\/script>\n<!-- \/ Yoast SEO plugin. -->","yoast_head_json":{"title":"Sponsorenlauf 2025 - Lohschule Datteln","robots":{"index":"index","follow":"follow","max-snippet":"max-snippet:-1","max-image-preview":"max-image-preview:large","max-video-preview":"max-video-preview:-1"},"canonical":"https:\/\/www.lohschule-datteln.de\/index.php\/sponsorenlauf-2025\/","og_locale":"de_DE","og_type":"article","og_title":"Sponsorenlauf 2025 - Lohschule Datteln","og_description":"Am letzten Schultag vor den Osterferien fand der Sponsorenlauf f\u00fcr das diesj\u00e4hrige Schulfest im Juni statt. Um 9.00 Uhr machten sich die Kinder aus dem Jahrgang 1 auf den Weg der Laufstrecke rund um die Lohschule. Die Patenklassen, unserer Drittkl\u00e4ssler, standen auf dem Schulhof verteilt und feuerten unsere j\u00fcngsten L\u00e4uferinnen und L\u00e4ufer kr\u00e4ftig an. Um [&hellip;]","og_url":"https:\/\/www.lohschule-datteln.de\/index.php\/sponsorenlauf-2025\/","og_site_name":"Lohschule Datteln","article_modified_time":"2025-04-11T14:02:36+00:00","og_image":[{"width":2560,"height":1920,"url":"https:\/\/www.lohschule-datteln.de\/wp-content\/uploads\/2025\/04\/IMG_2581-scaled.jpg","type":"image\/jpeg"}],"twitter_card":"summary_large_image","twitter_misc":{"Gesch\u00e4tzte Lesezeit":"5\u00a0Minuten"},"schema":{"@context":"https:\/\/schema.org","@graph":[{"@type":"WebPage","@id":"https:\/\/www.lohschule-datteln.de\/index.php\/sponsorenlauf-2025\/","url":"https:\/\/www.lohschule-datteln.de\/index.php\/sponsorenlauf-2025\/","name":"Sponsorenlauf 2025 - Lohschule Datteln","isPartOf":{"@id":"https:\/\/www.lohschule-datteln.de\/#website"},"primaryImageOfPage":{"@id":"https:\/\/www.lohschule-datteln.de\/index.php\/sponsorenlauf-2025\/#primaryimage"},"image":{"@id":"https:\/\/www.lohschule-datteln.de\/index.php\/sponsorenlauf-2025\/#primaryimage"},"thumbnailUrl":"https:\/\/www.lohschule-datteln.de\/wp-content\/uploads\/2025\/04\/IMG_2581-1024x768.jpg","datePublished":"2025-04-09T13:25:39+00:00","dateModified":"2025-04-11T14:02:36+00:00","breadcrumb":{"@id":"https:\/\/www.lohschule-datteln.de\/index.php\/sponsorenlauf-2025\/#breadcrumb"},"inLanguage":"de","potentialAction":[{"@type":"ReadAction","target":["https:\/\/www.lohschule-datteln.de\/index.php\/sponsorenlauf-2025\/"]}]},{"@type":"ImageObject","inLanguage":"de","@id":"https:\/\/www.lohschule-datteln.de\/index.php\/sponsorenlauf-2025\/#primaryimage","url":"https:\/\/www.lohschule-datteln.de\/wp-content\/uploads\/2025\/04\/IMG_2581-scaled.jpg","contentUrl":"https:\/\/www.lohschule-datteln.de\/wp-content\/uploads\/2025\/04\/IMG_2581-scaled.jpg","width":2560,"height":1920},{"@type":"BreadcrumbList","@id":"https:\/\/www.lohschule-datteln.de\/index.php\/sponsorenlauf-2025\/#breadcrumb","itemListElement":[{"@type":"ListItem","position":1,"name":"Startseite","item":"https:\/\/www.lohschule-datteln.de\/"},{"@type":"ListItem","position":2,"name":"Sponsorenlauf 2025"}]},{"@type":"WebSite","@id":"https:\/\/www.lohschule-datteln.de\/#website","url":"https:\/\/www.lohschule-datteln.de\/","name":"Lohschule Datteln","description":"kath. Grundschule","publisher":{"@id":"https:\/\/www.lohschule-datteln.de\/#organization"},"potentialAction":[{"@type":"SearchAction","target":{"@type":"EntryPoint","urlTemplate":"https:\/\/www.lohschule-datteln.de\/?s={search_term_string}"},"query-input":{"@type":"PropertyValueSpecification","valueRequired":true,"valueName":"search_term_string"}}],"inLanguage":"de"},{"@type":"Organization","@id":"https:\/\/www.lohschule-datteln.de\/#organization","name":"Lohschule -katholische Grundschule Datteln","url":"https:\/\/www.lohschule-datteln.de\/","logo":{"@type":"ImageObject","inLanguage":"de","@id":"https:\/\/www.lohschule-datteln.de\/#\/schema\/logo\/image\/","url":"http:\/\/www.lohschule-datteln.de\/wp-content\/uploads\/2016\/02\/Loh-neu-2016.jpg","contentUrl":"http:\/\/www.lohschule-datteln.de\/wp-content\/uploads\/2016\/02\/Loh-neu-2016.jpg","width":448,"height":252,"caption":"Lohschule -katholische Grundschule Datteln"},"image":{"@id":"https:\/\/www.lohschule-datteln.de\/#\/schema\/logo\/image\/"}}]}},"_links":{"self":[{"href":"https:\/\/www.lohschule-datteln.de\/index.php\/wp-json\/wp\/v2\/pages\/14597","targetHints":{"allow":["GET"]}}],"collection":[{"href":"https:\/\/www.lohschule-datteln.de\/index.php\/wp-json\/wp\/v2\/pages"}],"about":[{"href":"https:\/\/www.lohschule-datteln.de\/index.php\/wp-json\/wp\/v2\/types\/page"}],"author":[{"embeddable":true,"href":"https:\/\/www.lohschule-datteln.de\/index.php\/wp-json\/wp\/v2\/users\/3"}],"replies":[{"embeddable":true,"href":"https:\/\/www.lohschule-datteln.de\/index.php\/wp-json\/wp\/v2\/comments?post=14597"}],"version-history":[{"count":2,"href":"https:\/\/www.lohschule-datteln.de\/index.php\/wp-json\/wp\/v2\/pages\/14597\/revisions"}],"predecessor-version":[{"id":14634,"href":"https:\/\/www.lohschule-datteln.de\/index.php\/wp-json\/wp\/v2\/pages\/14597\/revisions\/14634"}],"wp:attachment":[{"href":"https:\/\/www.lohschule-datteln.de\/index.php\/wp-json\/wp\/v2\/media?parent=14597"}],"curies":[{"name":"wp","href":"https:\/\/api.w.org\/{rel}","templated":true}]}}