{"id":14942,"date":"2025-07-08T18:06:23","date_gmt":"2025-07-08T16:06:23","guid":{"rendered":"https:\/\/www.lohschule-datteln.de\/?page_id=14942"},"modified":"2025-07-08T18:16:40","modified_gmt":"2025-07-08T16:16:40","slug":"kennenlernnachmittag-der-neuen-erstklaessler","status":"publish","type":"page","link":"https:\/\/www.lohschule-datteln.de\/index.php\/kennenlernnachmittag-der-neuen-erstklaessler\/","title":{"rendered":"Kennenlernnachmittag der zuk\u00fcnftigen Erstkl\u00e4ssler"},"content":{"rendered":"\n<p>Am 8.7.2025 trafen sich alle zuk\u00fcnftigen Erstkl\u00e4ssler das erste Mal in der Turnhalle. Frau Schneider und Herr L\u00f6ffler konnten viele aufgeregte Kinder und Eltern begr\u00fc\u00dfen. Nun wurde es spannend, denn f\u00fcr die Klasseneinteilung riefen sie alle Kinder der verschiedenen Klassen einzeln auf. Diese kamen unter viel Applaus zu ihrer neuen Klassenlehrerin und dem jeweiligen Klassentier. W\u00e4hrend die Kinder sich in ihrem neuen Klassenraum schon einmal umsehen und sich gegenseitig kennenlernen konnten, wurden die Eltern vom F\u00f6rderverein auf dem Schulhof mit Waffeln und Kaffee versorgt.<\/p>\n\n\n\n<p>Hier stellen sich zun\u00e4chst die neuen Klassentiere der zuk\u00fcnftigen Erstkl\u00e4ssler vor:<\/p>\n\n\n\n<figure class=\"wp-block-gallery has-nested-images columns-default is-cropped wp-block-gallery-1 is-layout-flex wp-block-gallery-is-layout-flex\">\n<figure class=\"wp-block-image size-large\"><img loading=\"lazy\" decoding=\"async\" width=\"1024\" height=\"768\" data-id=\"14946\" src=\"https:\/\/www.lohschule-datteln.de\/wp-content\/uploads\/2025\/07\/IMG_4794-1024x768.jpeg\" alt=\"\" class=\"wp-image-14946\" srcset=\"https:\/\/www.lohschule-datteln.de\/wp-content\/uploads\/2025\/07\/IMG_4794-1024x768.jpeg 1024w, https:\/\/www.lohschule-datteln.de\/wp-content\/uploads\/2025\/07\/IMG_4794-300x225.jpeg 300w, https:\/\/www.lohschule-datteln.de\/wp-content\/uploads\/2025\/07\/IMG_4794-768x576.jpeg 768w, https:\/\/www.lohschule-datteln.de\/wp-content\/uploads\/2025\/07\/IMG_4794-1536x1152.jpeg 1536w, https:\/\/www.lohschule-datteln.de\/wp-content\/uploads\/2025\/07\/IMG_4794-2048x1536.jpeg 2048w\" sizes=\"auto, (max-width: 1024px) 100vw, 1024px\" \/><\/figure>\n<\/figure>\n\n\n\n<p>1a &#8211; Die Eisb\u00e4renklasse: Eibo Eisb\u00e4r und Frau J\u00fcrgens-Wember.<\/p>\n\n\n\n<p>1b &#8211; Die Hundeklasse: Hanna Hund und Frau Wolff.<\/p>\n\n\n\n<p>1c &#8211; Die Pinguinklasse: Pino Pinguin und Frau Bomholt.<\/p>\n\n\n\n<p>1d &#8211; Die Giraffenklasse: H\u00f6rnchen Giraffe und Frau Berges.<\/p>\n\n\n\n<p>Das Bild unten zeigt noch einmal die gl\u00fccklichen Klassenlehrerinnen mit ihrem jeweiligen Klassentier.<\/p>\n\n\n\n<figure class=\"wp-block-gallery has-nested-images columns-default is-cropped wp-block-gallery-2 is-layout-flex wp-block-gallery-is-layout-flex\">\n<figure class=\"wp-block-image size-large\"><img loading=\"lazy\" decoding=\"async\" width=\"943\" height=\"1024\" data-id=\"14949\" src=\"https:\/\/www.lohschule-datteln.de\/wp-content\/uploads\/2025\/07\/IMG_4797-1-943x1024.jpeg\" alt=\"\" class=\"wp-image-14949\" srcset=\"https:\/\/www.lohschule-datteln.de\/wp-content\/uploads\/2025\/07\/IMG_4797-1-943x1024.jpeg 943w, https:\/\/www.lohschule-datteln.de\/wp-content\/uploads\/2025\/07\/IMG_4797-1-276x300.jpeg 276w, https:\/\/www.lohschule-datteln.de\/wp-content\/uploads\/2025\/07\/IMG_4797-1-768x834.jpeg 768w, https:\/\/www.lohschule-datteln.de\/wp-content\/uploads\/2025\/07\/IMG_4797-1-1415x1536.jpeg 1415w, https:\/\/www.lohschule-datteln.de\/wp-content\/uploads\/2025\/07\/IMG_4797-1-1887x2048.jpeg 1887w\" sizes=\"auto, (max-width: 943px) 100vw, 943px\" \/><\/figure>\n<\/figure>\n","protected":false},"excerpt":{"rendered":"<p>Am 8.7.2025 trafen sich alle zuk\u00fcnftigen Erstkl\u00e4ssler das erste Mal in der Turnhalle. Frau Schneider und Herr L\u00f6ffler konnten viele aufgeregte Kinder und Eltern begr\u00fc\u00dfen. Nun wurde es spannend, denn f\u00fcr die Klasseneinteilung riefen sie alle Kinder der verschiedenen Klassen einzeln auf. Diese kamen unter viel Applaus zu ihrer neuen Klassenlehrerin und dem jeweiligen Klassentier. [&hellip;]<\/p>\n","protected":false},"author":3,"featured_media":0,"parent":0,"menu_order":0,"comment_status":"closed","ping_status":"closed","template":"","meta":{"footnotes":""},"class_list":["post-14942","page","type-page","status-publish","hentry"],"yoast_head":"<!-- This site is optimized with the Yoast SEO plugin v27.4 - https:\/\/yoast.com\/product\/yoast-seo-wordpress\/ -->\n<title>Kennenlernnachmittag der zuk\u00fcnftigen Erstkl\u00e4ssler - Lohschule Datteln<\/title>\n<meta name=\"robots\" content=\"index, follow, max-snippet:-1, max-image-preview:large, max-video-preview:-1\" \/>\n<link rel=\"canonical\" href=\"https:\/\/www.lohschule-datteln.de\/index.php\/kennenlernnachmittag-der-neuen-erstklaessler\/\" \/>\n<meta property=\"og:locale\" content=\"de_DE\" \/>\n<meta property=\"og:type\" content=\"article\" \/>\n<meta property=\"og:title\" content=\"Kennenlernnachmittag der zuk\u00fcnftigen Erstkl\u00e4ssler - Lohschule Datteln\" \/>\n<meta property=\"og:description\" content=\"Am 8.7.2025 trafen sich alle zuk\u00fcnftigen Erstkl\u00e4ssler das erste Mal in der Turnhalle. Frau Schneider und Herr L\u00f6ffler konnten viele aufgeregte Kinder und Eltern begr\u00fc\u00dfen. Nun wurde es spannend, denn f\u00fcr die Klasseneinteilung riefen sie alle Kinder der verschiedenen Klassen einzeln auf. Diese kamen unter viel Applaus zu ihrer neuen Klassenlehrerin und dem jeweiligen Klassentier. [&hellip;]\" \/>\n<meta property=\"og:url\" content=\"https:\/\/www.lohschule-datteln.de\/index.php\/kennenlernnachmittag-der-neuen-erstklaessler\/\" \/>\n<meta property=\"og:site_name\" content=\"Lohschule Datteln\" \/>\n<meta property=\"article:modified_time\" content=\"2025-07-08T16:16:40+00:00\" \/>\n<meta property=\"og:image\" content=\"https:\/\/www.lohschule-datteln.de\/wp-content\/uploads\/2025\/07\/IMG_4794-scaled.jpeg\" \/>\n\t<meta property=\"og:image:width\" content=\"2560\" \/>\n\t<meta property=\"og:image:height\" content=\"1920\" \/>\n\t<meta property=\"og:image:type\" content=\"image\/jpeg\" \/>\n<meta name=\"twitter:card\" content=\"summary_large_image\" \/>\n<meta name=\"twitter:label1\" content=\"Gesch\u00e4tzte Lesezeit\" \/>\n\t<meta name=\"twitter:data1\" content=\"2\u00a0Minuten\" \/>\n<script type=\"application\/ld+json\" class=\"yoast-schema-graph\">{\"@context\":\"https:\\\/\\\/schema.org\",\"@graph\":[{\"@type\":\"WebPage\",\"@id\":\"https:\\\/\\\/www.lohschule-datteln.de\\\/index.php\\\/kennenlernnachmittag-der-neuen-erstklaessler\\\/\",\"url\":\"https:\\\/\\\/www.lohschule-datteln.de\\\/index.php\\\/kennenlernnachmittag-der-neuen-erstklaessler\\\/\",\"name\":\"Kennenlernnachmittag der zuk\u00fcnftigen Erstkl\u00e4ssler - Lohschule Datteln\",\"isPartOf\":{\"@id\":\"https:\\\/\\\/www.lohschule-datteln.de\\\/#website\"},\"primaryImageOfPage\":{\"@id\":\"https:\\\/\\\/www.lohschule-datteln.de\\\/index.php\\\/kennenlernnachmittag-der-neuen-erstklaessler\\\/#primaryimage\"},\"image\":{\"@id\":\"https:\\\/\\\/www.lohschule-datteln.de\\\/index.php\\\/kennenlernnachmittag-der-neuen-erstklaessler\\\/#primaryimage\"},\"thumbnailUrl\":\"https:\\\/\\\/www.lohschule-datteln.de\\\/wp-content\\\/uploads\\\/2025\\\/07\\\/IMG_4794-1024x768.jpeg\",\"datePublished\":\"2025-07-08T16:06:23+00:00\",\"dateModified\":\"2025-07-08T16:16:40+00:00\",\"breadcrumb\":{\"@id\":\"https:\\\/\\\/www.lohschule-datteln.de\\\/index.php\\\/kennenlernnachmittag-der-neuen-erstklaessler\\\/#breadcrumb\"},\"inLanguage\":\"de\",\"potentialAction\":[{\"@type\":\"ReadAction\",\"target\":[\"https:\\\/\\\/www.lohschule-datteln.de\\\/index.php\\\/kennenlernnachmittag-der-neuen-erstklaessler\\\/\"]}]},{\"@type\":\"ImageObject\",\"inLanguage\":\"de\",\"@id\":\"https:\\\/\\\/www.lohschule-datteln.de\\\/index.php\\\/kennenlernnachmittag-der-neuen-erstklaessler\\\/#primaryimage\",\"url\":\"https:\\\/\\\/www.lohschule-datteln.de\\\/wp-content\\\/uploads\\\/2025\\\/07\\\/IMG_4794-scaled.jpeg\",\"contentUrl\":\"https:\\\/\\\/www.lohschule-datteln.de\\\/wp-content\\\/uploads\\\/2025\\\/07\\\/IMG_4794-scaled.jpeg\",\"width\":2560,\"height\":1920},{\"@type\":\"BreadcrumbList\",\"@id\":\"https:\\\/\\\/www.lohschule-datteln.de\\\/index.php\\\/kennenlernnachmittag-der-neuen-erstklaessler\\\/#breadcrumb\",\"itemListElement\":[{\"@type\":\"ListItem\",\"position\":1,\"name\":\"Startseite\",\"item\":\"https:\\\/\\\/www.lohschule-datteln.de\\\/\"},{\"@type\":\"ListItem\",\"position\":2,\"name\":\"Kennenlernnachmittag der zuk\u00fcnftigen Erstkl\u00e4ssler\"}]},{\"@type\":\"WebSite\",\"@id\":\"https:\\\/\\\/www.lohschule-datteln.de\\\/#website\",\"url\":\"https:\\\/\\\/www.lohschule-datteln.de\\\/\",\"name\":\"Lohschule Datteln\",\"description\":\"kath. Grundschule\",\"publisher\":{\"@id\":\"https:\\\/\\\/www.lohschule-datteln.de\\\/#organization\"},\"potentialAction\":[{\"@type\":\"SearchAction\",\"target\":{\"@type\":\"EntryPoint\",\"urlTemplate\":\"https:\\\/\\\/www.lohschule-datteln.de\\\/?s={search_term_string}\"},\"query-input\":{\"@type\":\"PropertyValueSpecification\",\"valueRequired\":true,\"valueName\":\"search_term_string\"}}],\"inLanguage\":\"de\"},{\"@type\":\"Organization\",\"@id\":\"https:\\\/\\\/www.lohschule-datteln.de\\\/#organization\",\"name\":\"Lohschule -katholische Grundschule Datteln\",\"url\":\"https:\\\/\\\/www.lohschule-datteln.de\\\/\",\"logo\":{\"@type\":\"ImageObject\",\"inLanguage\":\"de\",\"@id\":\"https:\\\/\\\/www.lohschule-datteln.de\\\/#\\\/schema\\\/logo\\\/image\\\/\",\"url\":\"http:\\\/\\\/www.lohschule-datteln.de\\\/wp-content\\\/uploads\\\/2016\\\/02\\\/Loh-neu-2016.jpg\",\"contentUrl\":\"http:\\\/\\\/www.lohschule-datteln.de\\\/wp-content\\\/uploads\\\/2016\\\/02\\\/Loh-neu-2016.jpg\",\"width\":448,\"height\":252,\"caption\":\"Lohschule -katholische Grundschule Datteln\"},\"image\":{\"@id\":\"https:\\\/\\\/www.lohschule-datteln.de\\\/#\\\/schema\\\/logo\\\/image\\\/\"}}]}<\/script>\n<!-- \/ Yoast SEO plugin. -->","yoast_head_json":{"title":"Kennenlernnachmittag der zuk\u00fcnftigen Erstkl\u00e4ssler - Lohschule Datteln","robots":{"index":"index","follow":"follow","max-snippet":"max-snippet:-1","max-image-preview":"max-image-preview:large","max-video-preview":"max-video-preview:-1"},"canonical":"https:\/\/www.lohschule-datteln.de\/index.php\/kennenlernnachmittag-der-neuen-erstklaessler\/","og_locale":"de_DE","og_type":"article","og_title":"Kennenlernnachmittag der zuk\u00fcnftigen Erstkl\u00e4ssler - Lohschule Datteln","og_description":"Am 8.7.2025 trafen sich alle zuk\u00fcnftigen Erstkl\u00e4ssler das erste Mal in der Turnhalle. Frau Schneider und Herr L\u00f6ffler konnten viele aufgeregte Kinder und Eltern begr\u00fc\u00dfen. Nun wurde es spannend, denn f\u00fcr die Klasseneinteilung riefen sie alle Kinder der verschiedenen Klassen einzeln auf. Diese kamen unter viel Applaus zu ihrer neuen Klassenlehrerin und dem jeweiligen Klassentier. [&hellip;]","og_url":"https:\/\/www.lohschule-datteln.de\/index.php\/kennenlernnachmittag-der-neuen-erstklaessler\/","og_site_name":"Lohschule Datteln","article_modified_time":"2025-07-08T16:16:40+00:00","og_image":[{"width":2560,"height":1920,"url":"https:\/\/www.lohschule-datteln.de\/wp-content\/uploads\/2025\/07\/IMG_4794-scaled.jpeg","type":"image\/jpeg"}],"twitter_card":"summary_large_image","twitter_misc":{"Gesch\u00e4tzte Lesezeit":"2\u00a0Minuten"},"schema":{"@context":"https:\/\/schema.org","@graph":[{"@type":"WebPage","@id":"https:\/\/www.lohschule-datteln.de\/index.php\/kennenlernnachmittag-der-neuen-erstklaessler\/","url":"https:\/\/www.lohschule-datteln.de\/index.php\/kennenlernnachmittag-der-neuen-erstklaessler\/","name":"Kennenlernnachmittag der zuk\u00fcnftigen Erstkl\u00e4ssler - Lohschule Datteln","isPartOf":{"@id":"https:\/\/www.lohschule-datteln.de\/#website"},"primaryImageOfPage":{"@id":"https:\/\/www.lohschule-datteln.de\/index.php\/kennenlernnachmittag-der-neuen-erstklaessler\/#primaryimage"},"image":{"@id":"https:\/\/www.lohschule-datteln.de\/index.php\/kennenlernnachmittag-der-neuen-erstklaessler\/#primaryimage"},"thumbnailUrl":"https:\/\/www.lohschule-datteln.de\/wp-content\/uploads\/2025\/07\/IMG_4794-1024x768.jpeg","datePublished":"2025-07-08T16:06:23+00:00","dateModified":"2025-07-08T16:16:40+00:00","breadcrumb":{"@id":"https:\/\/www.lohschule-datteln.de\/index.php\/kennenlernnachmittag-der-neuen-erstklaessler\/#breadcrumb"},"inLanguage":"de","potentialAction":[{"@type":"ReadAction","target":["https:\/\/www.lohschule-datteln.de\/index.php\/kennenlernnachmittag-der-neuen-erstklaessler\/"]}]},{"@type":"ImageObject","inLanguage":"de","@id":"https:\/\/www.lohschule-datteln.de\/index.php\/kennenlernnachmittag-der-neuen-erstklaessler\/#primaryimage","url":"https:\/\/www.lohschule-datteln.de\/wp-content\/uploads\/2025\/07\/IMG_4794-scaled.jpeg","contentUrl":"https:\/\/www.lohschule-datteln.de\/wp-content\/uploads\/2025\/07\/IMG_4794-scaled.jpeg","width":2560,"height":1920},{"@type":"BreadcrumbList","@id":"https:\/\/www.lohschule-datteln.de\/index.php\/kennenlernnachmittag-der-neuen-erstklaessler\/#breadcrumb","itemListElement":[{"@type":"ListItem","position":1,"name":"Startseite","item":"https:\/\/www.lohschule-datteln.de\/"},{"@type":"ListItem","position":2,"name":"Kennenlernnachmittag der zuk\u00fcnftigen Erstkl\u00e4ssler"}]},{"@type":"WebSite","@id":"https:\/\/www.lohschule-datteln.de\/#website","url":"https:\/\/www.lohschule-datteln.de\/","name":"Lohschule Datteln","description":"kath. Grundschule","publisher":{"@id":"https:\/\/www.lohschule-datteln.de\/#organization"},"potentialAction":[{"@type":"SearchAction","target":{"@type":"EntryPoint","urlTemplate":"https:\/\/www.lohschule-datteln.de\/?s={search_term_string}"},"query-input":{"@type":"PropertyValueSpecification","valueRequired":true,"valueName":"search_term_string"}}],"inLanguage":"de"},{"@type":"Organization","@id":"https:\/\/www.lohschule-datteln.de\/#organization","name":"Lohschule -katholische Grundschule Datteln","url":"https:\/\/www.lohschule-datteln.de\/","logo":{"@type":"ImageObject","inLanguage":"de","@id":"https:\/\/www.lohschule-datteln.de\/#\/schema\/logo\/image\/","url":"http:\/\/www.lohschule-datteln.de\/wp-content\/uploads\/2016\/02\/Loh-neu-2016.jpg","contentUrl":"http:\/\/www.lohschule-datteln.de\/wp-content\/uploads\/2016\/02\/Loh-neu-2016.jpg","width":448,"height":252,"caption":"Lohschule -katholische Grundschule Datteln"},"image":{"@id":"https:\/\/www.lohschule-datteln.de\/#\/schema\/logo\/image\/"}}]}},"_links":{"self":[{"href":"https:\/\/www.lohschule-datteln.de\/index.php\/wp-json\/wp\/v2\/pages\/14942","targetHints":{"allow":["GET"]}}],"collection":[{"href":"https:\/\/www.lohschule-datteln.de\/index.php\/wp-json\/wp\/v2\/pages"}],"about":[{"href":"https:\/\/www.lohschule-datteln.de\/index.php\/wp-json\/wp\/v2\/types\/page"}],"author":[{"embeddable":true,"href":"https:\/\/www.lohschule-datteln.de\/index.php\/wp-json\/wp\/v2\/users\/3"}],"replies":[{"embeddable":true,"href":"https:\/\/www.lohschule-datteln.de\/index.php\/wp-json\/wp\/v2\/comments?post=14942"}],"version-history":[{"count":2,"href":"https:\/\/www.lohschule-datteln.de\/index.php\/wp-json\/wp\/v2\/pages\/14942\/revisions"}],"predecessor-version":[{"id":14950,"href":"https:\/\/www.lohschule-datteln.de\/index.php\/wp-json\/wp\/v2\/pages\/14942\/revisions\/14950"}],"wp:attachment":[{"href":"https:\/\/www.lohschule-datteln.de\/index.php\/wp-json\/wp\/v2\/media?parent=14942"}],"curies":[{"name":"wp","href":"https:\/\/api.w.org\/{rel}","templated":true}]}}