{"id":14966,"date":"2025-07-12T18:13:38","date_gmt":"2025-07-12T16:13:38","guid":{"rendered":"https:\/\/www.lohschule-datteln.de\/?page_id=14966"},"modified":"2025-07-12T18:13:43","modified_gmt":"2025-07-12T16:13:43","slug":"abschied-der-4-klassen","status":"publish","type":"page","link":"https:\/\/www.lohschule-datteln.de\/index.php\/abschied-der-4-klassen\/","title":{"rendered":"Abschied der 4. Klassen"},"content":{"rendered":"\n<p>Am letzten Schultag war es so weit, die Viertkl\u00e4ssler beendeten ihre Grundschulzeit. Sie verlie\u00dfen unter Gl\u00fcckw\u00fcnschen ein letztes Mal den Schulhof der Lohschule durch eine Winkegasse. Es wurde sogar die eine oder andere Tr\u00e4ne vergossen.<\/p>\n\n\n\n<p>Der Tag begann mit einem Abschlussgottesdienst in der St. Amanduskirche, nach der letzten gro\u00dfen Pause startete dann das gro\u00dfe Finale. Der lange ge\u00fcbte Abschlusstanz wurde von den 4ern aufgef\u00fchrt und danach stiegen die bunten Luftballons mit ganz vielen W\u00fcnschen in den Himmel.<\/p>\n\n\n\n<p>Liebe Eisb\u00e4ren, Schmetterlinge und L\u00f6wen, es war sch\u00f6n mit euch! Wir w\u00fcnschen euch alles Gute und viel Gl\u00fcck f\u00fcr eure Zukunft.<\/p>\n\n\n\n<p><\/p>\n\n\n\n<figure class=\"wp-block-gallery has-nested-images columns-default is-cropped wp-block-gallery-1 is-layout-flex wp-block-gallery-is-layout-flex\">\n<figure class=\"wp-block-image size-large\"><img loading=\"lazy\" decoding=\"async\" width=\"1024\" height=\"768\" data-id=\"14968\" src=\"https:\/\/www.lohschule-datteln.de\/wp-content\/uploads\/2025\/07\/20250711_100506.jpg\" alt=\"\" class=\"wp-image-14968\" srcset=\"https:\/\/www.lohschule-datteln.de\/wp-content\/uploads\/2025\/07\/20250711_100506.jpg 1024w, https:\/\/www.lohschule-datteln.de\/wp-content\/uploads\/2025\/07\/20250711_100506-300x225.jpg 300w, https:\/\/www.lohschule-datteln.de\/wp-content\/uploads\/2025\/07\/20250711_100506-768x576.jpg 768w\" sizes=\"auto, (max-width: 1024px) 100vw, 1024px\" \/><\/figure>\n\n\n\n<figure class=\"wp-block-image size-large\"><img loading=\"lazy\" decoding=\"async\" width=\"1024\" height=\"768\" data-id=\"14970\" src=\"https:\/\/www.lohschule-datteln.de\/wp-content\/uploads\/2025\/07\/20250711_100738.jpg\" alt=\"\" class=\"wp-image-14970\" srcset=\"https:\/\/www.lohschule-datteln.de\/wp-content\/uploads\/2025\/07\/20250711_100738.jpg 1024w, https:\/\/www.lohschule-datteln.de\/wp-content\/uploads\/2025\/07\/20250711_100738-300x225.jpg 300w, https:\/\/www.lohschule-datteln.de\/wp-content\/uploads\/2025\/07\/20250711_100738-768x576.jpg 768w\" sizes=\"auto, (max-width: 1024px) 100vw, 1024px\" \/><\/figure>\n\n\n\n<figure class=\"wp-block-image size-large\"><img loading=\"lazy\" decoding=\"async\" width=\"1024\" height=\"768\" data-id=\"14971\" src=\"https:\/\/www.lohschule-datteln.de\/wp-content\/uploads\/2025\/07\/20250711_100915.jpg\" alt=\"\" class=\"wp-image-14971\" srcset=\"https:\/\/www.lohschule-datteln.de\/wp-content\/uploads\/2025\/07\/20250711_100915.jpg 1024w, https:\/\/www.lohschule-datteln.de\/wp-content\/uploads\/2025\/07\/20250711_100915-300x225.jpg 300w, https:\/\/www.lohschule-datteln.de\/wp-content\/uploads\/2025\/07\/20250711_100915-768x576.jpg 768w\" sizes=\"auto, (max-width: 1024px) 100vw, 1024px\" \/><\/figure>\n\n\n<div class=\"wp-block-image\">\n<figure class=\"aligncenter size-large\"><img loading=\"lazy\" decoding=\"async\" width=\"1024\" height=\"768\" data-id=\"14969\" src=\"https:\/\/www.lohschule-datteln.de\/wp-content\/uploads\/2025\/07\/20250711_100921.jpg\" alt=\"\" class=\"wp-image-14969\" srcset=\"https:\/\/www.lohschule-datteln.de\/wp-content\/uploads\/2025\/07\/20250711_100921.jpg 1024w, https:\/\/www.lohschule-datteln.de\/wp-content\/uploads\/2025\/07\/20250711_100921-300x225.jpg 300w, https:\/\/www.lohschule-datteln.de\/wp-content\/uploads\/2025\/07\/20250711_100921-768x576.jpg 768w\" sizes=\"auto, (max-width: 1024px) 100vw, 1024px\" \/><\/figure>\n<\/div>\n\n\n<figure class=\"wp-block-image size-large\"><img loading=\"lazy\" decoding=\"async\" width=\"1024\" height=\"768\" data-id=\"14974\" src=\"https:\/\/www.lohschule-datteln.de\/wp-content\/uploads\/2025\/07\/20250711_100848.jpg\" alt=\"\" class=\"wp-image-14974\" srcset=\"https:\/\/www.lohschule-datteln.de\/wp-content\/uploads\/2025\/07\/20250711_100848.jpg 1024w, https:\/\/www.lohschule-datteln.de\/wp-content\/uploads\/2025\/07\/20250711_100848-300x225.jpg 300w, https:\/\/www.lohschule-datteln.de\/wp-content\/uploads\/2025\/07\/20250711_100848-768x576.jpg 768w\" sizes=\"auto, (max-width: 1024px) 100vw, 1024px\" \/><\/figure>\n\n\n\n<figure class=\"wp-block-image size-large\"><img loading=\"lazy\" decoding=\"async\" width=\"1024\" height=\"768\" data-id=\"14975\" src=\"https:\/\/www.lohschule-datteln.de\/wp-content\/uploads\/2025\/07\/20250711_101327.jpg\" alt=\"\" class=\"wp-image-14975\" srcset=\"https:\/\/www.lohschule-datteln.de\/wp-content\/uploads\/2025\/07\/20250711_101327.jpg 1024w, https:\/\/www.lohschule-datteln.de\/wp-content\/uploads\/2025\/07\/20250711_101327-300x225.jpg 300w, https:\/\/www.lohschule-datteln.de\/wp-content\/uploads\/2025\/07\/20250711_101327-768x576.jpg 768w\" sizes=\"auto, (max-width: 1024px) 100vw, 1024px\" \/><\/figure>\n\n\n<div class=\"wp-block-image\">\n<figure class=\"aligncenter size-large\"><img loading=\"lazy\" decoding=\"async\" width=\"1024\" height=\"768\" data-id=\"14972\" src=\"https:\/\/www.lohschule-datteln.de\/wp-content\/uploads\/2025\/07\/20250711_101622.jpg\" alt=\"\" class=\"wp-image-14972\" srcset=\"https:\/\/www.lohschule-datteln.de\/wp-content\/uploads\/2025\/07\/20250711_101622.jpg 1024w, https:\/\/www.lohschule-datteln.de\/wp-content\/uploads\/2025\/07\/20250711_101622-300x225.jpg 300w, https:\/\/www.lohschule-datteln.de\/wp-content\/uploads\/2025\/07\/20250711_101622-768x576.jpg 768w\" sizes=\"auto, (max-width: 1024px) 100vw, 1024px\" \/><\/figure>\n<\/div>\n\n\n<figure class=\"wp-block-image size-large\"><img loading=\"lazy\" decoding=\"async\" width=\"1024\" height=\"768\" data-id=\"14967\" src=\"https:\/\/www.lohschule-datteln.de\/wp-content\/uploads\/2025\/07\/20250711_101739.jpg\" alt=\"\" class=\"wp-image-14967\" srcset=\"https:\/\/www.lohschule-datteln.de\/wp-content\/uploads\/2025\/07\/20250711_101739.jpg 1024w, https:\/\/www.lohschule-datteln.de\/wp-content\/uploads\/2025\/07\/20250711_101739-300x225.jpg 300w, https:\/\/www.lohschule-datteln.de\/wp-content\/uploads\/2025\/07\/20250711_101739-768x576.jpg 768w\" sizes=\"auto, (max-width: 1024px) 100vw, 1024px\" \/><\/figure>\n\n\n\n<figure class=\"wp-block-image size-large\"><img loading=\"lazy\" decoding=\"async\" width=\"1024\" height=\"768\" data-id=\"14973\" src=\"https:\/\/www.lohschule-datteln.de\/wp-content\/uploads\/2025\/07\/20250711_101735.jpg\" alt=\"\" class=\"wp-image-14973\" srcset=\"https:\/\/www.lohschule-datteln.de\/wp-content\/uploads\/2025\/07\/20250711_101735.jpg 1024w, https:\/\/www.lohschule-datteln.de\/wp-content\/uploads\/2025\/07\/20250711_101735-300x225.jpg 300w, https:\/\/www.lohschule-datteln.de\/wp-content\/uploads\/2025\/07\/20250711_101735-768x576.jpg 768w\" sizes=\"auto, (max-width: 1024px) 100vw, 1024px\" \/><\/figure>\n\n\n\n<figure class=\"wp-block-image size-large\"><img loading=\"lazy\" decoding=\"async\" width=\"768\" height=\"1024\" data-id=\"14976\" src=\"https:\/\/www.lohschule-datteln.de\/wp-content\/uploads\/2025\/07\/IMG_7405-768x1024.jpeg\" alt=\"\" class=\"wp-image-14976\" srcset=\"https:\/\/www.lohschule-datteln.de\/wp-content\/uploads\/2025\/07\/IMG_7405-768x1024.jpeg 768w, https:\/\/www.lohschule-datteln.de\/wp-content\/uploads\/2025\/07\/IMG_7405-225x300.jpeg 225w, https:\/\/www.lohschule-datteln.de\/wp-content\/uploads\/2025\/07\/IMG_7405-1152x1536.jpeg 1152w, https:\/\/www.lohschule-datteln.de\/wp-content\/uploads\/2025\/07\/IMG_7405-1536x2048.jpeg 1536w, https:\/\/www.lohschule-datteln.de\/wp-content\/uploads\/2025\/07\/IMG_7405-scaled.jpeg 1920w\" sizes=\"auto, (max-width: 768px) 100vw, 768px\" \/><\/figure>\n\n\n\n<figure class=\"wp-block-image size-large\"><img loading=\"lazy\" decoding=\"async\" width=\"768\" height=\"1024\" data-id=\"14977\" src=\"https:\/\/www.lohschule-datteln.de\/wp-content\/uploads\/2025\/07\/IMG_7404-768x1024.jpeg\" alt=\"\" class=\"wp-image-14977\" srcset=\"https:\/\/www.lohschule-datteln.de\/wp-content\/uploads\/2025\/07\/IMG_7404-768x1024.jpeg 768w, https:\/\/www.lohschule-datteln.de\/wp-content\/uploads\/2025\/07\/IMG_7404-225x300.jpeg 225w, https:\/\/www.lohschule-datteln.de\/wp-content\/uploads\/2025\/07\/IMG_7404-1152x1536.jpeg 1152w, https:\/\/www.lohschule-datteln.de\/wp-content\/uploads\/2025\/07\/IMG_7404-1536x2048.jpeg 1536w, https:\/\/www.lohschule-datteln.de\/wp-content\/uploads\/2025\/07\/IMG_7404-scaled.jpeg 1920w\" sizes=\"auto, (max-width: 768px) 100vw, 768px\" \/><\/figure>\n\n\n\n<figure class=\"wp-block-image size-large\"><img loading=\"lazy\" decoding=\"async\" width=\"768\" height=\"1024\" data-id=\"14981\" src=\"https:\/\/www.lohschule-datteln.de\/wp-content\/uploads\/2025\/07\/20250711_102201.jpg\" alt=\"\" class=\"wp-image-14981\" srcset=\"https:\/\/www.lohschule-datteln.de\/wp-content\/uploads\/2025\/07\/20250711_102201.jpg 768w, https:\/\/www.lohschule-datteln.de\/wp-content\/uploads\/2025\/07\/20250711_102201-225x300.jpg 225w\" sizes=\"auto, (max-width: 768px) 100vw, 768px\" \/><\/figure>\n\n\n\n<figure class=\"wp-block-image size-large\"><img loading=\"lazy\" decoding=\"async\" width=\"768\" height=\"1024\" data-id=\"14978\" src=\"https:\/\/www.lohschule-datteln.de\/wp-content\/uploads\/2025\/07\/20250711_102236.jpg\" alt=\"\" class=\"wp-image-14978\" srcset=\"https:\/\/www.lohschule-datteln.de\/wp-content\/uploads\/2025\/07\/20250711_102236.jpg 768w, https:\/\/www.lohschule-datteln.de\/wp-content\/uploads\/2025\/07\/20250711_102236-225x300.jpg 225w\" sizes=\"auto, (max-width: 768px) 100vw, 768px\" \/><\/figure>\n\n\n\n<figure class=\"wp-block-image size-large\"><img loading=\"lazy\" decoding=\"async\" width=\"768\" height=\"1024\" data-id=\"14979\" src=\"https:\/\/www.lohschule-datteln.de\/wp-content\/uploads\/2025\/07\/20250711_102215.jpg\" alt=\"\" class=\"wp-image-14979\" srcset=\"https:\/\/www.lohschule-datteln.de\/wp-content\/uploads\/2025\/07\/20250711_102215.jpg 768w, https:\/\/www.lohschule-datteln.de\/wp-content\/uploads\/2025\/07\/20250711_102215-225x300.jpg 225w\" sizes=\"auto, (max-width: 768px) 100vw, 768px\" \/><\/figure>\n\n\n\n<figure class=\"wp-block-image size-large\"><img loading=\"lazy\" decoding=\"async\" width=\"768\" height=\"1024\" data-id=\"14980\" src=\"https:\/\/www.lohschule-datteln.de\/wp-content\/uploads\/2025\/07\/20250711_102319.jpg\" alt=\"\" class=\"wp-image-14980\" srcset=\"https:\/\/www.lohschule-datteln.de\/wp-content\/uploads\/2025\/07\/20250711_102319.jpg 768w, https:\/\/www.lohschule-datteln.de\/wp-content\/uploads\/2025\/07\/20250711_102319-225x300.jpg 225w\" sizes=\"auto, (max-width: 768px) 100vw, 768px\" \/><\/figure>\n<\/figure>\n\n\n\n<p><\/p>\n","protected":false},"excerpt":{"rendered":"<p>Am letzten Schultag war es so weit, die Viertkl\u00e4ssler beendeten ihre Grundschulzeit. Sie verlie\u00dfen unter Gl\u00fcckw\u00fcnschen ein letztes Mal den Schulhof der Lohschule durch eine Winkegasse. Es wurde sogar die eine oder andere Tr\u00e4ne vergossen. Der Tag begann mit einem Abschlussgottesdienst in der St. Amanduskirche, nach der letzten gro\u00dfen Pause startete dann das gro\u00dfe Finale. [&hellip;]<\/p>\n","protected":false},"author":3,"featured_media":0,"parent":0,"menu_order":0,"comment_status":"closed","ping_status":"closed","template":"","meta":{"footnotes":""},"class_list":["post-14966","page","type-page","status-publish","hentry"],"yoast_head":"<!-- This site is optimized with the Yoast SEO plugin v27.4 - https:\/\/yoast.com\/product\/yoast-seo-wordpress\/ -->\n<title>Abschied der 4. Klassen - Lohschule Datteln<\/title>\n<meta name=\"robots\" content=\"index, follow, max-snippet:-1, max-image-preview:large, max-video-preview:-1\" \/>\n<link rel=\"canonical\" href=\"https:\/\/www.lohschule-datteln.de\/index.php\/abschied-der-4-klassen\/\" \/>\n<meta property=\"og:locale\" content=\"de_DE\" \/>\n<meta property=\"og:type\" content=\"article\" \/>\n<meta property=\"og:title\" content=\"Abschied der 4. Klassen - Lohschule Datteln\" \/>\n<meta property=\"og:description\" content=\"Am letzten Schultag war es so weit, die Viertkl\u00e4ssler beendeten ihre Grundschulzeit. Sie verlie\u00dfen unter Gl\u00fcckw\u00fcnschen ein letztes Mal den Schulhof der Lohschule durch eine Winkegasse. Es wurde sogar die eine oder andere Tr\u00e4ne vergossen. Der Tag begann mit einem Abschlussgottesdienst in der St. Amanduskirche, nach der letzten gro\u00dfen Pause startete dann das gro\u00dfe Finale. [&hellip;]\" \/>\n<meta property=\"og:url\" content=\"https:\/\/www.lohschule-datteln.de\/index.php\/abschied-der-4-klassen\/\" \/>\n<meta property=\"og:site_name\" content=\"Lohschule Datteln\" \/>\n<meta property=\"article:modified_time\" content=\"2025-07-12T16:13:43+00:00\" \/>\n<meta property=\"og:image\" content=\"https:\/\/www.lohschule-datteln.de\/wp-content\/uploads\/2025\/07\/20250711_100506.jpg\" \/>\n\t<meta property=\"og:image:width\" content=\"1024\" \/>\n\t<meta property=\"og:image:height\" content=\"768\" \/>\n\t<meta property=\"og:image:type\" content=\"image\/jpeg\" \/>\n<meta name=\"twitter:card\" content=\"summary_large_image\" \/>\n<meta name=\"twitter:label1\" content=\"Gesch\u00e4tzte Lesezeit\" \/>\n\t<meta name=\"twitter:data1\" content=\"4\u00a0Minuten\" \/>\n<script type=\"application\/ld+json\" class=\"yoast-schema-graph\">{\"@context\":\"https:\\\/\\\/schema.org\",\"@graph\":[{\"@type\":\"WebPage\",\"@id\":\"https:\\\/\\\/www.lohschule-datteln.de\\\/index.php\\\/abschied-der-4-klassen\\\/\",\"url\":\"https:\\\/\\\/www.lohschule-datteln.de\\\/index.php\\\/abschied-der-4-klassen\\\/\",\"name\":\"Abschied der 4. Klassen - Lohschule Datteln\",\"isPartOf\":{\"@id\":\"https:\\\/\\\/www.lohschule-datteln.de\\\/#website\"},\"primaryImageOfPage\":{\"@id\":\"https:\\\/\\\/www.lohschule-datteln.de\\\/index.php\\\/abschied-der-4-klassen\\\/#primaryimage\"},\"image\":{\"@id\":\"https:\\\/\\\/www.lohschule-datteln.de\\\/index.php\\\/abschied-der-4-klassen\\\/#primaryimage\"},\"thumbnailUrl\":\"https:\\\/\\\/www.lohschule-datteln.de\\\/wp-content\\\/uploads\\\/2025\\\/07\\\/20250711_100506.jpg\",\"datePublished\":\"2025-07-12T16:13:38+00:00\",\"dateModified\":\"2025-07-12T16:13:43+00:00\",\"breadcrumb\":{\"@id\":\"https:\\\/\\\/www.lohschule-datteln.de\\\/index.php\\\/abschied-der-4-klassen\\\/#breadcrumb\"},\"inLanguage\":\"de\",\"potentialAction\":[{\"@type\":\"ReadAction\",\"target\":[\"https:\\\/\\\/www.lohschule-datteln.de\\\/index.php\\\/abschied-der-4-klassen\\\/\"]}]},{\"@type\":\"ImageObject\",\"inLanguage\":\"de\",\"@id\":\"https:\\\/\\\/www.lohschule-datteln.de\\\/index.php\\\/abschied-der-4-klassen\\\/#primaryimage\",\"url\":\"https:\\\/\\\/www.lohschule-datteln.de\\\/wp-content\\\/uploads\\\/2025\\\/07\\\/20250711_100506.jpg\",\"contentUrl\":\"https:\\\/\\\/www.lohschule-datteln.de\\\/wp-content\\\/uploads\\\/2025\\\/07\\\/20250711_100506.jpg\",\"width\":1024,\"height\":768},{\"@type\":\"BreadcrumbList\",\"@id\":\"https:\\\/\\\/www.lohschule-datteln.de\\\/index.php\\\/abschied-der-4-klassen\\\/#breadcrumb\",\"itemListElement\":[{\"@type\":\"ListItem\",\"position\":1,\"name\":\"Startseite\",\"item\":\"https:\\\/\\\/www.lohschule-datteln.de\\\/\"},{\"@type\":\"ListItem\",\"position\":2,\"name\":\"Abschied der 4. Klassen\"}]},{\"@type\":\"WebSite\",\"@id\":\"https:\\\/\\\/www.lohschule-datteln.de\\\/#website\",\"url\":\"https:\\\/\\\/www.lohschule-datteln.de\\\/\",\"name\":\"Lohschule Datteln\",\"description\":\"kath. Grundschule\",\"publisher\":{\"@id\":\"https:\\\/\\\/www.lohschule-datteln.de\\\/#organization\"},\"potentialAction\":[{\"@type\":\"SearchAction\",\"target\":{\"@type\":\"EntryPoint\",\"urlTemplate\":\"https:\\\/\\\/www.lohschule-datteln.de\\\/?s={search_term_string}\"},\"query-input\":{\"@type\":\"PropertyValueSpecification\",\"valueRequired\":true,\"valueName\":\"search_term_string\"}}],\"inLanguage\":\"de\"},{\"@type\":\"Organization\",\"@id\":\"https:\\\/\\\/www.lohschule-datteln.de\\\/#organization\",\"name\":\"Lohschule -katholische Grundschule Datteln\",\"url\":\"https:\\\/\\\/www.lohschule-datteln.de\\\/\",\"logo\":{\"@type\":\"ImageObject\",\"inLanguage\":\"de\",\"@id\":\"https:\\\/\\\/www.lohschule-datteln.de\\\/#\\\/schema\\\/logo\\\/image\\\/\",\"url\":\"http:\\\/\\\/www.lohschule-datteln.de\\\/wp-content\\\/uploads\\\/2016\\\/02\\\/Loh-neu-2016.jpg\",\"contentUrl\":\"http:\\\/\\\/www.lohschule-datteln.de\\\/wp-content\\\/uploads\\\/2016\\\/02\\\/Loh-neu-2016.jpg\",\"width\":448,\"height\":252,\"caption\":\"Lohschule -katholische Grundschule Datteln\"},\"image\":{\"@id\":\"https:\\\/\\\/www.lohschule-datteln.de\\\/#\\\/schema\\\/logo\\\/image\\\/\"}}]}<\/script>\n<!-- \/ Yoast SEO plugin. -->","yoast_head_json":{"title":"Abschied der 4. Klassen - Lohschule Datteln","robots":{"index":"index","follow":"follow","max-snippet":"max-snippet:-1","max-image-preview":"max-image-preview:large","max-video-preview":"max-video-preview:-1"},"canonical":"https:\/\/www.lohschule-datteln.de\/index.php\/abschied-der-4-klassen\/","og_locale":"de_DE","og_type":"article","og_title":"Abschied der 4. Klassen - Lohschule Datteln","og_description":"Am letzten Schultag war es so weit, die Viertkl\u00e4ssler beendeten ihre Grundschulzeit. Sie verlie\u00dfen unter Gl\u00fcckw\u00fcnschen ein letztes Mal den Schulhof der Lohschule durch eine Winkegasse. Es wurde sogar die eine oder andere Tr\u00e4ne vergossen. Der Tag begann mit einem Abschlussgottesdienst in der St. Amanduskirche, nach der letzten gro\u00dfen Pause startete dann das gro\u00dfe Finale. [&hellip;]","og_url":"https:\/\/www.lohschule-datteln.de\/index.php\/abschied-der-4-klassen\/","og_site_name":"Lohschule Datteln","article_modified_time":"2025-07-12T16:13:43+00:00","og_image":[{"width":1024,"height":768,"url":"https:\/\/www.lohschule-datteln.de\/wp-content\/uploads\/2025\/07\/20250711_100506.jpg","type":"image\/jpeg"}],"twitter_card":"summary_large_image","twitter_misc":{"Gesch\u00e4tzte Lesezeit":"4\u00a0Minuten"},"schema":{"@context":"https:\/\/schema.org","@graph":[{"@type":"WebPage","@id":"https:\/\/www.lohschule-datteln.de\/index.php\/abschied-der-4-klassen\/","url":"https:\/\/www.lohschule-datteln.de\/index.php\/abschied-der-4-klassen\/","name":"Abschied der 4. Klassen - Lohschule Datteln","isPartOf":{"@id":"https:\/\/www.lohschule-datteln.de\/#website"},"primaryImageOfPage":{"@id":"https:\/\/www.lohschule-datteln.de\/index.php\/abschied-der-4-klassen\/#primaryimage"},"image":{"@id":"https:\/\/www.lohschule-datteln.de\/index.php\/abschied-der-4-klassen\/#primaryimage"},"thumbnailUrl":"https:\/\/www.lohschule-datteln.de\/wp-content\/uploads\/2025\/07\/20250711_100506.jpg","datePublished":"2025-07-12T16:13:38+00:00","dateModified":"2025-07-12T16:13:43+00:00","breadcrumb":{"@id":"https:\/\/www.lohschule-datteln.de\/index.php\/abschied-der-4-klassen\/#breadcrumb"},"inLanguage":"de","potentialAction":[{"@type":"ReadAction","target":["https:\/\/www.lohschule-datteln.de\/index.php\/abschied-der-4-klassen\/"]}]},{"@type":"ImageObject","inLanguage":"de","@id":"https:\/\/www.lohschule-datteln.de\/index.php\/abschied-der-4-klassen\/#primaryimage","url":"https:\/\/www.lohschule-datteln.de\/wp-content\/uploads\/2025\/07\/20250711_100506.jpg","contentUrl":"https:\/\/www.lohschule-datteln.de\/wp-content\/uploads\/2025\/07\/20250711_100506.jpg","width":1024,"height":768},{"@type":"BreadcrumbList","@id":"https:\/\/www.lohschule-datteln.de\/index.php\/abschied-der-4-klassen\/#breadcrumb","itemListElement":[{"@type":"ListItem","position":1,"name":"Startseite","item":"https:\/\/www.lohschule-datteln.de\/"},{"@type":"ListItem","position":2,"name":"Abschied der 4. Klassen"}]},{"@type":"WebSite","@id":"https:\/\/www.lohschule-datteln.de\/#website","url":"https:\/\/www.lohschule-datteln.de\/","name":"Lohschule Datteln","description":"kath. Grundschule","publisher":{"@id":"https:\/\/www.lohschule-datteln.de\/#organization"},"potentialAction":[{"@type":"SearchAction","target":{"@type":"EntryPoint","urlTemplate":"https:\/\/www.lohschule-datteln.de\/?s={search_term_string}"},"query-input":{"@type":"PropertyValueSpecification","valueRequired":true,"valueName":"search_term_string"}}],"inLanguage":"de"},{"@type":"Organization","@id":"https:\/\/www.lohschule-datteln.de\/#organization","name":"Lohschule -katholische Grundschule Datteln","url":"https:\/\/www.lohschule-datteln.de\/","logo":{"@type":"ImageObject","inLanguage":"de","@id":"https:\/\/www.lohschule-datteln.de\/#\/schema\/logo\/image\/","url":"http:\/\/www.lohschule-datteln.de\/wp-content\/uploads\/2016\/02\/Loh-neu-2016.jpg","contentUrl":"http:\/\/www.lohschule-datteln.de\/wp-content\/uploads\/2016\/02\/Loh-neu-2016.jpg","width":448,"height":252,"caption":"Lohschule -katholische Grundschule Datteln"},"image":{"@id":"https:\/\/www.lohschule-datteln.de\/#\/schema\/logo\/image\/"}}]}},"_links":{"self":[{"href":"https:\/\/www.lohschule-datteln.de\/index.php\/wp-json\/wp\/v2\/pages\/14966","targetHints":{"allow":["GET"]}}],"collection":[{"href":"https:\/\/www.lohschule-datteln.de\/index.php\/wp-json\/wp\/v2\/pages"}],"about":[{"href":"https:\/\/www.lohschule-datteln.de\/index.php\/wp-json\/wp\/v2\/types\/page"}],"author":[{"embeddable":true,"href":"https:\/\/www.lohschule-datteln.de\/index.php\/wp-json\/wp\/v2\/users\/3"}],"replies":[{"embeddable":true,"href":"https:\/\/www.lohschule-datteln.de\/index.php\/wp-json\/wp\/v2\/comments?post=14966"}],"version-history":[{"count":1,"href":"https:\/\/www.lohschule-datteln.de\/index.php\/wp-json\/wp\/v2\/pages\/14966\/revisions"}],"predecessor-version":[{"id":14982,"href":"https:\/\/www.lohschule-datteln.de\/index.php\/wp-json\/wp\/v2\/pages\/14966\/revisions\/14982"}],"wp:attachment":[{"href":"https:\/\/www.lohschule-datteln.de\/index.php\/wp-json\/wp\/v2\/media?parent=14966"}],"curies":[{"name":"wp","href":"https:\/\/api.w.org\/{rel}","templated":true}]}}