{"id":15189,"date":"2025-10-10T14:42:34","date_gmt":"2025-10-10T12:42:34","guid":{"rendered":"https:\/\/www.lohschule-datteln.de\/?page_id=15189"},"modified":"2025-10-10T14:42:39","modified_gmt":"2025-10-10T12:42:39","slug":"herbstsingen-2025","status":"publish","type":"page","link":"https:\/\/www.lohschule-datteln.de\/index.php\/herbstsingen-2025\/","title":{"rendered":"Herbstsingen 2025"},"content":{"rendered":"\n<p>Herbstsingen in der Lohschule<\/p>\n\n\n\n<p>Am letzten Schultag vor den Herbstferien fand unser Herbstsingen in der Turnhalle der Lohschule statt. Alle Klassen hatten sich dazu rund um den Lohschulchor in der Turnhalle versammelt. Nach einer kleinen Begr\u00fc\u00dfung durch die Schulleiterin Frau Schneider sangen alle Kinder und die vielen Eltern, die zum Singen hinzugekommen waren, das Lied &#8222;Bunt sind schon die W\u00e4lder&#8220;. Dann pr\u00e4sentierte sich der Lohschulchor in seiner neuen Formation im Schuljahr 2025-2026. \u00dcber 70 Kinder singen hier in einer AG immer mittwochs in der 6. Stunde gemeinsam mit dem Chorleitungsteam eine bunte Mischung vieler verschiedener Lieder. Als dann als 2. Beitrag die &#8222;Teekesselchen&#8220; auch vom Chor vorgetragen wurden, kam das gro\u00dfe Strahlen in die Gesichter der Lohsch\u00fclerinnen und Lohsch\u00fcler. Zum Schluss sangen dann wieder alle gemeinsam &#8222;Herr Bst geht durch das Land&#8220;.<\/p>\n\n\n\n<p>Bevor die Kinder von Frau Schneider zun\u00e4chst in die Pause und sp\u00e4ter in die anstehenden Herbstferien entlassen wurden, wurden noch die Klassen pr\u00e4miert, die bei den Projekttagen &#8222;Zu Fu\u00df zur Schule&#8220; die meisten Stempel in den Klassen gesammelt hatten. Im September sollten die Kinder 10 Schultage lang zu Fu\u00df, mit dem Fahrrad oder dem Roller in die Schule kommen und nicht mit dem Auto vors Schultor gebracht werden.<\/p>\n\n\n\n<p>Den 3. Platz erzielt dabei die Klasse 2a, den 2. Platz die Klasse 2b und den 1. Platz die Klasse 3c. Alle drei Klassen bekamen einen Gutschein in H\u00f6he von 50\u20ac, f\u00fcr die sie gemeinsam eine Anschaffung f\u00fcr die Klassen t\u00e4tigen k\u00f6nnen.<\/p>\n\n\n\n<p>Herzlichen Gl\u00fcckwunsch an unsere kleinen aktiven Lohsch\u00fclerinnen und Lohsch\u00fcler.&nbsp;<\/p>\n\n\n\n<p>Sch\u00f6ne Herbstferien!!!<\/p>\n\n\n\n<figure class=\"wp-block-gallery has-nested-images columns-default is-cropped wp-block-gallery-1 is-layout-flex wp-block-gallery-is-layout-flex\">\n<figure class=\"wp-block-image size-large\"><img loading=\"lazy\" decoding=\"async\" width=\"1024\" height=\"768\" data-id=\"15190\" src=\"https:\/\/www.lohschule-datteln.de\/wp-content\/uploads\/2025\/10\/IMG_5515-1024x768.jpg\" alt=\"\" class=\"wp-image-15190\" srcset=\"https:\/\/www.lohschule-datteln.de\/wp-content\/uploads\/2025\/10\/IMG_5515-1024x768.jpg 1024w, https:\/\/www.lohschule-datteln.de\/wp-content\/uploads\/2025\/10\/IMG_5515-300x225.jpg 300w, https:\/\/www.lohschule-datteln.de\/wp-content\/uploads\/2025\/10\/IMG_5515-768x576.jpg 768w, https:\/\/www.lohschule-datteln.de\/wp-content\/uploads\/2025\/10\/IMG_5515-1536x1152.jpg 1536w, https:\/\/www.lohschule-datteln.de\/wp-content\/uploads\/2025\/10\/IMG_5515-2048x1536.jpg 2048w\" sizes=\"auto, (max-width: 1024px) 100vw, 1024px\" \/><\/figure>\n\n\n\n<figure class=\"wp-block-image size-large\"><img loading=\"lazy\" decoding=\"async\" width=\"1024\" height=\"768\" data-id=\"15193\" src=\"https:\/\/www.lohschule-datteln.de\/wp-content\/uploads\/2025\/10\/IMG_5511-1024x768.jpg\" alt=\"\" class=\"wp-image-15193\" srcset=\"https:\/\/www.lohschule-datteln.de\/wp-content\/uploads\/2025\/10\/IMG_5511-1024x768.jpg 1024w, https:\/\/www.lohschule-datteln.de\/wp-content\/uploads\/2025\/10\/IMG_5511-300x225.jpg 300w, https:\/\/www.lohschule-datteln.de\/wp-content\/uploads\/2025\/10\/IMG_5511-768x576.jpg 768w, https:\/\/www.lohschule-datteln.de\/wp-content\/uploads\/2025\/10\/IMG_5511-1536x1152.jpg 1536w, https:\/\/www.lohschule-datteln.de\/wp-content\/uploads\/2025\/10\/IMG_5511-2048x1536.jpg 2048w\" sizes=\"auto, (max-width: 1024px) 100vw, 1024px\" \/><\/figure>\n\n\n<div class=\"wp-block-image\">\n<figure class=\"aligncenter size-large\"><img loading=\"lazy\" decoding=\"async\" width=\"1024\" height=\"768\" data-id=\"15191\" src=\"https:\/\/www.lohschule-datteln.de\/wp-content\/uploads\/2025\/10\/IMG_5514-1024x768.jpg\" alt=\"\" class=\"wp-image-15191\" srcset=\"https:\/\/www.lohschule-datteln.de\/wp-content\/uploads\/2025\/10\/IMG_5514-1024x768.jpg 1024w, https:\/\/www.lohschule-datteln.de\/wp-content\/uploads\/2025\/10\/IMG_5514-300x225.jpg 300w, https:\/\/www.lohschule-datteln.de\/wp-content\/uploads\/2025\/10\/IMG_5514-768x576.jpg 768w, https:\/\/www.lohschule-datteln.de\/wp-content\/uploads\/2025\/10\/IMG_5514-1536x1152.jpg 1536w, https:\/\/www.lohschule-datteln.de\/wp-content\/uploads\/2025\/10\/IMG_5514-2048x1536.jpg 2048w\" sizes=\"auto, (max-width: 1024px) 100vw, 1024px\" \/><\/figure>\n<\/div>\n\n\n<figure class=\"wp-block-image size-large\"><img loading=\"lazy\" decoding=\"async\" width=\"1024\" height=\"768\" data-id=\"15194\" src=\"https:\/\/www.lohschule-datteln.de\/wp-content\/uploads\/2025\/10\/IMG_5517-1024x768.jpg\" alt=\"\" class=\"wp-image-15194\" srcset=\"https:\/\/www.lohschule-datteln.de\/wp-content\/uploads\/2025\/10\/IMG_5517-1024x768.jpg 1024w, https:\/\/www.lohschule-datteln.de\/wp-content\/uploads\/2025\/10\/IMG_5517-300x225.jpg 300w, https:\/\/www.lohschule-datteln.de\/wp-content\/uploads\/2025\/10\/IMG_5517-768x576.jpg 768w, https:\/\/www.lohschule-datteln.de\/wp-content\/uploads\/2025\/10\/IMG_5517-1536x1152.jpg 1536w, https:\/\/www.lohschule-datteln.de\/wp-content\/uploads\/2025\/10\/IMG_5517-2048x1536.jpg 2048w\" sizes=\"auto, (max-width: 1024px) 100vw, 1024px\" \/><\/figure>\n\n\n\n<figure class=\"wp-block-image size-large\"><img loading=\"lazy\" decoding=\"async\" width=\"768\" height=\"1024\" data-id=\"15192\" src=\"https:\/\/www.lohschule-datteln.de\/wp-content\/uploads\/2025\/10\/IMG_5509-768x1024.jpg\" alt=\"\" class=\"wp-image-15192\" srcset=\"https:\/\/www.lohschule-datteln.de\/wp-content\/uploads\/2025\/10\/IMG_5509-768x1024.jpg 768w, https:\/\/www.lohschule-datteln.de\/wp-content\/uploads\/2025\/10\/IMG_5509-225x300.jpg 225w, https:\/\/www.lohschule-datteln.de\/wp-content\/uploads\/2025\/10\/IMG_5509-1152x1536.jpg 1152w, https:\/\/www.lohschule-datteln.de\/wp-content\/uploads\/2025\/10\/IMG_5509-1536x2048.jpg 1536w, https:\/\/www.lohschule-datteln.de\/wp-content\/uploads\/2025\/10\/IMG_5509-scaled.jpg 1920w\" sizes=\"auto, (max-width: 768px) 100vw, 768px\" \/><\/figure>\n\n\n\n<figure class=\"wp-block-image size-large\"><img loading=\"lazy\" decoding=\"async\" width=\"1024\" height=\"768\" data-id=\"15195\" src=\"https:\/\/www.lohschule-datteln.de\/wp-content\/uploads\/2025\/10\/IMG_5510-1024x768.jpg\" alt=\"\" class=\"wp-image-15195\" srcset=\"https:\/\/www.lohschule-datteln.de\/wp-content\/uploads\/2025\/10\/IMG_5510-1024x768.jpg 1024w, https:\/\/www.lohschule-datteln.de\/wp-content\/uploads\/2025\/10\/IMG_5510-300x225.jpg 300w, https:\/\/www.lohschule-datteln.de\/wp-content\/uploads\/2025\/10\/IMG_5510-768x576.jpg 768w, https:\/\/www.lohschule-datteln.de\/wp-content\/uploads\/2025\/10\/IMG_5510-1536x1152.jpg 1536w, https:\/\/www.lohschule-datteln.de\/wp-content\/uploads\/2025\/10\/IMG_5510-2048x1536.jpg 2048w\" sizes=\"auto, (max-width: 1024px) 100vw, 1024px\" \/><\/figure>\n<\/figure>\n\n\n\n<figure class=\"wp-block-gallery has-nested-images columns-default is-cropped wp-block-gallery-2 is-layout-flex wp-block-gallery-is-layout-flex\">\n<figure class=\"wp-block-image size-large\"><img loading=\"lazy\" decoding=\"async\" width=\"1024\" height=\"768\" data-id=\"15196\" src=\"https:\/\/www.lohschule-datteln.de\/wp-content\/uploads\/2025\/10\/IMG_5508-1024x768.jpg\" alt=\"\" class=\"wp-image-15196\" srcset=\"https:\/\/www.lohschule-datteln.de\/wp-content\/uploads\/2025\/10\/IMG_5508-1024x768.jpg 1024w, https:\/\/www.lohschule-datteln.de\/wp-content\/uploads\/2025\/10\/IMG_5508-300x225.jpg 300w, https:\/\/www.lohschule-datteln.de\/wp-content\/uploads\/2025\/10\/IMG_5508-768x576.jpg 768w, https:\/\/www.lohschule-datteln.de\/wp-content\/uploads\/2025\/10\/IMG_5508-1536x1152.jpg 1536w, https:\/\/www.lohschule-datteln.de\/wp-content\/uploads\/2025\/10\/IMG_5508-2048x1536.jpg 2048w\" sizes=\"auto, (max-width: 1024px) 100vw, 1024px\" \/><\/figure>\n\n\n\n<figure class=\"wp-block-image size-large\"><img loading=\"lazy\" decoding=\"async\" width=\"1024\" height=\"768\" data-id=\"15201\" src=\"https:\/\/www.lohschule-datteln.de\/wp-content\/uploads\/2025\/10\/IMG_5505-1024x768.jpg\" alt=\"\" class=\"wp-image-15201\" srcset=\"https:\/\/www.lohschule-datteln.de\/wp-content\/uploads\/2025\/10\/IMG_5505-1024x768.jpg 1024w, https:\/\/www.lohschule-datteln.de\/wp-content\/uploads\/2025\/10\/IMG_5505-300x225.jpg 300w, https:\/\/www.lohschule-datteln.de\/wp-content\/uploads\/2025\/10\/IMG_5505-768x576.jpg 768w, https:\/\/www.lohschule-datteln.de\/wp-content\/uploads\/2025\/10\/IMG_5505-1536x1152.jpg 1536w, https:\/\/www.lohschule-datteln.de\/wp-content\/uploads\/2025\/10\/IMG_5505-2048x1536.jpg 2048w\" sizes=\"auto, (max-width: 1024px) 100vw, 1024px\" \/><\/figure>\n\n\n\n<figure class=\"wp-block-image size-large\"><img loading=\"lazy\" decoding=\"async\" width=\"1024\" height=\"768\" data-id=\"15198\" src=\"https:\/\/www.lohschule-datteln.de\/wp-content\/uploads\/2025\/10\/IMG_5514-1-1024x768.jpg\" alt=\"\" class=\"wp-image-15198\" srcset=\"https:\/\/www.lohschule-datteln.de\/wp-content\/uploads\/2025\/10\/IMG_5514-1-1024x768.jpg 1024w, https:\/\/www.lohschule-datteln.de\/wp-content\/uploads\/2025\/10\/IMG_5514-1-300x225.jpg 300w, https:\/\/www.lohschule-datteln.de\/wp-content\/uploads\/2025\/10\/IMG_5514-1-768x576.jpg 768w, https:\/\/www.lohschule-datteln.de\/wp-content\/uploads\/2025\/10\/IMG_5514-1-1536x1152.jpg 1536w, https:\/\/www.lohschule-datteln.de\/wp-content\/uploads\/2025\/10\/IMG_5514-1-2048x1536.jpg 2048w\" sizes=\"auto, (max-width: 1024px) 100vw, 1024px\" \/><\/figure>\n\n\n\n<figure class=\"wp-block-image size-large\"><img loading=\"lazy\" decoding=\"async\" width=\"1024\" height=\"768\" data-id=\"15199\" src=\"https:\/\/www.lohschule-datteln.de\/wp-content\/uploads\/2025\/10\/IMG_5506-1024x768.jpg\" alt=\"\" class=\"wp-image-15199\" srcset=\"https:\/\/www.lohschule-datteln.de\/wp-content\/uploads\/2025\/10\/IMG_5506-1024x768.jpg 1024w, https:\/\/www.lohschule-datteln.de\/wp-content\/uploads\/2025\/10\/IMG_5506-300x225.jpg 300w, https:\/\/www.lohschule-datteln.de\/wp-content\/uploads\/2025\/10\/IMG_5506-768x576.jpg 768w, https:\/\/www.lohschule-datteln.de\/wp-content\/uploads\/2025\/10\/IMG_5506-1536x1152.jpg 1536w, https:\/\/www.lohschule-datteln.de\/wp-content\/uploads\/2025\/10\/IMG_5506-2048x1536.jpg 2048w\" sizes=\"auto, (max-width: 1024px) 100vw, 1024px\" \/><\/figure>\n\n\n\n<figure class=\"wp-block-image size-large\"><img loading=\"lazy\" decoding=\"async\" width=\"1024\" height=\"768\" data-id=\"15197\" src=\"https:\/\/www.lohschule-datteln.de\/wp-content\/uploads\/2025\/10\/IMG_5516-1024x768.jpg\" alt=\"\" class=\"wp-image-15197\" srcset=\"https:\/\/www.lohschule-datteln.de\/wp-content\/uploads\/2025\/10\/IMG_5516-1024x768.jpg 1024w, https:\/\/www.lohschule-datteln.de\/wp-content\/uploads\/2025\/10\/IMG_5516-300x225.jpg 300w, https:\/\/www.lohschule-datteln.de\/wp-content\/uploads\/2025\/10\/IMG_5516-768x576.jpg 768w, https:\/\/www.lohschule-datteln.de\/wp-content\/uploads\/2025\/10\/IMG_5516-1536x1152.jpg 1536w, https:\/\/www.lohschule-datteln.de\/wp-content\/uploads\/2025\/10\/IMG_5516-2048x1536.jpg 2048w\" sizes=\"auto, (max-width: 1024px) 100vw, 1024px\" \/><\/figure>\n\n\n\n<figure class=\"wp-block-image size-large\"><img loading=\"lazy\" decoding=\"async\" width=\"1024\" height=\"768\" data-id=\"15200\" src=\"https:\/\/www.lohschule-datteln.de\/wp-content\/uploads\/2025\/10\/IMG_5507-1024x768.jpg\" alt=\"\" class=\"wp-image-15200\" srcset=\"https:\/\/www.lohschule-datteln.de\/wp-content\/uploads\/2025\/10\/IMG_5507-1024x768.jpg 1024w, https:\/\/www.lohschule-datteln.de\/wp-content\/uploads\/2025\/10\/IMG_5507-300x225.jpg 300w, https:\/\/www.lohschule-datteln.de\/wp-content\/uploads\/2025\/10\/IMG_5507-768x576.jpg 768w, https:\/\/www.lohschule-datteln.de\/wp-content\/uploads\/2025\/10\/IMG_5507-1536x1152.jpg 1536w, https:\/\/www.lohschule-datteln.de\/wp-content\/uploads\/2025\/10\/IMG_5507-2048x1536.jpg 2048w\" sizes=\"auto, (max-width: 1024px) 100vw, 1024px\" \/><\/figure>\n<\/figure>\n\n\n\n<figure class=\"wp-block-gallery has-nested-images columns-default is-cropped wp-block-gallery-3 is-layout-flex wp-block-gallery-is-layout-flex\">\n<figure class=\"wp-block-image size-large\"><img loading=\"lazy\" decoding=\"async\" width=\"1024\" height=\"768\" data-id=\"15202\" src=\"https:\/\/www.lohschule-datteln.de\/wp-content\/uploads\/2025\/10\/IMG_5518-1024x768.jpg\" alt=\"\" class=\"wp-image-15202\" srcset=\"https:\/\/www.lohschule-datteln.de\/wp-content\/uploads\/2025\/10\/IMG_5518-1024x768.jpg 1024w, https:\/\/www.lohschule-datteln.de\/wp-content\/uploads\/2025\/10\/IMG_5518-300x225.jpg 300w, https:\/\/www.lohschule-datteln.de\/wp-content\/uploads\/2025\/10\/IMG_5518-768x576.jpg 768w, https:\/\/www.lohschule-datteln.de\/wp-content\/uploads\/2025\/10\/IMG_5518-1536x1152.jpg 1536w, https:\/\/www.lohschule-datteln.de\/wp-content\/uploads\/2025\/10\/IMG_5518-2048x1536.jpg 2048w\" sizes=\"auto, (max-width: 1024px) 100vw, 1024px\" \/><\/figure>\n\n\n\n<figure class=\"wp-block-image size-large\"><img loading=\"lazy\" decoding=\"async\" width=\"1024\" height=\"768\" data-id=\"15204\" src=\"https:\/\/www.lohschule-datteln.de\/wp-content\/uploads\/2025\/10\/IMG_5519-1024x768.jpg\" alt=\"\" class=\"wp-image-15204\" srcset=\"https:\/\/www.lohschule-datteln.de\/wp-content\/uploads\/2025\/10\/IMG_5519-1024x768.jpg 1024w, https:\/\/www.lohschule-datteln.de\/wp-content\/uploads\/2025\/10\/IMG_5519-300x225.jpg 300w, https:\/\/www.lohschule-datteln.de\/wp-content\/uploads\/2025\/10\/IMG_5519-768x576.jpg 768w, https:\/\/www.lohschule-datteln.de\/wp-content\/uploads\/2025\/10\/IMG_5519-1536x1152.jpg 1536w, https:\/\/www.lohschule-datteln.de\/wp-content\/uploads\/2025\/10\/IMG_5519-2048x1536.jpg 2048w\" sizes=\"auto, (max-width: 1024px) 100vw, 1024px\" \/><\/figure>\n\n\n<div class=\"wp-block-image\">\n<figure class=\"aligncenter size-large\"><img loading=\"lazy\" decoding=\"async\" width=\"1024\" height=\"768\" data-id=\"15203\" src=\"https:\/\/www.lohschule-datteln.de\/wp-content\/uploads\/2025\/10\/IMG_5521-1024x768.jpg\" alt=\"\" class=\"wp-image-15203\" srcset=\"https:\/\/www.lohschule-datteln.de\/wp-content\/uploads\/2025\/10\/IMG_5521-1024x768.jpg 1024w, https:\/\/www.lohschule-datteln.de\/wp-content\/uploads\/2025\/10\/IMG_5521-300x225.jpg 300w, https:\/\/www.lohschule-datteln.de\/wp-content\/uploads\/2025\/10\/IMG_5521-768x576.jpg 768w, https:\/\/www.lohschule-datteln.de\/wp-content\/uploads\/2025\/10\/IMG_5521-1536x1152.jpg 1536w, https:\/\/www.lohschule-datteln.de\/wp-content\/uploads\/2025\/10\/IMG_5521-2048x1536.jpg 2048w\" sizes=\"auto, (max-width: 1024px) 100vw, 1024px\" \/><\/figure>\n<\/div><\/figure>\n","protected":false},"excerpt":{"rendered":"<p>Herbstsingen in der Lohschule Am letzten Schultag vor den Herbstferien fand unser Herbstsingen in der Turnhalle der Lohschule statt. Alle Klassen hatten sich dazu rund um den Lohschulchor in der Turnhalle versammelt. Nach einer kleinen Begr\u00fc\u00dfung durch die Schulleiterin Frau Schneider sangen alle Kinder und die vielen Eltern, die zum Singen hinzugekommen waren, das Lied [&hellip;]<\/p>\n","protected":false},"author":3,"featured_media":0,"parent":0,"menu_order":0,"comment_status":"closed","ping_status":"closed","template":"","meta":{"footnotes":""},"class_list":["post-15189","page","type-page","status-publish","hentry"],"yoast_head":"<!-- This site is optimized with the Yoast SEO plugin v27.4 - https:\/\/yoast.com\/product\/yoast-seo-wordpress\/ -->\n<title>Herbstsingen 2025 - Lohschule Datteln<\/title>\n<meta name=\"robots\" content=\"index, follow, max-snippet:-1, max-image-preview:large, max-video-preview:-1\" \/>\n<link rel=\"canonical\" href=\"https:\/\/www.lohschule-datteln.de\/index.php\/herbstsingen-2025\/\" \/>\n<meta property=\"og:locale\" content=\"de_DE\" \/>\n<meta property=\"og:type\" content=\"article\" \/>\n<meta property=\"og:title\" content=\"Herbstsingen 2025 - Lohschule Datteln\" \/>\n<meta property=\"og:description\" content=\"Herbstsingen in der Lohschule Am letzten Schultag vor den Herbstferien fand unser Herbstsingen in der Turnhalle der Lohschule statt. Alle Klassen hatten sich dazu rund um den Lohschulchor in der Turnhalle versammelt. Nach einer kleinen Begr\u00fc\u00dfung durch die Schulleiterin Frau Schneider sangen alle Kinder und die vielen Eltern, die zum Singen hinzugekommen waren, das Lied [&hellip;]\" \/>\n<meta property=\"og:url\" content=\"https:\/\/www.lohschule-datteln.de\/index.php\/herbstsingen-2025\/\" \/>\n<meta property=\"og:site_name\" content=\"Lohschule Datteln\" \/>\n<meta property=\"article:modified_time\" content=\"2025-10-10T12:42:39+00:00\" \/>\n<meta property=\"og:image\" content=\"https:\/\/www.lohschule-datteln.de\/wp-content\/uploads\/2025\/10\/IMG_5515-scaled.jpg\" \/>\n\t<meta property=\"og:image:width\" content=\"2560\" \/>\n\t<meta property=\"og:image:height\" content=\"1920\" \/>\n\t<meta property=\"og:image:type\" content=\"image\/jpeg\" \/>\n<meta name=\"twitter:card\" content=\"summary_large_image\" \/>\n<meta name=\"twitter:label1\" content=\"Gesch\u00e4tzte Lesezeit\" \/>\n\t<meta name=\"twitter:data1\" content=\"5\u00a0Minuten\" \/>\n<script type=\"application\/ld+json\" class=\"yoast-schema-graph\">{\"@context\":\"https:\\\/\\\/schema.org\",\"@graph\":[{\"@type\":\"WebPage\",\"@id\":\"https:\\\/\\\/www.lohschule-datteln.de\\\/index.php\\\/herbstsingen-2025\\\/\",\"url\":\"https:\\\/\\\/www.lohschule-datteln.de\\\/index.php\\\/herbstsingen-2025\\\/\",\"name\":\"Herbstsingen 2025 - Lohschule Datteln\",\"isPartOf\":{\"@id\":\"https:\\\/\\\/www.lohschule-datteln.de\\\/#website\"},\"primaryImageOfPage\":{\"@id\":\"https:\\\/\\\/www.lohschule-datteln.de\\\/index.php\\\/herbstsingen-2025\\\/#primaryimage\"},\"image\":{\"@id\":\"https:\\\/\\\/www.lohschule-datteln.de\\\/index.php\\\/herbstsingen-2025\\\/#primaryimage\"},\"thumbnailUrl\":\"https:\\\/\\\/www.lohschule-datteln.de\\\/wp-content\\\/uploads\\\/2025\\\/10\\\/IMG_5515-1024x768.jpg\",\"datePublished\":\"2025-10-10T12:42:34+00:00\",\"dateModified\":\"2025-10-10T12:42:39+00:00\",\"breadcrumb\":{\"@id\":\"https:\\\/\\\/www.lohschule-datteln.de\\\/index.php\\\/herbstsingen-2025\\\/#breadcrumb\"},\"inLanguage\":\"de\",\"potentialAction\":[{\"@type\":\"ReadAction\",\"target\":[\"https:\\\/\\\/www.lohschule-datteln.de\\\/index.php\\\/herbstsingen-2025\\\/\"]}]},{\"@type\":\"ImageObject\",\"inLanguage\":\"de\",\"@id\":\"https:\\\/\\\/www.lohschule-datteln.de\\\/index.php\\\/herbstsingen-2025\\\/#primaryimage\",\"url\":\"https:\\\/\\\/www.lohschule-datteln.de\\\/wp-content\\\/uploads\\\/2025\\\/10\\\/IMG_5515-scaled.jpg\",\"contentUrl\":\"https:\\\/\\\/www.lohschule-datteln.de\\\/wp-content\\\/uploads\\\/2025\\\/10\\\/IMG_5515-scaled.jpg\",\"width\":2560,\"height\":1920},{\"@type\":\"BreadcrumbList\",\"@id\":\"https:\\\/\\\/www.lohschule-datteln.de\\\/index.php\\\/herbstsingen-2025\\\/#breadcrumb\",\"itemListElement\":[{\"@type\":\"ListItem\",\"position\":1,\"name\":\"Startseite\",\"item\":\"https:\\\/\\\/www.lohschule-datteln.de\\\/\"},{\"@type\":\"ListItem\",\"position\":2,\"name\":\"Herbstsingen 2025\"}]},{\"@type\":\"WebSite\",\"@id\":\"https:\\\/\\\/www.lohschule-datteln.de\\\/#website\",\"url\":\"https:\\\/\\\/www.lohschule-datteln.de\\\/\",\"name\":\"Lohschule Datteln\",\"description\":\"kath. Grundschule\",\"publisher\":{\"@id\":\"https:\\\/\\\/www.lohschule-datteln.de\\\/#organization\"},\"potentialAction\":[{\"@type\":\"SearchAction\",\"target\":{\"@type\":\"EntryPoint\",\"urlTemplate\":\"https:\\\/\\\/www.lohschule-datteln.de\\\/?s={search_term_string}\"},\"query-input\":{\"@type\":\"PropertyValueSpecification\",\"valueRequired\":true,\"valueName\":\"search_term_string\"}}],\"inLanguage\":\"de\"},{\"@type\":\"Organization\",\"@id\":\"https:\\\/\\\/www.lohschule-datteln.de\\\/#organization\",\"name\":\"Lohschule -katholische Grundschule Datteln\",\"url\":\"https:\\\/\\\/www.lohschule-datteln.de\\\/\",\"logo\":{\"@type\":\"ImageObject\",\"inLanguage\":\"de\",\"@id\":\"https:\\\/\\\/www.lohschule-datteln.de\\\/#\\\/schema\\\/logo\\\/image\\\/\",\"url\":\"http:\\\/\\\/www.lohschule-datteln.de\\\/wp-content\\\/uploads\\\/2016\\\/02\\\/Loh-neu-2016.jpg\",\"contentUrl\":\"http:\\\/\\\/www.lohschule-datteln.de\\\/wp-content\\\/uploads\\\/2016\\\/02\\\/Loh-neu-2016.jpg\",\"width\":448,\"height\":252,\"caption\":\"Lohschule -katholische Grundschule Datteln\"},\"image\":{\"@id\":\"https:\\\/\\\/www.lohschule-datteln.de\\\/#\\\/schema\\\/logo\\\/image\\\/\"}}]}<\/script>\n<!-- \/ Yoast SEO plugin. -->","yoast_head_json":{"title":"Herbstsingen 2025 - Lohschule Datteln","robots":{"index":"index","follow":"follow","max-snippet":"max-snippet:-1","max-image-preview":"max-image-preview:large","max-video-preview":"max-video-preview:-1"},"canonical":"https:\/\/www.lohschule-datteln.de\/index.php\/herbstsingen-2025\/","og_locale":"de_DE","og_type":"article","og_title":"Herbstsingen 2025 - Lohschule Datteln","og_description":"Herbstsingen in der Lohschule Am letzten Schultag vor den Herbstferien fand unser Herbstsingen in der Turnhalle der Lohschule statt. Alle Klassen hatten sich dazu rund um den Lohschulchor in der Turnhalle versammelt. Nach einer kleinen Begr\u00fc\u00dfung durch die Schulleiterin Frau Schneider sangen alle Kinder und die vielen Eltern, die zum Singen hinzugekommen waren, das Lied [&hellip;]","og_url":"https:\/\/www.lohschule-datteln.de\/index.php\/herbstsingen-2025\/","og_site_name":"Lohschule Datteln","article_modified_time":"2025-10-10T12:42:39+00:00","og_image":[{"width":2560,"height":1920,"url":"https:\/\/www.lohschule-datteln.de\/wp-content\/uploads\/2025\/10\/IMG_5515-scaled.jpg","type":"image\/jpeg"}],"twitter_card":"summary_large_image","twitter_misc":{"Gesch\u00e4tzte Lesezeit":"5\u00a0Minuten"},"schema":{"@context":"https:\/\/schema.org","@graph":[{"@type":"WebPage","@id":"https:\/\/www.lohschule-datteln.de\/index.php\/herbstsingen-2025\/","url":"https:\/\/www.lohschule-datteln.de\/index.php\/herbstsingen-2025\/","name":"Herbstsingen 2025 - Lohschule Datteln","isPartOf":{"@id":"https:\/\/www.lohschule-datteln.de\/#website"},"primaryImageOfPage":{"@id":"https:\/\/www.lohschule-datteln.de\/index.php\/herbstsingen-2025\/#primaryimage"},"image":{"@id":"https:\/\/www.lohschule-datteln.de\/index.php\/herbstsingen-2025\/#primaryimage"},"thumbnailUrl":"https:\/\/www.lohschule-datteln.de\/wp-content\/uploads\/2025\/10\/IMG_5515-1024x768.jpg","datePublished":"2025-10-10T12:42:34+00:00","dateModified":"2025-10-10T12:42:39+00:00","breadcrumb":{"@id":"https:\/\/www.lohschule-datteln.de\/index.php\/herbstsingen-2025\/#breadcrumb"},"inLanguage":"de","potentialAction":[{"@type":"ReadAction","target":["https:\/\/www.lohschule-datteln.de\/index.php\/herbstsingen-2025\/"]}]},{"@type":"ImageObject","inLanguage":"de","@id":"https:\/\/www.lohschule-datteln.de\/index.php\/herbstsingen-2025\/#primaryimage","url":"https:\/\/www.lohschule-datteln.de\/wp-content\/uploads\/2025\/10\/IMG_5515-scaled.jpg","contentUrl":"https:\/\/www.lohschule-datteln.de\/wp-content\/uploads\/2025\/10\/IMG_5515-scaled.jpg","width":2560,"height":1920},{"@type":"BreadcrumbList","@id":"https:\/\/www.lohschule-datteln.de\/index.php\/herbstsingen-2025\/#breadcrumb","itemListElement":[{"@type":"ListItem","position":1,"name":"Startseite","item":"https:\/\/www.lohschule-datteln.de\/"},{"@type":"ListItem","position":2,"name":"Herbstsingen 2025"}]},{"@type":"WebSite","@id":"https:\/\/www.lohschule-datteln.de\/#website","url":"https:\/\/www.lohschule-datteln.de\/","name":"Lohschule Datteln","description":"kath. Grundschule","publisher":{"@id":"https:\/\/www.lohschule-datteln.de\/#organization"},"potentialAction":[{"@type":"SearchAction","target":{"@type":"EntryPoint","urlTemplate":"https:\/\/www.lohschule-datteln.de\/?s={search_term_string}"},"query-input":{"@type":"PropertyValueSpecification","valueRequired":true,"valueName":"search_term_string"}}],"inLanguage":"de"},{"@type":"Organization","@id":"https:\/\/www.lohschule-datteln.de\/#organization","name":"Lohschule -katholische Grundschule Datteln","url":"https:\/\/www.lohschule-datteln.de\/","logo":{"@type":"ImageObject","inLanguage":"de","@id":"https:\/\/www.lohschule-datteln.de\/#\/schema\/logo\/image\/","url":"http:\/\/www.lohschule-datteln.de\/wp-content\/uploads\/2016\/02\/Loh-neu-2016.jpg","contentUrl":"http:\/\/www.lohschule-datteln.de\/wp-content\/uploads\/2016\/02\/Loh-neu-2016.jpg","width":448,"height":252,"caption":"Lohschule -katholische Grundschule Datteln"},"image":{"@id":"https:\/\/www.lohschule-datteln.de\/#\/schema\/logo\/image\/"}}]}},"_links":{"self":[{"href":"https:\/\/www.lohschule-datteln.de\/index.php\/wp-json\/wp\/v2\/pages\/15189","targetHints":{"allow":["GET"]}}],"collection":[{"href":"https:\/\/www.lohschule-datteln.de\/index.php\/wp-json\/wp\/v2\/pages"}],"about":[{"href":"https:\/\/www.lohschule-datteln.de\/index.php\/wp-json\/wp\/v2\/types\/page"}],"author":[{"embeddable":true,"href":"https:\/\/www.lohschule-datteln.de\/index.php\/wp-json\/wp\/v2\/users\/3"}],"replies":[{"embeddable":true,"href":"https:\/\/www.lohschule-datteln.de\/index.php\/wp-json\/wp\/v2\/comments?post=15189"}],"version-history":[{"count":1,"href":"https:\/\/www.lohschule-datteln.de\/index.php\/wp-json\/wp\/v2\/pages\/15189\/revisions"}],"predecessor-version":[{"id":15205,"href":"https:\/\/www.lohschule-datteln.de\/index.php\/wp-json\/wp\/v2\/pages\/15189\/revisions\/15205"}],"wp:attachment":[{"href":"https:\/\/www.lohschule-datteln.de\/index.php\/wp-json\/wp\/v2\/media?parent=15189"}],"curies":[{"name":"wp","href":"https:\/\/api.w.org\/{rel}","templated":true}]}}