{"id":15230,"date":"2025-11-02T09:24:01","date_gmt":"2025-11-02T08:24:01","guid":{"rendered":"https:\/\/www.lohschule-datteln.de\/?page_id=15230"},"modified":"2025-11-02T09:31:10","modified_gmt":"2025-11-02T08:31:10","slug":"aus-den-klassengottesdiensten-des-2-schuljahres-erwachsen","status":"publish","type":"page","link":"https:\/\/www.lohschule-datteln.de\/index.php\/aus-den-klassengottesdiensten-des-2-schuljahres-erwachsen\/","title":{"rendered":"Aus den Klassengottesdiensten des 2. Schuljahres erwachsen"},"content":{"rendered":"\n<p>Pfarrer Pla\u00dfmann besuchte am 31.10.25 alle 2. Klassen der Lohschule und feierte mit jeder Klasse im eigenen Klassenzimmer einen Wortgottesdienst. In diesem Rahmen erhalten die Kinder immer viele M\u00f6glichkeiten zu eigenen Gedanken und Fragen. Diesmal ist aus diesen Klassengottesdiensten noch etwas Besonderes entstanden: Die Gedanken der Kinder sind von Pfarrer Pla\u00dfmann f\u00fcr die ganze Gemeinde aufgegriffen worden. Lesen Sie selbst.<\/p>\n\n\n\n<hr class=\"wp-block-separator has-alpha-channel-opacity\"\/>\n\n\n\n<p><strong><em>Geistliches Wort vom 01.11.2025: WENN ICH GROSS BIN, RUFE ICH DEN KRIEG AN UND SAGE IHM \u2026<\/em><\/strong><\/p>\n\n\n\n<p><em>Freitagvormittag, 31. Oktober, in der Lohschule.<\/em><\/p>\n\n\n\n<p><em>Ich feiere 4x Gottesdienst mit den 2. Klassen.<\/em><\/p>\n\n\n\n<p><em>Wir streifen das Thema Halloween, es geht aber vor allem um Allerheiligen, um die Frage, was Heilige ausmacht \u2026 und: \u201eSeid ihr eigentlich auch heilig?\u201c<\/em><\/p>\n\n\n\n<p><em>In einer Klasse nennen die Sch\u00fclerinnen und Sch\u00fcler sich pl\u00f6tzlich gegenseitig: \u201eN. ist meine Freundin, sie ist f\u00fcr mich da.\u201c \u201eN. k\u00fcmmert sich um andere und hilft.\u201c \u201eN. teilt mit anderen.\u201c<\/em><\/p>\n\n\n\n<p><em>In einer anderen Klasse geht es darum, dass Heilige sich auch f\u00fcr den Frieden einsetzen. Ein Junge erz\u00e4hlt: \u201eIn meiner Heimat ist schon ganz lange Krieg\u201c. Und auf meine Frage, wo seine Heimat ist, antwortet er: \u201eSyrien\u201c.<\/em><\/p>\n\n\n\n<p><em>Nach dem Gottesdienst kommt ein Junge zu mir und sagt: \u201eWenn ich gro\u00df bin, rufe ich den Krieg an und sage ihm, er soll aufh\u00f6ren.\u201c Diese \u00c4u\u00dferung, denke ich, ist nicht kindisch, sie ist kindlich. Kindisch ist vielmehr das Getue und Protzgehabe vieler Machthabenden unserer Tage.<\/em><\/p>\n\n\n\n<p><em>Die Gottesdienste erinnern mich an die mahnenden Worte Jesu: \u201eWenn ihr nicht umkehrt und werdet wie die Kinder, werdet ihr nicht in das Himmelreich hineinkommen.\u201c (Mt 18,3) Und heute, an Allerheiligen, denke ich: Die Kinder haben mich in besonderer und intensiver Weise mit dem in Ber\u00fchrung gebracht, was den heutigen Feiertag ausmacht: Das Heilige, das Gott in uns alle eingesenkt hat \u2026<\/em><\/p>\n\n\n\n<p><em>(Text: Pfarrer Pla\u00dfmann)<\/em><\/p>\n\n\n\n<p><\/p>\n","protected":false},"excerpt":{"rendered":"<p>Pfarrer Pla\u00dfmann besuchte am 31.10.25 alle 2. Klassen der Lohschule und feierte mit jeder Klasse im eigenen Klassenzimmer einen Wortgottesdienst. In diesem Rahmen erhalten die Kinder immer viele M\u00f6glichkeiten zu eigenen Gedanken und Fragen. Diesmal ist aus diesen Klassengottesdiensten noch etwas Besonderes entstanden: Die Gedanken der Kinder sind von Pfarrer Pla\u00dfmann f\u00fcr die ganze Gemeinde [&hellip;]<\/p>\n","protected":false},"author":3,"featured_media":0,"parent":0,"menu_order":0,"comment_status":"closed","ping_status":"closed","template":"","meta":{"footnotes":""},"class_list":["post-15230","page","type-page","status-publish","hentry"],"yoast_head":"<!-- This site is optimized with the Yoast SEO plugin v27.4 - https:\/\/yoast.com\/product\/yoast-seo-wordpress\/ -->\n<title>Aus den Klassengottesdiensten des 2. Schuljahres erwachsen - Lohschule Datteln<\/title>\n<meta name=\"robots\" content=\"index, follow, max-snippet:-1, max-image-preview:large, max-video-preview:-1\" \/>\n<link rel=\"canonical\" href=\"https:\/\/www.lohschule-datteln.de\/index.php\/aus-den-klassengottesdiensten-des-2-schuljahres-erwachsen\/\" \/>\n<meta property=\"og:locale\" content=\"de_DE\" \/>\n<meta property=\"og:type\" content=\"article\" \/>\n<meta property=\"og:title\" content=\"Aus den Klassengottesdiensten des 2. Schuljahres erwachsen - Lohschule Datteln\" \/>\n<meta property=\"og:description\" content=\"Pfarrer Pla\u00dfmann besuchte am 31.10.25 alle 2. Klassen der Lohschule und feierte mit jeder Klasse im eigenen Klassenzimmer einen Wortgottesdienst. In diesem Rahmen erhalten die Kinder immer viele M\u00f6glichkeiten zu eigenen Gedanken und Fragen. Diesmal ist aus diesen Klassengottesdiensten noch etwas Besonderes entstanden: Die Gedanken der Kinder sind von Pfarrer Pla\u00dfmann f\u00fcr die ganze Gemeinde [&hellip;]\" \/>\n<meta property=\"og:url\" content=\"https:\/\/www.lohschule-datteln.de\/index.php\/aus-den-klassengottesdiensten-des-2-schuljahres-erwachsen\/\" \/>\n<meta property=\"og:site_name\" content=\"Lohschule Datteln\" \/>\n<meta property=\"article:modified_time\" content=\"2025-11-02T08:31:10+00:00\" \/>\n<meta name=\"twitter:card\" content=\"summary_large_image\" \/>\n<meta name=\"twitter:label1\" content=\"Gesch\u00e4tzte Lesezeit\" \/>\n\t<meta name=\"twitter:data1\" content=\"2\u00a0Minuten\" \/>\n<script type=\"application\/ld+json\" class=\"yoast-schema-graph\">{\"@context\":\"https:\\\/\\\/schema.org\",\"@graph\":[{\"@type\":\"WebPage\",\"@id\":\"https:\\\/\\\/www.lohschule-datteln.de\\\/index.php\\\/aus-den-klassengottesdiensten-des-2-schuljahres-erwachsen\\\/\",\"url\":\"https:\\\/\\\/www.lohschule-datteln.de\\\/index.php\\\/aus-den-klassengottesdiensten-des-2-schuljahres-erwachsen\\\/\",\"name\":\"Aus den Klassengottesdiensten des 2. Schuljahres erwachsen - Lohschule Datteln\",\"isPartOf\":{\"@id\":\"https:\\\/\\\/www.lohschule-datteln.de\\\/#website\"},\"datePublished\":\"2025-11-02T08:24:01+00:00\",\"dateModified\":\"2025-11-02T08:31:10+00:00\",\"breadcrumb\":{\"@id\":\"https:\\\/\\\/www.lohschule-datteln.de\\\/index.php\\\/aus-den-klassengottesdiensten-des-2-schuljahres-erwachsen\\\/#breadcrumb\"},\"inLanguage\":\"de\",\"potentialAction\":[{\"@type\":\"ReadAction\",\"target\":[\"https:\\\/\\\/www.lohschule-datteln.de\\\/index.php\\\/aus-den-klassengottesdiensten-des-2-schuljahres-erwachsen\\\/\"]}]},{\"@type\":\"BreadcrumbList\",\"@id\":\"https:\\\/\\\/www.lohschule-datteln.de\\\/index.php\\\/aus-den-klassengottesdiensten-des-2-schuljahres-erwachsen\\\/#breadcrumb\",\"itemListElement\":[{\"@type\":\"ListItem\",\"position\":1,\"name\":\"Startseite\",\"item\":\"https:\\\/\\\/www.lohschule-datteln.de\\\/\"},{\"@type\":\"ListItem\",\"position\":2,\"name\":\"Aus den Klassengottesdiensten des 2. Schuljahres erwachsen\"}]},{\"@type\":\"WebSite\",\"@id\":\"https:\\\/\\\/www.lohschule-datteln.de\\\/#website\",\"url\":\"https:\\\/\\\/www.lohschule-datteln.de\\\/\",\"name\":\"Lohschule Datteln\",\"description\":\"kath. Grundschule\",\"publisher\":{\"@id\":\"https:\\\/\\\/www.lohschule-datteln.de\\\/#organization\"},\"potentialAction\":[{\"@type\":\"SearchAction\",\"target\":{\"@type\":\"EntryPoint\",\"urlTemplate\":\"https:\\\/\\\/www.lohschule-datteln.de\\\/?s={search_term_string}\"},\"query-input\":{\"@type\":\"PropertyValueSpecification\",\"valueRequired\":true,\"valueName\":\"search_term_string\"}}],\"inLanguage\":\"de\"},{\"@type\":\"Organization\",\"@id\":\"https:\\\/\\\/www.lohschule-datteln.de\\\/#organization\",\"name\":\"Lohschule -katholische Grundschule Datteln\",\"url\":\"https:\\\/\\\/www.lohschule-datteln.de\\\/\",\"logo\":{\"@type\":\"ImageObject\",\"inLanguage\":\"de\",\"@id\":\"https:\\\/\\\/www.lohschule-datteln.de\\\/#\\\/schema\\\/logo\\\/image\\\/\",\"url\":\"http:\\\/\\\/www.lohschule-datteln.de\\\/wp-content\\\/uploads\\\/2016\\\/02\\\/Loh-neu-2016.jpg\",\"contentUrl\":\"http:\\\/\\\/www.lohschule-datteln.de\\\/wp-content\\\/uploads\\\/2016\\\/02\\\/Loh-neu-2016.jpg\",\"width\":448,\"height\":252,\"caption\":\"Lohschule -katholische Grundschule Datteln\"},\"image\":{\"@id\":\"https:\\\/\\\/www.lohschule-datteln.de\\\/#\\\/schema\\\/logo\\\/image\\\/\"}}]}<\/script>\n<!-- \/ Yoast SEO plugin. -->","yoast_head_json":{"title":"Aus den Klassengottesdiensten des 2. Schuljahres erwachsen - Lohschule Datteln","robots":{"index":"index","follow":"follow","max-snippet":"max-snippet:-1","max-image-preview":"max-image-preview:large","max-video-preview":"max-video-preview:-1"},"canonical":"https:\/\/www.lohschule-datteln.de\/index.php\/aus-den-klassengottesdiensten-des-2-schuljahres-erwachsen\/","og_locale":"de_DE","og_type":"article","og_title":"Aus den Klassengottesdiensten des 2. Schuljahres erwachsen - Lohschule Datteln","og_description":"Pfarrer Pla\u00dfmann besuchte am 31.10.25 alle 2. Klassen der Lohschule und feierte mit jeder Klasse im eigenen Klassenzimmer einen Wortgottesdienst. In diesem Rahmen erhalten die Kinder immer viele M\u00f6glichkeiten zu eigenen Gedanken und Fragen. Diesmal ist aus diesen Klassengottesdiensten noch etwas Besonderes entstanden: Die Gedanken der Kinder sind von Pfarrer Pla\u00dfmann f\u00fcr die ganze Gemeinde [&hellip;]","og_url":"https:\/\/www.lohschule-datteln.de\/index.php\/aus-den-klassengottesdiensten-des-2-schuljahres-erwachsen\/","og_site_name":"Lohschule Datteln","article_modified_time":"2025-11-02T08:31:10+00:00","twitter_card":"summary_large_image","twitter_misc":{"Gesch\u00e4tzte Lesezeit":"2\u00a0Minuten"},"schema":{"@context":"https:\/\/schema.org","@graph":[{"@type":"WebPage","@id":"https:\/\/www.lohschule-datteln.de\/index.php\/aus-den-klassengottesdiensten-des-2-schuljahres-erwachsen\/","url":"https:\/\/www.lohschule-datteln.de\/index.php\/aus-den-klassengottesdiensten-des-2-schuljahres-erwachsen\/","name":"Aus den Klassengottesdiensten des 2. Schuljahres erwachsen - Lohschule Datteln","isPartOf":{"@id":"https:\/\/www.lohschule-datteln.de\/#website"},"datePublished":"2025-11-02T08:24:01+00:00","dateModified":"2025-11-02T08:31:10+00:00","breadcrumb":{"@id":"https:\/\/www.lohschule-datteln.de\/index.php\/aus-den-klassengottesdiensten-des-2-schuljahres-erwachsen\/#breadcrumb"},"inLanguage":"de","potentialAction":[{"@type":"ReadAction","target":["https:\/\/www.lohschule-datteln.de\/index.php\/aus-den-klassengottesdiensten-des-2-schuljahres-erwachsen\/"]}]},{"@type":"BreadcrumbList","@id":"https:\/\/www.lohschule-datteln.de\/index.php\/aus-den-klassengottesdiensten-des-2-schuljahres-erwachsen\/#breadcrumb","itemListElement":[{"@type":"ListItem","position":1,"name":"Startseite","item":"https:\/\/www.lohschule-datteln.de\/"},{"@type":"ListItem","position":2,"name":"Aus den Klassengottesdiensten des 2. Schuljahres erwachsen"}]},{"@type":"WebSite","@id":"https:\/\/www.lohschule-datteln.de\/#website","url":"https:\/\/www.lohschule-datteln.de\/","name":"Lohschule Datteln","description":"kath. Grundschule","publisher":{"@id":"https:\/\/www.lohschule-datteln.de\/#organization"},"potentialAction":[{"@type":"SearchAction","target":{"@type":"EntryPoint","urlTemplate":"https:\/\/www.lohschule-datteln.de\/?s={search_term_string}"},"query-input":{"@type":"PropertyValueSpecification","valueRequired":true,"valueName":"search_term_string"}}],"inLanguage":"de"},{"@type":"Organization","@id":"https:\/\/www.lohschule-datteln.de\/#organization","name":"Lohschule -katholische Grundschule Datteln","url":"https:\/\/www.lohschule-datteln.de\/","logo":{"@type":"ImageObject","inLanguage":"de","@id":"https:\/\/www.lohschule-datteln.de\/#\/schema\/logo\/image\/","url":"http:\/\/www.lohschule-datteln.de\/wp-content\/uploads\/2016\/02\/Loh-neu-2016.jpg","contentUrl":"http:\/\/www.lohschule-datteln.de\/wp-content\/uploads\/2016\/02\/Loh-neu-2016.jpg","width":448,"height":252,"caption":"Lohschule -katholische Grundschule Datteln"},"image":{"@id":"https:\/\/www.lohschule-datteln.de\/#\/schema\/logo\/image\/"}}]}},"_links":{"self":[{"href":"https:\/\/www.lohschule-datteln.de\/index.php\/wp-json\/wp\/v2\/pages\/15230","targetHints":{"allow":["GET"]}}],"collection":[{"href":"https:\/\/www.lohschule-datteln.de\/index.php\/wp-json\/wp\/v2\/pages"}],"about":[{"href":"https:\/\/www.lohschule-datteln.de\/index.php\/wp-json\/wp\/v2\/types\/page"}],"author":[{"embeddable":true,"href":"https:\/\/www.lohschule-datteln.de\/index.php\/wp-json\/wp\/v2\/users\/3"}],"replies":[{"embeddable":true,"href":"https:\/\/www.lohschule-datteln.de\/index.php\/wp-json\/wp\/v2\/comments?post=15230"}],"version-history":[{"count":3,"href":"https:\/\/www.lohschule-datteln.de\/index.php\/wp-json\/wp\/v2\/pages\/15230\/revisions"}],"predecessor-version":[{"id":15235,"href":"https:\/\/www.lohschule-datteln.de\/index.php\/wp-json\/wp\/v2\/pages\/15230\/revisions\/15235"}],"wp:attachment":[{"href":"https:\/\/www.lohschule-datteln.de\/index.php\/wp-json\/wp\/v2\/media?parent=15230"}],"curies":[{"name":"wp","href":"https:\/\/api.w.org\/{rel}","templated":true}]}}