{"id":15289,"date":"2025-11-29T17:54:29","date_gmt":"2025-11-29T16:54:29","guid":{"rendered":"https:\/\/www.lohschule-datteln.de\/?page_id=15289"},"modified":"2025-11-29T18:06:22","modified_gmt":"2025-11-29T17:06:22","slug":"adventsbasteln-2","status":"publish","type":"page","link":"https:\/\/www.lohschule-datteln.de\/index.php\/adventsbasteln-2\/","title":{"rendered":"Adventsbasteln"},"content":{"rendered":"\n<p>Am 25.11.25 wurde in allen Klassen der Lohschule flei\u00dfig gebastelt. Eine Klasse konnte sogar zus\u00e4tzlich leckere Pl\u00e4tzchen backen. Viele Helferh\u00e4nde machten den Basteltag zu einem vollen Erfolg. Die Lohschule erstrahlt seitdem im vorweihnachtlichen Glanz.<\/p>\n\n\n\n<hr class=\"wp-block-separator has-alpha-channel-opacity\"\/>\n\n\n\n<figure class=\"wp-block-gallery has-nested-images columns-default is-cropped wp-block-gallery-1 is-layout-flex wp-block-gallery-is-layout-flex\">\n<figure class=\"wp-block-image size-large\"><img loading=\"lazy\" decoding=\"async\" width=\"1024\" height=\"768\" data-id=\"15291\" src=\"https:\/\/www.lohschule-datteln.de\/wp-content\/uploads\/2025\/11\/IMG_6104-1024x768.jpeg\" alt=\"\" class=\"wp-image-15291\" srcset=\"https:\/\/www.lohschule-datteln.de\/wp-content\/uploads\/2025\/11\/IMG_6104-1024x768.jpeg 1024w, https:\/\/www.lohschule-datteln.de\/wp-content\/uploads\/2025\/11\/IMG_6104-300x225.jpeg 300w, https:\/\/www.lohschule-datteln.de\/wp-content\/uploads\/2025\/11\/IMG_6104-768x576.jpeg 768w, https:\/\/www.lohschule-datteln.de\/wp-content\/uploads\/2025\/11\/IMG_6104-1536x1152.jpeg 1536w, https:\/\/www.lohschule-datteln.de\/wp-content\/uploads\/2025\/11\/IMG_6104-2048x1536.jpeg 2048w\" sizes=\"auto, (max-width: 1024px) 100vw, 1024px\" \/><\/figure>\n\n\n\n<figure class=\"wp-block-image size-large\"><img loading=\"lazy\" decoding=\"async\" width=\"768\" height=\"1024\" data-id=\"15290\" src=\"https:\/\/www.lohschule-datteln.de\/wp-content\/uploads\/2025\/11\/IMG_6107-768x1024.jpeg\" alt=\"\" class=\"wp-image-15290\" srcset=\"https:\/\/www.lohschule-datteln.de\/wp-content\/uploads\/2025\/11\/IMG_6107-768x1024.jpeg 768w, https:\/\/www.lohschule-datteln.de\/wp-content\/uploads\/2025\/11\/IMG_6107-225x300.jpeg 225w, https:\/\/www.lohschule-datteln.de\/wp-content\/uploads\/2025\/11\/IMG_6107-1152x1536.jpeg 1152w, https:\/\/www.lohschule-datteln.de\/wp-content\/uploads\/2025\/11\/IMG_6107-1536x2048.jpeg 1536w, https:\/\/www.lohschule-datteln.de\/wp-content\/uploads\/2025\/11\/IMG_6107-scaled.jpeg 1920w\" sizes=\"auto, (max-width: 768px) 100vw, 768px\" \/><\/figure>\n\n\n\n<figure class=\"wp-block-image size-large\"><img loading=\"lazy\" decoding=\"async\" width=\"768\" height=\"1024\" data-id=\"15293\" src=\"https:\/\/www.lohschule-datteln.de\/wp-content\/uploads\/2025\/11\/IMG_6108-768x1024.jpeg\" alt=\"\" class=\"wp-image-15293\" srcset=\"https:\/\/www.lohschule-datteln.de\/wp-content\/uploads\/2025\/11\/IMG_6108-768x1024.jpeg 768w, https:\/\/www.lohschule-datteln.de\/wp-content\/uploads\/2025\/11\/IMG_6108-225x300.jpeg 225w, https:\/\/www.lohschule-datteln.de\/wp-content\/uploads\/2025\/11\/IMG_6108-1152x1536.jpeg 1152w, https:\/\/www.lohschule-datteln.de\/wp-content\/uploads\/2025\/11\/IMG_6108-1536x2048.jpeg 1536w, https:\/\/www.lohschule-datteln.de\/wp-content\/uploads\/2025\/11\/IMG_6108-scaled.jpeg 1920w\" sizes=\"auto, (max-width: 768px) 100vw, 768px\" \/><\/figure>\n\n\n\n<figure class=\"wp-block-image size-large\"><img loading=\"lazy\" decoding=\"async\" width=\"1024\" height=\"768\" data-id=\"15292\" src=\"https:\/\/www.lohschule-datteln.de\/wp-content\/uploads\/2025\/11\/IMG_6105-1024x768.jpeg\" alt=\"\" class=\"wp-image-15292\" srcset=\"https:\/\/www.lohschule-datteln.de\/wp-content\/uploads\/2025\/11\/IMG_6105-1024x768.jpeg 1024w, https:\/\/www.lohschule-datteln.de\/wp-content\/uploads\/2025\/11\/IMG_6105-300x225.jpeg 300w, https:\/\/www.lohschule-datteln.de\/wp-content\/uploads\/2025\/11\/IMG_6105-768x576.jpeg 768w, https:\/\/www.lohschule-datteln.de\/wp-content\/uploads\/2025\/11\/IMG_6105-1536x1152.jpeg 1536w, https:\/\/www.lohschule-datteln.de\/wp-content\/uploads\/2025\/11\/IMG_6105-2048x1536.jpeg 2048w\" sizes=\"auto, (max-width: 1024px) 100vw, 1024px\" \/><\/figure>\n\n\n\n<figure class=\"wp-block-image size-large\"><img loading=\"lazy\" decoding=\"async\" width=\"874\" height=\"1024\" data-id=\"15294\" src=\"https:\/\/www.lohschule-datteln.de\/wp-content\/uploads\/2025\/11\/IMG_5203-874x1024.jpeg\" alt=\"\" class=\"wp-image-15294\" srcset=\"https:\/\/www.lohschule-datteln.de\/wp-content\/uploads\/2025\/11\/IMG_5203-874x1024.jpeg 874w, https:\/\/www.lohschule-datteln.de\/wp-content\/uploads\/2025\/11\/IMG_5203-256x300.jpeg 256w, https:\/\/www.lohschule-datteln.de\/wp-content\/uploads\/2025\/11\/IMG_5203-768x900.jpeg 768w, https:\/\/www.lohschule-datteln.de\/wp-content\/uploads\/2025\/11\/IMG_5203-1311x1536.jpeg 1311w, https:\/\/www.lohschule-datteln.de\/wp-content\/uploads\/2025\/11\/IMG_5203.jpeg 1370w\" sizes=\"auto, (max-width: 874px) 100vw, 874px\" \/><\/figure>\n\n\n\n<figure class=\"wp-block-image size-large\"><img loading=\"lazy\" decoding=\"async\" width=\"809\" height=\"976\" data-id=\"15295\" src=\"https:\/\/www.lohschule-datteln.de\/wp-content\/uploads\/2025\/11\/IMG_5202.jpeg\" alt=\"\" class=\"wp-image-15295\" srcset=\"https:\/\/www.lohschule-datteln.de\/wp-content\/uploads\/2025\/11\/IMG_5202.jpeg 809w, https:\/\/www.lohschule-datteln.de\/wp-content\/uploads\/2025\/11\/IMG_5202-249x300.jpeg 249w, https:\/\/www.lohschule-datteln.de\/wp-content\/uploads\/2025\/11\/IMG_5202-768x927.jpeg 768w\" sizes=\"auto, (max-width: 809px) 100vw, 809px\" \/><\/figure>\n\n\n\n<figure class=\"wp-block-image size-large\"><img loading=\"lazy\" decoding=\"async\" width=\"856\" height=\"1024\" data-id=\"15296\" src=\"https:\/\/www.lohschule-datteln.de\/wp-content\/uploads\/2025\/11\/IMG_5205-856x1024.jpeg\" alt=\"\" class=\"wp-image-15296\" srcset=\"https:\/\/www.lohschule-datteln.de\/wp-content\/uploads\/2025\/11\/IMG_5205-856x1024.jpeg 856w, https:\/\/www.lohschule-datteln.de\/wp-content\/uploads\/2025\/11\/IMG_5205-251x300.jpeg 251w, https:\/\/www.lohschule-datteln.de\/wp-content\/uploads\/2025\/11\/IMG_5205-768x919.jpeg 768w, https:\/\/www.lohschule-datteln.de\/wp-content\/uploads\/2025\/11\/IMG_5205-1284x1536.jpeg 1284w, https:\/\/www.lohschule-datteln.de\/wp-content\/uploads\/2025\/11\/IMG_5205.jpeg 1333w\" sizes=\"auto, (max-width: 856px) 100vw, 856px\" \/><\/figure>\n\n\n\n<figure class=\"wp-block-image size-large\"><img loading=\"lazy\" decoding=\"async\" width=\"1024\" height=\"768\" data-id=\"15297\" src=\"https:\/\/www.lohschule-datteln.de\/wp-content\/uploads\/2025\/11\/IMG_4112-1024x768.jpeg\" alt=\"\" class=\"wp-image-15297\" srcset=\"https:\/\/www.lohschule-datteln.de\/wp-content\/uploads\/2025\/11\/IMG_4112-1024x768.jpeg 1024w, https:\/\/www.lohschule-datteln.de\/wp-content\/uploads\/2025\/11\/IMG_4112-300x225.jpeg 300w, https:\/\/www.lohschule-datteln.de\/wp-content\/uploads\/2025\/11\/IMG_4112-768x576.jpeg 768w, https:\/\/www.lohschule-datteln.de\/wp-content\/uploads\/2025\/11\/IMG_4112-1536x1152.jpeg 1536w, https:\/\/www.lohschule-datteln.de\/wp-content\/uploads\/2025\/11\/IMG_4112-2048x1536.jpeg 2048w\" sizes=\"auto, (max-width: 1024px) 100vw, 1024px\" \/><\/figure>\n\n\n\n<figure class=\"wp-block-image size-large\"><img loading=\"lazy\" decoding=\"async\" width=\"1024\" height=\"768\" data-id=\"15298\" src=\"https:\/\/www.lohschule-datteln.de\/wp-content\/uploads\/2025\/11\/IMG_4118-1024x768.jpeg\" alt=\"\" class=\"wp-image-15298\" srcset=\"https:\/\/www.lohschule-datteln.de\/wp-content\/uploads\/2025\/11\/IMG_4118-1024x768.jpeg 1024w, https:\/\/www.lohschule-datteln.de\/wp-content\/uploads\/2025\/11\/IMG_4118-300x225.jpeg 300w, https:\/\/www.lohschule-datteln.de\/wp-content\/uploads\/2025\/11\/IMG_4118-768x576.jpeg 768w, https:\/\/www.lohschule-datteln.de\/wp-content\/uploads\/2025\/11\/IMG_4118-1536x1152.jpeg 1536w, https:\/\/www.lohschule-datteln.de\/wp-content\/uploads\/2025\/11\/IMG_4118-2048x1536.jpeg 2048w\" sizes=\"auto, (max-width: 1024px) 100vw, 1024px\" \/><\/figure>\n\n\n\n<figure class=\"wp-block-image size-large\"><img loading=\"lazy\" decoding=\"async\" width=\"1024\" height=\"768\" data-id=\"15302\" src=\"https:\/\/www.lohschule-datteln.de\/wp-content\/uploads\/2025\/11\/IMG_4109-1024x768.jpeg\" alt=\"\" class=\"wp-image-15302\" srcset=\"https:\/\/www.lohschule-datteln.de\/wp-content\/uploads\/2025\/11\/IMG_4109-1024x768.jpeg 1024w, https:\/\/www.lohschule-datteln.de\/wp-content\/uploads\/2025\/11\/IMG_4109-300x225.jpeg 300w, https:\/\/www.lohschule-datteln.de\/wp-content\/uploads\/2025\/11\/IMG_4109-768x576.jpeg 768w, https:\/\/www.lohschule-datteln.de\/wp-content\/uploads\/2025\/11\/IMG_4109-1536x1152.jpeg 1536w, https:\/\/www.lohschule-datteln.de\/wp-content\/uploads\/2025\/11\/IMG_4109-2048x1536.jpeg 2048w\" sizes=\"auto, (max-width: 1024px) 100vw, 1024px\" \/><\/figure>\n\n\n\n<figure class=\"wp-block-image size-large\"><img loading=\"lazy\" decoding=\"async\" width=\"1024\" height=\"768\" data-id=\"15300\" src=\"https:\/\/www.lohschule-datteln.de\/wp-content\/uploads\/2025\/11\/IMG_4100-1024x768.jpeg\" alt=\"\" class=\"wp-image-15300\" srcset=\"https:\/\/www.lohschule-datteln.de\/wp-content\/uploads\/2025\/11\/IMG_4100-1024x768.jpeg 1024w, https:\/\/www.lohschule-datteln.de\/wp-content\/uploads\/2025\/11\/IMG_4100-300x225.jpeg 300w, https:\/\/www.lohschule-datteln.de\/wp-content\/uploads\/2025\/11\/IMG_4100-768x576.jpeg 768w, https:\/\/www.lohschule-datteln.de\/wp-content\/uploads\/2025\/11\/IMG_4100-1536x1152.jpeg 1536w, https:\/\/www.lohschule-datteln.de\/wp-content\/uploads\/2025\/11\/IMG_4100-2048x1536.jpeg 2048w\" sizes=\"auto, (max-width: 1024px) 100vw, 1024px\" \/><\/figure>\n\n\n\n<figure class=\"wp-block-image size-large\"><img loading=\"lazy\" decoding=\"async\" width=\"1024\" height=\"768\" data-id=\"15299\" src=\"https:\/\/www.lohschule-datteln.de\/wp-content\/uploads\/2025\/11\/IMG_4096-1024x768.jpeg\" alt=\"\" class=\"wp-image-15299\" srcset=\"https:\/\/www.lohschule-datteln.de\/wp-content\/uploads\/2025\/11\/IMG_4096-1024x768.jpeg 1024w, https:\/\/www.lohschule-datteln.de\/wp-content\/uploads\/2025\/11\/IMG_4096-300x225.jpeg 300w, https:\/\/www.lohschule-datteln.de\/wp-content\/uploads\/2025\/11\/IMG_4096-768x576.jpeg 768w, https:\/\/www.lohschule-datteln.de\/wp-content\/uploads\/2025\/11\/IMG_4096-1536x1152.jpeg 1536w, https:\/\/www.lohschule-datteln.de\/wp-content\/uploads\/2025\/11\/IMG_4096-2048x1536.jpeg 2048w\" sizes=\"auto, (max-width: 1024px) 100vw, 1024px\" \/><\/figure>\n\n\n\n<figure class=\"wp-block-image size-large\"><img loading=\"lazy\" decoding=\"async\" width=\"1024\" height=\"768\" data-id=\"15303\" src=\"https:\/\/www.lohschule-datteln.de\/wp-content\/uploads\/2025\/11\/IMG_4097-1024x768.jpeg\" alt=\"\" class=\"wp-image-15303\" srcset=\"https:\/\/www.lohschule-datteln.de\/wp-content\/uploads\/2025\/11\/IMG_4097-1024x768.jpeg 1024w, https:\/\/www.lohschule-datteln.de\/wp-content\/uploads\/2025\/11\/IMG_4097-300x225.jpeg 300w, https:\/\/www.lohschule-datteln.de\/wp-content\/uploads\/2025\/11\/IMG_4097-768x576.jpeg 768w, https:\/\/www.lohschule-datteln.de\/wp-content\/uploads\/2025\/11\/IMG_4097-1536x1152.jpeg 1536w, https:\/\/www.lohschule-datteln.de\/wp-content\/uploads\/2025\/11\/IMG_4097-2048x1536.jpeg 2048w\" sizes=\"auto, (max-width: 1024px) 100vw, 1024px\" \/><\/figure>\n\n\n\n<figure class=\"wp-block-image size-large\"><img loading=\"lazy\" decoding=\"async\" width=\"1024\" height=\"768\" data-id=\"15304\" src=\"https:\/\/www.lohschule-datteln.de\/wp-content\/uploads\/2025\/11\/IMG_4113-1024x768.jpeg\" alt=\"\" class=\"wp-image-15304\" srcset=\"https:\/\/www.lohschule-datteln.de\/wp-content\/uploads\/2025\/11\/IMG_4113-1024x768.jpeg 1024w, https:\/\/www.lohschule-datteln.de\/wp-content\/uploads\/2025\/11\/IMG_4113-300x225.jpeg 300w, https:\/\/www.lohschule-datteln.de\/wp-content\/uploads\/2025\/11\/IMG_4113-768x576.jpeg 768w, https:\/\/www.lohschule-datteln.de\/wp-content\/uploads\/2025\/11\/IMG_4113-1536x1152.jpeg 1536w, https:\/\/www.lohschule-datteln.de\/wp-content\/uploads\/2025\/11\/IMG_4113-2048x1536.jpeg 2048w\" sizes=\"auto, (max-width: 1024px) 100vw, 1024px\" \/><\/figure>\n\n\n\n<figure class=\"wp-block-image size-large\"><img loading=\"lazy\" decoding=\"async\" width=\"768\" height=\"1024\" data-id=\"15301\" src=\"https:\/\/www.lohschule-datteln.de\/wp-content\/uploads\/2025\/11\/IMG_4104-768x1024.jpeg\" alt=\"\" class=\"wp-image-15301\" srcset=\"https:\/\/www.lohschule-datteln.de\/wp-content\/uploads\/2025\/11\/IMG_4104-768x1024.jpeg 768w, https:\/\/www.lohschule-datteln.de\/wp-content\/uploads\/2025\/11\/IMG_4104-225x300.jpeg 225w, https:\/\/www.lohschule-datteln.de\/wp-content\/uploads\/2025\/11\/IMG_4104-1152x1536.jpeg 1152w, https:\/\/www.lohschule-datteln.de\/wp-content\/uploads\/2025\/11\/IMG_4104-1536x2048.jpeg 1536w, https:\/\/www.lohschule-datteln.de\/wp-content\/uploads\/2025\/11\/IMG_4104-scaled.jpeg 1920w\" sizes=\"auto, (max-width: 768px) 100vw, 768px\" \/><\/figure>\n<\/figure>\n","protected":false},"excerpt":{"rendered":"<p>Am 25.11.25 wurde in allen Klassen der Lohschule flei\u00dfig gebastelt. Eine Klasse konnte sogar zus\u00e4tzlich leckere Pl\u00e4tzchen backen. Viele Helferh\u00e4nde machten den Basteltag zu einem vollen Erfolg. Die Lohschule erstrahlt seitdem im vorweihnachtlichen Glanz.<\/p>\n","protected":false},"author":3,"featured_media":0,"parent":0,"menu_order":0,"comment_status":"closed","ping_status":"closed","template":"","meta":{"footnotes":""},"class_list":["post-15289","page","type-page","status-publish","hentry"],"yoast_head":"<!-- This site is optimized with the Yoast SEO plugin v27.4 - https:\/\/yoast.com\/product\/yoast-seo-wordpress\/ -->\n<title>Adventsbasteln - Lohschule Datteln<\/title>\n<meta name=\"robots\" content=\"index, follow, max-snippet:-1, max-image-preview:large, max-video-preview:-1\" \/>\n<link rel=\"canonical\" href=\"https:\/\/www.lohschule-datteln.de\/index.php\/adventsbasteln-2\/\" \/>\n<meta property=\"og:locale\" content=\"de_DE\" \/>\n<meta property=\"og:type\" content=\"article\" \/>\n<meta property=\"og:title\" content=\"Adventsbasteln - Lohschule Datteln\" \/>\n<meta property=\"og:description\" content=\"Am 25.11.25 wurde in allen Klassen der Lohschule flei\u00dfig gebastelt. Eine Klasse konnte sogar zus\u00e4tzlich leckere Pl\u00e4tzchen backen. Viele Helferh\u00e4nde machten den Basteltag zu einem vollen Erfolg. Die Lohschule erstrahlt seitdem im vorweihnachtlichen Glanz.\" \/>\n<meta property=\"og:url\" content=\"https:\/\/www.lohschule-datteln.de\/index.php\/adventsbasteln-2\/\" \/>\n<meta property=\"og:site_name\" content=\"Lohschule Datteln\" \/>\n<meta property=\"article:modified_time\" content=\"2025-11-29T17:06:22+00:00\" \/>\n<meta property=\"og:image\" content=\"https:\/\/www.lohschule-datteln.de\/wp-content\/uploads\/2025\/11\/IMG_6104-scaled.jpeg\" \/>\n\t<meta property=\"og:image:width\" content=\"2560\" \/>\n\t<meta property=\"og:image:height\" content=\"1920\" \/>\n\t<meta property=\"og:image:type\" content=\"image\/jpeg\" \/>\n<meta name=\"twitter:card\" content=\"summary_large_image\" \/>\n<meta name=\"twitter:label1\" content=\"Gesch\u00e4tzte Lesezeit\" \/>\n\t<meta name=\"twitter:data1\" content=\"4\u00a0Minuten\" \/>\n<script type=\"application\/ld+json\" class=\"yoast-schema-graph\">{\"@context\":\"https:\\\/\\\/schema.org\",\"@graph\":[{\"@type\":\"WebPage\",\"@id\":\"https:\\\/\\\/www.lohschule-datteln.de\\\/index.php\\\/adventsbasteln-2\\\/\",\"url\":\"https:\\\/\\\/www.lohschule-datteln.de\\\/index.php\\\/adventsbasteln-2\\\/\",\"name\":\"Adventsbasteln - Lohschule Datteln\",\"isPartOf\":{\"@id\":\"https:\\\/\\\/www.lohschule-datteln.de\\\/#website\"},\"primaryImageOfPage\":{\"@id\":\"https:\\\/\\\/www.lohschule-datteln.de\\\/index.php\\\/adventsbasteln-2\\\/#primaryimage\"},\"image\":{\"@id\":\"https:\\\/\\\/www.lohschule-datteln.de\\\/index.php\\\/adventsbasteln-2\\\/#primaryimage\"},\"thumbnailUrl\":\"https:\\\/\\\/www.lohschule-datteln.de\\\/wp-content\\\/uploads\\\/2025\\\/11\\\/IMG_6104-1024x768.jpeg\",\"datePublished\":\"2025-11-29T16:54:29+00:00\",\"dateModified\":\"2025-11-29T17:06:22+00:00\",\"breadcrumb\":{\"@id\":\"https:\\\/\\\/www.lohschule-datteln.de\\\/index.php\\\/adventsbasteln-2\\\/#breadcrumb\"},\"inLanguage\":\"de\",\"potentialAction\":[{\"@type\":\"ReadAction\",\"target\":[\"https:\\\/\\\/www.lohschule-datteln.de\\\/index.php\\\/adventsbasteln-2\\\/\"]}]},{\"@type\":\"ImageObject\",\"inLanguage\":\"de\",\"@id\":\"https:\\\/\\\/www.lohschule-datteln.de\\\/index.php\\\/adventsbasteln-2\\\/#primaryimage\",\"url\":\"https:\\\/\\\/www.lohschule-datteln.de\\\/wp-content\\\/uploads\\\/2025\\\/11\\\/IMG_6104-scaled.jpeg\",\"contentUrl\":\"https:\\\/\\\/www.lohschule-datteln.de\\\/wp-content\\\/uploads\\\/2025\\\/11\\\/IMG_6104-scaled.jpeg\",\"width\":2560,\"height\":1920},{\"@type\":\"BreadcrumbList\",\"@id\":\"https:\\\/\\\/www.lohschule-datteln.de\\\/index.php\\\/adventsbasteln-2\\\/#breadcrumb\",\"itemListElement\":[{\"@type\":\"ListItem\",\"position\":1,\"name\":\"Startseite\",\"item\":\"https:\\\/\\\/www.lohschule-datteln.de\\\/\"},{\"@type\":\"ListItem\",\"position\":2,\"name\":\"Adventsbasteln\"}]},{\"@type\":\"WebSite\",\"@id\":\"https:\\\/\\\/www.lohschule-datteln.de\\\/#website\",\"url\":\"https:\\\/\\\/www.lohschule-datteln.de\\\/\",\"name\":\"Lohschule Datteln\",\"description\":\"kath. Grundschule\",\"publisher\":{\"@id\":\"https:\\\/\\\/www.lohschule-datteln.de\\\/#organization\"},\"potentialAction\":[{\"@type\":\"SearchAction\",\"target\":{\"@type\":\"EntryPoint\",\"urlTemplate\":\"https:\\\/\\\/www.lohschule-datteln.de\\\/?s={search_term_string}\"},\"query-input\":{\"@type\":\"PropertyValueSpecification\",\"valueRequired\":true,\"valueName\":\"search_term_string\"}}],\"inLanguage\":\"de\"},{\"@type\":\"Organization\",\"@id\":\"https:\\\/\\\/www.lohschule-datteln.de\\\/#organization\",\"name\":\"Lohschule -katholische Grundschule Datteln\",\"url\":\"https:\\\/\\\/www.lohschule-datteln.de\\\/\",\"logo\":{\"@type\":\"ImageObject\",\"inLanguage\":\"de\",\"@id\":\"https:\\\/\\\/www.lohschule-datteln.de\\\/#\\\/schema\\\/logo\\\/image\\\/\",\"url\":\"http:\\\/\\\/www.lohschule-datteln.de\\\/wp-content\\\/uploads\\\/2016\\\/02\\\/Loh-neu-2016.jpg\",\"contentUrl\":\"http:\\\/\\\/www.lohschule-datteln.de\\\/wp-content\\\/uploads\\\/2016\\\/02\\\/Loh-neu-2016.jpg\",\"width\":448,\"height\":252,\"caption\":\"Lohschule -katholische Grundschule Datteln\"},\"image\":{\"@id\":\"https:\\\/\\\/www.lohschule-datteln.de\\\/#\\\/schema\\\/logo\\\/image\\\/\"}}]}<\/script>\n<!-- \/ Yoast SEO plugin. -->","yoast_head_json":{"title":"Adventsbasteln - Lohschule Datteln","robots":{"index":"index","follow":"follow","max-snippet":"max-snippet:-1","max-image-preview":"max-image-preview:large","max-video-preview":"max-video-preview:-1"},"canonical":"https:\/\/www.lohschule-datteln.de\/index.php\/adventsbasteln-2\/","og_locale":"de_DE","og_type":"article","og_title":"Adventsbasteln - Lohschule Datteln","og_description":"Am 25.11.25 wurde in allen Klassen der Lohschule flei\u00dfig gebastelt. Eine Klasse konnte sogar zus\u00e4tzlich leckere Pl\u00e4tzchen backen. Viele Helferh\u00e4nde machten den Basteltag zu einem vollen Erfolg. Die Lohschule erstrahlt seitdem im vorweihnachtlichen Glanz.","og_url":"https:\/\/www.lohschule-datteln.de\/index.php\/adventsbasteln-2\/","og_site_name":"Lohschule Datteln","article_modified_time":"2025-11-29T17:06:22+00:00","og_image":[{"width":2560,"height":1920,"url":"https:\/\/www.lohschule-datteln.de\/wp-content\/uploads\/2025\/11\/IMG_6104-scaled.jpeg","type":"image\/jpeg"}],"twitter_card":"summary_large_image","twitter_misc":{"Gesch\u00e4tzte Lesezeit":"4\u00a0Minuten"},"schema":{"@context":"https:\/\/schema.org","@graph":[{"@type":"WebPage","@id":"https:\/\/www.lohschule-datteln.de\/index.php\/adventsbasteln-2\/","url":"https:\/\/www.lohschule-datteln.de\/index.php\/adventsbasteln-2\/","name":"Adventsbasteln - Lohschule Datteln","isPartOf":{"@id":"https:\/\/www.lohschule-datteln.de\/#website"},"primaryImageOfPage":{"@id":"https:\/\/www.lohschule-datteln.de\/index.php\/adventsbasteln-2\/#primaryimage"},"image":{"@id":"https:\/\/www.lohschule-datteln.de\/index.php\/adventsbasteln-2\/#primaryimage"},"thumbnailUrl":"https:\/\/www.lohschule-datteln.de\/wp-content\/uploads\/2025\/11\/IMG_6104-1024x768.jpeg","datePublished":"2025-11-29T16:54:29+00:00","dateModified":"2025-11-29T17:06:22+00:00","breadcrumb":{"@id":"https:\/\/www.lohschule-datteln.de\/index.php\/adventsbasteln-2\/#breadcrumb"},"inLanguage":"de","potentialAction":[{"@type":"ReadAction","target":["https:\/\/www.lohschule-datteln.de\/index.php\/adventsbasteln-2\/"]}]},{"@type":"ImageObject","inLanguage":"de","@id":"https:\/\/www.lohschule-datteln.de\/index.php\/adventsbasteln-2\/#primaryimage","url":"https:\/\/www.lohschule-datteln.de\/wp-content\/uploads\/2025\/11\/IMG_6104-scaled.jpeg","contentUrl":"https:\/\/www.lohschule-datteln.de\/wp-content\/uploads\/2025\/11\/IMG_6104-scaled.jpeg","width":2560,"height":1920},{"@type":"BreadcrumbList","@id":"https:\/\/www.lohschule-datteln.de\/index.php\/adventsbasteln-2\/#breadcrumb","itemListElement":[{"@type":"ListItem","position":1,"name":"Startseite","item":"https:\/\/www.lohschule-datteln.de\/"},{"@type":"ListItem","position":2,"name":"Adventsbasteln"}]},{"@type":"WebSite","@id":"https:\/\/www.lohschule-datteln.de\/#website","url":"https:\/\/www.lohschule-datteln.de\/","name":"Lohschule Datteln","description":"kath. Grundschule","publisher":{"@id":"https:\/\/www.lohschule-datteln.de\/#organization"},"potentialAction":[{"@type":"SearchAction","target":{"@type":"EntryPoint","urlTemplate":"https:\/\/www.lohschule-datteln.de\/?s={search_term_string}"},"query-input":{"@type":"PropertyValueSpecification","valueRequired":true,"valueName":"search_term_string"}}],"inLanguage":"de"},{"@type":"Organization","@id":"https:\/\/www.lohschule-datteln.de\/#organization","name":"Lohschule -katholische Grundschule Datteln","url":"https:\/\/www.lohschule-datteln.de\/","logo":{"@type":"ImageObject","inLanguage":"de","@id":"https:\/\/www.lohschule-datteln.de\/#\/schema\/logo\/image\/","url":"http:\/\/www.lohschule-datteln.de\/wp-content\/uploads\/2016\/02\/Loh-neu-2016.jpg","contentUrl":"http:\/\/www.lohschule-datteln.de\/wp-content\/uploads\/2016\/02\/Loh-neu-2016.jpg","width":448,"height":252,"caption":"Lohschule -katholische Grundschule Datteln"},"image":{"@id":"https:\/\/www.lohschule-datteln.de\/#\/schema\/logo\/image\/"}}]}},"_links":{"self":[{"href":"https:\/\/www.lohschule-datteln.de\/index.php\/wp-json\/wp\/v2\/pages\/15289","targetHints":{"allow":["GET"]}}],"collection":[{"href":"https:\/\/www.lohschule-datteln.de\/index.php\/wp-json\/wp\/v2\/pages"}],"about":[{"href":"https:\/\/www.lohschule-datteln.de\/index.php\/wp-json\/wp\/v2\/types\/page"}],"author":[{"embeddable":true,"href":"https:\/\/www.lohschule-datteln.de\/index.php\/wp-json\/wp\/v2\/users\/3"}],"replies":[{"embeddable":true,"href":"https:\/\/www.lohschule-datteln.de\/index.php\/wp-json\/wp\/v2\/comments?post=15289"}],"version-history":[{"count":3,"href":"https:\/\/www.lohschule-datteln.de\/index.php\/wp-json\/wp\/v2\/pages\/15289\/revisions"}],"predecessor-version":[{"id":15313,"href":"https:\/\/www.lohschule-datteln.de\/index.php\/wp-json\/wp\/v2\/pages\/15289\/revisions\/15313"}],"wp:attachment":[{"href":"https:\/\/www.lohschule-datteln.de\/index.php\/wp-json\/wp\/v2\/media?parent=15289"}],"curies":[{"name":"wp","href":"https:\/\/api.w.org\/{rel}","templated":true}]}}