{"id":15437,"date":"2026-04-23T16:32:04","date_gmt":"2026-04-23T14:32:04","guid":{"rendered":"https:\/\/www.lohschule-datteln.de\/?page_id=15437"},"modified":"2026-04-23T16:41:43","modified_gmt":"2026-04-23T14:41:43","slug":"kaenguruwettbewerb-2026","status":"publish","type":"page","link":"https:\/\/www.lohschule-datteln.de\/index.php\/kaenguruwettbewerb-2026\/","title":{"rendered":"K\u00e4nguruwettbewerb 2026"},"content":{"rendered":"<p>Im M\u00e4rz 2026 haben sich 107 Kinder der Lohschule entschieden, am diesj\u00e4hrigen K\u00e4nguruwettbewerb teilzunehmen.<\/p>\n<p>Hier waren auch in diesem Jahr wieder knifflige Knobelaufgaben aus der Mathematik zu l\u00f6sen. So manche K\u00e4nguruaufgabe lie\u00df die K\u00f6pfe rauchen. Das war manchmal ganz sch\u00f6n anstrengend, machte aber auch riesigen Spa\u00df.<\/p>\n<p>Jedes Kind erhielt heute f\u00fcr die erbrachte Leistung eine Urkunde und ein tolles Knobelspiel.<\/p>\n<p>Besonders konnte sich die Lohschule nach der Auswertung der Aufgaben aber \u00fcber drei 3. Pl\u00e4tze und den &#8222;l\u00e4ngsten K\u00e4ngurusprung&#8220; mit den meisten richtigen L\u00f6sungen nacheinander freuen.<\/p>\n<p>Wir gratulieren allen Siegerinnen und Siegern des Wettbewerbs zu dieser tollen Leistung.<\/p>\n<p>Unser Dank geht an den F\u00f6rderverein, der die Teilnahme der Kinder durch die \u00dcbernahme der Teilnahmegeb\u00fchren erst erm\u00f6glicht hat. Danke auch an die Organisatorin des K\u00e4nguru-Wettbewerbs, Frau J\u00fcrgens-Wember, ohne deren Engangement der Wettbewerb nicht m\u00f6glich w\u00e4re.<\/p>\n<p>Zum Abschluss bleibt nur zu sagen:<\/p>\n<p>MATHE IST TOLL!<\/p>\n\n\n<figure class=\"wp-block-gallery has-nested-images columns-default is-cropped wp-block-gallery-1 is-layout-flex wp-block-gallery-is-layout-flex\">\n<figure class=\"wp-block-image size-large\"><img loading=\"lazy\" decoding=\"async\" width=\"722\" height=\"1024\" data-id=\"15446\" src=\"https:\/\/www.lohschule-datteln.de\/wp-content\/uploads\/2026\/04\/IMG_5683-722x1024.jpeg\" alt=\"\" class=\"wp-image-15446\" srcset=\"https:\/\/www.lohschule-datteln.de\/wp-content\/uploads\/2026\/04\/IMG_5683-722x1024.jpeg 722w, https:\/\/www.lohschule-datteln.de\/wp-content\/uploads\/2026\/04\/IMG_5683-212x300.jpeg 212w, https:\/\/www.lohschule-datteln.de\/wp-content\/uploads\/2026\/04\/IMG_5683-768x1089.jpeg 768w, https:\/\/www.lohschule-datteln.de\/wp-content\/uploads\/2026\/04\/IMG_5683-1083x1536.jpeg 1083w, https:\/\/www.lohschule-datteln.de\/wp-content\/uploads\/2026\/04\/IMG_5683-1444x2048.jpeg 1444w, https:\/\/www.lohschule-datteln.de\/wp-content\/uploads\/2026\/04\/IMG_5683-scaled.jpeg 1805w\" sizes=\"auto, (max-width: 722px) 100vw, 722px\" \/><\/figure>\n\n\n\n<figure class=\"wp-block-image size-large\"><img loading=\"lazy\" decoding=\"async\" width=\"694\" height=\"1024\" data-id=\"15445\" src=\"https:\/\/www.lohschule-datteln.de\/wp-content\/uploads\/2026\/04\/IMG_5685-694x1024.jpeg\" alt=\"\" class=\"wp-image-15445\" srcset=\"https:\/\/www.lohschule-datteln.de\/wp-content\/uploads\/2026\/04\/IMG_5685-694x1024.jpeg 694w, https:\/\/www.lohschule-datteln.de\/wp-content\/uploads\/2026\/04\/IMG_5685-203x300.jpeg 203w, https:\/\/www.lohschule-datteln.de\/wp-content\/uploads\/2026\/04\/IMG_5685-768x1134.jpeg 768w, https:\/\/www.lohschule-datteln.de\/wp-content\/uploads\/2026\/04\/IMG_5685-1040x1536.jpeg 1040w, https:\/\/www.lohschule-datteln.de\/wp-content\/uploads\/2026\/04\/IMG_5685-1387x2048.jpeg 1387w, https:\/\/www.lohschule-datteln.de\/wp-content\/uploads\/2026\/04\/IMG_5685-scaled.jpeg 1734w\" sizes=\"auto, (max-width: 694px) 100vw, 694px\" \/><\/figure>\n\n\n\n<figure class=\"wp-block-image size-large\"><img loading=\"lazy\" decoding=\"async\" width=\"768\" height=\"1024\" data-id=\"15444\" src=\"https:\/\/www.lohschule-datteln.de\/wp-content\/uploads\/2026\/04\/IMG_5684-768x1024.jpeg\" alt=\"\" class=\"wp-image-15444\" srcset=\"https:\/\/www.lohschule-datteln.de\/wp-content\/uploads\/2026\/04\/IMG_5684-768x1024.jpeg 768w, https:\/\/www.lohschule-datteln.de\/wp-content\/uploads\/2026\/04\/IMG_5684-225x300.jpeg 225w, https:\/\/www.lohschule-datteln.de\/wp-content\/uploads\/2026\/04\/IMG_5684-1152x1536.jpeg 1152w, https:\/\/www.lohschule-datteln.de\/wp-content\/uploads\/2026\/04\/IMG_5684.jpeg 1200w\" sizes=\"auto, (max-width: 768px) 100vw, 768px\" \/><\/figure>\n\n\n\n<figure class=\"wp-block-image size-large\"><img loading=\"lazy\" decoding=\"async\" width=\"768\" height=\"1024\" data-id=\"15443\" src=\"https:\/\/www.lohschule-datteln.de\/wp-content\/uploads\/2026\/04\/IMG_5686-768x1024.jpeg\" alt=\"\" class=\"wp-image-15443\" srcset=\"https:\/\/www.lohschule-datteln.de\/wp-content\/uploads\/2026\/04\/IMG_5686-768x1024.jpeg 768w, https:\/\/www.lohschule-datteln.de\/wp-content\/uploads\/2026\/04\/IMG_5686-225x300.jpeg 225w, https:\/\/www.lohschule-datteln.de\/wp-content\/uploads\/2026\/04\/IMG_5686-1152x1536.jpeg 1152w, https:\/\/www.lohschule-datteln.de\/wp-content\/uploads\/2026\/04\/IMG_5686.jpeg 1200w\" sizes=\"auto, (max-width: 768px) 100vw, 768px\" \/><\/figure>\n<\/figure>\n\n\n\n<p><\/p>\n","protected":false},"excerpt":{"rendered":"<p>Im M\u00e4rz 2026 haben sich 107 Kinder der Lohschule entschieden, am diesj\u00e4hrigen K\u00e4nguruwettbewerb teilzunehmen. Hier waren auch in diesem Jahr wieder knifflige Knobelaufgaben aus der Mathematik zu l\u00f6sen. So manche K\u00e4nguruaufgabe lie\u00df die K\u00f6pfe rauchen. Das war manchmal ganz sch\u00f6n anstrengend, machte aber auch riesigen Spa\u00df. Jedes Kind erhielt heute f\u00fcr die erbrachte Leistung eine [&hellip;]<\/p>\n","protected":false},"author":3,"featured_media":0,"parent":0,"menu_order":0,"comment_status":"closed","ping_status":"closed","template":"","meta":{"footnotes":""},"class_list":["post-15437","page","type-page","status-publish","hentry"],"yoast_head":"<!-- This site is optimized with the Yoast SEO plugin v27.4 - https:\/\/yoast.com\/product\/yoast-seo-wordpress\/ -->\n<title>K\u00e4nguruwettbewerb 2026 - Lohschule Datteln<\/title>\n<meta name=\"robots\" content=\"index, follow, max-snippet:-1, max-image-preview:large, max-video-preview:-1\" \/>\n<link rel=\"canonical\" href=\"https:\/\/www.lohschule-datteln.de\/index.php\/kaenguruwettbewerb-2026\/\" \/>\n<meta property=\"og:locale\" content=\"de_DE\" \/>\n<meta property=\"og:type\" content=\"article\" \/>\n<meta property=\"og:title\" content=\"K\u00e4nguruwettbewerb 2026 - Lohschule Datteln\" \/>\n<meta property=\"og:description\" content=\"Im M\u00e4rz 2026 haben sich 107 Kinder der Lohschule entschieden, am diesj\u00e4hrigen K\u00e4nguruwettbewerb teilzunehmen. Hier waren auch in diesem Jahr wieder knifflige Knobelaufgaben aus der Mathematik zu l\u00f6sen. So manche K\u00e4nguruaufgabe lie\u00df die K\u00f6pfe rauchen. Das war manchmal ganz sch\u00f6n anstrengend, machte aber auch riesigen Spa\u00df. Jedes Kind erhielt heute f\u00fcr die erbrachte Leistung eine [&hellip;]\" \/>\n<meta property=\"og:url\" content=\"https:\/\/www.lohschule-datteln.de\/index.php\/kaenguruwettbewerb-2026\/\" \/>\n<meta property=\"og:site_name\" content=\"Lohschule Datteln\" \/>\n<meta property=\"article:modified_time\" content=\"2026-04-23T14:41:43+00:00\" \/>\n<meta property=\"og:image\" content=\"https:\/\/www.lohschule-datteln.de\/wp-content\/uploads\/2026\/04\/IMG_5683-scaled.jpeg\" \/>\n\t<meta property=\"og:image:width\" content=\"1805\" \/>\n\t<meta property=\"og:image:height\" content=\"2560\" \/>\n\t<meta property=\"og:image:type\" content=\"image\/jpeg\" \/>\n<meta name=\"twitter:card\" content=\"summary_large_image\" \/>\n<meta name=\"twitter:label1\" content=\"Gesch\u00e4tzte Lesezeit\" \/>\n\t<meta name=\"twitter:data1\" content=\"2\u00a0Minuten\" \/>\n<script type=\"application\/ld+json\" class=\"yoast-schema-graph\">{\"@context\":\"https:\\\/\\\/schema.org\",\"@graph\":[{\"@type\":\"WebPage\",\"@id\":\"https:\\\/\\\/www.lohschule-datteln.de\\\/index.php\\\/kaenguruwettbewerb-2026\\\/\",\"url\":\"https:\\\/\\\/www.lohschule-datteln.de\\\/index.php\\\/kaenguruwettbewerb-2026\\\/\",\"name\":\"K\u00e4nguruwettbewerb 2026 - Lohschule Datteln\",\"isPartOf\":{\"@id\":\"https:\\\/\\\/www.lohschule-datteln.de\\\/#website\"},\"primaryImageOfPage\":{\"@id\":\"https:\\\/\\\/www.lohschule-datteln.de\\\/index.php\\\/kaenguruwettbewerb-2026\\\/#primaryimage\"},\"image\":{\"@id\":\"https:\\\/\\\/www.lohschule-datteln.de\\\/index.php\\\/kaenguruwettbewerb-2026\\\/#primaryimage\"},\"thumbnailUrl\":\"https:\\\/\\\/www.lohschule-datteln.de\\\/wp-content\\\/uploads\\\/2026\\\/04\\\/IMG_5683-722x1024.jpeg\",\"datePublished\":\"2026-04-23T14:32:04+00:00\",\"dateModified\":\"2026-04-23T14:41:43+00:00\",\"breadcrumb\":{\"@id\":\"https:\\\/\\\/www.lohschule-datteln.de\\\/index.php\\\/kaenguruwettbewerb-2026\\\/#breadcrumb\"},\"inLanguage\":\"de\",\"potentialAction\":[{\"@type\":\"ReadAction\",\"target\":[\"https:\\\/\\\/www.lohschule-datteln.de\\\/index.php\\\/kaenguruwettbewerb-2026\\\/\"]}]},{\"@type\":\"ImageObject\",\"inLanguage\":\"de\",\"@id\":\"https:\\\/\\\/www.lohschule-datteln.de\\\/index.php\\\/kaenguruwettbewerb-2026\\\/#primaryimage\",\"url\":\"https:\\\/\\\/www.lohschule-datteln.de\\\/wp-content\\\/uploads\\\/2026\\\/04\\\/IMG_5683-scaled.jpeg\",\"contentUrl\":\"https:\\\/\\\/www.lohschule-datteln.de\\\/wp-content\\\/uploads\\\/2026\\\/04\\\/IMG_5683-scaled.jpeg\",\"width\":1805,\"height\":2560},{\"@type\":\"BreadcrumbList\",\"@id\":\"https:\\\/\\\/www.lohschule-datteln.de\\\/index.php\\\/kaenguruwettbewerb-2026\\\/#breadcrumb\",\"itemListElement\":[{\"@type\":\"ListItem\",\"position\":1,\"name\":\"Startseite\",\"item\":\"https:\\\/\\\/www.lohschule-datteln.de\\\/\"},{\"@type\":\"ListItem\",\"position\":2,\"name\":\"K\u00e4nguruwettbewerb 2026\"}]},{\"@type\":\"WebSite\",\"@id\":\"https:\\\/\\\/www.lohschule-datteln.de\\\/#website\",\"url\":\"https:\\\/\\\/www.lohschule-datteln.de\\\/\",\"name\":\"Lohschule Datteln\",\"description\":\"kath. Grundschule\",\"publisher\":{\"@id\":\"https:\\\/\\\/www.lohschule-datteln.de\\\/#organization\"},\"potentialAction\":[{\"@type\":\"SearchAction\",\"target\":{\"@type\":\"EntryPoint\",\"urlTemplate\":\"https:\\\/\\\/www.lohschule-datteln.de\\\/?s={search_term_string}\"},\"query-input\":{\"@type\":\"PropertyValueSpecification\",\"valueRequired\":true,\"valueName\":\"search_term_string\"}}],\"inLanguage\":\"de\"},{\"@type\":\"Organization\",\"@id\":\"https:\\\/\\\/www.lohschule-datteln.de\\\/#organization\",\"name\":\"Lohschule -katholische Grundschule Datteln\",\"url\":\"https:\\\/\\\/www.lohschule-datteln.de\\\/\",\"logo\":{\"@type\":\"ImageObject\",\"inLanguage\":\"de\",\"@id\":\"https:\\\/\\\/www.lohschule-datteln.de\\\/#\\\/schema\\\/logo\\\/image\\\/\",\"url\":\"http:\\\/\\\/www.lohschule-datteln.de\\\/wp-content\\\/uploads\\\/2016\\\/02\\\/Loh-neu-2016.jpg\",\"contentUrl\":\"http:\\\/\\\/www.lohschule-datteln.de\\\/wp-content\\\/uploads\\\/2016\\\/02\\\/Loh-neu-2016.jpg\",\"width\":448,\"height\":252,\"caption\":\"Lohschule -katholische Grundschule Datteln\"},\"image\":{\"@id\":\"https:\\\/\\\/www.lohschule-datteln.de\\\/#\\\/schema\\\/logo\\\/image\\\/\"}}]}<\/script>\n<!-- \/ Yoast SEO plugin. -->","yoast_head_json":{"title":"K\u00e4nguruwettbewerb 2026 - Lohschule Datteln","robots":{"index":"index","follow":"follow","max-snippet":"max-snippet:-1","max-image-preview":"max-image-preview:large","max-video-preview":"max-video-preview:-1"},"canonical":"https:\/\/www.lohschule-datteln.de\/index.php\/kaenguruwettbewerb-2026\/","og_locale":"de_DE","og_type":"article","og_title":"K\u00e4nguruwettbewerb 2026 - Lohschule Datteln","og_description":"Im M\u00e4rz 2026 haben sich 107 Kinder der Lohschule entschieden, am diesj\u00e4hrigen K\u00e4nguruwettbewerb teilzunehmen. Hier waren auch in diesem Jahr wieder knifflige Knobelaufgaben aus der Mathematik zu l\u00f6sen. So manche K\u00e4nguruaufgabe lie\u00df die K\u00f6pfe rauchen. Das war manchmal ganz sch\u00f6n anstrengend, machte aber auch riesigen Spa\u00df. Jedes Kind erhielt heute f\u00fcr die erbrachte Leistung eine [&hellip;]","og_url":"https:\/\/www.lohschule-datteln.de\/index.php\/kaenguruwettbewerb-2026\/","og_site_name":"Lohschule Datteln","article_modified_time":"2026-04-23T14:41:43+00:00","og_image":[{"width":1805,"height":2560,"url":"https:\/\/www.lohschule-datteln.de\/wp-content\/uploads\/2026\/04\/IMG_5683-scaled.jpeg","type":"image\/jpeg"}],"twitter_card":"summary_large_image","twitter_misc":{"Gesch\u00e4tzte Lesezeit":"2\u00a0Minuten"},"schema":{"@context":"https:\/\/schema.org","@graph":[{"@type":"WebPage","@id":"https:\/\/www.lohschule-datteln.de\/index.php\/kaenguruwettbewerb-2026\/","url":"https:\/\/www.lohschule-datteln.de\/index.php\/kaenguruwettbewerb-2026\/","name":"K\u00e4nguruwettbewerb 2026 - Lohschule Datteln","isPartOf":{"@id":"https:\/\/www.lohschule-datteln.de\/#website"},"primaryImageOfPage":{"@id":"https:\/\/www.lohschule-datteln.de\/index.php\/kaenguruwettbewerb-2026\/#primaryimage"},"image":{"@id":"https:\/\/www.lohschule-datteln.de\/index.php\/kaenguruwettbewerb-2026\/#primaryimage"},"thumbnailUrl":"https:\/\/www.lohschule-datteln.de\/wp-content\/uploads\/2026\/04\/IMG_5683-722x1024.jpeg","datePublished":"2026-04-23T14:32:04+00:00","dateModified":"2026-04-23T14:41:43+00:00","breadcrumb":{"@id":"https:\/\/www.lohschule-datteln.de\/index.php\/kaenguruwettbewerb-2026\/#breadcrumb"},"inLanguage":"de","potentialAction":[{"@type":"ReadAction","target":["https:\/\/www.lohschule-datteln.de\/index.php\/kaenguruwettbewerb-2026\/"]}]},{"@type":"ImageObject","inLanguage":"de","@id":"https:\/\/www.lohschule-datteln.de\/index.php\/kaenguruwettbewerb-2026\/#primaryimage","url":"https:\/\/www.lohschule-datteln.de\/wp-content\/uploads\/2026\/04\/IMG_5683-scaled.jpeg","contentUrl":"https:\/\/www.lohschule-datteln.de\/wp-content\/uploads\/2026\/04\/IMG_5683-scaled.jpeg","width":1805,"height":2560},{"@type":"BreadcrumbList","@id":"https:\/\/www.lohschule-datteln.de\/index.php\/kaenguruwettbewerb-2026\/#breadcrumb","itemListElement":[{"@type":"ListItem","position":1,"name":"Startseite","item":"https:\/\/www.lohschule-datteln.de\/"},{"@type":"ListItem","position":2,"name":"K\u00e4nguruwettbewerb 2026"}]},{"@type":"WebSite","@id":"https:\/\/www.lohschule-datteln.de\/#website","url":"https:\/\/www.lohschule-datteln.de\/","name":"Lohschule Datteln","description":"kath. Grundschule","publisher":{"@id":"https:\/\/www.lohschule-datteln.de\/#organization"},"potentialAction":[{"@type":"SearchAction","target":{"@type":"EntryPoint","urlTemplate":"https:\/\/www.lohschule-datteln.de\/?s={search_term_string}"},"query-input":{"@type":"PropertyValueSpecification","valueRequired":true,"valueName":"search_term_string"}}],"inLanguage":"de"},{"@type":"Organization","@id":"https:\/\/www.lohschule-datteln.de\/#organization","name":"Lohschule -katholische Grundschule Datteln","url":"https:\/\/www.lohschule-datteln.de\/","logo":{"@type":"ImageObject","inLanguage":"de","@id":"https:\/\/www.lohschule-datteln.de\/#\/schema\/logo\/image\/","url":"http:\/\/www.lohschule-datteln.de\/wp-content\/uploads\/2016\/02\/Loh-neu-2016.jpg","contentUrl":"http:\/\/www.lohschule-datteln.de\/wp-content\/uploads\/2016\/02\/Loh-neu-2016.jpg","width":448,"height":252,"caption":"Lohschule -katholische Grundschule Datteln"},"image":{"@id":"https:\/\/www.lohschule-datteln.de\/#\/schema\/logo\/image\/"}}]}},"_links":{"self":[{"href":"https:\/\/www.lohschule-datteln.de\/index.php\/wp-json\/wp\/v2\/pages\/15437","targetHints":{"allow":["GET"]}}],"collection":[{"href":"https:\/\/www.lohschule-datteln.de\/index.php\/wp-json\/wp\/v2\/pages"}],"about":[{"href":"https:\/\/www.lohschule-datteln.de\/index.php\/wp-json\/wp\/v2\/types\/page"}],"author":[{"embeddable":true,"href":"https:\/\/www.lohschule-datteln.de\/index.php\/wp-json\/wp\/v2\/users\/3"}],"replies":[{"embeddable":true,"href":"https:\/\/www.lohschule-datteln.de\/index.php\/wp-json\/wp\/v2\/comments?post=15437"}],"version-history":[{"count":3,"href":"https:\/\/www.lohschule-datteln.de\/index.php\/wp-json\/wp\/v2\/pages\/15437\/revisions"}],"predecessor-version":[{"id":15447,"href":"https:\/\/www.lohschule-datteln.de\/index.php\/wp-json\/wp\/v2\/pages\/15437\/revisions\/15447"}],"wp:attachment":[{"href":"https:\/\/www.lohschule-datteln.de\/index.php\/wp-json\/wp\/v2\/media?parent=15437"}],"curies":[{"name":"wp","href":"https:\/\/api.w.org\/{rel}","templated":true}]}}