{"id":15473,"date":"2026-05-12T15:32:22","date_gmt":"2026-05-12T13:32:22","guid":{"rendered":"https:\/\/www.lohschule-datteln.de\/?page_id=15473"},"modified":"2026-05-12T15:38:19","modified_gmt":"2026-05-12T13:38:19","slug":"die-3a-sammelt-muell","status":"publish","type":"page","link":"https:\/\/www.lohschule-datteln.de\/index.php\/die-3a-sammelt-muell\/","title":{"rendered":"Die 3a sammelt M\u00fcll"},"content":{"rendered":"\n<p>Nach dem Besuch des B\u00fcgermeisters in der Lohschule haben die Kinder der Klasse 3a \u00fcberlegt, was sie f\u00fcr die Umwelt tun k\u00f6nnen. Als Idee kam den Kindern eine M\u00fcllsammelaktion auf dem Schulhof. Diese fand heute statt. Alle haben flei\u00dfig gesammelt!<\/p>\n\n\n\n<p>Vielen Dank an die Fische f\u00fcr diese tolle Aktion.<\/p>\n\n\n<div class=\"wp-block-image\">\n<figure class=\"aligncenter size-large\"><img loading=\"lazy\" decoding=\"async\" width=\"768\" height=\"1024\" src=\"https:\/\/www.lohschule-datteln.de\/wp-content\/uploads\/2026\/05\/JPEG-Bild-4A6B-8516-E4-0-768x1024.jpeg\" alt=\"\" class=\"wp-image-15462\" srcset=\"https:\/\/www.lohschule-datteln.de\/wp-content\/uploads\/2026\/05\/JPEG-Bild-4A6B-8516-E4-0-768x1024.jpeg 768w, https:\/\/www.lohschule-datteln.de\/wp-content\/uploads\/2026\/05\/JPEG-Bild-4A6B-8516-E4-0-225x300.jpeg 225w, https:\/\/www.lohschule-datteln.de\/wp-content\/uploads\/2026\/05\/JPEG-Bild-4A6B-8516-E4-0-1152x1536.jpeg 1152w, https:\/\/www.lohschule-datteln.de\/wp-content\/uploads\/2026\/05\/JPEG-Bild-4A6B-8516-E4-0.jpeg 1536w\" sizes=\"auto, (max-width: 768px) 100vw, 768px\" \/><\/figure>\n<\/div>\n\n\n<figure class=\"wp-block-gallery has-nested-images columns-default is-cropped wp-block-gallery-1 is-layout-flex wp-block-gallery-is-layout-flex\">\n<figure class=\"wp-block-image size-large\"><img loading=\"lazy\" decoding=\"async\" width=\"768\" height=\"1024\" data-id=\"15468\" src=\"https:\/\/www.lohschule-datteln.de\/wp-content\/uploads\/2026\/05\/JPEG-Bild-46AA-9EAD-90-0-768x1024.jpeg\" alt=\"\" class=\"wp-image-15468\" srcset=\"https:\/\/www.lohschule-datteln.de\/wp-content\/uploads\/2026\/05\/JPEG-Bild-46AA-9EAD-90-0-768x1024.jpeg 768w, https:\/\/www.lohschule-datteln.de\/wp-content\/uploads\/2026\/05\/JPEG-Bild-46AA-9EAD-90-0-225x300.jpeg 225w, https:\/\/www.lohschule-datteln.de\/wp-content\/uploads\/2026\/05\/JPEG-Bild-46AA-9EAD-90-0-1152x1536.jpeg 1152w, https:\/\/www.lohschule-datteln.de\/wp-content\/uploads\/2026\/05\/JPEG-Bild-46AA-9EAD-90-0.jpeg 1200w\" sizes=\"auto, (max-width: 768px) 100vw, 768px\" \/><\/figure>\n\n\n\n<figure class=\"wp-block-image size-large\"><img loading=\"lazy\" decoding=\"async\" width=\"768\" height=\"1024\" data-id=\"15467\" src=\"https:\/\/www.lohschule-datteln.de\/wp-content\/uploads\/2026\/05\/JPEG-Bild-4969-8401-53-0-768x1024.jpeg\" alt=\"\" class=\"wp-image-15467\" srcset=\"https:\/\/www.lohschule-datteln.de\/wp-content\/uploads\/2026\/05\/JPEG-Bild-4969-8401-53-0-768x1024.jpeg 768w, https:\/\/www.lohschule-datteln.de\/wp-content\/uploads\/2026\/05\/JPEG-Bild-4969-8401-53-0-225x300.jpeg 225w, https:\/\/www.lohschule-datteln.de\/wp-content\/uploads\/2026\/05\/JPEG-Bild-4969-8401-53-0-1152x1536.jpeg 1152w, https:\/\/www.lohschule-datteln.de\/wp-content\/uploads\/2026\/05\/JPEG-Bild-4969-8401-53-0.jpeg 1200w\" sizes=\"auto, (max-width: 768px) 100vw, 768px\" \/><\/figure>\n\n\n\n<figure class=\"wp-block-image size-large\"><img loading=\"lazy\" decoding=\"async\" width=\"768\" height=\"1024\" data-id=\"15466\" src=\"https:\/\/www.lohschule-datteln.de\/wp-content\/uploads\/2026\/05\/JPEG-Bild-4B2B-B2A8-B6-0-768x1024.jpeg\" alt=\"\" class=\"wp-image-15466\" srcset=\"https:\/\/www.lohschule-datteln.de\/wp-content\/uploads\/2026\/05\/JPEG-Bild-4B2B-B2A8-B6-0-768x1024.jpeg 768w, https:\/\/www.lohschule-datteln.de\/wp-content\/uploads\/2026\/05\/JPEG-Bild-4B2B-B2A8-B6-0-225x300.jpeg 225w, https:\/\/www.lohschule-datteln.de\/wp-content\/uploads\/2026\/05\/JPEG-Bild-4B2B-B2A8-B6-0-1152x1536.jpeg 1152w, https:\/\/www.lohschule-datteln.de\/wp-content\/uploads\/2026\/05\/JPEG-Bild-4B2B-B2A8-B6-0.jpeg 1536w\" sizes=\"auto, (max-width: 768px) 100vw, 768px\" \/><\/figure>\n\n\n\n<figure class=\"wp-block-image size-large\"><img loading=\"lazy\" decoding=\"async\" width=\"768\" height=\"1024\" data-id=\"15465\" src=\"https:\/\/www.lohschule-datteln.de\/wp-content\/uploads\/2026\/05\/JPEG-Bild-4EEB-878F-19-0-768x1024.jpeg\" alt=\"\" class=\"wp-image-15465\" srcset=\"https:\/\/www.lohschule-datteln.de\/wp-content\/uploads\/2026\/05\/JPEG-Bild-4EEB-878F-19-0-768x1024.jpeg 768w, https:\/\/www.lohschule-datteln.de\/wp-content\/uploads\/2026\/05\/JPEG-Bild-4EEB-878F-19-0-225x300.jpeg 225w, https:\/\/www.lohschule-datteln.de\/wp-content\/uploads\/2026\/05\/JPEG-Bild-4EEB-878F-19-0-1152x1536.jpeg 1152w, https:\/\/www.lohschule-datteln.de\/wp-content\/uploads\/2026\/05\/JPEG-Bild-4EEB-878F-19-0.jpeg 1536w\" sizes=\"auto, (max-width: 768px) 100vw, 768px\" \/><\/figure>\n\n\n\n<figure class=\"wp-block-image size-large\"><img loading=\"lazy\" decoding=\"async\" width=\"768\" height=\"1024\" data-id=\"15464\" src=\"https:\/\/www.lohschule-datteln.de\/wp-content\/uploads\/2026\/05\/JPEG-Bild-43A5-A2BC-A9-0-768x1024.jpeg\" alt=\"\" class=\"wp-image-15464\" srcset=\"https:\/\/www.lohschule-datteln.de\/wp-content\/uploads\/2026\/05\/JPEG-Bild-43A5-A2BC-A9-0-768x1024.jpeg 768w, https:\/\/www.lohschule-datteln.de\/wp-content\/uploads\/2026\/05\/JPEG-Bild-43A5-A2BC-A9-0-225x300.jpeg 225w, https:\/\/www.lohschule-datteln.de\/wp-content\/uploads\/2026\/05\/JPEG-Bild-43A5-A2BC-A9-0-1152x1536.jpeg 1152w, https:\/\/www.lohschule-datteln.de\/wp-content\/uploads\/2026\/05\/JPEG-Bild-43A5-A2BC-A9-0.jpeg 1536w\" sizes=\"auto, (max-width: 768px) 100vw, 768px\" \/><\/figure>\n\n\n<div class=\"wp-block-image\">\n<figure class=\"aligncenter size-large\"><img loading=\"lazy\" decoding=\"async\" width=\"1024\" height=\"768\" data-id=\"15463\" src=\"https:\/\/www.lohschule-datteln.de\/wp-content\/uploads\/2026\/05\/JPEG-Bild-45F3-ADE4-8A-0-1024x768.jpeg\" alt=\"\" class=\"wp-image-15463\" srcset=\"https:\/\/www.lohschule-datteln.de\/wp-content\/uploads\/2026\/05\/JPEG-Bild-45F3-ADE4-8A-0-1024x768.jpeg 1024w, https:\/\/www.lohschule-datteln.de\/wp-content\/uploads\/2026\/05\/JPEG-Bild-45F3-ADE4-8A-0-300x225.jpeg 300w, https:\/\/www.lohschule-datteln.de\/wp-content\/uploads\/2026\/05\/JPEG-Bild-45F3-ADE4-8A-0-768x576.jpeg 768w, https:\/\/www.lohschule-datteln.de\/wp-content\/uploads\/2026\/05\/JPEG-Bild-45F3-ADE4-8A-0-1536x1152.jpeg 1536w, https:\/\/www.lohschule-datteln.de\/wp-content\/uploads\/2026\/05\/JPEG-Bild-45F3-ADE4-8A-0.jpeg 2048w\" sizes=\"auto, (max-width: 1024px) 100vw, 1024px\" \/><\/figure>\n<\/div><\/figure>\n\n\n\n<p><\/p>\n","protected":false},"excerpt":{"rendered":"<p>Nach dem Besuch des B\u00fcgermeisters in der Lohschule haben die Kinder der Klasse 3a \u00fcberlegt, was sie f\u00fcr die Umwelt tun k\u00f6nnen. Als Idee kam den Kindern eine M\u00fcllsammelaktion auf dem Schulhof. Diese fand heute statt. Alle haben flei\u00dfig gesammelt! Vielen Dank an die Fische f\u00fcr diese tolle Aktion.<\/p>\n","protected":false},"author":3,"featured_media":0,"parent":0,"menu_order":0,"comment_status":"closed","ping_status":"closed","template":"","meta":{"footnotes":""},"class_list":["post-15473","page","type-page","status-publish","hentry"],"yoast_head":"<!-- This site is optimized with the Yoast SEO plugin v27.5 - https:\/\/yoast.com\/product\/yoast-seo-wordpress\/ -->\n<title>Die 3a sammelt M\u00fcll - Lohschule Datteln<\/title>\n<meta name=\"robots\" content=\"index, follow, max-snippet:-1, max-image-preview:large, max-video-preview:-1\" \/>\n<link rel=\"canonical\" href=\"https:\/\/www.lohschule-datteln.de\/index.php\/die-3a-sammelt-muell\/\" \/>\n<meta property=\"og:locale\" content=\"de_DE\" \/>\n<meta property=\"og:type\" content=\"article\" \/>\n<meta property=\"og:title\" content=\"Die 3a sammelt M\u00fcll - Lohschule Datteln\" \/>\n<meta property=\"og:description\" content=\"Nach dem Besuch des B\u00fcgermeisters in der Lohschule haben die Kinder der Klasse 3a \u00fcberlegt, was sie f\u00fcr die Umwelt tun k\u00f6nnen. Als Idee kam den Kindern eine M\u00fcllsammelaktion auf dem Schulhof. Diese fand heute statt. Alle haben flei\u00dfig gesammelt! Vielen Dank an die Fische f\u00fcr diese tolle Aktion.\" \/>\n<meta property=\"og:url\" content=\"https:\/\/www.lohschule-datteln.de\/index.php\/die-3a-sammelt-muell\/\" \/>\n<meta property=\"og:site_name\" content=\"Lohschule Datteln\" \/>\n<meta property=\"article:modified_time\" content=\"2026-05-12T13:38:19+00:00\" \/>\n<meta property=\"og:image\" content=\"https:\/\/www.lohschule-datteln.de\/wp-content\/uploads\/2026\/05\/JPEG-Bild-4A6B-8516-E4-0-768x1024.jpeg\" \/>\n\t<meta property=\"og:image:width\" content=\"768\" \/>\n\t<meta property=\"og:image:height\" content=\"1024\" \/>\n\t<meta property=\"og:image:type\" content=\"image\/jpeg\" \/>\n<meta name=\"twitter:card\" content=\"summary_large_image\" \/>\n<meta name=\"twitter:label1\" content=\"Gesch\u00e4tzte Lesezeit\" \/>\n\t<meta name=\"twitter:data1\" content=\"2\u00a0Minuten\" \/>\n<script type=\"application\/ld+json\" class=\"yoast-schema-graph\">{\"@context\":\"https:\\\/\\\/schema.org\",\"@graph\":[{\"@type\":\"WebPage\",\"@id\":\"https:\\\/\\\/www.lohschule-datteln.de\\\/index.php\\\/die-3a-sammelt-muell\\\/\",\"url\":\"https:\\\/\\\/www.lohschule-datteln.de\\\/index.php\\\/die-3a-sammelt-muell\\\/\",\"name\":\"Die 3a sammelt M\u00fcll - Lohschule Datteln\",\"isPartOf\":{\"@id\":\"https:\\\/\\\/www.lohschule-datteln.de\\\/#website\"},\"primaryImageOfPage\":{\"@id\":\"https:\\\/\\\/www.lohschule-datteln.de\\\/index.php\\\/die-3a-sammelt-muell\\\/#primaryimage\"},\"image\":{\"@id\":\"https:\\\/\\\/www.lohschule-datteln.de\\\/index.php\\\/die-3a-sammelt-muell\\\/#primaryimage\"},\"thumbnailUrl\":\"https:\\\/\\\/www.lohschule-datteln.de\\\/wp-content\\\/uploads\\\/2026\\\/05\\\/JPEG-Bild-4A6B-8516-E4-0-768x1024.jpeg\",\"datePublished\":\"2026-05-12T13:32:22+00:00\",\"dateModified\":\"2026-05-12T13:38:19+00:00\",\"breadcrumb\":{\"@id\":\"https:\\\/\\\/www.lohschule-datteln.de\\\/index.php\\\/die-3a-sammelt-muell\\\/#breadcrumb\"},\"inLanguage\":\"de\",\"potentialAction\":[{\"@type\":\"ReadAction\",\"target\":[\"https:\\\/\\\/www.lohschule-datteln.de\\\/index.php\\\/die-3a-sammelt-muell\\\/\"]}]},{\"@type\":\"ImageObject\",\"inLanguage\":\"de\",\"@id\":\"https:\\\/\\\/www.lohschule-datteln.de\\\/index.php\\\/die-3a-sammelt-muell\\\/#primaryimage\",\"url\":\"https:\\\/\\\/www.lohschule-datteln.de\\\/wp-content\\\/uploads\\\/2026\\\/05\\\/JPEG-Bild-4A6B-8516-E4-0.jpeg\",\"contentUrl\":\"https:\\\/\\\/www.lohschule-datteln.de\\\/wp-content\\\/uploads\\\/2026\\\/05\\\/JPEG-Bild-4A6B-8516-E4-0.jpeg\",\"width\":1536,\"height\":2048},{\"@type\":\"BreadcrumbList\",\"@id\":\"https:\\\/\\\/www.lohschule-datteln.de\\\/index.php\\\/die-3a-sammelt-muell\\\/#breadcrumb\",\"itemListElement\":[{\"@type\":\"ListItem\",\"position\":1,\"name\":\"Startseite\",\"item\":\"https:\\\/\\\/www.lohschule-datteln.de\\\/\"},{\"@type\":\"ListItem\",\"position\":2,\"name\":\"Die 3a sammelt M\u00fcll\"}]},{\"@type\":\"WebSite\",\"@id\":\"https:\\\/\\\/www.lohschule-datteln.de\\\/#website\",\"url\":\"https:\\\/\\\/www.lohschule-datteln.de\\\/\",\"name\":\"Lohschule Datteln\",\"description\":\"kath. Grundschule\",\"publisher\":{\"@id\":\"https:\\\/\\\/www.lohschule-datteln.de\\\/#organization\"},\"potentialAction\":[{\"@type\":\"SearchAction\",\"target\":{\"@type\":\"EntryPoint\",\"urlTemplate\":\"https:\\\/\\\/www.lohschule-datteln.de\\\/?s={search_term_string}\"},\"query-input\":{\"@type\":\"PropertyValueSpecification\",\"valueRequired\":true,\"valueName\":\"search_term_string\"}}],\"inLanguage\":\"de\"},{\"@type\":\"Organization\",\"@id\":\"https:\\\/\\\/www.lohschule-datteln.de\\\/#organization\",\"name\":\"Lohschule -katholische Grundschule Datteln\",\"url\":\"https:\\\/\\\/www.lohschule-datteln.de\\\/\",\"logo\":{\"@type\":\"ImageObject\",\"inLanguage\":\"de\",\"@id\":\"https:\\\/\\\/www.lohschule-datteln.de\\\/#\\\/schema\\\/logo\\\/image\\\/\",\"url\":\"http:\\\/\\\/www.lohschule-datteln.de\\\/wp-content\\\/uploads\\\/2016\\\/02\\\/Loh-neu-2016.jpg\",\"contentUrl\":\"http:\\\/\\\/www.lohschule-datteln.de\\\/wp-content\\\/uploads\\\/2016\\\/02\\\/Loh-neu-2016.jpg\",\"width\":448,\"height\":252,\"caption\":\"Lohschule -katholische Grundschule Datteln\"},\"image\":{\"@id\":\"https:\\\/\\\/www.lohschule-datteln.de\\\/#\\\/schema\\\/logo\\\/image\\\/\"}}]}<\/script>\n<!-- \/ Yoast SEO plugin. -->","yoast_head_json":{"title":"Die 3a sammelt M\u00fcll - Lohschule Datteln","robots":{"index":"index","follow":"follow","max-snippet":"max-snippet:-1","max-image-preview":"max-image-preview:large","max-video-preview":"max-video-preview:-1"},"canonical":"https:\/\/www.lohschule-datteln.de\/index.php\/die-3a-sammelt-muell\/","og_locale":"de_DE","og_type":"article","og_title":"Die 3a sammelt M\u00fcll - Lohschule Datteln","og_description":"Nach dem Besuch des B\u00fcgermeisters in der Lohschule haben die Kinder der Klasse 3a \u00fcberlegt, was sie f\u00fcr die Umwelt tun k\u00f6nnen. Als Idee kam den Kindern eine M\u00fcllsammelaktion auf dem Schulhof. Diese fand heute statt. Alle haben flei\u00dfig gesammelt! Vielen Dank an die Fische f\u00fcr diese tolle Aktion.","og_url":"https:\/\/www.lohschule-datteln.de\/index.php\/die-3a-sammelt-muell\/","og_site_name":"Lohschule Datteln","article_modified_time":"2026-05-12T13:38:19+00:00","og_image":[{"width":768,"height":1024,"url":"https:\/\/www.lohschule-datteln.de\/wp-content\/uploads\/2026\/05\/JPEG-Bild-4A6B-8516-E4-0-768x1024.jpeg","type":"image\/jpeg"}],"twitter_card":"summary_large_image","twitter_misc":{"Gesch\u00e4tzte Lesezeit":"2\u00a0Minuten"},"schema":{"@context":"https:\/\/schema.org","@graph":[{"@type":"WebPage","@id":"https:\/\/www.lohschule-datteln.de\/index.php\/die-3a-sammelt-muell\/","url":"https:\/\/www.lohschule-datteln.de\/index.php\/die-3a-sammelt-muell\/","name":"Die 3a sammelt M\u00fcll - Lohschule Datteln","isPartOf":{"@id":"https:\/\/www.lohschule-datteln.de\/#website"},"primaryImageOfPage":{"@id":"https:\/\/www.lohschule-datteln.de\/index.php\/die-3a-sammelt-muell\/#primaryimage"},"image":{"@id":"https:\/\/www.lohschule-datteln.de\/index.php\/die-3a-sammelt-muell\/#primaryimage"},"thumbnailUrl":"https:\/\/www.lohschule-datteln.de\/wp-content\/uploads\/2026\/05\/JPEG-Bild-4A6B-8516-E4-0-768x1024.jpeg","datePublished":"2026-05-12T13:32:22+00:00","dateModified":"2026-05-12T13:38:19+00:00","breadcrumb":{"@id":"https:\/\/www.lohschule-datteln.de\/index.php\/die-3a-sammelt-muell\/#breadcrumb"},"inLanguage":"de","potentialAction":[{"@type":"ReadAction","target":["https:\/\/www.lohschule-datteln.de\/index.php\/die-3a-sammelt-muell\/"]}]},{"@type":"ImageObject","inLanguage":"de","@id":"https:\/\/www.lohschule-datteln.de\/index.php\/die-3a-sammelt-muell\/#primaryimage","url":"https:\/\/www.lohschule-datteln.de\/wp-content\/uploads\/2026\/05\/JPEG-Bild-4A6B-8516-E4-0.jpeg","contentUrl":"https:\/\/www.lohschule-datteln.de\/wp-content\/uploads\/2026\/05\/JPEG-Bild-4A6B-8516-E4-0.jpeg","width":1536,"height":2048},{"@type":"BreadcrumbList","@id":"https:\/\/www.lohschule-datteln.de\/index.php\/die-3a-sammelt-muell\/#breadcrumb","itemListElement":[{"@type":"ListItem","position":1,"name":"Startseite","item":"https:\/\/www.lohschule-datteln.de\/"},{"@type":"ListItem","position":2,"name":"Die 3a sammelt M\u00fcll"}]},{"@type":"WebSite","@id":"https:\/\/www.lohschule-datteln.de\/#website","url":"https:\/\/www.lohschule-datteln.de\/","name":"Lohschule Datteln","description":"kath. Grundschule","publisher":{"@id":"https:\/\/www.lohschule-datteln.de\/#organization"},"potentialAction":[{"@type":"SearchAction","target":{"@type":"EntryPoint","urlTemplate":"https:\/\/www.lohschule-datteln.de\/?s={search_term_string}"},"query-input":{"@type":"PropertyValueSpecification","valueRequired":true,"valueName":"search_term_string"}}],"inLanguage":"de"},{"@type":"Organization","@id":"https:\/\/www.lohschule-datteln.de\/#organization","name":"Lohschule -katholische Grundschule Datteln","url":"https:\/\/www.lohschule-datteln.de\/","logo":{"@type":"ImageObject","inLanguage":"de","@id":"https:\/\/www.lohschule-datteln.de\/#\/schema\/logo\/image\/","url":"http:\/\/www.lohschule-datteln.de\/wp-content\/uploads\/2016\/02\/Loh-neu-2016.jpg","contentUrl":"http:\/\/www.lohschule-datteln.de\/wp-content\/uploads\/2016\/02\/Loh-neu-2016.jpg","width":448,"height":252,"caption":"Lohschule -katholische Grundschule Datteln"},"image":{"@id":"https:\/\/www.lohschule-datteln.de\/#\/schema\/logo\/image\/"}}]}},"_links":{"self":[{"href":"https:\/\/www.lohschule-datteln.de\/index.php\/wp-json\/wp\/v2\/pages\/15473","targetHints":{"allow":["GET"]}}],"collection":[{"href":"https:\/\/www.lohschule-datteln.de\/index.php\/wp-json\/wp\/v2\/pages"}],"about":[{"href":"https:\/\/www.lohschule-datteln.de\/index.php\/wp-json\/wp\/v2\/types\/page"}],"author":[{"embeddable":true,"href":"https:\/\/www.lohschule-datteln.de\/index.php\/wp-json\/wp\/v2\/users\/3"}],"replies":[{"embeddable":true,"href":"https:\/\/www.lohschule-datteln.de\/index.php\/wp-json\/wp\/v2\/comments?post=15473"}],"version-history":[{"count":2,"href":"https:\/\/www.lohschule-datteln.de\/index.php\/wp-json\/wp\/v2\/pages\/15473\/revisions"}],"predecessor-version":[{"id":15478,"href":"https:\/\/www.lohschule-datteln.de\/index.php\/wp-json\/wp\/v2\/pages\/15473\/revisions\/15478"}],"wp:attachment":[{"href":"https:\/\/www.lohschule-datteln.de\/index.php\/wp-json\/wp\/v2\/media?parent=15473"}],"curies":[{"name":"wp","href":"https:\/\/api.w.org\/{rel}","templated":true}]}}