{"id":1599,"date":"2016-10-03T16:55:56","date_gmt":"2016-10-03T14:55:56","guid":{"rendered":"http:\/\/www.lohschule-datteln.de\/?page_id=1599"},"modified":"2016-11-05T19:13:41","modified_gmt":"2016-11-05T18:13:41","slug":"tag-der-offenen-tuer","status":"publish","type":"page","link":"https:\/\/www.lohschule-datteln.de\/index.php\/tag-der-offenen-tuer\/","title":{"rendered":"Tag der offenen T\u00fcr"},"content":{"rendered":"<h2>Als die T\u00fcren offen standen<\/h2>\n<p><span style=\"margin: 0px; color: #000000; line-height: 107%; font-family: 'Arial','sans-serif'; font-size: 12pt;\">Am letzten Freitag im Oktober fand an der Lohschule die Premiere des Tages der offenen T\u00fcr statt.<\/span><\/p>\n<p><span style=\"margin: 0px; color: #808080; line-height: 107%; font-family: 'Arial','sans-serif'; font-size: 12pt;\">Hierzu waren besonders die zuk\u00fcnftigen Erstkl\u00e4ssler mit ihren Eltern eingeladen. Alle Klassenzimmert\u00fcren standen in den ersten beiden Stunden auf, so dass jeder in den Unterricht schnuppern durfte. Auf diese Weise bekamen die Kinder und Erwachsenen einen kleinen Einblick, wie an der Lohschule gearbeitet wird. Der Unterricht fand nach Plan statt, so dass man Erz\u00e4hlkreise, Freiarbeitsphasen, Mathe-, Deutsch-, Sachunterrichts-, Musik- und Kunststunden beobachten konnte.<\/span><\/p>\n<p><span style=\"margin: 0px; color: #808080; line-height: 107%; font-family: 'Arial','sans-serif'; font-size: 12pt;\">Auch die Sekret\u00e4rin und die Schulleiterin \u00f6ffneten ihre T\u00fcren f\u00fcr Fragen oder einfach nur, um mal zu schauen \u2026<\/span><\/p>\n<p><span style=\"margin: 0px; color: #808080; line-height: 107%; font-family: 'Arial','sans-serif'; font-size: 12pt;\">Die OGS stellte sich ebenfalls vor und wurde von vielen G\u00e4sten mit den unterschiedlichsten Fragen besucht.<\/span><\/p>\n<p><span style=\"margin: 0px; color: #808080; line-height: 107%; font-family: 'Arial','sans-serif'; font-size: 12pt;\">In den Fluren herrschte ein reges Treiben und eine offene und lockere Atmosph\u00e4re, zu der sicher auch der F\u00f6rderverein der Lohschule beitrug. Viele flei\u00dfige Helfer sorgten f\u00fcr das leibliche Wohl. Andere Eltern f\u00fchrten die G\u00e4ste durch die Schule und halfen ihnen bei Fragen weiter.<\/span><\/p>\n<p><span style=\"margin: 0px; color: #808080; line-height: 107%; font-family: 'Arial','sans-serif'; font-size: 12pt;\">Insgesamt haben wir einen sehr positiven Eindruck vom Tag der offenen T\u00fcr gewonnen, so dass eine Wiederholung im n\u00e4chsten Jahr den Jahreskalender der Lohschule f\u00fcllen wird \u2026<\/span><\/p>\n","protected":false},"excerpt":{"rendered":"<p>Als die T\u00fcren offen standen Am letzten Freitag im Oktober fand an der Lohschule die Premiere des Tages der offenen T\u00fcr statt. Hierzu waren besonders die zuk\u00fcnftigen Erstkl\u00e4ssler mit ihren Eltern eingeladen. Alle Klassenzimmert\u00fcren standen in den ersten beiden Stunden auf, so dass jeder in den Unterricht schnuppern durfte. Auf diese Weise bekamen die Kinder [&hellip;]<\/p>\n","protected":false},"author":3,"featured_media":0,"parent":0,"menu_order":0,"comment_status":"closed","ping_status":"closed","template":"","meta":{"footnotes":""},"class_list":["post-1599","page","type-page","status-publish","hentry"],"yoast_head":"<!-- This site is optimized with the Yoast SEO plugin v27.3 - https:\/\/yoast.com\/product\/yoast-seo-wordpress\/ -->\n<title>Tag der offenen T\u00fcr - Lohschule Datteln<\/title>\n<meta name=\"robots\" content=\"index, follow, max-snippet:-1, max-image-preview:large, max-video-preview:-1\" \/>\n<link rel=\"canonical\" href=\"https:\/\/www.lohschule-datteln.de\/index.php\/tag-der-offenen-tuer\/\" \/>\n<meta property=\"og:locale\" content=\"de_DE\" \/>\n<meta property=\"og:type\" content=\"article\" \/>\n<meta property=\"og:title\" content=\"Tag der offenen T\u00fcr - Lohschule Datteln\" \/>\n<meta property=\"og:description\" content=\"Als die T\u00fcren offen standen Am letzten Freitag im Oktober fand an der Lohschule die Premiere des Tages der offenen T\u00fcr statt. Hierzu waren besonders die zuk\u00fcnftigen Erstkl\u00e4ssler mit ihren Eltern eingeladen. Alle Klassenzimmert\u00fcren standen in den ersten beiden Stunden auf, so dass jeder in den Unterricht schnuppern durfte. Auf diese Weise bekamen die Kinder [&hellip;]\" \/>\n<meta property=\"og:url\" content=\"https:\/\/www.lohschule-datteln.de\/index.php\/tag-der-offenen-tuer\/\" \/>\n<meta property=\"og:site_name\" content=\"Lohschule Datteln\" \/>\n<meta property=\"article:modified_time\" content=\"2016-11-05T18:13:41+00:00\" \/>\n<meta name=\"twitter:card\" content=\"summary_large_image\" \/>\n<meta name=\"twitter:label1\" content=\"Gesch\u00e4tzte Lesezeit\" \/>\n\t<meta name=\"twitter:data1\" content=\"1\u00a0Minute\" \/>\n<script type=\"application\/ld+json\" class=\"yoast-schema-graph\">{\"@context\":\"https:\\\/\\\/schema.org\",\"@graph\":[{\"@type\":\"WebPage\",\"@id\":\"https:\\\/\\\/www.lohschule-datteln.de\\\/index.php\\\/tag-der-offenen-tuer\\\/\",\"url\":\"https:\\\/\\\/www.lohschule-datteln.de\\\/index.php\\\/tag-der-offenen-tuer\\\/\",\"name\":\"Tag der offenen T\u00fcr - Lohschule Datteln\",\"isPartOf\":{\"@id\":\"https:\\\/\\\/www.lohschule-datteln.de\\\/#website\"},\"datePublished\":\"2016-10-03T14:55:56+00:00\",\"dateModified\":\"2016-11-05T18:13:41+00:00\",\"breadcrumb\":{\"@id\":\"https:\\\/\\\/www.lohschule-datteln.de\\\/index.php\\\/tag-der-offenen-tuer\\\/#breadcrumb\"},\"inLanguage\":\"de\",\"potentialAction\":[{\"@type\":\"ReadAction\",\"target\":[\"https:\\\/\\\/www.lohschule-datteln.de\\\/index.php\\\/tag-der-offenen-tuer\\\/\"]}]},{\"@type\":\"BreadcrumbList\",\"@id\":\"https:\\\/\\\/www.lohschule-datteln.de\\\/index.php\\\/tag-der-offenen-tuer\\\/#breadcrumb\",\"itemListElement\":[{\"@type\":\"ListItem\",\"position\":1,\"name\":\"Startseite\",\"item\":\"https:\\\/\\\/www.lohschule-datteln.de\\\/\"},{\"@type\":\"ListItem\",\"position\":2,\"name\":\"Tag der offenen T\u00fcr\"}]},{\"@type\":\"WebSite\",\"@id\":\"https:\\\/\\\/www.lohschule-datteln.de\\\/#website\",\"url\":\"https:\\\/\\\/www.lohschule-datteln.de\\\/\",\"name\":\"Lohschule Datteln\",\"description\":\"kath. Grundschule\",\"publisher\":{\"@id\":\"https:\\\/\\\/www.lohschule-datteln.de\\\/#organization\"},\"potentialAction\":[{\"@type\":\"SearchAction\",\"target\":{\"@type\":\"EntryPoint\",\"urlTemplate\":\"https:\\\/\\\/www.lohschule-datteln.de\\\/?s={search_term_string}\"},\"query-input\":{\"@type\":\"PropertyValueSpecification\",\"valueRequired\":true,\"valueName\":\"search_term_string\"}}],\"inLanguage\":\"de\"},{\"@type\":\"Organization\",\"@id\":\"https:\\\/\\\/www.lohschule-datteln.de\\\/#organization\",\"name\":\"Lohschule -katholische Grundschule Datteln\",\"url\":\"https:\\\/\\\/www.lohschule-datteln.de\\\/\",\"logo\":{\"@type\":\"ImageObject\",\"inLanguage\":\"de\",\"@id\":\"https:\\\/\\\/www.lohschule-datteln.de\\\/#\\\/schema\\\/logo\\\/image\\\/\",\"url\":\"http:\\\/\\\/www.lohschule-datteln.de\\\/wp-content\\\/uploads\\\/2016\\\/02\\\/Loh-neu-2016.jpg\",\"contentUrl\":\"http:\\\/\\\/www.lohschule-datteln.de\\\/wp-content\\\/uploads\\\/2016\\\/02\\\/Loh-neu-2016.jpg\",\"width\":448,\"height\":252,\"caption\":\"Lohschule -katholische Grundschule Datteln\"},\"image\":{\"@id\":\"https:\\\/\\\/www.lohschule-datteln.de\\\/#\\\/schema\\\/logo\\\/image\\\/\"}}]}<\/script>\n<!-- \/ Yoast SEO plugin. -->","yoast_head_json":{"title":"Tag der offenen T\u00fcr - Lohschule Datteln","robots":{"index":"index","follow":"follow","max-snippet":"max-snippet:-1","max-image-preview":"max-image-preview:large","max-video-preview":"max-video-preview:-1"},"canonical":"https:\/\/www.lohschule-datteln.de\/index.php\/tag-der-offenen-tuer\/","og_locale":"de_DE","og_type":"article","og_title":"Tag der offenen T\u00fcr - Lohschule Datteln","og_description":"Als die T\u00fcren offen standen Am letzten Freitag im Oktober fand an der Lohschule die Premiere des Tages der offenen T\u00fcr statt. Hierzu waren besonders die zuk\u00fcnftigen Erstkl\u00e4ssler mit ihren Eltern eingeladen. Alle Klassenzimmert\u00fcren standen in den ersten beiden Stunden auf, so dass jeder in den Unterricht schnuppern durfte. Auf diese Weise bekamen die Kinder [&hellip;]","og_url":"https:\/\/www.lohschule-datteln.de\/index.php\/tag-der-offenen-tuer\/","og_site_name":"Lohschule Datteln","article_modified_time":"2016-11-05T18:13:41+00:00","twitter_card":"summary_large_image","twitter_misc":{"Gesch\u00e4tzte Lesezeit":"1\u00a0Minute"},"schema":{"@context":"https:\/\/schema.org","@graph":[{"@type":"WebPage","@id":"https:\/\/www.lohschule-datteln.de\/index.php\/tag-der-offenen-tuer\/","url":"https:\/\/www.lohschule-datteln.de\/index.php\/tag-der-offenen-tuer\/","name":"Tag der offenen T\u00fcr - Lohschule Datteln","isPartOf":{"@id":"https:\/\/www.lohschule-datteln.de\/#website"},"datePublished":"2016-10-03T14:55:56+00:00","dateModified":"2016-11-05T18:13:41+00:00","breadcrumb":{"@id":"https:\/\/www.lohschule-datteln.de\/index.php\/tag-der-offenen-tuer\/#breadcrumb"},"inLanguage":"de","potentialAction":[{"@type":"ReadAction","target":["https:\/\/www.lohschule-datteln.de\/index.php\/tag-der-offenen-tuer\/"]}]},{"@type":"BreadcrumbList","@id":"https:\/\/www.lohschule-datteln.de\/index.php\/tag-der-offenen-tuer\/#breadcrumb","itemListElement":[{"@type":"ListItem","position":1,"name":"Startseite","item":"https:\/\/www.lohschule-datteln.de\/"},{"@type":"ListItem","position":2,"name":"Tag der offenen T\u00fcr"}]},{"@type":"WebSite","@id":"https:\/\/www.lohschule-datteln.de\/#website","url":"https:\/\/www.lohschule-datteln.de\/","name":"Lohschule Datteln","description":"kath. Grundschule","publisher":{"@id":"https:\/\/www.lohschule-datteln.de\/#organization"},"potentialAction":[{"@type":"SearchAction","target":{"@type":"EntryPoint","urlTemplate":"https:\/\/www.lohschule-datteln.de\/?s={search_term_string}"},"query-input":{"@type":"PropertyValueSpecification","valueRequired":true,"valueName":"search_term_string"}}],"inLanguage":"de"},{"@type":"Organization","@id":"https:\/\/www.lohschule-datteln.de\/#organization","name":"Lohschule -katholische Grundschule Datteln","url":"https:\/\/www.lohschule-datteln.de\/","logo":{"@type":"ImageObject","inLanguage":"de","@id":"https:\/\/www.lohschule-datteln.de\/#\/schema\/logo\/image\/","url":"http:\/\/www.lohschule-datteln.de\/wp-content\/uploads\/2016\/02\/Loh-neu-2016.jpg","contentUrl":"http:\/\/www.lohschule-datteln.de\/wp-content\/uploads\/2016\/02\/Loh-neu-2016.jpg","width":448,"height":252,"caption":"Lohschule -katholische Grundschule Datteln"},"image":{"@id":"https:\/\/www.lohschule-datteln.de\/#\/schema\/logo\/image\/"}}]}},"_links":{"self":[{"href":"https:\/\/www.lohschule-datteln.de\/index.php\/wp-json\/wp\/v2\/pages\/1599","targetHints":{"allow":["GET"]}}],"collection":[{"href":"https:\/\/www.lohschule-datteln.de\/index.php\/wp-json\/wp\/v2\/pages"}],"about":[{"href":"https:\/\/www.lohschule-datteln.de\/index.php\/wp-json\/wp\/v2\/types\/page"}],"author":[{"embeddable":true,"href":"https:\/\/www.lohschule-datteln.de\/index.php\/wp-json\/wp\/v2\/users\/3"}],"replies":[{"embeddable":true,"href":"https:\/\/www.lohschule-datteln.de\/index.php\/wp-json\/wp\/v2\/comments?post=1599"}],"version-history":[{"count":8,"href":"https:\/\/www.lohschule-datteln.de\/index.php\/wp-json\/wp\/v2\/pages\/1599\/revisions"}],"predecessor-version":[{"id":1785,"href":"https:\/\/www.lohschule-datteln.de\/index.php\/wp-json\/wp\/v2\/pages\/1599\/revisions\/1785"}],"wp:attachment":[{"href":"https:\/\/www.lohschule-datteln.de\/index.php\/wp-json\/wp\/v2\/media?parent=1599"}],"curies":[{"name":"wp","href":"https:\/\/api.w.org\/{rel}","templated":true}]}}