{"id":1817,"date":"2016-11-18T19:44:11","date_gmt":"2016-11-18T18:44:11","guid":{"rendered":"http:\/\/www.lohschule-datteln.de\/?page_id=1817"},"modified":"2016-11-18T20:15:05","modified_gmt":"2016-11-18T19:15:05","slug":"neuanschaffungen","status":"publish","type":"page","link":"https:\/\/www.lohschule-datteln.de\/index.php\/neuanschaffungen\/","title":{"rendered":"Neuanschaffungen"},"content":{"rendered":"<h3>Ein Dank an den F\u00f6rderverein unserer Schule<\/h3>\n<p>&nbsp;<\/p>\n<p>Seit Ende des letzten Schuljahres kann Frau Wilmes unsere musikalischen Aktivit\u00e4ten innerhalb und rund um die Schule mit einem <strong>E-Piano<\/strong> begleiten. Einen ersten Eindruck davon bekamen Sch\u00fcler, Eltern und Lehrer bei der Verabschiedung zweier Kolleginnen vor den Sommerferien.<\/p>\n<p>Seit den Herbstferien k\u00f6nnen in 7 Klassenr\u00e4umen <strong>an der Decke befestigte\u00a0Beamer<\/strong> im Unterricht eingesetzt werden. War es vorher so, dass wir\u00a0Lehrer erst zeitaufw\u00e4ndig alle\u00a0n\u00f6tigen Dinge\u00a0zusammensuchen mussten, bevor ein Text, ein Bild oder\u00a0gar ein Film f\u00fcr\u00a0alle Kinderaugen sichtbar an der Wand erschien, so bedarf es\u00a0nun\u00a0nur noch weniger Handgriffe, und es kann mit dem Unterricht weitergehen. Das erleichtert\u00a0die Arbeit sehr und f\u00fchrt mit Sicherheit dazu, dass dieses Medium weit \u00f6fter eingesetzt wird als zuvor.<\/p>\n<p>Vorwiegend im Englischunterricht, in dem Unterrichtsinhalte\u00a0h\u00e4ufig durch kleine Filmchen vertieft werden, kommt der neue <strong>Fernseher<\/strong> zum Einsatz.<\/p>\n<p>Das Kollegium bedankt sich auch im Namen der Sch\u00fcler f\u00fcr diese technische Unterst\u00fctzung und wei\u00df dies sehr zu sch\u00e4tzen.<\/p>\n<p>Vielen lieben Dank!<\/p>\n<p>Und :\u00a0Diese\u00a0K\u00e4ufe\u00a0(und auch alle anderen Anschaffungen und Aktivit\u00e4ten)\u00a0w\u00e4ren nat\u00fcrlich \u00fcberhaupt nicht m\u00f6glich gewesen, wenn Eltern und Freunde unserer Schule sich nicht bereit erkl\u00e4rt h\u00e4tten, den F\u00f6rderverein mit einem kleinen Jahresbeitrag zu unterst\u00fctzen&#8230;.<\/p>\n","protected":false},"excerpt":{"rendered":"<p>Ein Dank an den F\u00f6rderverein unserer Schule &nbsp; Seit Ende des letzten Schuljahres kann Frau Wilmes unsere musikalischen Aktivit\u00e4ten innerhalb und rund um die Schule mit einem E-Piano begleiten. Einen ersten Eindruck davon bekamen Sch\u00fcler, Eltern und Lehrer bei der Verabschiedung zweier Kolleginnen vor den Sommerferien. Seit den Herbstferien k\u00f6nnen in 7 Klassenr\u00e4umen an der [&hellip;]<\/p>\n","protected":false},"author":3,"featured_media":0,"parent":0,"menu_order":0,"comment_status":"closed","ping_status":"closed","template":"","meta":{"footnotes":""},"class_list":["post-1817","page","type-page","status-publish","hentry"],"yoast_head":"<!-- This site is optimized with the Yoast SEO plugin v27.4 - https:\/\/yoast.com\/product\/yoast-seo-wordpress\/ -->\n<title>Neuanschaffungen - Lohschule Datteln<\/title>\n<meta name=\"robots\" content=\"index, follow, max-snippet:-1, max-image-preview:large, max-video-preview:-1\" \/>\n<link rel=\"canonical\" href=\"https:\/\/www.lohschule-datteln.de\/index.php\/neuanschaffungen\/\" \/>\n<meta property=\"og:locale\" content=\"de_DE\" \/>\n<meta property=\"og:type\" content=\"article\" \/>\n<meta property=\"og:title\" content=\"Neuanschaffungen - Lohschule Datteln\" \/>\n<meta property=\"og:description\" content=\"Ein Dank an den F\u00f6rderverein unserer Schule &nbsp; Seit Ende des letzten Schuljahres kann Frau Wilmes unsere musikalischen Aktivit\u00e4ten innerhalb und rund um die Schule mit einem E-Piano begleiten. Einen ersten Eindruck davon bekamen Sch\u00fcler, Eltern und Lehrer bei der Verabschiedung zweier Kolleginnen vor den Sommerferien. Seit den Herbstferien k\u00f6nnen in 7 Klassenr\u00e4umen an der [&hellip;]\" \/>\n<meta property=\"og:url\" content=\"https:\/\/www.lohschule-datteln.de\/index.php\/neuanschaffungen\/\" \/>\n<meta property=\"og:site_name\" content=\"Lohschule Datteln\" \/>\n<meta property=\"article:modified_time\" content=\"2016-11-18T19:15:05+00:00\" \/>\n<meta name=\"twitter:card\" content=\"summary_large_image\" \/>\n<meta name=\"twitter:label1\" content=\"Gesch\u00e4tzte Lesezeit\" \/>\n\t<meta name=\"twitter:data1\" content=\"1\u00a0Minute\" \/>\n<script type=\"application\/ld+json\" class=\"yoast-schema-graph\">{\"@context\":\"https:\\\/\\\/schema.org\",\"@graph\":[{\"@type\":\"WebPage\",\"@id\":\"https:\\\/\\\/www.lohschule-datteln.de\\\/index.php\\\/neuanschaffungen\\\/\",\"url\":\"https:\\\/\\\/www.lohschule-datteln.de\\\/index.php\\\/neuanschaffungen\\\/\",\"name\":\"Neuanschaffungen - Lohschule Datteln\",\"isPartOf\":{\"@id\":\"https:\\\/\\\/www.lohschule-datteln.de\\\/#website\"},\"datePublished\":\"2016-11-18T18:44:11+00:00\",\"dateModified\":\"2016-11-18T19:15:05+00:00\",\"breadcrumb\":{\"@id\":\"https:\\\/\\\/www.lohschule-datteln.de\\\/index.php\\\/neuanschaffungen\\\/#breadcrumb\"},\"inLanguage\":\"de\",\"potentialAction\":[{\"@type\":\"ReadAction\",\"target\":[\"https:\\\/\\\/www.lohschule-datteln.de\\\/index.php\\\/neuanschaffungen\\\/\"]}]},{\"@type\":\"BreadcrumbList\",\"@id\":\"https:\\\/\\\/www.lohschule-datteln.de\\\/index.php\\\/neuanschaffungen\\\/#breadcrumb\",\"itemListElement\":[{\"@type\":\"ListItem\",\"position\":1,\"name\":\"Startseite\",\"item\":\"https:\\\/\\\/www.lohschule-datteln.de\\\/\"},{\"@type\":\"ListItem\",\"position\":2,\"name\":\"Neuanschaffungen\"}]},{\"@type\":\"WebSite\",\"@id\":\"https:\\\/\\\/www.lohschule-datteln.de\\\/#website\",\"url\":\"https:\\\/\\\/www.lohschule-datteln.de\\\/\",\"name\":\"Lohschule Datteln\",\"description\":\"kath. Grundschule\",\"publisher\":{\"@id\":\"https:\\\/\\\/www.lohschule-datteln.de\\\/#organization\"},\"potentialAction\":[{\"@type\":\"SearchAction\",\"target\":{\"@type\":\"EntryPoint\",\"urlTemplate\":\"https:\\\/\\\/www.lohschule-datteln.de\\\/?s={search_term_string}\"},\"query-input\":{\"@type\":\"PropertyValueSpecification\",\"valueRequired\":true,\"valueName\":\"search_term_string\"}}],\"inLanguage\":\"de\"},{\"@type\":\"Organization\",\"@id\":\"https:\\\/\\\/www.lohschule-datteln.de\\\/#organization\",\"name\":\"Lohschule -katholische Grundschule Datteln\",\"url\":\"https:\\\/\\\/www.lohschule-datteln.de\\\/\",\"logo\":{\"@type\":\"ImageObject\",\"inLanguage\":\"de\",\"@id\":\"https:\\\/\\\/www.lohschule-datteln.de\\\/#\\\/schema\\\/logo\\\/image\\\/\",\"url\":\"http:\\\/\\\/www.lohschule-datteln.de\\\/wp-content\\\/uploads\\\/2016\\\/02\\\/Loh-neu-2016.jpg\",\"contentUrl\":\"http:\\\/\\\/www.lohschule-datteln.de\\\/wp-content\\\/uploads\\\/2016\\\/02\\\/Loh-neu-2016.jpg\",\"width\":448,\"height\":252,\"caption\":\"Lohschule -katholische Grundschule Datteln\"},\"image\":{\"@id\":\"https:\\\/\\\/www.lohschule-datteln.de\\\/#\\\/schema\\\/logo\\\/image\\\/\"}}]}<\/script>\n<!-- \/ Yoast SEO plugin. -->","yoast_head_json":{"title":"Neuanschaffungen - Lohschule Datteln","robots":{"index":"index","follow":"follow","max-snippet":"max-snippet:-1","max-image-preview":"max-image-preview:large","max-video-preview":"max-video-preview:-1"},"canonical":"https:\/\/www.lohschule-datteln.de\/index.php\/neuanschaffungen\/","og_locale":"de_DE","og_type":"article","og_title":"Neuanschaffungen - Lohschule Datteln","og_description":"Ein Dank an den F\u00f6rderverein unserer Schule &nbsp; Seit Ende des letzten Schuljahres kann Frau Wilmes unsere musikalischen Aktivit\u00e4ten innerhalb und rund um die Schule mit einem E-Piano begleiten. Einen ersten Eindruck davon bekamen Sch\u00fcler, Eltern und Lehrer bei der Verabschiedung zweier Kolleginnen vor den Sommerferien. Seit den Herbstferien k\u00f6nnen in 7 Klassenr\u00e4umen an der [&hellip;]","og_url":"https:\/\/www.lohschule-datteln.de\/index.php\/neuanschaffungen\/","og_site_name":"Lohschule Datteln","article_modified_time":"2016-11-18T19:15:05+00:00","twitter_card":"summary_large_image","twitter_misc":{"Gesch\u00e4tzte Lesezeit":"1\u00a0Minute"},"schema":{"@context":"https:\/\/schema.org","@graph":[{"@type":"WebPage","@id":"https:\/\/www.lohschule-datteln.de\/index.php\/neuanschaffungen\/","url":"https:\/\/www.lohschule-datteln.de\/index.php\/neuanschaffungen\/","name":"Neuanschaffungen - Lohschule Datteln","isPartOf":{"@id":"https:\/\/www.lohschule-datteln.de\/#website"},"datePublished":"2016-11-18T18:44:11+00:00","dateModified":"2016-11-18T19:15:05+00:00","breadcrumb":{"@id":"https:\/\/www.lohschule-datteln.de\/index.php\/neuanschaffungen\/#breadcrumb"},"inLanguage":"de","potentialAction":[{"@type":"ReadAction","target":["https:\/\/www.lohschule-datteln.de\/index.php\/neuanschaffungen\/"]}]},{"@type":"BreadcrumbList","@id":"https:\/\/www.lohschule-datteln.de\/index.php\/neuanschaffungen\/#breadcrumb","itemListElement":[{"@type":"ListItem","position":1,"name":"Startseite","item":"https:\/\/www.lohschule-datteln.de\/"},{"@type":"ListItem","position":2,"name":"Neuanschaffungen"}]},{"@type":"WebSite","@id":"https:\/\/www.lohschule-datteln.de\/#website","url":"https:\/\/www.lohschule-datteln.de\/","name":"Lohschule Datteln","description":"kath. Grundschule","publisher":{"@id":"https:\/\/www.lohschule-datteln.de\/#organization"},"potentialAction":[{"@type":"SearchAction","target":{"@type":"EntryPoint","urlTemplate":"https:\/\/www.lohschule-datteln.de\/?s={search_term_string}"},"query-input":{"@type":"PropertyValueSpecification","valueRequired":true,"valueName":"search_term_string"}}],"inLanguage":"de"},{"@type":"Organization","@id":"https:\/\/www.lohschule-datteln.de\/#organization","name":"Lohschule -katholische Grundschule Datteln","url":"https:\/\/www.lohschule-datteln.de\/","logo":{"@type":"ImageObject","inLanguage":"de","@id":"https:\/\/www.lohschule-datteln.de\/#\/schema\/logo\/image\/","url":"http:\/\/www.lohschule-datteln.de\/wp-content\/uploads\/2016\/02\/Loh-neu-2016.jpg","contentUrl":"http:\/\/www.lohschule-datteln.de\/wp-content\/uploads\/2016\/02\/Loh-neu-2016.jpg","width":448,"height":252,"caption":"Lohschule -katholische Grundschule Datteln"},"image":{"@id":"https:\/\/www.lohschule-datteln.de\/#\/schema\/logo\/image\/"}}]}},"_links":{"self":[{"href":"https:\/\/www.lohschule-datteln.de\/index.php\/wp-json\/wp\/v2\/pages\/1817","targetHints":{"allow":["GET"]}}],"collection":[{"href":"https:\/\/www.lohschule-datteln.de\/index.php\/wp-json\/wp\/v2\/pages"}],"about":[{"href":"https:\/\/www.lohschule-datteln.de\/index.php\/wp-json\/wp\/v2\/types\/page"}],"author":[{"embeddable":true,"href":"https:\/\/www.lohschule-datteln.de\/index.php\/wp-json\/wp\/v2\/users\/3"}],"replies":[{"embeddable":true,"href":"https:\/\/www.lohschule-datteln.de\/index.php\/wp-json\/wp\/v2\/comments?post=1817"}],"version-history":[{"count":6,"href":"https:\/\/www.lohschule-datteln.de\/index.php\/wp-json\/wp\/v2\/pages\/1817\/revisions"}],"predecessor-version":[{"id":1828,"href":"https:\/\/www.lohschule-datteln.de\/index.php\/wp-json\/wp\/v2\/pages\/1817\/revisions\/1828"}],"wp:attachment":[{"href":"https:\/\/www.lohschule-datteln.de\/index.php\/wp-json\/wp\/v2\/media?parent=1817"}],"curies":[{"name":"wp","href":"https:\/\/api.w.org\/{rel}","templated":true}]}}