{"id":1907,"date":"2016-12-06T17:13:49","date_gmt":"2016-12-06T16:13:49","guid":{"rendered":"http:\/\/www.lohschule-datteln.de\/?page_id=1907"},"modified":"2016-12-06T17:46:56","modified_gmt":"2016-12-06T16:46:56","slug":"nikolaustag","status":"publish","type":"page","link":"https:\/\/www.lohschule-datteln.de\/index.php\/nikolaustag\/","title":{"rendered":"Nikolaustag"},"content":{"rendered":"<h3>Wir feiern den Nikolaustag<\/h3>\n<p><span style=\"color: #000000;\">Am 6.Dezember kamen alle gro\u00dfen und kleinen Sch\u00fcler mit ihren Lehrern zu einer Feierstunde zusammen.<\/span><\/p>\n<p><span style=\"color: #808080;\">Dick eingepackt trafen wir uns vor dem Haupteingang und begr\u00fc\u00dften den Nikolaus mit vier Strophen des Liedes &#8222;Lasst uns froh und munter sein&#8220;.<\/span><\/p>\n<p>&nbsp;<\/p>\n<p><a href=\"https:\/\/www.lohschule-datteln.de\/wp-content\/uploads\/2016\/12\/3.jpg\"><img loading=\"lazy\" decoding=\"async\" class=\"aligncenter size-full wp-image-1911\" src=\"https:\/\/www.lohschule-datteln.de\/wp-content\/uploads\/2016\/12\/3.jpg\" alt=\"\" width=\"369\" height=\"253\" \/><\/a><\/p>\n<p>&nbsp;<\/p>\n<p><a href=\"https:\/\/www.lohschule-datteln.de\/wp-content\/uploads\/2016\/12\/4.jpg\"><img loading=\"lazy\" decoding=\"async\" class=\"aligncenter size-full wp-image-1912\" src=\"https:\/\/www.lohschule-datteln.de\/wp-content\/uploads\/2016\/12\/4.jpg\" alt=\"\" width=\"448\" height=\"188\" \/><\/a><\/p>\n<p>&nbsp;<\/p>\n<p><a href=\"https:\/\/www.lohschule-datteln.de\/wp-content\/uploads\/2016\/12\/5.jpg\"><img loading=\"lazy\" decoding=\"async\" class=\"aligncenter size-full wp-image-1913\" src=\"https:\/\/www.lohschule-datteln.de\/wp-content\/uploads\/2016\/12\/5.jpg\" alt=\"\" width=\"448\" height=\"204\" \/><\/a><\/p>\n<p>&nbsp;<\/p>\n<p>Die Kinder des zweiten Jahrgangs hatten im Unterricht das Gedicht &#8222;Nikolaus&#8220; erarbeitet. Viele Kinder waren sofort bereit, es auch bei unserer Feierstunde vorzutragen. So sprach die ganze Stufe gemeinsam. Im Anschluss folgte das Mitspiel-Lied &#8222;In den Tannenwald&#8220;.<\/p>\n<p>&nbsp;<\/p>\n<p><a href=\"https:\/\/www.lohschule-datteln.de\/wp-content\/uploads\/2016\/12\/6.jpg\"><img loading=\"lazy\" decoding=\"async\" class=\"aligncenter size-full wp-image-1919\" src=\"https:\/\/www.lohschule-datteln.de\/wp-content\/uploads\/2016\/12\/6.jpg\" alt=\"\" width=\"448\" height=\"188\" \/><\/a><\/p>\n<p>&nbsp;<\/p>\n<p>Der Nikolaus freute sich sehr und hatte f\u00fcr alle Kinder und das Kollegium etwas dabei:<\/p>\n<p>&nbsp;<\/p>\n<p><a href=\"https:\/\/www.lohschule-datteln.de\/wp-content\/uploads\/2016\/12\/2.jpg\"><img loading=\"lazy\" decoding=\"async\" class=\"aligncenter size-full wp-image-1915\" src=\"https:\/\/www.lohschule-datteln.de\/wp-content\/uploads\/2016\/12\/2.jpg\" alt=\"\" width=\"336\" height=\"376\" \/><\/a><\/p>\n<p>&nbsp;<\/p>\n<p><a href=\"https:\/\/www.lohschule-datteln.de\/wp-content\/uploads\/2016\/12\/1.jpg\"><img loading=\"lazy\" decoding=\"async\" class=\"aligncenter size-full wp-image-1914\" src=\"https:\/\/www.lohschule-datteln.de\/wp-content\/uploads\/2016\/12\/1.jpg\" alt=\"\" width=\"336\" height=\"363\" \/><\/a><\/p>\n<p>&nbsp;<\/p>\n<p>Vielen, lieben Dank, Nikolaus!<\/p>\n<p>&nbsp;<\/p>\n<p>Zum Abschluss sangen alle Kinder und Lehrer noch einmal &#8222;Lasst uns froh und munter sein&#8220;.<\/p>\n<p>&nbsp;<\/p>\n","protected":false},"excerpt":{"rendered":"<p>Wir feiern den Nikolaustag Am 6.Dezember kamen alle gro\u00dfen und kleinen Sch\u00fcler mit ihren Lehrern zu einer Feierstunde zusammen. Dick eingepackt trafen wir uns vor dem Haupteingang und begr\u00fc\u00dften den Nikolaus mit vier Strophen des Liedes &#8222;Lasst uns froh und munter sein&#8220;. &nbsp; &nbsp; &nbsp; &nbsp; Die Kinder des zweiten Jahrgangs hatten im Unterricht das [&hellip;]<\/p>\n","protected":false},"author":3,"featured_media":0,"parent":0,"menu_order":0,"comment_status":"closed","ping_status":"closed","template":"","meta":{"footnotes":""},"class_list":["post-1907","page","type-page","status-publish","hentry"],"yoast_head":"<!-- This site is optimized with the Yoast SEO plugin v27.5 - https:\/\/yoast.com\/product\/yoast-seo-wordpress\/ -->\n<title>Nikolaustag - Lohschule Datteln<\/title>\n<meta name=\"robots\" content=\"index, follow, max-snippet:-1, max-image-preview:large, max-video-preview:-1\" \/>\n<link rel=\"canonical\" href=\"https:\/\/www.lohschule-datteln.de\/index.php\/nikolaustag\/\" \/>\n<meta property=\"og:locale\" content=\"de_DE\" \/>\n<meta property=\"og:type\" content=\"article\" \/>\n<meta property=\"og:title\" content=\"Nikolaustag - Lohschule Datteln\" \/>\n<meta property=\"og:description\" content=\"Wir feiern den Nikolaustag Am 6.Dezember kamen alle gro\u00dfen und kleinen Sch\u00fcler mit ihren Lehrern zu einer Feierstunde zusammen. Dick eingepackt trafen wir uns vor dem Haupteingang und begr\u00fc\u00dften den Nikolaus mit vier Strophen des Liedes &#8222;Lasst uns froh und munter sein&#8220;. &nbsp; &nbsp; &nbsp; &nbsp; Die Kinder des zweiten Jahrgangs hatten im Unterricht das [&hellip;]\" \/>\n<meta property=\"og:url\" content=\"https:\/\/www.lohschule-datteln.de\/index.php\/nikolaustag\/\" \/>\n<meta property=\"og:site_name\" content=\"Lohschule Datteln\" \/>\n<meta property=\"article:modified_time\" content=\"2016-12-06T16:46:56+00:00\" \/>\n<meta property=\"og:image\" content=\"http:\/\/www.lohschule-datteln.de\/wp-content\/uploads\/2016\/12\/3.jpg\" \/>\n<meta name=\"twitter:card\" content=\"summary_large_image\" \/>\n<meta name=\"twitter:label1\" content=\"Gesch\u00e4tzte Lesezeit\" \/>\n\t<meta name=\"twitter:data1\" content=\"1\u00a0Minute\" \/>\n<script type=\"application\/ld+json\" class=\"yoast-schema-graph\">{\"@context\":\"https:\\\/\\\/schema.org\",\"@graph\":[{\"@type\":\"WebPage\",\"@id\":\"https:\\\/\\\/www.lohschule-datteln.de\\\/index.php\\\/nikolaustag\\\/\",\"url\":\"https:\\\/\\\/www.lohschule-datteln.de\\\/index.php\\\/nikolaustag\\\/\",\"name\":\"Nikolaustag - Lohschule Datteln\",\"isPartOf\":{\"@id\":\"https:\\\/\\\/www.lohschule-datteln.de\\\/#website\"},\"primaryImageOfPage\":{\"@id\":\"https:\\\/\\\/www.lohschule-datteln.de\\\/index.php\\\/nikolaustag\\\/#primaryimage\"},\"image\":{\"@id\":\"https:\\\/\\\/www.lohschule-datteln.de\\\/index.php\\\/nikolaustag\\\/#primaryimage\"},\"thumbnailUrl\":\"http:\\\/\\\/www.lohschule-datteln.de\\\/wp-content\\\/uploads\\\/2016\\\/12\\\/3.jpg\",\"datePublished\":\"2016-12-06T16:13:49+00:00\",\"dateModified\":\"2016-12-06T16:46:56+00:00\",\"breadcrumb\":{\"@id\":\"https:\\\/\\\/www.lohschule-datteln.de\\\/index.php\\\/nikolaustag\\\/#breadcrumb\"},\"inLanguage\":\"de\",\"potentialAction\":[{\"@type\":\"ReadAction\",\"target\":[\"https:\\\/\\\/www.lohschule-datteln.de\\\/index.php\\\/nikolaustag\\\/\"]}]},{\"@type\":\"ImageObject\",\"inLanguage\":\"de\",\"@id\":\"https:\\\/\\\/www.lohschule-datteln.de\\\/index.php\\\/nikolaustag\\\/#primaryimage\",\"url\":\"http:\\\/\\\/www.lohschule-datteln.de\\\/wp-content\\\/uploads\\\/2016\\\/12\\\/3.jpg\",\"contentUrl\":\"http:\\\/\\\/www.lohschule-datteln.de\\\/wp-content\\\/uploads\\\/2016\\\/12\\\/3.jpg\"},{\"@type\":\"BreadcrumbList\",\"@id\":\"https:\\\/\\\/www.lohschule-datteln.de\\\/index.php\\\/nikolaustag\\\/#breadcrumb\",\"itemListElement\":[{\"@type\":\"ListItem\",\"position\":1,\"name\":\"Startseite\",\"item\":\"https:\\\/\\\/www.lohschule-datteln.de\\\/\"},{\"@type\":\"ListItem\",\"position\":2,\"name\":\"Nikolaustag\"}]},{\"@type\":\"WebSite\",\"@id\":\"https:\\\/\\\/www.lohschule-datteln.de\\\/#website\",\"url\":\"https:\\\/\\\/www.lohschule-datteln.de\\\/\",\"name\":\"Lohschule Datteln\",\"description\":\"kath. Grundschule\",\"publisher\":{\"@id\":\"https:\\\/\\\/www.lohschule-datteln.de\\\/#organization\"},\"potentialAction\":[{\"@type\":\"SearchAction\",\"target\":{\"@type\":\"EntryPoint\",\"urlTemplate\":\"https:\\\/\\\/www.lohschule-datteln.de\\\/?s={search_term_string}\"},\"query-input\":{\"@type\":\"PropertyValueSpecification\",\"valueRequired\":true,\"valueName\":\"search_term_string\"}}],\"inLanguage\":\"de\"},{\"@type\":\"Organization\",\"@id\":\"https:\\\/\\\/www.lohschule-datteln.de\\\/#organization\",\"name\":\"Lohschule -katholische Grundschule Datteln\",\"url\":\"https:\\\/\\\/www.lohschule-datteln.de\\\/\",\"logo\":{\"@type\":\"ImageObject\",\"inLanguage\":\"de\",\"@id\":\"https:\\\/\\\/www.lohschule-datteln.de\\\/#\\\/schema\\\/logo\\\/image\\\/\",\"url\":\"http:\\\/\\\/www.lohschule-datteln.de\\\/wp-content\\\/uploads\\\/2016\\\/02\\\/Loh-neu-2016.jpg\",\"contentUrl\":\"http:\\\/\\\/www.lohschule-datteln.de\\\/wp-content\\\/uploads\\\/2016\\\/02\\\/Loh-neu-2016.jpg\",\"width\":448,\"height\":252,\"caption\":\"Lohschule -katholische Grundschule Datteln\"},\"image\":{\"@id\":\"https:\\\/\\\/www.lohschule-datteln.de\\\/#\\\/schema\\\/logo\\\/image\\\/\"}}]}<\/script>\n<!-- \/ Yoast SEO plugin. -->","yoast_head_json":{"title":"Nikolaustag - Lohschule Datteln","robots":{"index":"index","follow":"follow","max-snippet":"max-snippet:-1","max-image-preview":"max-image-preview:large","max-video-preview":"max-video-preview:-1"},"canonical":"https:\/\/www.lohschule-datteln.de\/index.php\/nikolaustag\/","og_locale":"de_DE","og_type":"article","og_title":"Nikolaustag - Lohschule Datteln","og_description":"Wir feiern den Nikolaustag Am 6.Dezember kamen alle gro\u00dfen und kleinen Sch\u00fcler mit ihren Lehrern zu einer Feierstunde zusammen. Dick eingepackt trafen wir uns vor dem Haupteingang und begr\u00fc\u00dften den Nikolaus mit vier Strophen des Liedes &#8222;Lasst uns froh und munter sein&#8220;. &nbsp; &nbsp; &nbsp; &nbsp; Die Kinder des zweiten Jahrgangs hatten im Unterricht das [&hellip;]","og_url":"https:\/\/www.lohschule-datteln.de\/index.php\/nikolaustag\/","og_site_name":"Lohschule Datteln","article_modified_time":"2016-12-06T16:46:56+00:00","og_image":[{"url":"http:\/\/www.lohschule-datteln.de\/wp-content\/uploads\/2016\/12\/3.jpg","type":"","width":"","height":""}],"twitter_card":"summary_large_image","twitter_misc":{"Gesch\u00e4tzte Lesezeit":"1\u00a0Minute"},"schema":{"@context":"https:\/\/schema.org","@graph":[{"@type":"WebPage","@id":"https:\/\/www.lohschule-datteln.de\/index.php\/nikolaustag\/","url":"https:\/\/www.lohschule-datteln.de\/index.php\/nikolaustag\/","name":"Nikolaustag - Lohschule Datteln","isPartOf":{"@id":"https:\/\/www.lohschule-datteln.de\/#website"},"primaryImageOfPage":{"@id":"https:\/\/www.lohschule-datteln.de\/index.php\/nikolaustag\/#primaryimage"},"image":{"@id":"https:\/\/www.lohschule-datteln.de\/index.php\/nikolaustag\/#primaryimage"},"thumbnailUrl":"http:\/\/www.lohschule-datteln.de\/wp-content\/uploads\/2016\/12\/3.jpg","datePublished":"2016-12-06T16:13:49+00:00","dateModified":"2016-12-06T16:46:56+00:00","breadcrumb":{"@id":"https:\/\/www.lohschule-datteln.de\/index.php\/nikolaustag\/#breadcrumb"},"inLanguage":"de","potentialAction":[{"@type":"ReadAction","target":["https:\/\/www.lohschule-datteln.de\/index.php\/nikolaustag\/"]}]},{"@type":"ImageObject","inLanguage":"de","@id":"https:\/\/www.lohschule-datteln.de\/index.php\/nikolaustag\/#primaryimage","url":"http:\/\/www.lohschule-datteln.de\/wp-content\/uploads\/2016\/12\/3.jpg","contentUrl":"http:\/\/www.lohschule-datteln.de\/wp-content\/uploads\/2016\/12\/3.jpg"},{"@type":"BreadcrumbList","@id":"https:\/\/www.lohschule-datteln.de\/index.php\/nikolaustag\/#breadcrumb","itemListElement":[{"@type":"ListItem","position":1,"name":"Startseite","item":"https:\/\/www.lohschule-datteln.de\/"},{"@type":"ListItem","position":2,"name":"Nikolaustag"}]},{"@type":"WebSite","@id":"https:\/\/www.lohschule-datteln.de\/#website","url":"https:\/\/www.lohschule-datteln.de\/","name":"Lohschule Datteln","description":"kath. Grundschule","publisher":{"@id":"https:\/\/www.lohschule-datteln.de\/#organization"},"potentialAction":[{"@type":"SearchAction","target":{"@type":"EntryPoint","urlTemplate":"https:\/\/www.lohschule-datteln.de\/?s={search_term_string}"},"query-input":{"@type":"PropertyValueSpecification","valueRequired":true,"valueName":"search_term_string"}}],"inLanguage":"de"},{"@type":"Organization","@id":"https:\/\/www.lohschule-datteln.de\/#organization","name":"Lohschule -katholische Grundschule Datteln","url":"https:\/\/www.lohschule-datteln.de\/","logo":{"@type":"ImageObject","inLanguage":"de","@id":"https:\/\/www.lohschule-datteln.de\/#\/schema\/logo\/image\/","url":"http:\/\/www.lohschule-datteln.de\/wp-content\/uploads\/2016\/02\/Loh-neu-2016.jpg","contentUrl":"http:\/\/www.lohschule-datteln.de\/wp-content\/uploads\/2016\/02\/Loh-neu-2016.jpg","width":448,"height":252,"caption":"Lohschule -katholische Grundschule Datteln"},"image":{"@id":"https:\/\/www.lohschule-datteln.de\/#\/schema\/logo\/image\/"}}]}},"_links":{"self":[{"href":"https:\/\/www.lohschule-datteln.de\/index.php\/wp-json\/wp\/v2\/pages\/1907","targetHints":{"allow":["GET"]}}],"collection":[{"href":"https:\/\/www.lohschule-datteln.de\/index.php\/wp-json\/wp\/v2\/pages"}],"about":[{"href":"https:\/\/www.lohschule-datteln.de\/index.php\/wp-json\/wp\/v2\/types\/page"}],"author":[{"embeddable":true,"href":"https:\/\/www.lohschule-datteln.de\/index.php\/wp-json\/wp\/v2\/users\/3"}],"replies":[{"embeddable":true,"href":"https:\/\/www.lohschule-datteln.de\/index.php\/wp-json\/wp\/v2\/comments?post=1907"}],"version-history":[{"count":6,"href":"https:\/\/www.lohschule-datteln.de\/index.php\/wp-json\/wp\/v2\/pages\/1907\/revisions"}],"predecessor-version":[{"id":1921,"href":"https:\/\/www.lohschule-datteln.de\/index.php\/wp-json\/wp\/v2\/pages\/1907\/revisions\/1921"}],"wp:attachment":[{"href":"https:\/\/www.lohschule-datteln.de\/index.php\/wp-json\/wp\/v2\/media?parent=1907"}],"curies":[{"name":"wp","href":"https:\/\/api.w.org\/{rel}","templated":true}]}}