{"id":271,"date":"2016-02-09T05:03:11","date_gmt":"2016-02-09T04:03:11","guid":{"rendered":"http:\/\/www.lohschule-datteln.de\/?page_id=271"},"modified":"2016-06-13T19:10:46","modified_gmt":"2016-06-13T17:10:46","slug":"schuelerbuecherei","status":"publish","type":"page","link":"https:\/\/www.lohschule-datteln.de\/index.php\/schuelerbuecherei\/","title":{"rendered":"Sch\u00fclerb\u00fccherei"},"content":{"rendered":"<h3>Unser\u00a0Leseparadies<\/h3>\n<p>&nbsp;<\/p>\n<p>F\u00fcr diesen B\u00fccherei-Namen haben die Sch\u00fcler vor einigen Jahren mehrheitlich gestimmt.<\/p>\n<p>&nbsp;<\/p>\n<p><img loading=\"lazy\" decoding=\"async\" class=\"aligncenter size-full wp-image-996\" src=\"https:\/\/www.lohschule-datteln.de\/wp-content\/uploads\/2016\/02\/Leseparadies.jpg\" alt=\"\" width=\"448\" height=\"222\" srcset=\"https:\/\/www.lohschule-datteln.de\/wp-content\/uploads\/2016\/02\/Leseparadies.jpg 448w, https:\/\/www.lohschule-datteln.de\/wp-content\/uploads\/2016\/02\/Leseparadies-300x149.jpg 300w\" sizes=\"auto, (max-width: 448px) 100vw, 448px\" \/><\/p>\n<p>&nbsp;<\/p>\n<p>Und so sieht es unterm Dach unserer Schule aus, denn dort ist das &#8222;Paradies f\u00fcr Leseratten und solche, die es werden wollen&#8220; zu finden:<\/p>\n<p>&nbsp;<\/p>\n<p><img loading=\"lazy\" decoding=\"async\" class=\"aligncenter size-full wp-image-997\" src=\"https:\/\/www.lohschule-datteln.de\/wp-content\/uploads\/2016\/02\/Leseparadies1.jpg\" alt=\"Leseparadies1\" width=\"448\" height=\"310\" srcset=\"https:\/\/www.lohschule-datteln.de\/wp-content\/uploads\/2016\/02\/Leseparadies1.jpg 448w, https:\/\/www.lohschule-datteln.de\/wp-content\/uploads\/2016\/02\/Leseparadies1-300x208.jpg 300w\" sizes=\"auto, (max-width: 448px) 100vw, 448px\" \/><\/p>\n<p>&nbsp;<\/p>\n<p>&nbsp;<\/p>\n<p><img loading=\"lazy\" decoding=\"async\" class=\"aligncenter size-full wp-image-999\" src=\"https:\/\/www.lohschule-datteln.de\/wp-content\/uploads\/2016\/02\/Leseparadies3.jpg\" alt=\"\" width=\"448\" height=\"336\" srcset=\"https:\/\/www.lohschule-datteln.de\/wp-content\/uploads\/2016\/02\/Leseparadies3.jpg 448w, https:\/\/www.lohschule-datteln.de\/wp-content\/uploads\/2016\/02\/Leseparadies3-300x225.jpg 300w\" sizes=\"auto, (max-width: 448px) 100vw, 448px\" \/><\/p>\n<p>&nbsp;<\/p>\n<p>&nbsp;<\/p>\n<p><img loading=\"lazy\" decoding=\"async\" class=\"aligncenter size-full wp-image-1000\" src=\"https:\/\/www.lohschule-datteln.de\/wp-content\/uploads\/2016\/02\/Leseparadies4.jpg\" alt=\"\" width=\"448\" height=\"336\" srcset=\"https:\/\/www.lohschule-datteln.de\/wp-content\/uploads\/2016\/02\/Leseparadies4.jpg 448w, https:\/\/www.lohschule-datteln.de\/wp-content\/uploads\/2016\/02\/Leseparadies4-300x225.jpg 300w\" sizes=\"auto, (max-width: 448px) 100vw, 448px\" \/><\/p>\n<p>&nbsp;<\/p>\n<p>&nbsp;<\/p>\n<p><img loading=\"lazy\" decoding=\"async\" class=\"aligncenter size-full wp-image-998\" src=\"https:\/\/www.lohschule-datteln.de\/wp-content\/uploads\/2016\/02\/Leseparadies2.jpg\" alt=\"\" width=\"448\" height=\"336\" srcset=\"https:\/\/www.lohschule-datteln.de\/wp-content\/uploads\/2016\/02\/Leseparadies2.jpg 448w, https:\/\/www.lohschule-datteln.de\/wp-content\/uploads\/2016\/02\/Leseparadies2-300x225.jpg 300w\" sizes=\"auto, (max-width: 448px) 100vw, 448px\" \/><\/p>\n<p>&nbsp;<\/p>\n<p>&nbsp;<\/p>\n","protected":false},"excerpt":{"rendered":"<p>Unser\u00a0Leseparadies &nbsp; F\u00fcr diesen B\u00fccherei-Namen haben die Sch\u00fcler vor einigen Jahren mehrheitlich gestimmt. &nbsp; &nbsp; Und so sieht es unterm Dach unserer Schule aus, denn dort ist das &#8222;Paradies f\u00fcr Leseratten und solche, die es werden wollen&#8220; zu finden: &nbsp; &nbsp; &nbsp; &nbsp; &nbsp; &nbsp; &nbsp; &nbsp; &nbsp;<\/p>\n","protected":false},"author":3,"featured_media":0,"parent":0,"menu_order":0,"comment_status":"closed","ping_status":"closed","template":"","meta":{"footnotes":""},"class_list":["post-271","page","type-page","status-publish","hentry"],"yoast_head":"<!-- This site is optimized with the Yoast SEO plugin v27.6 - https:\/\/yoast.com\/product\/yoast-seo-wordpress\/ -->\n<title>Sch\u00fclerb\u00fccherei - Lohschule Datteln<\/title>\n<meta name=\"robots\" content=\"index, follow, max-snippet:-1, max-image-preview:large, max-video-preview:-1\" \/>\n<link rel=\"canonical\" href=\"https:\/\/www.lohschule-datteln.de\/index.php\/schuelerbuecherei\/\" \/>\n<meta property=\"og:locale\" content=\"de_DE\" \/>\n<meta property=\"og:type\" content=\"article\" \/>\n<meta property=\"og:title\" content=\"Sch\u00fclerb\u00fccherei - Lohschule Datteln\" \/>\n<meta property=\"og:description\" content=\"Unser\u00a0Leseparadies &nbsp; F\u00fcr diesen B\u00fccherei-Namen haben die Sch\u00fcler vor einigen Jahren mehrheitlich gestimmt. &nbsp; &nbsp; Und so sieht es unterm Dach unserer Schule aus, denn dort ist das &#8222;Paradies f\u00fcr Leseratten und solche, die es werden wollen&#8220; zu finden: &nbsp; &nbsp; &nbsp; &nbsp; &nbsp; &nbsp; &nbsp; &nbsp; &nbsp;\" \/>\n<meta property=\"og:url\" content=\"https:\/\/www.lohschule-datteln.de\/index.php\/schuelerbuecherei\/\" \/>\n<meta property=\"og:site_name\" content=\"Lohschule Datteln\" \/>\n<meta property=\"article:modified_time\" content=\"2016-06-13T17:10:46+00:00\" \/>\n<meta property=\"og:image\" content=\"http:\/\/www.lohschule-datteln.de\/wp-content\/uploads\/2016\/02\/Leseparadies.jpg\" \/>\n<meta name=\"twitter:card\" content=\"summary_large_image\" \/>\n<script type=\"application\/ld+json\" class=\"yoast-schema-graph\">{\"@context\":\"https:\\\/\\\/schema.org\",\"@graph\":[{\"@type\":\"WebPage\",\"@id\":\"https:\\\/\\\/www.lohschule-datteln.de\\\/index.php\\\/schuelerbuecherei\\\/\",\"url\":\"https:\\\/\\\/www.lohschule-datteln.de\\\/index.php\\\/schuelerbuecherei\\\/\",\"name\":\"Sch\u00fclerb\u00fccherei - Lohschule Datteln\",\"isPartOf\":{\"@id\":\"https:\\\/\\\/www.lohschule-datteln.de\\\/#website\"},\"primaryImageOfPage\":{\"@id\":\"https:\\\/\\\/www.lohschule-datteln.de\\\/index.php\\\/schuelerbuecherei\\\/#primaryimage\"},\"image\":{\"@id\":\"https:\\\/\\\/www.lohschule-datteln.de\\\/index.php\\\/schuelerbuecherei\\\/#primaryimage\"},\"thumbnailUrl\":\"http:\\\/\\\/www.lohschule-datteln.de\\\/wp-content\\\/uploads\\\/2016\\\/02\\\/Leseparadies.jpg\",\"datePublished\":\"2016-02-09T04:03:11+00:00\",\"dateModified\":\"2016-06-13T17:10:46+00:00\",\"breadcrumb\":{\"@id\":\"https:\\\/\\\/www.lohschule-datteln.de\\\/index.php\\\/schuelerbuecherei\\\/#breadcrumb\"},\"inLanguage\":\"de\",\"potentialAction\":[{\"@type\":\"ReadAction\",\"target\":[\"https:\\\/\\\/www.lohschule-datteln.de\\\/index.php\\\/schuelerbuecherei\\\/\"]}]},{\"@type\":\"ImageObject\",\"inLanguage\":\"de\",\"@id\":\"https:\\\/\\\/www.lohschule-datteln.de\\\/index.php\\\/schuelerbuecherei\\\/#primaryimage\",\"url\":\"http:\\\/\\\/www.lohschule-datteln.de\\\/wp-content\\\/uploads\\\/2016\\\/02\\\/Leseparadies.jpg\",\"contentUrl\":\"http:\\\/\\\/www.lohschule-datteln.de\\\/wp-content\\\/uploads\\\/2016\\\/02\\\/Leseparadies.jpg\"},{\"@type\":\"BreadcrumbList\",\"@id\":\"https:\\\/\\\/www.lohschule-datteln.de\\\/index.php\\\/schuelerbuecherei\\\/#breadcrumb\",\"itemListElement\":[{\"@type\":\"ListItem\",\"position\":1,\"name\":\"Startseite\",\"item\":\"https:\\\/\\\/www.lohschule-datteln.de\\\/\"},{\"@type\":\"ListItem\",\"position\":2,\"name\":\"Sch\u00fclerb\u00fccherei\"}]},{\"@type\":\"WebSite\",\"@id\":\"https:\\\/\\\/www.lohschule-datteln.de\\\/#website\",\"url\":\"https:\\\/\\\/www.lohschule-datteln.de\\\/\",\"name\":\"Lohschule Datteln\",\"description\":\"kath. Grundschule\",\"publisher\":{\"@id\":\"https:\\\/\\\/www.lohschule-datteln.de\\\/#organization\"},\"potentialAction\":[{\"@type\":\"SearchAction\",\"target\":{\"@type\":\"EntryPoint\",\"urlTemplate\":\"https:\\\/\\\/www.lohschule-datteln.de\\\/?s={search_term_string}\"},\"query-input\":{\"@type\":\"PropertyValueSpecification\",\"valueRequired\":true,\"valueName\":\"search_term_string\"}}],\"inLanguage\":\"de\"},{\"@type\":\"Organization\",\"@id\":\"https:\\\/\\\/www.lohschule-datteln.de\\\/#organization\",\"name\":\"Lohschule -katholische Grundschule Datteln\",\"url\":\"https:\\\/\\\/www.lohschule-datteln.de\\\/\",\"logo\":{\"@type\":\"ImageObject\",\"inLanguage\":\"de\",\"@id\":\"https:\\\/\\\/www.lohschule-datteln.de\\\/#\\\/schema\\\/logo\\\/image\\\/\",\"url\":\"http:\\\/\\\/www.lohschule-datteln.de\\\/wp-content\\\/uploads\\\/2016\\\/02\\\/Loh-neu-2016.jpg\",\"contentUrl\":\"http:\\\/\\\/www.lohschule-datteln.de\\\/wp-content\\\/uploads\\\/2016\\\/02\\\/Loh-neu-2016.jpg\",\"width\":448,\"height\":252,\"caption\":\"Lohschule -katholische Grundschule Datteln\"},\"image\":{\"@id\":\"https:\\\/\\\/www.lohschule-datteln.de\\\/#\\\/schema\\\/logo\\\/image\\\/\"}}]}<\/script>\n<!-- \/ Yoast SEO plugin. -->","yoast_head_json":{"title":"Sch\u00fclerb\u00fccherei - Lohschule Datteln","robots":{"index":"index","follow":"follow","max-snippet":"max-snippet:-1","max-image-preview":"max-image-preview:large","max-video-preview":"max-video-preview:-1"},"canonical":"https:\/\/www.lohschule-datteln.de\/index.php\/schuelerbuecherei\/","og_locale":"de_DE","og_type":"article","og_title":"Sch\u00fclerb\u00fccherei - Lohschule Datteln","og_description":"Unser\u00a0Leseparadies &nbsp; F\u00fcr diesen B\u00fccherei-Namen haben die Sch\u00fcler vor einigen Jahren mehrheitlich gestimmt. &nbsp; &nbsp; Und so sieht es unterm Dach unserer Schule aus, denn dort ist das &#8222;Paradies f\u00fcr Leseratten und solche, die es werden wollen&#8220; zu finden: &nbsp; &nbsp; &nbsp; &nbsp; &nbsp; &nbsp; &nbsp; &nbsp; &nbsp;","og_url":"https:\/\/www.lohschule-datteln.de\/index.php\/schuelerbuecherei\/","og_site_name":"Lohschule Datteln","article_modified_time":"2016-06-13T17:10:46+00:00","og_image":[{"url":"http:\/\/www.lohschule-datteln.de\/wp-content\/uploads\/2016\/02\/Leseparadies.jpg","type":"","width":"","height":""}],"twitter_card":"summary_large_image","schema":{"@context":"https:\/\/schema.org","@graph":[{"@type":"WebPage","@id":"https:\/\/www.lohschule-datteln.de\/index.php\/schuelerbuecherei\/","url":"https:\/\/www.lohschule-datteln.de\/index.php\/schuelerbuecherei\/","name":"Sch\u00fclerb\u00fccherei - Lohschule Datteln","isPartOf":{"@id":"https:\/\/www.lohschule-datteln.de\/#website"},"primaryImageOfPage":{"@id":"https:\/\/www.lohschule-datteln.de\/index.php\/schuelerbuecherei\/#primaryimage"},"image":{"@id":"https:\/\/www.lohschule-datteln.de\/index.php\/schuelerbuecherei\/#primaryimage"},"thumbnailUrl":"http:\/\/www.lohschule-datteln.de\/wp-content\/uploads\/2016\/02\/Leseparadies.jpg","datePublished":"2016-02-09T04:03:11+00:00","dateModified":"2016-06-13T17:10:46+00:00","breadcrumb":{"@id":"https:\/\/www.lohschule-datteln.de\/index.php\/schuelerbuecherei\/#breadcrumb"},"inLanguage":"de","potentialAction":[{"@type":"ReadAction","target":["https:\/\/www.lohschule-datteln.de\/index.php\/schuelerbuecherei\/"]}]},{"@type":"ImageObject","inLanguage":"de","@id":"https:\/\/www.lohschule-datteln.de\/index.php\/schuelerbuecherei\/#primaryimage","url":"http:\/\/www.lohschule-datteln.de\/wp-content\/uploads\/2016\/02\/Leseparadies.jpg","contentUrl":"http:\/\/www.lohschule-datteln.de\/wp-content\/uploads\/2016\/02\/Leseparadies.jpg"},{"@type":"BreadcrumbList","@id":"https:\/\/www.lohschule-datteln.de\/index.php\/schuelerbuecherei\/#breadcrumb","itemListElement":[{"@type":"ListItem","position":1,"name":"Startseite","item":"https:\/\/www.lohschule-datteln.de\/"},{"@type":"ListItem","position":2,"name":"Sch\u00fclerb\u00fccherei"}]},{"@type":"WebSite","@id":"https:\/\/www.lohschule-datteln.de\/#website","url":"https:\/\/www.lohschule-datteln.de\/","name":"Lohschule Datteln","description":"kath. Grundschule","publisher":{"@id":"https:\/\/www.lohschule-datteln.de\/#organization"},"potentialAction":[{"@type":"SearchAction","target":{"@type":"EntryPoint","urlTemplate":"https:\/\/www.lohschule-datteln.de\/?s={search_term_string}"},"query-input":{"@type":"PropertyValueSpecification","valueRequired":true,"valueName":"search_term_string"}}],"inLanguage":"de"},{"@type":"Organization","@id":"https:\/\/www.lohschule-datteln.de\/#organization","name":"Lohschule -katholische Grundschule Datteln","url":"https:\/\/www.lohschule-datteln.de\/","logo":{"@type":"ImageObject","inLanguage":"de","@id":"https:\/\/www.lohschule-datteln.de\/#\/schema\/logo\/image\/","url":"http:\/\/www.lohschule-datteln.de\/wp-content\/uploads\/2016\/02\/Loh-neu-2016.jpg","contentUrl":"http:\/\/www.lohschule-datteln.de\/wp-content\/uploads\/2016\/02\/Loh-neu-2016.jpg","width":448,"height":252,"caption":"Lohschule -katholische Grundschule Datteln"},"image":{"@id":"https:\/\/www.lohschule-datteln.de\/#\/schema\/logo\/image\/"}}]}},"_links":{"self":[{"href":"https:\/\/www.lohschule-datteln.de\/index.php\/wp-json\/wp\/v2\/pages\/271","targetHints":{"allow":["GET"]}}],"collection":[{"href":"https:\/\/www.lohschule-datteln.de\/index.php\/wp-json\/wp\/v2\/pages"}],"about":[{"href":"https:\/\/www.lohschule-datteln.de\/index.php\/wp-json\/wp\/v2\/types\/page"}],"author":[{"embeddable":true,"href":"https:\/\/www.lohschule-datteln.de\/index.php\/wp-json\/wp\/v2\/users\/3"}],"replies":[{"embeddable":true,"href":"https:\/\/www.lohschule-datteln.de\/index.php\/wp-json\/wp\/v2\/comments?post=271"}],"version-history":[{"count":8,"href":"https:\/\/www.lohschule-datteln.de\/index.php\/wp-json\/wp\/v2\/pages\/271\/revisions"}],"predecessor-version":[{"id":1005,"href":"https:\/\/www.lohschule-datteln.de\/index.php\/wp-json\/wp\/v2\/pages\/271\/revisions\/1005"}],"wp:attachment":[{"href":"https:\/\/www.lohschule-datteln.de\/index.php\/wp-json\/wp\/v2\/media?parent=271"}],"curies":[{"name":"wp","href":"https:\/\/api.w.org\/{rel}","templated":true}]}}