{"id":3249,"date":"2017-11-17T20:59:57","date_gmt":"2017-11-17T19:59:57","guid":{"rendered":"http:\/\/www.lohschule-datteln.de\/?page_id=3249"},"modified":"2017-12-06T19:29:26","modified_gmt":"2017-12-06T18:29:26","slug":"adventsbasteln-2017","status":"publish","type":"page","link":"https:\/\/www.lohschule-datteln.de\/index.php\/adventsbasteln-2017\/","title":{"rendered":"Adventsbasteln 2017"},"content":{"rendered":"<h3>Adventsbasteln am Morgen<\/h3>\n<p>Am Freitag, 24.11.2017, war es wieder soweit: In allen Klassen wurde gebastelt, gemalt, gen\u00e4ht&#8230;.und all dies ging in dieser Form nur durch viele helfende H\u00e4nde, die unserem Aufruf gefolgt sind, uns beim heutigen Adventsbasteltag zu unterst\u00fctzen. Vielen Dank daf\u00fcr!<\/p>\n<p>Auch einen herzlichen Dank an den F\u00f6rderverein, der die Bastelaktivit\u00e4ten mit einem Zuschuss (25\u20ac pro Klasse) zu den Materialkosten unterst\u00fctzt hat.<\/p>\n<p>Die Produkte der Kinder sind absolut sehenswert. Hier sehen Sie einen kleinen Eindruck:<\/p>\n<p>&nbsp;<\/p>\n<p><a href=\"https:\/\/www.lohschule-datteln.de\/wp-content\/uploads\/2017\/11\/3-1.jpg\"><img loading=\"lazy\" decoding=\"async\" class=\"aligncenter size-full wp-image-3287\" src=\"https:\/\/www.lohschule-datteln.de\/wp-content\/uploads\/2017\/11\/3-1.jpg\" alt=\"\" width=\"336\" height=\"448\" \/><\/a><\/p>\n<p><a href=\"https:\/\/www.lohschule-datteln.de\/wp-content\/uploads\/2017\/11\/1-1.jpg\"><img loading=\"lazy\" decoding=\"async\" class=\"aligncenter size-full wp-image-3288\" src=\"https:\/\/www.lohschule-datteln.de\/wp-content\/uploads\/2017\/11\/1-1.jpg\" alt=\"\" width=\"448\" height=\"336\" \/><\/a><\/p>\n<p><a href=\"https:\/\/www.lohschule-datteln.de\/wp-content\/uploads\/2017\/11\/4-1.jpg\"><img loading=\"lazy\" decoding=\"async\" class=\"aligncenter size-full wp-image-3289\" src=\"https:\/\/www.lohschule-datteln.de\/wp-content\/uploads\/2017\/11\/4-1.jpg\" alt=\"\" width=\"448\" height=\"252\" \/><\/a><\/p>\n<p><a href=\"https:\/\/www.lohschule-datteln.de\/wp-content\/uploads\/2017\/11\/7-1.jpg\"><img loading=\"lazy\" decoding=\"async\" class=\"aligncenter size-full wp-image-3290\" src=\"https:\/\/www.lohschule-datteln.de\/wp-content\/uploads\/2017\/11\/7-1.jpg\" alt=\"\" width=\"336\" height=\"448\" \/><\/a><\/p>\n<p><a href=\"https:\/\/www.lohschule-datteln.de\/wp-content\/uploads\/2017\/11\/8-1.jpg\"><img loading=\"lazy\" decoding=\"async\" class=\"aligncenter size-full wp-image-3291\" src=\"https:\/\/www.lohschule-datteln.de\/wp-content\/uploads\/2017\/11\/8-1.jpg\" alt=\"\" width=\"448\" height=\"336\" \/><\/a><\/p>\n<p><a href=\"https:\/\/www.lohschule-datteln.de\/wp-content\/uploads\/2017\/11\/9-1.jpg\"><img loading=\"lazy\" decoding=\"async\" class=\"aligncenter size-full wp-image-3292\" src=\"https:\/\/www.lohschule-datteln.de\/wp-content\/uploads\/2017\/11\/9-1.jpg\" alt=\"\" width=\"448\" height=\"336\" \/><\/a><\/p>\n<p><a href=\"https:\/\/www.lohschule-datteln.de\/wp-content\/uploads\/2017\/11\/10-1.jpg\"><img loading=\"lazy\" decoding=\"async\" class=\"aligncenter size-full wp-image-3303\" src=\"https:\/\/www.lohschule-datteln.de\/wp-content\/uploads\/2017\/11\/10-1.jpg\" alt=\"\" width=\"280\" height=\"448\" \/><\/a><\/p>\n<p><a href=\"https:\/\/www.lohschule-datteln.de\/wp-content\/uploads\/2017\/11\/11.jpg\"><img loading=\"lazy\" decoding=\"async\" class=\"aligncenter size-full wp-image-3300\" src=\"https:\/\/www.lohschule-datteln.de\/wp-content\/uploads\/2017\/11\/11.jpg\" alt=\"\" width=\"268\" height=\"448\" \/><\/a><\/p>\n<p><a href=\"https:\/\/www.lohschule-datteln.de\/wp-content\/uploads\/2017\/11\/12.jpg\"><img loading=\"lazy\" decoding=\"async\" class=\"aligncenter size-full wp-image-3301\" src=\"https:\/\/www.lohschule-datteln.de\/wp-content\/uploads\/2017\/11\/12.jpg\" alt=\"\" width=\"321\" height=\"448\" \/><\/a><\/p>\n<p>&nbsp;<\/p>\n<p><a href=\"https:\/\/www.lohschule-datteln.de\/wp-content\/uploads\/2017\/11\/5-1.jpg\"><img loading=\"lazy\" decoding=\"async\" class=\"aligncenter size-full wp-image-3293\" src=\"https:\/\/www.lohschule-datteln.de\/wp-content\/uploads\/2017\/11\/5-1.jpg\" alt=\"\" width=\"448\" height=\"240\" \/><\/a><\/p>\n<p><a href=\"https:\/\/www.lohschule-datteln.de\/wp-content\/uploads\/2017\/11\/6-1.jpg\"><img loading=\"lazy\" decoding=\"async\" class=\"aligncenter size-full wp-image-3294\" src=\"https:\/\/www.lohschule-datteln.de\/wp-content\/uploads\/2017\/11\/6-1.jpg\" alt=\"\" width=\"336\" height=\"374\" \/><\/a><\/p>\n<p><a href=\"https:\/\/www.lohschule-datteln.de\/wp-content\/uploads\/2017\/11\/13.jpg\"><img loading=\"lazy\" decoding=\"async\" class=\"aligncenter size-full wp-image-3307\" src=\"https:\/\/www.lohschule-datteln.de\/wp-content\/uploads\/2017\/11\/13.jpg\" alt=\"\" width=\"336\" height=\"448\" \/><\/a><\/p>\n<p><a href=\"https:\/\/www.lohschule-datteln.de\/wp-content\/uploads\/2017\/11\/14.jpg\"><img loading=\"lazy\" decoding=\"async\" class=\"aligncenter size-full wp-image-3308\" src=\"https:\/\/www.lohschule-datteln.de\/wp-content\/uploads\/2017\/11\/14.jpg\" alt=\"\" width=\"448\" height=\"336\" \/><\/a><\/p>\n<p><a href=\"https:\/\/www.lohschule-datteln.de\/wp-content\/uploads\/2017\/11\/15.jpg\"><img loading=\"lazy\" decoding=\"async\" class=\"aligncenter size-full wp-image-3338\" src=\"https:\/\/www.lohschule-datteln.de\/wp-content\/uploads\/2017\/11\/15.jpg\" alt=\"\" width=\"448\" height=\"302\" \/><\/a><\/p>\n<p><a href=\"https:\/\/www.lohschule-datteln.de\/wp-content\/uploads\/2017\/11\/16.jpg\"><img loading=\"lazy\" decoding=\"async\" class=\"aligncenter size-full wp-image-3339\" src=\"https:\/\/www.lohschule-datteln.de\/wp-content\/uploads\/2017\/11\/16.jpg\" alt=\"\" width=\"448\" height=\"250\" \/><\/a><\/p>\n<p><a href=\"https:\/\/www.lohschule-datteln.de\/wp-content\/uploads\/2017\/11\/17.jpg\"><img loading=\"lazy\" decoding=\"async\" class=\"aligncenter size-full wp-image-3340\" src=\"https:\/\/www.lohschule-datteln.de\/wp-content\/uploads\/2017\/11\/17.jpg\" alt=\"\" width=\"448\" height=\"336\" \/><\/a><\/p>\n<p><a href=\"https:\/\/www.lohschule-datteln.de\/wp-content\/uploads\/2017\/11\/18.jpg\"><img loading=\"lazy\" decoding=\"async\" class=\"aligncenter size-full wp-image-3341\" src=\"https:\/\/www.lohschule-datteln.de\/wp-content\/uploads\/2017\/11\/18.jpg\" alt=\"\" width=\"448\" height=\"336\" \/><\/a><\/p>\n<p><a href=\"https:\/\/www.lohschule-datteln.de\/wp-content\/uploads\/2017\/11\/19.jpg\"><img loading=\"lazy\" decoding=\"async\" class=\"aligncenter size-full wp-image-3342\" src=\"https:\/\/www.lohschule-datteln.de\/wp-content\/uploads\/2017\/11\/19.jpg\" alt=\"\" width=\"448\" height=\"336\" \/><\/a><\/p>\n<p><a href=\"https:\/\/www.lohschule-datteln.de\/wp-content\/uploads\/2017\/11\/20.jpg\"><img loading=\"lazy\" decoding=\"async\" class=\"aligncenter size-full wp-image-3343\" src=\"https:\/\/www.lohschule-datteln.de\/wp-content\/uploads\/2017\/11\/20.jpg\" alt=\"\" width=\"448\" height=\"280\" \/><\/a><\/p>\n<p><a href=\"https:\/\/www.lohschule-datteln.de\/wp-content\/uploads\/2017\/11\/21.jpg\"><img loading=\"lazy\" decoding=\"async\" class=\"aligncenter size-full wp-image-3344\" src=\"https:\/\/www.lohschule-datteln.de\/wp-content\/uploads\/2017\/11\/21.jpg\" alt=\"\" width=\"366\" height=\"336\" \/><\/a><\/p>\n<p><a href=\"https:\/\/www.lohschule-datteln.de\/wp-content\/uploads\/2017\/11\/22.jpg\"><img loading=\"lazy\" decoding=\"async\" class=\"aligncenter size-full wp-image-3345\" src=\"https:\/\/www.lohschule-datteln.de\/wp-content\/uploads\/2017\/11\/22.jpg\" alt=\"\" width=\"448\" height=\"336\" \/><\/a><\/p>\n<p><a href=\"https:\/\/www.lohschule-datteln.de\/wp-content\/uploads\/2017\/11\/23.jpg\"><img loading=\"lazy\" decoding=\"async\" class=\"aligncenter size-full wp-image-3365\" src=\"https:\/\/www.lohschule-datteln.de\/wp-content\/uploads\/2017\/11\/23.jpg\" alt=\"\" width=\"448\" height=\"239\" \/><\/a><\/p>\n<p>&nbsp;<\/p>\n<p>&nbsp;<\/p>\n<p>&nbsp;<\/p>\n","protected":false},"excerpt":{"rendered":"<p>Adventsbasteln am Morgen Am Freitag, 24.11.2017, war es wieder soweit: In allen Klassen wurde gebastelt, gemalt, gen\u00e4ht&#8230;.und all dies ging in dieser Form nur durch viele helfende H\u00e4nde, die unserem Aufruf gefolgt sind, uns beim heutigen Adventsbasteltag zu unterst\u00fctzen. Vielen Dank daf\u00fcr! Auch einen herzlichen Dank an den F\u00f6rderverein, der die Bastelaktivit\u00e4ten mit einem Zuschuss [&hellip;]<\/p>\n","protected":false},"author":3,"featured_media":0,"parent":0,"menu_order":0,"comment_status":"closed","ping_status":"closed","template":"","meta":{"footnotes":""},"class_list":["post-3249","page","type-page","status-publish","hentry"],"yoast_head":"<!-- This site is optimized with the Yoast SEO plugin v27.6 - https:\/\/yoast.com\/product\/yoast-seo-wordpress\/ -->\n<title>Adventsbasteln 2017 - Lohschule Datteln<\/title>\n<meta name=\"robots\" content=\"index, follow, max-snippet:-1, max-image-preview:large, max-video-preview:-1\" \/>\n<link rel=\"canonical\" href=\"https:\/\/www.lohschule-datteln.de\/index.php\/adventsbasteln-2017\/\" \/>\n<meta property=\"og:locale\" content=\"de_DE\" \/>\n<meta property=\"og:type\" content=\"article\" \/>\n<meta property=\"og:title\" content=\"Adventsbasteln 2017 - Lohschule Datteln\" \/>\n<meta property=\"og:description\" content=\"Adventsbasteln am Morgen Am Freitag, 24.11.2017, war es wieder soweit: In allen Klassen wurde gebastelt, gemalt, gen\u00e4ht&#8230;.und all dies ging in dieser Form nur durch viele helfende H\u00e4nde, die unserem Aufruf gefolgt sind, uns beim heutigen Adventsbasteltag zu unterst\u00fctzen. Vielen Dank daf\u00fcr! Auch einen herzlichen Dank an den F\u00f6rderverein, der die Bastelaktivit\u00e4ten mit einem Zuschuss [&hellip;]\" \/>\n<meta property=\"og:url\" content=\"https:\/\/www.lohschule-datteln.de\/index.php\/adventsbasteln-2017\/\" \/>\n<meta property=\"og:site_name\" content=\"Lohschule Datteln\" \/>\n<meta property=\"article:modified_time\" content=\"2017-12-06T18:29:26+00:00\" \/>\n<meta property=\"og:image\" content=\"http:\/\/www.lohschule-datteln.de\/wp-content\/uploads\/2017\/11\/3-1.jpg\" \/>\n<meta name=\"twitter:card\" content=\"summary_large_image\" \/>\n<script type=\"application\/ld+json\" class=\"yoast-schema-graph\">{\"@context\":\"https:\\\/\\\/schema.org\",\"@graph\":[{\"@type\":\"WebPage\",\"@id\":\"https:\\\/\\\/www.lohschule-datteln.de\\\/index.php\\\/adventsbasteln-2017\\\/\",\"url\":\"https:\\\/\\\/www.lohschule-datteln.de\\\/index.php\\\/adventsbasteln-2017\\\/\",\"name\":\"Adventsbasteln 2017 - Lohschule Datteln\",\"isPartOf\":{\"@id\":\"https:\\\/\\\/www.lohschule-datteln.de\\\/#website\"},\"primaryImageOfPage\":{\"@id\":\"https:\\\/\\\/www.lohschule-datteln.de\\\/index.php\\\/adventsbasteln-2017\\\/#primaryimage\"},\"image\":{\"@id\":\"https:\\\/\\\/www.lohschule-datteln.de\\\/index.php\\\/adventsbasteln-2017\\\/#primaryimage\"},\"thumbnailUrl\":\"http:\\\/\\\/www.lohschule-datteln.de\\\/wp-content\\\/uploads\\\/2017\\\/11\\\/3-1.jpg\",\"datePublished\":\"2017-11-17T19:59:57+00:00\",\"dateModified\":\"2017-12-06T18:29:26+00:00\",\"breadcrumb\":{\"@id\":\"https:\\\/\\\/www.lohschule-datteln.de\\\/index.php\\\/adventsbasteln-2017\\\/#breadcrumb\"},\"inLanguage\":\"de\",\"potentialAction\":[{\"@type\":\"ReadAction\",\"target\":[\"https:\\\/\\\/www.lohschule-datteln.de\\\/index.php\\\/adventsbasteln-2017\\\/\"]}]},{\"@type\":\"ImageObject\",\"inLanguage\":\"de\",\"@id\":\"https:\\\/\\\/www.lohschule-datteln.de\\\/index.php\\\/adventsbasteln-2017\\\/#primaryimage\",\"url\":\"http:\\\/\\\/www.lohschule-datteln.de\\\/wp-content\\\/uploads\\\/2017\\\/11\\\/3-1.jpg\",\"contentUrl\":\"http:\\\/\\\/www.lohschule-datteln.de\\\/wp-content\\\/uploads\\\/2017\\\/11\\\/3-1.jpg\"},{\"@type\":\"BreadcrumbList\",\"@id\":\"https:\\\/\\\/www.lohschule-datteln.de\\\/index.php\\\/adventsbasteln-2017\\\/#breadcrumb\",\"itemListElement\":[{\"@type\":\"ListItem\",\"position\":1,\"name\":\"Startseite\",\"item\":\"https:\\\/\\\/www.lohschule-datteln.de\\\/\"},{\"@type\":\"ListItem\",\"position\":2,\"name\":\"Adventsbasteln 2017\"}]},{\"@type\":\"WebSite\",\"@id\":\"https:\\\/\\\/www.lohschule-datteln.de\\\/#website\",\"url\":\"https:\\\/\\\/www.lohschule-datteln.de\\\/\",\"name\":\"Lohschule Datteln\",\"description\":\"kath. Grundschule\",\"publisher\":{\"@id\":\"https:\\\/\\\/www.lohschule-datteln.de\\\/#organization\"},\"potentialAction\":[{\"@type\":\"SearchAction\",\"target\":{\"@type\":\"EntryPoint\",\"urlTemplate\":\"https:\\\/\\\/www.lohschule-datteln.de\\\/?s={search_term_string}\"},\"query-input\":{\"@type\":\"PropertyValueSpecification\",\"valueRequired\":true,\"valueName\":\"search_term_string\"}}],\"inLanguage\":\"de\"},{\"@type\":\"Organization\",\"@id\":\"https:\\\/\\\/www.lohschule-datteln.de\\\/#organization\",\"name\":\"Lohschule -katholische Grundschule Datteln\",\"url\":\"https:\\\/\\\/www.lohschule-datteln.de\\\/\",\"logo\":{\"@type\":\"ImageObject\",\"inLanguage\":\"de\",\"@id\":\"https:\\\/\\\/www.lohschule-datteln.de\\\/#\\\/schema\\\/logo\\\/image\\\/\",\"url\":\"http:\\\/\\\/www.lohschule-datteln.de\\\/wp-content\\\/uploads\\\/2016\\\/02\\\/Loh-neu-2016.jpg\",\"contentUrl\":\"http:\\\/\\\/www.lohschule-datteln.de\\\/wp-content\\\/uploads\\\/2016\\\/02\\\/Loh-neu-2016.jpg\",\"width\":448,\"height\":252,\"caption\":\"Lohschule -katholische Grundschule Datteln\"},\"image\":{\"@id\":\"https:\\\/\\\/www.lohschule-datteln.de\\\/#\\\/schema\\\/logo\\\/image\\\/\"}}]}<\/script>\n<!-- \/ Yoast SEO plugin. -->","yoast_head_json":{"title":"Adventsbasteln 2017 - Lohschule Datteln","robots":{"index":"index","follow":"follow","max-snippet":"max-snippet:-1","max-image-preview":"max-image-preview:large","max-video-preview":"max-video-preview:-1"},"canonical":"https:\/\/www.lohschule-datteln.de\/index.php\/adventsbasteln-2017\/","og_locale":"de_DE","og_type":"article","og_title":"Adventsbasteln 2017 - Lohschule Datteln","og_description":"Adventsbasteln am Morgen Am Freitag, 24.11.2017, war es wieder soweit: In allen Klassen wurde gebastelt, gemalt, gen\u00e4ht&#8230;.und all dies ging in dieser Form nur durch viele helfende H\u00e4nde, die unserem Aufruf gefolgt sind, uns beim heutigen Adventsbasteltag zu unterst\u00fctzen. Vielen Dank daf\u00fcr! Auch einen herzlichen Dank an den F\u00f6rderverein, der die Bastelaktivit\u00e4ten mit einem Zuschuss [&hellip;]","og_url":"https:\/\/www.lohschule-datteln.de\/index.php\/adventsbasteln-2017\/","og_site_name":"Lohschule Datteln","article_modified_time":"2017-12-06T18:29:26+00:00","og_image":[{"url":"http:\/\/www.lohschule-datteln.de\/wp-content\/uploads\/2017\/11\/3-1.jpg","type":"","width":"","height":""}],"twitter_card":"summary_large_image","schema":{"@context":"https:\/\/schema.org","@graph":[{"@type":"WebPage","@id":"https:\/\/www.lohschule-datteln.de\/index.php\/adventsbasteln-2017\/","url":"https:\/\/www.lohschule-datteln.de\/index.php\/adventsbasteln-2017\/","name":"Adventsbasteln 2017 - Lohschule Datteln","isPartOf":{"@id":"https:\/\/www.lohschule-datteln.de\/#website"},"primaryImageOfPage":{"@id":"https:\/\/www.lohschule-datteln.de\/index.php\/adventsbasteln-2017\/#primaryimage"},"image":{"@id":"https:\/\/www.lohschule-datteln.de\/index.php\/adventsbasteln-2017\/#primaryimage"},"thumbnailUrl":"http:\/\/www.lohschule-datteln.de\/wp-content\/uploads\/2017\/11\/3-1.jpg","datePublished":"2017-11-17T19:59:57+00:00","dateModified":"2017-12-06T18:29:26+00:00","breadcrumb":{"@id":"https:\/\/www.lohschule-datteln.de\/index.php\/adventsbasteln-2017\/#breadcrumb"},"inLanguage":"de","potentialAction":[{"@type":"ReadAction","target":["https:\/\/www.lohschule-datteln.de\/index.php\/adventsbasteln-2017\/"]}]},{"@type":"ImageObject","inLanguage":"de","@id":"https:\/\/www.lohschule-datteln.de\/index.php\/adventsbasteln-2017\/#primaryimage","url":"http:\/\/www.lohschule-datteln.de\/wp-content\/uploads\/2017\/11\/3-1.jpg","contentUrl":"http:\/\/www.lohschule-datteln.de\/wp-content\/uploads\/2017\/11\/3-1.jpg"},{"@type":"BreadcrumbList","@id":"https:\/\/www.lohschule-datteln.de\/index.php\/adventsbasteln-2017\/#breadcrumb","itemListElement":[{"@type":"ListItem","position":1,"name":"Startseite","item":"https:\/\/www.lohschule-datteln.de\/"},{"@type":"ListItem","position":2,"name":"Adventsbasteln 2017"}]},{"@type":"WebSite","@id":"https:\/\/www.lohschule-datteln.de\/#website","url":"https:\/\/www.lohschule-datteln.de\/","name":"Lohschule Datteln","description":"kath. Grundschule","publisher":{"@id":"https:\/\/www.lohschule-datteln.de\/#organization"},"potentialAction":[{"@type":"SearchAction","target":{"@type":"EntryPoint","urlTemplate":"https:\/\/www.lohschule-datteln.de\/?s={search_term_string}"},"query-input":{"@type":"PropertyValueSpecification","valueRequired":true,"valueName":"search_term_string"}}],"inLanguage":"de"},{"@type":"Organization","@id":"https:\/\/www.lohschule-datteln.de\/#organization","name":"Lohschule -katholische Grundschule Datteln","url":"https:\/\/www.lohschule-datteln.de\/","logo":{"@type":"ImageObject","inLanguage":"de","@id":"https:\/\/www.lohschule-datteln.de\/#\/schema\/logo\/image\/","url":"http:\/\/www.lohschule-datteln.de\/wp-content\/uploads\/2016\/02\/Loh-neu-2016.jpg","contentUrl":"http:\/\/www.lohschule-datteln.de\/wp-content\/uploads\/2016\/02\/Loh-neu-2016.jpg","width":448,"height":252,"caption":"Lohschule -katholische Grundschule Datteln"},"image":{"@id":"https:\/\/www.lohschule-datteln.de\/#\/schema\/logo\/image\/"}}]}},"_links":{"self":[{"href":"https:\/\/www.lohschule-datteln.de\/index.php\/wp-json\/wp\/v2\/pages\/3249","targetHints":{"allow":["GET"]}}],"collection":[{"href":"https:\/\/www.lohschule-datteln.de\/index.php\/wp-json\/wp\/v2\/pages"}],"about":[{"href":"https:\/\/www.lohschule-datteln.de\/index.php\/wp-json\/wp\/v2\/types\/page"}],"author":[{"embeddable":true,"href":"https:\/\/www.lohschule-datteln.de\/index.php\/wp-json\/wp\/v2\/users\/3"}],"replies":[{"embeddable":true,"href":"https:\/\/www.lohschule-datteln.de\/index.php\/wp-json\/wp\/v2\/comments?post=3249"}],"version-history":[{"count":15,"href":"https:\/\/www.lohschule-datteln.de\/index.php\/wp-json\/wp\/v2\/pages\/3249\/revisions"}],"predecessor-version":[{"id":3366,"href":"https:\/\/www.lohschule-datteln.de\/index.php\/wp-json\/wp\/v2\/pages\/3249\/revisions\/3366"}],"wp:attachment":[{"href":"https:\/\/www.lohschule-datteln.de\/index.php\/wp-json\/wp\/v2\/media?parent=3249"}],"curies":[{"name":"wp","href":"https:\/\/api.w.org\/{rel}","templated":true}]}}