{"id":3329,"date":"2017-11-27T16:09:02","date_gmt":"2017-11-27T15:09:02","guid":{"rendered":"http:\/\/www.lohschule-datteln.de\/?page_id=3329"},"modified":"2017-12-06T20:03:09","modified_gmt":"2017-12-06T19:03:09","slug":"nokolaussingen","status":"publish","type":"page","link":"https:\/\/www.lohschule-datteln.de\/index.php\/nokolaussingen\/","title":{"rendered":"Nikolaussingen 2017"},"content":{"rendered":"<h3>&#8222;Nikolaus, komm in unser Haus&#8230;&#8220;<\/h3>\n<p>Mittwoch, 6.Dezember war Nikolaustag und bei uns das erste Mal Nikolaussingen. Alle Lehrer und Sch\u00fcler trafen sich in der Turnhalle, und auch unser Schulchor war wieder mit von der Partie.<\/p>\n<p>Frau Kartschewski, Klassenlehrerin der Klasse 1b, begr\u00fc\u00dfte alle gro\u00dfen und kleinen Teilnehmer der Morgenrunde und f\u00fchrte uns durchs kleine Programm. In gro\u00dfer Runde stimmten wir die ge\u00fcbten Lieder an, und unser Schulchor zeigte einmal mehr, was er mit Frau Wilmes einstudiert hat.<\/p>\n<p>Ein kleiner Eindruck in Bildern:<\/p>\n<p><a href=\"https:\/\/www.lohschule-datteln.de\/wp-content\/uploads\/2017\/11\/3-2.jpg\"><img loading=\"lazy\" decoding=\"async\" class=\"aligncenter size-full wp-image-3372\" src=\"https:\/\/www.lohschule-datteln.de\/wp-content\/uploads\/2017\/11\/3-2.jpg\" alt=\"\" width=\"448\" height=\"336\" \/><\/a><\/p>\n<p><a href=\"https:\/\/www.lohschule-datteln.de\/wp-content\/uploads\/2017\/11\/4-2.jpg\"><img loading=\"lazy\" decoding=\"async\" class=\"aligncenter size-full wp-image-3373\" src=\"https:\/\/www.lohschule-datteln.de\/wp-content\/uploads\/2017\/11\/4-2.jpg\" alt=\"\" width=\"448\" height=\"194\" \/><\/a><\/p>\n<p><a href=\"https:\/\/www.lohschule-datteln.de\/wp-content\/uploads\/2017\/11\/2-1.jpg\"><img loading=\"lazy\" decoding=\"async\" class=\"aligncenter size-full wp-image-3374\" src=\"https:\/\/www.lohschule-datteln.de\/wp-content\/uploads\/2017\/11\/2-1.jpg\" alt=\"\" width=\"448\" height=\"212\" \/><\/a><\/p>\n<p>&nbsp;<\/p>\n","protected":false},"excerpt":{"rendered":"<p>&#8222;Nikolaus, komm in unser Haus&#8230;&#8220; Mittwoch, 6.Dezember war Nikolaustag und bei uns das erste Mal Nikolaussingen. Alle Lehrer und Sch\u00fcler trafen sich in der Turnhalle, und auch unser Schulchor war wieder mit von der Partie. Frau Kartschewski, Klassenlehrerin der Klasse 1b, begr\u00fc\u00dfte alle gro\u00dfen und kleinen Teilnehmer der Morgenrunde und f\u00fchrte uns durchs kleine Programm. [&hellip;]<\/p>\n","protected":false},"author":3,"featured_media":0,"parent":0,"menu_order":0,"comment_status":"closed","ping_status":"closed","template":"","meta":{"footnotes":""},"class_list":["post-3329","page","type-page","status-publish","hentry"],"yoast_head":"<!-- This site is optimized with the Yoast SEO plugin v27.6 - https:\/\/yoast.com\/product\/yoast-seo-wordpress\/ -->\n<title>Nikolaussingen 2017 - Lohschule Datteln<\/title>\n<meta name=\"robots\" content=\"index, follow, max-snippet:-1, max-image-preview:large, max-video-preview:-1\" \/>\n<link rel=\"canonical\" href=\"https:\/\/www.lohschule-datteln.de\/index.php\/nokolaussingen\/\" \/>\n<meta property=\"og:locale\" content=\"de_DE\" \/>\n<meta property=\"og:type\" content=\"article\" \/>\n<meta property=\"og:title\" content=\"Nikolaussingen 2017 - Lohschule Datteln\" \/>\n<meta property=\"og:description\" content=\"&#8222;Nikolaus, komm in unser Haus&#8230;&#8220; Mittwoch, 6.Dezember war Nikolaustag und bei uns das erste Mal Nikolaussingen. Alle Lehrer und Sch\u00fcler trafen sich in der Turnhalle, und auch unser Schulchor war wieder mit von der Partie. Frau Kartschewski, Klassenlehrerin der Klasse 1b, begr\u00fc\u00dfte alle gro\u00dfen und kleinen Teilnehmer der Morgenrunde und f\u00fchrte uns durchs kleine Programm. [&hellip;]\" \/>\n<meta property=\"og:url\" content=\"https:\/\/www.lohschule-datteln.de\/index.php\/nokolaussingen\/\" \/>\n<meta property=\"og:site_name\" content=\"Lohschule Datteln\" \/>\n<meta property=\"article:modified_time\" content=\"2017-12-06T19:03:09+00:00\" \/>\n<meta property=\"og:image\" content=\"http:\/\/www.lohschule-datteln.de\/wp-content\/uploads\/2017\/11\/3-2.jpg\" \/>\n<meta name=\"twitter:card\" content=\"summary_large_image\" \/>\n<script type=\"application\/ld+json\" class=\"yoast-schema-graph\">{\"@context\":\"https:\\\/\\\/schema.org\",\"@graph\":[{\"@type\":\"WebPage\",\"@id\":\"https:\\\/\\\/www.lohschule-datteln.de\\\/index.php\\\/nokolaussingen\\\/\",\"url\":\"https:\\\/\\\/www.lohschule-datteln.de\\\/index.php\\\/nokolaussingen\\\/\",\"name\":\"Nikolaussingen 2017 - Lohschule Datteln\",\"isPartOf\":{\"@id\":\"https:\\\/\\\/www.lohschule-datteln.de\\\/#website\"},\"primaryImageOfPage\":{\"@id\":\"https:\\\/\\\/www.lohschule-datteln.de\\\/index.php\\\/nokolaussingen\\\/#primaryimage\"},\"image\":{\"@id\":\"https:\\\/\\\/www.lohschule-datteln.de\\\/index.php\\\/nokolaussingen\\\/#primaryimage\"},\"thumbnailUrl\":\"http:\\\/\\\/www.lohschule-datteln.de\\\/wp-content\\\/uploads\\\/2017\\\/11\\\/3-2.jpg\",\"datePublished\":\"2017-11-27T15:09:02+00:00\",\"dateModified\":\"2017-12-06T19:03:09+00:00\",\"breadcrumb\":{\"@id\":\"https:\\\/\\\/www.lohschule-datteln.de\\\/index.php\\\/nokolaussingen\\\/#breadcrumb\"},\"inLanguage\":\"de\",\"potentialAction\":[{\"@type\":\"ReadAction\",\"target\":[\"https:\\\/\\\/www.lohschule-datteln.de\\\/index.php\\\/nokolaussingen\\\/\"]}]},{\"@type\":\"ImageObject\",\"inLanguage\":\"de\",\"@id\":\"https:\\\/\\\/www.lohschule-datteln.de\\\/index.php\\\/nokolaussingen\\\/#primaryimage\",\"url\":\"http:\\\/\\\/www.lohschule-datteln.de\\\/wp-content\\\/uploads\\\/2017\\\/11\\\/3-2.jpg\",\"contentUrl\":\"http:\\\/\\\/www.lohschule-datteln.de\\\/wp-content\\\/uploads\\\/2017\\\/11\\\/3-2.jpg\"},{\"@type\":\"BreadcrumbList\",\"@id\":\"https:\\\/\\\/www.lohschule-datteln.de\\\/index.php\\\/nokolaussingen\\\/#breadcrumb\",\"itemListElement\":[{\"@type\":\"ListItem\",\"position\":1,\"name\":\"Startseite\",\"item\":\"https:\\\/\\\/www.lohschule-datteln.de\\\/\"},{\"@type\":\"ListItem\",\"position\":2,\"name\":\"Nikolaussingen 2017\"}]},{\"@type\":\"WebSite\",\"@id\":\"https:\\\/\\\/www.lohschule-datteln.de\\\/#website\",\"url\":\"https:\\\/\\\/www.lohschule-datteln.de\\\/\",\"name\":\"Lohschule Datteln\",\"description\":\"kath. Grundschule\",\"publisher\":{\"@id\":\"https:\\\/\\\/www.lohschule-datteln.de\\\/#organization\"},\"potentialAction\":[{\"@type\":\"SearchAction\",\"target\":{\"@type\":\"EntryPoint\",\"urlTemplate\":\"https:\\\/\\\/www.lohschule-datteln.de\\\/?s={search_term_string}\"},\"query-input\":{\"@type\":\"PropertyValueSpecification\",\"valueRequired\":true,\"valueName\":\"search_term_string\"}}],\"inLanguage\":\"de\"},{\"@type\":\"Organization\",\"@id\":\"https:\\\/\\\/www.lohschule-datteln.de\\\/#organization\",\"name\":\"Lohschule -katholische Grundschule Datteln\",\"url\":\"https:\\\/\\\/www.lohschule-datteln.de\\\/\",\"logo\":{\"@type\":\"ImageObject\",\"inLanguage\":\"de\",\"@id\":\"https:\\\/\\\/www.lohschule-datteln.de\\\/#\\\/schema\\\/logo\\\/image\\\/\",\"url\":\"http:\\\/\\\/www.lohschule-datteln.de\\\/wp-content\\\/uploads\\\/2016\\\/02\\\/Loh-neu-2016.jpg\",\"contentUrl\":\"http:\\\/\\\/www.lohschule-datteln.de\\\/wp-content\\\/uploads\\\/2016\\\/02\\\/Loh-neu-2016.jpg\",\"width\":448,\"height\":252,\"caption\":\"Lohschule -katholische Grundschule Datteln\"},\"image\":{\"@id\":\"https:\\\/\\\/www.lohschule-datteln.de\\\/#\\\/schema\\\/logo\\\/image\\\/\"}}]}<\/script>\n<!-- \/ Yoast SEO plugin. -->","yoast_head_json":{"title":"Nikolaussingen 2017 - Lohschule Datteln","robots":{"index":"index","follow":"follow","max-snippet":"max-snippet:-1","max-image-preview":"max-image-preview:large","max-video-preview":"max-video-preview:-1"},"canonical":"https:\/\/www.lohschule-datteln.de\/index.php\/nokolaussingen\/","og_locale":"de_DE","og_type":"article","og_title":"Nikolaussingen 2017 - Lohschule Datteln","og_description":"&#8222;Nikolaus, komm in unser Haus&#8230;&#8220; Mittwoch, 6.Dezember war Nikolaustag und bei uns das erste Mal Nikolaussingen. Alle Lehrer und Sch\u00fcler trafen sich in der Turnhalle, und auch unser Schulchor war wieder mit von der Partie. Frau Kartschewski, Klassenlehrerin der Klasse 1b, begr\u00fc\u00dfte alle gro\u00dfen und kleinen Teilnehmer der Morgenrunde und f\u00fchrte uns durchs kleine Programm. [&hellip;]","og_url":"https:\/\/www.lohschule-datteln.de\/index.php\/nokolaussingen\/","og_site_name":"Lohschule Datteln","article_modified_time":"2017-12-06T19:03:09+00:00","og_image":[{"url":"http:\/\/www.lohschule-datteln.de\/wp-content\/uploads\/2017\/11\/3-2.jpg","type":"","width":"","height":""}],"twitter_card":"summary_large_image","schema":{"@context":"https:\/\/schema.org","@graph":[{"@type":"WebPage","@id":"https:\/\/www.lohschule-datteln.de\/index.php\/nokolaussingen\/","url":"https:\/\/www.lohschule-datteln.de\/index.php\/nokolaussingen\/","name":"Nikolaussingen 2017 - Lohschule Datteln","isPartOf":{"@id":"https:\/\/www.lohschule-datteln.de\/#website"},"primaryImageOfPage":{"@id":"https:\/\/www.lohschule-datteln.de\/index.php\/nokolaussingen\/#primaryimage"},"image":{"@id":"https:\/\/www.lohschule-datteln.de\/index.php\/nokolaussingen\/#primaryimage"},"thumbnailUrl":"http:\/\/www.lohschule-datteln.de\/wp-content\/uploads\/2017\/11\/3-2.jpg","datePublished":"2017-11-27T15:09:02+00:00","dateModified":"2017-12-06T19:03:09+00:00","breadcrumb":{"@id":"https:\/\/www.lohschule-datteln.de\/index.php\/nokolaussingen\/#breadcrumb"},"inLanguage":"de","potentialAction":[{"@type":"ReadAction","target":["https:\/\/www.lohschule-datteln.de\/index.php\/nokolaussingen\/"]}]},{"@type":"ImageObject","inLanguage":"de","@id":"https:\/\/www.lohschule-datteln.de\/index.php\/nokolaussingen\/#primaryimage","url":"http:\/\/www.lohschule-datteln.de\/wp-content\/uploads\/2017\/11\/3-2.jpg","contentUrl":"http:\/\/www.lohschule-datteln.de\/wp-content\/uploads\/2017\/11\/3-2.jpg"},{"@type":"BreadcrumbList","@id":"https:\/\/www.lohschule-datteln.de\/index.php\/nokolaussingen\/#breadcrumb","itemListElement":[{"@type":"ListItem","position":1,"name":"Startseite","item":"https:\/\/www.lohschule-datteln.de\/"},{"@type":"ListItem","position":2,"name":"Nikolaussingen 2017"}]},{"@type":"WebSite","@id":"https:\/\/www.lohschule-datteln.de\/#website","url":"https:\/\/www.lohschule-datteln.de\/","name":"Lohschule Datteln","description":"kath. Grundschule","publisher":{"@id":"https:\/\/www.lohschule-datteln.de\/#organization"},"potentialAction":[{"@type":"SearchAction","target":{"@type":"EntryPoint","urlTemplate":"https:\/\/www.lohschule-datteln.de\/?s={search_term_string}"},"query-input":{"@type":"PropertyValueSpecification","valueRequired":true,"valueName":"search_term_string"}}],"inLanguage":"de"},{"@type":"Organization","@id":"https:\/\/www.lohschule-datteln.de\/#organization","name":"Lohschule -katholische Grundschule Datteln","url":"https:\/\/www.lohschule-datteln.de\/","logo":{"@type":"ImageObject","inLanguage":"de","@id":"https:\/\/www.lohschule-datteln.de\/#\/schema\/logo\/image\/","url":"http:\/\/www.lohschule-datteln.de\/wp-content\/uploads\/2016\/02\/Loh-neu-2016.jpg","contentUrl":"http:\/\/www.lohschule-datteln.de\/wp-content\/uploads\/2016\/02\/Loh-neu-2016.jpg","width":448,"height":252,"caption":"Lohschule -katholische Grundschule Datteln"},"image":{"@id":"https:\/\/www.lohschule-datteln.de\/#\/schema\/logo\/image\/"}}]}},"_links":{"self":[{"href":"https:\/\/www.lohschule-datteln.de\/index.php\/wp-json\/wp\/v2\/pages\/3329","targetHints":{"allow":["GET"]}}],"collection":[{"href":"https:\/\/www.lohschule-datteln.de\/index.php\/wp-json\/wp\/v2\/pages"}],"about":[{"href":"https:\/\/www.lohschule-datteln.de\/index.php\/wp-json\/wp\/v2\/types\/page"}],"author":[{"embeddable":true,"href":"https:\/\/www.lohschule-datteln.de\/index.php\/wp-json\/wp\/v2\/users\/3"}],"replies":[{"embeddable":true,"href":"https:\/\/www.lohschule-datteln.de\/index.php\/wp-json\/wp\/v2\/comments?post=3329"}],"version-history":[{"count":10,"href":"https:\/\/www.lohschule-datteln.de\/index.php\/wp-json\/wp\/v2\/pages\/3329\/revisions"}],"predecessor-version":[{"id":3375,"href":"https:\/\/www.lohschule-datteln.de\/index.php\/wp-json\/wp\/v2\/pages\/3329\/revisions\/3375"}],"wp:attachment":[{"href":"https:\/\/www.lohschule-datteln.de\/index.php\/wp-json\/wp\/v2\/media?parent=3329"}],"curies":[{"name":"wp","href":"https:\/\/api.w.org\/{rel}","templated":true}]}}