{"id":3386,"date":"2017-12-16T11:11:59","date_gmt":"2017-12-16T10:11:59","guid":{"rendered":"http:\/\/www.lohschule-datteln.de\/?page_id=3386"},"modified":"2017-12-16T12:32:11","modified_gmt":"2017-12-16T11:32:11","slug":"begehbarer-adventskalender-2017","status":"publish","type":"page","link":"https:\/\/www.lohschule-datteln.de\/index.php\/begehbarer-adventskalender-2017\/","title":{"rendered":"Begehbarer Adventskalender 2017"},"content":{"rendered":"<h3>Das 15. T\u00fcrchen blieb nicht verschlossen&#8230;<\/h3>\n<p>&#8230;in diesem Jahr. Bei k\u00fchleren Temperaturen folgten viele gro\u00dfe und kleine Besucher unserer Einladung, gemeinsam das 15. T\u00fcrchen zu \u00f6ffnen. Nachdem dieser Sp\u00e4tnachmittag in den letzten Jahren immer angek\u00fcndigt und vorbereitet wurde, aber oft regelrecht ins Wasser fiel oder st\u00fcrmischen Windverh\u00e4ltnissen zum Opfer fiel, fand er dieses Jahr auch unter guten Wetterbedingungen und bei Kerzenschein auf dem vorderen Schulhof statt.<\/p>\n<p>Frau Schneider er\u00f6ffnete p\u00fcnktlich um 17 Uhr die adventliche Veranstaltung. Der Schulchor gab unter Leitung von Frau Wilmes Kostproben seine K\u00f6nnens, und im Laufe der Veranstaltung sang er gemeinsam mit den Besuchern und dem Team der Lohschule\u00a0 bekannte Adventslieder.<\/p>\n<p>&nbsp;<\/p>\n<p><a href=\"https:\/\/www.lohschule-datteln.de\/wp-content\/uploads\/2017\/12\/4.jpg\"><img loading=\"lazy\" decoding=\"async\" class=\"aligncenter size-full wp-image-3392\" src=\"https:\/\/www.lohschule-datteln.de\/wp-content\/uploads\/2017\/12\/4.jpg\" alt=\"\" width=\"448\" height=\"336\" \/><\/a><\/p>\n<p>&nbsp;<\/p>\n<p>Der Jahrgang 1 f\u00fchrte unter der Leitung von Frau Kartschewski ein kleines Spielst\u00fcck vor und pr\u00e4sentierte mit Unterst\u00fctzung von Frau J\u00fcrgens-Wember und Frau Transchel ein Gedicht.<\/p>\n<p>&nbsp;<\/p>\n<p><a href=\"https:\/\/www.lohschule-datteln.de\/wp-content\/uploads\/2017\/12\/5.jpg\"><img loading=\"lazy\" decoding=\"async\" class=\"aligncenter size-full wp-image-3393\" src=\"https:\/\/www.lohschule-datteln.de\/wp-content\/uploads\/2017\/12\/5.jpg\" alt=\"\" width=\"446\" height=\"336\" \/><\/a><\/p>\n<p><a href=\"https:\/\/www.lohschule-datteln.de\/wp-content\/uploads\/2017\/12\/6.jpg\"><img loading=\"lazy\" decoding=\"async\" class=\"aligncenter size-full wp-image-3394\" src=\"https:\/\/www.lohschule-datteln.de\/wp-content\/uploads\/2017\/12\/6.jpg\" alt=\"\" width=\"448\" height=\"336\" \/><\/a><\/p>\n<p><a href=\"https:\/\/www.lohschule-datteln.de\/wp-content\/uploads\/2017\/12\/7.jpg\"><img loading=\"lazy\" decoding=\"async\" class=\"aligncenter size-full wp-image-3395\" src=\"https:\/\/www.lohschule-datteln.de\/wp-content\/uploads\/2017\/12\/7.jpg\" alt=\"\" width=\"448\" height=\"327\" \/><\/a><\/p>\n<p>&nbsp;<\/p>\n<p>Unter der Leitung von Frau Augustin f\u00fchrten Kinder der 2. Klasse einen Lichtertanz auf.<\/p>\n<p>&nbsp;<\/p>\n<p><a href=\"https:\/\/www.lohschule-datteln.de\/wp-content\/uploads\/2017\/12\/2.jpg\"><img loading=\"lazy\" decoding=\"async\" class=\"aligncenter size-full wp-image-3396\" src=\"https:\/\/www.lohschule-datteln.de\/wp-content\/uploads\/2017\/12\/2.jpg\" alt=\"\" width=\"448\" height=\"334\" \/><\/a><\/p>\n<p><a href=\"https:\/\/www.lohschule-datteln.de\/wp-content\/uploads\/2017\/12\/3.jpg\"><img loading=\"lazy\" decoding=\"async\" class=\"aligncenter size-full wp-image-3397\" src=\"https:\/\/www.lohschule-datteln.de\/wp-content\/uploads\/2017\/12\/3.jpg\" alt=\"\" width=\"448\" height=\"313\" \/><\/a><\/p>\n<p>&nbsp;<\/p>\n<p>Nach dem Adventsprogramm lud Frau Schneider auch im Namen des Lohschulteams und des F\u00f6rdervereins zu einem kleinen Umtrunk ein, der von vielen Besuchern gerne angenommen wurde.<\/p>\n<p>&nbsp;<\/p>\n<p>An dieser Stelle bedanken wir uns bei allen Lohschuleltern, die durch umfangreiche Pl\u00e4tzchenspenden daf\u00fcr gesorgt haben, dass es auch etwas Leckeres zu naschen gab.<\/p>\n<p>&nbsp;<\/p>\n<p>Ebenfalls geht ein Dank an unseren F\u00f6rderverein, der auch in diesem Jahr wieder kostenlos alkoholfreien Punsch zur Verf\u00fcgung stellte.<\/p>\n<p>&nbsp;<\/p>\n<p>Neu war die Spendenbox am Punschtisch, deren Inhalt nat\u00fcrlich dem F\u00f6rderverein zuflie\u00dft. Vielen Dank all den Menschen, die einen Obulus darin hinterlassen haben!<\/p>\n<p>&nbsp;<\/p>\n<p>Ebenfalls neu: Erst in vier Jahren werden wir das n\u00e4chste Adventst\u00fcrchen \u00f6ffnen&#8230;<\/p>\n","protected":false},"excerpt":{"rendered":"<p>Das 15. T\u00fcrchen blieb nicht verschlossen&#8230; &#8230;in diesem Jahr. Bei k\u00fchleren Temperaturen folgten viele gro\u00dfe und kleine Besucher unserer Einladung, gemeinsam das 15. T\u00fcrchen zu \u00f6ffnen. Nachdem dieser Sp\u00e4tnachmittag in den letzten Jahren immer angek\u00fcndigt und vorbereitet wurde, aber oft regelrecht ins Wasser fiel oder st\u00fcrmischen Windverh\u00e4ltnissen zum Opfer fiel, fand er dieses Jahr auch [&hellip;]<\/p>\n","protected":false},"author":3,"featured_media":0,"parent":0,"menu_order":0,"comment_status":"closed","ping_status":"closed","template":"","meta":{"footnotes":""},"class_list":["post-3386","page","type-page","status-publish","hentry"],"yoast_head":"<!-- This site is optimized with the Yoast SEO plugin v27.6 - https:\/\/yoast.com\/product\/yoast-seo-wordpress\/ -->\n<title>Begehbarer Adventskalender 2017 - Lohschule Datteln<\/title>\n<meta name=\"robots\" content=\"index, follow, max-snippet:-1, max-image-preview:large, max-video-preview:-1\" \/>\n<link rel=\"canonical\" href=\"https:\/\/www.lohschule-datteln.de\/index.php\/begehbarer-adventskalender-2017\/\" \/>\n<meta property=\"og:locale\" content=\"de_DE\" \/>\n<meta property=\"og:type\" content=\"article\" \/>\n<meta property=\"og:title\" content=\"Begehbarer Adventskalender 2017 - Lohschule Datteln\" \/>\n<meta property=\"og:description\" content=\"Das 15. T\u00fcrchen blieb nicht verschlossen&#8230; &#8230;in diesem Jahr. Bei k\u00fchleren Temperaturen folgten viele gro\u00dfe und kleine Besucher unserer Einladung, gemeinsam das 15. T\u00fcrchen zu \u00f6ffnen. Nachdem dieser Sp\u00e4tnachmittag in den letzten Jahren immer angek\u00fcndigt und vorbereitet wurde, aber oft regelrecht ins Wasser fiel oder st\u00fcrmischen Windverh\u00e4ltnissen zum Opfer fiel, fand er dieses Jahr auch [&hellip;]\" \/>\n<meta property=\"og:url\" content=\"https:\/\/www.lohschule-datteln.de\/index.php\/begehbarer-adventskalender-2017\/\" \/>\n<meta property=\"og:site_name\" content=\"Lohschule Datteln\" \/>\n<meta property=\"article:modified_time\" content=\"2017-12-16T11:32:11+00:00\" \/>\n<meta property=\"og:image\" content=\"http:\/\/www.lohschule-datteln.de\/wp-content\/uploads\/2017\/12\/4.jpg\" \/>\n<meta name=\"twitter:card\" content=\"summary_large_image\" \/>\n<meta name=\"twitter:label1\" content=\"Gesch\u00e4tzte Lesezeit\" \/>\n\t<meta name=\"twitter:data1\" content=\"1\u00a0Minute\" \/>\n<script type=\"application\/ld+json\" class=\"yoast-schema-graph\">{\"@context\":\"https:\\\/\\\/schema.org\",\"@graph\":[{\"@type\":\"WebPage\",\"@id\":\"https:\\\/\\\/www.lohschule-datteln.de\\\/index.php\\\/begehbarer-adventskalender-2017\\\/\",\"url\":\"https:\\\/\\\/www.lohschule-datteln.de\\\/index.php\\\/begehbarer-adventskalender-2017\\\/\",\"name\":\"Begehbarer Adventskalender 2017 - Lohschule Datteln\",\"isPartOf\":{\"@id\":\"https:\\\/\\\/www.lohschule-datteln.de\\\/#website\"},\"primaryImageOfPage\":{\"@id\":\"https:\\\/\\\/www.lohschule-datteln.de\\\/index.php\\\/begehbarer-adventskalender-2017\\\/#primaryimage\"},\"image\":{\"@id\":\"https:\\\/\\\/www.lohschule-datteln.de\\\/index.php\\\/begehbarer-adventskalender-2017\\\/#primaryimage\"},\"thumbnailUrl\":\"http:\\\/\\\/www.lohschule-datteln.de\\\/wp-content\\\/uploads\\\/2017\\\/12\\\/4.jpg\",\"datePublished\":\"2017-12-16T10:11:59+00:00\",\"dateModified\":\"2017-12-16T11:32:11+00:00\",\"breadcrumb\":{\"@id\":\"https:\\\/\\\/www.lohschule-datteln.de\\\/index.php\\\/begehbarer-adventskalender-2017\\\/#breadcrumb\"},\"inLanguage\":\"de\",\"potentialAction\":[{\"@type\":\"ReadAction\",\"target\":[\"https:\\\/\\\/www.lohschule-datteln.de\\\/index.php\\\/begehbarer-adventskalender-2017\\\/\"]}]},{\"@type\":\"ImageObject\",\"inLanguage\":\"de\",\"@id\":\"https:\\\/\\\/www.lohschule-datteln.de\\\/index.php\\\/begehbarer-adventskalender-2017\\\/#primaryimage\",\"url\":\"http:\\\/\\\/www.lohschule-datteln.de\\\/wp-content\\\/uploads\\\/2017\\\/12\\\/4.jpg\",\"contentUrl\":\"http:\\\/\\\/www.lohschule-datteln.de\\\/wp-content\\\/uploads\\\/2017\\\/12\\\/4.jpg\"},{\"@type\":\"BreadcrumbList\",\"@id\":\"https:\\\/\\\/www.lohschule-datteln.de\\\/index.php\\\/begehbarer-adventskalender-2017\\\/#breadcrumb\",\"itemListElement\":[{\"@type\":\"ListItem\",\"position\":1,\"name\":\"Startseite\",\"item\":\"https:\\\/\\\/www.lohschule-datteln.de\\\/\"},{\"@type\":\"ListItem\",\"position\":2,\"name\":\"Begehbarer Adventskalender 2017\"}]},{\"@type\":\"WebSite\",\"@id\":\"https:\\\/\\\/www.lohschule-datteln.de\\\/#website\",\"url\":\"https:\\\/\\\/www.lohschule-datteln.de\\\/\",\"name\":\"Lohschule Datteln\",\"description\":\"kath. Grundschule\",\"publisher\":{\"@id\":\"https:\\\/\\\/www.lohschule-datteln.de\\\/#organization\"},\"potentialAction\":[{\"@type\":\"SearchAction\",\"target\":{\"@type\":\"EntryPoint\",\"urlTemplate\":\"https:\\\/\\\/www.lohschule-datteln.de\\\/?s={search_term_string}\"},\"query-input\":{\"@type\":\"PropertyValueSpecification\",\"valueRequired\":true,\"valueName\":\"search_term_string\"}}],\"inLanguage\":\"de\"},{\"@type\":\"Organization\",\"@id\":\"https:\\\/\\\/www.lohschule-datteln.de\\\/#organization\",\"name\":\"Lohschule -katholische Grundschule Datteln\",\"url\":\"https:\\\/\\\/www.lohschule-datteln.de\\\/\",\"logo\":{\"@type\":\"ImageObject\",\"inLanguage\":\"de\",\"@id\":\"https:\\\/\\\/www.lohschule-datteln.de\\\/#\\\/schema\\\/logo\\\/image\\\/\",\"url\":\"http:\\\/\\\/www.lohschule-datteln.de\\\/wp-content\\\/uploads\\\/2016\\\/02\\\/Loh-neu-2016.jpg\",\"contentUrl\":\"http:\\\/\\\/www.lohschule-datteln.de\\\/wp-content\\\/uploads\\\/2016\\\/02\\\/Loh-neu-2016.jpg\",\"width\":448,\"height\":252,\"caption\":\"Lohschule -katholische Grundschule Datteln\"},\"image\":{\"@id\":\"https:\\\/\\\/www.lohschule-datteln.de\\\/#\\\/schema\\\/logo\\\/image\\\/\"}}]}<\/script>\n<!-- \/ Yoast SEO plugin. -->","yoast_head_json":{"title":"Begehbarer Adventskalender 2017 - Lohschule Datteln","robots":{"index":"index","follow":"follow","max-snippet":"max-snippet:-1","max-image-preview":"max-image-preview:large","max-video-preview":"max-video-preview:-1"},"canonical":"https:\/\/www.lohschule-datteln.de\/index.php\/begehbarer-adventskalender-2017\/","og_locale":"de_DE","og_type":"article","og_title":"Begehbarer Adventskalender 2017 - Lohschule Datteln","og_description":"Das 15. T\u00fcrchen blieb nicht verschlossen&#8230; &#8230;in diesem Jahr. Bei k\u00fchleren Temperaturen folgten viele gro\u00dfe und kleine Besucher unserer Einladung, gemeinsam das 15. T\u00fcrchen zu \u00f6ffnen. Nachdem dieser Sp\u00e4tnachmittag in den letzten Jahren immer angek\u00fcndigt und vorbereitet wurde, aber oft regelrecht ins Wasser fiel oder st\u00fcrmischen Windverh\u00e4ltnissen zum Opfer fiel, fand er dieses Jahr auch [&hellip;]","og_url":"https:\/\/www.lohschule-datteln.de\/index.php\/begehbarer-adventskalender-2017\/","og_site_name":"Lohschule Datteln","article_modified_time":"2017-12-16T11:32:11+00:00","og_image":[{"url":"http:\/\/www.lohschule-datteln.de\/wp-content\/uploads\/2017\/12\/4.jpg","type":"","width":"","height":""}],"twitter_card":"summary_large_image","twitter_misc":{"Gesch\u00e4tzte Lesezeit":"1\u00a0Minute"},"schema":{"@context":"https:\/\/schema.org","@graph":[{"@type":"WebPage","@id":"https:\/\/www.lohschule-datteln.de\/index.php\/begehbarer-adventskalender-2017\/","url":"https:\/\/www.lohschule-datteln.de\/index.php\/begehbarer-adventskalender-2017\/","name":"Begehbarer Adventskalender 2017 - Lohschule Datteln","isPartOf":{"@id":"https:\/\/www.lohschule-datteln.de\/#website"},"primaryImageOfPage":{"@id":"https:\/\/www.lohschule-datteln.de\/index.php\/begehbarer-adventskalender-2017\/#primaryimage"},"image":{"@id":"https:\/\/www.lohschule-datteln.de\/index.php\/begehbarer-adventskalender-2017\/#primaryimage"},"thumbnailUrl":"http:\/\/www.lohschule-datteln.de\/wp-content\/uploads\/2017\/12\/4.jpg","datePublished":"2017-12-16T10:11:59+00:00","dateModified":"2017-12-16T11:32:11+00:00","breadcrumb":{"@id":"https:\/\/www.lohschule-datteln.de\/index.php\/begehbarer-adventskalender-2017\/#breadcrumb"},"inLanguage":"de","potentialAction":[{"@type":"ReadAction","target":["https:\/\/www.lohschule-datteln.de\/index.php\/begehbarer-adventskalender-2017\/"]}]},{"@type":"ImageObject","inLanguage":"de","@id":"https:\/\/www.lohschule-datteln.de\/index.php\/begehbarer-adventskalender-2017\/#primaryimage","url":"http:\/\/www.lohschule-datteln.de\/wp-content\/uploads\/2017\/12\/4.jpg","contentUrl":"http:\/\/www.lohschule-datteln.de\/wp-content\/uploads\/2017\/12\/4.jpg"},{"@type":"BreadcrumbList","@id":"https:\/\/www.lohschule-datteln.de\/index.php\/begehbarer-adventskalender-2017\/#breadcrumb","itemListElement":[{"@type":"ListItem","position":1,"name":"Startseite","item":"https:\/\/www.lohschule-datteln.de\/"},{"@type":"ListItem","position":2,"name":"Begehbarer Adventskalender 2017"}]},{"@type":"WebSite","@id":"https:\/\/www.lohschule-datteln.de\/#website","url":"https:\/\/www.lohschule-datteln.de\/","name":"Lohschule Datteln","description":"kath. Grundschule","publisher":{"@id":"https:\/\/www.lohschule-datteln.de\/#organization"},"potentialAction":[{"@type":"SearchAction","target":{"@type":"EntryPoint","urlTemplate":"https:\/\/www.lohschule-datteln.de\/?s={search_term_string}"},"query-input":{"@type":"PropertyValueSpecification","valueRequired":true,"valueName":"search_term_string"}}],"inLanguage":"de"},{"@type":"Organization","@id":"https:\/\/www.lohschule-datteln.de\/#organization","name":"Lohschule -katholische Grundschule Datteln","url":"https:\/\/www.lohschule-datteln.de\/","logo":{"@type":"ImageObject","inLanguage":"de","@id":"https:\/\/www.lohschule-datteln.de\/#\/schema\/logo\/image\/","url":"http:\/\/www.lohschule-datteln.de\/wp-content\/uploads\/2016\/02\/Loh-neu-2016.jpg","contentUrl":"http:\/\/www.lohschule-datteln.de\/wp-content\/uploads\/2016\/02\/Loh-neu-2016.jpg","width":448,"height":252,"caption":"Lohschule -katholische Grundschule Datteln"},"image":{"@id":"https:\/\/www.lohschule-datteln.de\/#\/schema\/logo\/image\/"}}]}},"_links":{"self":[{"href":"https:\/\/www.lohschule-datteln.de\/index.php\/wp-json\/wp\/v2\/pages\/3386","targetHints":{"allow":["GET"]}}],"collection":[{"href":"https:\/\/www.lohschule-datteln.de\/index.php\/wp-json\/wp\/v2\/pages"}],"about":[{"href":"https:\/\/www.lohschule-datteln.de\/index.php\/wp-json\/wp\/v2\/types\/page"}],"author":[{"embeddable":true,"href":"https:\/\/www.lohschule-datteln.de\/index.php\/wp-json\/wp\/v2\/users\/3"}],"replies":[{"embeddable":true,"href":"https:\/\/www.lohschule-datteln.de\/index.php\/wp-json\/wp\/v2\/comments?post=3386"}],"version-history":[{"count":6,"href":"https:\/\/www.lohschule-datteln.de\/index.php\/wp-json\/wp\/v2\/pages\/3386\/revisions"}],"predecessor-version":[{"id":3402,"href":"https:\/\/www.lohschule-datteln.de\/index.php\/wp-json\/wp\/v2\/pages\/3386\/revisions\/3402"}],"wp:attachment":[{"href":"https:\/\/www.lohschule-datteln.de\/index.php\/wp-json\/wp\/v2\/media?parent=3386"}],"curies":[{"name":"wp","href":"https:\/\/api.w.org\/{rel}","templated":true}]}}