{"id":3448,"date":"2018-01-19T23:33:14","date_gmt":"2018-01-19T22:33:14","guid":{"rendered":"http:\/\/www.lohschule-datteln.de\/?page_id=3448"},"modified":"2024-09-17T16:05:50","modified_gmt":"2024-09-17T14:05:50","slug":"schulchor","status":"publish","type":"page","link":"https:\/\/www.lohschule-datteln.de\/index.php\/schulchor\/","title":{"rendered":"Schulchor"},"content":{"rendered":"<h2>Termin Chor im 1. Halbjahr 2024\/25<\/h2>\n<p>Sie k\u00f6nnen sich hier die Termin\u00fcbersicht des Chors herunterladen.<\/p>\n<p><a href=\"https:\/\/www.lohschule-datteln.de\/wp-content\/uploads\/2024\/09\/Chor-1.-Hj.-2024-25.pdf\">Termine Schulchor<\/a><\/p>\n<hr \/>\n<p>\u00a0<\/p>\n\n\n<h2 class=\"wp-block-heading\">Unser Lohschullied<\/h2>\n\n\n<p><span style=\"color: #808080;\">Alles ist anders in diesen speziellen Zeiten und das betrifft leider auch unseren Chor. Nach unserem gro\u00dfartigen \u201eTonstudiotag\u201c Anfang dieses Jahres liegt das fertig abgemischte Lied, unser Lohschullied schon l\u00e4nger bereit, auf CDs gepresst, speziell f\u00fcr die gro\u00dfartigen Chorkinder. Diese CD gibt es nirgendwo zu kaufen, sie ist nur f\u00fcr die fantastische Truppe, die dieses Lied mit so viel K\u00f6nnen und Herzblut eingesungen hat. Eigentlich h\u00e4tten diese CDs dem Chor gemeinsam \u00fcberreicht werden sollen und wir h\u00e4tten zusammen die fertige Aufnahme das erste Mal geh\u00f6rt. Das geht nun leider nicht. Deshalb hat jedes Chorkind seine eigene CD mit einem Brief \u00fcberreicht bekommen. Ab jetzt kann jeder dieses Lied auf unserer Webseite anh\u00f6ren. Wir sind wahnsinnig stolz und tragen so die Musik weiter in unseren Herzen, bis wir wieder gemeinsam singen d\u00fcrfen. \u2026<\/span><\/p>\n<p>\u00a0<a href=\"https:\/\/www.lohschule-datteln.de\/wp-content\/uploads\/2020\/06\/Das-alles-sind-wir-Lohschullied-Endfassung.pdf\">&#8222;Das alles sind wir&#8220;-Text<\/a><\/p>\n<p>\u00a0<a href=\"https:\/\/soundcloud.com\/user-131789267\/lohschullied\">&#8222;Das alles sind wir&#8220;-Song<\/a><\/p>\n<p style=\"text-align: right;\"><em><span style=\"color: #808080;\">(Text und Song sind urheberrechtlich gesch\u00fctzt.)<\/span><\/em><\/p>\n<hr \/>\n<h2>Schulchor: Was passiert da eigentlich?<\/h2>\n<p><span style=\"color: #808080;\">Mittlerweile gibt es unseren Lohschulchor nun schon einige Jahre und wir werden jedes Jahr mehr\u2026.<\/span><\/p>\n<p><span style=\"color: #808080;\">Alle Kinder der Klassen 2 bis 4, die Lust haben gemeinsam zu singen, treffen sich dienstags in der 6. Stunde. Wir proben in der Turnhalle, damit wirklich alle mitsingen k\u00f6nnen, die wollen. Unser Lohschulchor besteht aus \u00fcber 60 Kindern, aus der Chorleiterin Frau Wilmes, aus Frau Ha\u00dffeld und Herrn Rogalla.<br \/><\/span><\/p>\n<p><span style=\"color: #808080;\">Jede Chorstunde startet damit, dass laut Musik l\u00e4uft. Alle k\u00f6nnen sich frei bewegen, in die Anwesenheitslisten eintragen und f\u00fcr sich und mit allen anderen beim Chor ankommen. Anschlie\u00dfend machen wir unseren ganzen K\u00f6rper zu einem aktuellen Lied mit Frau Wilmes warm, denn zum Singen braucht man den ganzen K\u00f6rper! Nach einem kurzen Einsingen sind wir dann startklar und es kann losgehen. Wir proben unsere Lieder, k\u00f6nnen immer mal wieder einen Schluck trinken und manchmal bleibt noch mittendrin Zeit f\u00fcr eine Runde Stopptanz.<\/span><\/p>\n<p><span style=\"color: #808080;\">Uns kann man mehrfach im Schuljahr sehen und h\u00f6ren: Beim Herbstsingen, Weihnachtssingen und Fr\u00fchlingssingen sind wir immer mit extra geprobten und zu den Anl\u00e4ssen passenden Liedern dabei. Wir singen in der Turnhalle f\u00fcr und mit der gesamten Schule. Im Weihnachtsgottesdienst und im Abschlussgottesdienst kann uns wirklich jeder, der m\u00f6chte, erleben. Mittlerweile gibt es immer wieder mutige und tolle Kinderstimmen, die unsere Lieder solistisch unterst\u00fctzen und mit Frau Wilmes extra proben.<\/span><\/p>\n<p><img loading=\"lazy\" decoding=\"async\" class=\"aligncenter size-full wp-image-14032\" src=\"https:\/\/www.lohschule-datteln.de\/wp-content\/uploads\/2024\/08\/IMG_8841-scaled.jpeg\" alt=\"\" width=\"2560\" height=\"1920\" srcset=\"https:\/\/www.lohschule-datteln.de\/wp-content\/uploads\/2024\/08\/IMG_8841-scaled.jpeg 2560w, https:\/\/www.lohschule-datteln.de\/wp-content\/uploads\/2024\/08\/IMG_8841-300x225.jpeg 300w, https:\/\/www.lohschule-datteln.de\/wp-content\/uploads\/2024\/08\/IMG_8841-1024x768.jpeg 1024w, https:\/\/www.lohschule-datteln.de\/wp-content\/uploads\/2024\/08\/IMG_8841-768x576.jpeg 768w, https:\/\/www.lohschule-datteln.de\/wp-content\/uploads\/2024\/08\/IMG_8841-1536x1152.jpeg 1536w, https:\/\/www.lohschule-datteln.de\/wp-content\/uploads\/2024\/08\/IMG_8841-2048x1536.jpeg 2048w\" sizes=\"auto, (max-width: 2560px) 100vw, 2560px\" \/><\/p>\n<h6>Der Lohschulchor beim Abschlussgottesdienst im Schuljahr 2023\/24<\/h6>\n<p><span style=\"color: #808080;\">Die Chorstunden machen uns allen viel Spa\u00df und es gibt nichts Sch\u00f6neres, als mit einem Lied auf den Lippen in den Nachmittag zu starten.<\/span><\/p>","protected":false},"excerpt":{"rendered":"<p>Termin Chor im 1. Halbjahr 2024\/25 Sie k\u00f6nnen sich hier die Termin\u00fcbersicht des Chors herunterladen. Termine Schulchor \u00a0 Unser Lohschullied Alles ist anders in diesen speziellen Zeiten und das betrifft leider auch unseren Chor. Nach unserem gro\u00dfartigen \u201eTonstudiotag\u201c Anfang dieses Jahres liegt das fertig abgemischte Lied, unser Lohschullied schon l\u00e4nger bereit, auf CDs gepresst, speziell [&hellip;]<\/p>\n","protected":false},"author":3,"featured_media":0,"parent":0,"menu_order":0,"comment_status":"closed","ping_status":"closed","template":"","meta":{"footnotes":""},"class_list":["post-3448","page","type-page","status-publish","hentry"],"yoast_head":"<!-- This site is optimized with the Yoast SEO plugin v27.4 - https:\/\/yoast.com\/product\/yoast-seo-wordpress\/ -->\n<title>Schulchor - Lohschule Datteln<\/title>\n<meta name=\"robots\" content=\"index, follow, max-snippet:-1, max-image-preview:large, max-video-preview:-1\" \/>\n<link rel=\"canonical\" href=\"https:\/\/www.lohschule-datteln.de\/index.php\/schulchor\/\" \/>\n<meta property=\"og:locale\" content=\"de_DE\" \/>\n<meta property=\"og:type\" content=\"article\" \/>\n<meta property=\"og:title\" content=\"Schulchor - Lohschule Datteln\" \/>\n<meta property=\"og:description\" content=\"Termin Chor im 1. Halbjahr 2024\/25 Sie k\u00f6nnen sich hier die Termin\u00fcbersicht des Chors herunterladen. Termine Schulchor \u00a0 Unser Lohschullied Alles ist anders in diesen speziellen Zeiten und das betrifft leider auch unseren Chor. Nach unserem gro\u00dfartigen \u201eTonstudiotag\u201c Anfang dieses Jahres liegt das fertig abgemischte Lied, unser Lohschullied schon l\u00e4nger bereit, auf CDs gepresst, speziell [&hellip;]\" \/>\n<meta property=\"og:url\" content=\"https:\/\/www.lohschule-datteln.de\/index.php\/schulchor\/\" \/>\n<meta property=\"og:site_name\" content=\"Lohschule Datteln\" \/>\n<meta property=\"article:modified_time\" content=\"2024-09-17T14:05:50+00:00\" \/>\n<meta property=\"og:image\" content=\"https:\/\/www.lohschule-datteln.de\/wp-content\/uploads\/2024\/08\/IMG_8841-scaled.jpeg\" \/>\n<meta name=\"twitter:card\" content=\"summary_large_image\" \/>\n<meta name=\"twitter:label1\" content=\"Gesch\u00e4tzte Lesezeit\" \/>\n\t<meta name=\"twitter:data1\" content=\"3\u00a0Minuten\" \/>\n<script type=\"application\/ld+json\" class=\"yoast-schema-graph\">{\"@context\":\"https:\\\/\\\/schema.org\",\"@graph\":[{\"@type\":\"WebPage\",\"@id\":\"https:\\\/\\\/www.lohschule-datteln.de\\\/index.php\\\/schulchor\\\/\",\"url\":\"https:\\\/\\\/www.lohschule-datteln.de\\\/index.php\\\/schulchor\\\/\",\"name\":\"Schulchor - Lohschule Datteln\",\"isPartOf\":{\"@id\":\"https:\\\/\\\/www.lohschule-datteln.de\\\/#website\"},\"primaryImageOfPage\":{\"@id\":\"https:\\\/\\\/www.lohschule-datteln.de\\\/index.php\\\/schulchor\\\/#primaryimage\"},\"image\":{\"@id\":\"https:\\\/\\\/www.lohschule-datteln.de\\\/index.php\\\/schulchor\\\/#primaryimage\"},\"thumbnailUrl\":\"https:\\\/\\\/www.lohschule-datteln.de\\\/wp-content\\\/uploads\\\/2024\\\/08\\\/IMG_8841-scaled.jpeg\",\"datePublished\":\"2018-01-19T22:33:14+00:00\",\"dateModified\":\"2024-09-17T14:05:50+00:00\",\"breadcrumb\":{\"@id\":\"https:\\\/\\\/www.lohschule-datteln.de\\\/index.php\\\/schulchor\\\/#breadcrumb\"},\"inLanguage\":\"de\",\"potentialAction\":[{\"@type\":\"ReadAction\",\"target\":[\"https:\\\/\\\/www.lohschule-datteln.de\\\/index.php\\\/schulchor\\\/\"]}]},{\"@type\":\"ImageObject\",\"inLanguage\":\"de\",\"@id\":\"https:\\\/\\\/www.lohschule-datteln.de\\\/index.php\\\/schulchor\\\/#primaryimage\",\"url\":\"https:\\\/\\\/www.lohschule-datteln.de\\\/wp-content\\\/uploads\\\/2024\\\/08\\\/IMG_8841-scaled.jpeg\",\"contentUrl\":\"https:\\\/\\\/www.lohschule-datteln.de\\\/wp-content\\\/uploads\\\/2024\\\/08\\\/IMG_8841-scaled.jpeg\",\"width\":2560,\"height\":1920},{\"@type\":\"BreadcrumbList\",\"@id\":\"https:\\\/\\\/www.lohschule-datteln.de\\\/index.php\\\/schulchor\\\/#breadcrumb\",\"itemListElement\":[{\"@type\":\"ListItem\",\"position\":1,\"name\":\"Startseite\",\"item\":\"https:\\\/\\\/www.lohschule-datteln.de\\\/\"},{\"@type\":\"ListItem\",\"position\":2,\"name\":\"Schulchor\"}]},{\"@type\":\"WebSite\",\"@id\":\"https:\\\/\\\/www.lohschule-datteln.de\\\/#website\",\"url\":\"https:\\\/\\\/www.lohschule-datteln.de\\\/\",\"name\":\"Lohschule Datteln\",\"description\":\"kath. Grundschule\",\"publisher\":{\"@id\":\"https:\\\/\\\/www.lohschule-datteln.de\\\/#organization\"},\"potentialAction\":[{\"@type\":\"SearchAction\",\"target\":{\"@type\":\"EntryPoint\",\"urlTemplate\":\"https:\\\/\\\/www.lohschule-datteln.de\\\/?s={search_term_string}\"},\"query-input\":{\"@type\":\"PropertyValueSpecification\",\"valueRequired\":true,\"valueName\":\"search_term_string\"}}],\"inLanguage\":\"de\"},{\"@type\":\"Organization\",\"@id\":\"https:\\\/\\\/www.lohschule-datteln.de\\\/#organization\",\"name\":\"Lohschule -katholische Grundschule Datteln\",\"url\":\"https:\\\/\\\/www.lohschule-datteln.de\\\/\",\"logo\":{\"@type\":\"ImageObject\",\"inLanguage\":\"de\",\"@id\":\"https:\\\/\\\/www.lohschule-datteln.de\\\/#\\\/schema\\\/logo\\\/image\\\/\",\"url\":\"http:\\\/\\\/www.lohschule-datteln.de\\\/wp-content\\\/uploads\\\/2016\\\/02\\\/Loh-neu-2016.jpg\",\"contentUrl\":\"http:\\\/\\\/www.lohschule-datteln.de\\\/wp-content\\\/uploads\\\/2016\\\/02\\\/Loh-neu-2016.jpg\",\"width\":448,\"height\":252,\"caption\":\"Lohschule -katholische Grundschule Datteln\"},\"image\":{\"@id\":\"https:\\\/\\\/www.lohschule-datteln.de\\\/#\\\/schema\\\/logo\\\/image\\\/\"}}]}<\/script>\n<!-- \/ Yoast SEO plugin. -->","yoast_head_json":{"title":"Schulchor - Lohschule Datteln","robots":{"index":"index","follow":"follow","max-snippet":"max-snippet:-1","max-image-preview":"max-image-preview:large","max-video-preview":"max-video-preview:-1"},"canonical":"https:\/\/www.lohschule-datteln.de\/index.php\/schulchor\/","og_locale":"de_DE","og_type":"article","og_title":"Schulchor - Lohschule Datteln","og_description":"Termin Chor im 1. Halbjahr 2024\/25 Sie k\u00f6nnen sich hier die Termin\u00fcbersicht des Chors herunterladen. Termine Schulchor \u00a0 Unser Lohschullied Alles ist anders in diesen speziellen Zeiten und das betrifft leider auch unseren Chor. Nach unserem gro\u00dfartigen \u201eTonstudiotag\u201c Anfang dieses Jahres liegt das fertig abgemischte Lied, unser Lohschullied schon l\u00e4nger bereit, auf CDs gepresst, speziell [&hellip;]","og_url":"https:\/\/www.lohschule-datteln.de\/index.php\/schulchor\/","og_site_name":"Lohschule Datteln","article_modified_time":"2024-09-17T14:05:50+00:00","og_image":[{"url":"https:\/\/www.lohschule-datteln.de\/wp-content\/uploads\/2024\/08\/IMG_8841-scaled.jpeg","type":"","width":"","height":""}],"twitter_card":"summary_large_image","twitter_misc":{"Gesch\u00e4tzte Lesezeit":"3\u00a0Minuten"},"schema":{"@context":"https:\/\/schema.org","@graph":[{"@type":"WebPage","@id":"https:\/\/www.lohschule-datteln.de\/index.php\/schulchor\/","url":"https:\/\/www.lohschule-datteln.de\/index.php\/schulchor\/","name":"Schulchor - Lohschule Datteln","isPartOf":{"@id":"https:\/\/www.lohschule-datteln.de\/#website"},"primaryImageOfPage":{"@id":"https:\/\/www.lohschule-datteln.de\/index.php\/schulchor\/#primaryimage"},"image":{"@id":"https:\/\/www.lohschule-datteln.de\/index.php\/schulchor\/#primaryimage"},"thumbnailUrl":"https:\/\/www.lohschule-datteln.de\/wp-content\/uploads\/2024\/08\/IMG_8841-scaled.jpeg","datePublished":"2018-01-19T22:33:14+00:00","dateModified":"2024-09-17T14:05:50+00:00","breadcrumb":{"@id":"https:\/\/www.lohschule-datteln.de\/index.php\/schulchor\/#breadcrumb"},"inLanguage":"de","potentialAction":[{"@type":"ReadAction","target":["https:\/\/www.lohschule-datteln.de\/index.php\/schulchor\/"]}]},{"@type":"ImageObject","inLanguage":"de","@id":"https:\/\/www.lohschule-datteln.de\/index.php\/schulchor\/#primaryimage","url":"https:\/\/www.lohschule-datteln.de\/wp-content\/uploads\/2024\/08\/IMG_8841-scaled.jpeg","contentUrl":"https:\/\/www.lohschule-datteln.de\/wp-content\/uploads\/2024\/08\/IMG_8841-scaled.jpeg","width":2560,"height":1920},{"@type":"BreadcrumbList","@id":"https:\/\/www.lohschule-datteln.de\/index.php\/schulchor\/#breadcrumb","itemListElement":[{"@type":"ListItem","position":1,"name":"Startseite","item":"https:\/\/www.lohschule-datteln.de\/"},{"@type":"ListItem","position":2,"name":"Schulchor"}]},{"@type":"WebSite","@id":"https:\/\/www.lohschule-datteln.de\/#website","url":"https:\/\/www.lohschule-datteln.de\/","name":"Lohschule Datteln","description":"kath. Grundschule","publisher":{"@id":"https:\/\/www.lohschule-datteln.de\/#organization"},"potentialAction":[{"@type":"SearchAction","target":{"@type":"EntryPoint","urlTemplate":"https:\/\/www.lohschule-datteln.de\/?s={search_term_string}"},"query-input":{"@type":"PropertyValueSpecification","valueRequired":true,"valueName":"search_term_string"}}],"inLanguage":"de"},{"@type":"Organization","@id":"https:\/\/www.lohschule-datteln.de\/#organization","name":"Lohschule -katholische Grundschule Datteln","url":"https:\/\/www.lohschule-datteln.de\/","logo":{"@type":"ImageObject","inLanguage":"de","@id":"https:\/\/www.lohschule-datteln.de\/#\/schema\/logo\/image\/","url":"http:\/\/www.lohschule-datteln.de\/wp-content\/uploads\/2016\/02\/Loh-neu-2016.jpg","contentUrl":"http:\/\/www.lohschule-datteln.de\/wp-content\/uploads\/2016\/02\/Loh-neu-2016.jpg","width":448,"height":252,"caption":"Lohschule -katholische Grundschule Datteln"},"image":{"@id":"https:\/\/www.lohschule-datteln.de\/#\/schema\/logo\/image\/"}}]}},"_links":{"self":[{"href":"https:\/\/www.lohschule-datteln.de\/index.php\/wp-json\/wp\/v2\/pages\/3448","targetHints":{"allow":["GET"]}}],"collection":[{"href":"https:\/\/www.lohschule-datteln.de\/index.php\/wp-json\/wp\/v2\/pages"}],"about":[{"href":"https:\/\/www.lohschule-datteln.de\/index.php\/wp-json\/wp\/v2\/types\/page"}],"author":[{"embeddable":true,"href":"https:\/\/www.lohschule-datteln.de\/index.php\/wp-json\/wp\/v2\/users\/3"}],"replies":[{"embeddable":true,"href":"https:\/\/www.lohschule-datteln.de\/index.php\/wp-json\/wp\/v2\/comments?post=3448"}],"version-history":[{"count":23,"href":"https:\/\/www.lohschule-datteln.de\/index.php\/wp-json\/wp\/v2\/pages\/3448\/revisions"}],"predecessor-version":[{"id":14163,"href":"https:\/\/www.lohschule-datteln.de\/index.php\/wp-json\/wp\/v2\/pages\/3448\/revisions\/14163"}],"wp:attachment":[{"href":"https:\/\/www.lohschule-datteln.de\/index.php\/wp-json\/wp\/v2\/media?parent=3448"}],"curies":[{"name":"wp","href":"https:\/\/api.w.org\/{rel}","templated":true}]}}