{"id":3547,"date":"2018-01-30T23:06:18","date_gmt":"2018-01-30T22:06:18","guid":{"rendered":"http:\/\/www.lohschule-datteln.de\/?page_id=3547"},"modified":"2018-05-30T16:55:23","modified_gmt":"2018-05-30T14:55:23","slug":"kaenguru-wettbewerb-2018","status":"publish","type":"page","link":"https:\/\/www.lohschule-datteln.de\/index.php\/kaenguru-wettbewerb-2018\/","title":{"rendered":"K\u00e4nguru-Wettbewerb 2018"},"content":{"rendered":"<h3>Die Preisverleihung<\/h3>\n<p>Nachdem die Sch\u00fcler schon des \u00d6fteren nach den Ergebnissen gefragt hatten, konnte am Dienstag, dem 29. Mai 2018, vor der gro\u00dfen Pause die Preisverleihung stattfinden.<\/p>\n<p>Frau Schneider und Herr Lamprecht, Vorsitzender des F\u00f6rdervereins, begr\u00fc\u00dften die Kinder des dritten und vierten Schuljahres, die mit ihren Klassenlehrern auf den hinteren Schulhof kamen:<\/p>\n<p>&nbsp;<\/p>\n<p><a href=\"https:\/\/www.lohschule-datteln.de\/wp-content\/uploads\/2018\/05\/3-1.jpg\"><img loading=\"lazy\" decoding=\"async\" class=\"aligncenter size-medium wp-image-4124\" src=\"https:\/\/www.lohschule-datteln.de\/wp-content\/uploads\/2018\/05\/3-1-300x225.jpg\" alt=\"\" width=\"300\" height=\"225\" \/><\/a><\/p>\n<p>&nbsp;<\/p>\n<p>Frau Schneider verk\u00fcndete, dass jeder Sch\u00fcler, der teilgenommen hat, eine Brosch\u00fcre &#8222;Mathe mit dem K\u00e4nguru 2018&#8220; und ein Pentomino (12-er Puzzle), sowie eine Urkunde bekommt. Dann ging es an die Ehrung der Mitsch\u00fcler, die besondere Leistungen erbracht haben. Dabei wurden die Hauptpreise jahrgangsweise vergeben.<\/p>\n<p>&nbsp;<\/p>\n<p><a href=\"https:\/\/www.lohschule-datteln.de\/wp-content\/uploads\/2018\/05\/4-2.jpg\"><img loading=\"lazy\" decoding=\"async\" class=\"aligncenter size-medium wp-image-4126\" src=\"https:\/\/www.lohschule-datteln.de\/wp-content\/uploads\/2018\/05\/4-2-300x225.jpg\" alt=\"\" width=\"300\" height=\"225\" \/><\/a><\/p>\n<p>&nbsp;<\/p>\n<p>In Jahrgang 3 belegte Eric Tasche (3b)\u00a0 den 1. Platz. Den 2. Platz erreichte Jasmin Weber (3b).<\/p>\n<p>In Jahrgang 4 ging der 1. Preis an Paul Klocke (4a). Der 2. Preis wurde an Benedikt Heimann (4c) verliehen. Platz 3 teilten sich Ole Huthwelker und Lasse Berens.<\/p>\n<p>F\u00fcr Paul Klocke gab es noch ein weiteres Geschenk. Er hat den weitesten K\u00e4nguru-Sprung gemacht (Er hat die gr\u00f6\u00dfte Anzahl an aufeinanderfolgenden, richtigen Antworten erreicht.) und erhielt deshalb ein T-Shirt.<\/p>\n<p>&nbsp;<\/p>\n<p>HERZLICHEN GL\u00dcCKWUNSCH allen Gewinnern!<\/p>\n<p>&nbsp;<\/p>\n<p>&nbsp;<\/p>\n<h3><\/h3>\n<p>&nbsp;<\/p>\n<p>&nbsp;<\/p>\n<h3><\/h3>\n<h3><\/h3>\n<h3><\/h3>\n<h3>K\u00e4nguru-Wettbewerb: Wir warten gespannt auf die Ergebnisse<\/h3>\n<p>Am K\u00e4nguru-Tag rauchte so manch ein Kopf in Jahrgang 3 und 4. Da wurde geknobelt und manchmal auch gezeichnet, gegr\u00fcbelt und gerechnet, aber hoffentlich nie geraten. Denn das war vorher klar und den Sch\u00fclern mitgeteilt: Wer das Falsche r\u00e4t, bekommt f\u00fcr die falsche Antwort Punkte abgezogen. Besser war da dieses: Wenn ich nicht zu einem Ergebnis kommen kann, lass ich die Aufgabe besser aus. Daf\u00fcr gab es keinen Punktabzug.<\/p>\n<p>Bis zum morgigen Freitag sollen alle Ergebnisse ans Institut gemeldet sein. Dann dauert es nicht mehr lange, bis wir erfahren, wer den gr\u00f6\u00dften K\u00e4ngurusprung geschafft hat&#8230;.<\/p>\n<p>Allen Sch\u00fclern seien die Daumen gedr\u00fcckt..<\/p>\n<p>&nbsp;<\/p>\n<p>&nbsp;<\/p>\n<h3><\/h3>\n<h3>K\u00e4nguru-Wettbewerb : Wir sind dabei.<\/h3>\n<p>Dank der Unterst\u00fctzung unseres F\u00f6rdervereins, der den Beitrag von 2 \u20ac pro angemeldetem Sch\u00fcler \u00fcbernimmt, werden die Familienkassen nicht belastet, und es kann somit f\u00fcr die Sch\u00fcler der dritten und vierten Jahrg\u00e4nge auch in diesem Jahr hei\u00dfen:<\/p>\n<p>&nbsp;<\/p>\n<p><a href=\"https:\/\/www.lohschule-datteln.de\/wp-content\/uploads\/2018\/01\/2-3.jpg\"><img loading=\"lazy\" decoding=\"async\" class=\"aligncenter size-full wp-image-3551\" src=\"https:\/\/www.lohschule-datteln.de\/wp-content\/uploads\/2018\/01\/2-3.jpg\" alt=\"\" width=\"318\" height=\"380\" \/><\/a><\/p>\n<p>&nbsp;<\/p>\n<p>Am 15. M\u00e4rz ist es soweit. Dann wird geknobelt, get\u00fcftelt, \u00fcberlegt und gerechnet.<\/p>\n<p>&nbsp;<\/p>\n<p>132 Dritt-und Viertkl\u00e4ssler haben sich angemeldet. Wer bei uns wohl den weitesten K\u00e4ngurusprung macht?<\/p>\n","protected":false},"excerpt":{"rendered":"<p>Die Preisverleihung Nachdem die Sch\u00fcler schon des \u00d6fteren nach den Ergebnissen gefragt hatten, konnte am Dienstag, dem 29. Mai 2018, vor der gro\u00dfen Pause die Preisverleihung stattfinden. Frau Schneider und Herr Lamprecht, Vorsitzender des F\u00f6rdervereins, begr\u00fc\u00dften die Kinder des dritten und vierten Schuljahres, die mit ihren Klassenlehrern auf den hinteren Schulhof kamen: &nbsp; &nbsp; Frau [&hellip;]<\/p>\n","protected":false},"author":3,"featured_media":0,"parent":0,"menu_order":0,"comment_status":"closed","ping_status":"closed","template":"","meta":{"footnotes":""},"class_list":["post-3547","page","type-page","status-publish","hentry"],"yoast_head":"<!-- This site is optimized with the Yoast SEO plugin v27.3 - https:\/\/yoast.com\/product\/yoast-seo-wordpress\/ -->\n<title>K\u00e4nguru-Wettbewerb 2018 - Lohschule Datteln<\/title>\n<meta name=\"robots\" content=\"index, follow, max-snippet:-1, max-image-preview:large, max-video-preview:-1\" \/>\n<link rel=\"canonical\" href=\"https:\/\/www.lohschule-datteln.de\/index.php\/kaenguru-wettbewerb-2018\/\" \/>\n<meta property=\"og:locale\" content=\"de_DE\" \/>\n<meta property=\"og:type\" content=\"article\" \/>\n<meta property=\"og:title\" content=\"K\u00e4nguru-Wettbewerb 2018 - Lohschule Datteln\" \/>\n<meta property=\"og:description\" content=\"Die Preisverleihung Nachdem die Sch\u00fcler schon des \u00d6fteren nach den Ergebnissen gefragt hatten, konnte am Dienstag, dem 29. Mai 2018, vor der gro\u00dfen Pause die Preisverleihung stattfinden. Frau Schneider und Herr Lamprecht, Vorsitzender des F\u00f6rdervereins, begr\u00fc\u00dften die Kinder des dritten und vierten Schuljahres, die mit ihren Klassenlehrern auf den hinteren Schulhof kamen: &nbsp; &nbsp; Frau [&hellip;]\" \/>\n<meta property=\"og:url\" content=\"https:\/\/www.lohschule-datteln.de\/index.php\/kaenguru-wettbewerb-2018\/\" \/>\n<meta property=\"og:site_name\" content=\"Lohschule Datteln\" \/>\n<meta property=\"article:modified_time\" content=\"2018-05-30T14:55:23+00:00\" \/>\n<meta property=\"og:image\" content=\"http:\/\/www.lohschule-datteln.de\/wp-content\/uploads\/2018\/05\/3-1-300x225.jpg\" \/>\n<meta name=\"twitter:card\" content=\"summary_large_image\" \/>\n<meta name=\"twitter:label1\" content=\"Gesch\u00e4tzte Lesezeit\" \/>\n\t<meta name=\"twitter:data1\" content=\"2\u00a0Minuten\" \/>\n<script type=\"application\/ld+json\" class=\"yoast-schema-graph\">{\"@context\":\"https:\\\/\\\/schema.org\",\"@graph\":[{\"@type\":\"WebPage\",\"@id\":\"https:\\\/\\\/www.lohschule-datteln.de\\\/index.php\\\/kaenguru-wettbewerb-2018\\\/\",\"url\":\"https:\\\/\\\/www.lohschule-datteln.de\\\/index.php\\\/kaenguru-wettbewerb-2018\\\/\",\"name\":\"K\u00e4nguru-Wettbewerb 2018 - Lohschule Datteln\",\"isPartOf\":{\"@id\":\"https:\\\/\\\/www.lohschule-datteln.de\\\/#website\"},\"primaryImageOfPage\":{\"@id\":\"https:\\\/\\\/www.lohschule-datteln.de\\\/index.php\\\/kaenguru-wettbewerb-2018\\\/#primaryimage\"},\"image\":{\"@id\":\"https:\\\/\\\/www.lohschule-datteln.de\\\/index.php\\\/kaenguru-wettbewerb-2018\\\/#primaryimage\"},\"thumbnailUrl\":\"http:\\\/\\\/www.lohschule-datteln.de\\\/wp-content\\\/uploads\\\/2018\\\/05\\\/3-1-300x225.jpg\",\"datePublished\":\"2018-01-30T22:06:18+00:00\",\"dateModified\":\"2018-05-30T14:55:23+00:00\",\"breadcrumb\":{\"@id\":\"https:\\\/\\\/www.lohschule-datteln.de\\\/index.php\\\/kaenguru-wettbewerb-2018\\\/#breadcrumb\"},\"inLanguage\":\"de\",\"potentialAction\":[{\"@type\":\"ReadAction\",\"target\":[\"https:\\\/\\\/www.lohschule-datteln.de\\\/index.php\\\/kaenguru-wettbewerb-2018\\\/\"]}]},{\"@type\":\"ImageObject\",\"inLanguage\":\"de\",\"@id\":\"https:\\\/\\\/www.lohschule-datteln.de\\\/index.php\\\/kaenguru-wettbewerb-2018\\\/#primaryimage\",\"url\":\"http:\\\/\\\/www.lohschule-datteln.de\\\/wp-content\\\/uploads\\\/2018\\\/05\\\/3-1-300x225.jpg\",\"contentUrl\":\"http:\\\/\\\/www.lohschule-datteln.de\\\/wp-content\\\/uploads\\\/2018\\\/05\\\/3-1-300x225.jpg\"},{\"@type\":\"BreadcrumbList\",\"@id\":\"https:\\\/\\\/www.lohschule-datteln.de\\\/index.php\\\/kaenguru-wettbewerb-2018\\\/#breadcrumb\",\"itemListElement\":[{\"@type\":\"ListItem\",\"position\":1,\"name\":\"Startseite\",\"item\":\"https:\\\/\\\/www.lohschule-datteln.de\\\/\"},{\"@type\":\"ListItem\",\"position\":2,\"name\":\"K\u00e4nguru-Wettbewerb 2018\"}]},{\"@type\":\"WebSite\",\"@id\":\"https:\\\/\\\/www.lohschule-datteln.de\\\/#website\",\"url\":\"https:\\\/\\\/www.lohschule-datteln.de\\\/\",\"name\":\"Lohschule Datteln\",\"description\":\"kath. Grundschule\",\"publisher\":{\"@id\":\"https:\\\/\\\/www.lohschule-datteln.de\\\/#organization\"},\"potentialAction\":[{\"@type\":\"SearchAction\",\"target\":{\"@type\":\"EntryPoint\",\"urlTemplate\":\"https:\\\/\\\/www.lohschule-datteln.de\\\/?s={search_term_string}\"},\"query-input\":{\"@type\":\"PropertyValueSpecification\",\"valueRequired\":true,\"valueName\":\"search_term_string\"}}],\"inLanguage\":\"de\"},{\"@type\":\"Organization\",\"@id\":\"https:\\\/\\\/www.lohschule-datteln.de\\\/#organization\",\"name\":\"Lohschule -katholische Grundschule Datteln\",\"url\":\"https:\\\/\\\/www.lohschule-datteln.de\\\/\",\"logo\":{\"@type\":\"ImageObject\",\"inLanguage\":\"de\",\"@id\":\"https:\\\/\\\/www.lohschule-datteln.de\\\/#\\\/schema\\\/logo\\\/image\\\/\",\"url\":\"http:\\\/\\\/www.lohschule-datteln.de\\\/wp-content\\\/uploads\\\/2016\\\/02\\\/Loh-neu-2016.jpg\",\"contentUrl\":\"http:\\\/\\\/www.lohschule-datteln.de\\\/wp-content\\\/uploads\\\/2016\\\/02\\\/Loh-neu-2016.jpg\",\"width\":448,\"height\":252,\"caption\":\"Lohschule -katholische Grundschule Datteln\"},\"image\":{\"@id\":\"https:\\\/\\\/www.lohschule-datteln.de\\\/#\\\/schema\\\/logo\\\/image\\\/\"}}]}<\/script>\n<!-- \/ Yoast SEO plugin. -->","yoast_head_json":{"title":"K\u00e4nguru-Wettbewerb 2018 - Lohschule Datteln","robots":{"index":"index","follow":"follow","max-snippet":"max-snippet:-1","max-image-preview":"max-image-preview:large","max-video-preview":"max-video-preview:-1"},"canonical":"https:\/\/www.lohschule-datteln.de\/index.php\/kaenguru-wettbewerb-2018\/","og_locale":"de_DE","og_type":"article","og_title":"K\u00e4nguru-Wettbewerb 2018 - Lohschule Datteln","og_description":"Die Preisverleihung Nachdem die Sch\u00fcler schon des \u00d6fteren nach den Ergebnissen gefragt hatten, konnte am Dienstag, dem 29. Mai 2018, vor der gro\u00dfen Pause die Preisverleihung stattfinden. Frau Schneider und Herr Lamprecht, Vorsitzender des F\u00f6rdervereins, begr\u00fc\u00dften die Kinder des dritten und vierten Schuljahres, die mit ihren Klassenlehrern auf den hinteren Schulhof kamen: &nbsp; &nbsp; Frau [&hellip;]","og_url":"https:\/\/www.lohschule-datteln.de\/index.php\/kaenguru-wettbewerb-2018\/","og_site_name":"Lohschule Datteln","article_modified_time":"2018-05-30T14:55:23+00:00","og_image":[{"url":"http:\/\/www.lohschule-datteln.de\/wp-content\/uploads\/2018\/05\/3-1-300x225.jpg","type":"","width":"","height":""}],"twitter_card":"summary_large_image","twitter_misc":{"Gesch\u00e4tzte Lesezeit":"2\u00a0Minuten"},"schema":{"@context":"https:\/\/schema.org","@graph":[{"@type":"WebPage","@id":"https:\/\/www.lohschule-datteln.de\/index.php\/kaenguru-wettbewerb-2018\/","url":"https:\/\/www.lohschule-datteln.de\/index.php\/kaenguru-wettbewerb-2018\/","name":"K\u00e4nguru-Wettbewerb 2018 - Lohschule Datteln","isPartOf":{"@id":"https:\/\/www.lohschule-datteln.de\/#website"},"primaryImageOfPage":{"@id":"https:\/\/www.lohschule-datteln.de\/index.php\/kaenguru-wettbewerb-2018\/#primaryimage"},"image":{"@id":"https:\/\/www.lohschule-datteln.de\/index.php\/kaenguru-wettbewerb-2018\/#primaryimage"},"thumbnailUrl":"http:\/\/www.lohschule-datteln.de\/wp-content\/uploads\/2018\/05\/3-1-300x225.jpg","datePublished":"2018-01-30T22:06:18+00:00","dateModified":"2018-05-30T14:55:23+00:00","breadcrumb":{"@id":"https:\/\/www.lohschule-datteln.de\/index.php\/kaenguru-wettbewerb-2018\/#breadcrumb"},"inLanguage":"de","potentialAction":[{"@type":"ReadAction","target":["https:\/\/www.lohschule-datteln.de\/index.php\/kaenguru-wettbewerb-2018\/"]}]},{"@type":"ImageObject","inLanguage":"de","@id":"https:\/\/www.lohschule-datteln.de\/index.php\/kaenguru-wettbewerb-2018\/#primaryimage","url":"http:\/\/www.lohschule-datteln.de\/wp-content\/uploads\/2018\/05\/3-1-300x225.jpg","contentUrl":"http:\/\/www.lohschule-datteln.de\/wp-content\/uploads\/2018\/05\/3-1-300x225.jpg"},{"@type":"BreadcrumbList","@id":"https:\/\/www.lohschule-datteln.de\/index.php\/kaenguru-wettbewerb-2018\/#breadcrumb","itemListElement":[{"@type":"ListItem","position":1,"name":"Startseite","item":"https:\/\/www.lohschule-datteln.de\/"},{"@type":"ListItem","position":2,"name":"K\u00e4nguru-Wettbewerb 2018"}]},{"@type":"WebSite","@id":"https:\/\/www.lohschule-datteln.de\/#website","url":"https:\/\/www.lohschule-datteln.de\/","name":"Lohschule Datteln","description":"kath. Grundschule","publisher":{"@id":"https:\/\/www.lohschule-datteln.de\/#organization"},"potentialAction":[{"@type":"SearchAction","target":{"@type":"EntryPoint","urlTemplate":"https:\/\/www.lohschule-datteln.de\/?s={search_term_string}"},"query-input":{"@type":"PropertyValueSpecification","valueRequired":true,"valueName":"search_term_string"}}],"inLanguage":"de"},{"@type":"Organization","@id":"https:\/\/www.lohschule-datteln.de\/#organization","name":"Lohschule -katholische Grundschule Datteln","url":"https:\/\/www.lohschule-datteln.de\/","logo":{"@type":"ImageObject","inLanguage":"de","@id":"https:\/\/www.lohschule-datteln.de\/#\/schema\/logo\/image\/","url":"http:\/\/www.lohschule-datteln.de\/wp-content\/uploads\/2016\/02\/Loh-neu-2016.jpg","contentUrl":"http:\/\/www.lohschule-datteln.de\/wp-content\/uploads\/2016\/02\/Loh-neu-2016.jpg","width":448,"height":252,"caption":"Lohschule -katholische Grundschule Datteln"},"image":{"@id":"https:\/\/www.lohschule-datteln.de\/#\/schema\/logo\/image\/"}}]}},"_links":{"self":[{"href":"https:\/\/www.lohschule-datteln.de\/index.php\/wp-json\/wp\/v2\/pages\/3547","targetHints":{"allow":["GET"]}}],"collection":[{"href":"https:\/\/www.lohschule-datteln.de\/index.php\/wp-json\/wp\/v2\/pages"}],"about":[{"href":"https:\/\/www.lohschule-datteln.de\/index.php\/wp-json\/wp\/v2\/types\/page"}],"author":[{"embeddable":true,"href":"https:\/\/www.lohschule-datteln.de\/index.php\/wp-json\/wp\/v2\/users\/3"}],"replies":[{"embeddable":true,"href":"https:\/\/www.lohschule-datteln.de\/index.php\/wp-json\/wp\/v2\/comments?post=3547"}],"version-history":[{"count":14,"href":"https:\/\/www.lohschule-datteln.de\/index.php\/wp-json\/wp\/v2\/pages\/3547\/revisions"}],"predecessor-version":[{"id":4133,"href":"https:\/\/www.lohschule-datteln.de\/index.php\/wp-json\/wp\/v2\/pages\/3547\/revisions\/4133"}],"wp:attachment":[{"href":"https:\/\/www.lohschule-datteln.de\/index.php\/wp-json\/wp\/v2\/media?parent=3547"}],"curies":[{"name":"wp","href":"https:\/\/api.w.org\/{rel}","templated":true}]}}