{"id":3585,"date":"2018-02-09T16:44:02","date_gmt":"2018-02-09T15:44:02","guid":{"rendered":"http:\/\/www.lohschule-datteln.de\/?page_id=3585"},"modified":"2018-02-13T14:10:07","modified_gmt":"2018-02-13T13:10:07","slug":"karneval-2018","status":"publish","type":"page","link":"https:\/\/www.lohschule-datteln.de\/index.php\/karneval-2018\/","title":{"rendered":"Karneval 2018"},"content":{"rendered":"<h3>An der Lohschule war heute was los<\/h3>\n<p>Am Freitag vor Rosenmontag ist es an unserer Schule nun schon lange Tradition, dass Sch\u00fcler wie Lehrer verkleidet den Tag begehen. Und nicht nur das: Bis kurz vor der Pause wird in den Klassen gespielt, gesungen, getanzt und einfach gefeiert- nicht selten findet sich auch ein\u00a0 Buffet mit s\u00fc\u00dfen und salzigen Leckereien&#8230;<\/p>\n<p>Ein kleiner Blick hinter die Klassent\u00fcren:<\/p>\n<p>&nbsp;<\/p>\n<p><a href=\"https:\/\/www.lohschule-datteln.de\/wp-content\/uploads\/2018\/02\/10.jpg\"><img loading=\"lazy\" decoding=\"async\" class=\"aligncenter size-full wp-image-3605\" src=\"https:\/\/www.lohschule-datteln.de\/wp-content\/uploads\/2018\/02\/10.jpg\" alt=\"\" width=\"448\" height=\"299\" \/><\/a><\/p>\n<p><a href=\"https:\/\/www.lohschule-datteln.de\/wp-content\/uploads\/2018\/02\/1.jpg\"><img loading=\"lazy\" decoding=\"async\" class=\"aligncenter size-full wp-image-3592\" src=\"https:\/\/www.lohschule-datteln.de\/wp-content\/uploads\/2018\/02\/1.jpg\" alt=\"\" width=\"448\" height=\"282\" \/><\/a><\/p>\n<p><a href=\"https:\/\/www.lohschule-datteln.de\/wp-content\/uploads\/2018\/02\/2.jpg\"><img loading=\"lazy\" decoding=\"async\" class=\"aligncenter size-full wp-image-3593\" src=\"https:\/\/www.lohschule-datteln.de\/wp-content\/uploads\/2018\/02\/2.jpg\" alt=\"\" width=\"448\" height=\"273\" \/><\/a><\/p>\n<p><a href=\"https:\/\/www.lohschule-datteln.de\/wp-content\/uploads\/2018\/02\/4.jpg\"><img loading=\"lazy\" decoding=\"async\" class=\"aligncenter size-full wp-image-3595\" src=\"https:\/\/www.lohschule-datteln.de\/wp-content\/uploads\/2018\/02\/4.jpg\" alt=\"\" width=\"448\" height=\"269\" \/><\/a><\/p>\n<p><a href=\"https:\/\/www.lohschule-datteln.de\/wp-content\/uploads\/2018\/02\/4b.jpg\"><img loading=\"lazy\" decoding=\"async\" class=\"aligncenter wp-image-3642 size-full\" src=\"https:\/\/www.lohschule-datteln.de\/wp-content\/uploads\/2018\/02\/4b-e1518527137782.jpg\" alt=\"\" width=\"336\" height=\"441\" \/><\/a><\/p>\n<p><a href=\"https:\/\/www.lohschule-datteln.de\/wp-content\/uploads\/2018\/02\/5-1.jpg\"><img loading=\"lazy\" decoding=\"async\" class=\"aligncenter size-full wp-image-3597\" src=\"https:\/\/www.lohschule-datteln.de\/wp-content\/uploads\/2018\/02\/5-1.jpg\" alt=\"\" width=\"448\" height=\"299\" \/><\/a><\/p>\n<p><a href=\"https:\/\/www.lohschule-datteln.de\/wp-content\/uploads\/2018\/02\/6-1.jpg\"><img loading=\"lazy\" decoding=\"async\" class=\"aligncenter size-full wp-image-3598\" src=\"https:\/\/www.lohschule-datteln.de\/wp-content\/uploads\/2018\/02\/6-1.jpg\" alt=\"\" width=\"448\" height=\"299\" \/><\/a><\/p>\n<p><a href=\"https:\/\/www.lohschule-datteln.de\/wp-content\/uploads\/2018\/02\/7-1.jpg\"><img loading=\"lazy\" decoding=\"async\" class=\"aligncenter size-full wp-image-3599\" src=\"https:\/\/www.lohschule-datteln.de\/wp-content\/uploads\/2018\/02\/7-1.jpg\" alt=\"\" width=\"448\" height=\"285\" \/><\/a><\/p>\n<p><a href=\"https:\/\/www.lohschule-datteln.de\/wp-content\/uploads\/2018\/02\/9a.jpg\"><img loading=\"lazy\" decoding=\"async\" class=\"aligncenter size-full wp-image-3630\" src=\"https:\/\/www.lohschule-datteln.de\/wp-content\/uploads\/2018\/02\/9a.jpg\" alt=\"\" width=\"448\" height=\"274\" \/><\/a><\/p>\n<p><a href=\"https:\/\/www.lohschule-datteln.de\/wp-content\/uploads\/2018\/02\/9c.jpg\"><img loading=\"lazy\" decoding=\"async\" class=\"aligncenter size-full wp-image-3649\" src=\"https:\/\/www.lohschule-datteln.de\/wp-content\/uploads\/2018\/02\/9c.jpg\" alt=\"\" width=\"448\" height=\"270\" \/><\/a><\/p>\n<p><a href=\"https:\/\/www.lohschule-datteln.de\/wp-content\/uploads\/2018\/02\/1a.jpg\"><img loading=\"lazy\" decoding=\"async\" class=\"aligncenter size-full wp-image-3612\" src=\"https:\/\/www.lohschule-datteln.de\/wp-content\/uploads\/2018\/02\/1a.jpg\" alt=\"\" width=\"448\" height=\"336\" \/><\/a><\/p>\n<p><a href=\"https:\/\/www.lohschule-datteln.de\/wp-content\/uploads\/2018\/02\/9b.jpg\"><img loading=\"lazy\" decoding=\"async\" class=\"aligncenter size-full wp-image-3636\" src=\"https:\/\/www.lohschule-datteln.de\/wp-content\/uploads\/2018\/02\/9b.jpg\" alt=\"\" width=\"448\" height=\"311\" \/><\/a><\/p>\n<p><a href=\"https:\/\/www.lohschule-datteln.de\/wp-content\/uploads\/2018\/02\/17.jpg\"><img loading=\"lazy\" decoding=\"async\" class=\"aligncenter wp-image-3637 size-full\" src=\"https:\/\/www.lohschule-datteln.de\/wp-content\/uploads\/2018\/02\/17-e1518527233531.jpg\" alt=\"\" width=\"336\" height=\"448\" \/><\/a><\/p>\n<p>&nbsp;<\/p>\n<p>Dann ging es auch in diesem Jahr wieder mit einer Polonaise durch alle Klassen und Flure:<\/p>\n<p>&nbsp;<\/p>\n<p><a href=\"https:\/\/www.lohschule-datteln.de\/wp-content\/uploads\/2018\/02\/8.jpg\"><img loading=\"lazy\" decoding=\"async\" class=\"aligncenter wp-image-3600 size-full\" src=\"https:\/\/www.lohschule-datteln.de\/wp-content\/uploads\/2018\/02\/8-e1518202482130.jpg\" alt=\"\" width=\"299\" height=\"448\" \/><\/a><\/p>\n<p><a href=\"https:\/\/www.lohschule-datteln.de\/wp-content\/uploads\/2018\/02\/9.jpg\"><img loading=\"lazy\" decoding=\"async\" class=\"aligncenter wp-image-3601 size-full\" src=\"https:\/\/www.lohschule-datteln.de\/wp-content\/uploads\/2018\/02\/9-e1518202461837.jpg\" alt=\"\" width=\"299\" height=\"448\" \/><\/a><\/p>\n<p><a href=\"https:\/\/www.lohschule-datteln.de\/wp-content\/uploads\/2018\/02\/10a.jpg\"><img loading=\"lazy\" decoding=\"async\" class=\"aligncenter size-full wp-image-3602\" src=\"https:\/\/www.lohschule-datteln.de\/wp-content\/uploads\/2018\/02\/10a.jpg\" alt=\"\" width=\"448\" height=\"299\" \/><\/a><\/p>\n<p><a href=\"https:\/\/www.lohschule-datteln.de\/wp-content\/uploads\/2018\/02\/10b.jpg\"><img loading=\"lazy\" decoding=\"async\" class=\"aligncenter wp-image-3603 size-full\" src=\"https:\/\/www.lohschule-datteln.de\/wp-content\/uploads\/2018\/02\/10b-e1518202437566.jpg\" alt=\"\" width=\"448\" height=\"329\" \/><\/a><\/p>\n<p><a href=\"https:\/\/www.lohschule-datteln.de\/wp-content\/uploads\/2018\/02\/10c.jpeg\"><img loading=\"lazy\" decoding=\"async\" class=\"aligncenter wp-image-3604 size-full\" src=\"https:\/\/www.lohschule-datteln.de\/wp-content\/uploads\/2018\/02\/10c-e1518202383716.jpeg\" alt=\"\" width=\"375\" height=\"336\" \/><\/a><\/p>\n<p><a href=\"https:\/\/www.lohschule-datteln.de\/wp-content\/uploads\/2018\/02\/10bb1.jpg\"><img loading=\"lazy\" decoding=\"async\" class=\"aligncenter wp-image-3614 size-full\" src=\"https:\/\/www.lohschule-datteln.de\/wp-content\/uploads\/2018\/02\/10bb1-e1518202365578.jpg\" alt=\"\" width=\"336\" height=\"448\" \/><\/a><\/p>\n<p><a href=\"https:\/\/www.lohschule-datteln.de\/wp-content\/uploads\/2018\/02\/10bb8.jpg\"><img loading=\"lazy\" decoding=\"async\" class=\"aligncenter size-full wp-image-3638\" src=\"https:\/\/www.lohschule-datteln.de\/wp-content\/uploads\/2018\/02\/10bb8.jpg\" alt=\"\" width=\"448\" height=\"336\" \/><\/a><\/p>\n<p><a href=\"https:\/\/www.lohschule-datteln.de\/wp-content\/uploads\/2018\/02\/10bb2.jpg\"><img loading=\"lazy\" decoding=\"async\" class=\"aligncenter wp-image-3615 size-full\" src=\"https:\/\/www.lohschule-datteln.de\/wp-content\/uploads\/2018\/02\/10bb2-e1518202345329.jpg\" alt=\"\" width=\"345\" height=\"336\" \/><\/a><\/p>\n<p><a href=\"https:\/\/www.lohschule-datteln.de\/wp-content\/uploads\/2018\/02\/10bb4.jpg\"><img loading=\"lazy\" decoding=\"async\" class=\"aligncenter wp-image-3616 size-full\" src=\"https:\/\/www.lohschule-datteln.de\/wp-content\/uploads\/2018\/02\/10bb4-e1518202328141.jpg\" alt=\"\" width=\"336\" height=\"375\" \/><\/a><\/p>\n<p><a href=\"https:\/\/www.lohschule-datteln.de\/wp-content\/uploads\/2018\/02\/10bb5-1.jpg\"><img loading=\"lazy\" decoding=\"async\" class=\"aligncenter wp-image-3618 size-full\" src=\"https:\/\/www.lohschule-datteln.de\/wp-content\/uploads\/2018\/02\/10bb5-1-e1518202308837.jpg\" alt=\"\" width=\"355\" height=\"336\" \/><\/a><\/p>\n<p><a href=\"https:\/\/www.lohschule-datteln.de\/wp-content\/uploads\/2018\/02\/10bb7.jpg\"><img loading=\"lazy\" decoding=\"async\" class=\"aligncenter wp-image-3619 size-full\" src=\"https:\/\/www.lohschule-datteln.de\/wp-content\/uploads\/2018\/02\/10bb7-e1518202269578.jpg\" alt=\"\" width=\"342\" height=\"336\" \/><\/a><\/p>\n<p>&nbsp;<\/p>\n<p>Frau Schneider begleitete uns mit ihrem Pferd:<\/p>\n<p>&nbsp;<\/p>\n<p><a href=\"https:\/\/www.lohschule-datteln.de\/wp-content\/uploads\/2018\/02\/11a.jpeg\"><img loading=\"lazy\" decoding=\"async\" class=\"aligncenter wp-image-3610 size-full\" src=\"https:\/\/www.lohschule-datteln.de\/wp-content\/uploads\/2018\/02\/11a-e1518202229922.jpeg\" alt=\"\" width=\"332\" height=\"448\" \/><\/a><\/p>\n<p>&nbsp;<\/p>\n<p>In der Pause konnten die Kinder es kaum fassen. Es regnete Gummib\u00e4rchen aus dem Lehrerzimmer:<\/p>\n<p>&nbsp;<\/p>\n<p><a href=\"https:\/\/www.lohschule-datteln.de\/wp-content\/uploads\/2018\/02\/10c.jpg\"><img loading=\"lazy\" decoding=\"async\" class=\"aligncenter size-full wp-image-3607\" src=\"https:\/\/www.lohschule-datteln.de\/wp-content\/uploads\/2018\/02\/10c.jpg\" alt=\"\" width=\"448\" height=\"299\" \/><\/a><\/p>\n<p>&nbsp;<\/p>\n<p>Dann war es Zeit f\u00fcr unseren Umzug. Die gro\u00dfen Paten holten die kleinen Patenkinder ab und mit dem Klassenschild vorweg oder hintan ging es los. Auch in diesem Jahr schloss die Albert-Schweitzer-Schule sich uns an. ASS bereit zum Abmarsch:<\/p>\n<p>&nbsp;<\/p>\n<p><a href=\"https:\/\/www.lohschule-datteln.de\/wp-content\/uploads\/2018\/02\/14.jpg\"><img loading=\"lazy\" decoding=\"async\" class=\"aligncenter size-full wp-image-3608\" src=\"https:\/\/www.lohschule-datteln.de\/wp-content\/uploads\/2018\/02\/14.jpg\" alt=\"\" width=\"448\" height=\"234\" \/><\/a><\/p>\n<p>&nbsp;<\/p>\n<p>P\u00fcnktlich zum Beginn unseres Zuges bekamen wir \u00fcberraschend Besuch, \u00fcber den wir uns sehr gefreut haben:<\/p>\n<p>&nbsp;<\/p>\n<p><a href=\"https:\/\/www.lohschule-datteln.de\/wp-content\/uploads\/2018\/02\/12.jpg\"><img loading=\"lazy\" decoding=\"async\" class=\"aligncenter size-full wp-image-3609\" src=\"https:\/\/www.lohschule-datteln.de\/wp-content\/uploads\/2018\/02\/12.jpg\" alt=\"\" width=\"448\" height=\"303\" \/><\/a><\/p>\n<p>&nbsp;<\/p>\n<p>Die Polizei sicherte die Stra\u00dfen entlang unseres Weges und sorgte f\u00fcr einen reibungslosen Gang unserer Kamelle-Sammeltour. An dieser Stelle schicken wir im Namen aller kleinen und gro\u00dfen Mitl\u00e4ufer einen herzlichen Dank an die Beamten, die zwar bei Sonne und blauem Himmel,\u00a0 jedoch eisigen Temperaturen f\u00fcr unsere Sicherheit auf den Stra\u00dfen sorgten.<\/p>\n<p>Fotos vom Wegesrand:<\/p>\n<p>&nbsp;<\/p>\n<p><a href=\"https:\/\/www.lohschule-datteln.de\/wp-content\/uploads\/2018\/02\/18.jpg\"><img loading=\"lazy\" decoding=\"async\" class=\"aligncenter size-full wp-image-3651\" src=\"https:\/\/www.lohschule-datteln.de\/wp-content\/uploads\/2018\/02\/18.jpg\" alt=\"\" width=\"448\" height=\"336\" \/><\/a><\/p>\n<p><a href=\"https:\/\/www.lohschule-datteln.de\/wp-content\/uploads\/2018\/02\/14a.jpg\"><img loading=\"lazy\" decoding=\"async\" class=\"aligncenter size-full wp-image-3622\" src=\"https:\/\/www.lohschule-datteln.de\/wp-content\/uploads\/2018\/02\/14a.jpg\" alt=\"\" width=\"448\" height=\"252\" \/><\/a><\/p>\n<p><a href=\"https:\/\/www.lohschule-datteln.de\/wp-content\/uploads\/2018\/02\/14b.jpg\"><img loading=\"lazy\" decoding=\"async\" class=\"aligncenter size-full wp-image-3623\" src=\"https:\/\/www.lohschule-datteln.de\/wp-content\/uploads\/2018\/02\/14b.jpg\" alt=\"\" width=\"448\" height=\"252\" \/><\/a><\/p>\n<p><a href=\"https:\/\/www.lohschule-datteln.de\/wp-content\/uploads\/2018\/02\/14c.jpg\"><img loading=\"lazy\" decoding=\"async\" class=\"aligncenter size-full wp-image-3624\" src=\"https:\/\/www.lohschule-datteln.de\/wp-content\/uploads\/2018\/02\/14c.jpg\" alt=\"\" width=\"448\" height=\"252\" \/><\/a><\/p>\n<p>&nbsp;<\/p>\n<p>Nicht zuletzt bedanken wir, das Team der Lohschule, uns recht herzlich auch bei all den Menschen, die am heutigen Freitag auf den Stra\u00dfen standen und mit s\u00fc\u00dfen Sachen auf die Kinder warteten. Es w\u00e4re ohne sie sicher nur halb so sch\u00f6n gewesen.<\/p>\n<p>&nbsp;<\/p>\n<p>Wir freuen uns schon auf das n\u00e4chste Jahr, wenn es am Freitag vor Rosenmontag wieder auf gro\u00dfe Tour durch unsere Innenstadtstra\u00dfen geht. Sind Sie dann (wieder) dabei?<\/p>\n<p>&nbsp;<\/p>\n","protected":false},"excerpt":{"rendered":"<p>An der Lohschule war heute was los Am Freitag vor Rosenmontag ist es an unserer Schule nun schon lange Tradition, dass Sch\u00fcler wie Lehrer verkleidet den Tag begehen. Und nicht nur das: Bis kurz vor der Pause wird in den Klassen gespielt, gesungen, getanzt und einfach gefeiert- nicht selten findet sich auch ein\u00a0 Buffet mit [&hellip;]<\/p>\n","protected":false},"author":3,"featured_media":0,"parent":0,"menu_order":0,"comment_status":"closed","ping_status":"closed","template":"","meta":{"footnotes":""},"class_list":["post-3585","page","type-page","status-publish","hentry"],"yoast_head":"<!-- This site is optimized with the Yoast SEO plugin v27.6 - https:\/\/yoast.com\/product\/yoast-seo-wordpress\/ -->\n<title>Karneval 2018 - Lohschule Datteln<\/title>\n<meta name=\"robots\" content=\"index, follow, max-snippet:-1, max-image-preview:large, max-video-preview:-1\" \/>\n<link rel=\"canonical\" href=\"https:\/\/www.lohschule-datteln.de\/index.php\/karneval-2018\/\" \/>\n<meta property=\"og:locale\" content=\"de_DE\" \/>\n<meta property=\"og:type\" content=\"article\" \/>\n<meta property=\"og:title\" content=\"Karneval 2018 - Lohschule Datteln\" \/>\n<meta property=\"og:description\" content=\"An der Lohschule war heute was los Am Freitag vor Rosenmontag ist es an unserer Schule nun schon lange Tradition, dass Sch\u00fcler wie Lehrer verkleidet den Tag begehen. Und nicht nur das: Bis kurz vor der Pause wird in den Klassen gespielt, gesungen, getanzt und einfach gefeiert- nicht selten findet sich auch ein\u00a0 Buffet mit [&hellip;]\" \/>\n<meta property=\"og:url\" content=\"https:\/\/www.lohschule-datteln.de\/index.php\/karneval-2018\/\" \/>\n<meta property=\"og:site_name\" content=\"Lohschule Datteln\" \/>\n<meta property=\"article:modified_time\" content=\"2018-02-13T13:10:07+00:00\" \/>\n<meta property=\"og:image\" content=\"http:\/\/www.lohschule-datteln.de\/wp-content\/uploads\/2018\/02\/10.jpg\" \/>\n<meta name=\"twitter:card\" content=\"summary_large_image\" \/>\n<meta name=\"twitter:label1\" content=\"Gesch\u00e4tzte Lesezeit\" \/>\n\t<meta name=\"twitter:data1\" content=\"2\u00a0Minuten\" \/>\n<script type=\"application\/ld+json\" class=\"yoast-schema-graph\">{\"@context\":\"https:\\\/\\\/schema.org\",\"@graph\":[{\"@type\":\"WebPage\",\"@id\":\"https:\\\/\\\/www.lohschule-datteln.de\\\/index.php\\\/karneval-2018\\\/\",\"url\":\"https:\\\/\\\/www.lohschule-datteln.de\\\/index.php\\\/karneval-2018\\\/\",\"name\":\"Karneval 2018 - Lohschule Datteln\",\"isPartOf\":{\"@id\":\"https:\\\/\\\/www.lohschule-datteln.de\\\/#website\"},\"primaryImageOfPage\":{\"@id\":\"https:\\\/\\\/www.lohschule-datteln.de\\\/index.php\\\/karneval-2018\\\/#primaryimage\"},\"image\":{\"@id\":\"https:\\\/\\\/www.lohschule-datteln.de\\\/index.php\\\/karneval-2018\\\/#primaryimage\"},\"thumbnailUrl\":\"http:\\\/\\\/www.lohschule-datteln.de\\\/wp-content\\\/uploads\\\/2018\\\/02\\\/10.jpg\",\"datePublished\":\"2018-02-09T15:44:02+00:00\",\"dateModified\":\"2018-02-13T13:10:07+00:00\",\"breadcrumb\":{\"@id\":\"https:\\\/\\\/www.lohschule-datteln.de\\\/index.php\\\/karneval-2018\\\/#breadcrumb\"},\"inLanguage\":\"de\",\"potentialAction\":[{\"@type\":\"ReadAction\",\"target\":[\"https:\\\/\\\/www.lohschule-datteln.de\\\/index.php\\\/karneval-2018\\\/\"]}]},{\"@type\":\"ImageObject\",\"inLanguage\":\"de\",\"@id\":\"https:\\\/\\\/www.lohschule-datteln.de\\\/index.php\\\/karneval-2018\\\/#primaryimage\",\"url\":\"http:\\\/\\\/www.lohschule-datteln.de\\\/wp-content\\\/uploads\\\/2018\\\/02\\\/10.jpg\",\"contentUrl\":\"http:\\\/\\\/www.lohschule-datteln.de\\\/wp-content\\\/uploads\\\/2018\\\/02\\\/10.jpg\"},{\"@type\":\"BreadcrumbList\",\"@id\":\"https:\\\/\\\/www.lohschule-datteln.de\\\/index.php\\\/karneval-2018\\\/#breadcrumb\",\"itemListElement\":[{\"@type\":\"ListItem\",\"position\":1,\"name\":\"Startseite\",\"item\":\"https:\\\/\\\/www.lohschule-datteln.de\\\/\"},{\"@type\":\"ListItem\",\"position\":2,\"name\":\"Karneval 2018\"}]},{\"@type\":\"WebSite\",\"@id\":\"https:\\\/\\\/www.lohschule-datteln.de\\\/#website\",\"url\":\"https:\\\/\\\/www.lohschule-datteln.de\\\/\",\"name\":\"Lohschule Datteln\",\"description\":\"kath. Grundschule\",\"publisher\":{\"@id\":\"https:\\\/\\\/www.lohschule-datteln.de\\\/#organization\"},\"potentialAction\":[{\"@type\":\"SearchAction\",\"target\":{\"@type\":\"EntryPoint\",\"urlTemplate\":\"https:\\\/\\\/www.lohschule-datteln.de\\\/?s={search_term_string}\"},\"query-input\":{\"@type\":\"PropertyValueSpecification\",\"valueRequired\":true,\"valueName\":\"search_term_string\"}}],\"inLanguage\":\"de\"},{\"@type\":\"Organization\",\"@id\":\"https:\\\/\\\/www.lohschule-datteln.de\\\/#organization\",\"name\":\"Lohschule -katholische Grundschule Datteln\",\"url\":\"https:\\\/\\\/www.lohschule-datteln.de\\\/\",\"logo\":{\"@type\":\"ImageObject\",\"inLanguage\":\"de\",\"@id\":\"https:\\\/\\\/www.lohschule-datteln.de\\\/#\\\/schema\\\/logo\\\/image\\\/\",\"url\":\"http:\\\/\\\/www.lohschule-datteln.de\\\/wp-content\\\/uploads\\\/2016\\\/02\\\/Loh-neu-2016.jpg\",\"contentUrl\":\"http:\\\/\\\/www.lohschule-datteln.de\\\/wp-content\\\/uploads\\\/2016\\\/02\\\/Loh-neu-2016.jpg\",\"width\":448,\"height\":252,\"caption\":\"Lohschule -katholische Grundschule Datteln\"},\"image\":{\"@id\":\"https:\\\/\\\/www.lohschule-datteln.de\\\/#\\\/schema\\\/logo\\\/image\\\/\"}}]}<\/script>\n<!-- \/ Yoast SEO plugin. -->","yoast_head_json":{"title":"Karneval 2018 - Lohschule Datteln","robots":{"index":"index","follow":"follow","max-snippet":"max-snippet:-1","max-image-preview":"max-image-preview:large","max-video-preview":"max-video-preview:-1"},"canonical":"https:\/\/www.lohschule-datteln.de\/index.php\/karneval-2018\/","og_locale":"de_DE","og_type":"article","og_title":"Karneval 2018 - Lohschule Datteln","og_description":"An der Lohschule war heute was los Am Freitag vor Rosenmontag ist es an unserer Schule nun schon lange Tradition, dass Sch\u00fcler wie Lehrer verkleidet den Tag begehen. Und nicht nur das: Bis kurz vor der Pause wird in den Klassen gespielt, gesungen, getanzt und einfach gefeiert- nicht selten findet sich auch ein\u00a0 Buffet mit [&hellip;]","og_url":"https:\/\/www.lohschule-datteln.de\/index.php\/karneval-2018\/","og_site_name":"Lohschule Datteln","article_modified_time":"2018-02-13T13:10:07+00:00","og_image":[{"url":"http:\/\/www.lohschule-datteln.de\/wp-content\/uploads\/2018\/02\/10.jpg","type":"","width":"","height":""}],"twitter_card":"summary_large_image","twitter_misc":{"Gesch\u00e4tzte Lesezeit":"2\u00a0Minuten"},"schema":{"@context":"https:\/\/schema.org","@graph":[{"@type":"WebPage","@id":"https:\/\/www.lohschule-datteln.de\/index.php\/karneval-2018\/","url":"https:\/\/www.lohschule-datteln.de\/index.php\/karneval-2018\/","name":"Karneval 2018 - Lohschule Datteln","isPartOf":{"@id":"https:\/\/www.lohschule-datteln.de\/#website"},"primaryImageOfPage":{"@id":"https:\/\/www.lohschule-datteln.de\/index.php\/karneval-2018\/#primaryimage"},"image":{"@id":"https:\/\/www.lohschule-datteln.de\/index.php\/karneval-2018\/#primaryimage"},"thumbnailUrl":"http:\/\/www.lohschule-datteln.de\/wp-content\/uploads\/2018\/02\/10.jpg","datePublished":"2018-02-09T15:44:02+00:00","dateModified":"2018-02-13T13:10:07+00:00","breadcrumb":{"@id":"https:\/\/www.lohschule-datteln.de\/index.php\/karneval-2018\/#breadcrumb"},"inLanguage":"de","potentialAction":[{"@type":"ReadAction","target":["https:\/\/www.lohschule-datteln.de\/index.php\/karneval-2018\/"]}]},{"@type":"ImageObject","inLanguage":"de","@id":"https:\/\/www.lohschule-datteln.de\/index.php\/karneval-2018\/#primaryimage","url":"http:\/\/www.lohschule-datteln.de\/wp-content\/uploads\/2018\/02\/10.jpg","contentUrl":"http:\/\/www.lohschule-datteln.de\/wp-content\/uploads\/2018\/02\/10.jpg"},{"@type":"BreadcrumbList","@id":"https:\/\/www.lohschule-datteln.de\/index.php\/karneval-2018\/#breadcrumb","itemListElement":[{"@type":"ListItem","position":1,"name":"Startseite","item":"https:\/\/www.lohschule-datteln.de\/"},{"@type":"ListItem","position":2,"name":"Karneval 2018"}]},{"@type":"WebSite","@id":"https:\/\/www.lohschule-datteln.de\/#website","url":"https:\/\/www.lohschule-datteln.de\/","name":"Lohschule Datteln","description":"kath. Grundschule","publisher":{"@id":"https:\/\/www.lohschule-datteln.de\/#organization"},"potentialAction":[{"@type":"SearchAction","target":{"@type":"EntryPoint","urlTemplate":"https:\/\/www.lohschule-datteln.de\/?s={search_term_string}"},"query-input":{"@type":"PropertyValueSpecification","valueRequired":true,"valueName":"search_term_string"}}],"inLanguage":"de"},{"@type":"Organization","@id":"https:\/\/www.lohschule-datteln.de\/#organization","name":"Lohschule -katholische Grundschule Datteln","url":"https:\/\/www.lohschule-datteln.de\/","logo":{"@type":"ImageObject","inLanguage":"de","@id":"https:\/\/www.lohschule-datteln.de\/#\/schema\/logo\/image\/","url":"http:\/\/www.lohschule-datteln.de\/wp-content\/uploads\/2016\/02\/Loh-neu-2016.jpg","contentUrl":"http:\/\/www.lohschule-datteln.de\/wp-content\/uploads\/2016\/02\/Loh-neu-2016.jpg","width":448,"height":252,"caption":"Lohschule -katholische Grundschule Datteln"},"image":{"@id":"https:\/\/www.lohschule-datteln.de\/#\/schema\/logo\/image\/"}}]}},"_links":{"self":[{"href":"https:\/\/www.lohschule-datteln.de\/index.php\/wp-json\/wp\/v2\/pages\/3585","targetHints":{"allow":["GET"]}}],"collection":[{"href":"https:\/\/www.lohschule-datteln.de\/index.php\/wp-json\/wp\/v2\/pages"}],"about":[{"href":"https:\/\/www.lohschule-datteln.de\/index.php\/wp-json\/wp\/v2\/types\/page"}],"author":[{"embeddable":true,"href":"https:\/\/www.lohschule-datteln.de\/index.php\/wp-json\/wp\/v2\/users\/3"}],"replies":[{"embeddable":true,"href":"https:\/\/www.lohschule-datteln.de\/index.php\/wp-json\/wp\/v2\/comments?post=3585"}],"version-history":[{"count":22,"href":"https:\/\/www.lohschule-datteln.de\/index.php\/wp-json\/wp\/v2\/pages\/3585\/revisions"}],"predecessor-version":[{"id":3691,"href":"https:\/\/www.lohschule-datteln.de\/index.php\/wp-json\/wp\/v2\/pages\/3585\/revisions\/3691"}],"wp:attachment":[{"href":"https:\/\/www.lohschule-datteln.de\/index.php\/wp-json\/wp\/v2\/media?parent=3585"}],"curies":[{"name":"wp","href":"https:\/\/api.w.org\/{rel}","templated":true}]}}