{"id":3888,"date":"2018-03-26T02:28:52","date_gmt":"2018-03-26T00:28:52","guid":{"rendered":"http:\/\/www.lohschule-datteln.de\/?page_id=3888"},"modified":"2018-03-28T18:33:54","modified_gmt":"2018-03-28T16:33:54","slug":"aktion-500-deckel-fuer-eine-impfung","status":"publish","type":"page","link":"https:\/\/www.lohschule-datteln.de\/index.php\/aktion-500-deckel-fuer-eine-impfung\/","title":{"rendered":"Aktion: 500 Deckel f\u00fcr eine Impfung"},"content":{"rendered":"<h3>Unsere Lohsch\u00fcler sammeln Plastik-Deckel f\u00fcr einen guten Zweck<\/h3>\n<p><span style=\"color: #808080;\">In den vergangenen Wochen sammelten unsere Lohsch\u00fcler flei\u00dfig Plastik-Deckel. Und das nicht ohne Grund: Mit 500 Plastikdeckeln kann einem Kind die Impfung gegen Kinderl\u00e4hmung bezahlt werden. Und zwar organsiert durch ein tolles Rotary-Projekt. <\/span><br \/>\n<span style=\"color: #808080;\"> So \u00fcbergaben am letzten Schultag vor den Osterferien die Kinder der Klasse 1b stellvertretend f\u00fcr alle Lohsch\u00fcler zusammen mit Frau Schneider und Frau Kartschewski Herrn G\u00fcnter Petrat eine Kiste voller Plastik-Deckel. Herr Petrat wird die Spende entsprechend an den Rotary-Club weiterleiten. \u00dcber den gro\u00dfen Erfolg der Sammelaktion freuten sich alle sehr! Und es ist schon beschlossene Sache: Wir sammeln weiter! <\/span><\/p>\n<p><span style=\"color: #808080;\">Das Foto wurde uns freundlicher Weise von der Dattelner Morgenpost zur Verf\u00fcgung gestellt: \u00a0<\/span><\/p>\n<p>&nbsp;<\/p>\n<p><a href=\"https:\/\/www.lohschule-datteln.de\/wp-content\/uploads\/2018\/03\/d1.jpg\"><img loading=\"lazy\" decoding=\"async\" class=\"aligncenter wp-image-3895 size-full\" src=\"https:\/\/www.lohschule-datteln.de\/wp-content\/uploads\/2018\/03\/d1.jpg\" alt=\"\" width=\"448\" height=\"318\" \/><\/a><\/p>\n<h3><\/h3>\n","protected":false},"excerpt":{"rendered":"<p>Unsere Lohsch\u00fcler sammeln Plastik-Deckel f\u00fcr einen guten Zweck In den vergangenen Wochen sammelten unsere Lohsch\u00fcler flei\u00dfig Plastik-Deckel. Und das nicht ohne Grund: Mit 500 Plastikdeckeln kann einem Kind die Impfung gegen Kinderl\u00e4hmung bezahlt werden. Und zwar organsiert durch ein tolles Rotary-Projekt. So \u00fcbergaben am letzten Schultag vor den Osterferien die Kinder der Klasse 1b stellvertretend [&hellip;]<\/p>\n","protected":false},"author":3,"featured_media":0,"parent":0,"menu_order":0,"comment_status":"closed","ping_status":"closed","template":"","meta":{"footnotes":""},"class_list":["post-3888","page","type-page","status-publish","hentry"],"yoast_head":"<!-- This site is optimized with the Yoast SEO plugin v27.6 - https:\/\/yoast.com\/product\/yoast-seo-wordpress\/ -->\n<title>Aktion: 500 Deckel f\u00fcr eine Impfung - Lohschule Datteln<\/title>\n<meta name=\"robots\" content=\"index, follow, max-snippet:-1, max-image-preview:large, max-video-preview:-1\" \/>\n<link rel=\"canonical\" href=\"https:\/\/www.lohschule-datteln.de\/index.php\/aktion-500-deckel-fuer-eine-impfung\/\" \/>\n<meta property=\"og:locale\" content=\"de_DE\" \/>\n<meta property=\"og:type\" content=\"article\" \/>\n<meta property=\"og:title\" content=\"Aktion: 500 Deckel f\u00fcr eine Impfung - Lohschule Datteln\" \/>\n<meta property=\"og:description\" content=\"Unsere Lohsch\u00fcler sammeln Plastik-Deckel f\u00fcr einen guten Zweck In den vergangenen Wochen sammelten unsere Lohsch\u00fcler flei\u00dfig Plastik-Deckel. Und das nicht ohne Grund: Mit 500 Plastikdeckeln kann einem Kind die Impfung gegen Kinderl\u00e4hmung bezahlt werden. Und zwar organsiert durch ein tolles Rotary-Projekt. So \u00fcbergaben am letzten Schultag vor den Osterferien die Kinder der Klasse 1b stellvertretend [&hellip;]\" \/>\n<meta property=\"og:url\" content=\"https:\/\/www.lohschule-datteln.de\/index.php\/aktion-500-deckel-fuer-eine-impfung\/\" \/>\n<meta property=\"og:site_name\" content=\"Lohschule Datteln\" \/>\n<meta property=\"article:modified_time\" content=\"2018-03-28T16:33:54+00:00\" \/>\n<meta property=\"og:image\" content=\"http:\/\/www.lohschule-datteln.de\/wp-content\/uploads\/2018\/03\/d1.jpg\" \/>\n<meta name=\"twitter:card\" content=\"summary_large_image\" \/>\n<meta name=\"twitter:label1\" content=\"Gesch\u00e4tzte Lesezeit\" \/>\n\t<meta name=\"twitter:data1\" content=\"1\u00a0Minute\" \/>\n<script type=\"application\/ld+json\" class=\"yoast-schema-graph\">{\"@context\":\"https:\\\/\\\/schema.org\",\"@graph\":[{\"@type\":\"WebPage\",\"@id\":\"https:\\\/\\\/www.lohschule-datteln.de\\\/index.php\\\/aktion-500-deckel-fuer-eine-impfung\\\/\",\"url\":\"https:\\\/\\\/www.lohschule-datteln.de\\\/index.php\\\/aktion-500-deckel-fuer-eine-impfung\\\/\",\"name\":\"Aktion: 500 Deckel f\u00fcr eine Impfung - Lohschule Datteln\",\"isPartOf\":{\"@id\":\"https:\\\/\\\/www.lohschule-datteln.de\\\/#website\"},\"primaryImageOfPage\":{\"@id\":\"https:\\\/\\\/www.lohschule-datteln.de\\\/index.php\\\/aktion-500-deckel-fuer-eine-impfung\\\/#primaryimage\"},\"image\":{\"@id\":\"https:\\\/\\\/www.lohschule-datteln.de\\\/index.php\\\/aktion-500-deckel-fuer-eine-impfung\\\/#primaryimage\"},\"thumbnailUrl\":\"http:\\\/\\\/www.lohschule-datteln.de\\\/wp-content\\\/uploads\\\/2018\\\/03\\\/d1.jpg\",\"datePublished\":\"2018-03-26T00:28:52+00:00\",\"dateModified\":\"2018-03-28T16:33:54+00:00\",\"breadcrumb\":{\"@id\":\"https:\\\/\\\/www.lohschule-datteln.de\\\/index.php\\\/aktion-500-deckel-fuer-eine-impfung\\\/#breadcrumb\"},\"inLanguage\":\"de\",\"potentialAction\":[{\"@type\":\"ReadAction\",\"target\":[\"https:\\\/\\\/www.lohschule-datteln.de\\\/index.php\\\/aktion-500-deckel-fuer-eine-impfung\\\/\"]}]},{\"@type\":\"ImageObject\",\"inLanguage\":\"de\",\"@id\":\"https:\\\/\\\/www.lohschule-datteln.de\\\/index.php\\\/aktion-500-deckel-fuer-eine-impfung\\\/#primaryimage\",\"url\":\"http:\\\/\\\/www.lohschule-datteln.de\\\/wp-content\\\/uploads\\\/2018\\\/03\\\/d1.jpg\",\"contentUrl\":\"http:\\\/\\\/www.lohschule-datteln.de\\\/wp-content\\\/uploads\\\/2018\\\/03\\\/d1.jpg\"},{\"@type\":\"BreadcrumbList\",\"@id\":\"https:\\\/\\\/www.lohschule-datteln.de\\\/index.php\\\/aktion-500-deckel-fuer-eine-impfung\\\/#breadcrumb\",\"itemListElement\":[{\"@type\":\"ListItem\",\"position\":1,\"name\":\"Startseite\",\"item\":\"https:\\\/\\\/www.lohschule-datteln.de\\\/\"},{\"@type\":\"ListItem\",\"position\":2,\"name\":\"Aktion: 500 Deckel f\u00fcr eine Impfung\"}]},{\"@type\":\"WebSite\",\"@id\":\"https:\\\/\\\/www.lohschule-datteln.de\\\/#website\",\"url\":\"https:\\\/\\\/www.lohschule-datteln.de\\\/\",\"name\":\"Lohschule Datteln\",\"description\":\"kath. Grundschule\",\"publisher\":{\"@id\":\"https:\\\/\\\/www.lohschule-datteln.de\\\/#organization\"},\"potentialAction\":[{\"@type\":\"SearchAction\",\"target\":{\"@type\":\"EntryPoint\",\"urlTemplate\":\"https:\\\/\\\/www.lohschule-datteln.de\\\/?s={search_term_string}\"},\"query-input\":{\"@type\":\"PropertyValueSpecification\",\"valueRequired\":true,\"valueName\":\"search_term_string\"}}],\"inLanguage\":\"de\"},{\"@type\":\"Organization\",\"@id\":\"https:\\\/\\\/www.lohschule-datteln.de\\\/#organization\",\"name\":\"Lohschule -katholische Grundschule Datteln\",\"url\":\"https:\\\/\\\/www.lohschule-datteln.de\\\/\",\"logo\":{\"@type\":\"ImageObject\",\"inLanguage\":\"de\",\"@id\":\"https:\\\/\\\/www.lohschule-datteln.de\\\/#\\\/schema\\\/logo\\\/image\\\/\",\"url\":\"http:\\\/\\\/www.lohschule-datteln.de\\\/wp-content\\\/uploads\\\/2016\\\/02\\\/Loh-neu-2016.jpg\",\"contentUrl\":\"http:\\\/\\\/www.lohschule-datteln.de\\\/wp-content\\\/uploads\\\/2016\\\/02\\\/Loh-neu-2016.jpg\",\"width\":448,\"height\":252,\"caption\":\"Lohschule -katholische Grundschule Datteln\"},\"image\":{\"@id\":\"https:\\\/\\\/www.lohschule-datteln.de\\\/#\\\/schema\\\/logo\\\/image\\\/\"}}]}<\/script>\n<!-- \/ Yoast SEO plugin. -->","yoast_head_json":{"title":"Aktion: 500 Deckel f\u00fcr eine Impfung - Lohschule Datteln","robots":{"index":"index","follow":"follow","max-snippet":"max-snippet:-1","max-image-preview":"max-image-preview:large","max-video-preview":"max-video-preview:-1"},"canonical":"https:\/\/www.lohschule-datteln.de\/index.php\/aktion-500-deckel-fuer-eine-impfung\/","og_locale":"de_DE","og_type":"article","og_title":"Aktion: 500 Deckel f\u00fcr eine Impfung - Lohschule Datteln","og_description":"Unsere Lohsch\u00fcler sammeln Plastik-Deckel f\u00fcr einen guten Zweck In den vergangenen Wochen sammelten unsere Lohsch\u00fcler flei\u00dfig Plastik-Deckel. Und das nicht ohne Grund: Mit 500 Plastikdeckeln kann einem Kind die Impfung gegen Kinderl\u00e4hmung bezahlt werden. Und zwar organsiert durch ein tolles Rotary-Projekt. So \u00fcbergaben am letzten Schultag vor den Osterferien die Kinder der Klasse 1b stellvertretend [&hellip;]","og_url":"https:\/\/www.lohschule-datteln.de\/index.php\/aktion-500-deckel-fuer-eine-impfung\/","og_site_name":"Lohschule Datteln","article_modified_time":"2018-03-28T16:33:54+00:00","og_image":[{"url":"http:\/\/www.lohschule-datteln.de\/wp-content\/uploads\/2018\/03\/d1.jpg","type":"","width":"","height":""}],"twitter_card":"summary_large_image","twitter_misc":{"Gesch\u00e4tzte Lesezeit":"1\u00a0Minute"},"schema":{"@context":"https:\/\/schema.org","@graph":[{"@type":"WebPage","@id":"https:\/\/www.lohschule-datteln.de\/index.php\/aktion-500-deckel-fuer-eine-impfung\/","url":"https:\/\/www.lohschule-datteln.de\/index.php\/aktion-500-deckel-fuer-eine-impfung\/","name":"Aktion: 500 Deckel f\u00fcr eine Impfung - Lohschule Datteln","isPartOf":{"@id":"https:\/\/www.lohschule-datteln.de\/#website"},"primaryImageOfPage":{"@id":"https:\/\/www.lohschule-datteln.de\/index.php\/aktion-500-deckel-fuer-eine-impfung\/#primaryimage"},"image":{"@id":"https:\/\/www.lohschule-datteln.de\/index.php\/aktion-500-deckel-fuer-eine-impfung\/#primaryimage"},"thumbnailUrl":"http:\/\/www.lohschule-datteln.de\/wp-content\/uploads\/2018\/03\/d1.jpg","datePublished":"2018-03-26T00:28:52+00:00","dateModified":"2018-03-28T16:33:54+00:00","breadcrumb":{"@id":"https:\/\/www.lohschule-datteln.de\/index.php\/aktion-500-deckel-fuer-eine-impfung\/#breadcrumb"},"inLanguage":"de","potentialAction":[{"@type":"ReadAction","target":["https:\/\/www.lohschule-datteln.de\/index.php\/aktion-500-deckel-fuer-eine-impfung\/"]}]},{"@type":"ImageObject","inLanguage":"de","@id":"https:\/\/www.lohschule-datteln.de\/index.php\/aktion-500-deckel-fuer-eine-impfung\/#primaryimage","url":"http:\/\/www.lohschule-datteln.de\/wp-content\/uploads\/2018\/03\/d1.jpg","contentUrl":"http:\/\/www.lohschule-datteln.de\/wp-content\/uploads\/2018\/03\/d1.jpg"},{"@type":"BreadcrumbList","@id":"https:\/\/www.lohschule-datteln.de\/index.php\/aktion-500-deckel-fuer-eine-impfung\/#breadcrumb","itemListElement":[{"@type":"ListItem","position":1,"name":"Startseite","item":"https:\/\/www.lohschule-datteln.de\/"},{"@type":"ListItem","position":2,"name":"Aktion: 500 Deckel f\u00fcr eine Impfung"}]},{"@type":"WebSite","@id":"https:\/\/www.lohschule-datteln.de\/#website","url":"https:\/\/www.lohschule-datteln.de\/","name":"Lohschule Datteln","description":"kath. Grundschule","publisher":{"@id":"https:\/\/www.lohschule-datteln.de\/#organization"},"potentialAction":[{"@type":"SearchAction","target":{"@type":"EntryPoint","urlTemplate":"https:\/\/www.lohschule-datteln.de\/?s={search_term_string}"},"query-input":{"@type":"PropertyValueSpecification","valueRequired":true,"valueName":"search_term_string"}}],"inLanguage":"de"},{"@type":"Organization","@id":"https:\/\/www.lohschule-datteln.de\/#organization","name":"Lohschule -katholische Grundschule Datteln","url":"https:\/\/www.lohschule-datteln.de\/","logo":{"@type":"ImageObject","inLanguage":"de","@id":"https:\/\/www.lohschule-datteln.de\/#\/schema\/logo\/image\/","url":"http:\/\/www.lohschule-datteln.de\/wp-content\/uploads\/2016\/02\/Loh-neu-2016.jpg","contentUrl":"http:\/\/www.lohschule-datteln.de\/wp-content\/uploads\/2016\/02\/Loh-neu-2016.jpg","width":448,"height":252,"caption":"Lohschule -katholische Grundschule Datteln"},"image":{"@id":"https:\/\/www.lohschule-datteln.de\/#\/schema\/logo\/image\/"}}]}},"_links":{"self":[{"href":"https:\/\/www.lohschule-datteln.de\/index.php\/wp-json\/wp\/v2\/pages\/3888","targetHints":{"allow":["GET"]}}],"collection":[{"href":"https:\/\/www.lohschule-datteln.de\/index.php\/wp-json\/wp\/v2\/pages"}],"about":[{"href":"https:\/\/www.lohschule-datteln.de\/index.php\/wp-json\/wp\/v2\/types\/page"}],"author":[{"embeddable":true,"href":"https:\/\/www.lohschule-datteln.de\/index.php\/wp-json\/wp\/v2\/users\/3"}],"replies":[{"embeddable":true,"href":"https:\/\/www.lohschule-datteln.de\/index.php\/wp-json\/wp\/v2\/comments?post=3888"}],"version-history":[{"count":7,"href":"https:\/\/www.lohschule-datteln.de\/index.php\/wp-json\/wp\/v2\/pages\/3888\/revisions"}],"predecessor-version":[{"id":3900,"href":"https:\/\/www.lohschule-datteln.de\/index.php\/wp-json\/wp\/v2\/pages\/3888\/revisions\/3900"}],"wp:attachment":[{"href":"https:\/\/www.lohschule-datteln.de\/index.php\/wp-json\/wp\/v2\/media?parent=3888"}],"curies":[{"name":"wp","href":"https:\/\/api.w.org\/{rel}","templated":true}]}}