{"id":4306,"date":"2018-07-13T18:04:56","date_gmt":"2018-07-13T16:04:56","guid":{"rendered":"http:\/\/www.lohschule-datteln.de\/?page_id=4306"},"modified":"2018-07-13T20:28:35","modified_gmt":"2018-07-13T18:28:35","slug":"abschiedsgottesdienst-2018","status":"publish","type":"page","link":"https:\/\/www.lohschule-datteln.de\/index.php\/abschiedsgottesdienst-2018\/","title":{"rendered":"Abschiedsfeier 2018"},"content":{"rendered":"<h3>Verabschiedungstag unserer 4.Kl\u00e4ssler: Wir werden euch sehr vermissen!<\/h3>\n<p>Am heutigen letzten Schultag vor den Sommerferien, 13.07.2018, war ein ganz besonderer Tag, denn unsere 4.Kl\u00e4ssler wurden verabschiedet.<\/p>\n<p>Zun\u00e4chst gingen alle Klassen mit ihren jeweiligen Patenklassen Hand in Hand in die Sankt Amanduskirche, um dort gemeinsam den Abschlussgottesdienst des Schuljahres bzw. der Grundschulzeit zu feiern.<\/p>\n<p>&nbsp;<\/p>\n<p><a href=\"https:\/\/www.lohschule-datteln.de\/wp-content\/uploads\/2018\/07\/11.jpg\"><img loading=\"lazy\" decoding=\"async\" class=\"aligncenter size-full wp-image-4330\" src=\"https:\/\/www.lohschule-datteln.de\/wp-content\/uploads\/2018\/07\/11.jpg\" alt=\"\" width=\"448\" height=\"189\" \/><\/a><\/p>\n<p>&nbsp;<\/p>\n<p>Viele Eltern begleiteten uns schon auf dem Weg zur Kirche und f\u00fcllten den Kirchenraum bis auf den letzten Platz. Das war eine tolle Atmosph\u00e4re! Eine Mischung zwischen ganz viel Freude \u00fcber das Bevorstehende und auch nat\u00fcrlich Traurigkeit \u00fcber den Abschied. Pfarrer Schneider und Frau Kartschewski f\u00fchrten durch den Gottesdienst, der das Thema hatte:<\/p>\n<p style=\"text-align: center;\"><strong>Gott begleitet und besch\u00fctzt dich auf deinem weiteren Lebensweg.<\/strong><\/p>\n<p>Der Gottesdienst war sehr lebendig gestaltet: So trugen die 4.Kl\u00e4ssler ihre tollen Erinnerungen an ihre Grundschulzeit vor, der Schulchor unter Leitung von Frau Wilmes, sang zwei sehr sch\u00f6ne Lieder, und eine Vielzahl von W\u00fcnschen wurden unseren 4.Kl\u00e4sslern mit auf den Weg gegeben.<\/p>\n<p>&nbsp;<\/p>\n\n<p>&nbsp;<\/p>\n<p>Zum Schluss erhielten alle Kinder noch zwei Geschenke als Erinnerung an den Gottesdienst:<\/p>\n<p>&nbsp;<\/p>\n<p><a href=\"https:\/\/www.lohschule-datteln.de\/wp-content\/uploads\/2018\/07\/1-1.jpg\"><img loading=\"lazy\" decoding=\"async\" class=\"aligncenter size-full wp-image-4310\" src=\"https:\/\/www.lohschule-datteln.de\/wp-content\/uploads\/2018\/07\/1-1.jpg\" alt=\"\" width=\"336\" height=\"357\" \/><\/a><\/p>\n<p>&nbsp;<\/p>\n<p>Eine Segenskarte mit dem Themenbild des Gottesdienstes mit einem pers\u00f6nlichen Segen auf der R\u00fcckseite und einen Schutzengel als Schl\u00fcsselanh\u00e4nger. Beides soll unsere 4.Kl\u00e4ssler immer an diesen besonderen Tag erinnern.<\/p>\n<p>Nach dem Gottesdienst gingen alle gemeinsam zur Lohschule zur\u00fcck. In den Klassen wurde gefr\u00fchst\u00fcckt, die Zeugnisse verteilt, gemeinsam gelacht und wegen des nahenden Abschiedes verst\u00e4ndlicherweise auch viel geweint. Die Emotionen waren \u00fcberall zu sp\u00fcren.<\/p>\n<p>Um 10.00 Uhr ging es dann auf dem vorderen Schulhof mit unserem Verabschiedungsprogramm weiter. Alle Kinder der Schule hatten sich mit ihren Klassen dort eingefunden und bildeten -von sehr vielen Eltern und Verwandten ges\u00e4umt- einen Halbkreis um unsere Hauptakteure, die 4.Kl\u00e4ssler. Diese hatten im Vorfeld des heutigen Tages ein supertolles Programm unter Leitung von Frau Wilmes einstudiert. Frau Kartschewski begr\u00fc\u00dfte auch hier alle Eltern und Kinder herzlich zur gemeinsamen &#8222;Abschiedsfeier&#8220; auf dem Schulhof. Und besser konnte das Wetter daf\u00fcr nicht sein: Ein strahlend blauer Himmel bahnte sich immer mehr seinen Weg&#8230;.<\/p>\n<p>&nbsp;<\/p>\n<p><a href=\"https:\/\/www.lohschule-datteln.de\/wp-content\/uploads\/2018\/07\/14.jpg\"><img loading=\"lazy\" decoding=\"async\" class=\"aligncenter size-full wp-image-4319\" src=\"https:\/\/www.lohschule-datteln.de\/wp-content\/uploads\/2018\/07\/14.jpg\" alt=\"\" width=\"448\" height=\"336\" \/><\/a><\/p>\n<p>&nbsp;<\/p>\n\n<p>&nbsp;<\/p>\n<p>Mit Unterst\u00fctzung von Frau Wilmes, Frau Rohlmann und Frau Augustin f\u00fchrten die 4.Kl\u00e4ssler in ihren Abschluss-Shirts zwei einstudierte T\u00e4nze auf und rissen mit ihrer Begeisterung ihr Publikum<span style=\"color: #000000; font-family: Calibri;\"> mit.<\/span><\/p>\n<p>Herr Saamen richtete noch einige Worte an die Vierer und gab dann den Eltern der 4.Kl\u00e4ssler das Zeichen f\u00fcr ihren Einsatz: Diese hatten bunte Luftballons mit Gas gef\u00fcllt und verteilten sie an die Schulabg\u00e4nger.<\/p>\n<p>&nbsp;<\/p>\n<p><a href=\"https:\/\/www.lohschule-datteln.de\/wp-content\/uploads\/2018\/07\/17.jpg\"><img loading=\"lazy\" decoding=\"async\" class=\"aligncenter size-full wp-image-4339\" src=\"https:\/\/www.lohschule-datteln.de\/wp-content\/uploads\/2018\/07\/17.jpg\" alt=\"\" width=\"448\" height=\"252\" \/><\/a><\/p>\n<p>&nbsp;<\/p>\n<p>Von ihren W\u00fcnschen f\u00fcr die Zukunft begleitet schickten die Vierer die Ballons in den Himmel:<\/p>\n<p><span style=\"color: #000000; font-family: Calibri;\">\u00a0<\/span><\/p>\n<p><span style=\"color: #000000; font-family: Calibri;\"><a href=\"https:\/\/www.lohschule-datteln.de\/wp-content\/uploads\/2018\/07\/15.jpg\"><img loading=\"lazy\" decoding=\"async\" class=\"aligncenter size-full wp-image-4322\" src=\"https:\/\/www.lohschule-datteln.de\/wp-content\/uploads\/2018\/07\/15.jpg\" alt=\"\" width=\"448\" height=\"306\" \/><\/a><\/span><\/p>\n<p><span style=\"color: #000000; font-family: Calibri;\">\u00a0<\/span><\/p>\n\n<p>Hoffen wir, dass all ihre W\u00fcnsche in Erf\u00fcllung gehen&#8230;<\/p>\n<p><span style=\"color: #000000; font-family: Calibri;\">\u00a0<\/span><\/p>\n<p><span style=\"color: #000000; font-family: Calibri;\">\u00a0<\/span><\/p>\n<p><span style=\"color: #3366ff;\">Das Team der Lohschule w\u00fcnscht allen 4.Kl\u00e4sslern und ihren Familien einen guten Start an den weiterf\u00fchrenden Schulen.<\/span><\/p>\n<p><span style=\"color: #000000; font-family: Calibri;\">\u00a0<\/span><\/p>\n<p>&nbsp;<\/p>\n","protected":false},"excerpt":{"rendered":"<p>Verabschiedungstag unserer 4.Kl\u00e4ssler: Wir werden euch sehr vermissen! Am heutigen letzten Schultag vor den Sommerferien, 13.07.2018, war ein ganz besonderer Tag, denn unsere 4.Kl\u00e4ssler wurden verabschiedet. Zun\u00e4chst gingen alle Klassen mit ihren jeweiligen Patenklassen Hand in Hand in die Sankt Amanduskirche, um dort gemeinsam den Abschlussgottesdienst des Schuljahres bzw. der Grundschulzeit zu feiern. &nbsp; &nbsp; [&hellip;]<\/p>\n","protected":false},"author":3,"featured_media":0,"parent":0,"menu_order":0,"comment_status":"closed","ping_status":"closed","template":"","meta":{"footnotes":""},"class_list":["post-4306","page","type-page","status-publish","hentry"],"yoast_head":"<!-- This site is optimized with the Yoast SEO plugin v27.6 - https:\/\/yoast.com\/product\/yoast-seo-wordpress\/ -->\n<title>Abschiedsfeier 2018 - Lohschule Datteln<\/title>\n<meta name=\"robots\" content=\"index, follow, max-snippet:-1, max-image-preview:large, max-video-preview:-1\" \/>\n<link rel=\"canonical\" href=\"https:\/\/www.lohschule-datteln.de\/index.php\/abschiedsgottesdienst-2018\/\" \/>\n<meta property=\"og:locale\" content=\"de_DE\" \/>\n<meta property=\"og:type\" content=\"article\" \/>\n<meta property=\"og:title\" content=\"Abschiedsfeier 2018 - Lohschule Datteln\" \/>\n<meta property=\"og:description\" content=\"Verabschiedungstag unserer 4.Kl\u00e4ssler: Wir werden euch sehr vermissen! Am heutigen letzten Schultag vor den Sommerferien, 13.07.2018, war ein ganz besonderer Tag, denn unsere 4.Kl\u00e4ssler wurden verabschiedet. Zun\u00e4chst gingen alle Klassen mit ihren jeweiligen Patenklassen Hand in Hand in die Sankt Amanduskirche, um dort gemeinsam den Abschlussgottesdienst des Schuljahres bzw. der Grundschulzeit zu feiern. &nbsp; &nbsp; [&hellip;]\" \/>\n<meta property=\"og:url\" content=\"https:\/\/www.lohschule-datteln.de\/index.php\/abschiedsgottesdienst-2018\/\" \/>\n<meta property=\"og:site_name\" content=\"Lohschule Datteln\" \/>\n<meta property=\"article:modified_time\" content=\"2018-07-13T18:28:35+00:00\" \/>\n<meta property=\"og:image\" content=\"https:\/\/www.lohschule-datteln.de\/wp-content\/uploads\/2018\/07\/9-300x225.jpg\" \/>\n<meta name=\"twitter:card\" content=\"summary_large_image\" \/>\n<meta name=\"twitter:label1\" content=\"Gesch\u00e4tzte Lesezeit\" \/>\n\t<meta name=\"twitter:data1\" content=\"2\u00a0Minuten\" \/>\n<script type=\"application\/ld+json\" class=\"yoast-schema-graph\">{\"@context\":\"https:\\\/\\\/schema.org\",\"@graph\":[{\"@type\":\"WebPage\",\"@id\":\"https:\\\/\\\/www.lohschule-datteln.de\\\/index.php\\\/abschiedsgottesdienst-2018\\\/\",\"url\":\"https:\\\/\\\/www.lohschule-datteln.de\\\/index.php\\\/abschiedsgottesdienst-2018\\\/\",\"name\":\"Abschiedsfeier 2018 - Lohschule Datteln\",\"isPartOf\":{\"@id\":\"https:\\\/\\\/www.lohschule-datteln.de\\\/#website\"},\"primaryImageOfPage\":{\"@id\":\"https:\\\/\\\/www.lohschule-datteln.de\\\/index.php\\\/abschiedsgottesdienst-2018\\\/#primaryimage\"},\"image\":{\"@id\":\"https:\\\/\\\/www.lohschule-datteln.de\\\/index.php\\\/abschiedsgottesdienst-2018\\\/#primaryimage\"},\"thumbnailUrl\":\"http:\\\/\\\/www.lohschule-datteln.de\\\/wp-content\\\/uploads\\\/2018\\\/07\\\/11.jpg\",\"datePublished\":\"2018-07-13T16:04:56+00:00\",\"dateModified\":\"2018-07-13T18:28:35+00:00\",\"breadcrumb\":{\"@id\":\"https:\\\/\\\/www.lohschule-datteln.de\\\/index.php\\\/abschiedsgottesdienst-2018\\\/#breadcrumb\"},\"inLanguage\":\"de\",\"potentialAction\":[{\"@type\":\"ReadAction\",\"target\":[\"https:\\\/\\\/www.lohschule-datteln.de\\\/index.php\\\/abschiedsgottesdienst-2018\\\/\"]}]},{\"@type\":\"ImageObject\",\"inLanguage\":\"de\",\"@id\":\"https:\\\/\\\/www.lohschule-datteln.de\\\/index.php\\\/abschiedsgottesdienst-2018\\\/#primaryimage\",\"url\":\"http:\\\/\\\/www.lohschule-datteln.de\\\/wp-content\\\/uploads\\\/2018\\\/07\\\/11.jpg\",\"contentUrl\":\"http:\\\/\\\/www.lohschule-datteln.de\\\/wp-content\\\/uploads\\\/2018\\\/07\\\/11.jpg\"},{\"@type\":\"BreadcrumbList\",\"@id\":\"https:\\\/\\\/www.lohschule-datteln.de\\\/index.php\\\/abschiedsgottesdienst-2018\\\/#breadcrumb\",\"itemListElement\":[{\"@type\":\"ListItem\",\"position\":1,\"name\":\"Startseite\",\"item\":\"https:\\\/\\\/www.lohschule-datteln.de\\\/\"},{\"@type\":\"ListItem\",\"position\":2,\"name\":\"Abschiedsfeier 2018\"}]},{\"@type\":\"WebSite\",\"@id\":\"https:\\\/\\\/www.lohschule-datteln.de\\\/#website\",\"url\":\"https:\\\/\\\/www.lohschule-datteln.de\\\/\",\"name\":\"Lohschule Datteln\",\"description\":\"kath. Grundschule\",\"publisher\":{\"@id\":\"https:\\\/\\\/www.lohschule-datteln.de\\\/#organization\"},\"potentialAction\":[{\"@type\":\"SearchAction\",\"target\":{\"@type\":\"EntryPoint\",\"urlTemplate\":\"https:\\\/\\\/www.lohschule-datteln.de\\\/?s={search_term_string}\"},\"query-input\":{\"@type\":\"PropertyValueSpecification\",\"valueRequired\":true,\"valueName\":\"search_term_string\"}}],\"inLanguage\":\"de\"},{\"@type\":\"Organization\",\"@id\":\"https:\\\/\\\/www.lohschule-datteln.de\\\/#organization\",\"name\":\"Lohschule -katholische Grundschule Datteln\",\"url\":\"https:\\\/\\\/www.lohschule-datteln.de\\\/\",\"logo\":{\"@type\":\"ImageObject\",\"inLanguage\":\"de\",\"@id\":\"https:\\\/\\\/www.lohschule-datteln.de\\\/#\\\/schema\\\/logo\\\/image\\\/\",\"url\":\"http:\\\/\\\/www.lohschule-datteln.de\\\/wp-content\\\/uploads\\\/2016\\\/02\\\/Loh-neu-2016.jpg\",\"contentUrl\":\"http:\\\/\\\/www.lohschule-datteln.de\\\/wp-content\\\/uploads\\\/2016\\\/02\\\/Loh-neu-2016.jpg\",\"width\":448,\"height\":252,\"caption\":\"Lohschule -katholische Grundschule Datteln\"},\"image\":{\"@id\":\"https:\\\/\\\/www.lohschule-datteln.de\\\/#\\\/schema\\\/logo\\\/image\\\/\"}}]}<\/script>\n<!-- \/ Yoast SEO plugin. -->","yoast_head_json":{"title":"Abschiedsfeier 2018 - Lohschule Datteln","robots":{"index":"index","follow":"follow","max-snippet":"max-snippet:-1","max-image-preview":"max-image-preview:large","max-video-preview":"max-video-preview:-1"},"canonical":"https:\/\/www.lohschule-datteln.de\/index.php\/abschiedsgottesdienst-2018\/","og_locale":"de_DE","og_type":"article","og_title":"Abschiedsfeier 2018 - Lohschule Datteln","og_description":"Verabschiedungstag unserer 4.Kl\u00e4ssler: Wir werden euch sehr vermissen! Am heutigen letzten Schultag vor den Sommerferien, 13.07.2018, war ein ganz besonderer Tag, denn unsere 4.Kl\u00e4ssler wurden verabschiedet. Zun\u00e4chst gingen alle Klassen mit ihren jeweiligen Patenklassen Hand in Hand in die Sankt Amanduskirche, um dort gemeinsam den Abschlussgottesdienst des Schuljahres bzw. der Grundschulzeit zu feiern. &nbsp; &nbsp; [&hellip;]","og_url":"https:\/\/www.lohschule-datteln.de\/index.php\/abschiedsgottesdienst-2018\/","og_site_name":"Lohschule Datteln","article_modified_time":"2018-07-13T18:28:35+00:00","og_image":[{"url":"https:\/\/www.lohschule-datteln.de\/wp-content\/uploads\/2018\/07\/9-300x225.jpg","type":"","width":"","height":""}],"twitter_card":"summary_large_image","twitter_misc":{"Gesch\u00e4tzte Lesezeit":"2\u00a0Minuten"},"schema":{"@context":"https:\/\/schema.org","@graph":[{"@type":"WebPage","@id":"https:\/\/www.lohschule-datteln.de\/index.php\/abschiedsgottesdienst-2018\/","url":"https:\/\/www.lohschule-datteln.de\/index.php\/abschiedsgottesdienst-2018\/","name":"Abschiedsfeier 2018 - Lohschule Datteln","isPartOf":{"@id":"https:\/\/www.lohschule-datteln.de\/#website"},"primaryImageOfPage":{"@id":"https:\/\/www.lohschule-datteln.de\/index.php\/abschiedsgottesdienst-2018\/#primaryimage"},"image":{"@id":"https:\/\/www.lohschule-datteln.de\/index.php\/abschiedsgottesdienst-2018\/#primaryimage"},"thumbnailUrl":"http:\/\/www.lohschule-datteln.de\/wp-content\/uploads\/2018\/07\/11.jpg","datePublished":"2018-07-13T16:04:56+00:00","dateModified":"2018-07-13T18:28:35+00:00","breadcrumb":{"@id":"https:\/\/www.lohschule-datteln.de\/index.php\/abschiedsgottesdienst-2018\/#breadcrumb"},"inLanguage":"de","potentialAction":[{"@type":"ReadAction","target":["https:\/\/www.lohschule-datteln.de\/index.php\/abschiedsgottesdienst-2018\/"]}]},{"@type":"ImageObject","inLanguage":"de","@id":"https:\/\/www.lohschule-datteln.de\/index.php\/abschiedsgottesdienst-2018\/#primaryimage","url":"http:\/\/www.lohschule-datteln.de\/wp-content\/uploads\/2018\/07\/11.jpg","contentUrl":"http:\/\/www.lohschule-datteln.de\/wp-content\/uploads\/2018\/07\/11.jpg"},{"@type":"BreadcrumbList","@id":"https:\/\/www.lohschule-datteln.de\/index.php\/abschiedsgottesdienst-2018\/#breadcrumb","itemListElement":[{"@type":"ListItem","position":1,"name":"Startseite","item":"https:\/\/www.lohschule-datteln.de\/"},{"@type":"ListItem","position":2,"name":"Abschiedsfeier 2018"}]},{"@type":"WebSite","@id":"https:\/\/www.lohschule-datteln.de\/#website","url":"https:\/\/www.lohschule-datteln.de\/","name":"Lohschule Datteln","description":"kath. Grundschule","publisher":{"@id":"https:\/\/www.lohschule-datteln.de\/#organization"},"potentialAction":[{"@type":"SearchAction","target":{"@type":"EntryPoint","urlTemplate":"https:\/\/www.lohschule-datteln.de\/?s={search_term_string}"},"query-input":{"@type":"PropertyValueSpecification","valueRequired":true,"valueName":"search_term_string"}}],"inLanguage":"de"},{"@type":"Organization","@id":"https:\/\/www.lohschule-datteln.de\/#organization","name":"Lohschule -katholische Grundschule Datteln","url":"https:\/\/www.lohschule-datteln.de\/","logo":{"@type":"ImageObject","inLanguage":"de","@id":"https:\/\/www.lohschule-datteln.de\/#\/schema\/logo\/image\/","url":"http:\/\/www.lohschule-datteln.de\/wp-content\/uploads\/2016\/02\/Loh-neu-2016.jpg","contentUrl":"http:\/\/www.lohschule-datteln.de\/wp-content\/uploads\/2016\/02\/Loh-neu-2016.jpg","width":448,"height":252,"caption":"Lohschule -katholische Grundschule Datteln"},"image":{"@id":"https:\/\/www.lohschule-datteln.de\/#\/schema\/logo\/image\/"}}]}},"_links":{"self":[{"href":"https:\/\/www.lohschule-datteln.de\/index.php\/wp-json\/wp\/v2\/pages\/4306","targetHints":{"allow":["GET"]}}],"collection":[{"href":"https:\/\/www.lohschule-datteln.de\/index.php\/wp-json\/wp\/v2\/pages"}],"about":[{"href":"https:\/\/www.lohschule-datteln.de\/index.php\/wp-json\/wp\/v2\/types\/page"}],"author":[{"embeddable":true,"href":"https:\/\/www.lohschule-datteln.de\/index.php\/wp-json\/wp\/v2\/users\/3"}],"replies":[{"embeddable":true,"href":"https:\/\/www.lohschule-datteln.de\/index.php\/wp-json\/wp\/v2\/comments?post=4306"}],"version-history":[{"count":13,"href":"https:\/\/www.lohschule-datteln.de\/index.php\/wp-json\/wp\/v2\/pages\/4306\/revisions"}],"predecessor-version":[{"id":4342,"href":"https:\/\/www.lohschule-datteln.de\/index.php\/wp-json\/wp\/v2\/pages\/4306\/revisions\/4342"}],"wp:attachment":[{"href":"https:\/\/www.lohschule-datteln.de\/index.php\/wp-json\/wp\/v2\/media?parent=4306"}],"curies":[{"name":"wp","href":"https:\/\/api.w.org\/{rel}","templated":true}]}}