{"id":4376,"date":"2018-08-08T08:32:17","date_gmt":"2018-08-08T06:32:17","guid":{"rendered":"http:\/\/www.lohschule-datteln.de\/?page_id=4376"},"modified":"2020-06-15T21:12:59","modified_gmt":"2020-06-15T19:12:59","slug":"unser-logo","status":"publish","type":"page","link":"https:\/\/www.lohschule-datteln.de\/index.php\/unser-logo\/","title":{"rendered":"Unser Logo"},"content":{"rendered":"<p><a href=\"https:\/\/www.lohschule-datteln.de\/wp-content\/uploads\/2018\/05\/1.jpg\"><img loading=\"lazy\" decoding=\"async\" class=\"aligncenter size-full wp-image-4037\" src=\"https:\/\/www.lohschule-datteln.de\/wp-content\/uploads\/2018\/05\/1.jpg\" alt=\"\" width=\"448\" height=\"284\" srcset=\"https:\/\/www.lohschule-datteln.de\/wp-content\/uploads\/2018\/05\/1.jpg 448w, https:\/\/www.lohschule-datteln.de\/wp-content\/uploads\/2018\/05\/1-300x190.jpg 300w\" sizes=\"auto, (max-width: 448px) 100vw, 448px\" \/><\/a><\/p>\n<p><span style=\"color: #808080;\">Von au\u00dfen konnten Sie ab der vorletzten Aprilwoche (2020) unser Lohschullogo an der Geb\u00e4udefassade erblicken. Der K\u00fcnstler Herr Domagala hat nach mehreren Entwurfvorlagen der Kids aus dem Jahrgang 3 und 4 unser Logo an der Hauswand gestaltet. Wirklich toll !!!<\/span><\/p>\n<p><img loading=\"lazy\" decoding=\"async\" class=\"aligncenter size-full wp-image-8078\" src=\"https:\/\/www.lohschule-datteln.de\/wp-content\/uploads\/2020\/04\/Logo-Geb\u00e4ude..jpg\" alt=\"\" width=\"1024\" height=\"768\" \/><\/p>\n<p style=\"text-align: center;\"><span style=\"color: #808080;\">Dar\u00fcber freuen wir uns sehr. \ud83d\ude42<\/span><\/p>\n","protected":false},"excerpt":{"rendered":"<p>Von au\u00dfen konnten Sie ab der vorletzten Aprilwoche (2020) unser Lohschullogo an der Geb\u00e4udefassade erblicken. Der K\u00fcnstler Herr Domagala hat nach mehreren Entwurfvorlagen der Kids aus dem Jahrgang 3 und 4 unser Logo an der Hauswand gestaltet. Wirklich toll !!! Dar\u00fcber freuen wir uns sehr. \ud83d\ude42<\/p>\n","protected":false},"author":3,"featured_media":0,"parent":0,"menu_order":0,"comment_status":"closed","ping_status":"closed","template":"","meta":{"footnotes":""},"class_list":["post-4376","page","type-page","status-publish","hentry"],"yoast_head":"<!-- This site is optimized with the Yoast SEO plugin v27.4 - https:\/\/yoast.com\/product\/yoast-seo-wordpress\/ -->\n<title>Unser Logo - Lohschule Datteln<\/title>\n<meta name=\"robots\" content=\"index, follow, max-snippet:-1, max-image-preview:large, max-video-preview:-1\" \/>\n<link rel=\"canonical\" href=\"https:\/\/www.lohschule-datteln.de\/index.php\/unser-logo\/\" \/>\n<meta property=\"og:locale\" content=\"de_DE\" \/>\n<meta property=\"og:type\" content=\"article\" \/>\n<meta property=\"og:title\" content=\"Unser Logo - Lohschule Datteln\" \/>\n<meta property=\"og:description\" content=\"Von au\u00dfen konnten Sie ab der vorletzten Aprilwoche (2020) unser Lohschullogo an der Geb\u00e4udefassade erblicken. Der K\u00fcnstler Herr Domagala hat nach mehreren Entwurfvorlagen der Kids aus dem Jahrgang 3 und 4 unser Logo an der Hauswand gestaltet. Wirklich toll !!! Dar\u00fcber freuen wir uns sehr. \ud83d\ude42\" \/>\n<meta property=\"og:url\" content=\"https:\/\/www.lohschule-datteln.de\/index.php\/unser-logo\/\" \/>\n<meta property=\"og:site_name\" content=\"Lohschule Datteln\" \/>\n<meta property=\"article:modified_time\" content=\"2020-06-15T19:12:59+00:00\" \/>\n<meta property=\"og:image\" content=\"http:\/\/www.lohschule-datteln.de\/wp-content\/uploads\/2018\/05\/1.jpg\" \/>\n<meta name=\"twitter:card\" content=\"summary_large_image\" \/>\n<script type=\"application\/ld+json\" class=\"yoast-schema-graph\">{\"@context\":\"https:\\\/\\\/schema.org\",\"@graph\":[{\"@type\":\"WebPage\",\"@id\":\"https:\\\/\\\/www.lohschule-datteln.de\\\/index.php\\\/unser-logo\\\/\",\"url\":\"https:\\\/\\\/www.lohschule-datteln.de\\\/index.php\\\/unser-logo\\\/\",\"name\":\"Unser Logo - Lohschule Datteln\",\"isPartOf\":{\"@id\":\"https:\\\/\\\/www.lohschule-datteln.de\\\/#website\"},\"primaryImageOfPage\":{\"@id\":\"https:\\\/\\\/www.lohschule-datteln.de\\\/index.php\\\/unser-logo\\\/#primaryimage\"},\"image\":{\"@id\":\"https:\\\/\\\/www.lohschule-datteln.de\\\/index.php\\\/unser-logo\\\/#primaryimage\"},\"thumbnailUrl\":\"http:\\\/\\\/www.lohschule-datteln.de\\\/wp-content\\\/uploads\\\/2018\\\/05\\\/1.jpg\",\"datePublished\":\"2018-08-08T06:32:17+00:00\",\"dateModified\":\"2020-06-15T19:12:59+00:00\",\"breadcrumb\":{\"@id\":\"https:\\\/\\\/www.lohschule-datteln.de\\\/index.php\\\/unser-logo\\\/#breadcrumb\"},\"inLanguage\":\"de\",\"potentialAction\":[{\"@type\":\"ReadAction\",\"target\":[\"https:\\\/\\\/www.lohschule-datteln.de\\\/index.php\\\/unser-logo\\\/\"]}]},{\"@type\":\"ImageObject\",\"inLanguage\":\"de\",\"@id\":\"https:\\\/\\\/www.lohschule-datteln.de\\\/index.php\\\/unser-logo\\\/#primaryimage\",\"url\":\"http:\\\/\\\/www.lohschule-datteln.de\\\/wp-content\\\/uploads\\\/2018\\\/05\\\/1.jpg\",\"contentUrl\":\"http:\\\/\\\/www.lohschule-datteln.de\\\/wp-content\\\/uploads\\\/2018\\\/05\\\/1.jpg\"},{\"@type\":\"BreadcrumbList\",\"@id\":\"https:\\\/\\\/www.lohschule-datteln.de\\\/index.php\\\/unser-logo\\\/#breadcrumb\",\"itemListElement\":[{\"@type\":\"ListItem\",\"position\":1,\"name\":\"Startseite\",\"item\":\"https:\\\/\\\/www.lohschule-datteln.de\\\/\"},{\"@type\":\"ListItem\",\"position\":2,\"name\":\"Unser Logo\"}]},{\"@type\":\"WebSite\",\"@id\":\"https:\\\/\\\/www.lohschule-datteln.de\\\/#website\",\"url\":\"https:\\\/\\\/www.lohschule-datteln.de\\\/\",\"name\":\"Lohschule Datteln\",\"description\":\"kath. Grundschule\",\"publisher\":{\"@id\":\"https:\\\/\\\/www.lohschule-datteln.de\\\/#organization\"},\"potentialAction\":[{\"@type\":\"SearchAction\",\"target\":{\"@type\":\"EntryPoint\",\"urlTemplate\":\"https:\\\/\\\/www.lohschule-datteln.de\\\/?s={search_term_string}\"},\"query-input\":{\"@type\":\"PropertyValueSpecification\",\"valueRequired\":true,\"valueName\":\"search_term_string\"}}],\"inLanguage\":\"de\"},{\"@type\":\"Organization\",\"@id\":\"https:\\\/\\\/www.lohschule-datteln.de\\\/#organization\",\"name\":\"Lohschule -katholische Grundschule Datteln\",\"url\":\"https:\\\/\\\/www.lohschule-datteln.de\\\/\",\"logo\":{\"@type\":\"ImageObject\",\"inLanguage\":\"de\",\"@id\":\"https:\\\/\\\/www.lohschule-datteln.de\\\/#\\\/schema\\\/logo\\\/image\\\/\",\"url\":\"http:\\\/\\\/www.lohschule-datteln.de\\\/wp-content\\\/uploads\\\/2016\\\/02\\\/Loh-neu-2016.jpg\",\"contentUrl\":\"http:\\\/\\\/www.lohschule-datteln.de\\\/wp-content\\\/uploads\\\/2016\\\/02\\\/Loh-neu-2016.jpg\",\"width\":448,\"height\":252,\"caption\":\"Lohschule -katholische Grundschule Datteln\"},\"image\":{\"@id\":\"https:\\\/\\\/www.lohschule-datteln.de\\\/#\\\/schema\\\/logo\\\/image\\\/\"}}]}<\/script>\n<!-- \/ Yoast SEO plugin. -->","yoast_head_json":{"title":"Unser Logo - Lohschule Datteln","robots":{"index":"index","follow":"follow","max-snippet":"max-snippet:-1","max-image-preview":"max-image-preview:large","max-video-preview":"max-video-preview:-1"},"canonical":"https:\/\/www.lohschule-datteln.de\/index.php\/unser-logo\/","og_locale":"de_DE","og_type":"article","og_title":"Unser Logo - Lohschule Datteln","og_description":"Von au\u00dfen konnten Sie ab der vorletzten Aprilwoche (2020) unser Lohschullogo an der Geb\u00e4udefassade erblicken. Der K\u00fcnstler Herr Domagala hat nach mehreren Entwurfvorlagen der Kids aus dem Jahrgang 3 und 4 unser Logo an der Hauswand gestaltet. Wirklich toll !!! Dar\u00fcber freuen wir uns sehr. \ud83d\ude42","og_url":"https:\/\/www.lohschule-datteln.de\/index.php\/unser-logo\/","og_site_name":"Lohschule Datteln","article_modified_time":"2020-06-15T19:12:59+00:00","og_image":[{"url":"http:\/\/www.lohschule-datteln.de\/wp-content\/uploads\/2018\/05\/1.jpg","type":"","width":"","height":""}],"twitter_card":"summary_large_image","schema":{"@context":"https:\/\/schema.org","@graph":[{"@type":"WebPage","@id":"https:\/\/www.lohschule-datteln.de\/index.php\/unser-logo\/","url":"https:\/\/www.lohschule-datteln.de\/index.php\/unser-logo\/","name":"Unser Logo - Lohschule Datteln","isPartOf":{"@id":"https:\/\/www.lohschule-datteln.de\/#website"},"primaryImageOfPage":{"@id":"https:\/\/www.lohschule-datteln.de\/index.php\/unser-logo\/#primaryimage"},"image":{"@id":"https:\/\/www.lohschule-datteln.de\/index.php\/unser-logo\/#primaryimage"},"thumbnailUrl":"http:\/\/www.lohschule-datteln.de\/wp-content\/uploads\/2018\/05\/1.jpg","datePublished":"2018-08-08T06:32:17+00:00","dateModified":"2020-06-15T19:12:59+00:00","breadcrumb":{"@id":"https:\/\/www.lohschule-datteln.de\/index.php\/unser-logo\/#breadcrumb"},"inLanguage":"de","potentialAction":[{"@type":"ReadAction","target":["https:\/\/www.lohschule-datteln.de\/index.php\/unser-logo\/"]}]},{"@type":"ImageObject","inLanguage":"de","@id":"https:\/\/www.lohschule-datteln.de\/index.php\/unser-logo\/#primaryimage","url":"http:\/\/www.lohschule-datteln.de\/wp-content\/uploads\/2018\/05\/1.jpg","contentUrl":"http:\/\/www.lohschule-datteln.de\/wp-content\/uploads\/2018\/05\/1.jpg"},{"@type":"BreadcrumbList","@id":"https:\/\/www.lohschule-datteln.de\/index.php\/unser-logo\/#breadcrumb","itemListElement":[{"@type":"ListItem","position":1,"name":"Startseite","item":"https:\/\/www.lohschule-datteln.de\/"},{"@type":"ListItem","position":2,"name":"Unser Logo"}]},{"@type":"WebSite","@id":"https:\/\/www.lohschule-datteln.de\/#website","url":"https:\/\/www.lohschule-datteln.de\/","name":"Lohschule Datteln","description":"kath. Grundschule","publisher":{"@id":"https:\/\/www.lohschule-datteln.de\/#organization"},"potentialAction":[{"@type":"SearchAction","target":{"@type":"EntryPoint","urlTemplate":"https:\/\/www.lohschule-datteln.de\/?s={search_term_string}"},"query-input":{"@type":"PropertyValueSpecification","valueRequired":true,"valueName":"search_term_string"}}],"inLanguage":"de"},{"@type":"Organization","@id":"https:\/\/www.lohschule-datteln.de\/#organization","name":"Lohschule -katholische Grundschule Datteln","url":"https:\/\/www.lohschule-datteln.de\/","logo":{"@type":"ImageObject","inLanguage":"de","@id":"https:\/\/www.lohschule-datteln.de\/#\/schema\/logo\/image\/","url":"http:\/\/www.lohschule-datteln.de\/wp-content\/uploads\/2016\/02\/Loh-neu-2016.jpg","contentUrl":"http:\/\/www.lohschule-datteln.de\/wp-content\/uploads\/2016\/02\/Loh-neu-2016.jpg","width":448,"height":252,"caption":"Lohschule -katholische Grundschule Datteln"},"image":{"@id":"https:\/\/www.lohschule-datteln.de\/#\/schema\/logo\/image\/"}}]}},"_links":{"self":[{"href":"https:\/\/www.lohschule-datteln.de\/index.php\/wp-json\/wp\/v2\/pages\/4376","targetHints":{"allow":["GET"]}}],"collection":[{"href":"https:\/\/www.lohschule-datteln.de\/index.php\/wp-json\/wp\/v2\/pages"}],"about":[{"href":"https:\/\/www.lohschule-datteln.de\/index.php\/wp-json\/wp\/v2\/types\/page"}],"author":[{"embeddable":true,"href":"https:\/\/www.lohschule-datteln.de\/index.php\/wp-json\/wp\/v2\/users\/3"}],"replies":[{"embeddable":true,"href":"https:\/\/www.lohschule-datteln.de\/index.php\/wp-json\/wp\/v2\/comments?post=4376"}],"version-history":[{"count":8,"href":"https:\/\/www.lohschule-datteln.de\/index.php\/wp-json\/wp\/v2\/pages\/4376\/revisions"}],"predecessor-version":[{"id":9149,"href":"https:\/\/www.lohschule-datteln.de\/index.php\/wp-json\/wp\/v2\/pages\/4376\/revisions\/9149"}],"wp:attachment":[{"href":"https:\/\/www.lohschule-datteln.de\/index.php\/wp-json\/wp\/v2\/media?parent=4376"}],"curies":[{"name":"wp","href":"https:\/\/api.w.org\/{rel}","templated":true}]}}