{"id":4408,"date":"2018-08-30T19:46:10","date_gmt":"2018-08-30T17:46:10","guid":{"rendered":"http:\/\/www.lohschule-datteln.de\/?page_id=4408"},"modified":"2018-09-03T16:54:27","modified_gmt":"2018-09-03T14:54:27","slug":"einschulungstag-2018","status":"publish","type":"page","link":"https:\/\/www.lohschule-datteln.de\/index.php\/einschulungstag-2018\/","title":{"rendered":"Einschulungstag 2018"},"content":{"rendered":"<h3>Der 1. Schultag<\/h3>\n<p><span style=\"color: #808080; font-family: Calibri;\">Am Donnerstag, dem 30. August, war es endlich soweit: Der erste Schultag f\u00fcr unsere Schulanf\u00e4nger stand an. Wie in jedem Jahr startete die Einschulungsfeier mit einem Gottesdienst in der St. Amandus-Kirche. Pfarrer Schneider und\u00a0 einige Kinder aus der Klasse 4b unter Anleitung von Frau Hormann gestalteten den Gottesdienst. Die Gro\u00dfen unserer Schule trugen die F\u00fcrbitten vor und pr\u00e4sentierten den Erstis und ihren Familien ein Bilderbuchkino.<\/span><\/p>\n\n<p><span style=\"color: #808080; font-family: Calibri;\">Zum Schluss gab es f\u00fcr jeden Schulanf\u00e4nger ein kleines Gru\u00dfk\u00e4rtchen mit Tattoos vom Bischof Felix aus M\u00fcnster.<\/span><\/p>\n<p><span style=\"color: #808080; font-family: Calibri;\">Auf dem vorderen Schulhof angekommen, durften die Erstis ihre Schult\u00fcte getrost bei den Eltern lassen. Alle Kinder fanden mit ihren Schultaschen einen Platz im Sitzhalbkreis, der schon auf sie wartete. <\/span><\/p>\n\n<p><span style=\"color: #808080; font-family: Calibri;\">Bald sollte es dann auch losgehen: <\/span><span style=\"color: #000000; font-family: Calibri;\"><span style=\"color: #808080;\">Frau Schneider begr\u00fc\u00dfte die Erstis, ihre Familien und Paten. Die Kinder des dritten Jahrgangs sangen unter Frau Wilmes Leitung das Lied \u201eSeid willkommen!\u201c<\/span> <\/span><\/p>\n<p>&nbsp;<\/p>\n<p><a href=\"https:\/\/www.lohschule-datteln.de\/wp-content\/uploads\/2018\/09\/Sch1.jpg\"><img loading=\"lazy\" decoding=\"async\" class=\"aligncenter size-full wp-image-4414\" src=\"https:\/\/www.lohschule-datteln.de\/wp-content\/uploads\/2018\/09\/Sch1.jpg\" alt=\"\" width=\"448\" height=\"333\" \/><\/a><\/p>\n<p>&nbsp;<\/p>\n<p><span style=\"color: #000000; font-family: Calibri;\"><span style=\"color: #808080;\">Die Wolfsklasse (3b) f\u00fchrte unter der Leitung ihrer Klassenlehrerin Frau M\u00fcller zum Muppet-Lied \u201eMah-na Mah-na\u201c einen Sockenpuppen-Sketch auf.<\/span> <\/span><\/p>\n<p>&nbsp;<\/p>\n<p><a href=\"https:\/\/www.lohschule-datteln.de\/wp-content\/uploads\/2018\/09\/Sch5.jpg\"><img loading=\"lazy\" decoding=\"async\" class=\"aligncenter size-full wp-image-4418\" src=\"https:\/\/www.lohschule-datteln.de\/wp-content\/uploads\/2018\/09\/Sch5.jpg\" alt=\"\" width=\"202\" height=\"448\" \/><\/a><\/p>\n<p>&nbsp;<\/p>\n<p><span style=\"color: #808080; font-family: Calibri;\">Dann rief Frau Schneider die Kinder der einzelnen Klassen auf, zu ihren Klassenlehrern zu kommen. Frau Alex machte mit ihrer Zebraklasse (1a) den Anfang. An langer, blauer Leine hielten sich alle Kinder der Klasse fest und folgten ihr in den Klassenraum. \u00a0Als N\u00e4chstes durften die Kinder der 1b, der Eulenklasse, zu ihrer Klassenlehrerin Frau Wyrobek kommen. Als auch diese sich auf den Weg in ihren Klassenraum gemacht hatten, rief Frau Schneider zum Schluss die Monsterklassenkinder (1c) auf, zu ihrem Klassenlehrer Herrn Saamen zu kommen. Nachdem die B\u00e4renkinder im Geb\u00e4ude verschwunden waren, \u00a0waren alle Eltern, Paten und Anverwandten geladen, sich auf dem hinteren Schulhof bei Kaffee, Kuchen und frischen Waffeln, die der F\u00f6rderverein anbot, die Zeit zu vertreiben. Ganz nebenbei konnten die G\u00e4ste das neueste Angebot unseres F\u00f6rdervereins in Augenschein nehmen: ein Lohschul-T-Shirt. Jeder Interessierte, ob gro\u00df oder klein, kann dies beim F\u00f6rderverein erhalten.<\/span><\/p>\n<p><span style=\"color: #808080; font-family: Calibri;\">Die Zeit verging fast wie im Flug. Nach der Schulstunde kamen die Erstis mit ihren Klassenlehrern auf den Schulhof zur\u00fcck.<\/span><\/p>\n<p><span style=\"color: #808080; font-family: Calibri;\">\u00a0<\/span><\/p>\n<p><span style=\"color: #339966; font-family: Calibri;\">Wir, das Team der Lohschule, hoffen, dass es ein toller, erster Tag f\u00fcr alle i-D\u00f6tzchen und ihre Familien war. <\/span><\/p>\n<p><span style=\"color: #339966; font-family: Calibri;\">Alles Gute zum Schulstart!<\/span><\/p>\n","protected":false},"excerpt":{"rendered":"<p>Der 1. Schultag Am Donnerstag, dem 30. August, war es endlich soweit: Der erste Schultag f\u00fcr unsere Schulanf\u00e4nger stand an. Wie in jedem Jahr startete die Einschulungsfeier mit einem Gottesdienst in der St. Amandus-Kirche. Pfarrer Schneider und\u00a0 einige Kinder aus der Klasse 4b unter Anleitung von Frau Hormann gestalteten den Gottesdienst. Die Gro\u00dfen unserer Schule [&hellip;]<\/p>\n","protected":false},"author":3,"featured_media":0,"parent":0,"menu_order":0,"comment_status":"closed","ping_status":"closed","template":"","meta":{"footnotes":""},"class_list":["post-4408","page","type-page","status-publish","hentry"],"yoast_head":"<!-- This site is optimized with the Yoast SEO plugin v27.6 - https:\/\/yoast.com\/product\/yoast-seo-wordpress\/ -->\n<title>Einschulungstag 2018 - Lohschule Datteln<\/title>\n<meta name=\"robots\" content=\"index, follow, max-snippet:-1, max-image-preview:large, max-video-preview:-1\" \/>\n<link rel=\"canonical\" href=\"https:\/\/www.lohschule-datteln.de\/index.php\/einschulungstag-2018\/\" \/>\n<meta property=\"og:locale\" content=\"de_DE\" \/>\n<meta property=\"og:type\" content=\"article\" \/>\n<meta property=\"og:title\" content=\"Einschulungstag 2018 - Lohschule Datteln\" \/>\n<meta property=\"og:description\" content=\"Der 1. Schultag Am Donnerstag, dem 30. August, war es endlich soweit: Der erste Schultag f\u00fcr unsere Schulanf\u00e4nger stand an. Wie in jedem Jahr startete die Einschulungsfeier mit einem Gottesdienst in der St. Amandus-Kirche. Pfarrer Schneider und\u00a0 einige Kinder aus der Klasse 4b unter Anleitung von Frau Hormann gestalteten den Gottesdienst. Die Gro\u00dfen unserer Schule [&hellip;]\" \/>\n<meta property=\"og:url\" content=\"https:\/\/www.lohschule-datteln.de\/index.php\/einschulungstag-2018\/\" \/>\n<meta property=\"og:site_name\" content=\"Lohschule Datteln\" \/>\n<meta property=\"article:modified_time\" content=\"2018-09-03T14:54:27+00:00\" \/>\n<meta property=\"og:image\" content=\"https:\/\/www.lohschule-datteln.de\/wp-content\/uploads\/2018\/09\/G1-300x169.jpg\" \/>\n<meta name=\"twitter:card\" content=\"summary_large_image\" \/>\n<meta name=\"twitter:label1\" content=\"Gesch\u00e4tzte Lesezeit\" \/>\n\t<meta name=\"twitter:data1\" content=\"2\u00a0Minuten\" \/>\n<script type=\"application\/ld+json\" class=\"yoast-schema-graph\">{\"@context\":\"https:\\\/\\\/schema.org\",\"@graph\":[{\"@type\":\"WebPage\",\"@id\":\"https:\\\/\\\/www.lohschule-datteln.de\\\/index.php\\\/einschulungstag-2018\\\/\",\"url\":\"https:\\\/\\\/www.lohschule-datteln.de\\\/index.php\\\/einschulungstag-2018\\\/\",\"name\":\"Einschulungstag 2018 - Lohschule Datteln\",\"isPartOf\":{\"@id\":\"https:\\\/\\\/www.lohschule-datteln.de\\\/#website\"},\"primaryImageOfPage\":{\"@id\":\"https:\\\/\\\/www.lohschule-datteln.de\\\/index.php\\\/einschulungstag-2018\\\/#primaryimage\"},\"image\":{\"@id\":\"https:\\\/\\\/www.lohschule-datteln.de\\\/index.php\\\/einschulungstag-2018\\\/#primaryimage\"},\"thumbnailUrl\":\"http:\\\/\\\/www.lohschule-datteln.de\\\/wp-content\\\/uploads\\\/2018\\\/09\\\/Sch1.jpg\",\"datePublished\":\"2018-08-30T17:46:10+00:00\",\"dateModified\":\"2018-09-03T14:54:27+00:00\",\"breadcrumb\":{\"@id\":\"https:\\\/\\\/www.lohschule-datteln.de\\\/index.php\\\/einschulungstag-2018\\\/#breadcrumb\"},\"inLanguage\":\"de\",\"potentialAction\":[{\"@type\":\"ReadAction\",\"target\":[\"https:\\\/\\\/www.lohschule-datteln.de\\\/index.php\\\/einschulungstag-2018\\\/\"]}]},{\"@type\":\"ImageObject\",\"inLanguage\":\"de\",\"@id\":\"https:\\\/\\\/www.lohschule-datteln.de\\\/index.php\\\/einschulungstag-2018\\\/#primaryimage\",\"url\":\"http:\\\/\\\/www.lohschule-datteln.de\\\/wp-content\\\/uploads\\\/2018\\\/09\\\/Sch1.jpg\",\"contentUrl\":\"http:\\\/\\\/www.lohschule-datteln.de\\\/wp-content\\\/uploads\\\/2018\\\/09\\\/Sch1.jpg\"},{\"@type\":\"BreadcrumbList\",\"@id\":\"https:\\\/\\\/www.lohschule-datteln.de\\\/index.php\\\/einschulungstag-2018\\\/#breadcrumb\",\"itemListElement\":[{\"@type\":\"ListItem\",\"position\":1,\"name\":\"Startseite\",\"item\":\"https:\\\/\\\/www.lohschule-datteln.de\\\/\"},{\"@type\":\"ListItem\",\"position\":2,\"name\":\"Einschulungstag 2018\"}]},{\"@type\":\"WebSite\",\"@id\":\"https:\\\/\\\/www.lohschule-datteln.de\\\/#website\",\"url\":\"https:\\\/\\\/www.lohschule-datteln.de\\\/\",\"name\":\"Lohschule Datteln\",\"description\":\"kath. Grundschule\",\"publisher\":{\"@id\":\"https:\\\/\\\/www.lohschule-datteln.de\\\/#organization\"},\"potentialAction\":[{\"@type\":\"SearchAction\",\"target\":{\"@type\":\"EntryPoint\",\"urlTemplate\":\"https:\\\/\\\/www.lohschule-datteln.de\\\/?s={search_term_string}\"},\"query-input\":{\"@type\":\"PropertyValueSpecification\",\"valueRequired\":true,\"valueName\":\"search_term_string\"}}],\"inLanguage\":\"de\"},{\"@type\":\"Organization\",\"@id\":\"https:\\\/\\\/www.lohschule-datteln.de\\\/#organization\",\"name\":\"Lohschule -katholische Grundschule Datteln\",\"url\":\"https:\\\/\\\/www.lohschule-datteln.de\\\/\",\"logo\":{\"@type\":\"ImageObject\",\"inLanguage\":\"de\",\"@id\":\"https:\\\/\\\/www.lohschule-datteln.de\\\/#\\\/schema\\\/logo\\\/image\\\/\",\"url\":\"http:\\\/\\\/www.lohschule-datteln.de\\\/wp-content\\\/uploads\\\/2016\\\/02\\\/Loh-neu-2016.jpg\",\"contentUrl\":\"http:\\\/\\\/www.lohschule-datteln.de\\\/wp-content\\\/uploads\\\/2016\\\/02\\\/Loh-neu-2016.jpg\",\"width\":448,\"height\":252,\"caption\":\"Lohschule -katholische Grundschule Datteln\"},\"image\":{\"@id\":\"https:\\\/\\\/www.lohschule-datteln.de\\\/#\\\/schema\\\/logo\\\/image\\\/\"}}]}<\/script>\n<!-- \/ Yoast SEO plugin. -->","yoast_head_json":{"title":"Einschulungstag 2018 - Lohschule Datteln","robots":{"index":"index","follow":"follow","max-snippet":"max-snippet:-1","max-image-preview":"max-image-preview:large","max-video-preview":"max-video-preview:-1"},"canonical":"https:\/\/www.lohschule-datteln.de\/index.php\/einschulungstag-2018\/","og_locale":"de_DE","og_type":"article","og_title":"Einschulungstag 2018 - Lohschule Datteln","og_description":"Der 1. Schultag Am Donnerstag, dem 30. August, war es endlich soweit: Der erste Schultag f\u00fcr unsere Schulanf\u00e4nger stand an. Wie in jedem Jahr startete die Einschulungsfeier mit einem Gottesdienst in der St. Amandus-Kirche. Pfarrer Schneider und\u00a0 einige Kinder aus der Klasse 4b unter Anleitung von Frau Hormann gestalteten den Gottesdienst. Die Gro\u00dfen unserer Schule [&hellip;]","og_url":"https:\/\/www.lohschule-datteln.de\/index.php\/einschulungstag-2018\/","og_site_name":"Lohschule Datteln","article_modified_time":"2018-09-03T14:54:27+00:00","og_image":[{"url":"https:\/\/www.lohschule-datteln.de\/wp-content\/uploads\/2018\/09\/G1-300x169.jpg","type":"","width":"","height":""}],"twitter_card":"summary_large_image","twitter_misc":{"Gesch\u00e4tzte Lesezeit":"2\u00a0Minuten"},"schema":{"@context":"https:\/\/schema.org","@graph":[{"@type":"WebPage","@id":"https:\/\/www.lohschule-datteln.de\/index.php\/einschulungstag-2018\/","url":"https:\/\/www.lohschule-datteln.de\/index.php\/einschulungstag-2018\/","name":"Einschulungstag 2018 - Lohschule Datteln","isPartOf":{"@id":"https:\/\/www.lohschule-datteln.de\/#website"},"primaryImageOfPage":{"@id":"https:\/\/www.lohschule-datteln.de\/index.php\/einschulungstag-2018\/#primaryimage"},"image":{"@id":"https:\/\/www.lohschule-datteln.de\/index.php\/einschulungstag-2018\/#primaryimage"},"thumbnailUrl":"http:\/\/www.lohschule-datteln.de\/wp-content\/uploads\/2018\/09\/Sch1.jpg","datePublished":"2018-08-30T17:46:10+00:00","dateModified":"2018-09-03T14:54:27+00:00","breadcrumb":{"@id":"https:\/\/www.lohschule-datteln.de\/index.php\/einschulungstag-2018\/#breadcrumb"},"inLanguage":"de","potentialAction":[{"@type":"ReadAction","target":["https:\/\/www.lohschule-datteln.de\/index.php\/einschulungstag-2018\/"]}]},{"@type":"ImageObject","inLanguage":"de","@id":"https:\/\/www.lohschule-datteln.de\/index.php\/einschulungstag-2018\/#primaryimage","url":"http:\/\/www.lohschule-datteln.de\/wp-content\/uploads\/2018\/09\/Sch1.jpg","contentUrl":"http:\/\/www.lohschule-datteln.de\/wp-content\/uploads\/2018\/09\/Sch1.jpg"},{"@type":"BreadcrumbList","@id":"https:\/\/www.lohschule-datteln.de\/index.php\/einschulungstag-2018\/#breadcrumb","itemListElement":[{"@type":"ListItem","position":1,"name":"Startseite","item":"https:\/\/www.lohschule-datteln.de\/"},{"@type":"ListItem","position":2,"name":"Einschulungstag 2018"}]},{"@type":"WebSite","@id":"https:\/\/www.lohschule-datteln.de\/#website","url":"https:\/\/www.lohschule-datteln.de\/","name":"Lohschule Datteln","description":"kath. Grundschule","publisher":{"@id":"https:\/\/www.lohschule-datteln.de\/#organization"},"potentialAction":[{"@type":"SearchAction","target":{"@type":"EntryPoint","urlTemplate":"https:\/\/www.lohschule-datteln.de\/?s={search_term_string}"},"query-input":{"@type":"PropertyValueSpecification","valueRequired":true,"valueName":"search_term_string"}}],"inLanguage":"de"},{"@type":"Organization","@id":"https:\/\/www.lohschule-datteln.de\/#organization","name":"Lohschule -katholische Grundschule Datteln","url":"https:\/\/www.lohschule-datteln.de\/","logo":{"@type":"ImageObject","inLanguage":"de","@id":"https:\/\/www.lohschule-datteln.de\/#\/schema\/logo\/image\/","url":"http:\/\/www.lohschule-datteln.de\/wp-content\/uploads\/2016\/02\/Loh-neu-2016.jpg","contentUrl":"http:\/\/www.lohschule-datteln.de\/wp-content\/uploads\/2016\/02\/Loh-neu-2016.jpg","width":448,"height":252,"caption":"Lohschule -katholische Grundschule Datteln"},"image":{"@id":"https:\/\/www.lohschule-datteln.de\/#\/schema\/logo\/image\/"}}]}},"_links":{"self":[{"href":"https:\/\/www.lohschule-datteln.de\/index.php\/wp-json\/wp\/v2\/pages\/4408","targetHints":{"allow":["GET"]}}],"collection":[{"href":"https:\/\/www.lohschule-datteln.de\/index.php\/wp-json\/wp\/v2\/pages"}],"about":[{"href":"https:\/\/www.lohschule-datteln.de\/index.php\/wp-json\/wp\/v2\/types\/page"}],"author":[{"embeddable":true,"href":"https:\/\/www.lohschule-datteln.de\/index.php\/wp-json\/wp\/v2\/users\/3"}],"replies":[{"embeddable":true,"href":"https:\/\/www.lohschule-datteln.de\/index.php\/wp-json\/wp\/v2\/comments?post=4408"}],"version-history":[{"count":9,"href":"https:\/\/www.lohschule-datteln.de\/index.php\/wp-json\/wp\/v2\/pages\/4408\/revisions"}],"predecessor-version":[{"id":4427,"href":"https:\/\/www.lohschule-datteln.de\/index.php\/wp-json\/wp\/v2\/pages\/4408\/revisions\/4427"}],"wp:attachment":[{"href":"https:\/\/www.lohschule-datteln.de\/index.php\/wp-json\/wp\/v2\/media?parent=4408"}],"curies":[{"name":"wp","href":"https:\/\/api.w.org\/{rel}","templated":true}]}}