{"id":4490,"date":"2018-09-28T19:43:36","date_gmt":"2018-09-28T17:43:36","guid":{"rendered":"http:\/\/www.lohschule-datteln.de\/?page_id=4490"},"modified":"2019-04-10T21:39:22","modified_gmt":"2019-04-10T19:39:22","slug":"lohschulrat-2018-19","status":"publish","type":"page","link":"https:\/\/www.lohschule-datteln.de\/index.php\/lohschulrat-2018-19\/","title":{"rendered":"Lohschulrat 2018\/19"},"content":{"rendered":"<h3>Unser Lohschulrat<\/h3>\n<p><span style=\"color: #808080;\">In unserem Lohschulrat an der Lohschule treffen sich auch weiterhin alle 14 Tage die Klassensprecher\/Klassensprecherinnen und ihre Vertreter\/Vertreterinnen mit Frau Schneider im Musikraum. Seit dem 2. Halbjahr (11.02.2019) geh\u00f6ren auch die Klassensprecher\/Klassensprecherinnen aus dem Jahrgang 1 dazu.<\/span><\/p>\n<p>&nbsp;<\/p>\n<p><img loading=\"lazy\" decoding=\"async\" class=\"wp-image-5474 aligncenter\" src=\"https:\/\/www.lohschule-datteln.de\/wp-content\/uploads\/2019\/04\/Klassensprecher.jpg\" alt=\"\" width=\"400\" height=\"300\" \/><\/p>\n<p>&nbsp;<\/p>\n<p><span style=\"color: #808080;\">In den letzten Wochen haben wir uns mit den W\u00fcnschen unserer Sch\u00fclerinnen und Sch\u00fcler besch\u00e4ftigt, die sie im Rahmen der Herzensangelegenheiten aus jeder Klasse mit in den Lohschulrat bringen. Dazu z\u00e4hlen z.B. l\u00e4ngere Pausen, ein Spielzeugtag, ein Schulkiosk, neue Spielger\u00e4te f\u00fcr unseren Spielplatz und den Schulhof, ein weiteres Fu\u00dfballfeld, ein Haustiertag usw. Die W\u00fcnsche aus unserer Sch\u00fclerschaft sind hier sehr vielf\u00e4ltig.<\/span><\/p>\n<p><span style=\"color: #808080;\">Zudem besprechen wir auch den Einsatz unserer Pausenhelfer\/Pausenhelferinnen und ihre mit diesem Dienst verbundenen Aufgaben. Ein weiteres, leider auch immer wiederkehrendes Thema sind die Toiletten unserer Lohschule. Einige Kinder machen dort immer wieder Bl\u00f6dsinn, indem sie z.B. mit den Klopapierrollen Weitwurf spielen oder die T\u00fccher, mit denen sie sich nach dem H\u00e4ndewaschen die H\u00e4nde abtrocknen sollen, nass durch die Toiletten werfen. Gerne machen auch einige Kinder mit den Seifen am Waschbecken kleine Schaumpartys. Der Lohschulrat nimmt dann diese Anliegen, die wir gemeinsam besprochen haben, wieder mit in die Klassen und informiert die anderen Kinder \u00fcber die verschiedenen Dinge.<\/span><\/p>\n<p><span style=\"color: #808080;\">Zu jeder Sitzung schreibt Frau Schneider ein kurzes Protokoll. Dieses erh\u00e4lt jede Klasse f\u00fcr ihre Lohschulratmappe, und sie kann somit im Klassenverbund immer wieder nachlesen, was miteinander besprochen und vereinbart wurde.<\/span><\/p>\n<p>&nbsp;<\/p>\n<p>&nbsp;<\/p>\n<p>&nbsp;<\/p>\n<h3>Lohschulrat &#8211; ein neues Gremium<\/h3>\n<p><span style=\"margin: 0px; color: #808080; line-height: 115%; font-family: 'Comic Sans MS'; font-size: 14pt;\">Seit dem 21. September haben wir einen Lohschulrat. Unsere zw\u00f6lf Klassensprecher und ihre Vertreter treffen sich vierzehnt\u00e4gig mit Frau Schneider in unserem Musikraum, um Belange der Sch\u00fcler in den Klassen zu besprechen. In diese Ratssitzung k\u00f6nnen Anliegen der Kinder und der Lehrer eingebracht werden. Im Anschluss berichten die Klassensprecher in ihren Klassen, was sich in der Sitzung ergeben hat. Die Lehrer werden in den Konferenzen \u00fcber die Sitzungen informiert. Damit die Sch\u00fcler in den Klassen sich auch selbst informieren k\u00f6nnen, gibt es in jeder Klasse eine Lohschulratsmappe mit den Sitzungsprotokollen zum Nachlesen.<\/span><\/p>\n<p><span style=\"margin: 0px; color: #808080; line-height: 115%; font-family: 'Comic Sans MS'; font-size: 14pt;\">Der Lohschulrat stellt sich Interessierten im Haupteingangsbereich vor:<\/span><\/p>\n<p>&nbsp;<\/p>\n<p><a href=\"https:\/\/www.lohschule-datteln.de\/wp-content\/uploads\/2018\/09\/1-2.jpg\"><img loading=\"lazy\" decoding=\"async\" class=\"aligncenter size-full wp-image-4497\" src=\"https:\/\/www.lohschule-datteln.de\/wp-content\/uploads\/2018\/09\/1-2.jpg\" alt=\"\" width=\"336\" height=\"355\" \/><\/a><\/p>\n<p>&nbsp;<\/p>\n","protected":false},"excerpt":{"rendered":"<p>Unser Lohschulrat In unserem Lohschulrat an der Lohschule treffen sich auch weiterhin alle 14 Tage die Klassensprecher\/Klassensprecherinnen und ihre Vertreter\/Vertreterinnen mit Frau Schneider im Musikraum. Seit dem 2. Halbjahr (11.02.2019) geh\u00f6ren auch die Klassensprecher\/Klassensprecherinnen aus dem Jahrgang 1 dazu. &nbsp; &nbsp; In den letzten Wochen haben wir uns mit den W\u00fcnschen unserer Sch\u00fclerinnen und Sch\u00fcler [&hellip;]<\/p>\n","protected":false},"author":3,"featured_media":0,"parent":0,"menu_order":0,"comment_status":"closed","ping_status":"closed","template":"","meta":{"footnotes":""},"class_list":["post-4490","page","type-page","status-publish","hentry"],"yoast_head":"<!-- This site is optimized with the Yoast SEO plugin v27.6 - https:\/\/yoast.com\/product\/yoast-seo-wordpress\/ -->\n<title>Lohschulrat 2018\/19 - Lohschule Datteln<\/title>\n<meta name=\"robots\" content=\"index, follow, max-snippet:-1, max-image-preview:large, max-video-preview:-1\" \/>\n<link rel=\"canonical\" href=\"https:\/\/www.lohschule-datteln.de\/index.php\/lohschulrat-2018-19\/\" \/>\n<meta property=\"og:locale\" content=\"de_DE\" \/>\n<meta property=\"og:type\" content=\"article\" \/>\n<meta property=\"og:title\" content=\"Lohschulrat 2018\/19 - Lohschule Datteln\" \/>\n<meta property=\"og:description\" content=\"Unser Lohschulrat In unserem Lohschulrat an der Lohschule treffen sich auch weiterhin alle 14 Tage die Klassensprecher\/Klassensprecherinnen und ihre Vertreter\/Vertreterinnen mit Frau Schneider im Musikraum. Seit dem 2. Halbjahr (11.02.2019) geh\u00f6ren auch die Klassensprecher\/Klassensprecherinnen aus dem Jahrgang 1 dazu. &nbsp; &nbsp; In den letzten Wochen haben wir uns mit den W\u00fcnschen unserer Sch\u00fclerinnen und Sch\u00fcler [&hellip;]\" \/>\n<meta property=\"og:url\" content=\"https:\/\/www.lohschule-datteln.de\/index.php\/lohschulrat-2018-19\/\" \/>\n<meta property=\"og:site_name\" content=\"Lohschule Datteln\" \/>\n<meta property=\"article:modified_time\" content=\"2019-04-10T19:39:22+00:00\" \/>\n<meta property=\"og:image\" content=\"http:\/\/www.lohschule-datteln.de\/wp-content\/uploads\/2019\/04\/Klassensprecher.jpg\" \/>\n<meta name=\"twitter:card\" content=\"summary_large_image\" \/>\n<meta name=\"twitter:label1\" content=\"Gesch\u00e4tzte Lesezeit\" \/>\n\t<meta name=\"twitter:data1\" content=\"2\u00a0Minuten\" \/>\n<script type=\"application\/ld+json\" class=\"yoast-schema-graph\">{\"@context\":\"https:\\\/\\\/schema.org\",\"@graph\":[{\"@type\":\"WebPage\",\"@id\":\"https:\\\/\\\/www.lohschule-datteln.de\\\/index.php\\\/lohschulrat-2018-19\\\/\",\"url\":\"https:\\\/\\\/www.lohschule-datteln.de\\\/index.php\\\/lohschulrat-2018-19\\\/\",\"name\":\"Lohschulrat 2018\\\/19 - Lohschule Datteln\",\"isPartOf\":{\"@id\":\"https:\\\/\\\/www.lohschule-datteln.de\\\/#website\"},\"primaryImageOfPage\":{\"@id\":\"https:\\\/\\\/www.lohschule-datteln.de\\\/index.php\\\/lohschulrat-2018-19\\\/#primaryimage\"},\"image\":{\"@id\":\"https:\\\/\\\/www.lohschule-datteln.de\\\/index.php\\\/lohschulrat-2018-19\\\/#primaryimage\"},\"thumbnailUrl\":\"http:\\\/\\\/www.lohschule-datteln.de\\\/wp-content\\\/uploads\\\/2019\\\/04\\\/Klassensprecher.jpg\",\"datePublished\":\"2018-09-28T17:43:36+00:00\",\"dateModified\":\"2019-04-10T19:39:22+00:00\",\"breadcrumb\":{\"@id\":\"https:\\\/\\\/www.lohschule-datteln.de\\\/index.php\\\/lohschulrat-2018-19\\\/#breadcrumb\"},\"inLanguage\":\"de\",\"potentialAction\":[{\"@type\":\"ReadAction\",\"target\":[\"https:\\\/\\\/www.lohschule-datteln.de\\\/index.php\\\/lohschulrat-2018-19\\\/\"]}]},{\"@type\":\"ImageObject\",\"inLanguage\":\"de\",\"@id\":\"https:\\\/\\\/www.lohschule-datteln.de\\\/index.php\\\/lohschulrat-2018-19\\\/#primaryimage\",\"url\":\"http:\\\/\\\/www.lohschule-datteln.de\\\/wp-content\\\/uploads\\\/2019\\\/04\\\/Klassensprecher.jpg\",\"contentUrl\":\"http:\\\/\\\/www.lohschule-datteln.de\\\/wp-content\\\/uploads\\\/2019\\\/04\\\/Klassensprecher.jpg\"},{\"@type\":\"BreadcrumbList\",\"@id\":\"https:\\\/\\\/www.lohschule-datteln.de\\\/index.php\\\/lohschulrat-2018-19\\\/#breadcrumb\",\"itemListElement\":[{\"@type\":\"ListItem\",\"position\":1,\"name\":\"Startseite\",\"item\":\"https:\\\/\\\/www.lohschule-datteln.de\\\/\"},{\"@type\":\"ListItem\",\"position\":2,\"name\":\"Lohschulrat 2018\\\/19\"}]},{\"@type\":\"WebSite\",\"@id\":\"https:\\\/\\\/www.lohschule-datteln.de\\\/#website\",\"url\":\"https:\\\/\\\/www.lohschule-datteln.de\\\/\",\"name\":\"Lohschule Datteln\",\"description\":\"kath. Grundschule\",\"publisher\":{\"@id\":\"https:\\\/\\\/www.lohschule-datteln.de\\\/#organization\"},\"potentialAction\":[{\"@type\":\"SearchAction\",\"target\":{\"@type\":\"EntryPoint\",\"urlTemplate\":\"https:\\\/\\\/www.lohschule-datteln.de\\\/?s={search_term_string}\"},\"query-input\":{\"@type\":\"PropertyValueSpecification\",\"valueRequired\":true,\"valueName\":\"search_term_string\"}}],\"inLanguage\":\"de\"},{\"@type\":\"Organization\",\"@id\":\"https:\\\/\\\/www.lohschule-datteln.de\\\/#organization\",\"name\":\"Lohschule -katholische Grundschule Datteln\",\"url\":\"https:\\\/\\\/www.lohschule-datteln.de\\\/\",\"logo\":{\"@type\":\"ImageObject\",\"inLanguage\":\"de\",\"@id\":\"https:\\\/\\\/www.lohschule-datteln.de\\\/#\\\/schema\\\/logo\\\/image\\\/\",\"url\":\"http:\\\/\\\/www.lohschule-datteln.de\\\/wp-content\\\/uploads\\\/2016\\\/02\\\/Loh-neu-2016.jpg\",\"contentUrl\":\"http:\\\/\\\/www.lohschule-datteln.de\\\/wp-content\\\/uploads\\\/2016\\\/02\\\/Loh-neu-2016.jpg\",\"width\":448,\"height\":252,\"caption\":\"Lohschule -katholische Grundschule Datteln\"},\"image\":{\"@id\":\"https:\\\/\\\/www.lohschule-datteln.de\\\/#\\\/schema\\\/logo\\\/image\\\/\"}}]}<\/script>\n<!-- \/ Yoast SEO plugin. -->","yoast_head_json":{"title":"Lohschulrat 2018\/19 - Lohschule Datteln","robots":{"index":"index","follow":"follow","max-snippet":"max-snippet:-1","max-image-preview":"max-image-preview:large","max-video-preview":"max-video-preview:-1"},"canonical":"https:\/\/www.lohschule-datteln.de\/index.php\/lohschulrat-2018-19\/","og_locale":"de_DE","og_type":"article","og_title":"Lohschulrat 2018\/19 - Lohschule Datteln","og_description":"Unser Lohschulrat In unserem Lohschulrat an der Lohschule treffen sich auch weiterhin alle 14 Tage die Klassensprecher\/Klassensprecherinnen und ihre Vertreter\/Vertreterinnen mit Frau Schneider im Musikraum. Seit dem 2. Halbjahr (11.02.2019) geh\u00f6ren auch die Klassensprecher\/Klassensprecherinnen aus dem Jahrgang 1 dazu. &nbsp; &nbsp; In den letzten Wochen haben wir uns mit den W\u00fcnschen unserer Sch\u00fclerinnen und Sch\u00fcler [&hellip;]","og_url":"https:\/\/www.lohschule-datteln.de\/index.php\/lohschulrat-2018-19\/","og_site_name":"Lohschule Datteln","article_modified_time":"2019-04-10T19:39:22+00:00","og_image":[{"url":"http:\/\/www.lohschule-datteln.de\/wp-content\/uploads\/2019\/04\/Klassensprecher.jpg","type":"","width":"","height":""}],"twitter_card":"summary_large_image","twitter_misc":{"Gesch\u00e4tzte Lesezeit":"2\u00a0Minuten"},"schema":{"@context":"https:\/\/schema.org","@graph":[{"@type":"WebPage","@id":"https:\/\/www.lohschule-datteln.de\/index.php\/lohschulrat-2018-19\/","url":"https:\/\/www.lohschule-datteln.de\/index.php\/lohschulrat-2018-19\/","name":"Lohschulrat 2018\/19 - Lohschule Datteln","isPartOf":{"@id":"https:\/\/www.lohschule-datteln.de\/#website"},"primaryImageOfPage":{"@id":"https:\/\/www.lohschule-datteln.de\/index.php\/lohschulrat-2018-19\/#primaryimage"},"image":{"@id":"https:\/\/www.lohschule-datteln.de\/index.php\/lohschulrat-2018-19\/#primaryimage"},"thumbnailUrl":"http:\/\/www.lohschule-datteln.de\/wp-content\/uploads\/2019\/04\/Klassensprecher.jpg","datePublished":"2018-09-28T17:43:36+00:00","dateModified":"2019-04-10T19:39:22+00:00","breadcrumb":{"@id":"https:\/\/www.lohschule-datteln.de\/index.php\/lohschulrat-2018-19\/#breadcrumb"},"inLanguage":"de","potentialAction":[{"@type":"ReadAction","target":["https:\/\/www.lohschule-datteln.de\/index.php\/lohschulrat-2018-19\/"]}]},{"@type":"ImageObject","inLanguage":"de","@id":"https:\/\/www.lohschule-datteln.de\/index.php\/lohschulrat-2018-19\/#primaryimage","url":"http:\/\/www.lohschule-datteln.de\/wp-content\/uploads\/2019\/04\/Klassensprecher.jpg","contentUrl":"http:\/\/www.lohschule-datteln.de\/wp-content\/uploads\/2019\/04\/Klassensprecher.jpg"},{"@type":"BreadcrumbList","@id":"https:\/\/www.lohschule-datteln.de\/index.php\/lohschulrat-2018-19\/#breadcrumb","itemListElement":[{"@type":"ListItem","position":1,"name":"Startseite","item":"https:\/\/www.lohschule-datteln.de\/"},{"@type":"ListItem","position":2,"name":"Lohschulrat 2018\/19"}]},{"@type":"WebSite","@id":"https:\/\/www.lohschule-datteln.de\/#website","url":"https:\/\/www.lohschule-datteln.de\/","name":"Lohschule Datteln","description":"kath. Grundschule","publisher":{"@id":"https:\/\/www.lohschule-datteln.de\/#organization"},"potentialAction":[{"@type":"SearchAction","target":{"@type":"EntryPoint","urlTemplate":"https:\/\/www.lohschule-datteln.de\/?s={search_term_string}"},"query-input":{"@type":"PropertyValueSpecification","valueRequired":true,"valueName":"search_term_string"}}],"inLanguage":"de"},{"@type":"Organization","@id":"https:\/\/www.lohschule-datteln.de\/#organization","name":"Lohschule -katholische Grundschule Datteln","url":"https:\/\/www.lohschule-datteln.de\/","logo":{"@type":"ImageObject","inLanguage":"de","@id":"https:\/\/www.lohschule-datteln.de\/#\/schema\/logo\/image\/","url":"http:\/\/www.lohschule-datteln.de\/wp-content\/uploads\/2016\/02\/Loh-neu-2016.jpg","contentUrl":"http:\/\/www.lohschule-datteln.de\/wp-content\/uploads\/2016\/02\/Loh-neu-2016.jpg","width":448,"height":252,"caption":"Lohschule -katholische Grundschule Datteln"},"image":{"@id":"https:\/\/www.lohschule-datteln.de\/#\/schema\/logo\/image\/"}}]}},"_links":{"self":[{"href":"https:\/\/www.lohschule-datteln.de\/index.php\/wp-json\/wp\/v2\/pages\/4490","targetHints":{"allow":["GET"]}}],"collection":[{"href":"https:\/\/www.lohschule-datteln.de\/index.php\/wp-json\/wp\/v2\/pages"}],"about":[{"href":"https:\/\/www.lohschule-datteln.de\/index.php\/wp-json\/wp\/v2\/types\/page"}],"author":[{"embeddable":true,"href":"https:\/\/www.lohschule-datteln.de\/index.php\/wp-json\/wp\/v2\/users\/3"}],"replies":[{"embeddable":true,"href":"https:\/\/www.lohschule-datteln.de\/index.php\/wp-json\/wp\/v2\/comments?post=4490"}],"version-history":[{"count":10,"href":"https:\/\/www.lohschule-datteln.de\/index.php\/wp-json\/wp\/v2\/pages\/4490\/revisions"}],"predecessor-version":[{"id":5475,"href":"https:\/\/www.lohschule-datteln.de\/index.php\/wp-json\/wp\/v2\/pages\/4490\/revisions\/5475"}],"wp:attachment":[{"href":"https:\/\/www.lohschule-datteln.de\/index.php\/wp-json\/wp\/v2\/media?parent=4490"}],"curies":[{"name":"wp","href":"https:\/\/api.w.org\/{rel}","templated":true}]}}