{"id":5244,"date":"2019-02-28T17:47:09","date_gmt":"2019-02-28T16:47:09","guid":{"rendered":"http:\/\/www.lohschule-datteln.de\/?page_id=5244"},"modified":"2019-03-11T16:03:03","modified_gmt":"2019-03-11T15:03:03","slug":"karneval-2019","status":"publish","type":"page","link":"https:\/\/www.lohschule-datteln.de\/index.php\/karneval-2019\/","title":{"rendered":"Karneval 2019"},"content":{"rendered":"<h3>Karnevalsfeier mit kleiner Tradition<\/h3>\n<p><span style=\"color: #999999;\">Wie auch in den letzten Jahren fand am gestrigen Freitag, den 1. M\u00e4rz, unsere Karnevalsfeier statt. Kinder und Lehrer kamen verkleidet zur Schule (oder durften das zumindest \ud83d\ude09 )<\/span><\/p>\n<p><span style=\"color: #999999;\">Von 8 Uhr bis zur gro\u00dfen Pause feierten die gro\u00dfen und kleinen Karnevalisten auf die jeweilige klasseneigene Weise in ihren R\u00e4umen. Oft ging`s mit gemeinsamen Kreisspielen zur Sache, oder es wurde extra ein Laufsteg f\u00fcr die Kost\u00fcmtr\u00e4ger aufgebaut:<\/span><\/p>\n<p>&nbsp;<\/p>\n\n<p><span style=\"color: #999999;\">\u00a0<\/span><\/p>\n\n<p>&nbsp;<\/p>\n<p><span style=\"color: #999999;\">Hier und da durfte am S\u00fc\u00df- und Salzwarenb\u00fcfett genascht werden. Eine Polonaise durch die ganze Schule gab es auch wieder, und so gab es ein reges Treiben durch alle Flure und Treppenh\u00e4user.\u00a0 Die Stimmung war super.<\/span><\/p>\n<p><span style=\"color: #999999;\">Ob es in diesem Jahr Stimmungsmusik im Treppenhaus gab? \u00a0 Aber ja. Dabei zog es sich noch sch\u00f6ner in langer Schlange durch die Schule&#8230;<\/span><\/p>\n<p><span style=\"color: #999999;\">Dann klingelte es zur gro\u00dfen Pause. Damit ert\u00f6nte die Pausendiskomusik auf dem vorderen Schulhof. Ruckzuck hatten die Kids entdeckt, dass es nicht nur Musik gab, die aus den Lehrerzimmerfenstern zu kommen schien, sondern auch Kamelle, die einige Lehrer zu den Kindern hinunterwarfen:<\/span><\/p>\n<p>&nbsp;<\/p>\n<p><img loading=\"lazy\" decoding=\"async\" class=\"wp-image-5258 size-medium aligncenter\" src=\"https:\/\/www.lohschule-datteln.de\/wp-content\/uploads\/2019\/03\/3-300x225.jpg\" alt=\"\" width=\"300\" height=\"225\" \/><\/p>\n<p>&nbsp;<\/p>\n<p><span style=\"color: #999999;\">Um 10 Uhr trafen sich dann alle Klassen und Lehrer und stellten sich f\u00fcr den Umzug auf. Jede Klasse ging mit ihrer Patenklasse. Nach einiger Zeit gings dann endlich los: Die Polizei fuhr voran und wir zogen hinterher. Am Stra\u00dfenrand trafen wir auf viele Zuschauer, die ausgiebig Kamelle warfen und so den Sch\u00fclern eine gro\u00dfe Freude bereiteten. Ein Haus auf dem Gr\u00fcnen Weg ist jedes Jahr toll karnevalistisch geschm\u00fcckt, und sobald wir vorbeizogen, wurde auch in diesem Jahr ganz viel Kamelle zugunsten der Kinder geworfen.\u00a0 <\/span><\/p>\n<p><span style=\"color: #999999;\"><span style=\"color: #339966;\">An dieser Stelle sei einfach mal vielen Dank gesagt. Vielen Dank an all die Menschen, die sich anl\u00e4sslich unseres Umzugs an den Stra\u00dfenrand gestellt haben und uns zugejubelt haben oder Kamelle geworfen haben oder einfach nur dabeistanden und uns einen sch\u00f6nen Rahmen geboten haben. Ohne all diese Menschen w\u00e4re unser Umzug nur halb so sch\u00f6n gewesen.<\/span> <\/span><\/p>\n<p><span style=\"color: #999999;\">Mit gutgef\u00fcllten T\u00fcten kehrten wir auf unseren Schulhof zur\u00fcck und nach einer kleinen Schulhofpolonaise gingen alle Kinder noch einmal in ihre Klassen zur\u00fcck. Es war noch etwas Zeit zum Naschen, vielleicht noch f\u00fcr ein paar Abschlussspiele und in der einen oder anderen Klasse wurde zum Schluss noch gemeinsam aufger\u00e4umt, bis es f\u00fcr die Sch\u00fcler um kurz nach halb 12 hie\u00df: Sch\u00f6nes, langes Wochenende!<\/span><\/p>\n<p><span style=\"color: #003000;\">\u00a0<\/span><\/p>\n<p><img loading=\"lazy\" decoding=\"async\" class=\"size-full wp-image-5250 aligncenter\" src=\"https:\/\/www.lohschule-datteln.de\/wp-content\/uploads\/2019\/02\/1-1.jpg\" alt=\"\" width=\"448\" height=\"107\" \/><\/p>\n<p>&nbsp;<\/p>\n<p>&nbsp;<\/p>\n<p>Aus den Klassen:<\/p>\n<p>&nbsp;<\/p>\n<p><img loading=\"lazy\" decoding=\"async\" class=\"aligncenter wp-image-5347\" src=\"https:\/\/www.lohschule-datteln.de\/wp-content\/uploads\/2019\/03\/22.jpg\" alt=\"\" width=\"500\" height=\"343\" \/><\/p>\n<p><img loading=\"lazy\" decoding=\"async\" class=\"aligncenter wp-image-5348\" src=\"https:\/\/www.lohschule-datteln.de\/wp-content\/uploads\/2019\/03\/23.jpg\" alt=\"\" width=\"500\" height=\"349\" \/><\/p>\n<p><img loading=\"lazy\" decoding=\"async\" class=\"aligncenter wp-image-5345\" src=\"https:\/\/www.lohschule-datteln.de\/wp-content\/uploads\/2019\/03\/20.jpg\" alt=\"\" width=\"500\" height=\"291\" \/><\/p>\n<p><img loading=\"lazy\" decoding=\"async\" class=\"aligncenter wp-image-5346\" src=\"https:\/\/www.lohschule-datteln.de\/wp-content\/uploads\/2019\/03\/21.jpg\" alt=\"\" width=\"500\" height=\"346\" \/><\/p>\n","protected":false},"excerpt":{"rendered":"<p>Karnevalsfeier mit kleiner Tradition Wie auch in den letzten Jahren fand am gestrigen Freitag, den 1. M\u00e4rz, unsere Karnevalsfeier statt. Kinder und Lehrer kamen verkleidet zur Schule (oder durften das zumindest \ud83d\ude09 ) Von 8 Uhr bis zur gro\u00dfen Pause feierten die gro\u00dfen und kleinen Karnevalisten auf die jeweilige klasseneigene Weise in ihren R\u00e4umen. Oft [&hellip;]<\/p>\n","protected":false},"author":3,"featured_media":0,"parent":0,"menu_order":0,"comment_status":"closed","ping_status":"closed","template":"","meta":{"footnotes":""},"class_list":["post-5244","page","type-page","status-publish","hentry"],"yoast_head":"<!-- This site is optimized with the Yoast SEO plugin v27.6 - https:\/\/yoast.com\/product\/yoast-seo-wordpress\/ -->\n<title>Karneval 2019 - Lohschule Datteln<\/title>\n<meta name=\"robots\" content=\"index, follow, max-snippet:-1, max-image-preview:large, max-video-preview:-1\" \/>\n<link rel=\"canonical\" href=\"https:\/\/www.lohschule-datteln.de\/index.php\/karneval-2019\/\" \/>\n<meta property=\"og:locale\" content=\"de_DE\" \/>\n<meta property=\"og:type\" content=\"article\" \/>\n<meta property=\"og:title\" content=\"Karneval 2019 - Lohschule Datteln\" \/>\n<meta property=\"og:description\" content=\"Karnevalsfeier mit kleiner Tradition Wie auch in den letzten Jahren fand am gestrigen Freitag, den 1. M\u00e4rz, unsere Karnevalsfeier statt. Kinder und Lehrer kamen verkleidet zur Schule (oder durften das zumindest \ud83d\ude09 ) Von 8 Uhr bis zur gro\u00dfen Pause feierten die gro\u00dfen und kleinen Karnevalisten auf die jeweilige klasseneigene Weise in ihren R\u00e4umen. Oft [&hellip;]\" \/>\n<meta property=\"og:url\" content=\"https:\/\/www.lohschule-datteln.de\/index.php\/karneval-2019\/\" \/>\n<meta property=\"og:site_name\" content=\"Lohschule Datteln\" \/>\n<meta property=\"article:modified_time\" content=\"2019-03-11T15:03:03+00:00\" \/>\n<meta property=\"og:image\" content=\"https:\/\/www.lohschule-datteln.de\/wp-content\/uploads\/2019\/03\/65-150x150.jpg\" \/>\n<meta name=\"twitter:card\" content=\"summary_large_image\" \/>\n<meta name=\"twitter:label1\" content=\"Gesch\u00e4tzte Lesezeit\" \/>\n\t<meta name=\"twitter:data1\" content=\"2\u00a0Minuten\" \/>\n<script type=\"application\/ld+json\" class=\"yoast-schema-graph\">{\"@context\":\"https:\\\/\\\/schema.org\",\"@graph\":[{\"@type\":\"WebPage\",\"@id\":\"https:\\\/\\\/www.lohschule-datteln.de\\\/index.php\\\/karneval-2019\\\/\",\"url\":\"https:\\\/\\\/www.lohschule-datteln.de\\\/index.php\\\/karneval-2019\\\/\",\"name\":\"Karneval 2019 - Lohschule Datteln\",\"isPartOf\":{\"@id\":\"https:\\\/\\\/www.lohschule-datteln.de\\\/#website\"},\"primaryImageOfPage\":{\"@id\":\"https:\\\/\\\/www.lohschule-datteln.de\\\/index.php\\\/karneval-2019\\\/#primaryimage\"},\"image\":{\"@id\":\"https:\\\/\\\/www.lohschule-datteln.de\\\/index.php\\\/karneval-2019\\\/#primaryimage\"},\"thumbnailUrl\":\"http:\\\/\\\/www.lohschule-datteln.de\\\/wp-content\\\/uploads\\\/2019\\\/03\\\/3-300x225.jpg\",\"datePublished\":\"2019-02-28T16:47:09+00:00\",\"dateModified\":\"2019-03-11T15:03:03+00:00\",\"breadcrumb\":{\"@id\":\"https:\\\/\\\/www.lohschule-datteln.de\\\/index.php\\\/karneval-2019\\\/#breadcrumb\"},\"inLanguage\":\"de\",\"potentialAction\":[{\"@type\":\"ReadAction\",\"target\":[\"https:\\\/\\\/www.lohschule-datteln.de\\\/index.php\\\/karneval-2019\\\/\"]}]},{\"@type\":\"ImageObject\",\"inLanguage\":\"de\",\"@id\":\"https:\\\/\\\/www.lohschule-datteln.de\\\/index.php\\\/karneval-2019\\\/#primaryimage\",\"url\":\"http:\\\/\\\/www.lohschule-datteln.de\\\/wp-content\\\/uploads\\\/2019\\\/03\\\/3-300x225.jpg\",\"contentUrl\":\"http:\\\/\\\/www.lohschule-datteln.de\\\/wp-content\\\/uploads\\\/2019\\\/03\\\/3-300x225.jpg\"},{\"@type\":\"BreadcrumbList\",\"@id\":\"https:\\\/\\\/www.lohschule-datteln.de\\\/index.php\\\/karneval-2019\\\/#breadcrumb\",\"itemListElement\":[{\"@type\":\"ListItem\",\"position\":1,\"name\":\"Startseite\",\"item\":\"https:\\\/\\\/www.lohschule-datteln.de\\\/\"},{\"@type\":\"ListItem\",\"position\":2,\"name\":\"Karneval 2019\"}]},{\"@type\":\"WebSite\",\"@id\":\"https:\\\/\\\/www.lohschule-datteln.de\\\/#website\",\"url\":\"https:\\\/\\\/www.lohschule-datteln.de\\\/\",\"name\":\"Lohschule Datteln\",\"description\":\"kath. Grundschule\",\"publisher\":{\"@id\":\"https:\\\/\\\/www.lohschule-datteln.de\\\/#organization\"},\"potentialAction\":[{\"@type\":\"SearchAction\",\"target\":{\"@type\":\"EntryPoint\",\"urlTemplate\":\"https:\\\/\\\/www.lohschule-datteln.de\\\/?s={search_term_string}\"},\"query-input\":{\"@type\":\"PropertyValueSpecification\",\"valueRequired\":true,\"valueName\":\"search_term_string\"}}],\"inLanguage\":\"de\"},{\"@type\":\"Organization\",\"@id\":\"https:\\\/\\\/www.lohschule-datteln.de\\\/#organization\",\"name\":\"Lohschule -katholische Grundschule Datteln\",\"url\":\"https:\\\/\\\/www.lohschule-datteln.de\\\/\",\"logo\":{\"@type\":\"ImageObject\",\"inLanguage\":\"de\",\"@id\":\"https:\\\/\\\/www.lohschule-datteln.de\\\/#\\\/schema\\\/logo\\\/image\\\/\",\"url\":\"http:\\\/\\\/www.lohschule-datteln.de\\\/wp-content\\\/uploads\\\/2016\\\/02\\\/Loh-neu-2016.jpg\",\"contentUrl\":\"http:\\\/\\\/www.lohschule-datteln.de\\\/wp-content\\\/uploads\\\/2016\\\/02\\\/Loh-neu-2016.jpg\",\"width\":448,\"height\":252,\"caption\":\"Lohschule -katholische Grundschule Datteln\"},\"image\":{\"@id\":\"https:\\\/\\\/www.lohschule-datteln.de\\\/#\\\/schema\\\/logo\\\/image\\\/\"}}]}<\/script>\n<!-- \/ Yoast SEO plugin. -->","yoast_head_json":{"title":"Karneval 2019 - Lohschule Datteln","robots":{"index":"index","follow":"follow","max-snippet":"max-snippet:-1","max-image-preview":"max-image-preview:large","max-video-preview":"max-video-preview:-1"},"canonical":"https:\/\/www.lohschule-datteln.de\/index.php\/karneval-2019\/","og_locale":"de_DE","og_type":"article","og_title":"Karneval 2019 - Lohschule Datteln","og_description":"Karnevalsfeier mit kleiner Tradition Wie auch in den letzten Jahren fand am gestrigen Freitag, den 1. M\u00e4rz, unsere Karnevalsfeier statt. Kinder und Lehrer kamen verkleidet zur Schule (oder durften das zumindest \ud83d\ude09 ) Von 8 Uhr bis zur gro\u00dfen Pause feierten die gro\u00dfen und kleinen Karnevalisten auf die jeweilige klasseneigene Weise in ihren R\u00e4umen. Oft [&hellip;]","og_url":"https:\/\/www.lohschule-datteln.de\/index.php\/karneval-2019\/","og_site_name":"Lohschule Datteln","article_modified_time":"2019-03-11T15:03:03+00:00","og_image":[{"url":"https:\/\/www.lohschule-datteln.de\/wp-content\/uploads\/2019\/03\/65-150x150.jpg","type":"","width":"","height":""}],"twitter_card":"summary_large_image","twitter_misc":{"Gesch\u00e4tzte Lesezeit":"2\u00a0Minuten"},"schema":{"@context":"https:\/\/schema.org","@graph":[{"@type":"WebPage","@id":"https:\/\/www.lohschule-datteln.de\/index.php\/karneval-2019\/","url":"https:\/\/www.lohschule-datteln.de\/index.php\/karneval-2019\/","name":"Karneval 2019 - Lohschule Datteln","isPartOf":{"@id":"https:\/\/www.lohschule-datteln.de\/#website"},"primaryImageOfPage":{"@id":"https:\/\/www.lohschule-datteln.de\/index.php\/karneval-2019\/#primaryimage"},"image":{"@id":"https:\/\/www.lohschule-datteln.de\/index.php\/karneval-2019\/#primaryimage"},"thumbnailUrl":"http:\/\/www.lohschule-datteln.de\/wp-content\/uploads\/2019\/03\/3-300x225.jpg","datePublished":"2019-02-28T16:47:09+00:00","dateModified":"2019-03-11T15:03:03+00:00","breadcrumb":{"@id":"https:\/\/www.lohschule-datteln.de\/index.php\/karneval-2019\/#breadcrumb"},"inLanguage":"de","potentialAction":[{"@type":"ReadAction","target":["https:\/\/www.lohschule-datteln.de\/index.php\/karneval-2019\/"]}]},{"@type":"ImageObject","inLanguage":"de","@id":"https:\/\/www.lohschule-datteln.de\/index.php\/karneval-2019\/#primaryimage","url":"http:\/\/www.lohschule-datteln.de\/wp-content\/uploads\/2019\/03\/3-300x225.jpg","contentUrl":"http:\/\/www.lohschule-datteln.de\/wp-content\/uploads\/2019\/03\/3-300x225.jpg"},{"@type":"BreadcrumbList","@id":"https:\/\/www.lohschule-datteln.de\/index.php\/karneval-2019\/#breadcrumb","itemListElement":[{"@type":"ListItem","position":1,"name":"Startseite","item":"https:\/\/www.lohschule-datteln.de\/"},{"@type":"ListItem","position":2,"name":"Karneval 2019"}]},{"@type":"WebSite","@id":"https:\/\/www.lohschule-datteln.de\/#website","url":"https:\/\/www.lohschule-datteln.de\/","name":"Lohschule Datteln","description":"kath. Grundschule","publisher":{"@id":"https:\/\/www.lohschule-datteln.de\/#organization"},"potentialAction":[{"@type":"SearchAction","target":{"@type":"EntryPoint","urlTemplate":"https:\/\/www.lohschule-datteln.de\/?s={search_term_string}"},"query-input":{"@type":"PropertyValueSpecification","valueRequired":true,"valueName":"search_term_string"}}],"inLanguage":"de"},{"@type":"Organization","@id":"https:\/\/www.lohschule-datteln.de\/#organization","name":"Lohschule -katholische Grundschule Datteln","url":"https:\/\/www.lohschule-datteln.de\/","logo":{"@type":"ImageObject","inLanguage":"de","@id":"https:\/\/www.lohschule-datteln.de\/#\/schema\/logo\/image\/","url":"http:\/\/www.lohschule-datteln.de\/wp-content\/uploads\/2016\/02\/Loh-neu-2016.jpg","contentUrl":"http:\/\/www.lohschule-datteln.de\/wp-content\/uploads\/2016\/02\/Loh-neu-2016.jpg","width":448,"height":252,"caption":"Lohschule -katholische Grundschule Datteln"},"image":{"@id":"https:\/\/www.lohschule-datteln.de\/#\/schema\/logo\/image\/"}}]}},"_links":{"self":[{"href":"https:\/\/www.lohschule-datteln.de\/index.php\/wp-json\/wp\/v2\/pages\/5244","targetHints":{"allow":["GET"]}}],"collection":[{"href":"https:\/\/www.lohschule-datteln.de\/index.php\/wp-json\/wp\/v2\/pages"}],"about":[{"href":"https:\/\/www.lohschule-datteln.de\/index.php\/wp-json\/wp\/v2\/types\/page"}],"author":[{"embeddable":true,"href":"https:\/\/www.lohschule-datteln.de\/index.php\/wp-json\/wp\/v2\/users\/3"}],"replies":[{"embeddable":true,"href":"https:\/\/www.lohschule-datteln.de\/index.php\/wp-json\/wp\/v2\/comments?post=5244"}],"version-history":[{"count":19,"href":"https:\/\/www.lohschule-datteln.de\/index.php\/wp-json\/wp\/v2\/pages\/5244\/revisions"}],"predecessor-version":[{"id":5352,"href":"https:\/\/www.lohschule-datteln.de\/index.php\/wp-json\/wp\/v2\/pages\/5244\/revisions\/5352"}],"wp:attachment":[{"href":"https:\/\/www.lohschule-datteln.de\/index.php\/wp-json\/wp\/v2\/media?parent=5244"}],"curies":[{"name":"wp","href":"https:\/\/api.w.org\/{rel}","templated":true}]}}