{"id":5303,"date":"2019-03-06T00:07:51","date_gmt":"2019-03-05T23:07:51","guid":{"rendered":"http:\/\/www.lohschule-datteln.de\/?page_id=5303"},"modified":"2019-06-20T11:41:34","modified_gmt":"2019-06-20T09:41:34","slug":"kaenguru-wettbewerb-2019","status":"publish","type":"page","link":"https:\/\/www.lohschule-datteln.de\/index.php\/kaenguru-wettbewerb-2019\/","title":{"rendered":"K\u00e4nguru-Wettbewerb 2019"},"content":{"rendered":"<h2><span style=\"color: #ff9900;\">K\u00e4nguru-Preisverleihung<\/span><\/h2>\n<p><span style=\"color: #808080;\">Am Montag, den 17. Juni, trafen sich alle dritten und vierten Klassen auf dem hinteren Schulhof nach der Fr\u00fchst\u00fcckspause, um endlich das R\u00e4tsel um die Gewinner des K\u00e4nguru-Wettbewerbs zu l\u00fcften.<\/span><\/p>\n<p><span style=\"color: #808080;\">Frau Schneider stand mit den Hauptgewinnen in einem Korb und den Preisen f\u00fcr <em>alle<\/em> Teilnehmer im anderen Korb schon bereit.\u00a0Als alle Kinder sich in einem ausreichend gro\u00dfen Kreis um den hinteren Eingang versammelt hatten, konnte es losgehen.\u00a0<\/span><\/p>\n<p><span style=\"color: #808080;\">Es gab keinen ersten Platz zu vergeben. Den zweiten Platz belegte Eric Tasche aus der Klasse 4b. Den dritten Platz gab es doppelt: Erik Bomholt aus der 4b und Vincent Heimann aus der Klasse 3b teilten sich diesen. Erik Bomholt absolvierte auch den weitesten K\u00e4nguru-Sprung. Das bedeutet, er hat die gr\u00f6\u00dfte Menge an aufeinanderfolgenden Aufgaben an unserer Schule richtig gerechnet.<\/span><\/p>\n<p style=\"text-align: center;\"><span style=\"color: #800000;\">HERZLICHEN GL\u00dcCKWUNSCH den Gewinnern !<\/span><\/p>\n<h2><img loading=\"lazy\" decoding=\"async\" class=\"aligncenter wp-image-5870 size-full\" src=\"https:\/\/www.lohschule-datteln.de\/wp-content\/uploads\/2019\/06\/a.jpeg\" alt=\"\" width=\"500\" height=\"375\" \/><\/h2>\n<p><br style=\"color: #808080;\" \/><span style=\"color: #808080;\">F\u00fcr <em>alle<\/em> Wettbewerbsteilnehmer gab es zudem eine Urkunde mit der eigenen Punktzahl und ein Knobelspiel, das Frau Schneider im Anschluss an die Platzvergabe in den Klassen verteilte.<\/span><\/p>\n<p><img loading=\"lazy\" decoding=\"async\" class=\"size-full wp-image-5307 aligncenter\" src=\"https:\/\/www.lohschule-datteln.de\/wp-content\/uploads\/2019\/03\/4.jpg\" alt=\"\" width=\"316\" height=\"448\" \/><\/p>\n","protected":false},"excerpt":{"rendered":"<p>K\u00e4nguru-Preisverleihung Am Montag, den 17. Juni, trafen sich alle dritten und vierten Klassen auf dem hinteren Schulhof nach der Fr\u00fchst\u00fcckspause, um endlich das R\u00e4tsel um die Gewinner des K\u00e4nguru-Wettbewerbs zu l\u00fcften. Frau Schneider stand mit den Hauptgewinnen in einem Korb und den Preisen f\u00fcr alle Teilnehmer im anderen Korb schon bereit.\u00a0Als alle Kinder sich in [&hellip;]<\/p>\n","protected":false},"author":3,"featured_media":0,"parent":0,"menu_order":0,"comment_status":"closed","ping_status":"closed","template":"","meta":{"footnotes":""},"class_list":["post-5303","page","type-page","status-publish","hentry"],"yoast_head":"<!-- This site is optimized with the Yoast SEO plugin v27.6 - https:\/\/yoast.com\/product\/yoast-seo-wordpress\/ -->\n<title>K\u00e4nguru-Wettbewerb 2019 - Lohschule Datteln<\/title>\n<meta name=\"robots\" content=\"index, follow, max-snippet:-1, max-image-preview:large, max-video-preview:-1\" \/>\n<link rel=\"canonical\" href=\"https:\/\/www.lohschule-datteln.de\/index.php\/kaenguru-wettbewerb-2019\/\" \/>\n<meta property=\"og:locale\" content=\"de_DE\" \/>\n<meta property=\"og:type\" content=\"article\" \/>\n<meta property=\"og:title\" content=\"K\u00e4nguru-Wettbewerb 2019 - Lohschule Datteln\" \/>\n<meta property=\"og:description\" content=\"K\u00e4nguru-Preisverleihung Am Montag, den 17. Juni, trafen sich alle dritten und vierten Klassen auf dem hinteren Schulhof nach der Fr\u00fchst\u00fcckspause, um endlich das R\u00e4tsel um die Gewinner des K\u00e4nguru-Wettbewerbs zu l\u00fcften. Frau Schneider stand mit den Hauptgewinnen in einem Korb und den Preisen f\u00fcr alle Teilnehmer im anderen Korb schon bereit.\u00a0Als alle Kinder sich in [&hellip;]\" \/>\n<meta property=\"og:url\" content=\"https:\/\/www.lohschule-datteln.de\/index.php\/kaenguru-wettbewerb-2019\/\" \/>\n<meta property=\"og:site_name\" content=\"Lohschule Datteln\" \/>\n<meta property=\"article:modified_time\" content=\"2019-06-20T09:41:34+00:00\" \/>\n<meta property=\"og:image\" content=\"http:\/\/www.lohschule-datteln.de\/wp-content\/uploads\/2019\/06\/a.jpeg\" \/>\n<meta name=\"twitter:card\" content=\"summary_large_image\" \/>\n<meta name=\"twitter:label1\" content=\"Gesch\u00e4tzte Lesezeit\" \/>\n\t<meta name=\"twitter:data1\" content=\"1\u00a0Minute\" \/>\n<script type=\"application\/ld+json\" class=\"yoast-schema-graph\">{\"@context\":\"https:\\\/\\\/schema.org\",\"@graph\":[{\"@type\":\"WebPage\",\"@id\":\"https:\\\/\\\/www.lohschule-datteln.de\\\/index.php\\\/kaenguru-wettbewerb-2019\\\/\",\"url\":\"https:\\\/\\\/www.lohschule-datteln.de\\\/index.php\\\/kaenguru-wettbewerb-2019\\\/\",\"name\":\"K\u00e4nguru-Wettbewerb 2019 - Lohschule Datteln\",\"isPartOf\":{\"@id\":\"https:\\\/\\\/www.lohschule-datteln.de\\\/#website\"},\"primaryImageOfPage\":{\"@id\":\"https:\\\/\\\/www.lohschule-datteln.de\\\/index.php\\\/kaenguru-wettbewerb-2019\\\/#primaryimage\"},\"image\":{\"@id\":\"https:\\\/\\\/www.lohschule-datteln.de\\\/index.php\\\/kaenguru-wettbewerb-2019\\\/#primaryimage\"},\"thumbnailUrl\":\"http:\\\/\\\/www.lohschule-datteln.de\\\/wp-content\\\/uploads\\\/2019\\\/06\\\/a.jpeg\",\"datePublished\":\"2019-03-05T23:07:51+00:00\",\"dateModified\":\"2019-06-20T09:41:34+00:00\",\"breadcrumb\":{\"@id\":\"https:\\\/\\\/www.lohschule-datteln.de\\\/index.php\\\/kaenguru-wettbewerb-2019\\\/#breadcrumb\"},\"inLanguage\":\"de\",\"potentialAction\":[{\"@type\":\"ReadAction\",\"target\":[\"https:\\\/\\\/www.lohschule-datteln.de\\\/index.php\\\/kaenguru-wettbewerb-2019\\\/\"]}]},{\"@type\":\"ImageObject\",\"inLanguage\":\"de\",\"@id\":\"https:\\\/\\\/www.lohschule-datteln.de\\\/index.php\\\/kaenguru-wettbewerb-2019\\\/#primaryimage\",\"url\":\"http:\\\/\\\/www.lohschule-datteln.de\\\/wp-content\\\/uploads\\\/2019\\\/06\\\/a.jpeg\",\"contentUrl\":\"http:\\\/\\\/www.lohschule-datteln.de\\\/wp-content\\\/uploads\\\/2019\\\/06\\\/a.jpeg\"},{\"@type\":\"BreadcrumbList\",\"@id\":\"https:\\\/\\\/www.lohschule-datteln.de\\\/index.php\\\/kaenguru-wettbewerb-2019\\\/#breadcrumb\",\"itemListElement\":[{\"@type\":\"ListItem\",\"position\":1,\"name\":\"Startseite\",\"item\":\"https:\\\/\\\/www.lohschule-datteln.de\\\/\"},{\"@type\":\"ListItem\",\"position\":2,\"name\":\"K\u00e4nguru-Wettbewerb 2019\"}]},{\"@type\":\"WebSite\",\"@id\":\"https:\\\/\\\/www.lohschule-datteln.de\\\/#website\",\"url\":\"https:\\\/\\\/www.lohschule-datteln.de\\\/\",\"name\":\"Lohschule Datteln\",\"description\":\"kath. Grundschule\",\"publisher\":{\"@id\":\"https:\\\/\\\/www.lohschule-datteln.de\\\/#organization\"},\"potentialAction\":[{\"@type\":\"SearchAction\",\"target\":{\"@type\":\"EntryPoint\",\"urlTemplate\":\"https:\\\/\\\/www.lohschule-datteln.de\\\/?s={search_term_string}\"},\"query-input\":{\"@type\":\"PropertyValueSpecification\",\"valueRequired\":true,\"valueName\":\"search_term_string\"}}],\"inLanguage\":\"de\"},{\"@type\":\"Organization\",\"@id\":\"https:\\\/\\\/www.lohschule-datteln.de\\\/#organization\",\"name\":\"Lohschule -katholische Grundschule Datteln\",\"url\":\"https:\\\/\\\/www.lohschule-datteln.de\\\/\",\"logo\":{\"@type\":\"ImageObject\",\"inLanguage\":\"de\",\"@id\":\"https:\\\/\\\/www.lohschule-datteln.de\\\/#\\\/schema\\\/logo\\\/image\\\/\",\"url\":\"http:\\\/\\\/www.lohschule-datteln.de\\\/wp-content\\\/uploads\\\/2016\\\/02\\\/Loh-neu-2016.jpg\",\"contentUrl\":\"http:\\\/\\\/www.lohschule-datteln.de\\\/wp-content\\\/uploads\\\/2016\\\/02\\\/Loh-neu-2016.jpg\",\"width\":448,\"height\":252,\"caption\":\"Lohschule -katholische Grundschule Datteln\"},\"image\":{\"@id\":\"https:\\\/\\\/www.lohschule-datteln.de\\\/#\\\/schema\\\/logo\\\/image\\\/\"}}]}<\/script>\n<!-- \/ Yoast SEO plugin. -->","yoast_head_json":{"title":"K\u00e4nguru-Wettbewerb 2019 - Lohschule Datteln","robots":{"index":"index","follow":"follow","max-snippet":"max-snippet:-1","max-image-preview":"max-image-preview:large","max-video-preview":"max-video-preview:-1"},"canonical":"https:\/\/www.lohschule-datteln.de\/index.php\/kaenguru-wettbewerb-2019\/","og_locale":"de_DE","og_type":"article","og_title":"K\u00e4nguru-Wettbewerb 2019 - Lohschule Datteln","og_description":"K\u00e4nguru-Preisverleihung Am Montag, den 17. Juni, trafen sich alle dritten und vierten Klassen auf dem hinteren Schulhof nach der Fr\u00fchst\u00fcckspause, um endlich das R\u00e4tsel um die Gewinner des K\u00e4nguru-Wettbewerbs zu l\u00fcften. Frau Schneider stand mit den Hauptgewinnen in einem Korb und den Preisen f\u00fcr alle Teilnehmer im anderen Korb schon bereit.\u00a0Als alle Kinder sich in [&hellip;]","og_url":"https:\/\/www.lohschule-datteln.de\/index.php\/kaenguru-wettbewerb-2019\/","og_site_name":"Lohschule Datteln","article_modified_time":"2019-06-20T09:41:34+00:00","og_image":[{"url":"http:\/\/www.lohschule-datteln.de\/wp-content\/uploads\/2019\/06\/a.jpeg","type":"","width":"","height":""}],"twitter_card":"summary_large_image","twitter_misc":{"Gesch\u00e4tzte Lesezeit":"1\u00a0Minute"},"schema":{"@context":"https:\/\/schema.org","@graph":[{"@type":"WebPage","@id":"https:\/\/www.lohschule-datteln.de\/index.php\/kaenguru-wettbewerb-2019\/","url":"https:\/\/www.lohschule-datteln.de\/index.php\/kaenguru-wettbewerb-2019\/","name":"K\u00e4nguru-Wettbewerb 2019 - Lohschule Datteln","isPartOf":{"@id":"https:\/\/www.lohschule-datteln.de\/#website"},"primaryImageOfPage":{"@id":"https:\/\/www.lohschule-datteln.de\/index.php\/kaenguru-wettbewerb-2019\/#primaryimage"},"image":{"@id":"https:\/\/www.lohschule-datteln.de\/index.php\/kaenguru-wettbewerb-2019\/#primaryimage"},"thumbnailUrl":"http:\/\/www.lohschule-datteln.de\/wp-content\/uploads\/2019\/06\/a.jpeg","datePublished":"2019-03-05T23:07:51+00:00","dateModified":"2019-06-20T09:41:34+00:00","breadcrumb":{"@id":"https:\/\/www.lohschule-datteln.de\/index.php\/kaenguru-wettbewerb-2019\/#breadcrumb"},"inLanguage":"de","potentialAction":[{"@type":"ReadAction","target":["https:\/\/www.lohschule-datteln.de\/index.php\/kaenguru-wettbewerb-2019\/"]}]},{"@type":"ImageObject","inLanguage":"de","@id":"https:\/\/www.lohschule-datteln.de\/index.php\/kaenguru-wettbewerb-2019\/#primaryimage","url":"http:\/\/www.lohschule-datteln.de\/wp-content\/uploads\/2019\/06\/a.jpeg","contentUrl":"http:\/\/www.lohschule-datteln.de\/wp-content\/uploads\/2019\/06\/a.jpeg"},{"@type":"BreadcrumbList","@id":"https:\/\/www.lohschule-datteln.de\/index.php\/kaenguru-wettbewerb-2019\/#breadcrumb","itemListElement":[{"@type":"ListItem","position":1,"name":"Startseite","item":"https:\/\/www.lohschule-datteln.de\/"},{"@type":"ListItem","position":2,"name":"K\u00e4nguru-Wettbewerb 2019"}]},{"@type":"WebSite","@id":"https:\/\/www.lohschule-datteln.de\/#website","url":"https:\/\/www.lohschule-datteln.de\/","name":"Lohschule Datteln","description":"kath. Grundschule","publisher":{"@id":"https:\/\/www.lohschule-datteln.de\/#organization"},"potentialAction":[{"@type":"SearchAction","target":{"@type":"EntryPoint","urlTemplate":"https:\/\/www.lohschule-datteln.de\/?s={search_term_string}"},"query-input":{"@type":"PropertyValueSpecification","valueRequired":true,"valueName":"search_term_string"}}],"inLanguage":"de"},{"@type":"Organization","@id":"https:\/\/www.lohschule-datteln.de\/#organization","name":"Lohschule -katholische Grundschule Datteln","url":"https:\/\/www.lohschule-datteln.de\/","logo":{"@type":"ImageObject","inLanguage":"de","@id":"https:\/\/www.lohschule-datteln.de\/#\/schema\/logo\/image\/","url":"http:\/\/www.lohschule-datteln.de\/wp-content\/uploads\/2016\/02\/Loh-neu-2016.jpg","contentUrl":"http:\/\/www.lohschule-datteln.de\/wp-content\/uploads\/2016\/02\/Loh-neu-2016.jpg","width":448,"height":252,"caption":"Lohschule -katholische Grundschule Datteln"},"image":{"@id":"https:\/\/www.lohschule-datteln.de\/#\/schema\/logo\/image\/"}}]}},"_links":{"self":[{"href":"https:\/\/www.lohschule-datteln.de\/index.php\/wp-json\/wp\/v2\/pages\/5303","targetHints":{"allow":["GET"]}}],"collection":[{"href":"https:\/\/www.lohschule-datteln.de\/index.php\/wp-json\/wp\/v2\/pages"}],"about":[{"href":"https:\/\/www.lohschule-datteln.de\/index.php\/wp-json\/wp\/v2\/types\/page"}],"author":[{"embeddable":true,"href":"https:\/\/www.lohschule-datteln.de\/index.php\/wp-json\/wp\/v2\/users\/3"}],"replies":[{"embeddable":true,"href":"https:\/\/www.lohschule-datteln.de\/index.php\/wp-json\/wp\/v2\/comments?post=5303"}],"version-history":[{"count":37,"href":"https:\/\/www.lohschule-datteln.de\/index.php\/wp-json\/wp\/v2\/pages\/5303\/revisions"}],"predecessor-version":[{"id":5885,"href":"https:\/\/www.lohschule-datteln.de\/index.php\/wp-json\/wp\/v2\/pages\/5303\/revisions\/5885"}],"wp:attachment":[{"href":"https:\/\/www.lohschule-datteln.de\/index.php\/wp-json\/wp\/v2\/media?parent=5303"}],"curies":[{"name":"wp","href":"https:\/\/api.w.org\/{rel}","templated":true}]}}