{"id":5323,"date":"2019-03-11T14:08:21","date_gmt":"2019-03-11T13:08:21","guid":{"rendered":"http:\/\/www.lohschule-datteln.de\/?page_id=5323"},"modified":"2019-06-27T23:37:35","modified_gmt":"2019-06-27T21:37:35","slug":"schulhofhelfer","status":"publish","type":"page","link":"https:\/\/www.lohschule-datteln.de\/index.php\/schulhofhelfer\/","title":{"rendered":"Pausenhelfer 2019"},"content":{"rendered":"<h2><strong>Start der ersten Pausenhelfer an der Lohschule<\/strong><\/h2>\n<p><span style=\"color: #808080;\">Am Montag, 11.03.2019, war es endlich so weit: Die Pausenhelfer der Lohschule durften mit ihrer T\u00e4tigkeit auf dem Schulhof beginnen. In den vergangenen Wochen haben sich die insgesamt 30 Jungen und M\u00e4dchen aus den Stufen 3 und 4 auf diesen Tag vorbereitet. Mit viel Spa\u00df und Ehrgeiz besch\u00e4ftigten sie sich mit m\u00f6glichen Erste Hilfe Ma\u00dfnahmen, lernten ein Modell zur Streitschlichtung kennen, spielten verschiedene Streitsituationen durch und warfen nochmal einen genauen Blick auf die Schul- bzw. Schulhofregeln der Lohschule.<\/span><\/p>\n<p><span style=\"color: #808080;\">Nun unterst\u00fctzen diese Kinder die Lehrkr\u00e4fte bei den Schulhofpausen, denn manche Kinder (insbesondere die Kleinen) ben\u00f6tigen einfach mehr Zuwendung und Hilfe in den Pausen. Mit Trost, Hilfe oder Schlichtung stehen ihnen ab sofort die Pausenhelfer zur Seite.<\/span><\/p>\n<p><span style=\"color: #808080;\">Ein gro\u00dfes Dankesch\u00f6n an die flei\u00dfigen Pausenhelfer, die sich bereits im Vorfeld mit viel Freude und beeindruckender Zuverl\u00e4ssigkeit und Gewissenhaftigkeit mit dem Thema besch\u00e4ftigt haben.<\/span><\/p>\n<p>&nbsp;<\/p>\n","protected":false},"excerpt":{"rendered":"<p>Start der ersten Pausenhelfer an der Lohschule Am Montag, 11.03.2019, war es endlich so weit: Die Pausenhelfer der Lohschule durften mit ihrer T\u00e4tigkeit auf dem Schulhof beginnen. In den vergangenen Wochen haben sich die insgesamt 30 Jungen und M\u00e4dchen aus den Stufen 3 und 4 auf diesen Tag vorbereitet. Mit viel Spa\u00df und Ehrgeiz besch\u00e4ftigten [&hellip;]<\/p>\n","protected":false},"author":3,"featured_media":0,"parent":0,"menu_order":0,"comment_status":"closed","ping_status":"closed","template":"","meta":{"footnotes":""},"class_list":["post-5323","page","type-page","status-publish","hentry"],"yoast_head":"<!-- This site is optimized with the Yoast SEO plugin v27.6 - https:\/\/yoast.com\/product\/yoast-seo-wordpress\/ -->\n<title>Pausenhelfer 2019 - Lohschule Datteln<\/title>\n<meta name=\"robots\" content=\"index, follow, max-snippet:-1, max-image-preview:large, max-video-preview:-1\" \/>\n<link rel=\"canonical\" href=\"https:\/\/www.lohschule-datteln.de\/index.php\/schulhofhelfer\/\" \/>\n<meta property=\"og:locale\" content=\"de_DE\" \/>\n<meta property=\"og:type\" content=\"article\" \/>\n<meta property=\"og:title\" content=\"Pausenhelfer 2019 - Lohschule Datteln\" \/>\n<meta property=\"og:description\" content=\"Start der ersten Pausenhelfer an der Lohschule Am Montag, 11.03.2019, war es endlich so weit: Die Pausenhelfer der Lohschule durften mit ihrer T\u00e4tigkeit auf dem Schulhof beginnen. In den vergangenen Wochen haben sich die insgesamt 30 Jungen und M\u00e4dchen aus den Stufen 3 und 4 auf diesen Tag vorbereitet. Mit viel Spa\u00df und Ehrgeiz besch\u00e4ftigten [&hellip;]\" \/>\n<meta property=\"og:url\" content=\"https:\/\/www.lohschule-datteln.de\/index.php\/schulhofhelfer\/\" \/>\n<meta property=\"og:site_name\" content=\"Lohschule Datteln\" \/>\n<meta property=\"article:modified_time\" content=\"2019-06-27T21:37:35+00:00\" \/>\n<meta name=\"twitter:card\" content=\"summary_large_image\" \/>\n<meta name=\"twitter:label1\" content=\"Gesch\u00e4tzte Lesezeit\" \/>\n\t<meta name=\"twitter:data1\" content=\"1\u00a0Minute\" \/>\n<script type=\"application\/ld+json\" class=\"yoast-schema-graph\">{\"@context\":\"https:\\\/\\\/schema.org\",\"@graph\":[{\"@type\":\"WebPage\",\"@id\":\"https:\\\/\\\/www.lohschule-datteln.de\\\/index.php\\\/schulhofhelfer\\\/\",\"url\":\"https:\\\/\\\/www.lohschule-datteln.de\\\/index.php\\\/schulhofhelfer\\\/\",\"name\":\"Pausenhelfer 2019 - Lohschule Datteln\",\"isPartOf\":{\"@id\":\"https:\\\/\\\/www.lohschule-datteln.de\\\/#website\"},\"datePublished\":\"2019-03-11T13:08:21+00:00\",\"dateModified\":\"2019-06-27T21:37:35+00:00\",\"breadcrumb\":{\"@id\":\"https:\\\/\\\/www.lohschule-datteln.de\\\/index.php\\\/schulhofhelfer\\\/#breadcrumb\"},\"inLanguage\":\"de\",\"potentialAction\":[{\"@type\":\"ReadAction\",\"target\":[\"https:\\\/\\\/www.lohschule-datteln.de\\\/index.php\\\/schulhofhelfer\\\/\"]}]},{\"@type\":\"BreadcrumbList\",\"@id\":\"https:\\\/\\\/www.lohschule-datteln.de\\\/index.php\\\/schulhofhelfer\\\/#breadcrumb\",\"itemListElement\":[{\"@type\":\"ListItem\",\"position\":1,\"name\":\"Startseite\",\"item\":\"https:\\\/\\\/www.lohschule-datteln.de\\\/\"},{\"@type\":\"ListItem\",\"position\":2,\"name\":\"Pausenhelfer 2019\"}]},{\"@type\":\"WebSite\",\"@id\":\"https:\\\/\\\/www.lohschule-datteln.de\\\/#website\",\"url\":\"https:\\\/\\\/www.lohschule-datteln.de\\\/\",\"name\":\"Lohschule Datteln\",\"description\":\"kath. Grundschule\",\"publisher\":{\"@id\":\"https:\\\/\\\/www.lohschule-datteln.de\\\/#organization\"},\"potentialAction\":[{\"@type\":\"SearchAction\",\"target\":{\"@type\":\"EntryPoint\",\"urlTemplate\":\"https:\\\/\\\/www.lohschule-datteln.de\\\/?s={search_term_string}\"},\"query-input\":{\"@type\":\"PropertyValueSpecification\",\"valueRequired\":true,\"valueName\":\"search_term_string\"}}],\"inLanguage\":\"de\"},{\"@type\":\"Organization\",\"@id\":\"https:\\\/\\\/www.lohschule-datteln.de\\\/#organization\",\"name\":\"Lohschule -katholische Grundschule Datteln\",\"url\":\"https:\\\/\\\/www.lohschule-datteln.de\\\/\",\"logo\":{\"@type\":\"ImageObject\",\"inLanguage\":\"de\",\"@id\":\"https:\\\/\\\/www.lohschule-datteln.de\\\/#\\\/schema\\\/logo\\\/image\\\/\",\"url\":\"http:\\\/\\\/www.lohschule-datteln.de\\\/wp-content\\\/uploads\\\/2016\\\/02\\\/Loh-neu-2016.jpg\",\"contentUrl\":\"http:\\\/\\\/www.lohschule-datteln.de\\\/wp-content\\\/uploads\\\/2016\\\/02\\\/Loh-neu-2016.jpg\",\"width\":448,\"height\":252,\"caption\":\"Lohschule -katholische Grundschule Datteln\"},\"image\":{\"@id\":\"https:\\\/\\\/www.lohschule-datteln.de\\\/#\\\/schema\\\/logo\\\/image\\\/\"}}]}<\/script>\n<!-- \/ Yoast SEO plugin. -->","yoast_head_json":{"title":"Pausenhelfer 2019 - Lohschule Datteln","robots":{"index":"index","follow":"follow","max-snippet":"max-snippet:-1","max-image-preview":"max-image-preview:large","max-video-preview":"max-video-preview:-1"},"canonical":"https:\/\/www.lohschule-datteln.de\/index.php\/schulhofhelfer\/","og_locale":"de_DE","og_type":"article","og_title":"Pausenhelfer 2019 - Lohschule Datteln","og_description":"Start der ersten Pausenhelfer an der Lohschule Am Montag, 11.03.2019, war es endlich so weit: Die Pausenhelfer der Lohschule durften mit ihrer T\u00e4tigkeit auf dem Schulhof beginnen. In den vergangenen Wochen haben sich die insgesamt 30 Jungen und M\u00e4dchen aus den Stufen 3 und 4 auf diesen Tag vorbereitet. Mit viel Spa\u00df und Ehrgeiz besch\u00e4ftigten [&hellip;]","og_url":"https:\/\/www.lohschule-datteln.de\/index.php\/schulhofhelfer\/","og_site_name":"Lohschule Datteln","article_modified_time":"2019-06-27T21:37:35+00:00","twitter_card":"summary_large_image","twitter_misc":{"Gesch\u00e4tzte Lesezeit":"1\u00a0Minute"},"schema":{"@context":"https:\/\/schema.org","@graph":[{"@type":"WebPage","@id":"https:\/\/www.lohschule-datteln.de\/index.php\/schulhofhelfer\/","url":"https:\/\/www.lohschule-datteln.de\/index.php\/schulhofhelfer\/","name":"Pausenhelfer 2019 - Lohschule Datteln","isPartOf":{"@id":"https:\/\/www.lohschule-datteln.de\/#website"},"datePublished":"2019-03-11T13:08:21+00:00","dateModified":"2019-06-27T21:37:35+00:00","breadcrumb":{"@id":"https:\/\/www.lohschule-datteln.de\/index.php\/schulhofhelfer\/#breadcrumb"},"inLanguage":"de","potentialAction":[{"@type":"ReadAction","target":["https:\/\/www.lohschule-datteln.de\/index.php\/schulhofhelfer\/"]}]},{"@type":"BreadcrumbList","@id":"https:\/\/www.lohschule-datteln.de\/index.php\/schulhofhelfer\/#breadcrumb","itemListElement":[{"@type":"ListItem","position":1,"name":"Startseite","item":"https:\/\/www.lohschule-datteln.de\/"},{"@type":"ListItem","position":2,"name":"Pausenhelfer 2019"}]},{"@type":"WebSite","@id":"https:\/\/www.lohschule-datteln.de\/#website","url":"https:\/\/www.lohschule-datteln.de\/","name":"Lohschule Datteln","description":"kath. Grundschule","publisher":{"@id":"https:\/\/www.lohschule-datteln.de\/#organization"},"potentialAction":[{"@type":"SearchAction","target":{"@type":"EntryPoint","urlTemplate":"https:\/\/www.lohschule-datteln.de\/?s={search_term_string}"},"query-input":{"@type":"PropertyValueSpecification","valueRequired":true,"valueName":"search_term_string"}}],"inLanguage":"de"},{"@type":"Organization","@id":"https:\/\/www.lohschule-datteln.de\/#organization","name":"Lohschule -katholische Grundschule Datteln","url":"https:\/\/www.lohschule-datteln.de\/","logo":{"@type":"ImageObject","inLanguage":"de","@id":"https:\/\/www.lohschule-datteln.de\/#\/schema\/logo\/image\/","url":"http:\/\/www.lohschule-datteln.de\/wp-content\/uploads\/2016\/02\/Loh-neu-2016.jpg","contentUrl":"http:\/\/www.lohschule-datteln.de\/wp-content\/uploads\/2016\/02\/Loh-neu-2016.jpg","width":448,"height":252,"caption":"Lohschule -katholische Grundschule Datteln"},"image":{"@id":"https:\/\/www.lohschule-datteln.de\/#\/schema\/logo\/image\/"}}]}},"_links":{"self":[{"href":"https:\/\/www.lohschule-datteln.de\/index.php\/wp-json\/wp\/v2\/pages\/5323","targetHints":{"allow":["GET"]}}],"collection":[{"href":"https:\/\/www.lohschule-datteln.de\/index.php\/wp-json\/wp\/v2\/pages"}],"about":[{"href":"https:\/\/www.lohschule-datteln.de\/index.php\/wp-json\/wp\/v2\/types\/page"}],"author":[{"embeddable":true,"href":"https:\/\/www.lohschule-datteln.de\/index.php\/wp-json\/wp\/v2\/users\/3"}],"replies":[{"embeddable":true,"href":"https:\/\/www.lohschule-datteln.de\/index.php\/wp-json\/wp\/v2\/comments?post=5323"}],"version-history":[{"count":8,"href":"https:\/\/www.lohschule-datteln.de\/index.php\/wp-json\/wp\/v2\/pages\/5323\/revisions"}],"predecessor-version":[{"id":5971,"href":"https:\/\/www.lohschule-datteln.de\/index.php\/wp-json\/wp\/v2\/pages\/5323\/revisions\/5971"}],"wp:attachment":[{"href":"https:\/\/www.lohschule-datteln.de\/index.php\/wp-json\/wp\/v2\/media?parent=5323"}],"curies":[{"name":"wp","href":"https:\/\/api.w.org\/{rel}","templated":true}]}}