{"id":5370,"date":"2019-03-17T13:02:34","date_gmt":"2019-03-17T12:02:34","guid":{"rendered":"http:\/\/www.lohschule-datteln.de\/?page_id=5370"},"modified":"2019-03-17T17:36:28","modified_gmt":"2019-03-17T16:36:28","slug":"traurige-nachricht","status":"publish","type":"page","link":"https:\/\/www.lohschule-datteln.de\/index.php\/traurige-nachricht\/","title":{"rendered":"Nachruf"},"content":{"rendered":"<h2>Pfarrer Schneider wird immer in unseren Herzen bleiben<\/h2>\n<p>&nbsp;<\/p>\n<p><span style=\"color: #808080;\">Mit gro\u00dfer Betroffenheit haben wir vom pl\u00f6tzlichen Tod unseres lieben Pfarrers Ludger Schneider (verstorben am 10.03.2019) erfahren. Wir haben ihn als so einen lieben und offenen Menschen sch\u00e4tzen gelernt und sehr gern mit ihm als katholische Grundschule vor allem in den sch\u00f6nen Gottesdiensten zusammengearbeitet. In dieser Woche haben die Kinder im Unterricht versucht, die unfassbare Nachricht vom Tod zu verarbeiten. Dabei sind sehr nahegehende und tolle W\u00fcnsche, Erinnerungsbilder und -texte sowie Gebete entstanden. Es sind so viele Dinge zusammengekommen, dass sie gar nicht alle auf die Stellw\u00e4nde in der Sankt Amanduskirche gepasst haben. Alles, was aus Platzgr\u00fcnden dort nicht mehr ausgestellt werden konnte, befindet sich (wie auch sp\u00e4ter die ausgestellten Werke) auf dem Weg zu den Angeh\u00f6rigen von Pfarrer Schneider.<\/span><\/p>\n<p><span style=\"color: #808080;\">Wir werden Pfarrer Schneider immer als ganz tollen Pfarrer in unserem Herzen haben!<\/span><\/p>\n<p>&nbsp;<\/p>\n\n<p>&nbsp;<\/p>\n","protected":false},"excerpt":{"rendered":"<p>Pfarrer Schneider wird immer in unseren Herzen bleiben &nbsp; Mit gro\u00dfer Betroffenheit haben wir vom pl\u00f6tzlichen Tod unseres lieben Pfarrers Ludger Schneider (verstorben am 10.03.2019) erfahren. Wir haben ihn als so einen lieben und offenen Menschen sch\u00e4tzen gelernt und sehr gern mit ihm als katholische Grundschule vor allem in den sch\u00f6nen Gottesdiensten zusammengearbeitet. In dieser [&hellip;]<\/p>\n","protected":false},"author":3,"featured_media":0,"parent":0,"menu_order":0,"comment_status":"closed","ping_status":"closed","template":"","meta":{"footnotes":""},"class_list":["post-5370","page","type-page","status-publish","hentry"],"yoast_head":"<!-- This site is optimized with the Yoast SEO plugin v27.4 - https:\/\/yoast.com\/product\/yoast-seo-wordpress\/ -->\n<title>Nachruf - Lohschule Datteln<\/title>\n<meta name=\"robots\" content=\"index, follow, max-snippet:-1, max-image-preview:large, max-video-preview:-1\" \/>\n<link rel=\"canonical\" href=\"https:\/\/www.lohschule-datteln.de\/index.php\/traurige-nachricht\/\" \/>\n<meta property=\"og:locale\" content=\"de_DE\" \/>\n<meta property=\"og:type\" content=\"article\" \/>\n<meta property=\"og:title\" content=\"Nachruf - Lohschule Datteln\" \/>\n<meta property=\"og:description\" content=\"Pfarrer Schneider wird immer in unseren Herzen bleiben &nbsp; Mit gro\u00dfer Betroffenheit haben wir vom pl\u00f6tzlichen Tod unseres lieben Pfarrers Ludger Schneider (verstorben am 10.03.2019) erfahren. Wir haben ihn als so einen lieben und offenen Menschen sch\u00e4tzen gelernt und sehr gern mit ihm als katholische Grundschule vor allem in den sch\u00f6nen Gottesdiensten zusammengearbeitet. In dieser [&hellip;]\" \/>\n<meta property=\"og:url\" content=\"https:\/\/www.lohschule-datteln.de\/index.php\/traurige-nachricht\/\" \/>\n<meta property=\"og:site_name\" content=\"Lohschule Datteln\" \/>\n<meta property=\"article:modified_time\" content=\"2019-03-17T16:36:28+00:00\" \/>\n<meta property=\"og:image\" content=\"https:\/\/www.lohschule-datteln.de\/wp-content\/uploads\/2019\/03\/10-1-225x300.jpg\" \/>\n<meta name=\"twitter:card\" content=\"summary_large_image\" \/>\n<meta name=\"twitter:label1\" content=\"Gesch\u00e4tzte Lesezeit\" \/>\n\t<meta name=\"twitter:data1\" content=\"1\u00a0Minute\" \/>\n<script type=\"application\/ld+json\" class=\"yoast-schema-graph\">{\"@context\":\"https:\\\/\\\/schema.org\",\"@graph\":[{\"@type\":\"WebPage\",\"@id\":\"https:\\\/\\\/www.lohschule-datteln.de\\\/index.php\\\/traurige-nachricht\\\/\",\"url\":\"https:\\\/\\\/www.lohschule-datteln.de\\\/index.php\\\/traurige-nachricht\\\/\",\"name\":\"Nachruf - Lohschule Datteln\",\"isPartOf\":{\"@id\":\"https:\\\/\\\/www.lohschule-datteln.de\\\/#website\"},\"datePublished\":\"2019-03-17T12:02:34+00:00\",\"dateModified\":\"2019-03-17T16:36:28+00:00\",\"breadcrumb\":{\"@id\":\"https:\\\/\\\/www.lohschule-datteln.de\\\/index.php\\\/traurige-nachricht\\\/#breadcrumb\"},\"inLanguage\":\"de\",\"potentialAction\":[{\"@type\":\"ReadAction\",\"target\":[\"https:\\\/\\\/www.lohschule-datteln.de\\\/index.php\\\/traurige-nachricht\\\/\"]}]},{\"@type\":\"BreadcrumbList\",\"@id\":\"https:\\\/\\\/www.lohschule-datteln.de\\\/index.php\\\/traurige-nachricht\\\/#breadcrumb\",\"itemListElement\":[{\"@type\":\"ListItem\",\"position\":1,\"name\":\"Startseite\",\"item\":\"https:\\\/\\\/www.lohschule-datteln.de\\\/\"},{\"@type\":\"ListItem\",\"position\":2,\"name\":\"Nachruf\"}]},{\"@type\":\"WebSite\",\"@id\":\"https:\\\/\\\/www.lohschule-datteln.de\\\/#website\",\"url\":\"https:\\\/\\\/www.lohschule-datteln.de\\\/\",\"name\":\"Lohschule Datteln\",\"description\":\"kath. Grundschule\",\"publisher\":{\"@id\":\"https:\\\/\\\/www.lohschule-datteln.de\\\/#organization\"},\"potentialAction\":[{\"@type\":\"SearchAction\",\"target\":{\"@type\":\"EntryPoint\",\"urlTemplate\":\"https:\\\/\\\/www.lohschule-datteln.de\\\/?s={search_term_string}\"},\"query-input\":{\"@type\":\"PropertyValueSpecification\",\"valueRequired\":true,\"valueName\":\"search_term_string\"}}],\"inLanguage\":\"de\"},{\"@type\":\"Organization\",\"@id\":\"https:\\\/\\\/www.lohschule-datteln.de\\\/#organization\",\"name\":\"Lohschule -katholische Grundschule Datteln\",\"url\":\"https:\\\/\\\/www.lohschule-datteln.de\\\/\",\"logo\":{\"@type\":\"ImageObject\",\"inLanguage\":\"de\",\"@id\":\"https:\\\/\\\/www.lohschule-datteln.de\\\/#\\\/schema\\\/logo\\\/image\\\/\",\"url\":\"http:\\\/\\\/www.lohschule-datteln.de\\\/wp-content\\\/uploads\\\/2016\\\/02\\\/Loh-neu-2016.jpg\",\"contentUrl\":\"http:\\\/\\\/www.lohschule-datteln.de\\\/wp-content\\\/uploads\\\/2016\\\/02\\\/Loh-neu-2016.jpg\",\"width\":448,\"height\":252,\"caption\":\"Lohschule -katholische Grundschule Datteln\"},\"image\":{\"@id\":\"https:\\\/\\\/www.lohschule-datteln.de\\\/#\\\/schema\\\/logo\\\/image\\\/\"}}]}<\/script>\n<!-- \/ Yoast SEO plugin. -->","yoast_head_json":{"title":"Nachruf - Lohschule Datteln","robots":{"index":"index","follow":"follow","max-snippet":"max-snippet:-1","max-image-preview":"max-image-preview:large","max-video-preview":"max-video-preview:-1"},"canonical":"https:\/\/www.lohschule-datteln.de\/index.php\/traurige-nachricht\/","og_locale":"de_DE","og_type":"article","og_title":"Nachruf - Lohschule Datteln","og_description":"Pfarrer Schneider wird immer in unseren Herzen bleiben &nbsp; Mit gro\u00dfer Betroffenheit haben wir vom pl\u00f6tzlichen Tod unseres lieben Pfarrers Ludger Schneider (verstorben am 10.03.2019) erfahren. Wir haben ihn als so einen lieben und offenen Menschen sch\u00e4tzen gelernt und sehr gern mit ihm als katholische Grundschule vor allem in den sch\u00f6nen Gottesdiensten zusammengearbeitet. In dieser [&hellip;]","og_url":"https:\/\/www.lohschule-datteln.de\/index.php\/traurige-nachricht\/","og_site_name":"Lohschule Datteln","article_modified_time":"2019-03-17T16:36:28+00:00","og_image":[{"url":"https:\/\/www.lohschule-datteln.de\/wp-content\/uploads\/2019\/03\/10-1-225x300.jpg","type":"","width":"","height":""}],"twitter_card":"summary_large_image","twitter_misc":{"Gesch\u00e4tzte Lesezeit":"1\u00a0Minute"},"schema":{"@context":"https:\/\/schema.org","@graph":[{"@type":"WebPage","@id":"https:\/\/www.lohschule-datteln.de\/index.php\/traurige-nachricht\/","url":"https:\/\/www.lohschule-datteln.de\/index.php\/traurige-nachricht\/","name":"Nachruf - Lohschule Datteln","isPartOf":{"@id":"https:\/\/www.lohschule-datteln.de\/#website"},"datePublished":"2019-03-17T12:02:34+00:00","dateModified":"2019-03-17T16:36:28+00:00","breadcrumb":{"@id":"https:\/\/www.lohschule-datteln.de\/index.php\/traurige-nachricht\/#breadcrumb"},"inLanguage":"de","potentialAction":[{"@type":"ReadAction","target":["https:\/\/www.lohschule-datteln.de\/index.php\/traurige-nachricht\/"]}]},{"@type":"BreadcrumbList","@id":"https:\/\/www.lohschule-datteln.de\/index.php\/traurige-nachricht\/#breadcrumb","itemListElement":[{"@type":"ListItem","position":1,"name":"Startseite","item":"https:\/\/www.lohschule-datteln.de\/"},{"@type":"ListItem","position":2,"name":"Nachruf"}]},{"@type":"WebSite","@id":"https:\/\/www.lohschule-datteln.de\/#website","url":"https:\/\/www.lohschule-datteln.de\/","name":"Lohschule Datteln","description":"kath. Grundschule","publisher":{"@id":"https:\/\/www.lohschule-datteln.de\/#organization"},"potentialAction":[{"@type":"SearchAction","target":{"@type":"EntryPoint","urlTemplate":"https:\/\/www.lohschule-datteln.de\/?s={search_term_string}"},"query-input":{"@type":"PropertyValueSpecification","valueRequired":true,"valueName":"search_term_string"}}],"inLanguage":"de"},{"@type":"Organization","@id":"https:\/\/www.lohschule-datteln.de\/#organization","name":"Lohschule -katholische Grundschule Datteln","url":"https:\/\/www.lohschule-datteln.de\/","logo":{"@type":"ImageObject","inLanguage":"de","@id":"https:\/\/www.lohschule-datteln.de\/#\/schema\/logo\/image\/","url":"http:\/\/www.lohschule-datteln.de\/wp-content\/uploads\/2016\/02\/Loh-neu-2016.jpg","contentUrl":"http:\/\/www.lohschule-datteln.de\/wp-content\/uploads\/2016\/02\/Loh-neu-2016.jpg","width":448,"height":252,"caption":"Lohschule -katholische Grundschule Datteln"},"image":{"@id":"https:\/\/www.lohschule-datteln.de\/#\/schema\/logo\/image\/"}}]}},"_links":{"self":[{"href":"https:\/\/www.lohschule-datteln.de\/index.php\/wp-json\/wp\/v2\/pages\/5370","targetHints":{"allow":["GET"]}}],"collection":[{"href":"https:\/\/www.lohschule-datteln.de\/index.php\/wp-json\/wp\/v2\/pages"}],"about":[{"href":"https:\/\/www.lohschule-datteln.de\/index.php\/wp-json\/wp\/v2\/types\/page"}],"author":[{"embeddable":true,"href":"https:\/\/www.lohschule-datteln.de\/index.php\/wp-json\/wp\/v2\/users\/3"}],"replies":[{"embeddable":true,"href":"https:\/\/www.lohschule-datteln.de\/index.php\/wp-json\/wp\/v2\/comments?post=5370"}],"version-history":[{"count":12,"href":"https:\/\/www.lohschule-datteln.de\/index.php\/wp-json\/wp\/v2\/pages\/5370\/revisions"}],"predecessor-version":[{"id":5387,"href":"https:\/\/www.lohschule-datteln.de\/index.php\/wp-json\/wp\/v2\/pages\/5370\/revisions\/5387"}],"wp:attachment":[{"href":"https:\/\/www.lohschule-datteln.de\/index.php\/wp-json\/wp\/v2\/media?parent=5370"}],"curies":[{"name":"wp","href":"https:\/\/api.w.org\/{rel}","templated":true}]}}