{"id":5818,"date":"2019-06-15T14:18:36","date_gmt":"2019-06-15T12:18:36","guid":{"rendered":"http:\/\/www.lohschule-datteln.de\/?page_id=5818"},"modified":"2019-07-01T22:37:43","modified_gmt":"2019-07-01T20:37:43","slug":"spielfest-2019","status":"publish","type":"page","link":"https:\/\/www.lohschule-datteln.de\/index.php\/spielfest-2019\/","title":{"rendered":"Spielfest 2019"},"content":{"rendered":"<h2>Welch ein tolles Spielfest von unseren 1. und 2. Klassen!!!<\/h2>\n<p><span style=\"color: #ffcc00;\">Die Kinder konnten es die letzten Tage schon gar nicht mehr abwarten und jubelten, als heute, 19.06.2019, das ersehnte Spielfest f\u00fcr die 1. und 2. Klassen stattfand: 8.00 Uhr bis 9.30 Uhr f\u00fcr unsere 2. Klassen und von 10.00 Uhr bis 11.35 Uhr f\u00fcr unsere 1. Klassen.&nbsp;&nbsp;<\/span><\/p>\n<p><img loading=\"lazy\" decoding=\"async\" class=\"size-thumbnail wp-image-5826 alignright\" src=\"https:\/\/www.lohschule-datteln.de\/wp-content\/uploads\/2019\/06\/IMG_1071-150x150.jpeg\" alt=\"\" width=\"150\" height=\"150\"><\/p>\n<p><span style=\"color: #ffcc00;\">P\u00fcnktlich um 8.00 Uhr erschienen alle Kinder bei strahlendem Sonnenschein in Sportkleidung und bestens gelaunt zun\u00e4chst kurz&nbsp;zur Begr\u00fc\u00dfung und zum Abstellen der mitgebrachten Taschen im Klassenraum und dann ging es f\u00fcr die 2. Klassen schon, begleitet von toller Musik, gemeinsam auf das Spielfeld auf dem hinteren Schulhof. Alle Materialien f\u00fcr die Spiele waren von vielen flei\u00dfigen H\u00e4nden aus dem Kollegium vor Schulbeginn auf dem Schulhof vorbereitet worden und das erste Spiel war schon startklar aufgebaut. So sa\u00dfen die Eisb\u00e4ren der 2a, die Schmetterlinge der 2b und die L\u00f6wen der 2c&nbsp;gespannt und sportbegeistert auf ihren B\u00e4nken. Frau Kartschewski begr\u00fc\u00dfte alle Kinder und Eltern und nat\u00fcrlich die anfeuernden 1. Klassen als Zuschauer ganz herzlich. Auf die Frage &#8222;Seid ihr alle fit?&#8220;, &#8222;Freut ihr euch auf\u00b4s Spielfest?&#8220; und &#8222;Sollen wir mit dem Spielfest anfangen?&#8220; gab es ein lautstarkes &#8222;Jaaaaa!&#8220; aller Kinder. Das waren beste Voraussetzungen! Frau Kartschewski f\u00fchrte die Kinder und Eltern danach weiter durch das &#8222;Spielprogramm&#8220;. So erkl\u00e4rte sie nach und nach die Spiele, bei denen besonders der Teamgeist der Klassen gefragt war. Gestartet wurde mit dem Memory-Lauf-Spiel, das allen ganz viel Freude brachte. Unterst\u00fctzt von peppiger Musik und lautem Anfeuern und Klatschen, gab jede Klasse ihr Bestes, wobei nat\u00fcrlich auch gerade beim Memory-Lauf das kleine Quentchen Gl\u00fcck mitentscheidend war. Dem Memory-Lauf schloss sich dann das Fang-K\u00f6nig Spiel, das Hindernis-Zwergenrennen und das Wassertrag-Rennen an. Alles mit super Stimmung und fetziger Musik. Nat\u00fcrlich gab es nach jedem Spiel auch die&nbsp;Verk\u00fcndung der Pl\u00e4tze. Alle hatten m\u00e4chtig Freude und waren stolz auf ihre Leistung! Zwischendurch wurde sich im Klassenraum erfrischt, sodass alle bei der Hitze trotzdem Bestes geben konnten. Am Ende wurde das Spielfest&nbsp;mit der Siegerehrung der Klassen&nbsp;gekr\u00f6nt. Jede Klasse wurde besonders hervorgehoben und die Klassensprecher bekamen von Frau Kartschewski f\u00fcr ihre Klasse die Urkunde \u00fcberreicht, die sie stolz in Empfang nahmen. <\/span><\/p>\n<p style=\"text-align: center;\"><strong><em><span style=\"color: #ffcc00;\">Herzlichen Gl\u00fcckwunsch, ihr Lieben!!!&nbsp;<\/span><\/em><\/strong><\/p>\n<p style=\"text-align: left;\"><span style=\"color: #ffcc00;\">Um 10.00 Uhr starteten dann die ebenfalls frohgelaunten und sportbegeisterten 1. Klassen mit den Zebras der 1a, den Eulen der 1b und den Monstern der 1c. Alles lief auch da wie am Schn\u00fcrchen, sodass Frau Kartschewski am Ende des Spielfestes jeder Klasse voller Freude ihre Urkunde \u00fcberreichen konnte. Liebe Kinder, ihr seid unsere Champions dieses Spielfestes! Das habt ihr klasse gemacht! &nbsp;&nbsp;<\/span><\/p>\n<p><\/p>\n\n\n<ul class=\"wp-block-gallery columns-2 is-cropped wp-block-gallery-1 is-layout-flex wp-block-gallery-is-layout-flex\"><li class=\"blocks-gallery-item\"><figure><img decoding=\"async\" src=\"https:\/\/www.lohschule-datteln.de\/wp-content\/uploads\/2019\/06\/2.jpg\" alt=\"\" data-id=\"5909\" data-link=\"https:\/\/www.lohschule-datteln.de\/index.php\/spielfest-2019\/2-59\/\" class=\"wp-image-5909\"\/><\/figure><\/li><li class=\"blocks-gallery-item\"><figure><img decoding=\"async\" src=\"https:\/\/www.lohschule-datteln.de\/wp-content\/uploads\/2019\/06\/1.jpg\" alt=\"\" data-id=\"5910\" data-link=\"https:\/\/www.lohschule-datteln.de\/index.php\/spielfest-2019\/1-64\/\" class=\"wp-image-5910\"\/><\/figure><\/li><\/ul>\n\n\n\n<ul class=\"wp-block-gallery columns-3 is-cropped wp-block-gallery-2 is-layout-flex wp-block-gallery-is-layout-flex\"><li class=\"blocks-gallery-item\"><figure><img decoding=\"async\" src=\"https:\/\/www.lohschule-datteln.de\/wp-content\/uploads\/2019\/07\/P1070179-Kopie.jpg\" alt=\"\" data-id=\"5993\" data-link=\"https:\/\/www.lohschule-datteln.de\/index.php\/jahrgang-2-2018-19\/p1070179-kopie\/\" class=\"wp-image-5993\"\/><\/figure><\/li><li class=\"blocks-gallery-item\"><figure><img decoding=\"async\" src=\"https:\/\/www.lohschule-datteln.de\/wp-content\/uploads\/2019\/07\/P1070188-Kopie.jpg\" alt=\"\" data-id=\"5994\" data-link=\"https:\/\/www.lohschule-datteln.de\/index.php\/jahrgang-2-2018-19\/p1070188-kopie\/\" class=\"wp-image-5994\"\/><\/figure><\/li><li class=\"blocks-gallery-item\"><figure><img decoding=\"async\" src=\"https:\/\/www.lohschule-datteln.de\/wp-content\/uploads\/2019\/07\/P1070229-Kopie.jpg\" alt=\"\" data-id=\"5995\" data-link=\"https:\/\/www.lohschule-datteln.de\/index.php\/jahrgang-2-2018-19\/p1070229-kopie\/\" class=\"wp-image-5995\"\/><\/figure><\/li><\/ul>\n\n\n\n<ul class=\"wp-block-gallery columns-3 is-cropped wp-block-gallery-3 is-layout-flex wp-block-gallery-is-layout-flex\"><li class=\"blocks-gallery-item\"><figure><img decoding=\"async\" src=\"https:\/\/www.lohschule-datteln.de\/wp-content\/uploads\/2019\/07\/P1070253-Kopie.jpg\" alt=\"\" data-id=\"5996\" data-link=\"https:\/\/www.lohschule-datteln.de\/index.php\/jahrgang-2-2018-19\/p1070253-kopie\/\" class=\"wp-image-5996\"\/><\/figure><\/li><li class=\"blocks-gallery-item\"><figure><img decoding=\"async\" src=\"https:\/\/www.lohschule-datteln.de\/wp-content\/uploads\/2019\/07\/P1070254-Kopie.jpg\" alt=\"\" data-id=\"5997\" data-link=\"https:\/\/www.lohschule-datteln.de\/index.php\/jahrgang-2-2018-19\/p1070254-kopie\/\" class=\"wp-image-5997\"\/><\/figure><\/li><li class=\"blocks-gallery-item\"><figure><img decoding=\"async\" src=\"https:\/\/www.lohschule-datteln.de\/wp-content\/uploads\/2019\/07\/P1070265-Kopie.jpg\" alt=\"\" data-id=\"5998\" data-link=\"https:\/\/www.lohschule-datteln.de\/index.php\/jahrgang-2-2018-19\/p1070265-kopie\/\" class=\"wp-image-5998\"\/><\/figure><\/li><\/ul>\n","protected":false},"excerpt":{"rendered":"<p>Welch ein tolles Spielfest von unseren 1. und 2. Klassen!!! Die Kinder konnten es die letzten Tage schon gar nicht mehr abwarten und jubelten, als heute, 19.06.2019, das ersehnte Spielfest f\u00fcr die 1. und 2. Klassen stattfand: 8.00 Uhr bis 9.30 Uhr f\u00fcr unsere 2. Klassen und von 10.00 Uhr bis 11.35 Uhr f\u00fcr unsere [&hellip;]<\/p>\n","protected":false},"author":3,"featured_media":0,"parent":0,"menu_order":0,"comment_status":"closed","ping_status":"closed","template":"","meta":{"footnotes":""},"class_list":["post-5818","page","type-page","status-publish","hentry"],"yoast_head":"<!-- This site is optimized with the Yoast SEO plugin v27.6 - https:\/\/yoast.com\/product\/yoast-seo-wordpress\/ -->\n<title>Spielfest 2019 - Lohschule Datteln<\/title>\n<meta name=\"robots\" content=\"index, follow, max-snippet:-1, max-image-preview:large, max-video-preview:-1\" \/>\n<link rel=\"canonical\" href=\"https:\/\/www.lohschule-datteln.de\/index.php\/spielfest-2019\/\" \/>\n<meta property=\"og:locale\" content=\"de_DE\" \/>\n<meta property=\"og:type\" content=\"article\" \/>\n<meta property=\"og:title\" content=\"Spielfest 2019 - Lohschule Datteln\" \/>\n<meta property=\"og:description\" content=\"Welch ein tolles Spielfest von unseren 1. und 2. Klassen!!! Die Kinder konnten es die letzten Tage schon gar nicht mehr abwarten und jubelten, als heute, 19.06.2019, das ersehnte Spielfest f\u00fcr die 1. und 2. Klassen stattfand: 8.00 Uhr bis 9.30 Uhr f\u00fcr unsere 2. Klassen und von 10.00 Uhr bis 11.35 Uhr f\u00fcr unsere [&hellip;]\" \/>\n<meta property=\"og:url\" content=\"https:\/\/www.lohschule-datteln.de\/index.php\/spielfest-2019\/\" \/>\n<meta property=\"og:site_name\" content=\"Lohschule Datteln\" \/>\n<meta property=\"article:modified_time\" content=\"2019-07-01T20:37:43+00:00\" \/>\n<meta property=\"og:image\" content=\"http:\/\/www.lohschule-datteln.de\/wp-content\/uploads\/2019\/06\/IMG_1071-150x150.jpeg\" \/>\n<meta name=\"twitter:card\" content=\"summary_large_image\" \/>\n<meta name=\"twitter:label1\" content=\"Gesch\u00e4tzte Lesezeit\" \/>\n\t<meta name=\"twitter:data1\" content=\"2\u00a0Minuten\" \/>\n<script type=\"application\/ld+json\" class=\"yoast-schema-graph\">{\"@context\":\"https:\\\/\\\/schema.org\",\"@graph\":[{\"@type\":\"WebPage\",\"@id\":\"https:\\\/\\\/www.lohschule-datteln.de\\\/index.php\\\/spielfest-2019\\\/\",\"url\":\"https:\\\/\\\/www.lohschule-datteln.de\\\/index.php\\\/spielfest-2019\\\/\",\"name\":\"Spielfest 2019 - Lohschule Datteln\",\"isPartOf\":{\"@id\":\"https:\\\/\\\/www.lohschule-datteln.de\\\/#website\"},\"primaryImageOfPage\":{\"@id\":\"https:\\\/\\\/www.lohschule-datteln.de\\\/index.php\\\/spielfest-2019\\\/#primaryimage\"},\"image\":{\"@id\":\"https:\\\/\\\/www.lohschule-datteln.de\\\/index.php\\\/spielfest-2019\\\/#primaryimage\"},\"thumbnailUrl\":\"http:\\\/\\\/www.lohschule-datteln.de\\\/wp-content\\\/uploads\\\/2019\\\/06\\\/IMG_1071-150x150.jpeg\",\"datePublished\":\"2019-06-15T12:18:36+00:00\",\"dateModified\":\"2019-07-01T20:37:43+00:00\",\"breadcrumb\":{\"@id\":\"https:\\\/\\\/www.lohschule-datteln.de\\\/index.php\\\/spielfest-2019\\\/#breadcrumb\"},\"inLanguage\":\"de\",\"potentialAction\":[{\"@type\":\"ReadAction\",\"target\":[\"https:\\\/\\\/www.lohschule-datteln.de\\\/index.php\\\/spielfest-2019\\\/\"]}]},{\"@type\":\"ImageObject\",\"inLanguage\":\"de\",\"@id\":\"https:\\\/\\\/www.lohschule-datteln.de\\\/index.php\\\/spielfest-2019\\\/#primaryimage\",\"url\":\"http:\\\/\\\/www.lohschule-datteln.de\\\/wp-content\\\/uploads\\\/2019\\\/06\\\/IMG_1071-150x150.jpeg\",\"contentUrl\":\"http:\\\/\\\/www.lohschule-datteln.de\\\/wp-content\\\/uploads\\\/2019\\\/06\\\/IMG_1071-150x150.jpeg\"},{\"@type\":\"BreadcrumbList\",\"@id\":\"https:\\\/\\\/www.lohschule-datteln.de\\\/index.php\\\/spielfest-2019\\\/#breadcrumb\",\"itemListElement\":[{\"@type\":\"ListItem\",\"position\":1,\"name\":\"Startseite\",\"item\":\"https:\\\/\\\/www.lohschule-datteln.de\\\/\"},{\"@type\":\"ListItem\",\"position\":2,\"name\":\"Spielfest 2019\"}]},{\"@type\":\"WebSite\",\"@id\":\"https:\\\/\\\/www.lohschule-datteln.de\\\/#website\",\"url\":\"https:\\\/\\\/www.lohschule-datteln.de\\\/\",\"name\":\"Lohschule Datteln\",\"description\":\"kath. Grundschule\",\"publisher\":{\"@id\":\"https:\\\/\\\/www.lohschule-datteln.de\\\/#organization\"},\"potentialAction\":[{\"@type\":\"SearchAction\",\"target\":{\"@type\":\"EntryPoint\",\"urlTemplate\":\"https:\\\/\\\/www.lohschule-datteln.de\\\/?s={search_term_string}\"},\"query-input\":{\"@type\":\"PropertyValueSpecification\",\"valueRequired\":true,\"valueName\":\"search_term_string\"}}],\"inLanguage\":\"de\"},{\"@type\":\"Organization\",\"@id\":\"https:\\\/\\\/www.lohschule-datteln.de\\\/#organization\",\"name\":\"Lohschule -katholische Grundschule Datteln\",\"url\":\"https:\\\/\\\/www.lohschule-datteln.de\\\/\",\"logo\":{\"@type\":\"ImageObject\",\"inLanguage\":\"de\",\"@id\":\"https:\\\/\\\/www.lohschule-datteln.de\\\/#\\\/schema\\\/logo\\\/image\\\/\",\"url\":\"http:\\\/\\\/www.lohschule-datteln.de\\\/wp-content\\\/uploads\\\/2016\\\/02\\\/Loh-neu-2016.jpg\",\"contentUrl\":\"http:\\\/\\\/www.lohschule-datteln.de\\\/wp-content\\\/uploads\\\/2016\\\/02\\\/Loh-neu-2016.jpg\",\"width\":448,\"height\":252,\"caption\":\"Lohschule -katholische Grundschule Datteln\"},\"image\":{\"@id\":\"https:\\\/\\\/www.lohschule-datteln.de\\\/#\\\/schema\\\/logo\\\/image\\\/\"}}]}<\/script>\n<!-- \/ Yoast SEO plugin. -->","yoast_head_json":{"title":"Spielfest 2019 - Lohschule Datteln","robots":{"index":"index","follow":"follow","max-snippet":"max-snippet:-1","max-image-preview":"max-image-preview:large","max-video-preview":"max-video-preview:-1"},"canonical":"https:\/\/www.lohschule-datteln.de\/index.php\/spielfest-2019\/","og_locale":"de_DE","og_type":"article","og_title":"Spielfest 2019 - Lohschule Datteln","og_description":"Welch ein tolles Spielfest von unseren 1. und 2. Klassen!!! Die Kinder konnten es die letzten Tage schon gar nicht mehr abwarten und jubelten, als heute, 19.06.2019, das ersehnte Spielfest f\u00fcr die 1. und 2. Klassen stattfand: 8.00 Uhr bis 9.30 Uhr f\u00fcr unsere 2. Klassen und von 10.00 Uhr bis 11.35 Uhr f\u00fcr unsere [&hellip;]","og_url":"https:\/\/www.lohschule-datteln.de\/index.php\/spielfest-2019\/","og_site_name":"Lohschule Datteln","article_modified_time":"2019-07-01T20:37:43+00:00","og_image":[{"url":"http:\/\/www.lohschule-datteln.de\/wp-content\/uploads\/2019\/06\/IMG_1071-150x150.jpeg","type":"","width":"","height":""}],"twitter_card":"summary_large_image","twitter_misc":{"Gesch\u00e4tzte Lesezeit":"2\u00a0Minuten"},"schema":{"@context":"https:\/\/schema.org","@graph":[{"@type":"WebPage","@id":"https:\/\/www.lohschule-datteln.de\/index.php\/spielfest-2019\/","url":"https:\/\/www.lohschule-datteln.de\/index.php\/spielfest-2019\/","name":"Spielfest 2019 - Lohschule Datteln","isPartOf":{"@id":"https:\/\/www.lohschule-datteln.de\/#website"},"primaryImageOfPage":{"@id":"https:\/\/www.lohschule-datteln.de\/index.php\/spielfest-2019\/#primaryimage"},"image":{"@id":"https:\/\/www.lohschule-datteln.de\/index.php\/spielfest-2019\/#primaryimage"},"thumbnailUrl":"http:\/\/www.lohschule-datteln.de\/wp-content\/uploads\/2019\/06\/IMG_1071-150x150.jpeg","datePublished":"2019-06-15T12:18:36+00:00","dateModified":"2019-07-01T20:37:43+00:00","breadcrumb":{"@id":"https:\/\/www.lohschule-datteln.de\/index.php\/spielfest-2019\/#breadcrumb"},"inLanguage":"de","potentialAction":[{"@type":"ReadAction","target":["https:\/\/www.lohschule-datteln.de\/index.php\/spielfest-2019\/"]}]},{"@type":"ImageObject","inLanguage":"de","@id":"https:\/\/www.lohschule-datteln.de\/index.php\/spielfest-2019\/#primaryimage","url":"http:\/\/www.lohschule-datteln.de\/wp-content\/uploads\/2019\/06\/IMG_1071-150x150.jpeg","contentUrl":"http:\/\/www.lohschule-datteln.de\/wp-content\/uploads\/2019\/06\/IMG_1071-150x150.jpeg"},{"@type":"BreadcrumbList","@id":"https:\/\/www.lohschule-datteln.de\/index.php\/spielfest-2019\/#breadcrumb","itemListElement":[{"@type":"ListItem","position":1,"name":"Startseite","item":"https:\/\/www.lohschule-datteln.de\/"},{"@type":"ListItem","position":2,"name":"Spielfest 2019"}]},{"@type":"WebSite","@id":"https:\/\/www.lohschule-datteln.de\/#website","url":"https:\/\/www.lohschule-datteln.de\/","name":"Lohschule Datteln","description":"kath. Grundschule","publisher":{"@id":"https:\/\/www.lohschule-datteln.de\/#organization"},"potentialAction":[{"@type":"SearchAction","target":{"@type":"EntryPoint","urlTemplate":"https:\/\/www.lohschule-datteln.de\/?s={search_term_string}"},"query-input":{"@type":"PropertyValueSpecification","valueRequired":true,"valueName":"search_term_string"}}],"inLanguage":"de"},{"@type":"Organization","@id":"https:\/\/www.lohschule-datteln.de\/#organization","name":"Lohschule -katholische Grundschule Datteln","url":"https:\/\/www.lohschule-datteln.de\/","logo":{"@type":"ImageObject","inLanguage":"de","@id":"https:\/\/www.lohschule-datteln.de\/#\/schema\/logo\/image\/","url":"http:\/\/www.lohschule-datteln.de\/wp-content\/uploads\/2016\/02\/Loh-neu-2016.jpg","contentUrl":"http:\/\/www.lohschule-datteln.de\/wp-content\/uploads\/2016\/02\/Loh-neu-2016.jpg","width":448,"height":252,"caption":"Lohschule -katholische Grundschule Datteln"},"image":{"@id":"https:\/\/www.lohschule-datteln.de\/#\/schema\/logo\/image\/"}}]}},"_links":{"self":[{"href":"https:\/\/www.lohschule-datteln.de\/index.php\/wp-json\/wp\/v2\/pages\/5818","targetHints":{"allow":["GET"]}}],"collection":[{"href":"https:\/\/www.lohschule-datteln.de\/index.php\/wp-json\/wp\/v2\/pages"}],"about":[{"href":"https:\/\/www.lohschule-datteln.de\/index.php\/wp-json\/wp\/v2\/types\/page"}],"author":[{"embeddable":true,"href":"https:\/\/www.lohschule-datteln.de\/index.php\/wp-json\/wp\/v2\/users\/3"}],"replies":[{"embeddable":true,"href":"https:\/\/www.lohschule-datteln.de\/index.php\/wp-json\/wp\/v2\/comments?post=5818"}],"version-history":[{"count":15,"href":"https:\/\/www.lohschule-datteln.de\/index.php\/wp-json\/wp\/v2\/pages\/5818\/revisions"}],"predecessor-version":[{"id":6001,"href":"https:\/\/www.lohschule-datteln.de\/index.php\/wp-json\/wp\/v2\/pages\/5818\/revisions\/6001"}],"wp:attachment":[{"href":"https:\/\/www.lohschule-datteln.de\/index.php\/wp-json\/wp\/v2\/media?parent=5818"}],"curies":[{"name":"wp","href":"https:\/\/api.w.org\/{rel}","templated":true}]}}