{"id":5938,"date":"2019-06-27T19:54:12","date_gmt":"2019-06-27T17:54:12","guid":{"rendered":"http:\/\/www.lohschule-datteln.de\/?page_id=5938"},"modified":"2019-06-27T23:52:49","modified_gmt":"2019-06-27T21:52:49","slug":"buergervision-songcontest","status":"publish","type":"page","link":"https:\/\/www.lohschule-datteln.de\/index.php\/buergervision-songcontest\/","title":{"rendered":"B\u00fcrgervision-Songcontest 2019"},"content":{"rendered":"\n<h2 class=\"wp-block-heading\">Wir waren dabei&#8230;<\/h2>\n\n\n\n\n\n<p>  <\/p>\n\n\n\n<p style=\"text-align:center\"><img decoding=\"async\" class=\"wp-image-5956\" src=\"https:\/\/www.lohschule-datteln.de\/wp-content\/uploads\/2019\/06\/04fef9c2-6da9-41a4-a226-e0bd96b7edd4.jpg\" style=\"width: 450px;\" alt=\"\"><\/p>\n\n\n\n<p><font color=\"Grey\"><\/font><\/p><p><font color=\"Grey\">Was f\u00fcr ein unglaublicher Nachmittag war das am letzten Mittwoch! Wir haben tats\u00e4chlich mit unserem Schulchor den fantastischen dritten Platz bei dem \u201eB\u00fcrgervision &#8211; Songcontest\u201c der B\u00fcrgerstiftung EmscherLippe-Land belegt und damit 1500 Euro gewonnen!&nbsp;<\/font><\/p><p><\/p>\n\n\n<p><span style=\"color: #808080;\">Aber von vorne: Als wir im Herbst letzten Jahres von dem Wettbewerb erfahren haben, indem es darum ging, mit Kindern in der Schule ein eigenes Lied mit einem gesellschaftskritischen Text zu schreiben (so war die Aufgabenstellung), war uns schnell klar, da machen wir mit! Wir haben was zu sagen und wollen dies auch tun. Unsere Schule besteht aus so vielen verschiedenen Menschen, Kindern, dem Kollegium, unseren Schulleitungsladies, aber auch unseren Putzfeen, den OGS-Mitarbeiterinnen, den Dinos, der Hausmeisterin, der Sekret\u00e4rin, dem F\u00f6rderverein, den Eltern, &#8230; und all diese Menschen machen uns aus, jeder Einzelne mit seiner Besonderheit. Mit einigen Kindern der 4. Klassen wurden in Gruppen Ideen gesammelt. Schnell stand der Refrain f\u00fcr unser Lied:<\/span><\/p>\n<p><span style=\"color: #808080;\"><strong><em>\u201eEgal ob jung oder alt. Egal ob gro\u00df oder klein. Hier darf jeder Mensch zu jeder Zeit er selber sein. Das alles, das sind wir. Wir leben, lernen und lachen hier, halten zusammen jeden Tag.<\/em> <em>NUR ZUSAMMEN SIND WIR RICHTIG STARK!<\/em><\/strong><\/span><\/p>\n\n\n<p><font color=\"grey\"><\/font><\/p>\n\n\n\n<p><font color=\"grey\"><\/font><\/p>\n\n\n\n<p><font color=\"grey\"><p>Wir haben den Text ge\u00fcbt und die Melodie. Sechs Solistenkinder haben gerappt und richtig coole Bewegungen gemacht, die der gesamte Chor, wie bei \u201eWe will rock you\u201c, mit Bodypercussion (stampfen und klatschen) unterst\u00fctzt hat. Au\u00dferdem hat Herr Rogalla, der in einer Band Schlagzeuger ist, das Ganze mit einem Cajon begleitet und im Refrain haben zus\u00e4tzlich noch drei weitere Chorkinder den Rhythmus auf Cajons mitgespielt. Das klang ganz schnell unglaublich gut und hat riesigen Spa\u00df gemacht. Was f\u00fcr eine tolle Probenzeit! Wie sch\u00f6n war es zu sehen, wie es von Woche zu Woche immer besser und gro\u00dfartiger wurde. Als dann in der letzten Woche zur Generalprobe noch Herr Brinkmann (der Vater eines Chorkindes) mit seiner Gitarre dazu kam, um uns zu unterst\u00fctzen, waren wir alle unglaublich begeistert. Zus\u00e4tzlich hatte Herr Saamen im Werkunterricht mit Kindern ein fantastisches B\u00fchnenbild gebaut, sodass \u00fcber dem Chor ein rotes Dach aufragte. Als dann die erste Strophe erklang: <em>\u201e<\/em><strong><em>Hinter gelben Mauern unterm roten Dach, schon \u00fcber hundert Jahre alt und immer noch hellwach\u2026\u201c<\/em>&nbsp;<\/strong>und die Kinder der ersten Reihe ein langes Banner in gelb mit Steinen hochhielten, auf dem stand:&nbsp;<strong><em>Das alles sind WIR,<\/em>&nbsp;<\/strong>gab es riesen Jubel. Frau Schneider war extra bei der Generalprobe dabei und erkl\u00e4rte uns, dass sie unglaublich stolz sei. Was f\u00fcr ein tolles Werk mit Musik, Text, Chor, Instrumenten und Solisten und sogar noch einem B\u00fchnenbild, bei dem man unsere Lohschule vor Augen hatte.&nbsp;<\/p><\/font><\/p>\n\n\n\n<p><font color=\"grey\"><p><strong>\u201eNUR ZUSAMMEN SIND WIR RICHTIG STARK!\u201c<\/strong><\/p><\/font><\/p>\n\n\n\n<p><font color=\"grey\"><p>Der Auftritt war einzigartig und unglaublich beeindruckend. Wie echte gro\u00dfe Stars marschierten alle Kinder auf die B\u00fchne, sangen voller Freude aus ganzem Herzen, strahlten mit den Scheinwerfern um die Wette und hoben immer gemeinsam bei der Textzeile&nbsp;<strong><em>\u201e\u2026nur zusammen sind wir richtig stark\u201c<\/em>&nbsp;<\/strong>die H\u00e4nde ganz hoch in die Luft. Tosender Applaus war die Belohnung und zum Ende sogar der dritte Platz. Das bedeutete, dass wir alle noch einmal mit der gesamten Mannschaft inklusive Frau Schneider und Frau Kartschewski auf die B\u00fchne mussten. Dort ist das tolle Foto entstanden, auf dem man sehen kann, wie doll wir uns alle freuen. Was ein gro\u00dfartiges Erlebnis, das niemand von uns vergessen wird. Und das Beste ist: Das dabei entstandene Lied wird uns auf ewig erhalten bleiben, und nun haben wir ein eigenes Schullied, was wir auch noch selber gemacht haben.&nbsp;<\/p><\/font><\/p>\n\n\n\n<div class=\"wp-block-image\"><figure class=\"aligncenter is-resized\"><img loading=\"lazy\" decoding=\"async\" src=\"https:\/\/www.lohschule-datteln.de\/wp-content\/uploads\/2019\/06\/3.jpg\" alt=\"\" class=\"wp-image-5955\" width=\"560\" height=\"293\"\/><\/figure><\/div>\n","protected":false},"excerpt":{"rendered":"<p>Wir waren dabei&#8230; Was f\u00fcr ein unglaublicher Nachmittag war das am letzten Mittwoch! Wir haben tats\u00e4chlich mit unserem Schulchor den fantastischen dritten Platz bei dem \u201eB\u00fcrgervision &#8211; Songcontest\u201c der B\u00fcrgerstiftung EmscherLippe-Land belegt und damit 1500 Euro gewonnen!&nbsp; Aber von vorne: Als wir im Herbst letzten Jahres von dem Wettbewerb erfahren haben, indem es darum ging, [&hellip;]<\/p>\n","protected":false},"author":3,"featured_media":0,"parent":0,"menu_order":0,"comment_status":"closed","ping_status":"closed","template":"","meta":{"footnotes":""},"class_list":["post-5938","page","type-page","status-publish","hentry"],"yoast_head":"<!-- This site is optimized with the Yoast SEO plugin v27.6 - https:\/\/yoast.com\/product\/yoast-seo-wordpress\/ -->\n<title>B\u00fcrgervision-Songcontest 2019 - Lohschule Datteln<\/title>\n<meta name=\"robots\" content=\"index, follow, max-snippet:-1, max-image-preview:large, max-video-preview:-1\" \/>\n<link rel=\"canonical\" href=\"https:\/\/www.lohschule-datteln.de\/index.php\/buergervision-songcontest\/\" \/>\n<meta property=\"og:locale\" content=\"de_DE\" \/>\n<meta property=\"og:type\" content=\"article\" \/>\n<meta property=\"og:title\" content=\"B\u00fcrgervision-Songcontest 2019 - Lohschule Datteln\" \/>\n<meta property=\"og:description\" content=\"Wir waren dabei&#8230; Was f\u00fcr ein unglaublicher Nachmittag war das am letzten Mittwoch! Wir haben tats\u00e4chlich mit unserem Schulchor den fantastischen dritten Platz bei dem \u201eB\u00fcrgervision &#8211; Songcontest\u201c der B\u00fcrgerstiftung EmscherLippe-Land belegt und damit 1500 Euro gewonnen!&nbsp; Aber von vorne: Als wir im Herbst letzten Jahres von dem Wettbewerb erfahren haben, indem es darum ging, [&hellip;]\" \/>\n<meta property=\"og:url\" content=\"https:\/\/www.lohschule-datteln.de\/index.php\/buergervision-songcontest\/\" \/>\n<meta property=\"og:site_name\" content=\"Lohschule Datteln\" \/>\n<meta property=\"article:modified_time\" content=\"2019-06-27T21:52:49+00:00\" \/>\n<meta property=\"og:image\" content=\"http:\/\/www.lohschule-datteln.de\/wp-content\/uploads\/2019\/06\/04fef9c2-6da9-41a4-a226-e0bd96b7edd4.jpg\" \/>\n<meta name=\"twitter:card\" content=\"summary_large_image\" \/>\n<meta name=\"twitter:label1\" content=\"Gesch\u00e4tzte Lesezeit\" \/>\n\t<meta name=\"twitter:data1\" content=\"3\u00a0Minuten\" \/>\n<script type=\"application\/ld+json\" class=\"yoast-schema-graph\">{\"@context\":\"https:\\\/\\\/schema.org\",\"@graph\":[{\"@type\":\"WebPage\",\"@id\":\"https:\\\/\\\/www.lohschule-datteln.de\\\/index.php\\\/buergervision-songcontest\\\/\",\"url\":\"https:\\\/\\\/www.lohschule-datteln.de\\\/index.php\\\/buergervision-songcontest\\\/\",\"name\":\"B\u00fcrgervision-Songcontest 2019 - Lohschule Datteln\",\"isPartOf\":{\"@id\":\"https:\\\/\\\/www.lohschule-datteln.de\\\/#website\"},\"primaryImageOfPage\":{\"@id\":\"https:\\\/\\\/www.lohschule-datteln.de\\\/index.php\\\/buergervision-songcontest\\\/#primaryimage\"},\"image\":{\"@id\":\"https:\\\/\\\/www.lohschule-datteln.de\\\/index.php\\\/buergervision-songcontest\\\/#primaryimage\"},\"thumbnailUrl\":\"http:\\\/\\\/www.lohschule-datteln.de\\\/wp-content\\\/uploads\\\/2019\\\/06\\\/04fef9c2-6da9-41a4-a226-e0bd96b7edd4.jpg\",\"datePublished\":\"2019-06-27T17:54:12+00:00\",\"dateModified\":\"2019-06-27T21:52:49+00:00\",\"breadcrumb\":{\"@id\":\"https:\\\/\\\/www.lohschule-datteln.de\\\/index.php\\\/buergervision-songcontest\\\/#breadcrumb\"},\"inLanguage\":\"de\",\"potentialAction\":[{\"@type\":\"ReadAction\",\"target\":[\"https:\\\/\\\/www.lohschule-datteln.de\\\/index.php\\\/buergervision-songcontest\\\/\"]}]},{\"@type\":\"ImageObject\",\"inLanguage\":\"de\",\"@id\":\"https:\\\/\\\/www.lohschule-datteln.de\\\/index.php\\\/buergervision-songcontest\\\/#primaryimage\",\"url\":\"http:\\\/\\\/www.lohschule-datteln.de\\\/wp-content\\\/uploads\\\/2019\\\/06\\\/04fef9c2-6da9-41a4-a226-e0bd96b7edd4.jpg\",\"contentUrl\":\"http:\\\/\\\/www.lohschule-datteln.de\\\/wp-content\\\/uploads\\\/2019\\\/06\\\/04fef9c2-6da9-41a4-a226-e0bd96b7edd4.jpg\"},{\"@type\":\"BreadcrumbList\",\"@id\":\"https:\\\/\\\/www.lohschule-datteln.de\\\/index.php\\\/buergervision-songcontest\\\/#breadcrumb\",\"itemListElement\":[{\"@type\":\"ListItem\",\"position\":1,\"name\":\"Startseite\",\"item\":\"https:\\\/\\\/www.lohschule-datteln.de\\\/\"},{\"@type\":\"ListItem\",\"position\":2,\"name\":\"B\u00fcrgervision-Songcontest 2019\"}]},{\"@type\":\"WebSite\",\"@id\":\"https:\\\/\\\/www.lohschule-datteln.de\\\/#website\",\"url\":\"https:\\\/\\\/www.lohschule-datteln.de\\\/\",\"name\":\"Lohschule Datteln\",\"description\":\"kath. Grundschule\",\"publisher\":{\"@id\":\"https:\\\/\\\/www.lohschule-datteln.de\\\/#organization\"},\"potentialAction\":[{\"@type\":\"SearchAction\",\"target\":{\"@type\":\"EntryPoint\",\"urlTemplate\":\"https:\\\/\\\/www.lohschule-datteln.de\\\/?s={search_term_string}\"},\"query-input\":{\"@type\":\"PropertyValueSpecification\",\"valueRequired\":true,\"valueName\":\"search_term_string\"}}],\"inLanguage\":\"de\"},{\"@type\":\"Organization\",\"@id\":\"https:\\\/\\\/www.lohschule-datteln.de\\\/#organization\",\"name\":\"Lohschule -katholische Grundschule Datteln\",\"url\":\"https:\\\/\\\/www.lohschule-datteln.de\\\/\",\"logo\":{\"@type\":\"ImageObject\",\"inLanguage\":\"de\",\"@id\":\"https:\\\/\\\/www.lohschule-datteln.de\\\/#\\\/schema\\\/logo\\\/image\\\/\",\"url\":\"http:\\\/\\\/www.lohschule-datteln.de\\\/wp-content\\\/uploads\\\/2016\\\/02\\\/Loh-neu-2016.jpg\",\"contentUrl\":\"http:\\\/\\\/www.lohschule-datteln.de\\\/wp-content\\\/uploads\\\/2016\\\/02\\\/Loh-neu-2016.jpg\",\"width\":448,\"height\":252,\"caption\":\"Lohschule -katholische Grundschule Datteln\"},\"image\":{\"@id\":\"https:\\\/\\\/www.lohschule-datteln.de\\\/#\\\/schema\\\/logo\\\/image\\\/\"}}]}<\/script>\n<!-- \/ Yoast SEO plugin. -->","yoast_head_json":{"title":"B\u00fcrgervision-Songcontest 2019 - Lohschule Datteln","robots":{"index":"index","follow":"follow","max-snippet":"max-snippet:-1","max-image-preview":"max-image-preview:large","max-video-preview":"max-video-preview:-1"},"canonical":"https:\/\/www.lohschule-datteln.de\/index.php\/buergervision-songcontest\/","og_locale":"de_DE","og_type":"article","og_title":"B\u00fcrgervision-Songcontest 2019 - Lohschule Datteln","og_description":"Wir waren dabei&#8230; Was f\u00fcr ein unglaublicher Nachmittag war das am letzten Mittwoch! Wir haben tats\u00e4chlich mit unserem Schulchor den fantastischen dritten Platz bei dem \u201eB\u00fcrgervision &#8211; Songcontest\u201c der B\u00fcrgerstiftung EmscherLippe-Land belegt und damit 1500 Euro gewonnen!&nbsp; Aber von vorne: Als wir im Herbst letzten Jahres von dem Wettbewerb erfahren haben, indem es darum ging, [&hellip;]","og_url":"https:\/\/www.lohschule-datteln.de\/index.php\/buergervision-songcontest\/","og_site_name":"Lohschule Datteln","article_modified_time":"2019-06-27T21:52:49+00:00","og_image":[{"url":"http:\/\/www.lohschule-datteln.de\/wp-content\/uploads\/2019\/06\/04fef9c2-6da9-41a4-a226-e0bd96b7edd4.jpg","type":"","width":"","height":""}],"twitter_card":"summary_large_image","twitter_misc":{"Gesch\u00e4tzte Lesezeit":"3\u00a0Minuten"},"schema":{"@context":"https:\/\/schema.org","@graph":[{"@type":"WebPage","@id":"https:\/\/www.lohschule-datteln.de\/index.php\/buergervision-songcontest\/","url":"https:\/\/www.lohschule-datteln.de\/index.php\/buergervision-songcontest\/","name":"B\u00fcrgervision-Songcontest 2019 - Lohschule Datteln","isPartOf":{"@id":"https:\/\/www.lohschule-datteln.de\/#website"},"primaryImageOfPage":{"@id":"https:\/\/www.lohschule-datteln.de\/index.php\/buergervision-songcontest\/#primaryimage"},"image":{"@id":"https:\/\/www.lohschule-datteln.de\/index.php\/buergervision-songcontest\/#primaryimage"},"thumbnailUrl":"http:\/\/www.lohschule-datteln.de\/wp-content\/uploads\/2019\/06\/04fef9c2-6da9-41a4-a226-e0bd96b7edd4.jpg","datePublished":"2019-06-27T17:54:12+00:00","dateModified":"2019-06-27T21:52:49+00:00","breadcrumb":{"@id":"https:\/\/www.lohschule-datteln.de\/index.php\/buergervision-songcontest\/#breadcrumb"},"inLanguage":"de","potentialAction":[{"@type":"ReadAction","target":["https:\/\/www.lohschule-datteln.de\/index.php\/buergervision-songcontest\/"]}]},{"@type":"ImageObject","inLanguage":"de","@id":"https:\/\/www.lohschule-datteln.de\/index.php\/buergervision-songcontest\/#primaryimage","url":"http:\/\/www.lohschule-datteln.de\/wp-content\/uploads\/2019\/06\/04fef9c2-6da9-41a4-a226-e0bd96b7edd4.jpg","contentUrl":"http:\/\/www.lohschule-datteln.de\/wp-content\/uploads\/2019\/06\/04fef9c2-6da9-41a4-a226-e0bd96b7edd4.jpg"},{"@type":"BreadcrumbList","@id":"https:\/\/www.lohschule-datteln.de\/index.php\/buergervision-songcontest\/#breadcrumb","itemListElement":[{"@type":"ListItem","position":1,"name":"Startseite","item":"https:\/\/www.lohschule-datteln.de\/"},{"@type":"ListItem","position":2,"name":"B\u00fcrgervision-Songcontest 2019"}]},{"@type":"WebSite","@id":"https:\/\/www.lohschule-datteln.de\/#website","url":"https:\/\/www.lohschule-datteln.de\/","name":"Lohschule Datteln","description":"kath. Grundschule","publisher":{"@id":"https:\/\/www.lohschule-datteln.de\/#organization"},"potentialAction":[{"@type":"SearchAction","target":{"@type":"EntryPoint","urlTemplate":"https:\/\/www.lohschule-datteln.de\/?s={search_term_string}"},"query-input":{"@type":"PropertyValueSpecification","valueRequired":true,"valueName":"search_term_string"}}],"inLanguage":"de"},{"@type":"Organization","@id":"https:\/\/www.lohschule-datteln.de\/#organization","name":"Lohschule -katholische Grundschule Datteln","url":"https:\/\/www.lohschule-datteln.de\/","logo":{"@type":"ImageObject","inLanguage":"de","@id":"https:\/\/www.lohschule-datteln.de\/#\/schema\/logo\/image\/","url":"http:\/\/www.lohschule-datteln.de\/wp-content\/uploads\/2016\/02\/Loh-neu-2016.jpg","contentUrl":"http:\/\/www.lohschule-datteln.de\/wp-content\/uploads\/2016\/02\/Loh-neu-2016.jpg","width":448,"height":252,"caption":"Lohschule -katholische Grundschule Datteln"},"image":{"@id":"https:\/\/www.lohschule-datteln.de\/#\/schema\/logo\/image\/"}}]}},"_links":{"self":[{"href":"https:\/\/www.lohschule-datteln.de\/index.php\/wp-json\/wp\/v2\/pages\/5938","targetHints":{"allow":["GET"]}}],"collection":[{"href":"https:\/\/www.lohschule-datteln.de\/index.php\/wp-json\/wp\/v2\/pages"}],"about":[{"href":"https:\/\/www.lohschule-datteln.de\/index.php\/wp-json\/wp\/v2\/types\/page"}],"author":[{"embeddable":true,"href":"https:\/\/www.lohschule-datteln.de\/index.php\/wp-json\/wp\/v2\/users\/3"}],"replies":[{"embeddable":true,"href":"https:\/\/www.lohschule-datteln.de\/index.php\/wp-json\/wp\/v2\/comments?post=5938"}],"version-history":[{"count":25,"href":"https:\/\/www.lohschule-datteln.de\/index.php\/wp-json\/wp\/v2\/pages\/5938\/revisions"}],"predecessor-version":[{"id":5977,"href":"https:\/\/www.lohschule-datteln.de\/index.php\/wp-json\/wp\/v2\/pages\/5938\/revisions\/5977"}],"wp:attachment":[{"href":"https:\/\/www.lohschule-datteln.de\/index.php\/wp-json\/wp\/v2\/media?parent=5938"}],"curies":[{"name":"wp","href":"https:\/\/api.w.org\/{rel}","templated":true}]}}